{"id":127106,"date":"2023-04-19T12:39:58","date_gmt":"2023-04-19T09:49:30","guid":{"rendered":"https:\/\/www.inverseteams.com\/?post_type=product&#038;p=127106"},"modified":"2025-05-22T00:01:55","modified_gmt":"2025-05-22T00:01:55","slug":"sweat-shirt-toulouse","status":"publish","type":"product","link":"https:\/\/www.inverseteams.com\/fr\/produit\/sweat-shirt-toulouse\/","title":{"rendered":"Sweat-shirt TOULOUSE"},"content":{"rendered":"<p>Au toucher doux et agr\u00e9able, c&rsquo;est le sweat id\u00e9al pour les journ\u00e9es fra\u00eeches. La technologie ESSENSE\u2122 du tissu permet de le porter aussi bien pour la balade que pour le sport gr\u00e2ce \u00e0 sa bonne respirabilit\u00e9.<br \/>\nLa bordure \u00e9lastique \u00e0 la taille permet au v\u00eatement de s&rsquo;adapter parfaitement au corps et d&rsquo;\u00e9viter l&rsquo;entr\u00e9e d&rsquo;air et la perte de chaleur. Sur la poitrine et la zone lombaire, il poss\u00e8de une poche zipp\u00e9e en tissu r\u00e9sistant \u00e0 l&rsquo;abrasion et anti-peeling.<\/p>\n","protected":false},"excerpt":{"rendered":"<p>Au toucher doux et agr\u00e9able, c&rsquo;est le sweat id\u00e9al pour les journ\u00e9es fra\u00eeches. La technologie ESSENSE\u2122 du tissu permet de le porter aussi bien pour la balade que pour le sport gr\u00e2ce \u00e0 sa bonne respirabilit\u00e9.<br \/>\nLa bordure \u00e9lastique \u00e0 la taille permet au v\u00eatement de s&rsquo;adapter parfaitement au corps et d&rsquo;\u00e9viter l&rsquo;entr\u00e9e d&rsquo;air et la perte de chaleur. Sur la poitrine et la zone lombaire, il poss\u00e8de une poche zipp\u00e9e en tissu r\u00e9sistant \u00e0 l&rsquo;abrasion et anti-peeling.<\/p>\n","protected":false},"featured_media":126961,"comment_status":"closed","ping_status":"closed","template":"","meta":{"_acf_changed":false},"product_brand":[],"product_cat":[9949,9965,7177],"product_tag":[],"custom_category":[],"range":[],"class_list":{"0":"post-127106","1":"product","2":"type-product","3":"status-publish","4":"has-post-thumbnail","6":"product_cat-gravel-fr","7":"product_cat-sweat","8":"product_cat-b2b-fr","9":"pa_climatologia-temperature-chaude","10":"pa_climatologia-froid","11":"pa_deporte-lifestyle-fr","12":"pa_genero-homme","13":"pa_patronaje-casual-fr","14":"pa_talla-3xl-fr-2","15":"pa_talla-l-fr","16":"pa_talla-m-fr","17":"pa_talla-s-fr","18":"pa_talla-xl-fr","19":"pa_talla-xxl-fr","20":"pa_tipo-de-prenda-sweat","22":"first","23":"outofstock","24":"taxable","25":"shipping-taxable","26":"product-type-variable","27":"has-default-attributes"},"acf":[],"yoast_head":"<!-- This site is optimized with the Yoast SEO plugin v27.3 - https:\/\/yoast.com\/product\/yoast-seo-wordpress\/ -->\n<title>Sweat-shirt TOULOUSE | Inverseteams<\/title>\n<meta name=\"description\" content=\"Au toucher doux et agr\u00e9able, c&#039;est le sweat id\u00e9al pour les journ\u00e9es fra\u00eeches. La technologie ESSENSE\u2122 du tissu permet de le porter aussi bien pour la balade que pour le sport gr\u00e2ce \u00e0 sa bonne respirabilit\u00e9. La bordure \u00e9lastique \u00e0 la taille permet au v\u00eatement de s&#039;adapter parfaitement au corps et d&#039;\u00e9viter l&#039;entr\u00e9e d&#039;air et la perte de chaleur. Sur la poitrine et la zone lombaire, il poss\u00e8de une poche zipp\u00e9e en tissu r\u00e9sistant \u00e0 l&#039;abrasion et anti-peeling.\" \/>\n<meta name=\"robots\" content=\"index, follow, max-snippet:-1, max-image-preview:large, max-video-preview:-1\" \/>\n<link rel=\"canonical\" href=\"https:\/\/www.inverseteams.com\/fr\/produit\/sweat-shirt-toulouse\/\" \/>\n<meta property=\"og:locale\" content=\"fr_FR\" \/>\n<meta property=\"og:type\" content=\"article\" \/>\n<meta property=\"og:title\" content=\"Sweat-shirt TOULOUSE | Inverseteams\" \/>\n<meta property=\"og:description\" content=\"Au toucher doux et agr\u00e9able, c&#039;est le sweat id\u00e9al pour les journ\u00e9es fra\u00eeches. La technologie ESSENSE\u2122 du tissu permet de le porter aussi bien pour la balade que pour le sport gr\u00e2ce \u00e0 sa bonne respirabilit\u00e9. La bordure \u00e9lastique \u00e0 la taille permet au v\u00eatement de s&#039;adapter parfaitement au corps et d&#039;\u00e9viter l&#039;entr\u00e9e d&#039;air et la perte de chaleur. Sur la poitrine et la zone lombaire, il poss\u00e8de une poche zipp\u00e9e en tissu r\u00e9sistant \u00e0 l&#039;abrasion et anti-peeling.\" \/>\n<meta property=\"og:url\" content=\"https:\/\/www.inverseteams.com\/fr\/produit\/sweat-shirt-toulouse\/\" \/>\n<meta property=\"og:site_name\" content=\"Inverseteams\" \/>\n<meta property=\"article:publisher\" content=\"https:\/\/www.facebook.com\/inverseteams\" \/>\n<meta property=\"article:modified_time\" content=\"2025-05-22T00:01:55+00:00\" \/>\n<meta property=\"og:image\" content=\"https:\/\/www.inverseteams.com\/wp-content\/uploads\/SUDADERA-TOULOUSE-1.jpg\" \/>\n\t<meta property=\"og:image:width\" content=\"3000\" \/>\n\t<meta property=\"og:image:height\" content=\"3223\" \/>\n\t<meta property=\"og:image:type\" content=\"image\/jpeg\" \/>\n<meta name=\"twitter:card\" content=\"summary_large_image\" \/>\n<script type=\"application\/ld+json\" class=\"yoast-schema-graph\">{\"@context\":\"https:\\\/\\\/schema.org\",\"@graph\":[{\"@type\":\"WebPage\",\"@id\":\"https:\\\/\\\/www.inverseteams.com\\\/fr\\\/produit\\\/sweat-shirt-toulouse\\\/\",\"url\":\"https:\\\/\\\/www.inverseteams.com\\\/fr\\\/produit\\\/sweat-shirt-toulouse\\\/\",\"name\":\"Sweat-shirt TOULOUSE | Inverseteams\",\"isPartOf\":{\"@id\":\"https:\\\/\\\/www.inverseteams.com\\\/fr\\\/#website\"},\"primaryImageOfPage\":{\"@id\":\"https:\\\/\\\/www.inverseteams.com\\\/fr\\\/produit\\\/sweat-shirt-toulouse\\\/#primaryimage\"},\"image\":{\"@id\":\"https:\\\/\\\/www.inverseteams.com\\\/fr\\\/produit\\\/sweat-shirt-toulouse\\\/#primaryimage\"},\"thumbnailUrl\":\"https:\\\/\\\/www.inverseteams.com\\\/wp-content\\\/uploads\\\/SUDADERA-TOULOUSE-1.jpg\",\"datePublished\":\"2023-04-19T09:49:30+00:00\",\"dateModified\":\"2025-05-22T00:01:55+00:00\",\"description\":\"Au toucher doux et agr\u00e9able, c'est le sweat id\u00e9al pour les journ\u00e9es fra\u00eeches. La technologie ESSENSE\u2122 du tissu permet de le porter aussi bien pour la balade que pour le sport gr\u00e2ce \u00e0 sa bonne respirabilit\u00e9. La bordure \u00e9lastique \u00e0 la taille permet au v\u00eatement de s'adapter parfaitement au corps et d'\u00e9viter l'entr\u00e9e d'air et la perte de chaleur. Sur la poitrine et la zone lombaire, il poss\u00e8de une poche zipp\u00e9e en tissu r\u00e9sistant \u00e0 l'abrasion et anti-peeling.\",\"breadcrumb\":{\"@id\":\"https:\\\/\\\/www.inverseteams.com\\\/fr\\\/produit\\\/sweat-shirt-toulouse\\\/#breadcrumb\"},\"inLanguage\":\"fr-FR\",\"potentialAction\":[{\"@type\":\"ReadAction\",\"target\":[\"https:\\\/\\\/www.inverseteams.com\\\/fr\\\/produit\\\/sweat-shirt-toulouse\\\/\"]}]},{\"@type\":\"ImageObject\",\"inLanguage\":\"fr-FR\",\"@id\":\"https:\\\/\\\/www.inverseteams.com\\\/fr\\\/produit\\\/sweat-shirt-toulouse\\\/#primaryimage\",\"url\":\"https:\\\/\\\/www.inverseteams.com\\\/wp-content\\\/uploads\\\/SUDADERA-TOULOUSE-1.jpg\",\"contentUrl\":\"https:\\\/\\\/www.inverseteams.com\\\/wp-content\\\/uploads\\\/SUDADERA-TOULOUSE-1.jpg\",\"width\":3000,\"height\":3223,\"caption\":\"Sweat-shirt TOULOUSE\"},{\"@type\":\"BreadcrumbList\",\"@id\":\"https:\\\/\\\/www.inverseteams.com\\\/fr\\\/produit\\\/sweat-shirt-toulouse\\\/#breadcrumb\",\"itemListElement\":[{\"@type\":\"ListItem\",\"position\":1,\"name\":\"Portada\",\"item\":\"https:\\\/\\\/www.inverseteams.com\\\/fr\\\/pagina-principal\\\/\"},{\"@type\":\"ListItem\",\"position\":2,\"name\":\"Panier\",\"item\":\"https:\\\/\\\/www.inverseteams.com\\\/fr\\\/panier\\\/\"},{\"@type\":\"ListItem\",\"position\":3,\"name\":\"Sweat-shirt TOULOUSE\"}]},{\"@type\":\"WebSite\",\"@id\":\"https:\\\/\\\/www.inverseteams.com\\\/fr\\\/#website\",\"url\":\"https:\\\/\\\/www.inverseteams.com\\\/fr\\\/\",\"name\":\"Inverseteams\",\"description\":\"Tu marca de ropa deportiva personalizada\",\"publisher\":{\"@id\":\"https:\\\/\\\/www.inverseteams.com\\\/fr\\\/#organization\"},\"potentialAction\":[{\"@type\":\"SearchAction\",\"target\":{\"@type\":\"EntryPoint\",\"urlTemplate\":\"https:\\\/\\\/www.inverseteams.com\\\/fr\\\/?s={search_term_string}\"},\"query-input\":{\"@type\":\"PropertyValueSpecification\",\"valueRequired\":true,\"valueName\":\"search_term_string\"}}],\"inLanguage\":\"fr-FR\"},{\"@type\":\"Organization\",\"@id\":\"https:\\\/\\\/www.inverseteams.com\\\/fr\\\/#organization\",\"name\":\"Inverse Teams\",\"url\":\"https:\\\/\\\/www.inverseteams.com\\\/fr\\\/\",\"logo\":{\"@type\":\"ImageObject\",\"inLanguage\":\"fr-FR\",\"@id\":\"https:\\\/\\\/www.inverseteams.com\\\/fr\\\/#\\\/schema\\\/logo\\\/image\\\/\",\"url\":\"http:\\\/\\\/www.inverseteams.com\\\/wp-content\\\/uploads\\\/2021\\\/03\\\/logo-inverse-teams.png\",\"contentUrl\":\"http:\\\/\\\/www.inverseteams.com\\\/wp-content\\\/uploads\\\/2021\\\/03\\\/logo-inverse-teams.png\",\"width\":294,\"height\":99,\"caption\":\"Inverse Teams\"},\"image\":{\"@id\":\"https:\\\/\\\/www.inverseteams.com\\\/fr\\\/#\\\/schema\\\/logo\\\/image\\\/\"},\"sameAs\":[\"https:\\\/\\\/www.facebook.com\\\/inverseteams\",\"http:\\\/\\\/instagram.com\\\/inverseteams\",\"https:\\\/\\\/www.linkedin.com\\\/company\\\/inverse-cirosport-s-l-?trk=job_view_topcard_company_name\",\"http:\\\/\\\/www.pinterest.com\\\/inverseteams\\\/\",\"http:\\\/\\\/www.youtube.com\\\/user\\\/inverseteams?feature=watch\"]}]}<\/script>\n<!-- \/ Yoast SEO plugin. -->","yoast_head_json":{"title":"Sweat-shirt TOULOUSE | Inverseteams","description":"Au toucher doux et agr\u00e9able, c'est le sweat id\u00e9al pour les journ\u00e9es fra\u00eeches. La technologie ESSENSE\u2122 du tissu permet de le porter aussi bien pour la balade que pour le sport gr\u00e2ce \u00e0 sa bonne respirabilit\u00e9. La bordure \u00e9lastique \u00e0 la taille permet au v\u00eatement de s'adapter parfaitement au corps et d'\u00e9viter l'entr\u00e9e d'air et la perte de chaleur. Sur la poitrine et la zone lombaire, il poss\u00e8de une poche zipp\u00e9e en tissu r\u00e9sistant \u00e0 l'abrasion et anti-peeling.","robots":{"index":"index","follow":"follow","max-snippet":"max-snippet:-1","max-image-preview":"max-image-preview:large","max-video-preview":"max-video-preview:-1"},"canonical":"https:\/\/www.inverseteams.com\/fr\/produit\/sweat-shirt-toulouse\/","og_locale":"fr_FR","og_type":"article","og_title":"Sweat-shirt TOULOUSE | Inverseteams","og_description":"Au toucher doux et agr\u00e9able, c'est le sweat id\u00e9al pour les journ\u00e9es fra\u00eeches. La technologie ESSENSE\u2122 du tissu permet de le porter aussi bien pour la balade que pour le sport gr\u00e2ce \u00e0 sa bonne respirabilit\u00e9. La bordure \u00e9lastique \u00e0 la taille permet au v\u00eatement de s'adapter parfaitement au corps et d'\u00e9viter l'entr\u00e9e d'air et la perte de chaleur. Sur la poitrine et la zone lombaire, il poss\u00e8de une poche zipp\u00e9e en tissu r\u00e9sistant \u00e0 l'abrasion et anti-peeling.","og_url":"https:\/\/www.inverseteams.com\/fr\/produit\/sweat-shirt-toulouse\/","og_site_name":"Inverseteams","article_publisher":"https:\/\/www.facebook.com\/inverseteams","article_modified_time":"2025-05-22T00:01:55+00:00","og_image":[{"width":3000,"height":3223,"url":"https:\/\/www.inverseteams.com\/wp-content\/uploads\/SUDADERA-TOULOUSE-1.jpg","type":"image\/jpeg"}],"twitter_card":"summary_large_image","schema":{"@context":"https:\/\/schema.org","@graph":[{"@type":"WebPage","@id":"https:\/\/www.inverseteams.com\/fr\/produit\/sweat-shirt-toulouse\/","url":"https:\/\/www.inverseteams.com\/fr\/produit\/sweat-shirt-toulouse\/","name":"Sweat-shirt TOULOUSE | Inverseteams","isPartOf":{"@id":"https:\/\/www.inverseteams.com\/fr\/#website"},"primaryImageOfPage":{"@id":"https:\/\/www.inverseteams.com\/fr\/produit\/sweat-shirt-toulouse\/#primaryimage"},"image":{"@id":"https:\/\/www.inverseteams.com\/fr\/produit\/sweat-shirt-toulouse\/#primaryimage"},"thumbnailUrl":"https:\/\/www.inverseteams.com\/wp-content\/uploads\/SUDADERA-TOULOUSE-1.jpg","datePublished":"2023-04-19T09:49:30+00:00","dateModified":"2025-05-22T00:01:55+00:00","description":"Au toucher doux et agr\u00e9able, c'est le sweat id\u00e9al pour les journ\u00e9es fra\u00eeches. La technologie ESSENSE\u2122 du tissu permet de le porter aussi bien pour la balade que pour le sport gr\u00e2ce \u00e0 sa bonne respirabilit\u00e9. La bordure \u00e9lastique \u00e0 la taille permet au v\u00eatement de s'adapter parfaitement au corps et d'\u00e9viter l'entr\u00e9e d'air et la perte de chaleur. Sur la poitrine et la zone lombaire, il poss\u00e8de une poche zipp\u00e9e en tissu r\u00e9sistant \u00e0 l'abrasion et anti-peeling.","breadcrumb":{"@id":"https:\/\/www.inverseteams.com\/fr\/produit\/sweat-shirt-toulouse\/#breadcrumb"},"inLanguage":"fr-FR","potentialAction":[{"@type":"ReadAction","target":["https:\/\/www.inverseteams.com\/fr\/produit\/sweat-shirt-toulouse\/"]}]},{"@type":"ImageObject","inLanguage":"fr-FR","@id":"https:\/\/www.inverseteams.com\/fr\/produit\/sweat-shirt-toulouse\/#primaryimage","url":"https:\/\/www.inverseteams.com\/wp-content\/uploads\/SUDADERA-TOULOUSE-1.jpg","contentUrl":"https:\/\/www.inverseteams.com\/wp-content\/uploads\/SUDADERA-TOULOUSE-1.jpg","width":3000,"height":3223,"caption":"Sweat-shirt TOULOUSE"},{"@type":"BreadcrumbList","@id":"https:\/\/www.inverseteams.com\/fr\/produit\/sweat-shirt-toulouse\/#breadcrumb","itemListElement":[{"@type":"ListItem","position":1,"name":"Portada","item":"https:\/\/www.inverseteams.com\/fr\/pagina-principal\/"},{"@type":"ListItem","position":2,"name":"Panier","item":"https:\/\/www.inverseteams.com\/fr\/panier\/"},{"@type":"ListItem","position":3,"name":"Sweat-shirt TOULOUSE"}]},{"@type":"WebSite","@id":"https:\/\/www.inverseteams.com\/fr\/#website","url":"https:\/\/www.inverseteams.com\/fr\/","name":"Inverseteams","description":"Tu marca de ropa deportiva personalizada","publisher":{"@id":"https:\/\/www.inverseteams.com\/fr\/#organization"},"potentialAction":[{"@type":"SearchAction","target":{"@type":"EntryPoint","urlTemplate":"https:\/\/www.inverseteams.com\/fr\/?s={search_term_string}"},"query-input":{"@type":"PropertyValueSpecification","valueRequired":true,"valueName":"search_term_string"}}],"inLanguage":"fr-FR"},{"@type":"Organization","@id":"https:\/\/www.inverseteams.com\/fr\/#organization","name":"Inverse Teams","url":"https:\/\/www.inverseteams.com\/fr\/","logo":{"@type":"ImageObject","inLanguage":"fr-FR","@id":"https:\/\/www.inverseteams.com\/fr\/#\/schema\/logo\/image\/","url":"https:\/\/www.inverseteams.com\/wp-content\/uploads\/2021\/03\/logo-inverse-teams.png","contentUrl":"https:\/\/www.inverseteams.com\/wp-content\/uploads\/2021\/03\/logo-inverse-teams.png","width":294,"height":99,"caption":"Inverse Teams"},"image":{"@id":"https:\/\/www.inverseteams.com\/fr\/#\/schema\/logo\/image\/"},"sameAs":["https:\/\/www.facebook.com\/inverseteams","http:\/\/instagram.com\/inverseteams","https:\/\/www.linkedin.com\/company\/inverse-cirosport-s-l-?trk=job_view_topcard_company_name","http:\/\/www.pinterest.com\/inverseteams\/","http:\/\/www.youtube.com\/user\/inverseteams?feature=watch"]}]}},"_links":{"self":[{"href":"https:\/\/www.inverseteams.com\/fr\/wp-json\/wp\/v2\/product\/127106","targetHints":{"allow":["GET"]}}],"collection":[{"href":"https:\/\/www.inverseteams.com\/fr\/wp-json\/wp\/v2\/product"}],"about":[{"href":"https:\/\/www.inverseteams.com\/fr\/wp-json\/wp\/v2\/types\/product"}],"replies":[{"embeddable":true,"href":"https:\/\/www.inverseteams.com\/fr\/wp-json\/wp\/v2\/comments?post=127106"}],"wp:featuredmedia":[{"embeddable":true,"href":"https:\/\/www.inverseteams.com\/fr\/wp-json\/wp\/v2\/media\/126961"}],"wp:attachment":[{"href":"https:\/\/www.inverseteams.com\/fr\/wp-json\/wp\/v2\/media?parent=127106"}],"wp:term":[{"taxonomy":"product_brand","embeddable":true,"href":"https:\/\/www.inverseteams.com\/fr\/wp-json\/wp\/v2\/product_brand?post=127106"},{"taxonomy":"product_cat","embeddable":true,"href":"https:\/\/www.inverseteams.com\/fr\/wp-json\/wp\/v2\/product_cat?post=127106"},{"taxonomy":"product_tag","embeddable":true,"href":"https:\/\/www.inverseteams.com\/fr\/wp-json\/wp\/v2\/product_tag?post=127106"},{"taxonomy":"custom_category","embeddable":true,"href":"https:\/\/www.inverseteams.com\/fr\/wp-json\/wp\/v2\/custom_category?post=127106"},{"taxonomy":"range","embeddable":true,"href":"https:\/\/www.inverseteams.com\/fr\/wp-json\/wp\/v2\/range?post=127106"}],"curies":[{"name":"wp","href":"https:\/\/api.w.org\/{rel}","templated":true}]}}