{"id":127105,"date":"2023-04-19T12:39:28","date_gmt":"2023-04-19T09:48:30","guid":{"rendered":"https:\/\/www.inverseteams.com\/?post_type=product&#038;p=127105"},"modified":"2025-05-22T00:01:54","modified_gmt":"2025-05-22T00:01:54","slug":"sweat-shirt-a-capuche-denver","status":"publish","type":"product","link":"https:\/\/www.inverseteams.com\/fr\/produit\/sweat-shirt-a-capuche-denver\/","title":{"rendered":"Sweat-shirt \u00e0 capuche DENVER"},"content":{"rendered":"<p>Sa technologie ESSENSE\u2122 garantit une bonne respirabilit\u00e9 et \u00e9vite les mauvaises odeurs. Son tissu a un toucher tr\u00e8s agr\u00e9able et apporte la chaleur n\u00e9cessaire pour vous garder au chaud lors des journ\u00e9es fra\u00eeches.<br \/>\nLe tissu aux poignets et \u00e0 la taille permet au v\u00eatement de s&rsquo;adapter parfaitement au corps et emp\u00eache l&rsquo;entr\u00e9e d&rsquo;air et la perte de chaleur. De plus, il vous permettra de vous prot\u00e9ger du vent et du froid. \u00c0 l\u2019avant, il a 2 poches classiques. En bas du dos, il a 2 poches en tissu r\u00e9sistant et anti-peeling. Une est ouverte et l\u2019autre dispose de fermeture \u00e9clair.<\/p>\n","protected":false},"excerpt":{"rendered":"<p>Sa technologie ESSENSE\u2122 garantit une bonne respirabilit\u00e9 et \u00e9vite les mauvaises odeurs. Son tissu a un toucher tr\u00e8s agr\u00e9able et apporte la chaleur n\u00e9cessaire pour vous garder au chaud lors des journ\u00e9es fra\u00eeches.<br \/>\nLe tissu aux poignets et \u00e0 la taille permet au v\u00eatement de s&rsquo;adapter parfaitement au corps et emp\u00eache l&rsquo;entr\u00e9e d&rsquo;air et la perte de chaleur. De plus, il vous permettra de vous prot\u00e9ger du vent et du froid. \u00c0 l\u2019avant, il a 2 poches classiques. En bas du dos, il a 2 poches en tissu r\u00e9sistant et anti-peeling. Une est ouverte et l\u2019autre dispose de fermeture \u00e9clair.<\/p>\n","protected":false},"featured_media":126925,"comment_status":"closed","ping_status":"closed","template":"","meta":{"_acf_changed":false},"product_brand":[],"product_cat":[9949,9965,7177],"product_tag":[],"custom_category":[],"range":[],"class_list":{"0":"post-127105","1":"product","2":"type-product","3":"status-publish","4":"has-post-thumbnail","6":"product_cat-gravel-fr","7":"product_cat-sweat","8":"product_cat-b2b-fr","9":"pa_climatologia-froid","10":"pa_climatologia-temperature-chaude","11":"pa_deporte-lifestyle-fr","12":"pa_genero-homme","13":"pa_genero-femme","14":"pa_patronaje-casual-fr","15":"pa_talla-m-fr","16":"pa_talla-s-fr","17":"pa_talla-xl-fr","18":"pa_talla-xs-fr","19":"pa_talla-xxl-fr","20":"pa_talla-3xl-fr-2","21":"pa_talla-l-fr","22":"pa_tipo-de-prenda-sweat","24":"first","25":"outofstock","26":"taxable","27":"shipping-taxable","28":"product-type-variable","29":"has-default-attributes"},"acf":[],"yoast_head":"<!-- This site is optimized with the Yoast SEO plugin v27.3 - https:\/\/yoast.com\/product\/yoast-seo-wordpress\/ -->\n<title>Sweat-shirt \u00e0 capuche DENVER | Inverseteams<\/title>\n<meta name=\"description\" content=\"Sa technologie ESSENSE\u2122 garantit une bonne respirabilit\u00e9 et \u00e9vite les mauvaises odeurs. Son tissu a un toucher tr\u00e8s agr\u00e9able et apporte la chaleur n\u00e9cessaire pour vous garder au chaud lors des journ\u00e9es fra\u00eeches. Le tissu aux poignets et \u00e0 la taille permet au v\u00eatement de s&#039;adapter parfaitement au corps et emp\u00eache l&#039;entr\u00e9e d&#039;air et la perte de chaleur. De plus, il vous permettra de vous prot\u00e9ger du vent et du froid. \u00c0 l\u2019avant, il a 2 poches classiques. En bas du dos, il a 2 poches en tissu r\u00e9sistant et anti-peeling. Une est ouverte et l\u2019autre dispose de fermeture \u00e9clair.\" \/>\n<meta name=\"robots\" content=\"index, follow, max-snippet:-1, max-image-preview:large, max-video-preview:-1\" \/>\n<link rel=\"canonical\" href=\"https:\/\/www.inverseteams.com\/fr\/produit\/sweat-shirt-a-capuche-denver\/\" \/>\n<meta property=\"og:locale\" content=\"fr_FR\" \/>\n<meta property=\"og:type\" content=\"article\" \/>\n<meta property=\"og:title\" content=\"Sweat-shirt \u00e0 capuche DENVER | Inverseteams\" \/>\n<meta property=\"og:description\" content=\"Sa technologie ESSENSE\u2122 garantit une bonne respirabilit\u00e9 et \u00e9vite les mauvaises odeurs. Son tissu a un toucher tr\u00e8s agr\u00e9able et apporte la chaleur n\u00e9cessaire pour vous garder au chaud lors des journ\u00e9es fra\u00eeches. Le tissu aux poignets et \u00e0 la taille permet au v\u00eatement de s&#039;adapter parfaitement au corps et emp\u00eache l&#039;entr\u00e9e d&#039;air et la perte de chaleur. De plus, il vous permettra de vous prot\u00e9ger du vent et du froid. \u00c0 l\u2019avant, il a 2 poches classiques. En bas du dos, il a 2 poches en tissu r\u00e9sistant et anti-peeling. Une est ouverte et l\u2019autre dispose de fermeture \u00e9clair.\" \/>\n<meta property=\"og:url\" content=\"https:\/\/www.inverseteams.com\/fr\/produit\/sweat-shirt-a-capuche-denver\/\" \/>\n<meta property=\"og:site_name\" content=\"Inverseteams\" \/>\n<meta property=\"article:publisher\" content=\"https:\/\/www.facebook.com\/inverseteams\" \/>\n<meta property=\"article:modified_time\" content=\"2025-05-22T00:01:54+00:00\" \/>\n<meta property=\"og:image\" content=\"https:\/\/www.inverseteams.com\/wp-content\/uploads\/SUDADERA-CON-CAPUCHA-DENVER-1.jpg\" \/>\n\t<meta property=\"og:image:width\" content=\"3000\" \/>\n\t<meta property=\"og:image:height\" content=\"3223\" \/>\n\t<meta property=\"og:image:type\" content=\"image\/jpeg\" \/>\n<meta name=\"twitter:card\" content=\"summary_large_image\" \/>\n<meta name=\"twitter:label1\" content=\"Dur\u00e9e de lecture estim\u00e9e\" \/>\n\t<meta name=\"twitter:data1\" content=\"1 minute\" \/>\n<script type=\"application\/ld+json\" class=\"yoast-schema-graph\">{\"@context\":\"https:\\\/\\\/schema.org\",\"@graph\":[{\"@type\":\"WebPage\",\"@id\":\"https:\\\/\\\/www.inverseteams.com\\\/fr\\\/produit\\\/sweat-shirt-a-capuche-denver\\\/\",\"url\":\"https:\\\/\\\/www.inverseteams.com\\\/fr\\\/produit\\\/sweat-shirt-a-capuche-denver\\\/\",\"name\":\"Sweat-shirt \u00e0 capuche DENVER | Inverseteams\",\"isPartOf\":{\"@id\":\"https:\\\/\\\/www.inverseteams.com\\\/fr\\\/#website\"},\"primaryImageOfPage\":{\"@id\":\"https:\\\/\\\/www.inverseteams.com\\\/fr\\\/produit\\\/sweat-shirt-a-capuche-denver\\\/#primaryimage\"},\"image\":{\"@id\":\"https:\\\/\\\/www.inverseteams.com\\\/fr\\\/produit\\\/sweat-shirt-a-capuche-denver\\\/#primaryimage\"},\"thumbnailUrl\":\"https:\\\/\\\/www.inverseteams.com\\\/wp-content\\\/uploads\\\/SUDADERA-CON-CAPUCHA-DENVER-1.jpg\",\"datePublished\":\"2023-04-19T09:48:30+00:00\",\"dateModified\":\"2025-05-22T00:01:54+00:00\",\"description\":\"Sa technologie ESSENSE\u2122 garantit une bonne respirabilit\u00e9 et \u00e9vite les mauvaises odeurs. Son tissu a un toucher tr\u00e8s agr\u00e9able et apporte la chaleur n\u00e9cessaire pour vous garder au chaud lors des journ\u00e9es fra\u00eeches. Le tissu aux poignets et \u00e0 la taille permet au v\u00eatement de s'adapter parfaitement au corps et emp\u00eache l'entr\u00e9e d'air et la perte de chaleur. De plus, il vous permettra de vous prot\u00e9ger du vent et du froid. \u00c0 l\u2019avant, il a 2 poches classiques. En bas du dos, il a 2 poches en tissu r\u00e9sistant et anti-peeling. Une est ouverte et l\u2019autre dispose de fermeture \u00e9clair.\",\"breadcrumb\":{\"@id\":\"https:\\\/\\\/www.inverseteams.com\\\/fr\\\/produit\\\/sweat-shirt-a-capuche-denver\\\/#breadcrumb\"},\"inLanguage\":\"fr-FR\",\"potentialAction\":[{\"@type\":\"ReadAction\",\"target\":[\"https:\\\/\\\/www.inverseteams.com\\\/fr\\\/produit\\\/sweat-shirt-a-capuche-denver\\\/\"]}]},{\"@type\":\"ImageObject\",\"inLanguage\":\"fr-FR\",\"@id\":\"https:\\\/\\\/www.inverseteams.com\\\/fr\\\/produit\\\/sweat-shirt-a-capuche-denver\\\/#primaryimage\",\"url\":\"https:\\\/\\\/www.inverseteams.com\\\/wp-content\\\/uploads\\\/SUDADERA-CON-CAPUCHA-DENVER-1.jpg\",\"contentUrl\":\"https:\\\/\\\/www.inverseteams.com\\\/wp-content\\\/uploads\\\/SUDADERA-CON-CAPUCHA-DENVER-1.jpg\",\"width\":3000,\"height\":3223,\"caption\":\"Sweat-shirt \u00e0 capuche DENVER\"},{\"@type\":\"BreadcrumbList\",\"@id\":\"https:\\\/\\\/www.inverseteams.com\\\/fr\\\/produit\\\/sweat-shirt-a-capuche-denver\\\/#breadcrumb\",\"itemListElement\":[{\"@type\":\"ListItem\",\"position\":1,\"name\":\"Portada\",\"item\":\"https:\\\/\\\/www.inverseteams.com\\\/fr\\\/pagina-principal\\\/\"},{\"@type\":\"ListItem\",\"position\":2,\"name\":\"Panier\",\"item\":\"https:\\\/\\\/www.inverseteams.com\\\/fr\\\/panier\\\/\"},{\"@type\":\"ListItem\",\"position\":3,\"name\":\"Sweat-shirt \u00e0 capuche DENVER\"}]},{\"@type\":\"WebSite\",\"@id\":\"https:\\\/\\\/www.inverseteams.com\\\/fr\\\/#website\",\"url\":\"https:\\\/\\\/www.inverseteams.com\\\/fr\\\/\",\"name\":\"Inverseteams\",\"description\":\"Tu marca de ropa deportiva personalizada\",\"publisher\":{\"@id\":\"https:\\\/\\\/www.inverseteams.com\\\/fr\\\/#organization\"},\"potentialAction\":[{\"@type\":\"SearchAction\",\"target\":{\"@type\":\"EntryPoint\",\"urlTemplate\":\"https:\\\/\\\/www.inverseteams.com\\\/fr\\\/?s={search_term_string}\"},\"query-input\":{\"@type\":\"PropertyValueSpecification\",\"valueRequired\":true,\"valueName\":\"search_term_string\"}}],\"inLanguage\":\"fr-FR\"},{\"@type\":\"Organization\",\"@id\":\"https:\\\/\\\/www.inverseteams.com\\\/fr\\\/#organization\",\"name\":\"Inverse Teams\",\"url\":\"https:\\\/\\\/www.inverseteams.com\\\/fr\\\/\",\"logo\":{\"@type\":\"ImageObject\",\"inLanguage\":\"fr-FR\",\"@id\":\"https:\\\/\\\/www.inverseteams.com\\\/fr\\\/#\\\/schema\\\/logo\\\/image\\\/\",\"url\":\"https:\\\/\\\/www.inverseteams.com\\\/wp-content\\\/uploads\\\/2021\\\/03\\\/logo-inverse-teams.png\",\"contentUrl\":\"https:\\\/\\\/www.inverseteams.com\\\/wp-content\\\/uploads\\\/2021\\\/03\\\/logo-inverse-teams.png\",\"width\":294,\"height\":99,\"caption\":\"Inverse Teams\"},\"image\":{\"@id\":\"https:\\\/\\\/www.inverseteams.com\\\/fr\\\/#\\\/schema\\\/logo\\\/image\\\/\"},\"sameAs\":[\"https:\\\/\\\/www.facebook.com\\\/inverseteams\",\"http:\\\/\\\/instagram.com\\\/inverseteams\",\"https:\\\/\\\/www.linkedin.com\\\/company\\\/inverse-cirosport-s-l-?trk=job_view_topcard_company_name\",\"http:\\\/\\\/www.pinterest.com\\\/inverseteams\\\/\",\"http:\\\/\\\/www.youtube.com\\\/user\\\/inverseteams?feature=watch\"]}]}<\/script>\n<!-- \/ Yoast SEO plugin. -->","yoast_head_json":{"title":"Sweat-shirt \u00e0 capuche DENVER | Inverseteams","description":"Sa technologie ESSENSE\u2122 garantit une bonne respirabilit\u00e9 et \u00e9vite les mauvaises odeurs. Son tissu a un toucher tr\u00e8s agr\u00e9able et apporte la chaleur n\u00e9cessaire pour vous garder au chaud lors des journ\u00e9es fra\u00eeches. Le tissu aux poignets et \u00e0 la taille permet au v\u00eatement de s'adapter parfaitement au corps et emp\u00eache l'entr\u00e9e d'air et la perte de chaleur. De plus, il vous permettra de vous prot\u00e9ger du vent et du froid. \u00c0 l\u2019avant, il a 2 poches classiques. En bas du dos, il a 2 poches en tissu r\u00e9sistant et anti-peeling. Une est ouverte et l\u2019autre dispose de fermeture \u00e9clair.","robots":{"index":"index","follow":"follow","max-snippet":"max-snippet:-1","max-image-preview":"max-image-preview:large","max-video-preview":"max-video-preview:-1"},"canonical":"https:\/\/www.inverseteams.com\/fr\/produit\/sweat-shirt-a-capuche-denver\/","og_locale":"fr_FR","og_type":"article","og_title":"Sweat-shirt \u00e0 capuche DENVER | Inverseteams","og_description":"Sa technologie ESSENSE\u2122 garantit une bonne respirabilit\u00e9 et \u00e9vite les mauvaises odeurs. Son tissu a un toucher tr\u00e8s agr\u00e9able et apporte la chaleur n\u00e9cessaire pour vous garder au chaud lors des journ\u00e9es fra\u00eeches. Le tissu aux poignets et \u00e0 la taille permet au v\u00eatement de s'adapter parfaitement au corps et emp\u00eache l'entr\u00e9e d'air et la perte de chaleur. De plus, il vous permettra de vous prot\u00e9ger du vent et du froid. \u00c0 l\u2019avant, il a 2 poches classiques. En bas du dos, il a 2 poches en tissu r\u00e9sistant et anti-peeling. Une est ouverte et l\u2019autre dispose de fermeture \u00e9clair.","og_url":"https:\/\/www.inverseteams.com\/fr\/produit\/sweat-shirt-a-capuche-denver\/","og_site_name":"Inverseteams","article_publisher":"https:\/\/www.facebook.com\/inverseteams","article_modified_time":"2025-05-22T00:01:54+00:00","og_image":[{"width":3000,"height":3223,"url":"https:\/\/www.inverseteams.com\/wp-content\/uploads\/SUDADERA-CON-CAPUCHA-DENVER-1.jpg","type":"image\/jpeg"}],"twitter_card":"summary_large_image","twitter_misc":{"Dur\u00e9e de lecture estim\u00e9e":"1 minute"},"schema":{"@context":"https:\/\/schema.org","@graph":[{"@type":"WebPage","@id":"https:\/\/www.inverseteams.com\/fr\/produit\/sweat-shirt-a-capuche-denver\/","url":"https:\/\/www.inverseteams.com\/fr\/produit\/sweat-shirt-a-capuche-denver\/","name":"Sweat-shirt \u00e0 capuche DENVER | Inverseteams","isPartOf":{"@id":"https:\/\/www.inverseteams.com\/fr\/#website"},"primaryImageOfPage":{"@id":"https:\/\/www.inverseteams.com\/fr\/produit\/sweat-shirt-a-capuche-denver\/#primaryimage"},"image":{"@id":"https:\/\/www.inverseteams.com\/fr\/produit\/sweat-shirt-a-capuche-denver\/#primaryimage"},"thumbnailUrl":"https:\/\/www.inverseteams.com\/wp-content\/uploads\/SUDADERA-CON-CAPUCHA-DENVER-1.jpg","datePublished":"2023-04-19T09:48:30+00:00","dateModified":"2025-05-22T00:01:54+00:00","description":"Sa technologie ESSENSE\u2122 garantit une bonne respirabilit\u00e9 et \u00e9vite les mauvaises odeurs. Son tissu a un toucher tr\u00e8s agr\u00e9able et apporte la chaleur n\u00e9cessaire pour vous garder au chaud lors des journ\u00e9es fra\u00eeches. Le tissu aux poignets et \u00e0 la taille permet au v\u00eatement de s'adapter parfaitement au corps et emp\u00eache l'entr\u00e9e d'air et la perte de chaleur. De plus, il vous permettra de vous prot\u00e9ger du vent et du froid. \u00c0 l\u2019avant, il a 2 poches classiques. En bas du dos, il a 2 poches en tissu r\u00e9sistant et anti-peeling. Une est ouverte et l\u2019autre dispose de fermeture \u00e9clair.","breadcrumb":{"@id":"https:\/\/www.inverseteams.com\/fr\/produit\/sweat-shirt-a-capuche-denver\/#breadcrumb"},"inLanguage":"fr-FR","potentialAction":[{"@type":"ReadAction","target":["https:\/\/www.inverseteams.com\/fr\/produit\/sweat-shirt-a-capuche-denver\/"]}]},{"@type":"ImageObject","inLanguage":"fr-FR","@id":"https:\/\/www.inverseteams.com\/fr\/produit\/sweat-shirt-a-capuche-denver\/#primaryimage","url":"https:\/\/www.inverseteams.com\/wp-content\/uploads\/SUDADERA-CON-CAPUCHA-DENVER-1.jpg","contentUrl":"https:\/\/www.inverseteams.com\/wp-content\/uploads\/SUDADERA-CON-CAPUCHA-DENVER-1.jpg","width":3000,"height":3223,"caption":"Sweat-shirt \u00e0 capuche DENVER"},{"@type":"BreadcrumbList","@id":"https:\/\/www.inverseteams.com\/fr\/produit\/sweat-shirt-a-capuche-denver\/#breadcrumb","itemListElement":[{"@type":"ListItem","position":1,"name":"Portada","item":"https:\/\/www.inverseteams.com\/fr\/pagina-principal\/"},{"@type":"ListItem","position":2,"name":"Panier","item":"https:\/\/www.inverseteams.com\/fr\/panier\/"},{"@type":"ListItem","position":3,"name":"Sweat-shirt \u00e0 capuche DENVER"}]},{"@type":"WebSite","@id":"https:\/\/www.inverseteams.com\/fr\/#website","url":"https:\/\/www.inverseteams.com\/fr\/","name":"Inverseteams","description":"Tu marca de ropa deportiva personalizada","publisher":{"@id":"https:\/\/www.inverseteams.com\/fr\/#organization"},"potentialAction":[{"@type":"SearchAction","target":{"@type":"EntryPoint","urlTemplate":"https:\/\/www.inverseteams.com\/fr\/?s={search_term_string}"},"query-input":{"@type":"PropertyValueSpecification","valueRequired":true,"valueName":"search_term_string"}}],"inLanguage":"fr-FR"},{"@type":"Organization","@id":"https:\/\/www.inverseteams.com\/fr\/#organization","name":"Inverse Teams","url":"https:\/\/www.inverseteams.com\/fr\/","logo":{"@type":"ImageObject","inLanguage":"fr-FR","@id":"https:\/\/www.inverseteams.com\/fr\/#\/schema\/logo\/image\/","url":"https:\/\/www.inverseteams.com\/wp-content\/uploads\/2021\/03\/logo-inverse-teams.png","contentUrl":"https:\/\/www.inverseteams.com\/wp-content\/uploads\/2021\/03\/logo-inverse-teams.png","width":294,"height":99,"caption":"Inverse Teams"},"image":{"@id":"https:\/\/www.inverseteams.com\/fr\/#\/schema\/logo\/image\/"},"sameAs":["https:\/\/www.facebook.com\/inverseteams","http:\/\/instagram.com\/inverseteams","https:\/\/www.linkedin.com\/company\/inverse-cirosport-s-l-?trk=job_view_topcard_company_name","http:\/\/www.pinterest.com\/inverseteams\/","http:\/\/www.youtube.com\/user\/inverseteams?feature=watch"]}]}},"_links":{"self":[{"href":"https:\/\/www.inverseteams.com\/fr\/wp-json\/wp\/v2\/product\/127105","targetHints":{"allow":["GET"]}}],"collection":[{"href":"https:\/\/www.inverseteams.com\/fr\/wp-json\/wp\/v2\/product"}],"about":[{"href":"https:\/\/www.inverseteams.com\/fr\/wp-json\/wp\/v2\/types\/product"}],"replies":[{"embeddable":true,"href":"https:\/\/www.inverseteams.com\/fr\/wp-json\/wp\/v2\/comments?post=127105"}],"wp:featuredmedia":[{"embeddable":true,"href":"https:\/\/www.inverseteams.com\/fr\/wp-json\/wp\/v2\/media\/126925"}],"wp:attachment":[{"href":"https:\/\/www.inverseteams.com\/fr\/wp-json\/wp\/v2\/media?parent=127105"}],"wp:term":[{"taxonomy":"product_brand","embeddable":true,"href":"https:\/\/www.inverseteams.com\/fr\/wp-json\/wp\/v2\/product_brand?post=127105"},{"taxonomy":"product_cat","embeddable":true,"href":"https:\/\/www.inverseteams.com\/fr\/wp-json\/wp\/v2\/product_cat?post=127105"},{"taxonomy":"product_tag","embeddable":true,"href":"https:\/\/www.inverseteams.com\/fr\/wp-json\/wp\/v2\/product_tag?post=127105"},{"taxonomy":"custom_category","embeddable":true,"href":"https:\/\/www.inverseteams.com\/fr\/wp-json\/wp\/v2\/custom_category?post=127105"},{"taxonomy":"range","embeddable":true,"href":"https:\/\/www.inverseteams.com\/fr\/wp-json\/wp\/v2\/range?post=127105"}],"curies":[{"name":"wp","href":"https:\/\/api.w.org\/{rel}","templated":true}]}}