{"id":127104,"date":"2023-04-19T12:38:59","date_gmt":"2023-04-19T09:48:30","guid":{"rendered":"https:\/\/www.inverseteams.com\/?post_type=product&#038;p=127104"},"modified":"2025-05-22T00:01:53","modified_gmt":"2025-05-22T00:01:53","slug":"surchemise-impermeable-detroit","status":"publish","type":"product","link":"https:\/\/www.inverseteams.com\/fr\/produit\/surchemise-impermeable-detroit\/","title":{"rendered":"Surchemise imperm\u00e9able DETROIT"},"content":{"rendered":"<p>Tissus de derni\u00e8re g\u00e9n\u00e9ration et \u00e9l\u00e9gance r\u00e9unis dans cette chemise de sport.<br \/>\nLe tissu membrane est coupe-vent et imperm\u00e9able. Il \u00e9vite la perte de chaleur corporelle et gr\u00e2ce \u00e0 la pi\u00e8ce de ventilation sous l&rsquo;aisselle, il n&rsquo;augmente pas votre transpiration. Dans le bas du dos, il dispose de 3 grandes poches o\u00f9 vous pouvez ranger tout ce dont vous avez besoin. Celles-ci ont un rabat pour emp\u00eacher l&rsquo;eau d&rsquo;entrer. La bordure \u00e9lastique \u00e0 la taille ajuste le v\u00eatement au corps et emp\u00eache l&rsquo;entr\u00e9e d&rsquo;air. Les fermetures boutonn\u00e9es de la poche et des poignets lui donnent la touche originale et \u00e9l\u00e9gante que vous recherchez.<\/p>\n","protected":false},"excerpt":{"rendered":"<p>Tissus de derni\u00e8re g\u00e9n\u00e9ration et \u00e9l\u00e9gance r\u00e9unis dans cette chemise de sport.<br \/>\nLe tissu membrane est coupe-vent et imperm\u00e9able. Il \u00e9vite la perte de chaleur corporelle et gr\u00e2ce \u00e0 la pi\u00e8ce de ventilation sous l&rsquo;aisselle, il n&rsquo;augmente pas votre transpiration. Dans le bas du dos, il dispose de 3 grandes poches o\u00f9 vous pouvez ranger tout ce dont vous avez besoin. Celles-ci ont un rabat pour emp\u00eacher l&rsquo;eau d&rsquo;entrer. La bordure \u00e9lastique \u00e0 la taille ajuste le v\u00eatement au corps et emp\u00eache l&rsquo;entr\u00e9e d&rsquo;air. Les fermetures boutonn\u00e9es de la poche et des poignets lui donnent la touche originale et \u00e9l\u00e9gante que vous recherchez.<\/p>\n","protected":false},"featured_media":126889,"comment_status":"closed","ping_status":"closed","template":"","meta":{"_acf_changed":false},"product_brand":[],"product_cat":[9949,9961,7177],"product_tag":[],"custom_category":[],"range":[],"class_list":{"0":"post-127104","1":"product","2":"type-product","3":"status-publish","4":"has-post-thumbnail","6":"product_cat-gravel-fr","7":"product_cat-surchemise","8":"product_cat-b2b-fr","9":"pa_climatologia-froid","10":"pa_climatologia-pluie","11":"pa_climatologia-temperature-chaude","12":"pa_climatologia-vent-fr","13":"pa_deporte-lifestyle-fr","14":"pa_genero-homme","15":"pa_patronaje-casual-fr","16":"pa_talla-3xl-fr-2","17":"pa_talla-l-fr","18":"pa_talla-m-fr","19":"pa_talla-s-fr","20":"pa_talla-xl-fr","21":"pa_talla-xxl-fr","22":"pa_tipo-de-prenda-surchemise","24":"first","25":"outofstock","26":"taxable","27":"shipping-taxable","28":"product-type-variable","29":"has-default-attributes"},"acf":[],"yoast_head":"<!-- This site is optimized with the Yoast SEO plugin v27.2 - https:\/\/yoast.com\/product\/yoast-seo-wordpress\/ -->\n<title>Surchemise imperm\u00e9able DETROIT | Inverseteams<\/title>\n<meta name=\"description\" content=\"Surchemise id\u00e9ale pour vous prot\u00e9ger du vent, de l&#039;humidit\u00e9 et de la pluie sur le chemin du travail ou lors d&#039;escapades VTT ou GRAVEL.\" \/>\n<meta name=\"robots\" content=\"index, follow, max-snippet:-1, max-image-preview:large, max-video-preview:-1\" \/>\n<link rel=\"canonical\" href=\"https:\/\/www.inverseteams.com\/fr\/produit\/surchemise-impermeable-detroit\/\" \/>\n<meta property=\"og:locale\" content=\"fr_FR\" \/>\n<meta property=\"og:type\" content=\"article\" \/>\n<meta property=\"og:title\" content=\"Surchemise imperm\u00e9able DETROIT | Inverseteams\" \/>\n<meta property=\"og:description\" content=\"Surchemise id\u00e9ale pour vous prot\u00e9ger du vent, de l&#039;humidit\u00e9 et de la pluie sur le chemin du travail ou lors d&#039;escapades VTT ou GRAVEL.\" \/>\n<meta property=\"og:url\" content=\"https:\/\/www.inverseteams.com\/fr\/produit\/surchemise-impermeable-detroit\/\" \/>\n<meta property=\"og:site_name\" content=\"Inverseteams\" \/>\n<meta property=\"article:publisher\" content=\"https:\/\/www.facebook.com\/inverseteams\" \/>\n<meta property=\"article:modified_time\" content=\"2025-05-22T00:01:53+00:00\" \/>\n<meta property=\"og:image\" content=\"https:\/\/www.inverseteams.com\/wp-content\/uploads\/SOBRECAMISA-IMPERMEABLE-DETROIT-1.jpg\" \/>\n\t<meta property=\"og:image:width\" content=\"3000\" \/>\n\t<meta property=\"og:image:height\" content=\"3223\" \/>\n\t<meta property=\"og:image:type\" content=\"image\/jpeg\" \/>\n<meta name=\"twitter:card\" content=\"summary_large_image\" \/>\n<meta name=\"twitter:label1\" content=\"Dur\u00e9e de lecture estim\u00e9e\" \/>\n\t<meta name=\"twitter:data1\" content=\"1 minute\" \/>\n<script type=\"application\/ld+json\" class=\"yoast-schema-graph\">{\"@context\":\"https:\/\/schema.org\",\"@graph\":[{\"@type\":\"WebPage\",\"@id\":\"https:\/\/www.inverseteams.com\/fr\/produit\/surchemise-impermeable-detroit\/\",\"url\":\"https:\/\/www.inverseteams.com\/fr\/produit\/surchemise-impermeable-detroit\/\",\"name\":\"Surchemise imperm\u00e9able DETROIT | Inverseteams\",\"isPartOf\":{\"@id\":\"https:\/\/www.inverseteams.com\/fr\/#website\"},\"primaryImageOfPage\":{\"@id\":\"https:\/\/www.inverseteams.com\/fr\/produit\/surchemise-impermeable-detroit\/#primaryimage\"},\"image\":{\"@id\":\"https:\/\/www.inverseteams.com\/fr\/produit\/surchemise-impermeable-detroit\/#primaryimage\"},\"thumbnailUrl\":\"https:\/\/www.inverseteams.com\/wp-content\/uploads\/SOBRECAMISA-IMPERMEABLE-DETROIT-1.jpg\",\"datePublished\":\"2023-04-19T09:48:30+00:00\",\"dateModified\":\"2025-05-22T00:01:53+00:00\",\"description\":\"Surchemise id\u00e9ale pour vous prot\u00e9ger du vent, de l'humidit\u00e9 et de la pluie sur le chemin du travail ou lors d'escapades VTT ou GRAVEL.\",\"breadcrumb\":{\"@id\":\"https:\/\/www.inverseteams.com\/fr\/produit\/surchemise-impermeable-detroit\/#breadcrumb\"},\"inLanguage\":\"fr-FR\",\"potentialAction\":[{\"@type\":\"ReadAction\",\"target\":[\"https:\/\/www.inverseteams.com\/fr\/produit\/surchemise-impermeable-detroit\/\"]}]},{\"@type\":\"ImageObject\",\"inLanguage\":\"fr-FR\",\"@id\":\"https:\/\/www.inverseteams.com\/fr\/produit\/surchemise-impermeable-detroit\/#primaryimage\",\"url\":\"https:\/\/www.inverseteams.com\/wp-content\/uploads\/SOBRECAMISA-IMPERMEABLE-DETROIT-1.jpg\",\"contentUrl\":\"https:\/\/www.inverseteams.com\/wp-content\/uploads\/SOBRECAMISA-IMPERMEABLE-DETROIT-1.jpg\",\"width\":3000,\"height\":3223,\"caption\":\"Surchemise imperm\u00e9able DETROIT\"},{\"@type\":\"BreadcrumbList\",\"@id\":\"https:\/\/www.inverseteams.com\/fr\/produit\/surchemise-impermeable-detroit\/#breadcrumb\",\"itemListElement\":[{\"@type\":\"ListItem\",\"position\":1,\"name\":\"Portada\",\"item\":\"https:\/\/www.inverseteams.com\/fr\/pagina-principal\/\"},{\"@type\":\"ListItem\",\"position\":2,\"name\":\"Panier\",\"item\":\"https:\/\/www.inverseteams.com\/fr\/panier\/\"},{\"@type\":\"ListItem\",\"position\":3,\"name\":\"Surchemise imperm\u00e9able DETROIT\"}]},{\"@type\":\"WebSite\",\"@id\":\"https:\/\/www.inverseteams.com\/fr\/#website\",\"url\":\"https:\/\/www.inverseteams.com\/fr\/\",\"name\":\"Inverseteams\",\"description\":\"Tu marca de ropa deportiva personalizada\",\"publisher\":{\"@id\":\"https:\/\/www.inverseteams.com\/fr\/#organization\"},\"potentialAction\":[{\"@type\":\"SearchAction\",\"target\":{\"@type\":\"EntryPoint\",\"urlTemplate\":\"https:\/\/www.inverseteams.com\/fr\/?s={search_term_string}\"},\"query-input\":{\"@type\":\"PropertyValueSpecification\",\"valueRequired\":true,\"valueName\":\"search_term_string\"}}],\"inLanguage\":\"fr-FR\"},{\"@type\":\"Organization\",\"@id\":\"https:\/\/www.inverseteams.com\/fr\/#organization\",\"name\":\"Inverse Teams\",\"url\":\"https:\/\/www.inverseteams.com\/fr\/\",\"logo\":{\"@type\":\"ImageObject\",\"inLanguage\":\"fr-FR\",\"@id\":\"https:\/\/www.inverseteams.com\/fr\/#\/schema\/logo\/image\/\",\"url\":\"https:\/\/www.inverseteams.com\/wp-content\/uploads\/2021\/03\/logo-inverse-teams.png\",\"contentUrl\":\"https:\/\/www.inverseteams.com\/wp-content\/uploads\/2021\/03\/logo-inverse-teams.png\",\"width\":294,\"height\":99,\"caption\":\"Inverse Teams\"},\"image\":{\"@id\":\"https:\/\/www.inverseteams.com\/fr\/#\/schema\/logo\/image\/\"},\"sameAs\":[\"https:\/\/www.facebook.com\/inverseteams\",\"http:\/\/instagram.com\/inverseteams\",\"https:\/\/www.linkedin.com\/company\/inverse-cirosport-s-l-?trk=job_view_topcard_company_name\",\"http:\/\/www.pinterest.com\/inverseteams\/\",\"http:\/\/www.youtube.com\/user\/inverseteams?feature=watch\"]}]}<\/script>\n<!-- \/ Yoast SEO plugin. -->","yoast_head_json":{"title":"Surchemise imperm\u00e9able DETROIT | Inverseteams","description":"Surchemise id\u00e9ale pour vous prot\u00e9ger du vent, de l'humidit\u00e9 et de la pluie sur le chemin du travail ou lors d'escapades VTT ou GRAVEL.","robots":{"index":"index","follow":"follow","max-snippet":"max-snippet:-1","max-image-preview":"max-image-preview:large","max-video-preview":"max-video-preview:-1"},"canonical":"https:\/\/www.inverseteams.com\/fr\/produit\/surchemise-impermeable-detroit\/","og_locale":"fr_FR","og_type":"article","og_title":"Surchemise imperm\u00e9able DETROIT | Inverseteams","og_description":"Surchemise id\u00e9ale pour vous prot\u00e9ger du vent, de l'humidit\u00e9 et de la pluie sur le chemin du travail ou lors d'escapades VTT ou GRAVEL.","og_url":"https:\/\/www.inverseteams.com\/fr\/produit\/surchemise-impermeable-detroit\/","og_site_name":"Inverseteams","article_publisher":"https:\/\/www.facebook.com\/inverseteams","article_modified_time":"2025-05-22T00:01:53+00:00","og_image":[{"width":3000,"height":3223,"url":"https:\/\/www.inverseteams.com\/wp-content\/uploads\/SOBRECAMISA-IMPERMEABLE-DETROIT-1.jpg","type":"image\/jpeg"}],"twitter_card":"summary_large_image","twitter_misc":{"Dur\u00e9e de lecture estim\u00e9e":"1 minute"},"schema":{"@context":"https:\/\/schema.org","@graph":[{"@type":"WebPage","@id":"https:\/\/www.inverseteams.com\/fr\/produit\/surchemise-impermeable-detroit\/","url":"https:\/\/www.inverseteams.com\/fr\/produit\/surchemise-impermeable-detroit\/","name":"Surchemise imperm\u00e9able DETROIT | Inverseteams","isPartOf":{"@id":"https:\/\/www.inverseteams.com\/fr\/#website"},"primaryImageOfPage":{"@id":"https:\/\/www.inverseteams.com\/fr\/produit\/surchemise-impermeable-detroit\/#primaryimage"},"image":{"@id":"https:\/\/www.inverseteams.com\/fr\/produit\/surchemise-impermeable-detroit\/#primaryimage"},"thumbnailUrl":"https:\/\/www.inverseteams.com\/wp-content\/uploads\/SOBRECAMISA-IMPERMEABLE-DETROIT-1.jpg","datePublished":"2023-04-19T09:48:30+00:00","dateModified":"2025-05-22T00:01:53+00:00","description":"Surchemise id\u00e9ale pour vous prot\u00e9ger du vent, de l'humidit\u00e9 et de la pluie sur le chemin du travail ou lors d'escapades VTT ou GRAVEL.","breadcrumb":{"@id":"https:\/\/www.inverseteams.com\/fr\/produit\/surchemise-impermeable-detroit\/#breadcrumb"},"inLanguage":"fr-FR","potentialAction":[{"@type":"ReadAction","target":["https:\/\/www.inverseteams.com\/fr\/produit\/surchemise-impermeable-detroit\/"]}]},{"@type":"ImageObject","inLanguage":"fr-FR","@id":"https:\/\/www.inverseteams.com\/fr\/produit\/surchemise-impermeable-detroit\/#primaryimage","url":"https:\/\/www.inverseteams.com\/wp-content\/uploads\/SOBRECAMISA-IMPERMEABLE-DETROIT-1.jpg","contentUrl":"https:\/\/www.inverseteams.com\/wp-content\/uploads\/SOBRECAMISA-IMPERMEABLE-DETROIT-1.jpg","width":3000,"height":3223,"caption":"Surchemise imperm\u00e9able DETROIT"},{"@type":"BreadcrumbList","@id":"https:\/\/www.inverseteams.com\/fr\/produit\/surchemise-impermeable-detroit\/#breadcrumb","itemListElement":[{"@type":"ListItem","position":1,"name":"Portada","item":"https:\/\/www.inverseteams.com\/fr\/pagina-principal\/"},{"@type":"ListItem","position":2,"name":"Panier","item":"https:\/\/www.inverseteams.com\/fr\/panier\/"},{"@type":"ListItem","position":3,"name":"Surchemise imperm\u00e9able DETROIT"}]},{"@type":"WebSite","@id":"https:\/\/www.inverseteams.com\/fr\/#website","url":"https:\/\/www.inverseteams.com\/fr\/","name":"Inverseteams","description":"Tu marca de ropa deportiva personalizada","publisher":{"@id":"https:\/\/www.inverseteams.com\/fr\/#organization"},"potentialAction":[{"@type":"SearchAction","target":{"@type":"EntryPoint","urlTemplate":"https:\/\/www.inverseteams.com\/fr\/?s={search_term_string}"},"query-input":{"@type":"PropertyValueSpecification","valueRequired":true,"valueName":"search_term_string"}}],"inLanguage":"fr-FR"},{"@type":"Organization","@id":"https:\/\/www.inverseteams.com\/fr\/#organization","name":"Inverse Teams","url":"https:\/\/www.inverseteams.com\/fr\/","logo":{"@type":"ImageObject","inLanguage":"fr-FR","@id":"https:\/\/www.inverseteams.com\/fr\/#\/schema\/logo\/image\/","url":"https:\/\/www.inverseteams.com\/wp-content\/uploads\/2021\/03\/logo-inverse-teams.png","contentUrl":"https:\/\/www.inverseteams.com\/wp-content\/uploads\/2021\/03\/logo-inverse-teams.png","width":294,"height":99,"caption":"Inverse Teams"},"image":{"@id":"https:\/\/www.inverseteams.com\/fr\/#\/schema\/logo\/image\/"},"sameAs":["https:\/\/www.facebook.com\/inverseteams","http:\/\/instagram.com\/inverseteams","https:\/\/www.linkedin.com\/company\/inverse-cirosport-s-l-?trk=job_view_topcard_company_name","http:\/\/www.pinterest.com\/inverseteams\/","http:\/\/www.youtube.com\/user\/inverseteams?feature=watch"]}]}},"_links":{"self":[{"href":"https:\/\/www.inverseteams.com\/fr\/wp-json\/wp\/v2\/product\/127104","targetHints":{"allow":["GET"]}}],"collection":[{"href":"https:\/\/www.inverseteams.com\/fr\/wp-json\/wp\/v2\/product"}],"about":[{"href":"https:\/\/www.inverseteams.com\/fr\/wp-json\/wp\/v2\/types\/product"}],"replies":[{"embeddable":true,"href":"https:\/\/www.inverseteams.com\/fr\/wp-json\/wp\/v2\/comments?post=127104"}],"wp:featuredmedia":[{"embeddable":true,"href":"https:\/\/www.inverseteams.com\/fr\/wp-json\/wp\/v2\/media\/126889"}],"wp:attachment":[{"href":"https:\/\/www.inverseteams.com\/fr\/wp-json\/wp\/v2\/media?parent=127104"}],"wp:term":[{"taxonomy":"product_brand","embeddable":true,"href":"https:\/\/www.inverseteams.com\/fr\/wp-json\/wp\/v2\/product_brand?post=127104"},{"taxonomy":"product_cat","embeddable":true,"href":"https:\/\/www.inverseteams.com\/fr\/wp-json\/wp\/v2\/product_cat?post=127104"},{"taxonomy":"product_tag","embeddable":true,"href":"https:\/\/www.inverseteams.com\/fr\/wp-json\/wp\/v2\/product_tag?post=127104"},{"taxonomy":"custom_category","embeddable":true,"href":"https:\/\/www.inverseteams.com\/fr\/wp-json\/wp\/v2\/custom_category?post=127104"},{"taxonomy":"range","embeddable":true,"href":"https:\/\/www.inverseteams.com\/fr\/wp-json\/wp\/v2\/range?post=127104"}],"curies":[{"name":"wp","href":"https:\/\/api.w.org\/{rel}","templated":true}]}}