{"id":127103,"date":"2023-04-19T12:38:34","date_gmt":"2023-04-19T09:48:30","guid":{"rendered":"https:\/\/www.inverseteams.com\/?post_type=product&#038;p=127103"},"modified":"2025-05-22T00:01:53","modified_gmt":"2025-05-22T00:01:53","slug":"chemise-toronto-gris","status":"publish","type":"product","link":"https:\/\/www.inverseteams.com\/fr\/produit\/chemise-toronto-gris\/","title":{"rendered":"Chemise TORONTO GRIS"},"content":{"rendered":"<p>La chemise TORONTO deviendra une pi\u00e8ce incontournable dans votre armoire, aussi bien pour le cyclisme que pour le quotidien. Avec une coupe \u00e9l\u00e9gante et d\u00e9contract\u00e9e et avec la longueur parfaite pour que vous vous sentiez \u00e0 l&rsquo;aise sur le v\u00e9lo.<br \/>\nCette chemise est id\u00e9ale pour vous, car lorsque vous arr\u00eatez de p\u00e9daler, vous vous sentez toujours cycliste. La partie sup\u00e9rieure du dos et des \u00e9paules est fabriqu\u00e9 avec un tissu anti-abrasion et anti-peeling. Le reste du maillot combine 2 tissus \u00e9lastiques et hautement respirants qui s&rsquo;adaptent parfaitement \u00e0 la position du corps lors du p\u00e9dalage. Le tissu des lat\u00e9raux et \u00e0 l&rsquo;int\u00e9rieur des manches a une structure ouverte pour que la peau soit toujours fra\u00eeche et s\u00e8che.<\/p>\n","protected":false},"excerpt":{"rendered":"<p>La chemise TORONTO deviendra une pi\u00e8ce incontournable dans votre armoire, aussi bien pour le cyclisme que pour le quotidien. Avec une coupe \u00e9l\u00e9gante et d\u00e9contract\u00e9e et avec la longueur parfaite pour que vous vous sentiez \u00e0 l&rsquo;aise sur le v\u00e9lo.<br \/>\nCette chemise est id\u00e9ale pour vous, car lorsque vous arr\u00eatez de p\u00e9daler, vous vous sentez toujours cycliste. La partie sup\u00e9rieure du dos et des \u00e9paules est fabriqu\u00e9 avec un tissu anti-abrasion et anti-peeling. Le reste du maillot combine 2 tissus \u00e9lastiques et hautement respirants qui s&rsquo;adaptent parfaitement \u00e0 la position du corps lors du p\u00e9dalage. Le tissu des lat\u00e9raux et \u00e0 l&rsquo;int\u00e9rieur des manches a une structure ouverte pour que la peau soit toujours fra\u00eeche et s\u00e8che.<\/p>\n","protected":false},"featured_media":126557,"comment_status":"closed","ping_status":"closed","template":"","meta":{"_acf_changed":false},"product_brand":[],"product_cat":[9949,9957,7177],"product_tag":[],"custom_category":[],"range":[],"class_list":{"0":"post-127103","1":"product","2":"type-product","3":"status-publish","4":"has-post-thumbnail","6":"product_cat-gravel-fr","7":"product_cat-chemise","8":"product_cat-b2b-fr","9":"pa_climatologia-chaud","10":"pa_deporte-lifestyle-fr","11":"pa_genero-homme","12":"pa_patronaje-casual-fr","13":"pa_talla-3xl-fr-2","14":"pa_talla-l-fr","15":"pa_talla-m-fr","16":"pa_talla-s-fr","17":"pa_talla-xl-fr","18":"pa_talla-xxl-fr","19":"pa_tipo-de-prenda-chemise","21":"first","22":"outofstock","23":"taxable","24":"shipping-taxable","25":"product-type-variable","26":"has-default-attributes"},"acf":[],"yoast_head":"<!-- This site is optimized with the Yoast SEO plugin v27.3 - https:\/\/yoast.com\/product\/yoast-seo-wordpress\/ -->\n<title>Chemise TORONTO GRIS | Inverseteams<\/title>\n<meta name=\"description\" content=\"Parce que vous vous sentez comme un cycliste 24h\/24, nous avons cr\u00e9\u00e9 pour vous cette chemise de sport parfaite. Super l\u00e9ger et respirant.\" \/>\n<meta name=\"robots\" content=\"index, follow, max-snippet:-1, max-image-preview:large, max-video-preview:-1\" \/>\n<link rel=\"canonical\" href=\"https:\/\/www.inverseteams.com\/fr\/produit\/chemise-toronto-gris\/\" \/>\n<meta property=\"og:locale\" content=\"fr_FR\" \/>\n<meta property=\"og:type\" content=\"article\" \/>\n<meta property=\"og:title\" content=\"Chemise TORONTO GRIS | Inverseteams\" \/>\n<meta property=\"og:description\" content=\"Parce que vous vous sentez comme un cycliste 24h\/24, nous avons cr\u00e9\u00e9 pour vous cette chemise de sport parfaite. Super l\u00e9ger et respirant.\" \/>\n<meta property=\"og:url\" content=\"https:\/\/www.inverseteams.com\/fr\/produit\/chemise-toronto-gris\/\" \/>\n<meta property=\"og:site_name\" content=\"Inverseteams\" \/>\n<meta property=\"article:publisher\" content=\"https:\/\/www.facebook.com\/inverseteams\" \/>\n<meta property=\"article:modified_time\" content=\"2025-05-22T00:01:53+00:00\" \/>\n<meta property=\"og:image\" content=\"https:\/\/www.inverseteams.com\/wp-content\/uploads\/CAMISA-DEPORTIVA-TORONTO-GRIS-1.jpg\" \/>\n\t<meta property=\"og:image:width\" content=\"3000\" \/>\n\t<meta property=\"og:image:height\" content=\"3223\" \/>\n\t<meta property=\"og:image:type\" content=\"image\/jpeg\" \/>\n<meta name=\"twitter:card\" content=\"summary_large_image\" \/>\n<meta name=\"twitter:label1\" content=\"Dur\u00e9e de lecture estim\u00e9e\" \/>\n\t<meta name=\"twitter:data1\" content=\"1 minute\" \/>\n<script type=\"application\/ld+json\" class=\"yoast-schema-graph\">{\"@context\":\"https:\\\/\\\/schema.org\",\"@graph\":[{\"@type\":\"WebPage\",\"@id\":\"https:\\\/\\\/www.inverseteams.com\\\/fr\\\/produit\\\/chemise-toronto-gris\\\/\",\"url\":\"https:\\\/\\\/www.inverseteams.com\\\/fr\\\/produit\\\/chemise-toronto-gris\\\/\",\"name\":\"Chemise TORONTO GRIS | Inverseteams\",\"isPartOf\":{\"@id\":\"https:\\\/\\\/www.inverseteams.com\\\/fr\\\/#website\"},\"primaryImageOfPage\":{\"@id\":\"https:\\\/\\\/www.inverseteams.com\\\/fr\\\/produit\\\/chemise-toronto-gris\\\/#primaryimage\"},\"image\":{\"@id\":\"https:\\\/\\\/www.inverseteams.com\\\/fr\\\/produit\\\/chemise-toronto-gris\\\/#primaryimage\"},\"thumbnailUrl\":\"https:\\\/\\\/www.inverseteams.com\\\/wp-content\\\/uploads\\\/CAMISA-DEPORTIVA-TORONTO-GRIS-1.jpg\",\"datePublished\":\"2023-04-19T09:48:30+00:00\",\"dateModified\":\"2025-05-22T00:01:53+00:00\",\"description\":\"Parce que vous vous sentez comme un cycliste 24h\\\/24, nous avons cr\u00e9\u00e9 pour vous cette chemise de sport parfaite. Super l\u00e9ger et respirant.\",\"breadcrumb\":{\"@id\":\"https:\\\/\\\/www.inverseteams.com\\\/fr\\\/produit\\\/chemise-toronto-gris\\\/#breadcrumb\"},\"inLanguage\":\"fr-FR\",\"potentialAction\":[{\"@type\":\"ReadAction\",\"target\":[\"https:\\\/\\\/www.inverseteams.com\\\/fr\\\/produit\\\/chemise-toronto-gris\\\/\"]}]},{\"@type\":\"ImageObject\",\"inLanguage\":\"fr-FR\",\"@id\":\"https:\\\/\\\/www.inverseteams.com\\\/fr\\\/produit\\\/chemise-toronto-gris\\\/#primaryimage\",\"url\":\"https:\\\/\\\/www.inverseteams.com\\\/wp-content\\\/uploads\\\/CAMISA-DEPORTIVA-TORONTO-GRIS-1.jpg\",\"contentUrl\":\"https:\\\/\\\/www.inverseteams.com\\\/wp-content\\\/uploads\\\/CAMISA-DEPORTIVA-TORONTO-GRIS-1.jpg\",\"width\":3000,\"height\":3223,\"caption\":\"Chemise de sport gravel enduro casual TORONTO GRIS\"},{\"@type\":\"BreadcrumbList\",\"@id\":\"https:\\\/\\\/www.inverseteams.com\\\/fr\\\/produit\\\/chemise-toronto-gris\\\/#breadcrumb\",\"itemListElement\":[{\"@type\":\"ListItem\",\"position\":1,\"name\":\"Portada\",\"item\":\"https:\\\/\\\/www.inverseteams.com\\\/fr\\\/pagina-principal\\\/\"},{\"@type\":\"ListItem\",\"position\":2,\"name\":\"Panier\",\"item\":\"https:\\\/\\\/www.inverseteams.com\\\/fr\\\/panier\\\/\"},{\"@type\":\"ListItem\",\"position\":3,\"name\":\"Chemise TORONTO GRIS\"}]},{\"@type\":\"WebSite\",\"@id\":\"https:\\\/\\\/www.inverseteams.com\\\/fr\\\/#website\",\"url\":\"https:\\\/\\\/www.inverseteams.com\\\/fr\\\/\",\"name\":\"Inverseteams\",\"description\":\"Tu marca de ropa deportiva personalizada\",\"publisher\":{\"@id\":\"https:\\\/\\\/www.inverseteams.com\\\/fr\\\/#organization\"},\"potentialAction\":[{\"@type\":\"SearchAction\",\"target\":{\"@type\":\"EntryPoint\",\"urlTemplate\":\"https:\\\/\\\/www.inverseteams.com\\\/fr\\\/?s={search_term_string}\"},\"query-input\":{\"@type\":\"PropertyValueSpecification\",\"valueRequired\":true,\"valueName\":\"search_term_string\"}}],\"inLanguage\":\"fr-FR\"},{\"@type\":\"Organization\",\"@id\":\"https:\\\/\\\/www.inverseteams.com\\\/fr\\\/#organization\",\"name\":\"Inverse Teams\",\"url\":\"https:\\\/\\\/www.inverseteams.com\\\/fr\\\/\",\"logo\":{\"@type\":\"ImageObject\",\"inLanguage\":\"fr-FR\",\"@id\":\"https:\\\/\\\/www.inverseteams.com\\\/fr\\\/#\\\/schema\\\/logo\\\/image\\\/\",\"url\":\"http:\\\/\\\/www.inverseteams.com\\\/wp-content\\\/uploads\\\/2021\\\/03\\\/logo-inverse-teams.png\",\"contentUrl\":\"http:\\\/\\\/www.inverseteams.com\\\/wp-content\\\/uploads\\\/2021\\\/03\\\/logo-inverse-teams.png\",\"width\":294,\"height\":99,\"caption\":\"Inverse Teams\"},\"image\":{\"@id\":\"https:\\\/\\\/www.inverseteams.com\\\/fr\\\/#\\\/schema\\\/logo\\\/image\\\/\"},\"sameAs\":[\"https:\\\/\\\/www.facebook.com\\\/inverseteams\",\"http:\\\/\\\/instagram.com\\\/inverseteams\",\"https:\\\/\\\/www.linkedin.com\\\/company\\\/inverse-cirosport-s-l-?trk=job_view_topcard_company_name\",\"http:\\\/\\\/www.pinterest.com\\\/inverseteams\\\/\",\"http:\\\/\\\/www.youtube.com\\\/user\\\/inverseteams?feature=watch\"]}]}<\/script>\n<!-- \/ Yoast SEO plugin. -->","yoast_head_json":{"title":"Chemise TORONTO GRIS | Inverseteams","description":"Parce que vous vous sentez comme un cycliste 24h\/24, nous avons cr\u00e9\u00e9 pour vous cette chemise de sport parfaite. Super l\u00e9ger et respirant.","robots":{"index":"index","follow":"follow","max-snippet":"max-snippet:-1","max-image-preview":"max-image-preview:large","max-video-preview":"max-video-preview:-1"},"canonical":"https:\/\/www.inverseteams.com\/fr\/produit\/chemise-toronto-gris\/","og_locale":"fr_FR","og_type":"article","og_title":"Chemise TORONTO GRIS | Inverseteams","og_description":"Parce que vous vous sentez comme un cycliste 24h\/24, nous avons cr\u00e9\u00e9 pour vous cette chemise de sport parfaite. Super l\u00e9ger et respirant.","og_url":"https:\/\/www.inverseteams.com\/fr\/produit\/chemise-toronto-gris\/","og_site_name":"Inverseteams","article_publisher":"https:\/\/www.facebook.com\/inverseteams","article_modified_time":"2025-05-22T00:01:53+00:00","og_image":[{"width":3000,"height":3223,"url":"https:\/\/www.inverseteams.com\/wp-content\/uploads\/CAMISA-DEPORTIVA-TORONTO-GRIS-1.jpg","type":"image\/jpeg"}],"twitter_card":"summary_large_image","twitter_misc":{"Dur\u00e9e de lecture estim\u00e9e":"1 minute"},"schema":{"@context":"https:\/\/schema.org","@graph":[{"@type":"WebPage","@id":"https:\/\/www.inverseteams.com\/fr\/produit\/chemise-toronto-gris\/","url":"https:\/\/www.inverseteams.com\/fr\/produit\/chemise-toronto-gris\/","name":"Chemise TORONTO GRIS | Inverseteams","isPartOf":{"@id":"https:\/\/www.inverseteams.com\/fr\/#website"},"primaryImageOfPage":{"@id":"https:\/\/www.inverseteams.com\/fr\/produit\/chemise-toronto-gris\/#primaryimage"},"image":{"@id":"https:\/\/www.inverseteams.com\/fr\/produit\/chemise-toronto-gris\/#primaryimage"},"thumbnailUrl":"https:\/\/www.inverseteams.com\/wp-content\/uploads\/CAMISA-DEPORTIVA-TORONTO-GRIS-1.jpg","datePublished":"2023-04-19T09:48:30+00:00","dateModified":"2025-05-22T00:01:53+00:00","description":"Parce que vous vous sentez comme un cycliste 24h\/24, nous avons cr\u00e9\u00e9 pour vous cette chemise de sport parfaite. Super l\u00e9ger et respirant.","breadcrumb":{"@id":"https:\/\/www.inverseteams.com\/fr\/produit\/chemise-toronto-gris\/#breadcrumb"},"inLanguage":"fr-FR","potentialAction":[{"@type":"ReadAction","target":["https:\/\/www.inverseteams.com\/fr\/produit\/chemise-toronto-gris\/"]}]},{"@type":"ImageObject","inLanguage":"fr-FR","@id":"https:\/\/www.inverseteams.com\/fr\/produit\/chemise-toronto-gris\/#primaryimage","url":"https:\/\/www.inverseteams.com\/wp-content\/uploads\/CAMISA-DEPORTIVA-TORONTO-GRIS-1.jpg","contentUrl":"https:\/\/www.inverseteams.com\/wp-content\/uploads\/CAMISA-DEPORTIVA-TORONTO-GRIS-1.jpg","width":3000,"height":3223,"caption":"Chemise de sport gravel enduro casual TORONTO GRIS"},{"@type":"BreadcrumbList","@id":"https:\/\/www.inverseteams.com\/fr\/produit\/chemise-toronto-gris\/#breadcrumb","itemListElement":[{"@type":"ListItem","position":1,"name":"Portada","item":"https:\/\/www.inverseteams.com\/fr\/pagina-principal\/"},{"@type":"ListItem","position":2,"name":"Panier","item":"https:\/\/www.inverseteams.com\/fr\/panier\/"},{"@type":"ListItem","position":3,"name":"Chemise TORONTO GRIS"}]},{"@type":"WebSite","@id":"https:\/\/www.inverseteams.com\/fr\/#website","url":"https:\/\/www.inverseteams.com\/fr\/","name":"Inverseteams","description":"Tu marca de ropa deportiva personalizada","publisher":{"@id":"https:\/\/www.inverseteams.com\/fr\/#organization"},"potentialAction":[{"@type":"SearchAction","target":{"@type":"EntryPoint","urlTemplate":"https:\/\/www.inverseteams.com\/fr\/?s={search_term_string}"},"query-input":{"@type":"PropertyValueSpecification","valueRequired":true,"valueName":"search_term_string"}}],"inLanguage":"fr-FR"},{"@type":"Organization","@id":"https:\/\/www.inverseteams.com\/fr\/#organization","name":"Inverse Teams","url":"https:\/\/www.inverseteams.com\/fr\/","logo":{"@type":"ImageObject","inLanguage":"fr-FR","@id":"https:\/\/www.inverseteams.com\/fr\/#\/schema\/logo\/image\/","url":"https:\/\/www.inverseteams.com\/wp-content\/uploads\/2021\/03\/logo-inverse-teams.png","contentUrl":"https:\/\/www.inverseteams.com\/wp-content\/uploads\/2021\/03\/logo-inverse-teams.png","width":294,"height":99,"caption":"Inverse Teams"},"image":{"@id":"https:\/\/www.inverseteams.com\/fr\/#\/schema\/logo\/image\/"},"sameAs":["https:\/\/www.facebook.com\/inverseteams","http:\/\/instagram.com\/inverseteams","https:\/\/www.linkedin.com\/company\/inverse-cirosport-s-l-?trk=job_view_topcard_company_name","http:\/\/www.pinterest.com\/inverseteams\/","http:\/\/www.youtube.com\/user\/inverseteams?feature=watch"]}]}},"_links":{"self":[{"href":"https:\/\/www.inverseteams.com\/fr\/wp-json\/wp\/v2\/product\/127103","targetHints":{"allow":["GET"]}}],"collection":[{"href":"https:\/\/www.inverseteams.com\/fr\/wp-json\/wp\/v2\/product"}],"about":[{"href":"https:\/\/www.inverseteams.com\/fr\/wp-json\/wp\/v2\/types\/product"}],"replies":[{"embeddable":true,"href":"https:\/\/www.inverseteams.com\/fr\/wp-json\/wp\/v2\/comments?post=127103"}],"wp:featuredmedia":[{"embeddable":true,"href":"https:\/\/www.inverseteams.com\/fr\/wp-json\/wp\/v2\/media\/126557"}],"wp:attachment":[{"href":"https:\/\/www.inverseteams.com\/fr\/wp-json\/wp\/v2\/media?parent=127103"}],"wp:term":[{"taxonomy":"product_brand","embeddable":true,"href":"https:\/\/www.inverseteams.com\/fr\/wp-json\/wp\/v2\/product_brand?post=127103"},{"taxonomy":"product_cat","embeddable":true,"href":"https:\/\/www.inverseteams.com\/fr\/wp-json\/wp\/v2\/product_cat?post=127103"},{"taxonomy":"product_tag","embeddable":true,"href":"https:\/\/www.inverseteams.com\/fr\/wp-json\/wp\/v2\/product_tag?post=127103"},{"taxonomy":"custom_category","embeddable":true,"href":"https:\/\/www.inverseteams.com\/fr\/wp-json\/wp\/v2\/custom_category?post=127103"},{"taxonomy":"range","embeddable":true,"href":"https:\/\/www.inverseteams.com\/fr\/wp-json\/wp\/v2\/range?post=127103"}],"curies":[{"name":"wp","href":"https:\/\/api.w.org\/{rel}","templated":true}]}}