{"id":114084,"date":"2022-12-30T13:56:27","date_gmt":"2022-12-30T13:59:01","guid":{"rendered":"https:\/\/www.inverseteams.com\/?post_type=product&#038;p=114084"},"modified":"2023-03-31T08:10:34","modified_gmt":"2023-03-31T08:10:34","slug":"t-shirt-manche-longue-oslo-personnalisable","status":"publish","type":"product","link":"https:\/\/www.inverseteams.com\/fr\/produit\/t-shirt-manche-longue-oslo-personnalisable\/","title":{"rendered":"T-shirt manche longue OSLO personnalisable"},"content":{"rendered":"<p>Le T-shirt manches longues personnalisable OSLO est tr\u00e8s confortable, l\u00e9ger et respirant, con\u00e7u avec les meilleurs tissus techniques. Le manchon est fabriqu\u00e9 avec un tissu anti-abrasion et anti-peeling qui l&#8217;emp\u00eache de s&rsquo;accrocher. Le reste du maillot associe 2 tissus \u00e9lastiques et hautement respirants qui s&rsquo;adaptent parfaitement \u00e0 toutes les positions lors du p\u00e9dalage. Le tissu sur les c\u00f4t\u00e9s et \u00e0 l&rsquo;int\u00e9rieur des manches a une structure ouverte qui \u00e9vacue rapidement la transpiration, pour que votre peau soit toujours fra\u00eeche et s\u00e8che.<\/p>\n","protected":false},"excerpt":{"rendered":"<p>Le T-shirt manches longues personnalisable OSLO est tr\u00e8s confortable, l\u00e9ger et respirant, con\u00e7u avec les meilleurs tissus techniques. Le manchon est fabriqu\u00e9 avec un tissu anti-abrasion et anti-peeling qui l&#8217;emp\u00eache de s&rsquo;accrocher. Le reste du maillot associe 2 tissus \u00e9lastiques et hautement respirants qui s&rsquo;adaptent parfaitement \u00e0 toutes les positions lors du p\u00e9dalage. Le tissu sur les c\u00f4t\u00e9s et \u00e0 l&rsquo;int\u00e9rieur des manches a une structure ouverte qui \u00e9vacue rapidement la transpiration, pour que votre peau soit toujours fra\u00eeche et s\u00e8che.<\/p>\n","protected":false},"featured_media":113988,"comment_status":"closed","ping_status":"closed","template":"","meta":{"_acf_changed":false},"product_brand":[],"product_cat":[8305],"product_tag":[],"custom_category":[3349,10869,10861],"range":[9315],"class_list":{"0":"post-114084","1":"product","2":"type-product","3":"status-publish","4":"has-post-thumbnail","6":"product_cat-uncategorized-fr","7":"pa_climatologia-chaud","8":"pa_climatologia-temperature-chaude","9":"pa_genero-femme","10":"pa_genero-homme","11":"pa_patronaje-casual-fr","12":"pa_tipo-de-prenda-t-shirt-fr","13":"custom_category-sport-fr","14":"custom_category-t-shirt-gravel-personnalise","15":"custom_category-vetements-gravel-personnalises","16":"range-regeneration-fr","18":"first","19":"instock","20":"product-type-custom"},"acf":[],"yoast_head":"<!-- This site is optimized with the Yoast SEO plugin v27.3 - https:\/\/yoast.com\/product\/yoast-seo-wordpress\/ -->\n<title>T-shirt manche longue personnalis\u00e9 LIFESTYLE | INVERSE<\/title>\n<meta name=\"description\" content=\"T-shirt manches longues personnalisable. Parfait pour l&#039;enduro et le gravel. Nous cr\u00e9erons pour vous un design exclusif. Demandez un devis!\" \/>\n<meta name=\"robots\" content=\"index, follow, max-snippet:-1, max-image-preview:large, max-video-preview:-1\" \/>\n<link rel=\"canonical\" href=\"https:\/\/www.inverseteams.com\/fr\/produit\/t-shirt-manche-longue-oslo-personnalisable\/\" \/>\n<meta property=\"og:locale\" content=\"fr_FR\" \/>\n<meta property=\"og:type\" content=\"article\" \/>\n<meta property=\"og:title\" content=\"T-shirt manche longue personnalis\u00e9 LIFESTYLE | INVERSE\" \/>\n<meta property=\"og:description\" content=\"T-shirt manches longues personnalisable. Parfait pour l&#039;enduro et le gravel. Nous cr\u00e9erons pour vous un design exclusif. Demandez un devis!\" \/>\n<meta property=\"og:url\" content=\"https:\/\/www.inverseteams.com\/fr\/produit\/t-shirt-manche-longue-oslo-personnalisable\/\" \/>\n<meta property=\"og:site_name\" content=\"Inverseteams\" \/>\n<meta property=\"article:publisher\" content=\"https:\/\/www.facebook.com\/inverseteams\" \/>\n<meta property=\"article:modified_time\" content=\"2023-03-31T08:10:34+00:00\" \/>\n<meta property=\"og:image\" content=\"https:\/\/www.inverseteams.com\/wp-content\/uploads\/CAMISETA-MANGA-LARGA-PERSONALIZABLE-OSLO-1.jpg\" \/>\n\t<meta property=\"og:image:width\" content=\"3222\" \/>\n\t<meta property=\"og:image:height\" content=\"3462\" \/>\n\t<meta property=\"og:image:type\" content=\"image\/jpeg\" \/>\n<meta name=\"twitter:card\" content=\"summary_large_image\" \/>\n<script type=\"application\/ld+json\" class=\"yoast-schema-graph\">{\"@context\":\"https:\\\/\\\/schema.org\",\"@graph\":[{\"@type\":\"WebPage\",\"@id\":\"https:\\\/\\\/www.inverseteams.com\\\/fr\\\/produit\\\/t-shirt-manche-longue-oslo-personnalisable\\\/\",\"url\":\"https:\\\/\\\/www.inverseteams.com\\\/fr\\\/produit\\\/t-shirt-manche-longue-oslo-personnalisable\\\/\",\"name\":\"T-shirt manche longue personnalis\u00e9 LIFESTYLE | INVERSE\",\"isPartOf\":{\"@id\":\"https:\\\/\\\/www.inverseteams.com\\\/fr\\\/#website\"},\"primaryImageOfPage\":{\"@id\":\"https:\\\/\\\/www.inverseteams.com\\\/fr\\\/produit\\\/t-shirt-manche-longue-oslo-personnalisable\\\/#primaryimage\"},\"image\":{\"@id\":\"https:\\\/\\\/www.inverseteams.com\\\/fr\\\/produit\\\/t-shirt-manche-longue-oslo-personnalisable\\\/#primaryimage\"},\"thumbnailUrl\":\"https:\\\/\\\/www.inverseteams.com\\\/wp-content\\\/uploads\\\/CAMISETA-MANGA-LARGA-PERSONALIZABLE-OSLO-1.jpg\",\"datePublished\":\"2022-12-30T13:59:01+00:00\",\"dateModified\":\"2023-03-31T08:10:34+00:00\",\"description\":\"T-shirt manches longues personnalisable. Parfait pour l'enduro et le gravel. Nous cr\u00e9erons pour vous un design exclusif. Demandez un devis!\",\"breadcrumb\":{\"@id\":\"https:\\\/\\\/www.inverseteams.com\\\/fr\\\/produit\\\/t-shirt-manche-longue-oslo-personnalisable\\\/#breadcrumb\"},\"inLanguage\":\"fr-FR\",\"potentialAction\":[{\"@type\":\"ReadAction\",\"target\":[\"https:\\\/\\\/www.inverseteams.com\\\/fr\\\/produit\\\/t-shirt-manche-longue-oslo-personnalisable\\\/\"]}]},{\"@type\":\"ImageObject\",\"inLanguage\":\"fr-FR\",\"@id\":\"https:\\\/\\\/www.inverseteams.com\\\/fr\\\/produit\\\/t-shirt-manche-longue-oslo-personnalisable\\\/#primaryimage\",\"url\":\"https:\\\/\\\/www.inverseteams.com\\\/wp-content\\\/uploads\\\/CAMISETA-MANGA-LARGA-PERSONALIZABLE-OSLO-1.jpg\",\"contentUrl\":\"https:\\\/\\\/www.inverseteams.com\\\/wp-content\\\/uploads\\\/CAMISETA-MANGA-LARGA-PERSONALIZABLE-OSLO-1.jpg\",\"width\":3222,\"height\":3462,\"caption\":\"T-shirt manche longue personnalisable OSLO\"},{\"@type\":\"BreadcrumbList\",\"@id\":\"https:\\\/\\\/www.inverseteams.com\\\/fr\\\/produit\\\/t-shirt-manche-longue-oslo-personnalisable\\\/#breadcrumb\",\"itemListElement\":[{\"@type\":\"ListItem\",\"position\":1,\"name\":\"Portada\",\"item\":\"https:\\\/\\\/www.inverseteams.com\\\/fr\\\/pagina-principal\\\/\"},{\"@type\":\"ListItem\",\"position\":2,\"name\":\"Panier\",\"item\":\"https:\\\/\\\/www.inverseteams.com\\\/fr\\\/panier\\\/\"},{\"@type\":\"ListItem\",\"position\":3,\"name\":\"T-shirt manche longue OSLO personnalisable\"}]},{\"@type\":\"WebSite\",\"@id\":\"https:\\\/\\\/www.inverseteams.com\\\/fr\\\/#website\",\"url\":\"https:\\\/\\\/www.inverseteams.com\\\/fr\\\/\",\"name\":\"Inverseteams\",\"description\":\"Tu marca de ropa deportiva personalizada\",\"publisher\":{\"@id\":\"https:\\\/\\\/www.inverseteams.com\\\/fr\\\/#organization\"},\"potentialAction\":[{\"@type\":\"SearchAction\",\"target\":{\"@type\":\"EntryPoint\",\"urlTemplate\":\"https:\\\/\\\/www.inverseteams.com\\\/fr\\\/?s={search_term_string}\"},\"query-input\":{\"@type\":\"PropertyValueSpecification\",\"valueRequired\":true,\"valueName\":\"search_term_string\"}}],\"inLanguage\":\"fr-FR\"},{\"@type\":\"Organization\",\"@id\":\"https:\\\/\\\/www.inverseteams.com\\\/fr\\\/#organization\",\"name\":\"Inverse Teams\",\"url\":\"https:\\\/\\\/www.inverseteams.com\\\/fr\\\/\",\"logo\":{\"@type\":\"ImageObject\",\"inLanguage\":\"fr-FR\",\"@id\":\"https:\\\/\\\/www.inverseteams.com\\\/fr\\\/#\\\/schema\\\/logo\\\/image\\\/\",\"url\":\"http:\\\/\\\/www.inverseteams.com\\\/wp-content\\\/uploads\\\/2021\\\/03\\\/logo-inverse-teams.png\",\"contentUrl\":\"http:\\\/\\\/www.inverseteams.com\\\/wp-content\\\/uploads\\\/2021\\\/03\\\/logo-inverse-teams.png\",\"width\":294,\"height\":99,\"caption\":\"Inverse Teams\"},\"image\":{\"@id\":\"https:\\\/\\\/www.inverseteams.com\\\/fr\\\/#\\\/schema\\\/logo\\\/image\\\/\"},\"sameAs\":[\"https:\\\/\\\/www.facebook.com\\\/inverseteams\",\"http:\\\/\\\/instagram.com\\\/inverseteams\",\"https:\\\/\\\/www.linkedin.com\\\/company\\\/inverse-cirosport-s-l-?trk=job_view_topcard_company_name\",\"http:\\\/\\\/www.pinterest.com\\\/inverseteams\\\/\",\"http:\\\/\\\/www.youtube.com\\\/user\\\/inverseteams?feature=watch\"]}]}<\/script>\n<!-- \/ Yoast SEO plugin. -->","yoast_head_json":{"title":"T-shirt manche longue personnalis\u00e9 LIFESTYLE | INVERSE","description":"T-shirt manches longues personnalisable. Parfait pour l'enduro et le gravel. Nous cr\u00e9erons pour vous un design exclusif. Demandez un devis!","robots":{"index":"index","follow":"follow","max-snippet":"max-snippet:-1","max-image-preview":"max-image-preview:large","max-video-preview":"max-video-preview:-1"},"canonical":"https:\/\/www.inverseteams.com\/fr\/produit\/t-shirt-manche-longue-oslo-personnalisable\/","og_locale":"fr_FR","og_type":"article","og_title":"T-shirt manche longue personnalis\u00e9 LIFESTYLE | INVERSE","og_description":"T-shirt manches longues personnalisable. Parfait pour l'enduro et le gravel. Nous cr\u00e9erons pour vous un design exclusif. Demandez un devis!","og_url":"https:\/\/www.inverseteams.com\/fr\/produit\/t-shirt-manche-longue-oslo-personnalisable\/","og_site_name":"Inverseteams","article_publisher":"https:\/\/www.facebook.com\/inverseteams","article_modified_time":"2023-03-31T08:10:34+00:00","og_image":[{"width":3222,"height":3462,"url":"https:\/\/www.inverseteams.com\/wp-content\/uploads\/CAMISETA-MANGA-LARGA-PERSONALIZABLE-OSLO-1.jpg","type":"image\/jpeg"}],"twitter_card":"summary_large_image","schema":{"@context":"https:\/\/schema.org","@graph":[{"@type":"WebPage","@id":"https:\/\/www.inverseteams.com\/fr\/produit\/t-shirt-manche-longue-oslo-personnalisable\/","url":"https:\/\/www.inverseteams.com\/fr\/produit\/t-shirt-manche-longue-oslo-personnalisable\/","name":"T-shirt manche longue personnalis\u00e9 LIFESTYLE | INVERSE","isPartOf":{"@id":"https:\/\/www.inverseteams.com\/fr\/#website"},"primaryImageOfPage":{"@id":"https:\/\/www.inverseteams.com\/fr\/produit\/t-shirt-manche-longue-oslo-personnalisable\/#primaryimage"},"image":{"@id":"https:\/\/www.inverseteams.com\/fr\/produit\/t-shirt-manche-longue-oslo-personnalisable\/#primaryimage"},"thumbnailUrl":"https:\/\/www.inverseteams.com\/wp-content\/uploads\/CAMISETA-MANGA-LARGA-PERSONALIZABLE-OSLO-1.jpg","datePublished":"2022-12-30T13:59:01+00:00","dateModified":"2023-03-31T08:10:34+00:00","description":"T-shirt manches longues personnalisable. Parfait pour l'enduro et le gravel. Nous cr\u00e9erons pour vous un design exclusif. Demandez un devis!","breadcrumb":{"@id":"https:\/\/www.inverseteams.com\/fr\/produit\/t-shirt-manche-longue-oslo-personnalisable\/#breadcrumb"},"inLanguage":"fr-FR","potentialAction":[{"@type":"ReadAction","target":["https:\/\/www.inverseteams.com\/fr\/produit\/t-shirt-manche-longue-oslo-personnalisable\/"]}]},{"@type":"ImageObject","inLanguage":"fr-FR","@id":"https:\/\/www.inverseteams.com\/fr\/produit\/t-shirt-manche-longue-oslo-personnalisable\/#primaryimage","url":"https:\/\/www.inverseteams.com\/wp-content\/uploads\/CAMISETA-MANGA-LARGA-PERSONALIZABLE-OSLO-1.jpg","contentUrl":"https:\/\/www.inverseteams.com\/wp-content\/uploads\/CAMISETA-MANGA-LARGA-PERSONALIZABLE-OSLO-1.jpg","width":3222,"height":3462,"caption":"T-shirt manche longue personnalisable OSLO"},{"@type":"BreadcrumbList","@id":"https:\/\/www.inverseteams.com\/fr\/produit\/t-shirt-manche-longue-oslo-personnalisable\/#breadcrumb","itemListElement":[{"@type":"ListItem","position":1,"name":"Portada","item":"https:\/\/www.inverseteams.com\/fr\/pagina-principal\/"},{"@type":"ListItem","position":2,"name":"Panier","item":"https:\/\/www.inverseteams.com\/fr\/panier\/"},{"@type":"ListItem","position":3,"name":"T-shirt manche longue OSLO personnalisable"}]},{"@type":"WebSite","@id":"https:\/\/www.inverseteams.com\/fr\/#website","url":"https:\/\/www.inverseteams.com\/fr\/","name":"Inverseteams","description":"Tu marca de ropa deportiva personalizada","publisher":{"@id":"https:\/\/www.inverseteams.com\/fr\/#organization"},"potentialAction":[{"@type":"SearchAction","target":{"@type":"EntryPoint","urlTemplate":"https:\/\/www.inverseteams.com\/fr\/?s={search_term_string}"},"query-input":{"@type":"PropertyValueSpecification","valueRequired":true,"valueName":"search_term_string"}}],"inLanguage":"fr-FR"},{"@type":"Organization","@id":"https:\/\/www.inverseteams.com\/fr\/#organization","name":"Inverse Teams","url":"https:\/\/www.inverseteams.com\/fr\/","logo":{"@type":"ImageObject","inLanguage":"fr-FR","@id":"https:\/\/www.inverseteams.com\/fr\/#\/schema\/logo\/image\/","url":"https:\/\/www.inverseteams.com\/wp-content\/uploads\/2021\/03\/logo-inverse-teams.png","contentUrl":"https:\/\/www.inverseteams.com\/wp-content\/uploads\/2021\/03\/logo-inverse-teams.png","width":294,"height":99,"caption":"Inverse Teams"},"image":{"@id":"https:\/\/www.inverseteams.com\/fr\/#\/schema\/logo\/image\/"},"sameAs":["https:\/\/www.facebook.com\/inverseteams","http:\/\/instagram.com\/inverseteams","https:\/\/www.linkedin.com\/company\/inverse-cirosport-s-l-?trk=job_view_topcard_company_name","http:\/\/www.pinterest.com\/inverseteams\/","http:\/\/www.youtube.com\/user\/inverseteams?feature=watch"]}]}},"_links":{"self":[{"href":"https:\/\/www.inverseteams.com\/fr\/wp-json\/wp\/v2\/product\/114084","targetHints":{"allow":["GET"]}}],"collection":[{"href":"https:\/\/www.inverseteams.com\/fr\/wp-json\/wp\/v2\/product"}],"about":[{"href":"https:\/\/www.inverseteams.com\/fr\/wp-json\/wp\/v2\/types\/product"}],"replies":[{"embeddable":true,"href":"https:\/\/www.inverseteams.com\/fr\/wp-json\/wp\/v2\/comments?post=114084"}],"wp:featuredmedia":[{"embeddable":true,"href":"https:\/\/www.inverseteams.com\/fr\/wp-json\/wp\/v2\/media\/113988"}],"wp:attachment":[{"href":"https:\/\/www.inverseteams.com\/fr\/wp-json\/wp\/v2\/media?parent=114084"}],"wp:term":[{"taxonomy":"product_brand","embeddable":true,"href":"https:\/\/www.inverseteams.com\/fr\/wp-json\/wp\/v2\/product_brand?post=114084"},{"taxonomy":"product_cat","embeddable":true,"href":"https:\/\/www.inverseteams.com\/fr\/wp-json\/wp\/v2\/product_cat?post=114084"},{"taxonomy":"product_tag","embeddable":true,"href":"https:\/\/www.inverseteams.com\/fr\/wp-json\/wp\/v2\/product_tag?post=114084"},{"taxonomy":"custom_category","embeddable":true,"href":"https:\/\/www.inverseteams.com\/fr\/wp-json\/wp\/v2\/custom_category?post=114084"},{"taxonomy":"range","embeddable":true,"href":"https:\/\/www.inverseteams.com\/fr\/wp-json\/wp\/v2\/range?post=114084"}],"curies":[{"name":"wp","href":"https:\/\/api.w.org\/{rel}","templated":true}]}}