{"id":114083,"date":"2022-12-30T13:56:27","date_gmt":"2022-12-30T13:59:01","guid":{"rendered":"https:\/\/www.inverseteams.com\/?post_type=product&#038;p=114083"},"modified":"2023-03-31T08:10:20","modified_gmt":"2023-03-31T08:10:20","slug":"t-shirt-manche-courte-berlin-personnalisable","status":"publish","type":"product","link":"https:\/\/www.inverseteams.com\/fr\/produit\/t-shirt-manche-courte-berlin-personnalisable\/","title":{"rendered":"T-shirt manche courte BERLIN personnalisable"},"content":{"rendered":"<p>La T-shirt personnalisable BERLIN est tr\u00e8s confortable, l\u00e9g\u00e8re et respirante, con\u00e7ue avec les meilleurs tissus techniques. Avec un patronage \u00e9l\u00e9gant et ample et avec la longueur parfaite pour que vous vous sentiez tr\u00e8s \u00e0 l&rsquo;aise sur le v\u00e9lo. C&rsquo;est une T-shirt tr\u00e8s polyvalente, parfaite pour profiter de l&rsquo;enduro, de la descente, du gravel ou des promenades d\u00e9tendues dans votre ville.<br \/>\nLa partie sup\u00e9rieure de la manche et les poches sont r\u00e9alis\u00e9es avec un tissu anti-abrasion et anti-peeling. Le reste du maillot associe 2 tissus \u00e9lastiques et hautement respirants qui s&rsquo;adaptent tr\u00e8s bien \u00e0 toutes les positions. Le tissu sur les c\u00f4t\u00e9s et \u00e0 l&rsquo;int\u00e9rieur des manches a une structure ouverte pour que votre peau soit toujours fra\u00eeche et s\u00e8che.<\/p>\n","protected":false},"excerpt":{"rendered":"<p>La T-shirt personnalisable BERLIN est tr\u00e8s confortable, l\u00e9g\u00e8re et respirante, con\u00e7ue avec les meilleurs tissus techniques. Avec un patronage \u00e9l\u00e9gant et ample et avec la longueur parfaite pour que vous vous sentiez tr\u00e8s \u00e0 l&rsquo;aise sur le v\u00e9lo. C&rsquo;est une T-shirt tr\u00e8s polyvalente, parfaite pour profiter de l&rsquo;enduro, de la descente, du gravel ou des promenades d\u00e9tendues dans votre ville.<br \/>\nLa partie sup\u00e9rieure de la manche et les poches sont r\u00e9alis\u00e9es avec un tissu anti-abrasion et anti-peeling. Le reste du maillot associe 2 tissus \u00e9lastiques et hautement respirants qui s&rsquo;adaptent tr\u00e8s bien \u00e0 toutes les positions. Le tissu sur les c\u00f4t\u00e9s et \u00e0 l&rsquo;int\u00e9rieur des manches a une structure ouverte pour que votre peau soit toujours fra\u00eeche et s\u00e8che.<\/p>\n","protected":false},"featured_media":114032,"comment_status":"closed","ping_status":"closed","template":"","meta":{"_acf_changed":false},"product_brand":[],"product_cat":[8305],"product_tag":[],"custom_category":[3349,10869,10861],"range":[9315],"class_list":{"0":"post-114083","1":"product","2":"type-product","3":"status-publish","4":"has-post-thumbnail","6":"product_cat-uncategorized-fr","7":"pa_climatologia-chaud","8":"pa_genero-homme","9":"pa_genero-femme","10":"pa_patronaje-casual-fr","11":"pa_tipo-de-prenda-t-shirt-fr","12":"custom_category-sport-fr","13":"custom_category-t-shirt-bikepacking-personnalise","14":"custom_category-vetements-bikepacking-personnalises","15":"range-regeneration-fr","17":"first","18":"instock","19":"product-type-custom"},"acf":[],"yoast_head":"<!-- This site is optimized with the Yoast SEO plugin v27.3 - https:\/\/yoast.com\/product\/yoast-seo-wordpress\/ -->\n<title>T-shirt manche courte personnalis\u00e9 LIFESTYLE | INVERSE<\/title>\n<meta name=\"description\" content=\"T-shirt manches courtes personnalisable. Parfait pour l&#039;enduro et le gravel. Notre \u00e9quipe cr\u00e9era pour vous un design exclusif.\" \/>\n<meta name=\"robots\" content=\"index, follow, max-snippet:-1, max-image-preview:large, max-video-preview:-1\" \/>\n<link rel=\"canonical\" href=\"https:\/\/www.inverseteams.com\/fr\/produit\/t-shirt-manche-courte-berlin-personnalisable\/\" \/>\n<meta property=\"og:locale\" content=\"fr_FR\" \/>\n<meta property=\"og:type\" content=\"article\" \/>\n<meta property=\"og:title\" content=\"T-shirt manche courte personnalis\u00e9 LIFESTYLE | INVERSE\" \/>\n<meta property=\"og:description\" content=\"T-shirt manches courtes personnalisable. Parfait pour l&#039;enduro et le gravel. Notre \u00e9quipe cr\u00e9era pour vous un design exclusif.\" \/>\n<meta property=\"og:url\" content=\"https:\/\/www.inverseteams.com\/fr\/produit\/t-shirt-manche-courte-berlin-personnalisable\/\" \/>\n<meta property=\"og:site_name\" content=\"Inverseteams\" \/>\n<meta property=\"article:publisher\" content=\"https:\/\/www.facebook.com\/inverseteams\" \/>\n<meta property=\"article:modified_time\" content=\"2023-03-31T08:10:20+00:00\" \/>\n<meta property=\"og:image\" content=\"https:\/\/www.inverseteams.com\/wp-content\/uploads\/CAMISETA-MANGA-CORTA-PERSONALIZABLE-BERLIN-1.jpg\" \/>\n\t<meta property=\"og:image:width\" content=\"3222\" \/>\n\t<meta property=\"og:image:height\" content=\"3462\" \/>\n\t<meta property=\"og:image:type\" content=\"image\/jpeg\" \/>\n<meta name=\"twitter:card\" content=\"summary_large_image\" \/>\n<meta name=\"twitter:label1\" content=\"Dur\u00e9e de lecture estim\u00e9e\" \/>\n\t<meta name=\"twitter:data1\" content=\"1 minute\" \/>\n<script type=\"application\/ld+json\" class=\"yoast-schema-graph\">{\"@context\":\"https:\\\/\\\/schema.org\",\"@graph\":[{\"@type\":\"WebPage\",\"@id\":\"https:\\\/\\\/www.inverseteams.com\\\/fr\\\/produit\\\/t-shirt-manche-courte-berlin-personnalisable\\\/\",\"url\":\"https:\\\/\\\/www.inverseteams.com\\\/fr\\\/produit\\\/t-shirt-manche-courte-berlin-personnalisable\\\/\",\"name\":\"T-shirt manche courte personnalis\u00e9 LIFESTYLE | INVERSE\",\"isPartOf\":{\"@id\":\"https:\\\/\\\/www.inverseteams.com\\\/fr\\\/#website\"},\"primaryImageOfPage\":{\"@id\":\"https:\\\/\\\/www.inverseteams.com\\\/fr\\\/produit\\\/t-shirt-manche-courte-berlin-personnalisable\\\/#primaryimage\"},\"image\":{\"@id\":\"https:\\\/\\\/www.inverseteams.com\\\/fr\\\/produit\\\/t-shirt-manche-courte-berlin-personnalisable\\\/#primaryimage\"},\"thumbnailUrl\":\"https:\\\/\\\/www.inverseteams.com\\\/wp-content\\\/uploads\\\/CAMISETA-MANGA-CORTA-PERSONALIZABLE-BERLIN-1.jpg\",\"datePublished\":\"2022-12-30T13:59:01+00:00\",\"dateModified\":\"2023-03-31T08:10:20+00:00\",\"description\":\"T-shirt manches courtes personnalisable. Parfait pour l'enduro et le gravel. Notre \u00e9quipe cr\u00e9era pour vous un design exclusif.\",\"breadcrumb\":{\"@id\":\"https:\\\/\\\/www.inverseteams.com\\\/fr\\\/produit\\\/t-shirt-manche-courte-berlin-personnalisable\\\/#breadcrumb\"},\"inLanguage\":\"fr-FR\",\"potentialAction\":[{\"@type\":\"ReadAction\",\"target\":[\"https:\\\/\\\/www.inverseteams.com\\\/fr\\\/produit\\\/t-shirt-manche-courte-berlin-personnalisable\\\/\"]}]},{\"@type\":\"ImageObject\",\"inLanguage\":\"fr-FR\",\"@id\":\"https:\\\/\\\/www.inverseteams.com\\\/fr\\\/produit\\\/t-shirt-manche-courte-berlin-personnalisable\\\/#primaryimage\",\"url\":\"https:\\\/\\\/www.inverseteams.com\\\/wp-content\\\/uploads\\\/CAMISETA-MANGA-CORTA-PERSONALIZABLE-BERLIN-1.jpg\",\"contentUrl\":\"https:\\\/\\\/www.inverseteams.com\\\/wp-content\\\/uploads\\\/CAMISETA-MANGA-CORTA-PERSONALIZABLE-BERLIN-1.jpg\",\"width\":3222,\"height\":3462,\"caption\":\"T-shirt manche courte personnalisable BERLIN\"},{\"@type\":\"BreadcrumbList\",\"@id\":\"https:\\\/\\\/www.inverseteams.com\\\/fr\\\/produit\\\/t-shirt-manche-courte-berlin-personnalisable\\\/#breadcrumb\",\"itemListElement\":[{\"@type\":\"ListItem\",\"position\":1,\"name\":\"Portada\",\"item\":\"https:\\\/\\\/www.inverseteams.com\\\/fr\\\/pagina-principal\\\/\"},{\"@type\":\"ListItem\",\"position\":2,\"name\":\"Panier\",\"item\":\"https:\\\/\\\/www.inverseteams.com\\\/fr\\\/panier\\\/\"},{\"@type\":\"ListItem\",\"position\":3,\"name\":\"T-shirt manche courte BERLIN personnalisable\"}]},{\"@type\":\"WebSite\",\"@id\":\"https:\\\/\\\/www.inverseteams.com\\\/fr\\\/#website\",\"url\":\"https:\\\/\\\/www.inverseteams.com\\\/fr\\\/\",\"name\":\"Inverseteams\",\"description\":\"Tu marca de ropa deportiva personalizada\",\"publisher\":{\"@id\":\"https:\\\/\\\/www.inverseteams.com\\\/fr\\\/#organization\"},\"potentialAction\":[{\"@type\":\"SearchAction\",\"target\":{\"@type\":\"EntryPoint\",\"urlTemplate\":\"https:\\\/\\\/www.inverseteams.com\\\/fr\\\/?s={search_term_string}\"},\"query-input\":{\"@type\":\"PropertyValueSpecification\",\"valueRequired\":true,\"valueName\":\"search_term_string\"}}],\"inLanguage\":\"fr-FR\"},{\"@type\":\"Organization\",\"@id\":\"https:\\\/\\\/www.inverseteams.com\\\/fr\\\/#organization\",\"name\":\"Inverse Teams\",\"url\":\"https:\\\/\\\/www.inverseteams.com\\\/fr\\\/\",\"logo\":{\"@type\":\"ImageObject\",\"inLanguage\":\"fr-FR\",\"@id\":\"https:\\\/\\\/www.inverseteams.com\\\/fr\\\/#\\\/schema\\\/logo\\\/image\\\/\",\"url\":\"https:\\\/\\\/www.inverseteams.com\\\/wp-content\\\/uploads\\\/2021\\\/03\\\/logo-inverse-teams.png\",\"contentUrl\":\"https:\\\/\\\/www.inverseteams.com\\\/wp-content\\\/uploads\\\/2021\\\/03\\\/logo-inverse-teams.png\",\"width\":294,\"height\":99,\"caption\":\"Inverse Teams\"},\"image\":{\"@id\":\"https:\\\/\\\/www.inverseteams.com\\\/fr\\\/#\\\/schema\\\/logo\\\/image\\\/\"},\"sameAs\":[\"https:\\\/\\\/www.facebook.com\\\/inverseteams\",\"http:\\\/\\\/instagram.com\\\/inverseteams\",\"https:\\\/\\\/www.linkedin.com\\\/company\\\/inverse-cirosport-s-l-?trk=job_view_topcard_company_name\",\"http:\\\/\\\/www.pinterest.com\\\/inverseteams\\\/\",\"http:\\\/\\\/www.youtube.com\\\/user\\\/inverseteams?feature=watch\"]}]}<\/script>\n<!-- \/ Yoast SEO plugin. -->","yoast_head_json":{"title":"T-shirt manche courte personnalis\u00e9 LIFESTYLE | INVERSE","description":"T-shirt manches courtes personnalisable. Parfait pour l'enduro et le gravel. Notre \u00e9quipe cr\u00e9era pour vous un design exclusif.","robots":{"index":"index","follow":"follow","max-snippet":"max-snippet:-1","max-image-preview":"max-image-preview:large","max-video-preview":"max-video-preview:-1"},"canonical":"https:\/\/www.inverseteams.com\/fr\/produit\/t-shirt-manche-courte-berlin-personnalisable\/","og_locale":"fr_FR","og_type":"article","og_title":"T-shirt manche courte personnalis\u00e9 LIFESTYLE | INVERSE","og_description":"T-shirt manches courtes personnalisable. Parfait pour l'enduro et le gravel. Notre \u00e9quipe cr\u00e9era pour vous un design exclusif.","og_url":"https:\/\/www.inverseteams.com\/fr\/produit\/t-shirt-manche-courte-berlin-personnalisable\/","og_site_name":"Inverseteams","article_publisher":"https:\/\/www.facebook.com\/inverseteams","article_modified_time":"2023-03-31T08:10:20+00:00","og_image":[{"width":3222,"height":3462,"url":"https:\/\/www.inverseteams.com\/wp-content\/uploads\/CAMISETA-MANGA-CORTA-PERSONALIZABLE-BERLIN-1.jpg","type":"image\/jpeg"}],"twitter_card":"summary_large_image","twitter_misc":{"Dur\u00e9e de lecture estim\u00e9e":"1 minute"},"schema":{"@context":"https:\/\/schema.org","@graph":[{"@type":"WebPage","@id":"https:\/\/www.inverseteams.com\/fr\/produit\/t-shirt-manche-courte-berlin-personnalisable\/","url":"https:\/\/www.inverseteams.com\/fr\/produit\/t-shirt-manche-courte-berlin-personnalisable\/","name":"T-shirt manche courte personnalis\u00e9 LIFESTYLE | INVERSE","isPartOf":{"@id":"https:\/\/www.inverseteams.com\/fr\/#website"},"primaryImageOfPage":{"@id":"https:\/\/www.inverseteams.com\/fr\/produit\/t-shirt-manche-courte-berlin-personnalisable\/#primaryimage"},"image":{"@id":"https:\/\/www.inverseteams.com\/fr\/produit\/t-shirt-manche-courte-berlin-personnalisable\/#primaryimage"},"thumbnailUrl":"https:\/\/www.inverseteams.com\/wp-content\/uploads\/CAMISETA-MANGA-CORTA-PERSONALIZABLE-BERLIN-1.jpg","datePublished":"2022-12-30T13:59:01+00:00","dateModified":"2023-03-31T08:10:20+00:00","description":"T-shirt manches courtes personnalisable. Parfait pour l'enduro et le gravel. Notre \u00e9quipe cr\u00e9era pour vous un design exclusif.","breadcrumb":{"@id":"https:\/\/www.inverseteams.com\/fr\/produit\/t-shirt-manche-courte-berlin-personnalisable\/#breadcrumb"},"inLanguage":"fr-FR","potentialAction":[{"@type":"ReadAction","target":["https:\/\/www.inverseteams.com\/fr\/produit\/t-shirt-manche-courte-berlin-personnalisable\/"]}]},{"@type":"ImageObject","inLanguage":"fr-FR","@id":"https:\/\/www.inverseteams.com\/fr\/produit\/t-shirt-manche-courte-berlin-personnalisable\/#primaryimage","url":"https:\/\/www.inverseteams.com\/wp-content\/uploads\/CAMISETA-MANGA-CORTA-PERSONALIZABLE-BERLIN-1.jpg","contentUrl":"https:\/\/www.inverseteams.com\/wp-content\/uploads\/CAMISETA-MANGA-CORTA-PERSONALIZABLE-BERLIN-1.jpg","width":3222,"height":3462,"caption":"T-shirt manche courte personnalisable BERLIN"},{"@type":"BreadcrumbList","@id":"https:\/\/www.inverseteams.com\/fr\/produit\/t-shirt-manche-courte-berlin-personnalisable\/#breadcrumb","itemListElement":[{"@type":"ListItem","position":1,"name":"Portada","item":"https:\/\/www.inverseteams.com\/fr\/pagina-principal\/"},{"@type":"ListItem","position":2,"name":"Panier","item":"https:\/\/www.inverseteams.com\/fr\/panier\/"},{"@type":"ListItem","position":3,"name":"T-shirt manche courte BERLIN personnalisable"}]},{"@type":"WebSite","@id":"https:\/\/www.inverseteams.com\/fr\/#website","url":"https:\/\/www.inverseteams.com\/fr\/","name":"Inverseteams","description":"Tu marca de ropa deportiva personalizada","publisher":{"@id":"https:\/\/www.inverseteams.com\/fr\/#organization"},"potentialAction":[{"@type":"SearchAction","target":{"@type":"EntryPoint","urlTemplate":"https:\/\/www.inverseteams.com\/fr\/?s={search_term_string}"},"query-input":{"@type":"PropertyValueSpecification","valueRequired":true,"valueName":"search_term_string"}}],"inLanguage":"fr-FR"},{"@type":"Organization","@id":"https:\/\/www.inverseteams.com\/fr\/#organization","name":"Inverse Teams","url":"https:\/\/www.inverseteams.com\/fr\/","logo":{"@type":"ImageObject","inLanguage":"fr-FR","@id":"https:\/\/www.inverseteams.com\/fr\/#\/schema\/logo\/image\/","url":"https:\/\/www.inverseteams.com\/wp-content\/uploads\/2021\/03\/logo-inverse-teams.png","contentUrl":"https:\/\/www.inverseteams.com\/wp-content\/uploads\/2021\/03\/logo-inverse-teams.png","width":294,"height":99,"caption":"Inverse Teams"},"image":{"@id":"https:\/\/www.inverseteams.com\/fr\/#\/schema\/logo\/image\/"},"sameAs":["https:\/\/www.facebook.com\/inverseteams","http:\/\/instagram.com\/inverseteams","https:\/\/www.linkedin.com\/company\/inverse-cirosport-s-l-?trk=job_view_topcard_company_name","http:\/\/www.pinterest.com\/inverseteams\/","http:\/\/www.youtube.com\/user\/inverseteams?feature=watch"]}]}},"_links":{"self":[{"href":"https:\/\/www.inverseteams.com\/fr\/wp-json\/wp\/v2\/product\/114083","targetHints":{"allow":["GET"]}}],"collection":[{"href":"https:\/\/www.inverseteams.com\/fr\/wp-json\/wp\/v2\/product"}],"about":[{"href":"https:\/\/www.inverseteams.com\/fr\/wp-json\/wp\/v2\/types\/product"}],"replies":[{"embeddable":true,"href":"https:\/\/www.inverseteams.com\/fr\/wp-json\/wp\/v2\/comments?post=114083"}],"wp:featuredmedia":[{"embeddable":true,"href":"https:\/\/www.inverseteams.com\/fr\/wp-json\/wp\/v2\/media\/114032"}],"wp:attachment":[{"href":"https:\/\/www.inverseteams.com\/fr\/wp-json\/wp\/v2\/media?parent=114083"}],"wp:term":[{"taxonomy":"product_brand","embeddable":true,"href":"https:\/\/www.inverseteams.com\/fr\/wp-json\/wp\/v2\/product_brand?post=114083"},{"taxonomy":"product_cat","embeddable":true,"href":"https:\/\/www.inverseteams.com\/fr\/wp-json\/wp\/v2\/product_cat?post=114083"},{"taxonomy":"product_tag","embeddable":true,"href":"https:\/\/www.inverseteams.com\/fr\/wp-json\/wp\/v2\/product_tag?post=114083"},{"taxonomy":"custom_category","embeddable":true,"href":"https:\/\/www.inverseteams.com\/fr\/wp-json\/wp\/v2\/custom_category?post=114083"},{"taxonomy":"range","embeddable":true,"href":"https:\/\/www.inverseteams.com\/fr\/wp-json\/wp\/v2\/range?post=114083"}],"curies":[{"name":"wp","href":"https:\/\/api.w.org\/{rel}","templated":true}]}}