{"id":113016,"date":"2022-12-20T12:09:12","date_gmt":"2022-12-20T12:09:12","guid":{"rendered":"https:\/\/www.inverseteams.com\/?post_type=product&#038;p=113016"},"modified":"2023-01-16T08:34:00","modified_gmt":"2023-01-16T08:34:00","slug":"veste-cyclisme-homme-oncic-6","status":"publish","type":"product","link":"https:\/\/www.inverseteams.com\/fr\/produit\/veste-cyclisme-homme-oncic-6\/","title":{"rendered":"Veste cyclisme homme ONCIC 6"},"content":{"rendered":"","protected":false},"excerpt":{"rendered":"<p>Cette veste cyclisme homme est parfaite pour vous prot\u00e9ger du froid. Le tissu AEROTECH, qui est compos\u00e9 de 3 membranes. La couche ext\u00e9rieure agit comme une barri\u00e8re pour emp\u00eacher l\u2019eau de p\u00e9n\u00e9trer. La couche int\u00e9rieure aide \u00e0 \u00e9vacuer la sueur et \u00e0 maintenir la chaleur corporelle. Vous aurez la peau s\u00e8che et \u00e9viterez la surchauffe afin de pr\u00e9server vos performances Les zones lat\u00e9rales sont \u00e9lastiques et s\u2019adaptent \u00e0 toutes les positions du v\u00e9lo sans opposer r\u00e9sistance. La forme anatomique du col s\u2019adapte \u00e0 votre position sur le v\u00e9lo sans vous g\u00eaner, tout en emp\u00eachant l\u2019entr\u00e9e d\u2019air. Cette veste de v\u00e9lo combine diff\u00e9rentes technologies qui la maintiennent dans la position id\u00e9ale. Les poignets s\u2019adaptent parfaitement aux bras et emp\u00eachent l\u2019air d\u2019entrer. \u00c0 l&rsquo;arri\u00e8re de la taille, il y \u00e0 une bande \u00e9lastique avec un grip en silicone qui maintiendra la veste dans sa position id\u00e9ale. La zone avant a un surfilage tr\u00e8s fin qui ajuste le v\u00eatement au corps et ne perturbe pas la position du cycliste. Sur la zone lombaire nous trouvons 3 poches avec le nouveau syst\u00e8me s\u00e9curit\u00e9 ISP &#8211; Inverse Safe Pocket \u2013 vous permettant de stocker n\u2019importe quel objet sans crainte de le perdre ; profitez du v\u00e9lo sans soucis.<\/p>\n","protected":false},"featured_media":37557,"comment_status":"closed","ping_status":"closed","template":"","meta":{"_acf_changed":false},"product_brand":[],"product_cat":[3318,3228,3308],"product_tag":[],"custom_category":[],"range":[],"class_list":{"0":"post-113016","1":"product","2":"type-product","3":"status-publish","4":"has-post-thumbnail","6":"product_cat-cyclisme-outlet","7":"product_cat-homme","8":"product_cat-outet-fr","9":"pa_climatologia-froid","10":"pa_climatologia-pluie","11":"pa_climatologia-vent-fr","12":"pa_deporte-cyclisme","13":"pa_genero-homme","14":"pa_patronaje-regular-fr","15":"pa_talla-l-fr","16":"pa_talla-m-fr","17":"pa_talla-s-fr","18":"pa_talla-xl-fr","19":"pa_talla-xxl-fr","20":"pa_tipo-de-prenda-veste","22":"first","23":"outofstock","24":"sale","25":"taxable","26":"shipping-taxable","27":"purchasable","28":"product-type-variable","29":"has-default-attributes"},"acf":[],"yoast_head":"<!-- This site is optimized with the Yoast SEO plugin v27.3 - https:\/\/yoast.com\/product\/yoast-seo-wordpress\/ -->\n<title>Veste cyclisme homme ONCIC 7<\/title>\n<meta name=\"description\" content=\"Cette veste cyclisme homme est parfaite pour vous prot\u00e9ger du froid. Le tissu AEROTECH, qui est compos\u00e9 de 3 membranes.\" \/>\n<meta name=\"robots\" content=\"index, follow, max-snippet:-1, max-image-preview:large, max-video-preview:-1\" \/>\n<link rel=\"canonical\" href=\"https:\/\/www.inverseteams.com\/fr\/produit\/veste-cyclisme-homme-oncic-6\/\" \/>\n<meta property=\"og:locale\" content=\"fr_FR\" \/>\n<meta property=\"og:type\" content=\"article\" \/>\n<meta property=\"og:title\" content=\"Veste cyclisme homme ONCIC 7\" \/>\n<meta property=\"og:description\" content=\"Cette veste cyclisme homme est parfaite pour vous prot\u00e9ger du froid. Le tissu AEROTECH, qui est compos\u00e9 de 3 membranes.\" \/>\n<meta property=\"og:url\" content=\"https:\/\/www.inverseteams.com\/fr\/produit\/veste-cyclisme-homme-oncic-6\/\" \/>\n<meta property=\"og:site_name\" content=\"Inverseteams\" \/>\n<meta property=\"article:publisher\" content=\"https:\/\/www.facebook.com\/inverseteams\" \/>\n<meta property=\"article:modified_time\" content=\"2023-01-16T08:34:00+00:00\" \/>\n<meta property=\"og:image\" content=\"https:\/\/www.inverseteams.com\/wp-content\/uploads\/CHAQUETA-CICLISTA-ONCIC6-1.jpg\" \/>\n\t<meta property=\"og:image:width\" content=\"3222\" \/>\n\t<meta property=\"og:image:height\" content=\"3462\" \/>\n\t<meta property=\"og:image:type\" content=\"image\/jpeg\" \/>\n<meta name=\"twitter:card\" content=\"summary_large_image\" \/>\n<script type=\"application\/ld+json\" class=\"yoast-schema-graph\">{\"@context\":\"https:\\\/\\\/schema.org\",\"@graph\":[{\"@type\":\"WebPage\",\"@id\":\"https:\\\/\\\/www.inverseteams.com\\\/fr\\\/produit\\\/veste-cyclisme-homme-oncic-6\\\/\",\"url\":\"https:\\\/\\\/www.inverseteams.com\\\/fr\\\/produit\\\/veste-cyclisme-homme-oncic-6\\\/\",\"name\":\"Veste cyclisme homme ONCIC 7\",\"isPartOf\":{\"@id\":\"https:\\\/\\\/www.inverseteams.com\\\/fr\\\/#website\"},\"primaryImageOfPage\":{\"@id\":\"https:\\\/\\\/www.inverseteams.com\\\/fr\\\/produit\\\/veste-cyclisme-homme-oncic-6\\\/#primaryimage\"},\"image\":{\"@id\":\"https:\\\/\\\/www.inverseteams.com\\\/fr\\\/produit\\\/veste-cyclisme-homme-oncic-6\\\/#primaryimage\"},\"thumbnailUrl\":\"https:\\\/\\\/www.inverseteams.com\\\/wp-content\\\/uploads\\\/CHAQUETA-CICLISTA-ONCIC6-1.jpg\",\"datePublished\":\"2022-12-20T12:09:12+00:00\",\"dateModified\":\"2023-01-16T08:34:00+00:00\",\"description\":\"Cette veste cyclisme homme est parfaite pour vous prot\u00e9ger du froid. Le tissu AEROTECH, qui est compos\u00e9 de 3 membranes.\",\"breadcrumb\":{\"@id\":\"https:\\\/\\\/www.inverseteams.com\\\/fr\\\/produit\\\/veste-cyclisme-homme-oncic-6\\\/#breadcrumb\"},\"inLanguage\":\"fr-FR\",\"potentialAction\":[{\"@type\":\"ReadAction\",\"target\":[\"https:\\\/\\\/www.inverseteams.com\\\/fr\\\/produit\\\/veste-cyclisme-homme-oncic-6\\\/\"]}]},{\"@type\":\"ImageObject\",\"inLanguage\":\"fr-FR\",\"@id\":\"https:\\\/\\\/www.inverseteams.com\\\/fr\\\/produit\\\/veste-cyclisme-homme-oncic-6\\\/#primaryimage\",\"url\":\"https:\\\/\\\/www.inverseteams.com\\\/wp-content\\\/uploads\\\/CHAQUETA-CICLISTA-ONCIC6-1.jpg\",\"contentUrl\":\"https:\\\/\\\/www.inverseteams.com\\\/wp-content\\\/uploads\\\/CHAQUETA-CICLISTA-ONCIC6-1.jpg\",\"width\":3222,\"height\":3462,\"caption\":\"Veste cyclisme ONCIC 6\"},{\"@type\":\"BreadcrumbList\",\"@id\":\"https:\\\/\\\/www.inverseteams.com\\\/fr\\\/produit\\\/veste-cyclisme-homme-oncic-6\\\/#breadcrumb\",\"itemListElement\":[{\"@type\":\"ListItem\",\"position\":1,\"name\":\"Portada\",\"item\":\"https:\\\/\\\/www.inverseteams.com\\\/fr\\\/pagina-principal\\\/\"},{\"@type\":\"ListItem\",\"position\":2,\"name\":\"Panier\",\"item\":\"https:\\\/\\\/www.inverseteams.com\\\/fr\\\/panier\\\/\"},{\"@type\":\"ListItem\",\"position\":3,\"name\":\"Veste cyclisme homme ONCIC 6\"}]},{\"@type\":\"WebSite\",\"@id\":\"https:\\\/\\\/www.inverseteams.com\\\/fr\\\/#website\",\"url\":\"https:\\\/\\\/www.inverseteams.com\\\/fr\\\/\",\"name\":\"Inverseteams\",\"description\":\"Tu marca de ropa deportiva personalizada\",\"publisher\":{\"@id\":\"https:\\\/\\\/www.inverseteams.com\\\/fr\\\/#organization\"},\"potentialAction\":[{\"@type\":\"SearchAction\",\"target\":{\"@type\":\"EntryPoint\",\"urlTemplate\":\"https:\\\/\\\/www.inverseteams.com\\\/fr\\\/?s={search_term_string}\"},\"query-input\":{\"@type\":\"PropertyValueSpecification\",\"valueRequired\":true,\"valueName\":\"search_term_string\"}}],\"inLanguage\":\"fr-FR\"},{\"@type\":\"Organization\",\"@id\":\"https:\\\/\\\/www.inverseteams.com\\\/fr\\\/#organization\",\"name\":\"Inverse Teams\",\"url\":\"https:\\\/\\\/www.inverseteams.com\\\/fr\\\/\",\"logo\":{\"@type\":\"ImageObject\",\"inLanguage\":\"fr-FR\",\"@id\":\"https:\\\/\\\/www.inverseteams.com\\\/fr\\\/#\\\/schema\\\/logo\\\/image\\\/\",\"url\":\"http:\\\/\\\/www.inverseteams.com\\\/wp-content\\\/uploads\\\/2021\\\/03\\\/logo-inverse-teams.png\",\"contentUrl\":\"http:\\\/\\\/www.inverseteams.com\\\/wp-content\\\/uploads\\\/2021\\\/03\\\/logo-inverse-teams.png\",\"width\":294,\"height\":99,\"caption\":\"Inverse Teams\"},\"image\":{\"@id\":\"https:\\\/\\\/www.inverseteams.com\\\/fr\\\/#\\\/schema\\\/logo\\\/image\\\/\"},\"sameAs\":[\"https:\\\/\\\/www.facebook.com\\\/inverseteams\",\"http:\\\/\\\/instagram.com\\\/inverseteams\",\"https:\\\/\\\/www.linkedin.com\\\/company\\\/inverse-cirosport-s-l-?trk=job_view_topcard_company_name\",\"http:\\\/\\\/www.pinterest.com\\\/inverseteams\\\/\",\"http:\\\/\\\/www.youtube.com\\\/user\\\/inverseteams?feature=watch\"]}]}<\/script>\n<!-- \/ Yoast SEO plugin. -->","yoast_head_json":{"title":"Veste cyclisme homme ONCIC 7","description":"Cette veste cyclisme homme est parfaite pour vous prot\u00e9ger du froid. Le tissu AEROTECH, qui est compos\u00e9 de 3 membranes.","robots":{"index":"index","follow":"follow","max-snippet":"max-snippet:-1","max-image-preview":"max-image-preview:large","max-video-preview":"max-video-preview:-1"},"canonical":"https:\/\/www.inverseteams.com\/fr\/produit\/veste-cyclisme-homme-oncic-6\/","og_locale":"fr_FR","og_type":"article","og_title":"Veste cyclisme homme ONCIC 7","og_description":"Cette veste cyclisme homme est parfaite pour vous prot\u00e9ger du froid. Le tissu AEROTECH, qui est compos\u00e9 de 3 membranes.","og_url":"https:\/\/www.inverseteams.com\/fr\/produit\/veste-cyclisme-homme-oncic-6\/","og_site_name":"Inverseteams","article_publisher":"https:\/\/www.facebook.com\/inverseteams","article_modified_time":"2023-01-16T08:34:00+00:00","og_image":[{"width":3222,"height":3462,"url":"https:\/\/www.inverseteams.com\/wp-content\/uploads\/CHAQUETA-CICLISTA-ONCIC6-1.jpg","type":"image\/jpeg"}],"twitter_card":"summary_large_image","schema":{"@context":"https:\/\/schema.org","@graph":[{"@type":"WebPage","@id":"https:\/\/www.inverseteams.com\/fr\/produit\/veste-cyclisme-homme-oncic-6\/","url":"https:\/\/www.inverseteams.com\/fr\/produit\/veste-cyclisme-homme-oncic-6\/","name":"Veste cyclisme homme ONCIC 7","isPartOf":{"@id":"https:\/\/www.inverseteams.com\/fr\/#website"},"primaryImageOfPage":{"@id":"https:\/\/www.inverseteams.com\/fr\/produit\/veste-cyclisme-homme-oncic-6\/#primaryimage"},"image":{"@id":"https:\/\/www.inverseteams.com\/fr\/produit\/veste-cyclisme-homme-oncic-6\/#primaryimage"},"thumbnailUrl":"https:\/\/www.inverseteams.com\/wp-content\/uploads\/CHAQUETA-CICLISTA-ONCIC6-1.jpg","datePublished":"2022-12-20T12:09:12+00:00","dateModified":"2023-01-16T08:34:00+00:00","description":"Cette veste cyclisme homme est parfaite pour vous prot\u00e9ger du froid. Le tissu AEROTECH, qui est compos\u00e9 de 3 membranes.","breadcrumb":{"@id":"https:\/\/www.inverseteams.com\/fr\/produit\/veste-cyclisme-homme-oncic-6\/#breadcrumb"},"inLanguage":"fr-FR","potentialAction":[{"@type":"ReadAction","target":["https:\/\/www.inverseteams.com\/fr\/produit\/veste-cyclisme-homme-oncic-6\/"]}]},{"@type":"ImageObject","inLanguage":"fr-FR","@id":"https:\/\/www.inverseteams.com\/fr\/produit\/veste-cyclisme-homme-oncic-6\/#primaryimage","url":"https:\/\/www.inverseteams.com\/wp-content\/uploads\/CHAQUETA-CICLISTA-ONCIC6-1.jpg","contentUrl":"https:\/\/www.inverseteams.com\/wp-content\/uploads\/CHAQUETA-CICLISTA-ONCIC6-1.jpg","width":3222,"height":3462,"caption":"Veste cyclisme ONCIC 6"},{"@type":"BreadcrumbList","@id":"https:\/\/www.inverseteams.com\/fr\/produit\/veste-cyclisme-homme-oncic-6\/#breadcrumb","itemListElement":[{"@type":"ListItem","position":1,"name":"Portada","item":"https:\/\/www.inverseteams.com\/fr\/pagina-principal\/"},{"@type":"ListItem","position":2,"name":"Panier","item":"https:\/\/www.inverseteams.com\/fr\/panier\/"},{"@type":"ListItem","position":3,"name":"Veste cyclisme homme ONCIC 6"}]},{"@type":"WebSite","@id":"https:\/\/www.inverseteams.com\/fr\/#website","url":"https:\/\/www.inverseteams.com\/fr\/","name":"Inverseteams","description":"Tu marca de ropa deportiva personalizada","publisher":{"@id":"https:\/\/www.inverseteams.com\/fr\/#organization"},"potentialAction":[{"@type":"SearchAction","target":{"@type":"EntryPoint","urlTemplate":"https:\/\/www.inverseteams.com\/fr\/?s={search_term_string}"},"query-input":{"@type":"PropertyValueSpecification","valueRequired":true,"valueName":"search_term_string"}}],"inLanguage":"fr-FR"},{"@type":"Organization","@id":"https:\/\/www.inverseteams.com\/fr\/#organization","name":"Inverse Teams","url":"https:\/\/www.inverseteams.com\/fr\/","logo":{"@type":"ImageObject","inLanguage":"fr-FR","@id":"https:\/\/www.inverseteams.com\/fr\/#\/schema\/logo\/image\/","url":"https:\/\/www.inverseteams.com\/wp-content\/uploads\/2021\/03\/logo-inverse-teams.png","contentUrl":"https:\/\/www.inverseteams.com\/wp-content\/uploads\/2021\/03\/logo-inverse-teams.png","width":294,"height":99,"caption":"Inverse Teams"},"image":{"@id":"https:\/\/www.inverseteams.com\/fr\/#\/schema\/logo\/image\/"},"sameAs":["https:\/\/www.facebook.com\/inverseteams","http:\/\/instagram.com\/inverseteams","https:\/\/www.linkedin.com\/company\/inverse-cirosport-s-l-?trk=job_view_topcard_company_name","http:\/\/www.pinterest.com\/inverseteams\/","http:\/\/www.youtube.com\/user\/inverseteams?feature=watch"]}]}},"_links":{"self":[{"href":"https:\/\/www.inverseteams.com\/fr\/wp-json\/wp\/v2\/product\/113016","targetHints":{"allow":["GET"]}}],"collection":[{"href":"https:\/\/www.inverseteams.com\/fr\/wp-json\/wp\/v2\/product"}],"about":[{"href":"https:\/\/www.inverseteams.com\/fr\/wp-json\/wp\/v2\/types\/product"}],"replies":[{"embeddable":true,"href":"https:\/\/www.inverseteams.com\/fr\/wp-json\/wp\/v2\/comments?post=113016"}],"wp:featuredmedia":[{"embeddable":true,"href":"https:\/\/www.inverseteams.com\/fr\/wp-json\/wp\/v2\/media\/37557"}],"wp:attachment":[{"href":"https:\/\/www.inverseteams.com\/fr\/wp-json\/wp\/v2\/media?parent=113016"}],"wp:term":[{"taxonomy":"product_brand","embeddable":true,"href":"https:\/\/www.inverseteams.com\/fr\/wp-json\/wp\/v2\/product_brand?post=113016"},{"taxonomy":"product_cat","embeddable":true,"href":"https:\/\/www.inverseteams.com\/fr\/wp-json\/wp\/v2\/product_cat?post=113016"},{"taxonomy":"product_tag","embeddable":true,"href":"https:\/\/www.inverseteams.com\/fr\/wp-json\/wp\/v2\/product_tag?post=113016"},{"taxonomy":"custom_category","embeddable":true,"href":"https:\/\/www.inverseteams.com\/fr\/wp-json\/wp\/v2\/custom_category?post=113016"},{"taxonomy":"range","embeddable":true,"href":"https:\/\/www.inverseteams.com\/fr\/wp-json\/wp\/v2\/range?post=113016"}],"curies":[{"name":"wp","href":"https:\/\/api.w.org\/{rel}","templated":true}]}}