{"id":112160,"date":"2022-12-13T13:24:39","date_gmt":"2022-12-13T14:42:58","guid":{"rendered":"https:\/\/www.inverseteams.com\/?post_type=product&#038;p=112160"},"modified":"2022-12-13T14:42:59","modified_gmt":"2022-12-13T14:42:59","slug":"gants-hiver","status":"publish","type":"product","link":"https:\/\/www.inverseteams.com\/fr\/produit\/gants-hiver\/","title":{"rendered":"Gants hiver"},"content":{"rendered":"<p>Gants d&rsquo;hiver id\u00e9aux pour le ski et le cyclisme. Pour que la paume ne glisse pas, ils poss\u00e8dent des points antid\u00e9rapants en PVC sur diff\u00e9rents endroits. Les gants sont compos\u00e9s de WINDTEX et garantissent une bonne protection contre le vent, ainsi qu&rsquo;un bon maintien de la temp\u00e9rature. S&rsquo;ajustent parfaitement gr\u00e2ce \u00e0 la bande \u00e9lastique du poignet. Le processus de sublimation garantit que les couleurs ne perdent pas d&rsquo;intensit\u00e9 avec l&rsquo;usure et le passage du temps. Les teintes utilis\u00e9es pour la personnalisation sont \u00e9cologiques.<\/p>\n","protected":false},"excerpt":{"rendered":"<p>Gants d&rsquo;hiver id\u00e9aux pour le ski et le cyclisme. Pour que la paume ne glisse pas, ils poss\u00e8dent des points antid\u00e9rapants en PVC sur diff\u00e9rents endroits. Les gants sont compos\u00e9s de WINDTEX et garantissent une bonne protection contre le vent, ainsi qu&rsquo;un bon maintien de la temp\u00e9rature. S&rsquo;ajustent parfaitement gr\u00e2ce \u00e0 la bande \u00e9lastique du poignet. Le processus de sublimation garantit que les couleurs ne perdent pas d&rsquo;intensit\u00e9 avec l&rsquo;usure et le passage du temps. Les teintes utilis\u00e9es pour la personnalisation sont \u00e9cologiques.<\/p>\n","protected":false},"featured_media":111947,"comment_status":"closed","ping_status":"open","template":"","meta":{"_acf_changed":false},"product_brand":[],"product_cat":[8305],"product_tag":[],"custom_category":[3349,9092,9088],"range":[9022],"class_list":{"0":"post-112160","1":"product","2":"type-product","3":"status-publish","4":"has-post-thumbnail","6":"product_cat-uncategorized-fr","7":"pa_climatologia-froid","8":"pa_climatologia-vent-fr","9":"pa_deporte-cyclisme","10":"pa_genero-homme","11":"pa_genero-femme","12":"pa_genero-infantile-fr","13":"pa_patronaje-regular-fr","14":"pa_tipo-de-prenda-gants","15":"custom_category-sport-fr","16":"custom_category-gants-velo-personnalises","17":"custom_category-accessoires-de-sport-personnalises","18":"range-gants","20":"first","21":"instock","22":"product-type-custom"},"acf":[],"yoast_head":"<!-- This site is optimized with the Yoast SEO plugin v27.3 - https:\/\/yoast.com\/product\/yoast-seo-wordpress\/ -->\n<title>Gants hiver | Inverseteams<\/title>\n<meta name=\"description\" content=\"Gants d&#039;hiver id\u00e9aux pour le ski et le cyclisme. Pour que la paume ne glisse pas, ils poss\u00e8dent des points antid\u00e9rapants en PVC sur diff\u00e9rents endroits. Les gants sont compos\u00e9s de WINDTEX et garantissent une bonne protection contre le vent, ainsi qu&#039;un bon maintien de la temp\u00e9rature. S&#039;ajustent parfaitement gr\u00e2ce \u00e0 la bande \u00e9lastique du poignet. Le processus de sublimation garantit que les couleurs ne perdent pas d&#039;intensit\u00e9 avec l&#039;usure et le passage du temps. Les teintes utilis\u00e9es pour la personnalisation sont \u00e9cologiques.\" \/>\n<meta name=\"robots\" content=\"index, follow, max-snippet:-1, max-image-preview:large, max-video-preview:-1\" \/>\n<link rel=\"canonical\" href=\"https:\/\/www.inverseteams.com\/fr\/produit\/gants-hiver\/\" \/>\n<meta property=\"og:locale\" content=\"fr_FR\" \/>\n<meta property=\"og:type\" content=\"article\" \/>\n<meta property=\"og:title\" content=\"Gants hiver | Inverseteams\" \/>\n<meta property=\"og:description\" content=\"Gants d&#039;hiver id\u00e9aux pour le ski et le cyclisme. Pour que la paume ne glisse pas, ils poss\u00e8dent des points antid\u00e9rapants en PVC sur diff\u00e9rents endroits. Les gants sont compos\u00e9s de WINDTEX et garantissent une bonne protection contre le vent, ainsi qu&#039;un bon maintien de la temp\u00e9rature. S&#039;ajustent parfaitement gr\u00e2ce \u00e0 la bande \u00e9lastique du poignet. Le processus de sublimation garantit que les couleurs ne perdent pas d&#039;intensit\u00e9 avec l&#039;usure et le passage du temps. Les teintes utilis\u00e9es pour la personnalisation sont \u00e9cologiques.\" \/>\n<meta property=\"og:url\" content=\"https:\/\/www.inverseteams.com\/fr\/produit\/gants-hiver\/\" \/>\n<meta property=\"og:site_name\" content=\"Inverseteams\" \/>\n<meta property=\"article:publisher\" content=\"https:\/\/www.facebook.com\/inverseteams\" \/>\n<meta property=\"article:modified_time\" content=\"2022-12-13T14:42:59+00:00\" \/>\n<meta property=\"og:image\" content=\"https:\/\/www.inverseteams.com\/wp-content\/uploads\/GUANTES-INVIERNO-1.jpg\" \/>\n\t<meta property=\"og:image:width\" content=\"3000\" \/>\n\t<meta property=\"og:image:height\" content=\"3223\" \/>\n\t<meta property=\"og:image:type\" content=\"image\/jpeg\" \/>\n<meta name=\"twitter:card\" content=\"summary_large_image\" \/>\n<meta name=\"twitter:label1\" content=\"Dur\u00e9e de lecture estim\u00e9e\" \/>\n\t<meta name=\"twitter:data1\" content=\"1 minute\" \/>\n<script type=\"application\/ld+json\" class=\"yoast-schema-graph\">{\"@context\":\"https:\\\/\\\/schema.org\",\"@graph\":[{\"@type\":\"WebPage\",\"@id\":\"https:\\\/\\\/www.inverseteams.com\\\/fr\\\/produit\\\/gants-hiver\\\/\",\"url\":\"https:\\\/\\\/www.inverseteams.com\\\/fr\\\/produit\\\/gants-hiver\\\/\",\"name\":\"Gants hiver | Inverseteams\",\"isPartOf\":{\"@id\":\"https:\\\/\\\/www.inverseteams.com\\\/fr\\\/#website\"},\"primaryImageOfPage\":{\"@id\":\"https:\\\/\\\/www.inverseteams.com\\\/fr\\\/produit\\\/gants-hiver\\\/#primaryimage\"},\"image\":{\"@id\":\"https:\\\/\\\/www.inverseteams.com\\\/fr\\\/produit\\\/gants-hiver\\\/#primaryimage\"},\"thumbnailUrl\":\"https:\\\/\\\/www.inverseteams.com\\\/wp-content\\\/uploads\\\/GUANTES-INVIERNO-1.jpg\",\"datePublished\":\"2022-12-13T14:42:58+00:00\",\"dateModified\":\"2022-12-13T14:42:59+00:00\",\"description\":\"Gants d'hiver id\u00e9aux pour le ski et le cyclisme. Pour que la paume ne glisse pas, ils poss\u00e8dent des points antid\u00e9rapants en PVC sur diff\u00e9rents endroits. Les gants sont compos\u00e9s de WINDTEX et garantissent une bonne protection contre le vent, ainsi qu'un bon maintien de la temp\u00e9rature. S'ajustent parfaitement gr\u00e2ce \u00e0 la bande \u00e9lastique du poignet. Le processus de sublimation garantit que les couleurs ne perdent pas d'intensit\u00e9 avec l'usure et le passage du temps. Les teintes utilis\u00e9es pour la personnalisation sont \u00e9cologiques.\",\"breadcrumb\":{\"@id\":\"https:\\\/\\\/www.inverseteams.com\\\/fr\\\/produit\\\/gants-hiver\\\/#breadcrumb\"},\"inLanguage\":\"fr-FR\",\"potentialAction\":[{\"@type\":\"ReadAction\",\"target\":[\"https:\\\/\\\/www.inverseteams.com\\\/fr\\\/produit\\\/gants-hiver\\\/\"]}]},{\"@type\":\"ImageObject\",\"inLanguage\":\"fr-FR\",\"@id\":\"https:\\\/\\\/www.inverseteams.com\\\/fr\\\/produit\\\/gants-hiver\\\/#primaryimage\",\"url\":\"https:\\\/\\\/www.inverseteams.com\\\/wp-content\\\/uploads\\\/GUANTES-INVIERNO-1.jpg\",\"contentUrl\":\"https:\\\/\\\/www.inverseteams.com\\\/wp-content\\\/uploads\\\/GUANTES-INVIERNO-1.jpg\",\"width\":3000,\"height\":3223,\"caption\":\"Gants hiver personnalisables\"},{\"@type\":\"BreadcrumbList\",\"@id\":\"https:\\\/\\\/www.inverseteams.com\\\/fr\\\/produit\\\/gants-hiver\\\/#breadcrumb\",\"itemListElement\":[{\"@type\":\"ListItem\",\"position\":1,\"name\":\"Portada\",\"item\":\"https:\\\/\\\/www.inverseteams.com\\\/fr\\\/pagina-principal\\\/\"},{\"@type\":\"ListItem\",\"position\":2,\"name\":\"Panier\",\"item\":\"https:\\\/\\\/www.inverseteams.com\\\/fr\\\/panier\\\/\"},{\"@type\":\"ListItem\",\"position\":3,\"name\":\"Gants hiver\"}]},{\"@type\":\"WebSite\",\"@id\":\"https:\\\/\\\/www.inverseteams.com\\\/fr\\\/#website\",\"url\":\"https:\\\/\\\/www.inverseteams.com\\\/fr\\\/\",\"name\":\"Inverseteams\",\"description\":\"Tu marca de ropa deportiva personalizada\",\"publisher\":{\"@id\":\"https:\\\/\\\/www.inverseteams.com\\\/fr\\\/#organization\"},\"potentialAction\":[{\"@type\":\"SearchAction\",\"target\":{\"@type\":\"EntryPoint\",\"urlTemplate\":\"https:\\\/\\\/www.inverseteams.com\\\/fr\\\/?s={search_term_string}\"},\"query-input\":{\"@type\":\"PropertyValueSpecification\",\"valueRequired\":true,\"valueName\":\"search_term_string\"}}],\"inLanguage\":\"fr-FR\"},{\"@type\":\"Organization\",\"@id\":\"https:\\\/\\\/www.inverseteams.com\\\/fr\\\/#organization\",\"name\":\"Inverse Teams\",\"url\":\"https:\\\/\\\/www.inverseteams.com\\\/fr\\\/\",\"logo\":{\"@type\":\"ImageObject\",\"inLanguage\":\"fr-FR\",\"@id\":\"https:\\\/\\\/www.inverseteams.com\\\/fr\\\/#\\\/schema\\\/logo\\\/image\\\/\",\"url\":\"http:\\\/\\\/www.inverseteams.com\\\/wp-content\\\/uploads\\\/2021\\\/03\\\/logo-inverse-teams.png\",\"contentUrl\":\"http:\\\/\\\/www.inverseteams.com\\\/wp-content\\\/uploads\\\/2021\\\/03\\\/logo-inverse-teams.png\",\"width\":294,\"height\":99,\"caption\":\"Inverse Teams\"},\"image\":{\"@id\":\"https:\\\/\\\/www.inverseteams.com\\\/fr\\\/#\\\/schema\\\/logo\\\/image\\\/\"},\"sameAs\":[\"https:\\\/\\\/www.facebook.com\\\/inverseteams\",\"http:\\\/\\\/instagram.com\\\/inverseteams\",\"https:\\\/\\\/www.linkedin.com\\\/company\\\/inverse-cirosport-s-l-?trk=job_view_topcard_company_name\",\"http:\\\/\\\/www.pinterest.com\\\/inverseteams\\\/\",\"http:\\\/\\\/www.youtube.com\\\/user\\\/inverseteams?feature=watch\"]}]}<\/script>\n<!-- \/ Yoast SEO plugin. -->","yoast_head_json":{"title":"Gants hiver | Inverseteams","description":"Gants d'hiver id\u00e9aux pour le ski et le cyclisme. Pour que la paume ne glisse pas, ils poss\u00e8dent des points antid\u00e9rapants en PVC sur diff\u00e9rents endroits. Les gants sont compos\u00e9s de WINDTEX et garantissent une bonne protection contre le vent, ainsi qu'un bon maintien de la temp\u00e9rature. S'ajustent parfaitement gr\u00e2ce \u00e0 la bande \u00e9lastique du poignet. Le processus de sublimation garantit que les couleurs ne perdent pas d'intensit\u00e9 avec l'usure et le passage du temps. Les teintes utilis\u00e9es pour la personnalisation sont \u00e9cologiques.","robots":{"index":"index","follow":"follow","max-snippet":"max-snippet:-1","max-image-preview":"max-image-preview:large","max-video-preview":"max-video-preview:-1"},"canonical":"https:\/\/www.inverseteams.com\/fr\/produit\/gants-hiver\/","og_locale":"fr_FR","og_type":"article","og_title":"Gants hiver | Inverseteams","og_description":"Gants d'hiver id\u00e9aux pour le ski et le cyclisme. Pour que la paume ne glisse pas, ils poss\u00e8dent des points antid\u00e9rapants en PVC sur diff\u00e9rents endroits. Les gants sont compos\u00e9s de WINDTEX et garantissent une bonne protection contre le vent, ainsi qu'un bon maintien de la temp\u00e9rature. S'ajustent parfaitement gr\u00e2ce \u00e0 la bande \u00e9lastique du poignet. Le processus de sublimation garantit que les couleurs ne perdent pas d'intensit\u00e9 avec l'usure et le passage du temps. Les teintes utilis\u00e9es pour la personnalisation sont \u00e9cologiques.","og_url":"https:\/\/www.inverseteams.com\/fr\/produit\/gants-hiver\/","og_site_name":"Inverseteams","article_publisher":"https:\/\/www.facebook.com\/inverseteams","article_modified_time":"2022-12-13T14:42:59+00:00","og_image":[{"width":3000,"height":3223,"url":"https:\/\/www.inverseteams.com\/wp-content\/uploads\/GUANTES-INVIERNO-1.jpg","type":"image\/jpeg"}],"twitter_card":"summary_large_image","twitter_misc":{"Dur\u00e9e de lecture estim\u00e9e":"1 minute"},"schema":{"@context":"https:\/\/schema.org","@graph":[{"@type":"WebPage","@id":"https:\/\/www.inverseteams.com\/fr\/produit\/gants-hiver\/","url":"https:\/\/www.inverseteams.com\/fr\/produit\/gants-hiver\/","name":"Gants hiver | Inverseteams","isPartOf":{"@id":"https:\/\/www.inverseteams.com\/fr\/#website"},"primaryImageOfPage":{"@id":"https:\/\/www.inverseteams.com\/fr\/produit\/gants-hiver\/#primaryimage"},"image":{"@id":"https:\/\/www.inverseteams.com\/fr\/produit\/gants-hiver\/#primaryimage"},"thumbnailUrl":"https:\/\/www.inverseteams.com\/wp-content\/uploads\/GUANTES-INVIERNO-1.jpg","datePublished":"2022-12-13T14:42:58+00:00","dateModified":"2022-12-13T14:42:59+00:00","description":"Gants d'hiver id\u00e9aux pour le ski et le cyclisme. Pour que la paume ne glisse pas, ils poss\u00e8dent des points antid\u00e9rapants en PVC sur diff\u00e9rents endroits. Les gants sont compos\u00e9s de WINDTEX et garantissent une bonne protection contre le vent, ainsi qu'un bon maintien de la temp\u00e9rature. S'ajustent parfaitement gr\u00e2ce \u00e0 la bande \u00e9lastique du poignet. Le processus de sublimation garantit que les couleurs ne perdent pas d'intensit\u00e9 avec l'usure et le passage du temps. Les teintes utilis\u00e9es pour la personnalisation sont \u00e9cologiques.","breadcrumb":{"@id":"https:\/\/www.inverseteams.com\/fr\/produit\/gants-hiver\/#breadcrumb"},"inLanguage":"fr-FR","potentialAction":[{"@type":"ReadAction","target":["https:\/\/www.inverseteams.com\/fr\/produit\/gants-hiver\/"]}]},{"@type":"ImageObject","inLanguage":"fr-FR","@id":"https:\/\/www.inverseteams.com\/fr\/produit\/gants-hiver\/#primaryimage","url":"https:\/\/www.inverseteams.com\/wp-content\/uploads\/GUANTES-INVIERNO-1.jpg","contentUrl":"https:\/\/www.inverseteams.com\/wp-content\/uploads\/GUANTES-INVIERNO-1.jpg","width":3000,"height":3223,"caption":"Gants hiver personnalisables"},{"@type":"BreadcrumbList","@id":"https:\/\/www.inverseteams.com\/fr\/produit\/gants-hiver\/#breadcrumb","itemListElement":[{"@type":"ListItem","position":1,"name":"Portada","item":"https:\/\/www.inverseteams.com\/fr\/pagina-principal\/"},{"@type":"ListItem","position":2,"name":"Panier","item":"https:\/\/www.inverseteams.com\/fr\/panier\/"},{"@type":"ListItem","position":3,"name":"Gants hiver"}]},{"@type":"WebSite","@id":"https:\/\/www.inverseteams.com\/fr\/#website","url":"https:\/\/www.inverseteams.com\/fr\/","name":"Inverseteams","description":"Tu marca de ropa deportiva personalizada","publisher":{"@id":"https:\/\/www.inverseteams.com\/fr\/#organization"},"potentialAction":[{"@type":"SearchAction","target":{"@type":"EntryPoint","urlTemplate":"https:\/\/www.inverseteams.com\/fr\/?s={search_term_string}"},"query-input":{"@type":"PropertyValueSpecification","valueRequired":true,"valueName":"search_term_string"}}],"inLanguage":"fr-FR"},{"@type":"Organization","@id":"https:\/\/www.inverseteams.com\/fr\/#organization","name":"Inverse Teams","url":"https:\/\/www.inverseteams.com\/fr\/","logo":{"@type":"ImageObject","inLanguage":"fr-FR","@id":"https:\/\/www.inverseteams.com\/fr\/#\/schema\/logo\/image\/","url":"https:\/\/www.inverseteams.com\/wp-content\/uploads\/2021\/03\/logo-inverse-teams.png","contentUrl":"https:\/\/www.inverseteams.com\/wp-content\/uploads\/2021\/03\/logo-inverse-teams.png","width":294,"height":99,"caption":"Inverse Teams"},"image":{"@id":"https:\/\/www.inverseteams.com\/fr\/#\/schema\/logo\/image\/"},"sameAs":["https:\/\/www.facebook.com\/inverseteams","http:\/\/instagram.com\/inverseteams","https:\/\/www.linkedin.com\/company\/inverse-cirosport-s-l-?trk=job_view_topcard_company_name","http:\/\/www.pinterest.com\/inverseteams\/","http:\/\/www.youtube.com\/user\/inverseteams?feature=watch"]}]}},"_links":{"self":[{"href":"https:\/\/www.inverseteams.com\/fr\/wp-json\/wp\/v2\/product\/112160","targetHints":{"allow":["GET"]}}],"collection":[{"href":"https:\/\/www.inverseteams.com\/fr\/wp-json\/wp\/v2\/product"}],"about":[{"href":"https:\/\/www.inverseteams.com\/fr\/wp-json\/wp\/v2\/types\/product"}],"replies":[{"embeddable":true,"href":"https:\/\/www.inverseteams.com\/fr\/wp-json\/wp\/v2\/comments?post=112160"}],"wp:featuredmedia":[{"embeddable":true,"href":"https:\/\/www.inverseteams.com\/fr\/wp-json\/wp\/v2\/media\/111947"}],"wp:attachment":[{"href":"https:\/\/www.inverseteams.com\/fr\/wp-json\/wp\/v2\/media?parent=112160"}],"wp:term":[{"taxonomy":"product_brand","embeddable":true,"href":"https:\/\/www.inverseteams.com\/fr\/wp-json\/wp\/v2\/product_brand?post=112160"},{"taxonomy":"product_cat","embeddable":true,"href":"https:\/\/www.inverseteams.com\/fr\/wp-json\/wp\/v2\/product_cat?post=112160"},{"taxonomy":"product_tag","embeddable":true,"href":"https:\/\/www.inverseteams.com\/fr\/wp-json\/wp\/v2\/product_tag?post=112160"},{"taxonomy":"custom_category","embeddable":true,"href":"https:\/\/www.inverseteams.com\/fr\/wp-json\/wp\/v2\/custom_category?post=112160"},{"taxonomy":"range","embeddable":true,"href":"https:\/\/www.inverseteams.com\/fr\/wp-json\/wp\/v2\/range?post=112160"}],"curies":[{"name":"wp","href":"https:\/\/api.w.org\/{rel}","templated":true}]}}