{"id":112151,"date":"2022-12-13T13:25:11","date_gmt":"2022-12-13T13:35:45","guid":{"rendered":"https:\/\/www.inverseteams.com\/?post_type=product&#038;p=112151"},"modified":"2022-12-13T14:05:17","modified_gmt":"2022-12-13T14:05:17","slug":"bandeau-ete","status":"publish","type":"product","link":"https:\/\/www.inverseteams.com\/fr\/produit\/bandeau-ete\/","title":{"rendered":"Bandeau \u00e9t\u00e9"},"content":{"rendered":"<p>Le bandeau d&rsquo;\u00e9t\u00e9 est fait d&rsquo;un tissu tr\u00e8s \u00e9lastique et respirant qui emp\u00eachera la transpiration de tomber dans les yeux. Le processus de sublimation garantit que les couleurs ne perdent pas d&rsquo;intensit\u00e9 avec l&rsquo;usure et le passage du temps. Les teintes utilis\u00e9es pour la personnalisation sont \u00e9cologiques.<\/p>\n","protected":false},"excerpt":{"rendered":"<p>Le bandeau d&rsquo;\u00e9t\u00e9 est fait d&rsquo;un tissu tr\u00e8s \u00e9lastique et respirant qui emp\u00eachera la transpiration de tomber dans les yeux. Le processus de sublimation garantit que les couleurs ne perdent pas d&rsquo;intensit\u00e9 avec l&rsquo;usure et le passage du temps. Les teintes utilis\u00e9es pour la personnalisation sont \u00e9cologiques.<\/p>\n","protected":false},"featured_media":112016,"comment_status":"closed","ping_status":"open","template":"","meta":{"_acf_changed":false},"product_brand":[],"product_cat":[8305],"product_tag":[],"custom_category":[3349,9140,9088],"range":[9024],"class_list":{"0":"post-112151","1":"product","2":"type-product","3":"status-publish","4":"has-post-thumbnail","6":"product_cat-uncategorized-fr","7":"pa_climatologia-chaud","8":"pa_deporte-cyclisme","9":"pa_deporte-running-fr","10":"pa_deporte-trail-fr","11":"pa_genero-homme","12":"pa_genero-femme","13":"pa_genero-infantile-fr","14":"pa_patronaje-regular-fr","15":"pa_tipo-de-prenda-bandeau","16":"custom_category-sport-fr","17":"custom_category-bandeaux-personnalises","18":"custom_category-accessoires-de-sport-personnalises","19":"range-pour-la-tete","21":"first","22":"instock","23":"product-type-custom"},"acf":[],"yoast_head":"<!-- This site is optimized with the Yoast SEO plugin v27.3 - https:\/\/yoast.com\/product\/yoast-seo-wordpress\/ -->\n<title>Bandeau \u00e9t\u00e9<\/title>\n<meta name=\"description\" content=\"Le bandeau d&#039;\u00e9t\u00e9 est fait d&#039;un tissu tr\u00e8s \u00e9lastique et respirant qui emp\u00eachera la transpiration de tomber dans les yeux. Le processus de sublimation garantit que les couleurs ne perdent pas d&#039;intensit\u00e9 avec l&#039;usure et le passage du temps. Les teintes utilis\u00e9es pour la personnalisation sont \u00e9cologiques.\" \/>\n<meta name=\"robots\" content=\"index, follow, max-snippet:-1, max-image-preview:large, max-video-preview:-1\" \/>\n<link rel=\"canonical\" href=\"https:\/\/www.inverseteams.com\/fr\/produit\/bandeau-ete\/\" \/>\n<meta property=\"og:locale\" content=\"fr_FR\" \/>\n<meta property=\"og:type\" content=\"article\" \/>\n<meta property=\"og:title\" content=\"Bandeau \u00e9t\u00e9\" \/>\n<meta property=\"og:description\" content=\"Le bandeau d&#039;\u00e9t\u00e9 est fait d&#039;un tissu tr\u00e8s \u00e9lastique et respirant qui emp\u00eachera la transpiration de tomber dans les yeux. Le processus de sublimation garantit que les couleurs ne perdent pas d&#039;intensit\u00e9 avec l&#039;usure et le passage du temps. Les teintes utilis\u00e9es pour la personnalisation sont \u00e9cologiques.\" \/>\n<meta property=\"og:url\" content=\"https:\/\/www.inverseteams.com\/fr\/produit\/bandeau-ete\/\" \/>\n<meta property=\"og:site_name\" content=\"Inverseteams\" \/>\n<meta property=\"article:publisher\" content=\"https:\/\/www.facebook.com\/inverseteams\" \/>\n<meta property=\"article:modified_time\" content=\"2022-12-13T14:05:17+00:00\" \/>\n<meta property=\"og:image\" content=\"https:\/\/www.inverseteams.com\/wp-content\/uploads\/CINTA-OREJERA-VERANO-1.jpg\" \/>\n\t<meta property=\"og:image:width\" content=\"3000\" \/>\n\t<meta property=\"og:image:height\" content=\"3223\" \/>\n\t<meta property=\"og:image:type\" content=\"image\/jpeg\" \/>\n<meta name=\"twitter:card\" content=\"summary_large_image\" \/>\n<script type=\"application\/ld+json\" class=\"yoast-schema-graph\">{\"@context\":\"https:\\\/\\\/schema.org\",\"@graph\":[{\"@type\":\"WebPage\",\"@id\":\"https:\\\/\\\/www.inverseteams.com\\\/fr\\\/produit\\\/bandeau-ete\\\/\",\"url\":\"https:\\\/\\\/www.inverseteams.com\\\/fr\\\/produit\\\/bandeau-ete\\\/\",\"name\":\"Bandeau \u00e9t\u00e9\",\"isPartOf\":{\"@id\":\"https:\\\/\\\/www.inverseteams.com\\\/fr\\\/#website\"},\"primaryImageOfPage\":{\"@id\":\"https:\\\/\\\/www.inverseteams.com\\\/fr\\\/produit\\\/bandeau-ete\\\/#primaryimage\"},\"image\":{\"@id\":\"https:\\\/\\\/www.inverseteams.com\\\/fr\\\/produit\\\/bandeau-ete\\\/#primaryimage\"},\"thumbnailUrl\":\"https:\\\/\\\/www.inverseteams.com\\\/wp-content\\\/uploads\\\/CINTA-OREJERA-VERANO-1.jpg\",\"datePublished\":\"2022-12-13T13:35:45+00:00\",\"dateModified\":\"2022-12-13T14:05:17+00:00\",\"description\":\"Le bandeau d'\u00e9t\u00e9 est fait d'un tissu tr\u00e8s \u00e9lastique et respirant qui emp\u00eachera la transpiration de tomber dans les yeux. Le processus de sublimation garantit que les couleurs ne perdent pas d'intensit\u00e9 avec l'usure et le passage du temps. Les teintes utilis\u00e9es pour la personnalisation sont \u00e9cologiques.\",\"breadcrumb\":{\"@id\":\"https:\\\/\\\/www.inverseteams.com\\\/fr\\\/produit\\\/bandeau-ete\\\/#breadcrumb\"},\"inLanguage\":\"fr-FR\",\"potentialAction\":[{\"@type\":\"ReadAction\",\"target\":[\"https:\\\/\\\/www.inverseteams.com\\\/fr\\\/produit\\\/bandeau-ete\\\/\"]}]},{\"@type\":\"ImageObject\",\"inLanguage\":\"fr-FR\",\"@id\":\"https:\\\/\\\/www.inverseteams.com\\\/fr\\\/produit\\\/bandeau-ete\\\/#primaryimage\",\"url\":\"https:\\\/\\\/www.inverseteams.com\\\/wp-content\\\/uploads\\\/CINTA-OREJERA-VERANO-1.jpg\",\"contentUrl\":\"https:\\\/\\\/www.inverseteams.com\\\/wp-content\\\/uploads\\\/CINTA-OREJERA-VERANO-1.jpg\",\"width\":3000,\"height\":3223,\"caption\":\"Bandeau \u00e9t\u00e9 personnalis\u00e9\"},{\"@type\":\"BreadcrumbList\",\"@id\":\"https:\\\/\\\/www.inverseteams.com\\\/fr\\\/produit\\\/bandeau-ete\\\/#breadcrumb\",\"itemListElement\":[{\"@type\":\"ListItem\",\"position\":1,\"name\":\"Portada\",\"item\":\"https:\\\/\\\/www.inverseteams.com\\\/fr\\\/pagina-principal\\\/\"},{\"@type\":\"ListItem\",\"position\":2,\"name\":\"Panier\",\"item\":\"https:\\\/\\\/www.inverseteams.com\\\/fr\\\/panier\\\/\"},{\"@type\":\"ListItem\",\"position\":3,\"name\":\"Bandeau \u00e9t\u00e9\"}]},{\"@type\":\"WebSite\",\"@id\":\"https:\\\/\\\/www.inverseteams.com\\\/fr\\\/#website\",\"url\":\"https:\\\/\\\/www.inverseteams.com\\\/fr\\\/\",\"name\":\"Inverseteams\",\"description\":\"Tu marca de ropa deportiva personalizada\",\"publisher\":{\"@id\":\"https:\\\/\\\/www.inverseteams.com\\\/fr\\\/#organization\"},\"potentialAction\":[{\"@type\":\"SearchAction\",\"target\":{\"@type\":\"EntryPoint\",\"urlTemplate\":\"https:\\\/\\\/www.inverseteams.com\\\/fr\\\/?s={search_term_string}\"},\"query-input\":{\"@type\":\"PropertyValueSpecification\",\"valueRequired\":true,\"valueName\":\"search_term_string\"}}],\"inLanguage\":\"fr-FR\"},{\"@type\":\"Organization\",\"@id\":\"https:\\\/\\\/www.inverseteams.com\\\/fr\\\/#organization\",\"name\":\"Inverse Teams\",\"url\":\"https:\\\/\\\/www.inverseteams.com\\\/fr\\\/\",\"logo\":{\"@type\":\"ImageObject\",\"inLanguage\":\"fr-FR\",\"@id\":\"https:\\\/\\\/www.inverseteams.com\\\/fr\\\/#\\\/schema\\\/logo\\\/image\\\/\",\"url\":\"https:\\\/\\\/www.inverseteams.com\\\/wp-content\\\/uploads\\\/2021\\\/03\\\/logo-inverse-teams.png\",\"contentUrl\":\"https:\\\/\\\/www.inverseteams.com\\\/wp-content\\\/uploads\\\/2021\\\/03\\\/logo-inverse-teams.png\",\"width\":294,\"height\":99,\"caption\":\"Inverse Teams\"},\"image\":{\"@id\":\"https:\\\/\\\/www.inverseteams.com\\\/fr\\\/#\\\/schema\\\/logo\\\/image\\\/\"},\"sameAs\":[\"https:\\\/\\\/www.facebook.com\\\/inverseteams\",\"http:\\\/\\\/instagram.com\\\/inverseteams\",\"https:\\\/\\\/www.linkedin.com\\\/company\\\/inverse-cirosport-s-l-?trk=job_view_topcard_company_name\",\"http:\\\/\\\/www.pinterest.com\\\/inverseteams\\\/\",\"http:\\\/\\\/www.youtube.com\\\/user\\\/inverseteams?feature=watch\"]}]}<\/script>\n<!-- \/ Yoast SEO plugin. -->","yoast_head_json":{"title":"Bandeau \u00e9t\u00e9","description":"Le bandeau d'\u00e9t\u00e9 est fait d'un tissu tr\u00e8s \u00e9lastique et respirant qui emp\u00eachera la transpiration de tomber dans les yeux. Le processus de sublimation garantit que les couleurs ne perdent pas d'intensit\u00e9 avec l'usure et le passage du temps. Les teintes utilis\u00e9es pour la personnalisation sont \u00e9cologiques.","robots":{"index":"index","follow":"follow","max-snippet":"max-snippet:-1","max-image-preview":"max-image-preview:large","max-video-preview":"max-video-preview:-1"},"canonical":"https:\/\/www.inverseteams.com\/fr\/produit\/bandeau-ete\/","og_locale":"fr_FR","og_type":"article","og_title":"Bandeau \u00e9t\u00e9","og_description":"Le bandeau d'\u00e9t\u00e9 est fait d'un tissu tr\u00e8s \u00e9lastique et respirant qui emp\u00eachera la transpiration de tomber dans les yeux. Le processus de sublimation garantit que les couleurs ne perdent pas d'intensit\u00e9 avec l'usure et le passage du temps. Les teintes utilis\u00e9es pour la personnalisation sont \u00e9cologiques.","og_url":"https:\/\/www.inverseteams.com\/fr\/produit\/bandeau-ete\/","og_site_name":"Inverseteams","article_publisher":"https:\/\/www.facebook.com\/inverseteams","article_modified_time":"2022-12-13T14:05:17+00:00","og_image":[{"width":3000,"height":3223,"url":"https:\/\/www.inverseteams.com\/wp-content\/uploads\/CINTA-OREJERA-VERANO-1.jpg","type":"image\/jpeg"}],"twitter_card":"summary_large_image","schema":{"@context":"https:\/\/schema.org","@graph":[{"@type":"WebPage","@id":"https:\/\/www.inverseteams.com\/fr\/produit\/bandeau-ete\/","url":"https:\/\/www.inverseteams.com\/fr\/produit\/bandeau-ete\/","name":"Bandeau \u00e9t\u00e9","isPartOf":{"@id":"https:\/\/www.inverseteams.com\/fr\/#website"},"primaryImageOfPage":{"@id":"https:\/\/www.inverseteams.com\/fr\/produit\/bandeau-ete\/#primaryimage"},"image":{"@id":"https:\/\/www.inverseteams.com\/fr\/produit\/bandeau-ete\/#primaryimage"},"thumbnailUrl":"https:\/\/www.inverseteams.com\/wp-content\/uploads\/CINTA-OREJERA-VERANO-1.jpg","datePublished":"2022-12-13T13:35:45+00:00","dateModified":"2022-12-13T14:05:17+00:00","description":"Le bandeau d'\u00e9t\u00e9 est fait d'un tissu tr\u00e8s \u00e9lastique et respirant qui emp\u00eachera la transpiration de tomber dans les yeux. Le processus de sublimation garantit que les couleurs ne perdent pas d'intensit\u00e9 avec l'usure et le passage du temps. Les teintes utilis\u00e9es pour la personnalisation sont \u00e9cologiques.","breadcrumb":{"@id":"https:\/\/www.inverseteams.com\/fr\/produit\/bandeau-ete\/#breadcrumb"},"inLanguage":"fr-FR","potentialAction":[{"@type":"ReadAction","target":["https:\/\/www.inverseteams.com\/fr\/produit\/bandeau-ete\/"]}]},{"@type":"ImageObject","inLanguage":"fr-FR","@id":"https:\/\/www.inverseteams.com\/fr\/produit\/bandeau-ete\/#primaryimage","url":"https:\/\/www.inverseteams.com\/wp-content\/uploads\/CINTA-OREJERA-VERANO-1.jpg","contentUrl":"https:\/\/www.inverseteams.com\/wp-content\/uploads\/CINTA-OREJERA-VERANO-1.jpg","width":3000,"height":3223,"caption":"Bandeau \u00e9t\u00e9 personnalis\u00e9"},{"@type":"BreadcrumbList","@id":"https:\/\/www.inverseteams.com\/fr\/produit\/bandeau-ete\/#breadcrumb","itemListElement":[{"@type":"ListItem","position":1,"name":"Portada","item":"https:\/\/www.inverseteams.com\/fr\/pagina-principal\/"},{"@type":"ListItem","position":2,"name":"Panier","item":"https:\/\/www.inverseteams.com\/fr\/panier\/"},{"@type":"ListItem","position":3,"name":"Bandeau \u00e9t\u00e9"}]},{"@type":"WebSite","@id":"https:\/\/www.inverseteams.com\/fr\/#website","url":"https:\/\/www.inverseteams.com\/fr\/","name":"Inverseteams","description":"Tu marca de ropa deportiva personalizada","publisher":{"@id":"https:\/\/www.inverseteams.com\/fr\/#organization"},"potentialAction":[{"@type":"SearchAction","target":{"@type":"EntryPoint","urlTemplate":"https:\/\/www.inverseteams.com\/fr\/?s={search_term_string}"},"query-input":{"@type":"PropertyValueSpecification","valueRequired":true,"valueName":"search_term_string"}}],"inLanguage":"fr-FR"},{"@type":"Organization","@id":"https:\/\/www.inverseteams.com\/fr\/#organization","name":"Inverse Teams","url":"https:\/\/www.inverseteams.com\/fr\/","logo":{"@type":"ImageObject","inLanguage":"fr-FR","@id":"https:\/\/www.inverseteams.com\/fr\/#\/schema\/logo\/image\/","url":"https:\/\/www.inverseteams.com\/wp-content\/uploads\/2021\/03\/logo-inverse-teams.png","contentUrl":"https:\/\/www.inverseteams.com\/wp-content\/uploads\/2021\/03\/logo-inverse-teams.png","width":294,"height":99,"caption":"Inverse Teams"},"image":{"@id":"https:\/\/www.inverseteams.com\/fr\/#\/schema\/logo\/image\/"},"sameAs":["https:\/\/www.facebook.com\/inverseteams","http:\/\/instagram.com\/inverseteams","https:\/\/www.linkedin.com\/company\/inverse-cirosport-s-l-?trk=job_view_topcard_company_name","http:\/\/www.pinterest.com\/inverseteams\/","http:\/\/www.youtube.com\/user\/inverseteams?feature=watch"]}]}},"_links":{"self":[{"href":"https:\/\/www.inverseteams.com\/fr\/wp-json\/wp\/v2\/product\/112151","targetHints":{"allow":["GET"]}}],"collection":[{"href":"https:\/\/www.inverseteams.com\/fr\/wp-json\/wp\/v2\/product"}],"about":[{"href":"https:\/\/www.inverseteams.com\/fr\/wp-json\/wp\/v2\/types\/product"}],"replies":[{"embeddable":true,"href":"https:\/\/www.inverseteams.com\/fr\/wp-json\/wp\/v2\/comments?post=112151"}],"wp:featuredmedia":[{"embeddable":true,"href":"https:\/\/www.inverseteams.com\/fr\/wp-json\/wp\/v2\/media\/112016"}],"wp:attachment":[{"href":"https:\/\/www.inverseteams.com\/fr\/wp-json\/wp\/v2\/media?parent=112151"}],"wp:term":[{"taxonomy":"product_brand","embeddable":true,"href":"https:\/\/www.inverseteams.com\/fr\/wp-json\/wp\/v2\/product_brand?post=112151"},{"taxonomy":"product_cat","embeddable":true,"href":"https:\/\/www.inverseteams.com\/fr\/wp-json\/wp\/v2\/product_cat?post=112151"},{"taxonomy":"product_tag","embeddable":true,"href":"https:\/\/www.inverseteams.com\/fr\/wp-json\/wp\/v2\/product_tag?post=112151"},{"taxonomy":"custom_category","embeddable":true,"href":"https:\/\/www.inverseteams.com\/fr\/wp-json\/wp\/v2\/custom_category?post=112151"},{"taxonomy":"range","embeddable":true,"href":"https:\/\/www.inverseteams.com\/fr\/wp-json\/wp\/v2\/range?post=112151"}],"curies":[{"name":"wp","href":"https:\/\/api.w.org\/{rel}","templated":true}]}}