{"id":112150,"date":"2022-12-13T13:25:11","date_gmt":"2022-12-13T13:35:45","guid":{"rendered":"https:\/\/www.inverseteams.com\/?post_type=product&#038;p=112150"},"modified":"2022-12-13T14:05:14","modified_gmt":"2022-12-13T14:05:14","slug":"bandeau-thermique","status":"publish","type":"product","link":"https:\/\/www.inverseteams.com\/fr\/produit\/bandeau-thermique\/","title":{"rendered":"Bandeau thermique"},"content":{"rendered":"<p>Le bandeau thermique est compos\u00e9 de SUPERROUBAIX et prot\u00e8ge les oreilles du froid. Le processus de sublimation garantit que les couleurs ne perdent pas d&rsquo;intensit\u00e9 avec l&rsquo;usure et le passage du temps. Les teintes utilis\u00e9es pour la personnalisation sont \u00e9cologiques.<\/p>\n","protected":false},"excerpt":{"rendered":"<p>Le bandeau thermique est compos\u00e9 de SUPERROUBAIX et prot\u00e8ge les oreilles du froid. Le processus de sublimation garantit que les couleurs ne perdent pas d&rsquo;intensit\u00e9 avec l&rsquo;usure et le passage du temps. Les teintes utilis\u00e9es pour la personnalisation sont \u00e9cologiques.<\/p>\n","protected":false},"featured_media":112012,"comment_status":"closed","ping_status":"open","template":"","meta":{"_acf_changed":false},"product_brand":[],"product_cat":[8305],"product_tag":[],"custom_category":[3349,9140,9088],"range":[9024],"class_list":{"0":"post-112150","1":"product","2":"type-product","3":"status-publish","4":"has-post-thumbnail","6":"product_cat-uncategorized-fr","7":"pa_climatologia-froid","8":"pa_deporte-cyclisme","9":"pa_deporte-running-fr","10":"pa_deporte-trail-fr","11":"pa_genero-homme","12":"pa_genero-femme","13":"pa_genero-infantile-fr","14":"pa_patronaje-regular-fr","15":"pa_tipo-de-prenda-bandeau","16":"custom_category-sport-fr","17":"custom_category-bandeaux-personnalises","18":"custom_category-accessoires-de-sport-personnalises","19":"range-pour-la-tete","21":"first","22":"instock","23":"product-type-custom"},"acf":[],"yoast_head":"<!-- This site is optimized with the Yoast SEO plugin v27.3 - https:\/\/yoast.com\/product\/yoast-seo-wordpress\/ -->\n<title>Bandeau thermique<\/title>\n<meta name=\"description\" content=\"Le bandeau thermique est compos\u00e9 de SUPERROUBAIX et prot\u00e8ge les oreilles du froid. Le processus de sublimation garantit que les couleurs ne perdent pas d&#039;intensit\u00e9 avec l&#039;usure et le passage du temps. Les teintes utilis\u00e9es pour la personnalisation sont \u00e9cologiques.\" \/>\n<meta name=\"robots\" content=\"index, follow, max-snippet:-1, max-image-preview:large, max-video-preview:-1\" \/>\n<link rel=\"canonical\" href=\"https:\/\/www.inverseteams.com\/fr\/produit\/bandeau-thermique\/\" \/>\n<meta property=\"og:locale\" content=\"fr_FR\" \/>\n<meta property=\"og:type\" content=\"article\" \/>\n<meta property=\"og:title\" content=\"Bandeau thermique\" \/>\n<meta property=\"og:description\" content=\"Le bandeau thermique est compos\u00e9 de SUPERROUBAIX et prot\u00e8ge les oreilles du froid. Le processus de sublimation garantit que les couleurs ne perdent pas d&#039;intensit\u00e9 avec l&#039;usure et le passage du temps. Les teintes utilis\u00e9es pour la personnalisation sont \u00e9cologiques.\" \/>\n<meta property=\"og:url\" content=\"https:\/\/www.inverseteams.com\/fr\/produit\/bandeau-thermique\/\" \/>\n<meta property=\"og:site_name\" content=\"Inverseteams\" \/>\n<meta property=\"article:publisher\" content=\"https:\/\/www.facebook.com\/inverseteams\" \/>\n<meta property=\"article:modified_time\" content=\"2022-12-13T14:05:14+00:00\" \/>\n<meta property=\"og:image\" content=\"https:\/\/www.inverseteams.com\/wp-content\/uploads\/CINTA-OREJERA-TERMICA-1.jpg\" \/>\n\t<meta property=\"og:image:width\" content=\"3000\" \/>\n\t<meta property=\"og:image:height\" content=\"3223\" \/>\n\t<meta property=\"og:image:type\" content=\"image\/jpeg\" \/>\n<meta name=\"twitter:card\" content=\"summary_large_image\" \/>\n<script type=\"application\/ld+json\" class=\"yoast-schema-graph\">{\"@context\":\"https:\\\/\\\/schema.org\",\"@graph\":[{\"@type\":\"WebPage\",\"@id\":\"https:\\\/\\\/www.inverseteams.com\\\/fr\\\/produit\\\/bandeau-thermique\\\/\",\"url\":\"https:\\\/\\\/www.inverseteams.com\\\/fr\\\/produit\\\/bandeau-thermique\\\/\",\"name\":\"Bandeau thermique\",\"isPartOf\":{\"@id\":\"https:\\\/\\\/www.inverseteams.com\\\/fr\\\/#website\"},\"primaryImageOfPage\":{\"@id\":\"https:\\\/\\\/www.inverseteams.com\\\/fr\\\/produit\\\/bandeau-thermique\\\/#primaryimage\"},\"image\":{\"@id\":\"https:\\\/\\\/www.inverseteams.com\\\/fr\\\/produit\\\/bandeau-thermique\\\/#primaryimage\"},\"thumbnailUrl\":\"https:\\\/\\\/www.inverseteams.com\\\/wp-content\\\/uploads\\\/CINTA-OREJERA-TERMICA-1.jpg\",\"datePublished\":\"2022-12-13T13:35:45+00:00\",\"dateModified\":\"2022-12-13T14:05:14+00:00\",\"description\":\"Le bandeau thermique est compos\u00e9 de SUPERROUBAIX et prot\u00e8ge les oreilles du froid. Le processus de sublimation garantit que les couleurs ne perdent pas d'intensit\u00e9 avec l'usure et le passage du temps. Les teintes utilis\u00e9es pour la personnalisation sont \u00e9cologiques.\",\"breadcrumb\":{\"@id\":\"https:\\\/\\\/www.inverseteams.com\\\/fr\\\/produit\\\/bandeau-thermique\\\/#breadcrumb\"},\"inLanguage\":\"fr-FR\",\"potentialAction\":[{\"@type\":\"ReadAction\",\"target\":[\"https:\\\/\\\/www.inverseteams.com\\\/fr\\\/produit\\\/bandeau-thermique\\\/\"]}]},{\"@type\":\"ImageObject\",\"inLanguage\":\"fr-FR\",\"@id\":\"https:\\\/\\\/www.inverseteams.com\\\/fr\\\/produit\\\/bandeau-thermique\\\/#primaryimage\",\"url\":\"https:\\\/\\\/www.inverseteams.com\\\/wp-content\\\/uploads\\\/CINTA-OREJERA-TERMICA-1.jpg\",\"contentUrl\":\"https:\\\/\\\/www.inverseteams.com\\\/wp-content\\\/uploads\\\/CINTA-OREJERA-TERMICA-1.jpg\",\"width\":3000,\"height\":3223,\"caption\":\"Bandeau thermique personnalisable\"},{\"@type\":\"BreadcrumbList\",\"@id\":\"https:\\\/\\\/www.inverseteams.com\\\/fr\\\/produit\\\/bandeau-thermique\\\/#breadcrumb\",\"itemListElement\":[{\"@type\":\"ListItem\",\"position\":1,\"name\":\"Portada\",\"item\":\"https:\\\/\\\/www.inverseteams.com\\\/fr\\\/pagina-principal\\\/\"},{\"@type\":\"ListItem\",\"position\":2,\"name\":\"Panier\",\"item\":\"https:\\\/\\\/www.inverseteams.com\\\/fr\\\/panier\\\/\"},{\"@type\":\"ListItem\",\"position\":3,\"name\":\"Bandeau thermique\"}]},{\"@type\":\"WebSite\",\"@id\":\"https:\\\/\\\/www.inverseteams.com\\\/fr\\\/#website\",\"url\":\"https:\\\/\\\/www.inverseteams.com\\\/fr\\\/\",\"name\":\"Inverseteams\",\"description\":\"Tu marca de ropa deportiva personalizada\",\"publisher\":{\"@id\":\"https:\\\/\\\/www.inverseteams.com\\\/fr\\\/#organization\"},\"potentialAction\":[{\"@type\":\"SearchAction\",\"target\":{\"@type\":\"EntryPoint\",\"urlTemplate\":\"https:\\\/\\\/www.inverseteams.com\\\/fr\\\/?s={search_term_string}\"},\"query-input\":{\"@type\":\"PropertyValueSpecification\",\"valueRequired\":true,\"valueName\":\"search_term_string\"}}],\"inLanguage\":\"fr-FR\"},{\"@type\":\"Organization\",\"@id\":\"https:\\\/\\\/www.inverseteams.com\\\/fr\\\/#organization\",\"name\":\"Inverse Teams\",\"url\":\"https:\\\/\\\/www.inverseteams.com\\\/fr\\\/\",\"logo\":{\"@type\":\"ImageObject\",\"inLanguage\":\"fr-FR\",\"@id\":\"https:\\\/\\\/www.inverseteams.com\\\/fr\\\/#\\\/schema\\\/logo\\\/image\\\/\",\"url\":\"https:\\\/\\\/www.inverseteams.com\\\/wp-content\\\/uploads\\\/2021\\\/03\\\/logo-inverse-teams.png\",\"contentUrl\":\"https:\\\/\\\/www.inverseteams.com\\\/wp-content\\\/uploads\\\/2021\\\/03\\\/logo-inverse-teams.png\",\"width\":294,\"height\":99,\"caption\":\"Inverse Teams\"},\"image\":{\"@id\":\"https:\\\/\\\/www.inverseteams.com\\\/fr\\\/#\\\/schema\\\/logo\\\/image\\\/\"},\"sameAs\":[\"https:\\\/\\\/www.facebook.com\\\/inverseteams\",\"http:\\\/\\\/instagram.com\\\/inverseteams\",\"https:\\\/\\\/www.linkedin.com\\\/company\\\/inverse-cirosport-s-l-?trk=job_view_topcard_company_name\",\"http:\\\/\\\/www.pinterest.com\\\/inverseteams\\\/\",\"http:\\\/\\\/www.youtube.com\\\/user\\\/inverseteams?feature=watch\"]}]}<\/script>\n<!-- \/ Yoast SEO plugin. -->","yoast_head_json":{"title":"Bandeau thermique","description":"Le bandeau thermique est compos\u00e9 de SUPERROUBAIX et prot\u00e8ge les oreilles du froid. Le processus de sublimation garantit que les couleurs ne perdent pas d'intensit\u00e9 avec l'usure et le passage du temps. Les teintes utilis\u00e9es pour la personnalisation sont \u00e9cologiques.","robots":{"index":"index","follow":"follow","max-snippet":"max-snippet:-1","max-image-preview":"max-image-preview:large","max-video-preview":"max-video-preview:-1"},"canonical":"https:\/\/www.inverseteams.com\/fr\/produit\/bandeau-thermique\/","og_locale":"fr_FR","og_type":"article","og_title":"Bandeau thermique","og_description":"Le bandeau thermique est compos\u00e9 de SUPERROUBAIX et prot\u00e8ge les oreilles du froid. Le processus de sublimation garantit que les couleurs ne perdent pas d'intensit\u00e9 avec l'usure et le passage du temps. Les teintes utilis\u00e9es pour la personnalisation sont \u00e9cologiques.","og_url":"https:\/\/www.inverseteams.com\/fr\/produit\/bandeau-thermique\/","og_site_name":"Inverseteams","article_publisher":"https:\/\/www.facebook.com\/inverseteams","article_modified_time":"2022-12-13T14:05:14+00:00","og_image":[{"width":3000,"height":3223,"url":"https:\/\/www.inverseteams.com\/wp-content\/uploads\/CINTA-OREJERA-TERMICA-1.jpg","type":"image\/jpeg"}],"twitter_card":"summary_large_image","schema":{"@context":"https:\/\/schema.org","@graph":[{"@type":"WebPage","@id":"https:\/\/www.inverseteams.com\/fr\/produit\/bandeau-thermique\/","url":"https:\/\/www.inverseteams.com\/fr\/produit\/bandeau-thermique\/","name":"Bandeau thermique","isPartOf":{"@id":"https:\/\/www.inverseteams.com\/fr\/#website"},"primaryImageOfPage":{"@id":"https:\/\/www.inverseteams.com\/fr\/produit\/bandeau-thermique\/#primaryimage"},"image":{"@id":"https:\/\/www.inverseteams.com\/fr\/produit\/bandeau-thermique\/#primaryimage"},"thumbnailUrl":"https:\/\/www.inverseteams.com\/wp-content\/uploads\/CINTA-OREJERA-TERMICA-1.jpg","datePublished":"2022-12-13T13:35:45+00:00","dateModified":"2022-12-13T14:05:14+00:00","description":"Le bandeau thermique est compos\u00e9 de SUPERROUBAIX et prot\u00e8ge les oreilles du froid. Le processus de sublimation garantit que les couleurs ne perdent pas d'intensit\u00e9 avec l'usure et le passage du temps. Les teintes utilis\u00e9es pour la personnalisation sont \u00e9cologiques.","breadcrumb":{"@id":"https:\/\/www.inverseteams.com\/fr\/produit\/bandeau-thermique\/#breadcrumb"},"inLanguage":"fr-FR","potentialAction":[{"@type":"ReadAction","target":["https:\/\/www.inverseteams.com\/fr\/produit\/bandeau-thermique\/"]}]},{"@type":"ImageObject","inLanguage":"fr-FR","@id":"https:\/\/www.inverseteams.com\/fr\/produit\/bandeau-thermique\/#primaryimage","url":"https:\/\/www.inverseteams.com\/wp-content\/uploads\/CINTA-OREJERA-TERMICA-1.jpg","contentUrl":"https:\/\/www.inverseteams.com\/wp-content\/uploads\/CINTA-OREJERA-TERMICA-1.jpg","width":3000,"height":3223,"caption":"Bandeau thermique personnalisable"},{"@type":"BreadcrumbList","@id":"https:\/\/www.inverseteams.com\/fr\/produit\/bandeau-thermique\/#breadcrumb","itemListElement":[{"@type":"ListItem","position":1,"name":"Portada","item":"https:\/\/www.inverseteams.com\/fr\/pagina-principal\/"},{"@type":"ListItem","position":2,"name":"Panier","item":"https:\/\/www.inverseteams.com\/fr\/panier\/"},{"@type":"ListItem","position":3,"name":"Bandeau thermique"}]},{"@type":"WebSite","@id":"https:\/\/www.inverseteams.com\/fr\/#website","url":"https:\/\/www.inverseteams.com\/fr\/","name":"Inverseteams","description":"Tu marca de ropa deportiva personalizada","publisher":{"@id":"https:\/\/www.inverseteams.com\/fr\/#organization"},"potentialAction":[{"@type":"SearchAction","target":{"@type":"EntryPoint","urlTemplate":"https:\/\/www.inverseteams.com\/fr\/?s={search_term_string}"},"query-input":{"@type":"PropertyValueSpecification","valueRequired":true,"valueName":"search_term_string"}}],"inLanguage":"fr-FR"},{"@type":"Organization","@id":"https:\/\/www.inverseteams.com\/fr\/#organization","name":"Inverse Teams","url":"https:\/\/www.inverseteams.com\/fr\/","logo":{"@type":"ImageObject","inLanguage":"fr-FR","@id":"https:\/\/www.inverseteams.com\/fr\/#\/schema\/logo\/image\/","url":"https:\/\/www.inverseteams.com\/wp-content\/uploads\/2021\/03\/logo-inverse-teams.png","contentUrl":"https:\/\/www.inverseteams.com\/wp-content\/uploads\/2021\/03\/logo-inverse-teams.png","width":294,"height":99,"caption":"Inverse Teams"},"image":{"@id":"https:\/\/www.inverseteams.com\/fr\/#\/schema\/logo\/image\/"},"sameAs":["https:\/\/www.facebook.com\/inverseteams","http:\/\/instagram.com\/inverseteams","https:\/\/www.linkedin.com\/company\/inverse-cirosport-s-l-?trk=job_view_topcard_company_name","http:\/\/www.pinterest.com\/inverseteams\/","http:\/\/www.youtube.com\/user\/inverseteams?feature=watch"]}]}},"_links":{"self":[{"href":"https:\/\/www.inverseteams.com\/fr\/wp-json\/wp\/v2\/product\/112150","targetHints":{"allow":["GET"]}}],"collection":[{"href":"https:\/\/www.inverseteams.com\/fr\/wp-json\/wp\/v2\/product"}],"about":[{"href":"https:\/\/www.inverseteams.com\/fr\/wp-json\/wp\/v2\/types\/product"}],"replies":[{"embeddable":true,"href":"https:\/\/www.inverseteams.com\/fr\/wp-json\/wp\/v2\/comments?post=112150"}],"wp:featuredmedia":[{"embeddable":true,"href":"https:\/\/www.inverseteams.com\/fr\/wp-json\/wp\/v2\/media\/112012"}],"wp:attachment":[{"href":"https:\/\/www.inverseteams.com\/fr\/wp-json\/wp\/v2\/media?parent=112150"}],"wp:term":[{"taxonomy":"product_brand","embeddable":true,"href":"https:\/\/www.inverseteams.com\/fr\/wp-json\/wp\/v2\/product_brand?post=112150"},{"taxonomy":"product_cat","embeddable":true,"href":"https:\/\/www.inverseteams.com\/fr\/wp-json\/wp\/v2\/product_cat?post=112150"},{"taxonomy":"product_tag","embeddable":true,"href":"https:\/\/www.inverseteams.com\/fr\/wp-json\/wp\/v2\/product_tag?post=112150"},{"taxonomy":"custom_category","embeddable":true,"href":"https:\/\/www.inverseteams.com\/fr\/wp-json\/wp\/v2\/custom_category?post=112150"},{"taxonomy":"range","embeddable":true,"href":"https:\/\/www.inverseteams.com\/fr\/wp-json\/wp\/v2\/range?post=112150"}],"curies":[{"name":"wp","href":"https:\/\/api.w.org\/{rel}","templated":true}]}}