{"id":112147,"date":"2022-12-13T13:24:57","date_gmt":"2022-12-13T13:35:02","guid":{"rendered":"https:\/\/www.inverseteams.com\/?post_type=product&#038;p=112147"},"modified":"2022-12-13T13:56:12","modified_gmt":"2022-12-13T13:56:12","slug":"sur-chaussures-lycra","status":"publish","type":"product","link":"https:\/\/www.inverseteams.com\/fr\/produit\/sur-chaussures-lycra\/","title":{"rendered":"Sur-chaussures LYCRA"},"content":{"rendered":"<p>La sur-chaussure d&rsquo;\u00e9t\u00e9 est faite en LYCRA. Sa fonction principale est d&rsquo;am\u00e9liorer l&rsquo;a\u00e9rodynamisme, et si vous le personnalisez avec des couleurs vives, vous augmenterez votre visibilit\u00e9 sur la route.. Le processus de sublimation garantit que les couleurs ne perdent pas d&rsquo;intensit\u00e9 avec l&rsquo;usure et le passage du temps. Les teintes utilis\u00e9es pour la personnalisation sont \u00e9cologiques.<\/p>\n","protected":false},"excerpt":{"rendered":"<p>La sur-chaussure d&rsquo;\u00e9t\u00e9 est faite en LYCRA. Sa fonction principale est d&rsquo;am\u00e9liorer l&rsquo;a\u00e9rodynamisme, et si vous le personnalisez avec des couleurs vives, vous augmenterez votre visibilit\u00e9 sur la route.. Le processus de sublimation garantit que les couleurs ne perdent pas d&rsquo;intensit\u00e9 avec l&rsquo;usure et le passage du temps. Les teintes utilis\u00e9es pour la personnalisation sont \u00e9cologiques.<\/p>\n","protected":false},"featured_media":111851,"comment_status":"closed","ping_status":"open","template":"","meta":{"_acf_changed":false},"product_brand":[],"product_cat":[8305],"product_tag":[],"custom_category":[3349,9128,9088],"range":[9023],"class_list":{"0":"post-112147","1":"product","2":"type-product","3":"status-publish","4":"has-post-thumbnail","6":"product_cat-uncategorized-fr","7":"pa_climatologia-chaud","8":"pa_climatologia-temperature-chaude","9":"pa_deporte-cyclisme","10":"pa_genero-femme","11":"pa_genero-infantile-fr","12":"pa_genero-homme","13":"pa_patronaje-fit-fr","14":"pa_tipo-de-prenda-sur-chaussures","15":"custom_category-sport-fr","16":"custom_category-sur-chaussures-personnalises","17":"custom_category-accessoires-de-sport-personnalises","18":"range-echauffement","20":"first","21":"instock","22":"product-type-custom"},"acf":[],"yoast_head":"<!-- This site is optimized with the Yoast SEO plugin v27.3 - https:\/\/yoast.com\/product\/yoast-seo-wordpress\/ -->\n<title>Sur-chaussures LYCRA<\/title>\n<meta name=\"description\" content=\"La sur-chaussure d&#039;\u00e9t\u00e9 est faite en LYCRA. Sa fonction principale est d&#039;am\u00e9liorer l&#039;a\u00e9rodynamisme, et si vous le personnalisez avec des couleurs vives, vous augmenterez votre visibilit\u00e9 sur la route.. Le processus de sublimation garantit que les couleurs ne perdent pas d&#039;intensit\u00e9 avec l&#039;usure et le passage du temps. Les teintes utilis\u00e9es pour la personnalisation sont \u00e9cologiques.\" \/>\n<meta name=\"robots\" content=\"index, follow, max-snippet:-1, max-image-preview:large, max-video-preview:-1\" \/>\n<link rel=\"canonical\" href=\"https:\/\/www.inverseteams.com\/fr\/produit\/sur-chaussures-lycra\/\" \/>\n<meta property=\"og:locale\" content=\"fr_FR\" \/>\n<meta property=\"og:type\" content=\"article\" \/>\n<meta property=\"og:title\" content=\"Sur-chaussures LYCRA\" \/>\n<meta property=\"og:description\" content=\"La sur-chaussure d&#039;\u00e9t\u00e9 est faite en LYCRA. Sa fonction principale est d&#039;am\u00e9liorer l&#039;a\u00e9rodynamisme, et si vous le personnalisez avec des couleurs vives, vous augmenterez votre visibilit\u00e9 sur la route.. Le processus de sublimation garantit que les couleurs ne perdent pas d&#039;intensit\u00e9 avec l&#039;usure et le passage du temps. Les teintes utilis\u00e9es pour la personnalisation sont \u00e9cologiques.\" \/>\n<meta property=\"og:url\" content=\"https:\/\/www.inverseteams.com\/fr\/produit\/sur-chaussures-lycra\/\" \/>\n<meta property=\"og:site_name\" content=\"Inverseteams\" \/>\n<meta property=\"article:publisher\" content=\"https:\/\/www.facebook.com\/inverseteams\" \/>\n<meta property=\"article:modified_time\" content=\"2022-12-13T13:56:12+00:00\" \/>\n<meta property=\"og:image\" content=\"https:\/\/www.inverseteams.com\/wp-content\/uploads\/BOTIN-CICLISMO-LYCRA-PERSONALIZADO-1.jpg\" \/>\n\t<meta property=\"og:image:width\" content=\"3000\" \/>\n\t<meta property=\"og:image:height\" content=\"3223\" \/>\n\t<meta property=\"og:image:type\" content=\"image\/jpeg\" \/>\n<meta name=\"twitter:card\" content=\"summary_large_image\" \/>\n<script type=\"application\/ld+json\" class=\"yoast-schema-graph\">{\"@context\":\"https:\\\/\\\/schema.org\",\"@graph\":[{\"@type\":\"WebPage\",\"@id\":\"https:\\\/\\\/www.inverseteams.com\\\/fr\\\/produit\\\/sur-chaussures-lycra\\\/\",\"url\":\"https:\\\/\\\/www.inverseteams.com\\\/fr\\\/produit\\\/sur-chaussures-lycra\\\/\",\"name\":\"Sur-chaussures LYCRA\",\"isPartOf\":{\"@id\":\"https:\\\/\\\/www.inverseteams.com\\\/fr\\\/#website\"},\"primaryImageOfPage\":{\"@id\":\"https:\\\/\\\/www.inverseteams.com\\\/fr\\\/produit\\\/sur-chaussures-lycra\\\/#primaryimage\"},\"image\":{\"@id\":\"https:\\\/\\\/www.inverseteams.com\\\/fr\\\/produit\\\/sur-chaussures-lycra\\\/#primaryimage\"},\"thumbnailUrl\":\"https:\\\/\\\/www.inverseteams.com\\\/wp-content\\\/uploads\\\/BOTIN-CICLISMO-LYCRA-PERSONALIZADO-1.jpg\",\"datePublished\":\"2022-12-13T13:35:02+00:00\",\"dateModified\":\"2022-12-13T13:56:12+00:00\",\"description\":\"La sur-chaussure d'\u00e9t\u00e9 est faite en LYCRA. Sa fonction principale est d'am\u00e9liorer l'a\u00e9rodynamisme, et si vous le personnalisez avec des couleurs vives, vous augmenterez votre visibilit\u00e9 sur la route.. Le processus de sublimation garantit que les couleurs ne perdent pas d'intensit\u00e9 avec l'usure et le passage du temps. Les teintes utilis\u00e9es pour la personnalisation sont \u00e9cologiques.\",\"breadcrumb\":{\"@id\":\"https:\\\/\\\/www.inverseteams.com\\\/fr\\\/produit\\\/sur-chaussures-lycra\\\/#breadcrumb\"},\"inLanguage\":\"fr-FR\",\"potentialAction\":[{\"@type\":\"ReadAction\",\"target\":[\"https:\\\/\\\/www.inverseteams.com\\\/fr\\\/produit\\\/sur-chaussures-lycra\\\/\"]}]},{\"@type\":\"ImageObject\",\"inLanguage\":\"fr-FR\",\"@id\":\"https:\\\/\\\/www.inverseteams.com\\\/fr\\\/produit\\\/sur-chaussures-lycra\\\/#primaryimage\",\"url\":\"https:\\\/\\\/www.inverseteams.com\\\/wp-content\\\/uploads\\\/BOTIN-CICLISMO-LYCRA-PERSONALIZADO-1.jpg\",\"contentUrl\":\"https:\\\/\\\/www.inverseteams.com\\\/wp-content\\\/uploads\\\/BOTIN-CICLISMO-LYCRA-PERSONALIZADO-1.jpg\",\"width\":3000,\"height\":3223,\"caption\":\"Sur-chaussure cyclisme personnalis\u00e9\"},{\"@type\":\"BreadcrumbList\",\"@id\":\"https:\\\/\\\/www.inverseteams.com\\\/fr\\\/produit\\\/sur-chaussures-lycra\\\/#breadcrumb\",\"itemListElement\":[{\"@type\":\"ListItem\",\"position\":1,\"name\":\"Portada\",\"item\":\"https:\\\/\\\/www.inverseteams.com\\\/fr\\\/pagina-principal\\\/\"},{\"@type\":\"ListItem\",\"position\":2,\"name\":\"Panier\",\"item\":\"https:\\\/\\\/www.inverseteams.com\\\/fr\\\/panier\\\/\"},{\"@type\":\"ListItem\",\"position\":3,\"name\":\"Sur-chaussures LYCRA\"}]},{\"@type\":\"WebSite\",\"@id\":\"https:\\\/\\\/www.inverseteams.com\\\/fr\\\/#website\",\"url\":\"https:\\\/\\\/www.inverseteams.com\\\/fr\\\/\",\"name\":\"Inverseteams\",\"description\":\"Tu marca de ropa deportiva personalizada\",\"publisher\":{\"@id\":\"https:\\\/\\\/www.inverseteams.com\\\/fr\\\/#organization\"},\"potentialAction\":[{\"@type\":\"SearchAction\",\"target\":{\"@type\":\"EntryPoint\",\"urlTemplate\":\"https:\\\/\\\/www.inverseteams.com\\\/fr\\\/?s={search_term_string}\"},\"query-input\":{\"@type\":\"PropertyValueSpecification\",\"valueRequired\":true,\"valueName\":\"search_term_string\"}}],\"inLanguage\":\"fr-FR\"},{\"@type\":\"Organization\",\"@id\":\"https:\\\/\\\/www.inverseteams.com\\\/fr\\\/#organization\",\"name\":\"Inverse Teams\",\"url\":\"https:\\\/\\\/www.inverseteams.com\\\/fr\\\/\",\"logo\":{\"@type\":\"ImageObject\",\"inLanguage\":\"fr-FR\",\"@id\":\"https:\\\/\\\/www.inverseteams.com\\\/fr\\\/#\\\/schema\\\/logo\\\/image\\\/\",\"url\":\"http:\\\/\\\/www.inverseteams.com\\\/wp-content\\\/uploads\\\/2021\\\/03\\\/logo-inverse-teams.png\",\"contentUrl\":\"http:\\\/\\\/www.inverseteams.com\\\/wp-content\\\/uploads\\\/2021\\\/03\\\/logo-inverse-teams.png\",\"width\":294,\"height\":99,\"caption\":\"Inverse Teams\"},\"image\":{\"@id\":\"https:\\\/\\\/www.inverseteams.com\\\/fr\\\/#\\\/schema\\\/logo\\\/image\\\/\"},\"sameAs\":[\"https:\\\/\\\/www.facebook.com\\\/inverseteams\",\"http:\\\/\\\/instagram.com\\\/inverseteams\",\"https:\\\/\\\/www.linkedin.com\\\/company\\\/inverse-cirosport-s-l-?trk=job_view_topcard_company_name\",\"http:\\\/\\\/www.pinterest.com\\\/inverseteams\\\/\",\"http:\\\/\\\/www.youtube.com\\\/user\\\/inverseteams?feature=watch\"]}]}<\/script>\n<!-- \/ Yoast SEO plugin. -->","yoast_head_json":{"title":"Sur-chaussures LYCRA","description":"La sur-chaussure d'\u00e9t\u00e9 est faite en LYCRA. Sa fonction principale est d'am\u00e9liorer l'a\u00e9rodynamisme, et si vous le personnalisez avec des couleurs vives, vous augmenterez votre visibilit\u00e9 sur la route.. Le processus de sublimation garantit que les couleurs ne perdent pas d'intensit\u00e9 avec l'usure et le passage du temps. Les teintes utilis\u00e9es pour la personnalisation sont \u00e9cologiques.","robots":{"index":"index","follow":"follow","max-snippet":"max-snippet:-1","max-image-preview":"max-image-preview:large","max-video-preview":"max-video-preview:-1"},"canonical":"https:\/\/www.inverseteams.com\/fr\/produit\/sur-chaussures-lycra\/","og_locale":"fr_FR","og_type":"article","og_title":"Sur-chaussures LYCRA","og_description":"La sur-chaussure d'\u00e9t\u00e9 est faite en LYCRA. Sa fonction principale est d'am\u00e9liorer l'a\u00e9rodynamisme, et si vous le personnalisez avec des couleurs vives, vous augmenterez votre visibilit\u00e9 sur la route.. Le processus de sublimation garantit que les couleurs ne perdent pas d'intensit\u00e9 avec l'usure et le passage du temps. Les teintes utilis\u00e9es pour la personnalisation sont \u00e9cologiques.","og_url":"https:\/\/www.inverseteams.com\/fr\/produit\/sur-chaussures-lycra\/","og_site_name":"Inverseteams","article_publisher":"https:\/\/www.facebook.com\/inverseteams","article_modified_time":"2022-12-13T13:56:12+00:00","og_image":[{"width":3000,"height":3223,"url":"https:\/\/www.inverseteams.com\/wp-content\/uploads\/BOTIN-CICLISMO-LYCRA-PERSONALIZADO-1.jpg","type":"image\/jpeg"}],"twitter_card":"summary_large_image","schema":{"@context":"https:\/\/schema.org","@graph":[{"@type":"WebPage","@id":"https:\/\/www.inverseteams.com\/fr\/produit\/sur-chaussures-lycra\/","url":"https:\/\/www.inverseteams.com\/fr\/produit\/sur-chaussures-lycra\/","name":"Sur-chaussures LYCRA","isPartOf":{"@id":"https:\/\/www.inverseteams.com\/fr\/#website"},"primaryImageOfPage":{"@id":"https:\/\/www.inverseteams.com\/fr\/produit\/sur-chaussures-lycra\/#primaryimage"},"image":{"@id":"https:\/\/www.inverseteams.com\/fr\/produit\/sur-chaussures-lycra\/#primaryimage"},"thumbnailUrl":"https:\/\/www.inverseteams.com\/wp-content\/uploads\/BOTIN-CICLISMO-LYCRA-PERSONALIZADO-1.jpg","datePublished":"2022-12-13T13:35:02+00:00","dateModified":"2022-12-13T13:56:12+00:00","description":"La sur-chaussure d'\u00e9t\u00e9 est faite en LYCRA. Sa fonction principale est d'am\u00e9liorer l'a\u00e9rodynamisme, et si vous le personnalisez avec des couleurs vives, vous augmenterez votre visibilit\u00e9 sur la route.. Le processus de sublimation garantit que les couleurs ne perdent pas d'intensit\u00e9 avec l'usure et le passage du temps. Les teintes utilis\u00e9es pour la personnalisation sont \u00e9cologiques.","breadcrumb":{"@id":"https:\/\/www.inverseteams.com\/fr\/produit\/sur-chaussures-lycra\/#breadcrumb"},"inLanguage":"fr-FR","potentialAction":[{"@type":"ReadAction","target":["https:\/\/www.inverseteams.com\/fr\/produit\/sur-chaussures-lycra\/"]}]},{"@type":"ImageObject","inLanguage":"fr-FR","@id":"https:\/\/www.inverseteams.com\/fr\/produit\/sur-chaussures-lycra\/#primaryimage","url":"https:\/\/www.inverseteams.com\/wp-content\/uploads\/BOTIN-CICLISMO-LYCRA-PERSONALIZADO-1.jpg","contentUrl":"https:\/\/www.inverseteams.com\/wp-content\/uploads\/BOTIN-CICLISMO-LYCRA-PERSONALIZADO-1.jpg","width":3000,"height":3223,"caption":"Sur-chaussure cyclisme personnalis\u00e9"},{"@type":"BreadcrumbList","@id":"https:\/\/www.inverseteams.com\/fr\/produit\/sur-chaussures-lycra\/#breadcrumb","itemListElement":[{"@type":"ListItem","position":1,"name":"Portada","item":"https:\/\/www.inverseteams.com\/fr\/pagina-principal\/"},{"@type":"ListItem","position":2,"name":"Panier","item":"https:\/\/www.inverseteams.com\/fr\/panier\/"},{"@type":"ListItem","position":3,"name":"Sur-chaussures LYCRA"}]},{"@type":"WebSite","@id":"https:\/\/www.inverseteams.com\/fr\/#website","url":"https:\/\/www.inverseteams.com\/fr\/","name":"Inverseteams","description":"Tu marca de ropa deportiva personalizada","publisher":{"@id":"https:\/\/www.inverseteams.com\/fr\/#organization"},"potentialAction":[{"@type":"SearchAction","target":{"@type":"EntryPoint","urlTemplate":"https:\/\/www.inverseteams.com\/fr\/?s={search_term_string}"},"query-input":{"@type":"PropertyValueSpecification","valueRequired":true,"valueName":"search_term_string"}}],"inLanguage":"fr-FR"},{"@type":"Organization","@id":"https:\/\/www.inverseteams.com\/fr\/#organization","name":"Inverse Teams","url":"https:\/\/www.inverseteams.com\/fr\/","logo":{"@type":"ImageObject","inLanguage":"fr-FR","@id":"https:\/\/www.inverseteams.com\/fr\/#\/schema\/logo\/image\/","url":"https:\/\/www.inverseteams.com\/wp-content\/uploads\/2021\/03\/logo-inverse-teams.png","contentUrl":"https:\/\/www.inverseteams.com\/wp-content\/uploads\/2021\/03\/logo-inverse-teams.png","width":294,"height":99,"caption":"Inverse Teams"},"image":{"@id":"https:\/\/www.inverseteams.com\/fr\/#\/schema\/logo\/image\/"},"sameAs":["https:\/\/www.facebook.com\/inverseteams","http:\/\/instagram.com\/inverseteams","https:\/\/www.linkedin.com\/company\/inverse-cirosport-s-l-?trk=job_view_topcard_company_name","http:\/\/www.pinterest.com\/inverseteams\/","http:\/\/www.youtube.com\/user\/inverseteams?feature=watch"]}]}},"_links":{"self":[{"href":"https:\/\/www.inverseteams.com\/fr\/wp-json\/wp\/v2\/product\/112147","targetHints":{"allow":["GET"]}}],"collection":[{"href":"https:\/\/www.inverseteams.com\/fr\/wp-json\/wp\/v2\/product"}],"about":[{"href":"https:\/\/www.inverseteams.com\/fr\/wp-json\/wp\/v2\/types\/product"}],"replies":[{"embeddable":true,"href":"https:\/\/www.inverseteams.com\/fr\/wp-json\/wp\/v2\/comments?post=112147"}],"wp:featuredmedia":[{"embeddable":true,"href":"https:\/\/www.inverseteams.com\/fr\/wp-json\/wp\/v2\/media\/111851"}],"wp:attachment":[{"href":"https:\/\/www.inverseteams.com\/fr\/wp-json\/wp\/v2\/media?parent=112147"}],"wp:term":[{"taxonomy":"product_brand","embeddable":true,"href":"https:\/\/www.inverseteams.com\/fr\/wp-json\/wp\/v2\/product_brand?post=112147"},{"taxonomy":"product_cat","embeddable":true,"href":"https:\/\/www.inverseteams.com\/fr\/wp-json\/wp\/v2\/product_cat?post=112147"},{"taxonomy":"product_tag","embeddable":true,"href":"https:\/\/www.inverseteams.com\/fr\/wp-json\/wp\/v2\/product_tag?post=112147"},{"taxonomy":"custom_category","embeddable":true,"href":"https:\/\/www.inverseteams.com\/fr\/wp-json\/wp\/v2\/custom_category?post=112147"},{"taxonomy":"range","embeddable":true,"href":"https:\/\/www.inverseteams.com\/fr\/wp-json\/wp\/v2\/range?post=112147"}],"curies":[{"name":"wp","href":"https:\/\/api.w.org\/{rel}","templated":true}]}}