{"id":105885,"date":"2022-11-15T11:04:33","date_gmt":"2022-11-15T11:36:27","guid":{"rendered":"https:\/\/www.inverseteams.com\/?post_type=product&#038;p=105885"},"modified":"2024-06-03T00:03:32","modified_gmt":"2024-06-03T00:03:32","slug":"collant-velo-ct-femme-air","status":"publish","type":"product","link":"https:\/\/www.inverseteams.com\/fr\/produit\/collant-velo-ct-femme-air\/","title":{"rendered":"Collant v\u00e9lo avec brettelles pour femme AIR"},"content":{"rendered":"<p>Collant v\u00e9lo femme extraordinaire pour combattre le froid. Il combine les tissus SUPER ROUBAIX et THERMAL SPIRIT qui maintiennent la chaleur et offrent la compression musculaire n\u00e9cessaire pour retarder la fatigue. Son \u00e9lasticit\u00e9 permet une grande libert\u00e9 de mouvement. Le patron de ce collant est co<span class=\"truncated\">n\u00e7u pour s\u2019adapter parfaitement aux diff\u00e9rentes positions sur le v\u00e9lo sans opposer r\u00e9sistance.<br \/>\nLes bretelles distribuent correctement le poids pour \u00e9viter des blessures et vous permettre de longues s\u00e9ances de v\u00e9lo.<br \/>\n\u00c0 l\u2019extr\u00e9mit\u00e9 des jambes, ce collant a une bande \u00e9lastique microperfor\u00e9e recouverte \u00e0 l\u2019int\u00e9rieur d\u2019un grip en silicone hypoallerg\u00e9nique qui maintient la pi\u00e8ce solidement attach\u00e9e \u00e0 la jambe. Dans la zone arri\u00e8re, il a des lignes r\u00e9fl\u00e9chissantes qui augmentent votre s\u00e9curit\u00e9 en r\u00e9fl\u00e9chissant les lumi\u00e8res des autres v\u00e9hicules.<br \/>\nEquip\u00e9 avec la peau OUTLAST compos\u00e9 de 3 densit\u00e9s qui s\u2019adaptera \u00e0 votre anatomie et \u00e0 votre style de p\u00e9dalage.<\/span><\/p>\n","protected":false},"excerpt":{"rendered":"<p>Collant v\u00e9lo femme extraordinaire pour combattre le froid. Il combine les tissus SUPER ROUBAIX et THERMAL SPIRIT qui maintiennent la chaleur et offrent la compression musculaire n\u00e9cessaire pour retarder la fatigue. Son \u00e9lasticit\u00e9 permet une grande libert\u00e9 de mouvement. Le patron de ce collant est co<span class=\"truncated\">n\u00e7u pour s\u2019adapter parfaitement aux diff\u00e9rentes positions sur le v\u00e9lo sans opposer r\u00e9sistance.<br \/>\nLes bretelles distribuent correctement le poids pour \u00e9viter des blessures et vous permettre de longues s\u00e9ances de v\u00e9lo.<br \/>\n\u00c0 l\u2019extr\u00e9mit\u00e9 des jambes, ce collant a une bande \u00e9lastique microperfor\u00e9e recouverte \u00e0 l\u2019int\u00e9rieur d\u2019un grip en silicone hypoallerg\u00e9nique qui maintient la pi\u00e8ce solidement attach\u00e9e \u00e0 la jambe. Dans la zone arri\u00e8re, il a des lignes r\u00e9fl\u00e9chissantes qui augmentent votre s\u00e9curit\u00e9 en r\u00e9fl\u00e9chissant les lumi\u00e8res des autres v\u00e9hicules.<br \/>\nEquip\u00e9 avec la peau OUTLAST compos\u00e9 de 3 densit\u00e9s qui s\u2019adaptera \u00e0 votre anatomie et \u00e0 votre style de p\u00e9dalage.<\/span><\/p>\n","protected":false},"featured_media":105853,"comment_status":"closed","ping_status":"closed","template":"","meta":{"_acf_changed":false},"product_brand":[],"product_cat":[3230,3236,3252,7177],"product_tag":[],"custom_category":[],"range":[],"class_list":{"0":"post-105885","1":"product","2":"type-product","3":"status-publish","4":"has-post-thumbnail","6":"product_cat-cyclisme-fr","7":"product_cat-femme","8":"product_cat-pantalon-ciclista-fr","9":"product_cat-b2b-fr","10":"pa_climatologia-froid","11":"pa_deporte-cyclisme","12":"pa_genero-femme","13":"pa_patronaje-fit-fr","14":"pa_talla-l-fr","15":"pa_talla-m-fr","16":"pa_talla-s-fr","17":"pa_talla-xs-fr","18":"pa_tipo-de-prenda-collant-velo-fr","20":"first","21":"outofstock","22":"taxable","23":"shipping-taxable","24":"purchasable","25":"product-type-variable","26":"has-default-attributes"},"acf":[],"yoast_head":"<!-- This site is optimized with the Yoast SEO plugin v27.3 - https:\/\/yoast.com\/product\/yoast-seo-wordpress\/ -->\n<title>Collant v\u00e9lo femme AIR 22<\/title>\n<meta name=\"description\" content=\"Collant v\u00e9lo homme AIR 22. Collant extraordinaire pour combattre le froid. Il combine les tissus SUPER ROUBAIX et THERMAL SPIRIT\" \/>\n<meta name=\"robots\" content=\"index, follow, max-snippet:-1, max-image-preview:large, max-video-preview:-1\" \/>\n<link rel=\"canonical\" href=\"https:\/\/www.inverseteams.com\/fr\/produit\/collant-velo-ct-femme-air\/\" \/>\n<meta property=\"og:locale\" content=\"fr_FR\" \/>\n<meta property=\"og:type\" content=\"article\" \/>\n<meta property=\"og:title\" content=\"Collant v\u00e9lo homme AIR 22\" \/>\n<meta property=\"og:description\" content=\"Collant v\u00e9lo homme AIR 22. Collant extraordinaire pour combattre le froid. Il combine les tissus SUPER ROUBAIX et THERMAL SPIRIT\" \/>\n<meta property=\"og:url\" content=\"https:\/\/www.inverseteams.com\/fr\/produit\/collant-velo-ct-femme-air\/\" \/>\n<meta property=\"og:site_name\" content=\"Inverseteams\" \/>\n<meta property=\"article:publisher\" content=\"https:\/\/www.facebook.com\/inverseteams\" \/>\n<meta property=\"article:modified_time\" content=\"2024-06-03T00:03:32+00:00\" \/>\n<meta property=\"og:image\" content=\"https:\/\/www.inverseteams.com\/wp-content\/uploads\/PANTALON-CICLISTA-MUJER-CON-TIRANTES-AIR-1.jpg\" \/>\n\t<meta property=\"og:image:width\" content=\"3000\" \/>\n\t<meta property=\"og:image:height\" content=\"3223\" \/>\n\t<meta property=\"og:image:type\" content=\"image\/jpeg\" \/>\n<meta name=\"twitter:card\" content=\"summary_large_image\" \/>\n<meta name=\"twitter:label1\" content=\"Dur\u00e9e de lecture estim\u00e9e\" \/>\n\t<meta name=\"twitter:data1\" content=\"1 minute\" \/>\n<script type=\"application\/ld+json\" class=\"yoast-schema-graph\">{\"@context\":\"https:\\\/\\\/schema.org\",\"@graph\":[{\"@type\":\"WebPage\",\"@id\":\"https:\\\/\\\/www.inverseteams.com\\\/fr\\\/produit\\\/collant-velo-ct-femme-air\\\/\",\"url\":\"https:\\\/\\\/www.inverseteams.com\\\/fr\\\/produit\\\/collant-velo-ct-femme-air\\\/\",\"name\":\"Collant v\u00e9lo femme AIR 22\",\"isPartOf\":{\"@id\":\"https:\\\/\\\/www.inverseteams.com\\\/fr\\\/#website\"},\"primaryImageOfPage\":{\"@id\":\"https:\\\/\\\/www.inverseteams.com\\\/fr\\\/produit\\\/collant-velo-ct-femme-air\\\/#primaryimage\"},\"image\":{\"@id\":\"https:\\\/\\\/www.inverseteams.com\\\/fr\\\/produit\\\/collant-velo-ct-femme-air\\\/#primaryimage\"},\"thumbnailUrl\":\"https:\\\/\\\/www.inverseteams.com\\\/wp-content\\\/uploads\\\/PANTALON-CICLISTA-MUJER-CON-TIRANTES-AIR-1.jpg\",\"datePublished\":\"2022-11-15T11:36:27+00:00\",\"dateModified\":\"2024-06-03T00:03:32+00:00\",\"description\":\"Collant v\u00e9lo homme AIR 22. Collant extraordinaire pour combattre le froid. Il combine les tissus SUPER ROUBAIX et THERMAL SPIRIT\",\"breadcrumb\":{\"@id\":\"https:\\\/\\\/www.inverseteams.com\\\/fr\\\/produit\\\/collant-velo-ct-femme-air\\\/#breadcrumb\"},\"inLanguage\":\"fr-FR\",\"potentialAction\":[{\"@type\":\"ReadAction\",\"target\":[\"https:\\\/\\\/www.inverseteams.com\\\/fr\\\/produit\\\/collant-velo-ct-femme-air\\\/\"]}]},{\"@type\":\"ImageObject\",\"inLanguage\":\"fr-FR\",\"@id\":\"https:\\\/\\\/www.inverseteams.com\\\/fr\\\/produit\\\/collant-velo-ct-femme-air\\\/#primaryimage\",\"url\":\"https:\\\/\\\/www.inverseteams.com\\\/wp-content\\\/uploads\\\/PANTALON-CICLISTA-MUJER-CON-TIRANTES-AIR-1.jpg\",\"contentUrl\":\"https:\\\/\\\/www.inverseteams.com\\\/wp-content\\\/uploads\\\/PANTALON-CICLISTA-MUJER-CON-TIRANTES-AIR-1.jpg\",\"width\":3000,\"height\":3223,\"caption\":\"pantalon ciclista mujer con tirantes\"},{\"@type\":\"BreadcrumbList\",\"@id\":\"https:\\\/\\\/www.inverseteams.com\\\/fr\\\/produit\\\/collant-velo-ct-femme-air\\\/#breadcrumb\",\"itemListElement\":[{\"@type\":\"ListItem\",\"position\":1,\"name\":\"Portada\",\"item\":\"https:\\\/\\\/www.inverseteams.com\\\/fr\\\/pagina-principal\\\/\"},{\"@type\":\"ListItem\",\"position\":2,\"name\":\"Panier\",\"item\":\"https:\\\/\\\/www.inverseteams.com\\\/fr\\\/panier\\\/\"},{\"@type\":\"ListItem\",\"position\":3,\"name\":\"Collant v\u00e9lo avec brettelles pour femme AIR\"}]},{\"@type\":\"WebSite\",\"@id\":\"https:\\\/\\\/www.inverseteams.com\\\/fr\\\/#website\",\"url\":\"https:\\\/\\\/www.inverseteams.com\\\/fr\\\/\",\"name\":\"Inverseteams\",\"description\":\"Tu marca de ropa deportiva personalizada\",\"publisher\":{\"@id\":\"https:\\\/\\\/www.inverseteams.com\\\/fr\\\/#organization\"},\"potentialAction\":[{\"@type\":\"SearchAction\",\"target\":{\"@type\":\"EntryPoint\",\"urlTemplate\":\"https:\\\/\\\/www.inverseteams.com\\\/fr\\\/?s={search_term_string}\"},\"query-input\":{\"@type\":\"PropertyValueSpecification\",\"valueRequired\":true,\"valueName\":\"search_term_string\"}}],\"inLanguage\":\"fr-FR\"},{\"@type\":\"Organization\",\"@id\":\"https:\\\/\\\/www.inverseteams.com\\\/fr\\\/#organization\",\"name\":\"Inverse Teams\",\"url\":\"https:\\\/\\\/www.inverseteams.com\\\/fr\\\/\",\"logo\":{\"@type\":\"ImageObject\",\"inLanguage\":\"fr-FR\",\"@id\":\"https:\\\/\\\/www.inverseteams.com\\\/fr\\\/#\\\/schema\\\/logo\\\/image\\\/\",\"url\":\"http:\\\/\\\/www.inverseteams.com\\\/wp-content\\\/uploads\\\/2021\\\/03\\\/logo-inverse-teams.png\",\"contentUrl\":\"http:\\\/\\\/www.inverseteams.com\\\/wp-content\\\/uploads\\\/2021\\\/03\\\/logo-inverse-teams.png\",\"width\":294,\"height\":99,\"caption\":\"Inverse Teams\"},\"image\":{\"@id\":\"https:\\\/\\\/www.inverseteams.com\\\/fr\\\/#\\\/schema\\\/logo\\\/image\\\/\"},\"sameAs\":[\"https:\\\/\\\/www.facebook.com\\\/inverseteams\",\"http:\\\/\\\/instagram.com\\\/inverseteams\",\"https:\\\/\\\/www.linkedin.com\\\/company\\\/inverse-cirosport-s-l-?trk=job_view_topcard_company_name\",\"http:\\\/\\\/www.pinterest.com\\\/inverseteams\\\/\",\"http:\\\/\\\/www.youtube.com\\\/user\\\/inverseteams?feature=watch\"]}]}<\/script>\n<!-- \/ Yoast SEO plugin. -->","yoast_head_json":{"title":"Collant v\u00e9lo femme AIR 22","description":"Collant v\u00e9lo homme AIR 22. Collant extraordinaire pour combattre le froid. Il combine les tissus SUPER ROUBAIX et THERMAL SPIRIT","robots":{"index":"index","follow":"follow","max-snippet":"max-snippet:-1","max-image-preview":"max-image-preview:large","max-video-preview":"max-video-preview:-1"},"canonical":"https:\/\/www.inverseteams.com\/fr\/produit\/collant-velo-ct-femme-air\/","og_locale":"fr_FR","og_type":"article","og_title":"Collant v\u00e9lo homme AIR 22","og_description":"Collant v\u00e9lo homme AIR 22. Collant extraordinaire pour combattre le froid. Il combine les tissus SUPER ROUBAIX et THERMAL SPIRIT","og_url":"https:\/\/www.inverseteams.com\/fr\/produit\/collant-velo-ct-femme-air\/","og_site_name":"Inverseteams","article_publisher":"https:\/\/www.facebook.com\/inverseteams","article_modified_time":"2024-06-03T00:03:32+00:00","og_image":[{"width":3000,"height":3223,"url":"https:\/\/www.inverseteams.com\/wp-content\/uploads\/PANTALON-CICLISTA-MUJER-CON-TIRANTES-AIR-1.jpg","type":"image\/jpeg"}],"twitter_card":"summary_large_image","twitter_misc":{"Dur\u00e9e de lecture estim\u00e9e":"1 minute"},"schema":{"@context":"https:\/\/schema.org","@graph":[{"@type":"WebPage","@id":"https:\/\/www.inverseteams.com\/fr\/produit\/collant-velo-ct-femme-air\/","url":"https:\/\/www.inverseteams.com\/fr\/produit\/collant-velo-ct-femme-air\/","name":"Collant v\u00e9lo femme AIR 22","isPartOf":{"@id":"https:\/\/www.inverseteams.com\/fr\/#website"},"primaryImageOfPage":{"@id":"https:\/\/www.inverseteams.com\/fr\/produit\/collant-velo-ct-femme-air\/#primaryimage"},"image":{"@id":"https:\/\/www.inverseteams.com\/fr\/produit\/collant-velo-ct-femme-air\/#primaryimage"},"thumbnailUrl":"https:\/\/www.inverseteams.com\/wp-content\/uploads\/PANTALON-CICLISTA-MUJER-CON-TIRANTES-AIR-1.jpg","datePublished":"2022-11-15T11:36:27+00:00","dateModified":"2024-06-03T00:03:32+00:00","description":"Collant v\u00e9lo homme AIR 22. Collant extraordinaire pour combattre le froid. Il combine les tissus SUPER ROUBAIX et THERMAL SPIRIT","breadcrumb":{"@id":"https:\/\/www.inverseteams.com\/fr\/produit\/collant-velo-ct-femme-air\/#breadcrumb"},"inLanguage":"fr-FR","potentialAction":[{"@type":"ReadAction","target":["https:\/\/www.inverseteams.com\/fr\/produit\/collant-velo-ct-femme-air\/"]}]},{"@type":"ImageObject","inLanguage":"fr-FR","@id":"https:\/\/www.inverseteams.com\/fr\/produit\/collant-velo-ct-femme-air\/#primaryimage","url":"https:\/\/www.inverseteams.com\/wp-content\/uploads\/PANTALON-CICLISTA-MUJER-CON-TIRANTES-AIR-1.jpg","contentUrl":"https:\/\/www.inverseteams.com\/wp-content\/uploads\/PANTALON-CICLISTA-MUJER-CON-TIRANTES-AIR-1.jpg","width":3000,"height":3223,"caption":"pantalon ciclista mujer con tirantes"},{"@type":"BreadcrumbList","@id":"https:\/\/www.inverseteams.com\/fr\/produit\/collant-velo-ct-femme-air\/#breadcrumb","itemListElement":[{"@type":"ListItem","position":1,"name":"Portada","item":"https:\/\/www.inverseteams.com\/fr\/pagina-principal\/"},{"@type":"ListItem","position":2,"name":"Panier","item":"https:\/\/www.inverseteams.com\/fr\/panier\/"},{"@type":"ListItem","position":3,"name":"Collant v\u00e9lo avec brettelles pour femme AIR"}]},{"@type":"WebSite","@id":"https:\/\/www.inverseteams.com\/fr\/#website","url":"https:\/\/www.inverseteams.com\/fr\/","name":"Inverseteams","description":"Tu marca de ropa deportiva personalizada","publisher":{"@id":"https:\/\/www.inverseteams.com\/fr\/#organization"},"potentialAction":[{"@type":"SearchAction","target":{"@type":"EntryPoint","urlTemplate":"https:\/\/www.inverseteams.com\/fr\/?s={search_term_string}"},"query-input":{"@type":"PropertyValueSpecification","valueRequired":true,"valueName":"search_term_string"}}],"inLanguage":"fr-FR"},{"@type":"Organization","@id":"https:\/\/www.inverseteams.com\/fr\/#organization","name":"Inverse Teams","url":"https:\/\/www.inverseteams.com\/fr\/","logo":{"@type":"ImageObject","inLanguage":"fr-FR","@id":"https:\/\/www.inverseteams.com\/fr\/#\/schema\/logo\/image\/","url":"https:\/\/www.inverseteams.com\/wp-content\/uploads\/2021\/03\/logo-inverse-teams.png","contentUrl":"https:\/\/www.inverseteams.com\/wp-content\/uploads\/2021\/03\/logo-inverse-teams.png","width":294,"height":99,"caption":"Inverse Teams"},"image":{"@id":"https:\/\/www.inverseteams.com\/fr\/#\/schema\/logo\/image\/"},"sameAs":["https:\/\/www.facebook.com\/inverseteams","http:\/\/instagram.com\/inverseteams","https:\/\/www.linkedin.com\/company\/inverse-cirosport-s-l-?trk=job_view_topcard_company_name","http:\/\/www.pinterest.com\/inverseteams\/","http:\/\/www.youtube.com\/user\/inverseteams?feature=watch"]}]}},"_links":{"self":[{"href":"https:\/\/www.inverseteams.com\/fr\/wp-json\/wp\/v2\/product\/105885","targetHints":{"allow":["GET"]}}],"collection":[{"href":"https:\/\/www.inverseteams.com\/fr\/wp-json\/wp\/v2\/product"}],"about":[{"href":"https:\/\/www.inverseteams.com\/fr\/wp-json\/wp\/v2\/types\/product"}],"replies":[{"embeddable":true,"href":"https:\/\/www.inverseteams.com\/fr\/wp-json\/wp\/v2\/comments?post=105885"}],"wp:featuredmedia":[{"embeddable":true,"href":"https:\/\/www.inverseteams.com\/fr\/wp-json\/wp\/v2\/media\/105853"}],"wp:attachment":[{"href":"https:\/\/www.inverseteams.com\/fr\/wp-json\/wp\/v2\/media?parent=105885"}],"wp:term":[{"taxonomy":"product_brand","embeddable":true,"href":"https:\/\/www.inverseteams.com\/fr\/wp-json\/wp\/v2\/product_brand?post=105885"},{"taxonomy":"product_cat","embeddable":true,"href":"https:\/\/www.inverseteams.com\/fr\/wp-json\/wp\/v2\/product_cat?post=105885"},{"taxonomy":"product_tag","embeddable":true,"href":"https:\/\/www.inverseteams.com\/fr\/wp-json\/wp\/v2\/product_tag?post=105885"},{"taxonomy":"custom_category","embeddable":true,"href":"https:\/\/www.inverseteams.com\/fr\/wp-json\/wp\/v2\/custom_category?post=105885"},{"taxonomy":"range","embeddable":true,"href":"https:\/\/www.inverseteams.com\/fr\/wp-json\/wp\/v2\/range?post=105885"}],"curies":[{"name":"wp","href":"https:\/\/api.w.org\/{rel}","templated":true}]}}