{"id":4100,"date":"2021-03-24T10:57:51","date_gmt":"2021-03-24T10:57:51","guid":{"rendered":"https:\/\/new.inverseteams.ddev.site\/?page_id=4100"},"modified":"2021-03-24T11:00:43","modified_gmt":"2021-03-24T11:00:43","slug":"enterprise-fabrique-barcelone-depuis-1969","status":"publish","type":"page","link":"https:\/\/www.inverseteams.com\/fr\/enterprise-fabrique-barcelone-depuis-1969\/","title":{"rendered":"Histoire"},"content":{"rendered":"<div class=\"wrapper-heading\">\n<h1 class=\"wp-block-heading\">Inverse teams, depuis 1969<\/h1>\n<\/div>\n\n\n<p>Les origines d\u2019une marque comme Inverse ne pourraient pas s\u2019expliquer sans l\u2019existence d\u2019une passion&#8230; La passion du cyclisme et du sport de Joaquim Sabat\u00e9. Une passion qu\u2019il a su transmettre \u00e0 toute sa famille et \u00e0 ses amis, et que la famille Sabat\u00e9 maintient vivante, en appliquant en permanence le leitmotiv du fondateur de l\u2019entreprise \u00ab Toujours regarder vers l\u2019avant \u00bb, en innovant avec des nouveaux produits et en int\u00e9grant la confection de v\u00eatements personnalis\u00e9s pour le sport comme le triathlon, le running, le ski, le trail ou le bowling.<\/p>\n","protected":false},"excerpt":{"rendered":"<p>Inverse teams, depuis 1969 Les origines d\u2019une marque comme Inverse ne pourraient pas s\u2019expliquer sans l\u2019existence d\u2019une passion&#8230; La passion du cyclisme et du sport de Joaquim Sabat\u00e9. Une passion qu\u2019il a su transmettre \u00e0 toute sa famille et \u00e0 ses amis, et que la famille Sabat\u00e9 maintient vivante, en appliquant en permanence le leitmotiv [&hellip;]<\/p>\n","protected":false},"author":1,"featured_media":0,"parent":0,"menu_order":0,"comment_status":"closed","ping_status":"closed","template":"page-templates\/page-history.php","meta":{"_acf_changed":false,"footnotes":""},"class_list":["post-4100","page","type-page","status-publish","hentry"],"acf":[],"yoast_head":"<!-- This site is optimized with the Yoast SEO plugin v27.3 - https:\/\/yoast.com\/product\/yoast-seo-wordpress\/ -->\n<title>Histoire | Inverseteams<\/title>\n<meta name=\"robots\" content=\"index, follow, max-snippet:-1, max-image-preview:large, max-video-preview:-1\" \/>\n<link rel=\"canonical\" href=\"https:\/\/www.inverseteams.com\/fr\/enterprise-fabrique-barcelone-depuis-1969\/\" \/>\n<meta property=\"og:locale\" content=\"fr_FR\" \/>\n<meta property=\"og:type\" content=\"article\" \/>\n<meta property=\"og:title\" content=\"Histoire | Inverseteams\" \/>\n<meta property=\"og:description\" content=\"Inverse teams, depuis 1969 Les origines d\u2019une marque comme Inverse ne pourraient pas s\u2019expliquer sans l\u2019existence d\u2019une passion&#8230; La passion du cyclisme et du sport de Joaquim Sabat\u00e9. Une passion qu\u2019il a su transmettre \u00e0 toute sa famille et \u00e0 ses amis, et que la famille Sabat\u00e9 maintient vivante, en appliquant en permanence le leitmotiv [&hellip;]\" \/>\n<meta property=\"og:url\" content=\"https:\/\/www.inverseteams.com\/fr\/enterprise-fabrique-barcelone-depuis-1969\/\" \/>\n<meta property=\"og:site_name\" content=\"Inverseteams\" \/>\n<meta property=\"article:publisher\" content=\"https:\/\/www.facebook.com\/inverseteams\" \/>\n<meta property=\"article:modified_time\" content=\"2021-03-24T11:00:43+00:00\" \/>\n<meta name=\"twitter:card\" content=\"summary_large_image\" \/>\n<meta name=\"twitter:label1\" content=\"Dur\u00e9e de lecture estim\u00e9e\" \/>\n\t<meta name=\"twitter:data1\" content=\"1 minute\" \/>\n<script type=\"application\/ld+json\" class=\"yoast-schema-graph\">{\"@context\":\"https:\\\/\\\/schema.org\",\"@graph\":[{\"@type\":\"WebPage\",\"@id\":\"https:\\\/\\\/www.inverseteams.com\\\/fr\\\/enterprise-fabrique-barcelone-depuis-1969\\\/\",\"url\":\"https:\\\/\\\/www.inverseteams.com\\\/fr\\\/enterprise-fabrique-barcelone-depuis-1969\\\/\",\"name\":\"Histoire | Inverseteams\",\"isPartOf\":{\"@id\":\"https:\\\/\\\/www.inverseteams.com\\\/fr\\\/#website\"},\"datePublished\":\"2021-03-24T10:57:51+00:00\",\"dateModified\":\"2021-03-24T11:00:43+00:00\",\"breadcrumb\":{\"@id\":\"https:\\\/\\\/www.inverseteams.com\\\/fr\\\/enterprise-fabrique-barcelone-depuis-1969\\\/#breadcrumb\"},\"inLanguage\":\"fr-FR\",\"potentialAction\":[{\"@type\":\"ReadAction\",\"target\":[\"https:\\\/\\\/www.inverseteams.com\\\/fr\\\/enterprise-fabrique-barcelone-depuis-1969\\\/\"]}]},{\"@type\":\"BreadcrumbList\",\"@id\":\"https:\\\/\\\/www.inverseteams.com\\\/fr\\\/enterprise-fabrique-barcelone-depuis-1969\\\/#breadcrumb\",\"itemListElement\":[{\"@type\":\"ListItem\",\"position\":1,\"name\":\"Portada\",\"item\":\"https:\\\/\\\/www.inverseteams.com\\\/fr\\\/pagina-principal\\\/\"},{\"@type\":\"ListItem\",\"position\":2,\"name\":\"Histoire\"}]},{\"@type\":\"WebSite\",\"@id\":\"https:\\\/\\\/www.inverseteams.com\\\/fr\\\/#website\",\"url\":\"https:\\\/\\\/www.inverseteams.com\\\/fr\\\/\",\"name\":\"Inverseteams\",\"description\":\"Tu marca de ropa deportiva personalizada\",\"publisher\":{\"@id\":\"https:\\\/\\\/www.inverseteams.com\\\/fr\\\/#organization\"},\"potentialAction\":[{\"@type\":\"SearchAction\",\"target\":{\"@type\":\"EntryPoint\",\"urlTemplate\":\"https:\\\/\\\/www.inverseteams.com\\\/fr\\\/?s={search_term_string}\"},\"query-input\":{\"@type\":\"PropertyValueSpecification\",\"valueRequired\":true,\"valueName\":\"search_term_string\"}}],\"inLanguage\":\"fr-FR\"},{\"@type\":\"Organization\",\"@id\":\"https:\\\/\\\/www.inverseteams.com\\\/fr\\\/#organization\",\"name\":\"Inverse Teams\",\"url\":\"https:\\\/\\\/www.inverseteams.com\\\/fr\\\/\",\"logo\":{\"@type\":\"ImageObject\",\"inLanguage\":\"fr-FR\",\"@id\":\"https:\\\/\\\/www.inverseteams.com\\\/fr\\\/#\\\/schema\\\/logo\\\/image\\\/\",\"url\":\"https:\\\/\\\/www.inverseteams.com\\\/wp-content\\\/uploads\\\/2021\\\/03\\\/logo-inverse-teams.png\",\"contentUrl\":\"https:\\\/\\\/www.inverseteams.com\\\/wp-content\\\/uploads\\\/2021\\\/03\\\/logo-inverse-teams.png\",\"width\":294,\"height\":99,\"caption\":\"Inverse Teams\"},\"image\":{\"@id\":\"https:\\\/\\\/www.inverseteams.com\\\/fr\\\/#\\\/schema\\\/logo\\\/image\\\/\"},\"sameAs\":[\"https:\\\/\\\/www.facebook.com\\\/inverseteams\",\"http:\\\/\\\/instagram.com\\\/inverseteams\",\"https:\\\/\\\/www.linkedin.com\\\/company\\\/inverse-cirosport-s-l-?trk=job_view_topcard_company_name\",\"http:\\\/\\\/www.pinterest.com\\\/inverseteams\\\/\",\"http:\\\/\\\/www.youtube.com\\\/user\\\/inverseteams?feature=watch\"]}]}<\/script>\n<!-- \/ Yoast SEO plugin. -->","yoast_head_json":{"title":"Histoire | Inverseteams","robots":{"index":"index","follow":"follow","max-snippet":"max-snippet:-1","max-image-preview":"max-image-preview:large","max-video-preview":"max-video-preview:-1"},"canonical":"https:\/\/www.inverseteams.com\/fr\/enterprise-fabrique-barcelone-depuis-1969\/","og_locale":"fr_FR","og_type":"article","og_title":"Histoire | Inverseteams","og_description":"Inverse teams, depuis 1969 Les origines d\u2019une marque comme Inverse ne pourraient pas s\u2019expliquer sans l\u2019existence d\u2019une passion&#8230; La passion du cyclisme et du sport de Joaquim Sabat\u00e9. Une passion qu\u2019il a su transmettre \u00e0 toute sa famille et \u00e0 ses amis, et que la famille Sabat\u00e9 maintient vivante, en appliquant en permanence le leitmotiv [&hellip;]","og_url":"https:\/\/www.inverseteams.com\/fr\/enterprise-fabrique-barcelone-depuis-1969\/","og_site_name":"Inverseteams","article_publisher":"https:\/\/www.facebook.com\/inverseteams","article_modified_time":"2021-03-24T11:00:43+00:00","twitter_card":"summary_large_image","twitter_misc":{"Dur\u00e9e de lecture estim\u00e9e":"1 minute"},"schema":{"@context":"https:\/\/schema.org","@graph":[{"@type":"WebPage","@id":"https:\/\/www.inverseteams.com\/fr\/enterprise-fabrique-barcelone-depuis-1969\/","url":"https:\/\/www.inverseteams.com\/fr\/enterprise-fabrique-barcelone-depuis-1969\/","name":"Histoire | Inverseteams","isPartOf":{"@id":"https:\/\/www.inverseteams.com\/fr\/#website"},"datePublished":"2021-03-24T10:57:51+00:00","dateModified":"2021-03-24T11:00:43+00:00","breadcrumb":{"@id":"https:\/\/www.inverseteams.com\/fr\/enterprise-fabrique-barcelone-depuis-1969\/#breadcrumb"},"inLanguage":"fr-FR","potentialAction":[{"@type":"ReadAction","target":["https:\/\/www.inverseteams.com\/fr\/enterprise-fabrique-barcelone-depuis-1969\/"]}]},{"@type":"BreadcrumbList","@id":"https:\/\/www.inverseteams.com\/fr\/enterprise-fabrique-barcelone-depuis-1969\/#breadcrumb","itemListElement":[{"@type":"ListItem","position":1,"name":"Portada","item":"https:\/\/www.inverseteams.com\/fr\/pagina-principal\/"},{"@type":"ListItem","position":2,"name":"Histoire"}]},{"@type":"WebSite","@id":"https:\/\/www.inverseteams.com\/fr\/#website","url":"https:\/\/www.inverseteams.com\/fr\/","name":"Inverseteams","description":"Tu marca de ropa deportiva personalizada","publisher":{"@id":"https:\/\/www.inverseteams.com\/fr\/#organization"},"potentialAction":[{"@type":"SearchAction","target":{"@type":"EntryPoint","urlTemplate":"https:\/\/www.inverseteams.com\/fr\/?s={search_term_string}"},"query-input":{"@type":"PropertyValueSpecification","valueRequired":true,"valueName":"search_term_string"}}],"inLanguage":"fr-FR"},{"@type":"Organization","@id":"https:\/\/www.inverseteams.com\/fr\/#organization","name":"Inverse Teams","url":"https:\/\/www.inverseteams.com\/fr\/","logo":{"@type":"ImageObject","inLanguage":"fr-FR","@id":"https:\/\/www.inverseteams.com\/fr\/#\/schema\/logo\/image\/","url":"https:\/\/www.inverseteams.com\/wp-content\/uploads\/2021\/03\/logo-inverse-teams.png","contentUrl":"https:\/\/www.inverseteams.com\/wp-content\/uploads\/2021\/03\/logo-inverse-teams.png","width":294,"height":99,"caption":"Inverse Teams"},"image":{"@id":"https:\/\/www.inverseteams.com\/fr\/#\/schema\/logo\/image\/"},"sameAs":["https:\/\/www.facebook.com\/inverseteams","http:\/\/instagram.com\/inverseteams","https:\/\/www.linkedin.com\/company\/inverse-cirosport-s-l-?trk=job_view_topcard_company_name","http:\/\/www.pinterest.com\/inverseteams\/","http:\/\/www.youtube.com\/user\/inverseteams?feature=watch"]}]}},"_links":{"self":[{"href":"https:\/\/www.inverseteams.com\/fr\/wp-json\/wp\/v2\/pages\/4100","targetHints":{"allow":["GET"]}}],"collection":[{"href":"https:\/\/www.inverseteams.com\/fr\/wp-json\/wp\/v2\/pages"}],"about":[{"href":"https:\/\/www.inverseteams.com\/fr\/wp-json\/wp\/v2\/types\/page"}],"author":[{"embeddable":true,"href":"https:\/\/www.inverseteams.com\/fr\/wp-json\/wp\/v2\/users\/1"}],"replies":[{"embeddable":true,"href":"https:\/\/www.inverseteams.com\/fr\/wp-json\/wp\/v2\/comments?post=4100"}],"version-history":[{"count":0,"href":"https:\/\/www.inverseteams.com\/fr\/wp-json\/wp\/v2\/pages\/4100\/revisions"}],"wp:attachment":[{"href":"https:\/\/www.inverseteams.com\/fr\/wp-json\/wp\/v2\/media?parent=4100"}],"curies":[{"name":"wp","href":"https:\/\/api.w.org\/{rel}","templated":true}]}}