{"id":3988,"date":"2021-03-23T13:11:59","date_gmt":"2021-03-23T13:11:59","guid":{"rendered":"https:\/\/new.inverseteams.ddev.site\/?page_id=3988"},"modified":"2025-04-14T12:50:36","modified_gmt":"2025-04-14T12:50:36","slug":"entretien-et-lavage","status":"publish","type":"page","link":"https:\/\/www.inverseteams.com\/fr\/entretien-et-lavage\/","title":{"rendered":"Entretien et lavage"},"content":{"rendered":"\n<div class=\"wp-block-group has-pale-grey-background-color has-background\"><div class=\"wp-block-group__inner-container is-layout-flow wp-block-group-is-layout-flow\">\n<div class=\"wp-block-columns is-layout-flex wp-container-core-columns-is-layout-9d6595d7 wp-block-columns-is-layout-flex\">\n<div class=\"wp-block-column is-layout-flow wp-block-column-is-layout-flow\"><div class=\"wrapper-classic-paragraph\">\n<h2 id=\"block-085c7199-ea3a-4f07-a939-61a49b00df11\" class=\"block-editor-rich-text__editable block-editor-block-list__block wp-block is-selected is-hovered rich-text\" tabindex=\"0\" role=\"group\" contenteditable=\"true\" aria-multiline=\"true\" aria-label=\"Bloque: Encabezado\" data-block=\"085c7199-ea3a-4f07-a939-61a49b00df11\" data-type=\"core\/heading\" data-title=\"Encabezado\">Chez Inverse, nous voulons faire durer vos v\u00eatements le plus longtemps possible<\/h2>\n<p><span style=\"font-weight: 400;\">Nous savons que vous tirez le meilleur parti de nos \u00e9quipements et que vous les utilisez de mani\u00e8re intensive et prolong\u00e9e. Chez Inverse, nous voulons que vous vous rendiez le plus longtemps possible la vie de vos v\u00eatements.&nbsp;&nbsp;<\/span><\/p>\n<p><span style=\"font-weight: 400;\">&nbsp;Les v\u00eatements de sport techniques se caract\u00e9risent par \u00eatre fabriqu\u00e9s avec des tissus sp\u00e9cifiques, pour les athl\u00e8tes, avec diverses caract\u00e9ristiques telles que la r\u00e9pulsion de l\u2019eau, le maintien de la temp\u00e9rature corporelle, l\u2019augmentation de la respirabilit\u00e9&#8230;<\/span><\/p>\n<p><span style=\"font-weight: 400;\">&nbsp;La sueur et la salet\u00e9 qui s\u2019accumulent sur le tissu neutralisent ses propri\u00e9t\u00e9s et emp\u00eachent une bonne respirabilit\u00e9.&nbsp;&nbsp;&nbsp;&nbsp;<\/span><\/p>\n<p><span style=\"font-weight: 400;\">&nbsp;Pour faire un bon entretien de l\u2019\u00e9quipement technique, nous vous donnons quelques conseils tr\u00e8s utiles. <\/span><\/p>\n<\/div><\/div>\n\n\n\n<div class=\"wp-block-column is-layout-flow wp-block-column-is-layout-flow\">\n<figure class=\"wp-block-image size-large\"><img loading=\"lazy\" decoding=\"async\" width=\"1024\" height=\"1024\" src=\"https:\/\/www.inverseteams.com\/wp-content\/uploads\/INVERSE_CUIDADO-MANTENIMIENTO-ROPA-DEPORTE-001-1-1024x1024.jpg\" alt=\"\" class=\"wp-image-253757\" srcset=\"https:\/\/www.inverseteams.com\/wp-content\/uploads\/INVERSE_CUIDADO-MANTENIMIENTO-ROPA-DEPORTE-001-1-1024x1024.jpg 1024w, https:\/\/www.inverseteams.com\/wp-content\/uploads\/INVERSE_CUIDADO-MANTENIMIENTO-ROPA-DEPORTE-001-1-300x300.jpg 300w, https:\/\/www.inverseteams.com\/wp-content\/uploads\/INVERSE_CUIDADO-MANTENIMIENTO-ROPA-DEPORTE-001-1-150x150.jpg 150w, https:\/\/www.inverseteams.com\/wp-content\/uploads\/INVERSE_CUIDADO-MANTENIMIENTO-ROPA-DEPORTE-001-1-768x768.jpg 768w, https:\/\/www.inverseteams.com\/wp-content\/uploads\/INVERSE_CUIDADO-MANTENIMIENTO-ROPA-DEPORTE-001-1-860x860.jpg 860w, https:\/\/www.inverseteams.com\/wp-content\/uploads\/INVERSE_CUIDADO-MANTENIMIENTO-ROPA-DEPORTE-001-1-420x420.jpg 420w, https:\/\/www.inverseteams.com\/wp-content\/uploads\/INVERSE_CUIDADO-MANTENIMIENTO-ROPA-DEPORTE-001-1-100x100.jpg 100w, https:\/\/www.inverseteams.com\/wp-content\/uploads\/INVERSE_CUIDADO-MANTENIMIENTO-ROPA-DEPORTE-001-1-50x50.jpg 50w, https:\/\/www.inverseteams.com\/wp-content\/uploads\/INVERSE_CUIDADO-MANTENIMIENTO-ROPA-DEPORTE-001-1-64x64.jpg 64w, https:\/\/www.inverseteams.com\/wp-content\/uploads\/INVERSE_CUIDADO-MANTENIMIENTO-ROPA-DEPORTE-001-1.jpg 1080w\" sizes=\"auto, (max-width: 1024px) 100vw, 1024px\" \/><\/figure>\n<\/div>\n<\/div>\n<\/div><\/div>\n\n\n<div class=\"wrapper-classic-paragraph\">\n<h2 id=\"block-1698cfc3-4127-4ab0-a18f-cee1674ec91c\" class=\"block-editor-rich-text__editable block-editor-block-list__block wp-block is-selected is-hovered rich-text\" tabindex=\"0\" role=\"group\" contenteditable=\"true\" aria-multiline=\"true\" aria-label=\"Bloque: Encabezado\" data-block=\"1698cfc3-4127-4ab0-a18f-cee1674ec91c\" data-type=\"core\/heading\" data-title=\"Encabezado\">Conseils et recommandations<\/h2>\n<\/div>\n\n<div class=\"wrapper-table\">\n<figure class=\"wp-block-table is-style-table-borders\"><table><tbody><tr><td>Avant d&rsquo;utiliser le v\u00eatement<\/td><td>\u00c9vitez le contact des v\u00eatements avec les cr\u00e8mes solaires, les liquides balsamiques ou les produits de chauffage typiques. Ces produits contiennent des produits chimiques qui peuvent rapidement d\u00e9t\u00e9riorer les tissus techniques.<\/td><\/tr><tr><td>Apr\u00e8s avoir fait du sport<\/td><td>Il est important de laver les v\u00eatements rapidement apr\u00e8s avoir fait du sport. Il ne doit jamais \u00eatre conserv\u00e9 dans un sac sans transpiration. En cas de ne pas pouvoir laver imm\u00e9diatement, il est important de le laisser dans un espace ouvert et de tremper avec de l\u2019eau.<\/td><\/tr><tr><td>Mantenimiento Entretien et lavage<\/td><td>&#8211; Retourner les v\u00eatements \u00e0 l\u2019envers avant de les laver<br>&#8211; Fermer toutes les fermetures \u00e9clair et les boutons<br>&#8211; Laver les v\u00eatements \u00e0 la machine ou \u00e0 la main sans d\u00e9passer 30\u00b0C. Ne jamais laver \u00e0 sec.<br>&#8211; Utilisez des savons liquides et neutres.<br>&#8211; N\u2019utilisez jamais d\u2019eau de Javel ou d&rsquo;assouplissants.<br>&#8211; Nous vous recommandons d\u2019utiliser des sacs de lavage en cas de lavage en machine<br>&#8211; Rincer abondamment \u00e0 l\u2019eau pour enlever toute trace de d\u00e9tergent<br>&#8211; L&rsquo;essorage du linge est contre-indiqu\u00e9. Il ne doit pas non plus \u00eatre \u00e9goutt\u00e9 ou frott\u00e9 pour \u00e9liminer l&rsquo;exc\u00e8s d&rsquo;eau.<br>&#8211; N&rsquo;utilisez pas le s\u00e8che-linge. Les v\u00eatements doivent \u00eatre plac\u00e9s horizontalement ou \u00e9tendus \u00e0 l\u2019ombre, jamais au soleil.<br>&#8211; Ne repassez pas les v\u00eatements techniques de sport.<br><br>Suivez toujours les instructions sur les \u00e9tiquettes de nos produits et si vous avez des questions, n&rsquo;h\u00e9sitez pas \u00e0 nous contacter<\/td><\/tr><\/tbody><\/table><\/figure>\n<\/div>\n\n\n<p><\/p>\n","protected":false},"excerpt":{"rendered":"<p>Chez Inverse, nous voulons faire durer vos v\u00eatements le plus longtemps possible Nous savons que vous tirez le meilleur parti de nos \u00e9quipements et que vous les utilisez de mani\u00e8re intensive et prolong\u00e9e. Chez Inverse, nous voulons que vous vous rendiez le plus longtemps possible la vie de vos v\u00eatements.&nbsp;&nbsp; &nbsp;Les v\u00eatements de sport techniques [&hellip;]<\/p>\n","protected":false},"author":1,"featured_media":0,"parent":0,"menu_order":0,"comment_status":"closed","ping_status":"closed","template":"","meta":{"_acf_changed":false,"footnotes":""},"class_list":["post-3988","page","type-page","status-publish","hentry"],"acf":[],"yoast_head":"<!-- This site is optimized with the Yoast SEO plugin v27.3 - https:\/\/yoast.com\/product\/yoast-seo-wordpress\/ -->\n<title>Entretien et lavage | Inverseteams<\/title>\n<meta name=\"robots\" content=\"index, follow, max-snippet:-1, max-image-preview:large, max-video-preview:-1\" \/>\n<link rel=\"canonical\" href=\"https:\/\/www.inverseteams.com\/fr\/entretien-et-lavage\/\" \/>\n<meta property=\"og:locale\" content=\"fr_FR\" \/>\n<meta property=\"og:type\" content=\"article\" \/>\n<meta property=\"og:title\" content=\"Entretien et lavage | Inverseteams\" \/>\n<meta property=\"og:description\" content=\"Chez Inverse, nous voulons faire durer vos v\u00eatements le plus longtemps possible Nous savons que vous tirez le meilleur parti de nos \u00e9quipements et que vous les utilisez de mani\u00e8re intensive et prolong\u00e9e. Chez Inverse, nous voulons que vous vous rendiez le plus longtemps possible la vie de vos v\u00eatements.&nbsp;&nbsp; &nbsp;Les v\u00eatements de sport techniques [&hellip;]\" \/>\n<meta property=\"og:url\" content=\"https:\/\/www.inverseteams.com\/fr\/entretien-et-lavage\/\" \/>\n<meta property=\"og:site_name\" content=\"Inverseteams\" \/>\n<meta property=\"article:publisher\" content=\"https:\/\/www.facebook.com\/inverseteams\" \/>\n<meta property=\"article:modified_time\" content=\"2025-04-14T12:50:36+00:00\" \/>\n<meta property=\"og:image\" content=\"https:\/\/www.inverseteams.com\/wp-content\/uploads\/INVERSE_CUIDADO-MANTENIMIENTO-ROPA-DEPORTE-001-1-1024x1024.jpg\" \/>\n<meta name=\"twitter:card\" content=\"summary_large_image\" \/>\n<meta name=\"twitter:label1\" content=\"Dur\u00e9e de lecture estim\u00e9e\" \/>\n\t<meta name=\"twitter:data1\" content=\"2 minutes\" \/>\n<script type=\"application\/ld+json\" class=\"yoast-schema-graph\">{\"@context\":\"https:\\\/\\\/schema.org\",\"@graph\":[{\"@type\":\"WebPage\",\"@id\":\"https:\\\/\\\/www.inverseteams.com\\\/fr\\\/entretien-et-lavage\\\/\",\"url\":\"https:\\\/\\\/www.inverseteams.com\\\/fr\\\/entretien-et-lavage\\\/\",\"name\":\"Entretien et lavage | Inverseteams\",\"isPartOf\":{\"@id\":\"https:\\\/\\\/www.inverseteams.com\\\/fr\\\/#website\"},\"primaryImageOfPage\":{\"@id\":\"https:\\\/\\\/www.inverseteams.com\\\/fr\\\/entretien-et-lavage\\\/#primaryimage\"},\"image\":{\"@id\":\"https:\\\/\\\/www.inverseteams.com\\\/fr\\\/entretien-et-lavage\\\/#primaryimage\"},\"thumbnailUrl\":\"https:\\\/\\\/www.inverseteams.com\\\/wp-content\\\/uploads\\\/INVERSE_CUIDADO-MANTENIMIENTO-ROPA-DEPORTE-001-1-1024x1024.jpg\",\"datePublished\":\"2021-03-23T13:11:59+00:00\",\"dateModified\":\"2025-04-14T12:50:36+00:00\",\"breadcrumb\":{\"@id\":\"https:\\\/\\\/www.inverseteams.com\\\/fr\\\/entretien-et-lavage\\\/#breadcrumb\"},\"inLanguage\":\"fr-FR\",\"potentialAction\":[{\"@type\":\"ReadAction\",\"target\":[\"https:\\\/\\\/www.inverseteams.com\\\/fr\\\/entretien-et-lavage\\\/\"]}]},{\"@type\":\"ImageObject\",\"inLanguage\":\"fr-FR\",\"@id\":\"https:\\\/\\\/www.inverseteams.com\\\/fr\\\/entretien-et-lavage\\\/#primaryimage\",\"url\":\"https:\\\/\\\/www.inverseteams.com\\\/wp-content\\\/uploads\\\/INVERSE_CUIDADO-MANTENIMIENTO-ROPA-DEPORTE-001-1-1024x1024.jpg\",\"contentUrl\":\"https:\\\/\\\/www.inverseteams.com\\\/wp-content\\\/uploads\\\/INVERSE_CUIDADO-MANTENIMIENTO-ROPA-DEPORTE-001-1-1024x1024.jpg\"},{\"@type\":\"BreadcrumbList\",\"@id\":\"https:\\\/\\\/www.inverseteams.com\\\/fr\\\/entretien-et-lavage\\\/#breadcrumb\",\"itemListElement\":[{\"@type\":\"ListItem\",\"position\":1,\"name\":\"Portada\",\"item\":\"https:\\\/\\\/www.inverseteams.com\\\/fr\\\/pagina-principal\\\/\"},{\"@type\":\"ListItem\",\"position\":2,\"name\":\"Entretien et lavage\"}]},{\"@type\":\"WebSite\",\"@id\":\"https:\\\/\\\/www.inverseteams.com\\\/fr\\\/#website\",\"url\":\"https:\\\/\\\/www.inverseteams.com\\\/fr\\\/\",\"name\":\"Inverseteams\",\"description\":\"Tu marca de ropa deportiva personalizada\",\"publisher\":{\"@id\":\"https:\\\/\\\/www.inverseteams.com\\\/fr\\\/#organization\"},\"potentialAction\":[{\"@type\":\"SearchAction\",\"target\":{\"@type\":\"EntryPoint\",\"urlTemplate\":\"https:\\\/\\\/www.inverseteams.com\\\/fr\\\/?s={search_term_string}\"},\"query-input\":{\"@type\":\"PropertyValueSpecification\",\"valueRequired\":true,\"valueName\":\"search_term_string\"}}],\"inLanguage\":\"fr-FR\"},{\"@type\":\"Organization\",\"@id\":\"https:\\\/\\\/www.inverseteams.com\\\/fr\\\/#organization\",\"name\":\"Inverse Teams\",\"url\":\"https:\\\/\\\/www.inverseteams.com\\\/fr\\\/\",\"logo\":{\"@type\":\"ImageObject\",\"inLanguage\":\"fr-FR\",\"@id\":\"https:\\\/\\\/www.inverseteams.com\\\/fr\\\/#\\\/schema\\\/logo\\\/image\\\/\",\"url\":\"https:\\\/\\\/www.inverseteams.com\\\/wp-content\\\/uploads\\\/2021\\\/03\\\/logo-inverse-teams.png\",\"contentUrl\":\"https:\\\/\\\/www.inverseteams.com\\\/wp-content\\\/uploads\\\/2021\\\/03\\\/logo-inverse-teams.png\",\"width\":294,\"height\":99,\"caption\":\"Inverse Teams\"},\"image\":{\"@id\":\"https:\\\/\\\/www.inverseteams.com\\\/fr\\\/#\\\/schema\\\/logo\\\/image\\\/\"},\"sameAs\":[\"https:\\\/\\\/www.facebook.com\\\/inverseteams\",\"http:\\\/\\\/instagram.com\\\/inverseteams\",\"https:\\\/\\\/www.linkedin.com\\\/company\\\/inverse-cirosport-s-l-?trk=job_view_topcard_company_name\",\"http:\\\/\\\/www.pinterest.com\\\/inverseteams\\\/\",\"http:\\\/\\\/www.youtube.com\\\/user\\\/inverseteams?feature=watch\"]}]}<\/script>\n<!-- \/ Yoast SEO plugin. -->","yoast_head_json":{"title":"Entretien et lavage | Inverseteams","robots":{"index":"index","follow":"follow","max-snippet":"max-snippet:-1","max-image-preview":"max-image-preview:large","max-video-preview":"max-video-preview:-1"},"canonical":"https:\/\/www.inverseteams.com\/fr\/entretien-et-lavage\/","og_locale":"fr_FR","og_type":"article","og_title":"Entretien et lavage | Inverseteams","og_description":"Chez Inverse, nous voulons faire durer vos v\u00eatements le plus longtemps possible Nous savons que vous tirez le meilleur parti de nos \u00e9quipements et que vous les utilisez de mani\u00e8re intensive et prolong\u00e9e. Chez Inverse, nous voulons que vous vous rendiez le plus longtemps possible la vie de vos v\u00eatements.&nbsp;&nbsp; &nbsp;Les v\u00eatements de sport techniques [&hellip;]","og_url":"https:\/\/www.inverseteams.com\/fr\/entretien-et-lavage\/","og_site_name":"Inverseteams","article_publisher":"https:\/\/www.facebook.com\/inverseteams","article_modified_time":"2025-04-14T12:50:36+00:00","og_image":[{"url":"https:\/\/www.inverseteams.com\/wp-content\/uploads\/INVERSE_CUIDADO-MANTENIMIENTO-ROPA-DEPORTE-001-1-1024x1024.jpg","type":"","width":"","height":""}],"twitter_card":"summary_large_image","twitter_misc":{"Dur\u00e9e de lecture estim\u00e9e":"2 minutes"},"schema":{"@context":"https:\/\/schema.org","@graph":[{"@type":"WebPage","@id":"https:\/\/www.inverseteams.com\/fr\/entretien-et-lavage\/","url":"https:\/\/www.inverseteams.com\/fr\/entretien-et-lavage\/","name":"Entretien et lavage | Inverseteams","isPartOf":{"@id":"https:\/\/www.inverseteams.com\/fr\/#website"},"primaryImageOfPage":{"@id":"https:\/\/www.inverseteams.com\/fr\/entretien-et-lavage\/#primaryimage"},"image":{"@id":"https:\/\/www.inverseteams.com\/fr\/entretien-et-lavage\/#primaryimage"},"thumbnailUrl":"https:\/\/www.inverseteams.com\/wp-content\/uploads\/INVERSE_CUIDADO-MANTENIMIENTO-ROPA-DEPORTE-001-1-1024x1024.jpg","datePublished":"2021-03-23T13:11:59+00:00","dateModified":"2025-04-14T12:50:36+00:00","breadcrumb":{"@id":"https:\/\/www.inverseteams.com\/fr\/entretien-et-lavage\/#breadcrumb"},"inLanguage":"fr-FR","potentialAction":[{"@type":"ReadAction","target":["https:\/\/www.inverseteams.com\/fr\/entretien-et-lavage\/"]}]},{"@type":"ImageObject","inLanguage":"fr-FR","@id":"https:\/\/www.inverseteams.com\/fr\/entretien-et-lavage\/#primaryimage","url":"https:\/\/www.inverseteams.com\/wp-content\/uploads\/INVERSE_CUIDADO-MANTENIMIENTO-ROPA-DEPORTE-001-1-1024x1024.jpg","contentUrl":"https:\/\/www.inverseteams.com\/wp-content\/uploads\/INVERSE_CUIDADO-MANTENIMIENTO-ROPA-DEPORTE-001-1-1024x1024.jpg"},{"@type":"BreadcrumbList","@id":"https:\/\/www.inverseteams.com\/fr\/entretien-et-lavage\/#breadcrumb","itemListElement":[{"@type":"ListItem","position":1,"name":"Portada","item":"https:\/\/www.inverseteams.com\/fr\/pagina-principal\/"},{"@type":"ListItem","position":2,"name":"Entretien et lavage"}]},{"@type":"WebSite","@id":"https:\/\/www.inverseteams.com\/fr\/#website","url":"https:\/\/www.inverseteams.com\/fr\/","name":"Inverseteams","description":"Tu marca de ropa deportiva personalizada","publisher":{"@id":"https:\/\/www.inverseteams.com\/fr\/#organization"},"potentialAction":[{"@type":"SearchAction","target":{"@type":"EntryPoint","urlTemplate":"https:\/\/www.inverseteams.com\/fr\/?s={search_term_string}"},"query-input":{"@type":"PropertyValueSpecification","valueRequired":true,"valueName":"search_term_string"}}],"inLanguage":"fr-FR"},{"@type":"Organization","@id":"https:\/\/www.inverseteams.com\/fr\/#organization","name":"Inverse Teams","url":"https:\/\/www.inverseteams.com\/fr\/","logo":{"@type":"ImageObject","inLanguage":"fr-FR","@id":"https:\/\/www.inverseteams.com\/fr\/#\/schema\/logo\/image\/","url":"https:\/\/www.inverseteams.com\/wp-content\/uploads\/2021\/03\/logo-inverse-teams.png","contentUrl":"https:\/\/www.inverseteams.com\/wp-content\/uploads\/2021\/03\/logo-inverse-teams.png","width":294,"height":99,"caption":"Inverse Teams"},"image":{"@id":"https:\/\/www.inverseteams.com\/fr\/#\/schema\/logo\/image\/"},"sameAs":["https:\/\/www.facebook.com\/inverseteams","http:\/\/instagram.com\/inverseteams","https:\/\/www.linkedin.com\/company\/inverse-cirosport-s-l-?trk=job_view_topcard_company_name","http:\/\/www.pinterest.com\/inverseteams\/","http:\/\/www.youtube.com\/user\/inverseteams?feature=watch"]}]}},"_links":{"self":[{"href":"https:\/\/www.inverseteams.com\/fr\/wp-json\/wp\/v2\/pages\/3988","targetHints":{"allow":["GET"]}}],"collection":[{"href":"https:\/\/www.inverseteams.com\/fr\/wp-json\/wp\/v2\/pages"}],"about":[{"href":"https:\/\/www.inverseteams.com\/fr\/wp-json\/wp\/v2\/types\/page"}],"author":[{"embeddable":true,"href":"https:\/\/www.inverseteams.com\/fr\/wp-json\/wp\/v2\/users\/1"}],"replies":[{"embeddable":true,"href":"https:\/\/www.inverseteams.com\/fr\/wp-json\/wp\/v2\/comments?post=3988"}],"version-history":[{"count":0,"href":"https:\/\/www.inverseteams.com\/fr\/wp-json\/wp\/v2\/pages\/3988\/revisions"}],"wp:attachment":[{"href":"https:\/\/www.inverseteams.com\/fr\/wp-json\/wp\/v2\/media?parent=3988"}],"curies":[{"name":"wp","href":"https:\/\/api.w.org\/{rel}","templated":true}]}}