{"id":18643,"date":"2021-01-18T15:51:22","date_gmt":"2021-01-18T15:51:22","guid":{"rendered":"https:\/\/www.inverseteams.com\/terminos-de-entrega-y-envio\/"},"modified":"2025-05-22T09:55:29","modified_gmt":"2025-05-22T09:55:29","slug":"terminos-de-entrega-y-envio","status":"publish","type":"page","link":"https:\/\/www.inverseteams.com\/fr\/terminos-de-entrega-y-envio\/","title":{"rendered":"POLITIQUE DE LIVRAISON ET D&rsquo;EXP\u00c9DITION"},"content":{"rendered":"<div class=\"wrapper-classic-paragraph\">\n<p>Nous savons que vous adorez nos v\u00eatements de sport\u00a0; c&rsquo;est pourquoi nous souhaitons que votre commande vous parvienne dans les meilleures conditions. Nous nous engageons \u00e0 vous offrir une livraison s\u00fbre, rapide et fiable. C&rsquo;est pourquoi nous avons collabor\u00e9 avec les meilleures entreprises de transport pour garantir que vos produits arrivent dans les meilleures conditions. Vous trouverez ci-dessous notre politique d&rsquo;exp\u00e9dition et nos d\u00e9lais de livraison.<\/p>\n<p><strong>Traitement des exp\u00e9ditions<\/strong><\/p>\n<ul>\n<li>Une fois votre commande finalis\u00e9e, elle sera trait\u00e9e sous 1 \u00e0 3 jours ouvr\u00e9s, hors commandes en boutique priv\u00e9e et produits personnalisables.<\/li>\n<li>Les commandes pass\u00e9es le week-end ou les jours f\u00e9ri\u00e9s seront trait\u00e9es le jour ouvr\u00e9 suivant.<\/li>\n<li>Toutes les commandes sont exp\u00e9di\u00e9es depuis notre entrep\u00f4t situ\u00e9 \u00e0 Barcelone, en Espagne.<\/li>\n<\/ul>\n<p><strong>Exp\u00e9ditions vers l&rsquo;Espagne et le Portugal<\/strong><\/p>\n<ul>\n<li><strong>Livraison gratuite<\/strong> pour les commandes sup\u00e9rieures \u00e0 <strong>50 \u20ac<\/strong> (hors \u00eeles Canaries).<\/li>\n<li><strong>Frais de livraison<\/strong> :\n<ul>\n<li>Espagne continentale (hors \u00celes Canaries, Ceuta et Melilla) : <strong>6 \u20ac + TVA<\/strong><\/li>\n<li>Portugal : <strong>9 \u20ac + TVA<\/strong><\/li>\n<li>\u00celes Canaries : <strong>15 \u20ac<\/strong><\/li>\n<li>Ceuta et Melilla : <strong>6 \u20ac<\/strong><\/li>\n<\/ul>\n<\/li>\n<li><strong>D\u00e9lai de livraison estim\u00e9 : 2 \u00e0 4 jours ouvr\u00e9s<\/strong><\/li>\n<\/ul>\n<p><strong>Exp\u00e9ditions au sein de l\u2019Union europ\u00e9enne (pays de l\u2019UE)<\/strong><\/p>\n<ul>\n<li><strong>Livraison gratuite<\/strong> pour les commandes sup\u00e9rieures \u00e0 <strong>150 \u20ac<\/strong><\/li>\n<li>La TVA est incluse dans le prix d\u2019achat.<\/li>\n<li><strong>Frais de livraison : 12 \u20ac + TVA<\/strong><\/li>\n<li><strong>D\u00e9lai de livraison estim\u00e9\u00a0: 3 \u00e0 6\u00a0jours ouvr\u00e9s<\/strong><\/li>\n<\/ul>\n<p><strong>Exp\u00e9ditions vers les pays europ\u00e9ens hors UE (ex. : Norv\u00e8ge, Suisse, Islande, etc.)<\/strong><\/p>\n<ul>\n<li><strong>Frais de livraison : 25 \u20ac<\/strong><\/li>\n<li>Les prix sont hors TVA.<\/li>\n<li>Seul le prix net des articles achet\u00e9s sera factur\u00e9.<\/li>\n<li><strong>Veuillez noter<\/strong> que des <strong>taxes, droits de douane et autres frais suppl\u00e9mentaires<\/strong> seront appliqu\u00e9s \u00e0 l\u2019arriv\u00e9e de la marchandise dans le pays de destination.<strong> Ces taxes et droits de douane locaux sont \u00e0 la charge de l\u2019acheteur<\/strong> et seront exig\u00e9s par le transporteur avant la livraison du produit.<\/li>\n<li>En cas de refus de paiement des taxes par l&rsquo;acheteur, la commande sera retourn\u00e9e \u00e0 nos entrep\u00f4ts et l&rsquo;entreprise remboursera le montant du produit, <strong>d\u00e9duction faite des frais de port<\/strong>.<\/li>\n<li>Pour conna\u00eetre les taxes et frais applicables dans votre pays, veuillez contacter votre bureau de douane local.<\/li>\n<li><strong>D\u00e9lai de livraison estim\u00e9\u00a0: 5 \u00e0 8\u00a0jours ouvr\u00e9s<\/strong> (les proc\u00e9dures douani\u00e8res peuvent entra\u00eener des retards ind\u00e9pendants de notre volont\u00e9).<\/li>\n<\/ul>\n<p><strong>Livraison internationale (reste du monde)<\/strong><\/p>\n<ul>\n<li><strong>Frais de livraison : 50 \u20ac<\/strong><\/li>\n<li>Les prix sont hors TVA.<\/li>\n<li><strong>Veuillez noter<\/strong> que des <strong>taxes, droits de douane et frais suppl\u00e9mentaires<\/strong> s&rsquo;appliqueront \u00e0 l&rsquo;arriv\u00e9e de la marchandise dans le pays de destination. <strong>Ces taxes et frais locaux sont \u00e0 la charge de l&rsquo;acheteur<\/strong> et seront exig\u00e9s par le transporteur avant la livraison du produit.<\/li>\n<li>En cas de refus de paiement des taxes par l&rsquo;acheteur, la commande sera retourn\u00e9e \u00e0 nos entrep\u00f4ts et l&rsquo;entreprise remboursera le montant du produit, <strong>d\u00e9duction faite des frais de port<\/strong>.<\/li>\n<li>Pour conna\u00eetre les taxes et frais applicables dans votre pays, veuillez contacter votre bureau de douane local.<\/li>\n<li><strong>D\u00e9lai de livraison estim\u00e9 : 7 \u00e0 12 jours ouvrables<\/strong> (des retards douaniers peuvent s&rsquo;appliquer)<\/li>\n<\/ul>\n<p>Les produits propos\u00e9s sur le SITE seront disponibles tant que CIRO SPORT les aura en stock. Le CLIENT sera inform\u00e9 dans tous les cas de cette circonstance. Si \u00e0 terme un produit achet\u00e9 par le CLIENT n&rsquo;est pas disponible, cette circonstance sera communiqu\u00e9e et un nouveau d\u00e9lai de livraison sera propos\u00e9. S&rsquo;il n&rsquo;est pas possible de livrer le produit achet\u00e9, le CLIENT se verra offrir la possibilit\u00e9 d&rsquo;annuler l&rsquo;achat s&rsquo;il le souhaite.<\/p>\n<p>Pour plus d&rsquo;informations, consultez le <a href=\"https:\/\/www.inverseteams.com\/fr\/conditions-de-contrat\/\">CIRO SPORT S.L.\u00a0<\/a><\/p>\n<p>\u00a0<\/p>\n<\/div>","protected":false},"excerpt":{"rendered":"<p>Nous savons que vous adorez nos v\u00eatements de sport\u00a0; c&rsquo;est pourquoi nous souhaitons que votre commande vous parvienne dans les meilleures conditions. Nous nous engageons \u00e0 vous offrir une livraison s\u00fbre, rapide et fiable. C&rsquo;est pourquoi nous avons collabor\u00e9 avec les meilleures entreprises de transport pour garantir que vos produits arrivent dans les meilleures conditions. [&hellip;]<\/p>\n","protected":false},"author":1,"featured_media":0,"parent":0,"menu_order":0,"comment_status":"closed","ping_status":"closed","template":"page-templates\/page-tabs.php","meta":{"_acf_changed":false,"footnotes":""},"class_list":["post-18643","page","type-page","status-publish","hentry"],"acf":[],"yoast_head":"<!-- This site is optimized with the Yoast SEO plugin v27.5 - https:\/\/yoast.com\/product\/yoast-seo-wordpress\/ -->\n<title>POLITIQUE DE LIVRAISON ET D&#039;EXP\u00c9DITION | Inverseteams<\/title>\n<meta name=\"robots\" content=\"index, follow, max-snippet:-1, max-image-preview:large, max-video-preview:-1\" \/>\n<link rel=\"canonical\" href=\"https:\/\/www.inverseteams.com\/fr\/terminos-de-entrega-y-envio\/\" \/>\n<meta property=\"og:locale\" content=\"fr_FR\" \/>\n<meta property=\"og:type\" content=\"article\" \/>\n<meta property=\"og:title\" content=\"POLITIQUE DE LIVRAISON ET D&#039;EXP\u00c9DITION | Inverseteams\" \/>\n<meta property=\"og:description\" content=\"Nous savons que vous adorez nos v\u00eatements de sport\u00a0; c&rsquo;est pourquoi nous souhaitons que votre commande vous parvienne dans les meilleures conditions. Nous nous engageons \u00e0 vous offrir une livraison s\u00fbre, rapide et fiable. C&rsquo;est pourquoi nous avons collabor\u00e9 avec les meilleures entreprises de transport pour garantir que vos produits arrivent dans les meilleures conditions. [&hellip;]\" \/>\n<meta property=\"og:url\" content=\"https:\/\/www.inverseteams.com\/fr\/terminos-de-entrega-y-envio\/\" \/>\n<meta property=\"og:site_name\" content=\"Inverseteams\" \/>\n<meta property=\"article:publisher\" content=\"https:\/\/www.facebook.com\/inverseteams\" \/>\n<meta property=\"article:modified_time\" content=\"2025-05-22T09:55:29+00:00\" \/>\n<meta name=\"twitter:card\" content=\"summary_large_image\" \/>\n<meta name=\"twitter:label1\" content=\"Dur\u00e9e de lecture estim\u00e9e\" \/>\n\t<meta name=\"twitter:data1\" content=\"3 minutes\" \/>\n<script type=\"application\/ld+json\" class=\"yoast-schema-graph\">{\"@context\":\"https:\\\/\\\/schema.org\",\"@graph\":[{\"@type\":\"WebPage\",\"@id\":\"https:\\\/\\\/www.inverseteams.com\\\/fr\\\/terminos-de-entrega-y-envio\\\/\",\"url\":\"https:\\\/\\\/www.inverseteams.com\\\/fr\\\/terminos-de-entrega-y-envio\\\/\",\"name\":\"POLITIQUE DE LIVRAISON ET D'EXP\u00c9DITION | Inverseteams\",\"isPartOf\":{\"@id\":\"https:\\\/\\\/www.inverseteams.com\\\/fr\\\/#website\"},\"datePublished\":\"2021-01-18T15:51:22+00:00\",\"dateModified\":\"2025-05-22T09:55:29+00:00\",\"breadcrumb\":{\"@id\":\"https:\\\/\\\/www.inverseteams.com\\\/fr\\\/terminos-de-entrega-y-envio\\\/#breadcrumb\"},\"inLanguage\":\"fr-FR\",\"potentialAction\":[{\"@type\":\"ReadAction\",\"target\":[\"https:\\\/\\\/www.inverseteams.com\\\/fr\\\/terminos-de-entrega-y-envio\\\/\"]}]},{\"@type\":\"BreadcrumbList\",\"@id\":\"https:\\\/\\\/www.inverseteams.com\\\/fr\\\/terminos-de-entrega-y-envio\\\/#breadcrumb\",\"itemListElement\":[{\"@type\":\"ListItem\",\"position\":1,\"name\":\"Portada\",\"item\":\"https:\\\/\\\/www.inverseteams.com\\\/fr\\\/pagina-principal\\\/\"},{\"@type\":\"ListItem\",\"position\":2,\"name\":\"POLITIQUE DE LIVRAISON ET D&rsquo;EXP\u00c9DITION\"}]},{\"@type\":\"WebSite\",\"@id\":\"https:\\\/\\\/www.inverseteams.com\\\/fr\\\/#website\",\"url\":\"https:\\\/\\\/www.inverseteams.com\\\/fr\\\/\",\"name\":\"Inverseteams\",\"description\":\"Tu marca de ropa deportiva personalizada\",\"publisher\":{\"@id\":\"https:\\\/\\\/www.inverseteams.com\\\/fr\\\/#organization\"},\"potentialAction\":[{\"@type\":\"SearchAction\",\"target\":{\"@type\":\"EntryPoint\",\"urlTemplate\":\"https:\\\/\\\/www.inverseteams.com\\\/fr\\\/?s={search_term_string}\"},\"query-input\":{\"@type\":\"PropertyValueSpecification\",\"valueRequired\":true,\"valueName\":\"search_term_string\"}}],\"inLanguage\":\"fr-FR\"},{\"@type\":\"Organization\",\"@id\":\"https:\\\/\\\/www.inverseteams.com\\\/fr\\\/#organization\",\"name\":\"Inverse Teams\",\"url\":\"https:\\\/\\\/www.inverseteams.com\\\/fr\\\/\",\"logo\":{\"@type\":\"ImageObject\",\"inLanguage\":\"fr-FR\",\"@id\":\"https:\\\/\\\/www.inverseteams.com\\\/fr\\\/#\\\/schema\\\/logo\\\/image\\\/\",\"url\":\"https:\\\/\\\/www.inverseteams.com\\\/wp-content\\\/uploads\\\/2021\\\/03\\\/logo-inverse-teams.png\",\"contentUrl\":\"https:\\\/\\\/www.inverseteams.com\\\/wp-content\\\/uploads\\\/2021\\\/03\\\/logo-inverse-teams.png\",\"width\":294,\"height\":99,\"caption\":\"Inverse Teams\"},\"image\":{\"@id\":\"https:\\\/\\\/www.inverseteams.com\\\/fr\\\/#\\\/schema\\\/logo\\\/image\\\/\"},\"sameAs\":[\"https:\\\/\\\/www.facebook.com\\\/inverseteams\",\"http:\\\/\\\/instagram.com\\\/inverseteams\",\"https:\\\/\\\/www.linkedin.com\\\/company\\\/inverse-cirosport-s-l-?trk=job_view_topcard_company_name\",\"http:\\\/\\\/www.pinterest.com\\\/inverseteams\\\/\",\"http:\\\/\\\/www.youtube.com\\\/user\\\/inverseteams?feature=watch\"]}]}<\/script>\n<!-- \/ Yoast SEO plugin. -->","yoast_head_json":{"title":"POLITIQUE DE LIVRAISON ET D'EXP\u00c9DITION | Inverseteams","robots":{"index":"index","follow":"follow","max-snippet":"max-snippet:-1","max-image-preview":"max-image-preview:large","max-video-preview":"max-video-preview:-1"},"canonical":"https:\/\/www.inverseteams.com\/fr\/terminos-de-entrega-y-envio\/","og_locale":"fr_FR","og_type":"article","og_title":"POLITIQUE DE LIVRAISON ET D'EXP\u00c9DITION | Inverseteams","og_description":"Nous savons que vous adorez nos v\u00eatements de sport\u00a0; c&rsquo;est pourquoi nous souhaitons que votre commande vous parvienne dans les meilleures conditions. Nous nous engageons \u00e0 vous offrir une livraison s\u00fbre, rapide et fiable. C&rsquo;est pourquoi nous avons collabor\u00e9 avec les meilleures entreprises de transport pour garantir que vos produits arrivent dans les meilleures conditions. [&hellip;]","og_url":"https:\/\/www.inverseteams.com\/fr\/terminos-de-entrega-y-envio\/","og_site_name":"Inverseteams","article_publisher":"https:\/\/www.facebook.com\/inverseteams","article_modified_time":"2025-05-22T09:55:29+00:00","twitter_card":"summary_large_image","twitter_misc":{"Dur\u00e9e de lecture estim\u00e9e":"3 minutes"},"schema":{"@context":"https:\/\/schema.org","@graph":[{"@type":"WebPage","@id":"https:\/\/www.inverseteams.com\/fr\/terminos-de-entrega-y-envio\/","url":"https:\/\/www.inverseteams.com\/fr\/terminos-de-entrega-y-envio\/","name":"POLITIQUE DE LIVRAISON ET D'EXP\u00c9DITION | Inverseteams","isPartOf":{"@id":"https:\/\/www.inverseteams.com\/fr\/#website"},"datePublished":"2021-01-18T15:51:22+00:00","dateModified":"2025-05-22T09:55:29+00:00","breadcrumb":{"@id":"https:\/\/www.inverseteams.com\/fr\/terminos-de-entrega-y-envio\/#breadcrumb"},"inLanguage":"fr-FR","potentialAction":[{"@type":"ReadAction","target":["https:\/\/www.inverseteams.com\/fr\/terminos-de-entrega-y-envio\/"]}]},{"@type":"BreadcrumbList","@id":"https:\/\/www.inverseteams.com\/fr\/terminos-de-entrega-y-envio\/#breadcrumb","itemListElement":[{"@type":"ListItem","position":1,"name":"Portada","item":"https:\/\/www.inverseteams.com\/fr\/pagina-principal\/"},{"@type":"ListItem","position":2,"name":"POLITIQUE DE LIVRAISON ET D&rsquo;EXP\u00c9DITION"}]},{"@type":"WebSite","@id":"https:\/\/www.inverseteams.com\/fr\/#website","url":"https:\/\/www.inverseteams.com\/fr\/","name":"Inverseteams","description":"Tu marca de ropa deportiva personalizada","publisher":{"@id":"https:\/\/www.inverseteams.com\/fr\/#organization"},"potentialAction":[{"@type":"SearchAction","target":{"@type":"EntryPoint","urlTemplate":"https:\/\/www.inverseteams.com\/fr\/?s={search_term_string}"},"query-input":{"@type":"PropertyValueSpecification","valueRequired":true,"valueName":"search_term_string"}}],"inLanguage":"fr-FR"},{"@type":"Organization","@id":"https:\/\/www.inverseteams.com\/fr\/#organization","name":"Inverse Teams","url":"https:\/\/www.inverseteams.com\/fr\/","logo":{"@type":"ImageObject","inLanguage":"fr-FR","@id":"https:\/\/www.inverseteams.com\/fr\/#\/schema\/logo\/image\/","url":"https:\/\/www.inverseteams.com\/wp-content\/uploads\/2021\/03\/logo-inverse-teams.png","contentUrl":"https:\/\/www.inverseteams.com\/wp-content\/uploads\/2021\/03\/logo-inverse-teams.png","width":294,"height":99,"caption":"Inverse Teams"},"image":{"@id":"https:\/\/www.inverseteams.com\/fr\/#\/schema\/logo\/image\/"},"sameAs":["https:\/\/www.facebook.com\/inverseteams","http:\/\/instagram.com\/inverseteams","https:\/\/www.linkedin.com\/company\/inverse-cirosport-s-l-?trk=job_view_topcard_company_name","http:\/\/www.pinterest.com\/inverseteams\/","http:\/\/www.youtube.com\/user\/inverseteams?feature=watch"]}]}},"_links":{"self":[{"href":"https:\/\/www.inverseteams.com\/fr\/wp-json\/wp\/v2\/pages\/18643","targetHints":{"allow":["GET"]}}],"collection":[{"href":"https:\/\/www.inverseteams.com\/fr\/wp-json\/wp\/v2\/pages"}],"about":[{"href":"https:\/\/www.inverseteams.com\/fr\/wp-json\/wp\/v2\/types\/page"}],"author":[{"embeddable":true,"href":"https:\/\/www.inverseteams.com\/fr\/wp-json\/wp\/v2\/users\/1"}],"replies":[{"embeddable":true,"href":"https:\/\/www.inverseteams.com\/fr\/wp-json\/wp\/v2\/comments?post=18643"}],"version-history":[{"count":0,"href":"https:\/\/www.inverseteams.com\/fr\/wp-json\/wp\/v2\/pages\/18643\/revisions"}],"wp:attachment":[{"href":"https:\/\/www.inverseteams.com\/fr\/wp-json\/wp\/v2\/media?parent=18643"}],"curies":[{"name":"wp","href":"https:\/\/api.w.org\/{rel}","templated":true}]}}