{"id":171736,"date":"2023-12-01T09:10:18","date_gmt":"2023-12-01T09:10:18","guid":{"rendered":"https:\/\/www.inverseteams.com\/?page_id=171736"},"modified":"2023-12-01T10:05:03","modified_gmt":"2023-12-01T10:05:03","slug":"cadeaux-de-noel","status":"publish","type":"page","link":"https:\/\/www.inverseteams.com\/fr\/cadeaux-de-noel\/","title":{"rendered":"CADEAUX DE NO\u00cbL"},"content":{"rendered":"\n<div\n\tclass=\"mabel-siwc-img-wrapper\"\n    data-sw-open=\"click\"\n\tdata-sw-action=\"product\"\n\tdata-sw-anim=\"pulse\"\n\tdata-sw-text=\"See more\"\n\tdata-sw-tags='[]'\n\tdata-sw-icon=\"siwc-icon-plus_thin\"\n    data-sw-size=\"39\"\n    data-sw-target=\"_blank\"\n    data-title-tag=\"h1\"\n    data-price-tag=\"h2\"\n>\n\t<img decoding=\"async\" src=\"https:\/\/www.inverseteams.com\/wp-content\/uploads\/INVERSE-REGALOS-NAVIDAD-HEADER-FRA.jpg\" \/>\n<\/div>\n\n\n\n<div style=\"height:50px\" aria-hidden=\"true\" class=\"wp-block-spacer\"><\/div>\n\n\n\n<p class=\"has-text-align-center\" style=\"font-size:25px\"><span class=\"tadv-color\" style=\"color:#101820\"><strong>Surprenez vos proches<\/strong> avec des cadeaux originaux.<\/span><\/p>\n\n\n\n<div\n\tclass=\"mabel-siwc-img-wrapper\"\n    data-sw-open=\"click\"\n\tdata-sw-action=\"product\"\n\tdata-sw-anim=\"pulse\"\n\tdata-sw-text=\"See more\"\n\tdata-sw-tags='[{&quot;posX&quot;:86.1599,&quot;posY&quot;:37.7177,&quot;product_id&quot;:140676,&quot;title&quot;:&quot;Veste cycliste avec \\u00e9clairage de s\\u00e9curit\\u00e9 ANTARES (FEMME)&quot;,&quot;price&quot;:&quot;119,01&amp;euro;&quot;,&quot;link&quot;:&quot;https:\\\/\\\/www.inverseteams.com\\\/fr\\\/produit\\\/veste-cycliste-avec-eclairage-de-securite-antares-femme\\\/&quot;,&quot;thumb&quot;:&quot;https:\\\/\\\/www.inverseteams.com\\\/wp-content\\\/uploads\\\/INVERSE-CHAQUETA-ANTARES-MUJER-1-420x450.jpg&quot;,&quot;is_variation&quot;:false},{&quot;posX&quot;:12.1599,&quot;posY&quot;:67.6848,&quot;product_id&quot;:135377,&quot;title&quot;:&quot;Maillot cycliste avec \\u00e9clairage de s\\u00e9curit\\u00e9 ANTARES (HOMME)&quot;,&quot;price&quot;:&quot;45,45&amp;euro;&quot;,&quot;link&quot;:&quot;https:\\\/\\\/www.inverseteams.com\\\/fr\\\/produit\\\/maillot-cycliste-avec-eclairage-de-securite-antares-homme\\\/&quot;,&quot;thumb&quot;:&quot;https:\\\/\\\/www.inverseteams.com\\\/wp-content\\\/uploads\\\/MAILLOT-CICLISTA-CON-LUZ-ANTARES-HOMBRE-1-1-420x450.jpg&quot;,&quot;is_variation&quot;:false}]'\n\tdata-sw-icon=\"siwc-icon-plus_thin\"\n    data-sw-size=\"39\"\n    data-sw-target=\"_blank\"\n    data-title-tag=\"h1\"\n    data-price-tag=\"h2\"\n>\n\t<img decoding=\"async\" src=\"https:\/\/www.inverseteams.com\/wp-content\/uploads\/ANTARES-FRA.jpg\" \/>\n<\/div>\n\n\n\n<div style=\"height:50px\" aria-hidden=\"true\" class=\"wp-block-spacer\"><\/div>\n\n\n\n<p class=\"has-text-align-center\" style=\"font-size:25px\"><span class=\"tadv-color\" style=\"color:#101820\">Gilet r\u00e9versible PURE TECH. <strong>2 cadeaux en 1.<\/strong><\/span><\/p>\n\n\n\n<div\n\tclass=\"mabel-siwc-img-wrapper\"\n    data-sw-open=\"click\"\n\tdata-sw-action=\"product\"\n\tdata-sw-anim=\"pulse\"\n\tdata-sw-text=\"See more\"\n\tdata-sw-tags='[{&quot;posX&quot;:20.9835,&quot;posY&quot;:42.6871,&quot;product_id&quot;:135374,&quot;title&quot;:&quot;Gilet cycliste r\\u00e9versible PURE TECH GREEN (FEMME)&quot;,&quot;price&quot;:&quot;69,34&amp;euro;&quot;,&quot;link&quot;:&quot;https:\\\/\\\/www.inverseteams.com\\\/fr\\\/produit\\\/gilet-cycliste-reversible-pure-tech-green-femme\\\/&quot;,&quot;thumb&quot;:&quot;https:\\\/\\\/www.inverseteams.com\\\/wp-content\\\/uploads\\\/CHALECO-CICLISTA-REVERSIBLE-PURE-TECH-MUJER-GREEN-1-2-420x450.jpg&quot;,&quot;is_variation&quot;:false},{&quot;posX&quot;:70.6305,&quot;posY&quot;:75.3648,&quot;product_id&quot;:135373,&quot;title&quot;:&quot;Gilet cycliste r\\u00e9versible PURE TECH BROWN (HOMME)&quot;,&quot;price&quot;:&quot;69,34&amp;euro;&quot;,&quot;link&quot;:&quot;https:\\\/\\\/www.inverseteams.com\\\/fr\\\/produit\\\/gilet-cycliste-reversible-pure-tech-brown-homme\\\/&quot;,&quot;thumb&quot;:&quot;https:\\\/\\\/www.inverseteams.com\\\/wp-content\\\/uploads\\\/CHALECO-CICLISTA-REVERSIBLE-PURE-TECH-HOMBRE-BROWN-1-3-420x450.jpg&quot;,&quot;is_variation&quot;:false}]'\n\tdata-sw-icon=\"siwc-icon-plus_thin\"\n    data-sw-size=\"39\"\n    data-sw-target=\"_blank\"\n    data-title-tag=\"h1\"\n    data-price-tag=\"h2\"\n>\n\t<img decoding=\"async\" src=\"https:\/\/www.inverseteams.com\/wp-content\/uploads\/CHALECOS-FRA.jpg\" \/>\n<\/div>\n\n\n\n<div\n\tclass=\"mabel-siwc-img-wrapper\"\n    data-sw-open=\"click\"\n\tdata-sw-action=\"product\"\n\tdata-sw-anim=\"pulse\"\n\tdata-sw-text=\"See more\"\n\tdata-sw-tags='[{&quot;posX&quot;:78.7482,&quot;posY&quot;:27.3271,&quot;product_id&quot;:135343,&quot;title&quot;:&quot;Maillot cycliste manche longue SUBLIM SLIM SLATE (HOMME)&quot;,&quot;price&quot;:&quot;37,19&amp;euro;&quot;,&quot;link&quot;:&quot;https:\\\/\\\/www.inverseteams.com\\\/fr\\\/produit\\\/maillot-cycliste-manche-longue-slim-slate-homme\\\/&quot;,&quot;thumb&quot;:&quot;https:\\\/\\\/www.inverseteams.com\\\/wp-content\\\/uploads\\\/MAILLOT-CICLISTA-ML-SLIM-SLATE-1-1-420x450.jpg&quot;,&quot;is_variation&quot;:false},{&quot;posX&quot;:18.6305,&quot;posY&quot;:11.0635,&quot;product_id&quot;:135355,&quot;title&quot;:&quot;Maillot cycliste manche longue PURE GRAVITY KAKY (FEMME)&quot;,&quot;price&quot;:&quot;37,19&amp;euro;&quot;,&quot;link&quot;:&quot;https:\\\/\\\/www.inverseteams.com\\\/fr\\\/produit\\\/maillot-cycliste-manche-longue-pure-gravity-kaky-femme\\\/&quot;,&quot;thumb&quot;:&quot;https:\\\/\\\/www.inverseteams.com\\\/wp-content\\\/uploads\\\/MAILLOT-CICLISMO-ML-PURE-KAKY-MUJER-1-1-420x450.jpg&quot;,&quot;is_variation&quot;:false},{&quot;posX&quot;:21.807,&quot;posY&quot;:89.8212,&quot;product_id&quot;:135364,&quot;title&quot;:&quot;Collant v\\u00e9lo PURE GREX BLACK&quot;,&quot;price&quot;:&quot;88,43&amp;euro;&quot;,&quot;link&quot;:&quot;https:\\\/\\\/www.inverseteams.com\\\/fr\\\/?post_type=product&amp;p=135364&quot;,&quot;thumb&quot;:&quot;https:\\\/\\\/www.inverseteams.com\\\/wp-content\\\/uploads\\\/CULOTTE-LARGO-CICLISMO-PURE-BLACK-1-420x450.jpg&quot;,&quot;is_variation&quot;:false}]'\n\tdata-sw-icon=\"siwc-icon-plus_thin\"\n    data-sw-size=\"39\"\n    data-sw-target=\"_blank\"\n    data-title-tag=\"h1\"\n    data-price-tag=\"h2\"\n>\n\t<img decoding=\"async\" src=\"https:\/\/www.inverseteams.com\/wp-content\/uploads\/PURE-SUBLIM-FRA.jpg\" \/>\n<\/div>\n\n\n\n<div style=\"height:50px\" aria-hidden=\"true\" class=\"wp-block-spacer\"><\/div>\n\n\n\n<p class=\"has-text-align-center\" style=\"font-size:25px\"><span class=\"tadv-color\" style=\"color:#101820\"><strong>Des accessoires parfaits<\/strong> pour les athl\u00e8tes.<\/span><\/p>\n\n\n\n<div\n\tclass=\"mabel-siwc-img-wrapper\"\n    data-sw-open=\"click\"\n\tdata-sw-action=\"product\"\n\tdata-sw-anim=\"pulse\"\n\tdata-sw-text=\"See more\"\n\tdata-sw-tags='[{&quot;posX&quot;:88.9835,&quot;posY&quot;:29.5859,&quot;product_id&quot;:132113,&quot;title&quot;:&quot;Gants cyclisme AROON GREY&quot;,&quot;price&quot;:&quot;0,00&amp;euro;&quot;,&quot;link&quot;:&quot;https:\\\/\\\/www.inverseteams.com\\\/fr\\\/produit\\\/gants-cyclisme-aroon-grey\\\/&quot;,&quot;thumb&quot;:&quot;https:\\\/\\\/www.inverseteams.com\\\/wp-content\\\/uploads\\\/GUANTES-CICLISMO-AROON-GREY-1-2-420x450.jpg&quot;,&quot;is_variation&quot;:false},{&quot;posX&quot;:28.1599,&quot;posY&quot;:30.0377,&quot;product_id&quot;:136050,&quot;title&quot;:&quot;Tour de cou thermique EDERRA MUSTARD&quot;,&quot;price&quot;:&quot;17,19&amp;euro;&quot;,&quot;link&quot;:&quot;https:\\\/\\\/www.inverseteams.com\\\/fr\\\/produit\\\/tour-de-cou-thermique-ederra-mustard\\\/&quot;,&quot;thumb&quot;:&quot;https:\\\/\\\/www.inverseteams.com\\\/wp-content\\\/uploads\\\/TUBULAR-TERMICO-EDERRA-MUSTARD-1-1-420x450.jpg&quot;,&quot;is_variation&quot;:false},{&quot;posX&quot;:19.807,&quot;posY&quot;:71.1483,&quot;product_id&quot;:86653,&quot;title&quot;:&quot;Casquette trucker RUSHER gris&quot;,&quot;price&quot;:&quot;24,79&amp;euro;&quot;,&quot;link&quot;:&quot;https:\\\/\\\/www.inverseteams.com\\\/fr\\\/produit\\\/casquette-trucker-rusher-gris\\\/&quot;,&quot;thumb&quot;:&quot;https:\\\/\\\/www.inverseteams.com\\\/wp-content\\\/uploads\\\/GORRA-TRUCKER-RUSHER-GRIS-1-420x450.jpg&quot;,&quot;is_variation&quot;:false}]'\n\tdata-sw-icon=\"siwc-icon-plus_thin\"\n    data-sw-size=\"39\"\n    data-sw-target=\"_blank\"\n    data-title-tag=\"h1\"\n    data-price-tag=\"h2\"\n>\n\t<img decoding=\"async\" src=\"https:\/\/www.inverseteams.com\/wp-content\/uploads\/ACCESORIOS-FRA-1.jpg\" \/>\n<\/div>\n","protected":false},"excerpt":{"rendered":"<p>Surprenez vos proches avec des cadeaux originaux. Gilet r\u00e9versible PURE TECH. 2 cadeaux en 1. Des accessoires parfaits pour les athl\u00e8tes.<\/p>\n","protected":false},"author":783,"featured_media":0,"parent":0,"menu_order":0,"comment_status":"closed","ping_status":"closed","template":"page-templates\/page-no-title-full-width.php","meta":{"_acf_changed":false,"footnotes":""},"class_list":["post-171736","page","type-page","status-publish","hentry"],"acf":[],"yoast_head":"<!-- This site is optimized with the Yoast SEO plugin v27.5 - https:\/\/yoast.com\/product\/yoast-seo-wordpress\/ -->\n<title>CADEAUX DE NO\u00cbL | Inverseteams<\/title>\n<meta name=\"robots\" content=\"index, follow, max-snippet:-1, max-image-preview:large, max-video-preview:-1\" \/>\n<link rel=\"canonical\" href=\"https:\/\/www.inverseteams.com\/fr\/cadeaux-de-noel\/\" \/>\n<meta property=\"og:locale\" content=\"fr_FR\" \/>\n<meta property=\"og:type\" content=\"article\" \/>\n<meta property=\"og:title\" content=\"CADEAUX DE NO\u00cbL | Inverseteams\" \/>\n<meta property=\"og:description\" content=\"Surprenez vos proches avec des cadeaux originaux. Gilet r\u00e9versible PURE TECH. 2 cadeaux en 1. Des accessoires parfaits pour les athl\u00e8tes.\" \/>\n<meta property=\"og:url\" content=\"https:\/\/www.inverseteams.com\/fr\/cadeaux-de-noel\/\" \/>\n<meta property=\"og:site_name\" content=\"Inverseteams\" \/>\n<meta property=\"article:publisher\" content=\"https:\/\/www.facebook.com\/inverseteams\" \/>\n<meta property=\"article:modified_time\" content=\"2023-12-01T10:05:03+00:00\" \/>\n<meta name=\"twitter:card\" content=\"summary_large_image\" \/>\n<meta name=\"twitter:label1\" content=\"Dur\u00e9e de lecture estim\u00e9e\" \/>\n\t<meta name=\"twitter:data1\" content=\"1 minute\" \/>\n<script type=\"application\/ld+json\" class=\"yoast-schema-graph\">{\"@context\":\"https:\\\/\\\/schema.org\",\"@graph\":[{\"@type\":\"WebPage\",\"@id\":\"https:\\\/\\\/www.inverseteams.com\\\/fr\\\/cadeaux-de-noel\\\/\",\"url\":\"https:\\\/\\\/www.inverseteams.com\\\/fr\\\/cadeaux-de-noel\\\/\",\"name\":\"CADEAUX DE NO\u00cbL | Inverseteams\",\"isPartOf\":{\"@id\":\"https:\\\/\\\/www.inverseteams.com\\\/fr\\\/#website\"},\"datePublished\":\"2023-12-01T09:10:18+00:00\",\"dateModified\":\"2023-12-01T10:05:03+00:00\",\"breadcrumb\":{\"@id\":\"https:\\\/\\\/www.inverseteams.com\\\/fr\\\/cadeaux-de-noel\\\/#breadcrumb\"},\"inLanguage\":\"fr-FR\",\"potentialAction\":[{\"@type\":\"ReadAction\",\"target\":[\"https:\\\/\\\/www.inverseteams.com\\\/fr\\\/cadeaux-de-noel\\\/\"]}]},{\"@type\":\"BreadcrumbList\",\"@id\":\"https:\\\/\\\/www.inverseteams.com\\\/fr\\\/cadeaux-de-noel\\\/#breadcrumb\",\"itemListElement\":[{\"@type\":\"ListItem\",\"position\":1,\"name\":\"Portada\",\"item\":\"https:\\\/\\\/www.inverseteams.com\\\/fr\\\/pagina-principal\\\/\"},{\"@type\":\"ListItem\",\"position\":2,\"name\":\"CADEAUX DE NO\u00cbL\"}]},{\"@type\":\"WebSite\",\"@id\":\"https:\\\/\\\/www.inverseteams.com\\\/fr\\\/#website\",\"url\":\"https:\\\/\\\/www.inverseteams.com\\\/fr\\\/\",\"name\":\"Inverseteams\",\"description\":\"Tu marca de ropa deportiva personalizada\",\"publisher\":{\"@id\":\"https:\\\/\\\/www.inverseteams.com\\\/fr\\\/#organization\"},\"potentialAction\":[{\"@type\":\"SearchAction\",\"target\":{\"@type\":\"EntryPoint\",\"urlTemplate\":\"https:\\\/\\\/www.inverseteams.com\\\/fr\\\/?s={search_term_string}\"},\"query-input\":{\"@type\":\"PropertyValueSpecification\",\"valueRequired\":true,\"valueName\":\"search_term_string\"}}],\"inLanguage\":\"fr-FR\"},{\"@type\":\"Organization\",\"@id\":\"https:\\\/\\\/www.inverseteams.com\\\/fr\\\/#organization\",\"name\":\"Inverse Teams\",\"url\":\"https:\\\/\\\/www.inverseteams.com\\\/fr\\\/\",\"logo\":{\"@type\":\"ImageObject\",\"inLanguage\":\"fr-FR\",\"@id\":\"https:\\\/\\\/www.inverseteams.com\\\/fr\\\/#\\\/schema\\\/logo\\\/image\\\/\",\"url\":\"https:\\\/\\\/www.inverseteams.com\\\/wp-content\\\/uploads\\\/2021\\\/03\\\/logo-inverse-teams.png\",\"contentUrl\":\"https:\\\/\\\/www.inverseteams.com\\\/wp-content\\\/uploads\\\/2021\\\/03\\\/logo-inverse-teams.png\",\"width\":294,\"height\":99,\"caption\":\"Inverse Teams\"},\"image\":{\"@id\":\"https:\\\/\\\/www.inverseteams.com\\\/fr\\\/#\\\/schema\\\/logo\\\/image\\\/\"},\"sameAs\":[\"https:\\\/\\\/www.facebook.com\\\/inverseteams\",\"http:\\\/\\\/instagram.com\\\/inverseteams\",\"https:\\\/\\\/www.linkedin.com\\\/company\\\/inverse-cirosport-s-l-?trk=job_view_topcard_company_name\",\"http:\\\/\\\/www.pinterest.com\\\/inverseteams\\\/\",\"http:\\\/\\\/www.youtube.com\\\/user\\\/inverseteams?feature=watch\"]}]}<\/script>\n<!-- \/ Yoast SEO plugin. -->","yoast_head_json":{"title":"CADEAUX DE NO\u00cbL | Inverseteams","robots":{"index":"index","follow":"follow","max-snippet":"max-snippet:-1","max-image-preview":"max-image-preview:large","max-video-preview":"max-video-preview:-1"},"canonical":"https:\/\/www.inverseteams.com\/fr\/cadeaux-de-noel\/","og_locale":"fr_FR","og_type":"article","og_title":"CADEAUX DE NO\u00cbL | Inverseteams","og_description":"Surprenez vos proches avec des cadeaux originaux. Gilet r\u00e9versible PURE TECH. 2 cadeaux en 1. Des accessoires parfaits pour les athl\u00e8tes.","og_url":"https:\/\/www.inverseteams.com\/fr\/cadeaux-de-noel\/","og_site_name":"Inverseteams","article_publisher":"https:\/\/www.facebook.com\/inverseteams","article_modified_time":"2023-12-01T10:05:03+00:00","twitter_card":"summary_large_image","twitter_misc":{"Dur\u00e9e de lecture estim\u00e9e":"1 minute"},"schema":{"@context":"https:\/\/schema.org","@graph":[{"@type":"WebPage","@id":"https:\/\/www.inverseteams.com\/fr\/cadeaux-de-noel\/","url":"https:\/\/www.inverseteams.com\/fr\/cadeaux-de-noel\/","name":"CADEAUX DE NO\u00cbL | Inverseteams","isPartOf":{"@id":"https:\/\/www.inverseteams.com\/fr\/#website"},"datePublished":"2023-12-01T09:10:18+00:00","dateModified":"2023-12-01T10:05:03+00:00","breadcrumb":{"@id":"https:\/\/www.inverseteams.com\/fr\/cadeaux-de-noel\/#breadcrumb"},"inLanguage":"fr-FR","potentialAction":[{"@type":"ReadAction","target":["https:\/\/www.inverseteams.com\/fr\/cadeaux-de-noel\/"]}]},{"@type":"BreadcrumbList","@id":"https:\/\/www.inverseteams.com\/fr\/cadeaux-de-noel\/#breadcrumb","itemListElement":[{"@type":"ListItem","position":1,"name":"Portada","item":"https:\/\/www.inverseteams.com\/fr\/pagina-principal\/"},{"@type":"ListItem","position":2,"name":"CADEAUX DE NO\u00cbL"}]},{"@type":"WebSite","@id":"https:\/\/www.inverseteams.com\/fr\/#website","url":"https:\/\/www.inverseteams.com\/fr\/","name":"Inverseteams","description":"Tu marca de ropa deportiva personalizada","publisher":{"@id":"https:\/\/www.inverseteams.com\/fr\/#organization"},"potentialAction":[{"@type":"SearchAction","target":{"@type":"EntryPoint","urlTemplate":"https:\/\/www.inverseteams.com\/fr\/?s={search_term_string}"},"query-input":{"@type":"PropertyValueSpecification","valueRequired":true,"valueName":"search_term_string"}}],"inLanguage":"fr-FR"},{"@type":"Organization","@id":"https:\/\/www.inverseteams.com\/fr\/#organization","name":"Inverse Teams","url":"https:\/\/www.inverseteams.com\/fr\/","logo":{"@type":"ImageObject","inLanguage":"fr-FR","@id":"https:\/\/www.inverseteams.com\/fr\/#\/schema\/logo\/image\/","url":"https:\/\/www.inverseteams.com\/wp-content\/uploads\/2021\/03\/logo-inverse-teams.png","contentUrl":"https:\/\/www.inverseteams.com\/wp-content\/uploads\/2021\/03\/logo-inverse-teams.png","width":294,"height":99,"caption":"Inverse Teams"},"image":{"@id":"https:\/\/www.inverseteams.com\/fr\/#\/schema\/logo\/image\/"},"sameAs":["https:\/\/www.facebook.com\/inverseteams","http:\/\/instagram.com\/inverseteams","https:\/\/www.linkedin.com\/company\/inverse-cirosport-s-l-?trk=job_view_topcard_company_name","http:\/\/www.pinterest.com\/inverseteams\/","http:\/\/www.youtube.com\/user\/inverseteams?feature=watch"]}]}},"_links":{"self":[{"href":"https:\/\/www.inverseteams.com\/fr\/wp-json\/wp\/v2\/pages\/171736","targetHints":{"allow":["GET"]}}],"collection":[{"href":"https:\/\/www.inverseteams.com\/fr\/wp-json\/wp\/v2\/pages"}],"about":[{"href":"https:\/\/www.inverseteams.com\/fr\/wp-json\/wp\/v2\/types\/page"}],"author":[{"embeddable":true,"href":"https:\/\/www.inverseteams.com\/fr\/wp-json\/wp\/v2\/users\/783"}],"replies":[{"embeddable":true,"href":"https:\/\/www.inverseteams.com\/fr\/wp-json\/wp\/v2\/comments?post=171736"}],"version-history":[{"count":0,"href":"https:\/\/www.inverseteams.com\/fr\/wp-json\/wp\/v2\/pages\/171736\/revisions"}],"wp:attachment":[{"href":"https:\/\/www.inverseteams.com\/fr\/wp-json\/wp\/v2\/media?parent=171736"}],"curies":[{"name":"wp","href":"https:\/\/api.w.org\/{rel}","templated":true}]}}