{"id":14098,"date":"2021-04-30T08:33:11","date_gmt":"2021-04-30T08:33:11","guid":{"rendered":"https:\/\/inverseteams.com\/?page_id=14098"},"modified":"2021-04-30T08:33:11","modified_gmt":"2021-04-30T08:33:11","slug":"qui-sommes-nous","status":"publish","type":"page","link":"https:\/\/www.inverseteams.com\/fr\/qui-sommes-nous\/","title":{"rendered":"Qui sommes-nous"},"content":{"rendered":"\n<div class=\"wp-block-group has-pale-grey-background-color has-background\"><div class=\"wp-block-group__inner-container is-layout-flow wp-block-group-is-layout-flow\">\n<div class=\"wp-block-columns is-layout-flex wp-container-core-columns-is-layout-9d6595d7 wp-block-columns-is-layout-flex\">\n<div class=\"wp-block-column is-vertically-aligned-center is-layout-flow wp-block-column-is-layout-flow\"><div class=\"wrapper-classic-paragraph\">\n<h2 id=\"block-d683f20b-b723-4c4a-8924-e6a0414c0112\" class=\"block-editor-rich-text__editable block-editor-block-list__block wp-block is-selected is-hovered rich-text\" tabindex=\"0\" role=\"group\" contenteditable=\"true\" aria-multiline=\"true\" aria-label=\"Bloque: Encabezado\" data-block=\"d683f20b-b723-4c4a-8924-e6a0414c0112\" data-type=\"core\/heading\" data-title=\"Encabezado\">INVERSE n\u00e9 comme CIRO SPORT il ya plus de 50 ans<\/h2>\n<p>Son fondateur, Joaquim Sabat\u00e9 i Dausa avait des liens \u00e9troits avec les sports, pr\u00e9sident Esport Ciclista Barcelone. Pendant sa pr\u00e9sidence organis\u00e9 plus de 900 races, y compris \u00ab\u00a0SetmanaCatalana de Ciclisme\u00bb et \u00abEscalade de Montju\u00efc\u00a0\u00bb. Cette connexion au sport l&rsquo;a aid\u00e9 \u00e0 r\u00e9pondre \u00e0 de nombreux cyclistes professionnels et de conna\u00eetre leurs besoins.<\/p>\n<p>L&rsquo;exp\u00e9rience a contribu\u00e9 \u00e0 cr\u00e9er dans les ann\u00e9es 90 la marque INVERSE. Ceci est connu pour la qualit\u00e9 de leurs v\u00eatements, fabriqu\u00e9s avec des mat\u00e9riaux de derni\u00e8re g\u00e9n\u00e9ration, et l&rsquo;originalit\u00e9 dans la conception.<\/p>\n<p><a href=\"https:\/\/new.inverseteams.ddev.site\/historia\/\">VER HISTORIA<\/a><\/p>\n<\/div><\/div>\n\n\n\n<div class=\"wp-block-column is-layout-flow wp-block-column-is-layout-flow\"> \n<\/div>\n<\/div>\n<\/div><\/div>\n\n\n\n<div class=\"wp-block-group\"><div class=\"wp-block-group__inner-container is-layout-flow wp-block-group-is-layout-flow\">\n<div class=\"wp-block-columns is-layout-flex wp-container-core-columns-is-layout-9d6595d7 wp-block-columns-is-layout-flex\">\n<div class=\"wp-block-column is-layout-flow wp-block-column-is-layout-flow\"><div class=\"wrapper-classic-paragraph\">\n<h2 id=\"block-5b064d1d-b77a-4083-925a-2fdb10384e34\" class=\"block-editor-rich-text__editable block-editor-block-list__block wp-block is-selected is-hovered rich-text\" tabindex=\"0\" role=\"group\" contenteditable=\"true\" aria-multiline=\"true\" aria-label=\"Bloque: Encabezado\" data-block=\"5b064d1d-b77a-4083-925a-2fdb10384e34\" data-type=\"core\/heading\" data-title=\"Encabezado\">Inverse pour \u00eatre plus vous, pour \u00eatre \u00ab\u00a0Be True\u00a0\u00bb.<\/h2>\n<h4>Inverse a toujours opt\u00e9 pour l\u2019innovation, en s&rsquo;adaptant et en r\u00e9pondant aux besoins r\u00e9els de tous les athl\u00e8tes, en concevant et en fabriquant les v\u00eatements n\u00e9cessaires et appropri\u00e9s pour concourir et s&rsquo;amuser.<\/h4>\n<p><a href=\"https:\/\/new.inverseteams.ddev.site\/distribuidores-i-agentes\/\">NUESTRA RED DE DISTRIBUIDORES Y AGENTES<\/a><\/p>\n<\/div><\/div>\n\n\n\n<div class=\"wp-block-column is-layout-flow wp-block-column-is-layout-flow\"><div class=\"wrapper-classic-paragraph\">\n<p class=\"p1\">Chez Inverse, nous mettons au centre de nos pens\u00e9es tous les athl\u00e8tes comme vous, et c\u2019est pourquoi nous avons envisag\u00e9 le d\u00e9but d\u2019une nouvelle \u00e8re, l\u2019\u00e8re BE TRUE. O\u00f9 nous allons vous aider \u00e0 marquer votre propre style, se sentir plus comme vous, et faire votre marque sur tout ce que vous faites.<\/p>\n<p class=\"p1\">C\u2019est pourquoi, chez Inverse, nous vous poussons \u00e0 faire ressortir votre vrai moi, \u00e0 \u00eatre fid\u00e8le \u00e0 vous-m\u00eame. Nous vous proposons des designs qui s\u2019adaptent \u00e0 chaque personnalit\u00e9. Des produits de qualit\u00e9, avec lesquels vous vous sentirez \u00e0 l\u2019aise. \u00c0 l\u2019aise avec vos v\u00eatements et \u00e0 l\u2019aise avec vous-m\u00eame. Et nous donnons l&rsquo;exemple. Une entreprise fid\u00e8le \u00e0 elle-m\u00eame. Avec histoire. Et avec une \u00e9quipe humaine proche qui vous fera trouver les produits qui habilitent le mieux votre vrai soi.<\/p>\n<p class=\"p1\">Dans notre entreprise, nous vivons par et pour les cyclistes, triathl\u00e8tes, athl\u00e8tes, coureurs, skieurs et pour tous les athl\u00e8tes pour lesquels nous fabriquons leurs v\u00eatements de sport; avec des dessins et des tissus sp\u00e9cifiques pour chaque discipline et modalit\u00e9 sportive afin d&rsquo;obtenir des performances optimales dans tous les types de comp\u00e9tition.<\/p>\n<p class=\"p1\">Afin d&rsquo;offrir le meilleur service, notre marque dispose de d\u00e9partements de design, de modelage, d\u2019impression, de coupe et de confection, qui, coordonn\u00e9s et supervis\u00e9s par un contr\u00f4le de qualit\u00e9 exigeant, sont capables de cr\u00e9er des v\u00eatements personnalis\u00e9s et de collection d\u2019un grand confort et attractivit\u00e9 afin que vous appr\u00e9ciez toujours votre passion.\u00a0<\/p>\n<p class=\"p1\">L\u2019effort et la pers\u00e9v\u00e9rance ont rendu nos v\u00eatements pr\u00e9sents dans plus de 25 pays. Cette importante expansion internationale nous aide \u00e0 savoir quelles sont les nouvelles tendances et priorit\u00e9s des athl\u00e8tes du monde entier.<span class=\"Apple-converted-space\">\u00a0 <\/span>Ainsi, nous pouvons continuer \u00e0 vous offrir des v\u00eatements qui \u00e9voluent et s&rsquo;adaptent toujours \u00e0 vos vrais besoins.<\/p>\n<\/div><\/div>\n<\/div>\n\n\n\n<p><\/p>\n<\/div><\/div>\n","protected":false},"excerpt":{"rendered":"<p>INVERSE n\u00e9 comme CIRO SPORT il ya plus de 50 ans Son fondateur, Joaquim Sabat\u00e9 i Dausa avait des liens \u00e9troits avec les sports, pr\u00e9sident Esport Ciclista Barcelone. Pendant sa pr\u00e9sidence organis\u00e9 plus de 900 races, y compris \u00ab\u00a0SetmanaCatalana de Ciclisme\u00bb et \u00abEscalade de Montju\u00efc\u00a0\u00bb. Cette connexion au sport l&rsquo;a aid\u00e9 \u00e0 r\u00e9pondre \u00e0 de [&hellip;]<\/p>\n","protected":false},"author":1,"featured_media":0,"parent":0,"menu_order":0,"comment_status":"closed","ping_status":"closed","template":"","meta":{"_acf_changed":false,"footnotes":""},"class_list":["post-14098","page","type-page","status-publish","hentry"],"acf":[],"yoast_head":"<!-- This site is optimized with the Yoast SEO plugin v27.5 - https:\/\/yoast.com\/product\/yoast-seo-wordpress\/ -->\n<title>Qui sommes-nous | Inverseteams<\/title>\n<meta name=\"robots\" content=\"index, follow, max-snippet:-1, max-image-preview:large, max-video-preview:-1\" \/>\n<link rel=\"canonical\" href=\"https:\/\/www.inverseteams.com\/fr\/qui-sommes-nous\/\" \/>\n<meta property=\"og:locale\" content=\"fr_FR\" \/>\n<meta property=\"og:type\" content=\"article\" \/>\n<meta property=\"og:title\" content=\"Qui sommes-nous | Inverseteams\" \/>\n<meta property=\"og:description\" content=\"INVERSE n\u00e9 comme CIRO SPORT il ya plus de 50 ans Son fondateur, Joaquim Sabat\u00e9 i Dausa avait des liens \u00e9troits avec les sports, pr\u00e9sident Esport Ciclista Barcelone. Pendant sa pr\u00e9sidence organis\u00e9 plus de 900 races, y compris \u00ab\u00a0SetmanaCatalana de Ciclisme\u00bb et \u00abEscalade de Montju\u00efc\u00a0\u00bb. Cette connexion au sport l&rsquo;a aid\u00e9 \u00e0 r\u00e9pondre \u00e0 de [&hellip;]\" \/>\n<meta property=\"og:url\" content=\"https:\/\/www.inverseteams.com\/fr\/qui-sommes-nous\/\" \/>\n<meta property=\"og:site_name\" content=\"Inverseteams\" \/>\n<meta property=\"article:publisher\" content=\"https:\/\/www.facebook.com\/inverseteams\" \/>\n<meta name=\"twitter:card\" content=\"summary_large_image\" \/>\n<meta name=\"twitter:label1\" content=\"Dur\u00e9e de lecture estim\u00e9e\" \/>\n\t<meta name=\"twitter:data1\" content=\"2 minutes\" \/>\n<script type=\"application\/ld+json\" class=\"yoast-schema-graph\">{\"@context\":\"https:\\\/\\\/schema.org\",\"@graph\":[{\"@type\":\"WebPage\",\"@id\":\"https:\\\/\\\/www.inverseteams.com\\\/fr\\\/qui-sommes-nous\\\/\",\"url\":\"https:\\\/\\\/www.inverseteams.com\\\/fr\\\/qui-sommes-nous\\\/\",\"name\":\"Qui sommes-nous | Inverseteams\",\"isPartOf\":{\"@id\":\"https:\\\/\\\/www.inverseteams.com\\\/fr\\\/#website\"},\"datePublished\":\"2021-04-30T08:33:11+00:00\",\"breadcrumb\":{\"@id\":\"https:\\\/\\\/www.inverseteams.com\\\/fr\\\/qui-sommes-nous\\\/#breadcrumb\"},\"inLanguage\":\"fr-FR\",\"potentialAction\":[{\"@type\":\"ReadAction\",\"target\":[\"https:\\\/\\\/www.inverseteams.com\\\/fr\\\/qui-sommes-nous\\\/\"]}]},{\"@type\":\"BreadcrumbList\",\"@id\":\"https:\\\/\\\/www.inverseteams.com\\\/fr\\\/qui-sommes-nous\\\/#breadcrumb\",\"itemListElement\":[{\"@type\":\"ListItem\",\"position\":1,\"name\":\"Portada\",\"item\":\"https:\\\/\\\/www.inverseteams.com\\\/fr\\\/pagina-principal\\\/\"},{\"@type\":\"ListItem\",\"position\":2,\"name\":\"Qui sommes-nous\"}]},{\"@type\":\"WebSite\",\"@id\":\"https:\\\/\\\/www.inverseteams.com\\\/fr\\\/#website\",\"url\":\"https:\\\/\\\/www.inverseteams.com\\\/fr\\\/\",\"name\":\"Inverseteams\",\"description\":\"Tu marca de ropa deportiva personalizada\",\"publisher\":{\"@id\":\"https:\\\/\\\/www.inverseteams.com\\\/fr\\\/#organization\"},\"potentialAction\":[{\"@type\":\"SearchAction\",\"target\":{\"@type\":\"EntryPoint\",\"urlTemplate\":\"https:\\\/\\\/www.inverseteams.com\\\/fr\\\/?s={search_term_string}\"},\"query-input\":{\"@type\":\"PropertyValueSpecification\",\"valueRequired\":true,\"valueName\":\"search_term_string\"}}],\"inLanguage\":\"fr-FR\"},{\"@type\":\"Organization\",\"@id\":\"https:\\\/\\\/www.inverseteams.com\\\/fr\\\/#organization\",\"name\":\"Inverse Teams\",\"url\":\"https:\\\/\\\/www.inverseteams.com\\\/fr\\\/\",\"logo\":{\"@type\":\"ImageObject\",\"inLanguage\":\"fr-FR\",\"@id\":\"https:\\\/\\\/www.inverseteams.com\\\/fr\\\/#\\\/schema\\\/logo\\\/image\\\/\",\"url\":\"https:\\\/\\\/www.inverseteams.com\\\/wp-content\\\/uploads\\\/2021\\\/03\\\/logo-inverse-teams.png\",\"contentUrl\":\"https:\\\/\\\/www.inverseteams.com\\\/wp-content\\\/uploads\\\/2021\\\/03\\\/logo-inverse-teams.png\",\"width\":294,\"height\":99,\"caption\":\"Inverse Teams\"},\"image\":{\"@id\":\"https:\\\/\\\/www.inverseteams.com\\\/fr\\\/#\\\/schema\\\/logo\\\/image\\\/\"},\"sameAs\":[\"https:\\\/\\\/www.facebook.com\\\/inverseteams\",\"http:\\\/\\\/instagram.com\\\/inverseteams\",\"https:\\\/\\\/www.linkedin.com\\\/company\\\/inverse-cirosport-s-l-?trk=job_view_topcard_company_name\",\"http:\\\/\\\/www.pinterest.com\\\/inverseteams\\\/\",\"http:\\\/\\\/www.youtube.com\\\/user\\\/inverseteams?feature=watch\"]}]}<\/script>\n<!-- \/ Yoast SEO plugin. -->","yoast_head_json":{"title":"Qui sommes-nous | Inverseteams","robots":{"index":"index","follow":"follow","max-snippet":"max-snippet:-1","max-image-preview":"max-image-preview:large","max-video-preview":"max-video-preview:-1"},"canonical":"https:\/\/www.inverseteams.com\/fr\/qui-sommes-nous\/","og_locale":"fr_FR","og_type":"article","og_title":"Qui sommes-nous | Inverseteams","og_description":"INVERSE n\u00e9 comme CIRO SPORT il ya plus de 50 ans Son fondateur, Joaquim Sabat\u00e9 i Dausa avait des liens \u00e9troits avec les sports, pr\u00e9sident Esport Ciclista Barcelone. Pendant sa pr\u00e9sidence organis\u00e9 plus de 900 races, y compris \u00ab\u00a0SetmanaCatalana de Ciclisme\u00bb et \u00abEscalade de Montju\u00efc\u00a0\u00bb. Cette connexion au sport l&rsquo;a aid\u00e9 \u00e0 r\u00e9pondre \u00e0 de [&hellip;]","og_url":"https:\/\/www.inverseteams.com\/fr\/qui-sommes-nous\/","og_site_name":"Inverseteams","article_publisher":"https:\/\/www.facebook.com\/inverseteams","twitter_card":"summary_large_image","twitter_misc":{"Dur\u00e9e de lecture estim\u00e9e":"2 minutes"},"schema":{"@context":"https:\/\/schema.org","@graph":[{"@type":"WebPage","@id":"https:\/\/www.inverseteams.com\/fr\/qui-sommes-nous\/","url":"https:\/\/www.inverseteams.com\/fr\/qui-sommes-nous\/","name":"Qui sommes-nous | Inverseteams","isPartOf":{"@id":"https:\/\/www.inverseteams.com\/fr\/#website"},"datePublished":"2021-04-30T08:33:11+00:00","breadcrumb":{"@id":"https:\/\/www.inverseteams.com\/fr\/qui-sommes-nous\/#breadcrumb"},"inLanguage":"fr-FR","potentialAction":[{"@type":"ReadAction","target":["https:\/\/www.inverseteams.com\/fr\/qui-sommes-nous\/"]}]},{"@type":"BreadcrumbList","@id":"https:\/\/www.inverseteams.com\/fr\/qui-sommes-nous\/#breadcrumb","itemListElement":[{"@type":"ListItem","position":1,"name":"Portada","item":"https:\/\/www.inverseteams.com\/fr\/pagina-principal\/"},{"@type":"ListItem","position":2,"name":"Qui sommes-nous"}]},{"@type":"WebSite","@id":"https:\/\/www.inverseteams.com\/fr\/#website","url":"https:\/\/www.inverseteams.com\/fr\/","name":"Inverseteams","description":"Tu marca de ropa deportiva personalizada","publisher":{"@id":"https:\/\/www.inverseteams.com\/fr\/#organization"},"potentialAction":[{"@type":"SearchAction","target":{"@type":"EntryPoint","urlTemplate":"https:\/\/www.inverseteams.com\/fr\/?s={search_term_string}"},"query-input":{"@type":"PropertyValueSpecification","valueRequired":true,"valueName":"search_term_string"}}],"inLanguage":"fr-FR"},{"@type":"Organization","@id":"https:\/\/www.inverseteams.com\/fr\/#organization","name":"Inverse Teams","url":"https:\/\/www.inverseteams.com\/fr\/","logo":{"@type":"ImageObject","inLanguage":"fr-FR","@id":"https:\/\/www.inverseteams.com\/fr\/#\/schema\/logo\/image\/","url":"https:\/\/www.inverseteams.com\/wp-content\/uploads\/2021\/03\/logo-inverse-teams.png","contentUrl":"https:\/\/www.inverseteams.com\/wp-content\/uploads\/2021\/03\/logo-inverse-teams.png","width":294,"height":99,"caption":"Inverse Teams"},"image":{"@id":"https:\/\/www.inverseteams.com\/fr\/#\/schema\/logo\/image\/"},"sameAs":["https:\/\/www.facebook.com\/inverseteams","http:\/\/instagram.com\/inverseteams","https:\/\/www.linkedin.com\/company\/inverse-cirosport-s-l-?trk=job_view_topcard_company_name","http:\/\/www.pinterest.com\/inverseteams\/","http:\/\/www.youtube.com\/user\/inverseteams?feature=watch"]}]}},"_links":{"self":[{"href":"https:\/\/www.inverseteams.com\/fr\/wp-json\/wp\/v2\/pages\/14098","targetHints":{"allow":["GET"]}}],"collection":[{"href":"https:\/\/www.inverseteams.com\/fr\/wp-json\/wp\/v2\/pages"}],"about":[{"href":"https:\/\/www.inverseteams.com\/fr\/wp-json\/wp\/v2\/types\/page"}],"author":[{"embeddable":true,"href":"https:\/\/www.inverseteams.com\/fr\/wp-json\/wp\/v2\/users\/1"}],"replies":[{"embeddable":true,"href":"https:\/\/www.inverseteams.com\/fr\/wp-json\/wp\/v2\/comments?post=14098"}],"version-history":[{"count":0,"href":"https:\/\/www.inverseteams.com\/fr\/wp-json\/wp\/v2\/pages\/14098\/revisions"}],"wp:attachment":[{"href":"https:\/\/www.inverseteams.com\/fr\/wp-json\/wp\/v2\/media?parent=14098"}],"curies":[{"name":"wp","href":"https:\/\/api.w.org\/{rel}","templated":true}]}}