{"id":96142,"date":"2022-09-26T13:05:01","date_gmt":"2022-09-26T13:05:01","guid":{"rendered":"https:\/\/www.inverseteams.com\/?post_type=product&#038;p=96142"},"modified":"2024-05-20T15:49:50","modified_gmt":"2024-05-20T15:49:50","slug":"culotte-ciclista-alpha-mujer","status":"publish","type":"product","link":"https:\/\/www.inverseteams.com\/es\/producto\/culotte-ciclista-alpha-mujer\/","title":{"rendered":"Culotte ciclista ALPHA (MUJER)"},"content":{"rendered":"<p>Culotte perfecto para la competici\u00f3n y las pruebas de larga distancia. Su elasticidad y ligereza te permitir\u00e1n una gran libertad de movimientos. Se caracteriza por su buena transpiraci\u00f3n. Es ideal para los d\u00edas calurosos.<br \/>\nLos paneles del culotte ciclista est\u00e1n dise\u00f1ados para que se adapten perfectamente a las diferentes posiciones del pedaleo. No notar\u00e1s ninguna resistencia. Estos paneles est\u00e1n cosidos con unas costuras planas s\u00faper resistentes que adem\u00e1s aportan un dise\u00f1o m\u00e1s atractivo a la prenda.<br \/>\nLos tirantes perforados por la espalda te ayudar\u00e1n a evacuar el sudor y a sentirte fresco y seco en todo momento. Las 2 bandas planas frontales distribuyen el peso de forma equilibrada para que puedas gozar de largas sesiones de ciclismo sin molestias. Los tirantes tienen un cierre magn\u00e9tico en la parte posterior. De este modo te podr\u00e1s poner y quitar el culotte f\u00e1cil y r\u00e1pidamente. Este sistema te permitir\u00e1 ir al ba\u00f1o c\u00f3modamente.<br \/>\nAl final de las piernas tiene unas l\u00edneas de silicona hipoalerg\u00e9nica que mantienen la prenda bien sujeta a la pierna. En los laterales tiene unos puntos reflectantes que aumentar\u00e1n tu seguridad ya que reflejar\u00e1n la luz de los veh\u00edculos.<\/p>\n","protected":false},"excerpt":{"rendered":"<p>Culotte perfecto para la competici\u00f3n y las pruebas de larga distancia. Su elasticidad y ligereza te permitir\u00e1n una gran libertad de movimientos. Se caracteriza por su buena transpiraci\u00f3n. Es ideal para los d\u00edas calurosos.<br \/>\nLos paneles del culotte ciclista est\u00e1n dise\u00f1ados para que se adapten perfectamente a las diferentes posiciones del pedaleo. No notar\u00e1s ninguna resistencia. Estos paneles est\u00e1n cosidos con unas costuras planas s\u00faper resistentes que adem\u00e1s aportan un dise\u00f1o m\u00e1s atractivo a la prenda.<br \/>\nLos tirantes perforados por la espalda te ayudar\u00e1n a evacuar el sudor y a sentirte fresco y seco en todo momento. Las 2 bandas planas frontales distribuyen el peso de forma equilibrada para que puedas gozar de largas sesiones de ciclismo sin molestias. Los tirantes tienen un cierre magn\u00e9tico en la parte posterior. De este modo te podr\u00e1s poner y quitar el culotte f\u00e1cil y r\u00e1pidamente. Este sistema te permitir\u00e1 ir al ba\u00f1o c\u00f3modamente.<br \/>\nAl final de las piernas tiene unas l\u00edneas de silicona hipoalerg\u00e9nica que mantienen la prenda bien sujeta a la pierna. En los laterales tiene unos puntos reflectantes que aumentar\u00e1n tu seguridad ya que reflejar\u00e1n la luz de los veh\u00edculos.<\/p>\n","protected":false},"featured_media":122444,"comment_status":"closed","ping_status":"closed","template":"","meta":{"_acf_changed":false},"product_brand":[],"product_cat":[2769,7174],"product_tag":[],"custom_category":[],"range":[],"class_list":{"0":"post-96142","1":"product","2":"type-product","3":"status-publish","4":"has-post-thumbnail","6":"product_cat-culotte-ciclismo","7":"product_cat-b2b","8":"pa_climatologia-calor","9":"pa_climatologia-temperatura-templada","10":"pa_deporte-ciclismo","11":"pa_genero-mujer","12":"pa_patronaje-fit","13":"pa_talla-l","14":"pa_talla-xl","15":"pa_talla-xs","16":"pa_talla-s","17":"pa_talla-m","18":"pa_tipo-de-prenda-culotte-corto","20":"first","21":"outofstock","22":"featured","23":"taxable","24":"shipping-taxable","25":"purchasable","26":"product-type-variable","27":"has-default-attributes"},"acf":[],"yoast_head":"<!-- This site is optimized with the Yoast SEO plugin v27.3 - https:\/\/yoast.com\/product\/yoast-seo-wordpress\/ -->\n<title>Culotte ciclista ALPHA (MUJER)<\/title>\n<meta name=\"description\" content=\"Culotte perfecto para la competici\u00f3n y las pruebas de larga distancia. Su elasticidad y ligereza te permitir\u00e1n una gran libertad de movimientos. Se caracteriza por su buena transpiraci\u00f3n. Es ideal para los d\u00edas calurosos. Los paneles del culotte ciclista est\u00e1n dise\u00f1ados para que se adapten perfectamente a las diferentes posiciones del pedaleo. No notar\u00e1s ninguna resistencia. Estos paneles est\u00e1n cosidos con unas costuras planas s\u00faper resistentes que adem\u00e1s aportan un dise\u00f1o m\u00e1s atractivo a la prenda. Los tirantes perforados por la espalda te ayudar\u00e1n a evacuar el sudor y a sentirte fresco y seco en todo momento. Las 2 bandas planas frontales distribuyen el peso de forma equilibrada para que puedas gozar de largas sesiones de ciclismo sin molestias. Los tirantes tienen un cierre magn\u00e9tico en la parte posterior. De este modo te podr\u00e1s poner y quitar el culotte f\u00e1cil y r\u00e1pidamente. Este sistema te permitir\u00e1 ir al ba\u00f1o c\u00f3modamente. Al final de las piernas tiene unas l\u00edneas de silicona hipoalerg\u00e9nica que mantienen la prenda bien sujeta a la pierna. En los laterales tiene unos puntos reflectantes que aumentar\u00e1n tu seguridad ya que reflejar\u00e1n la luz de los veh\u00edculos.\" \/>\n<meta name=\"robots\" content=\"index, follow, max-snippet:-1, max-image-preview:large, max-video-preview:-1\" \/>\n<link rel=\"canonical\" href=\"https:\/\/www.inverseteams.com\/es\/producto\/culotte-ciclista-alpha-mujer\/\" \/>\n<meta property=\"og:locale\" content=\"es_ES\" \/>\n<meta property=\"og:type\" content=\"article\" \/>\n<meta property=\"og:title\" content=\"Culotte ciclista ALPHA (MUJER)\" \/>\n<meta property=\"og:description\" content=\"Culotte perfecto para la competici\u00f3n y las pruebas de larga distancia. Su elasticidad y ligereza te permitir\u00e1n una gran libertad de movimientos. Se caracteriza por su buena transpiraci\u00f3n. Es ideal para los d\u00edas calurosos. Los paneles del culotte ciclista est\u00e1n dise\u00f1ados para que se adapten perfectamente a las diferentes posiciones del pedaleo. No notar\u00e1s ninguna resistencia. Estos paneles est\u00e1n cosidos con unas costuras planas s\u00faper resistentes que adem\u00e1s aportan un dise\u00f1o m\u00e1s atractivo a la prenda. Los tirantes perforados por la espalda te ayudar\u00e1n a evacuar el sudor y a sentirte fresco y seco en todo momento. Las 2 bandas planas frontales distribuyen el peso de forma equilibrada para que puedas gozar de largas sesiones de ciclismo sin molestias. Los tirantes tienen un cierre magn\u00e9tico en la parte posterior. De este modo te podr\u00e1s poner y quitar el culotte f\u00e1cil y r\u00e1pidamente. Este sistema te permitir\u00e1 ir al ba\u00f1o c\u00f3modamente. Al final de las piernas tiene unas l\u00edneas de silicona hipoalerg\u00e9nica que mantienen la prenda bien sujeta a la pierna. En los laterales tiene unos puntos reflectantes que aumentar\u00e1n tu seguridad ya que reflejar\u00e1n la luz de los veh\u00edculos.\" \/>\n<meta property=\"og:url\" content=\"https:\/\/www.inverseteams.com\/es\/producto\/culotte-ciclista-alpha-mujer\/\" \/>\n<meta property=\"og:site_name\" content=\"Inverseteams\" \/>\n<meta property=\"article:publisher\" content=\"https:\/\/www.facebook.com\/inverseteams\" \/>\n<meta property=\"article:modified_time\" content=\"2024-05-20T15:49:50+00:00\" \/>\n<meta property=\"og:image\" content=\"https:\/\/www.inverseteams.com\/wp-content\/uploads\/CULOTTE-CICLISTA-MUJER-CON-CIERRE-MAGNETICO-ALPHA-1.jpg\" \/>\n\t<meta property=\"og:image:width\" content=\"3000\" \/>\n\t<meta property=\"og:image:height\" content=\"3223\" \/>\n\t<meta property=\"og:image:type\" content=\"image\/jpeg\" \/>\n<meta name=\"twitter:card\" content=\"summary_large_image\" \/>\n<meta name=\"twitter:label1\" content=\"Tiempo de lectura\" \/>\n\t<meta name=\"twitter:data1\" content=\"1 minuto\" \/>\n<script type=\"application\/ld+json\" class=\"yoast-schema-graph\">{\"@context\":\"https:\\\/\\\/schema.org\",\"@graph\":[{\"@type\":\"WebPage\",\"@id\":\"https:\\\/\\\/www.inverseteams.com\\\/es\\\/producto\\\/culotte-ciclista-alpha-mujer\\\/\",\"url\":\"https:\\\/\\\/www.inverseteams.com\\\/es\\\/producto\\\/culotte-ciclista-alpha-mujer\\\/\",\"name\":\"Culotte ciclista ALPHA (MUJER)\",\"isPartOf\":{\"@id\":\"https:\\\/\\\/www.inverseteams.com\\\/es\\\/#website\"},\"primaryImageOfPage\":{\"@id\":\"https:\\\/\\\/www.inverseteams.com\\\/es\\\/producto\\\/culotte-ciclista-alpha-mujer\\\/#primaryimage\"},\"image\":{\"@id\":\"https:\\\/\\\/www.inverseteams.com\\\/es\\\/producto\\\/culotte-ciclista-alpha-mujer\\\/#primaryimage\"},\"thumbnailUrl\":\"https:\\\/\\\/www.inverseteams.com\\\/wp-content\\\/uploads\\\/CULOTTE-CICLISTA-MUJER-CON-CIERRE-MAGNETICO-ALPHA-1.jpg\",\"datePublished\":\"2022-09-26T13:05:01+00:00\",\"dateModified\":\"2024-05-20T15:49:50+00:00\",\"description\":\"Culotte perfecto para la competici\u00f3n y las pruebas de larga distancia. Su elasticidad y ligereza te permitir\u00e1n una gran libertad de movimientos. Se caracteriza por su buena transpiraci\u00f3n. Es ideal para los d\u00edas calurosos. Los paneles del culotte ciclista est\u00e1n dise\u00f1ados para que se adapten perfectamente a las diferentes posiciones del pedaleo. No notar\u00e1s ninguna resistencia. Estos paneles est\u00e1n cosidos con unas costuras planas s\u00faper resistentes que adem\u00e1s aportan un dise\u00f1o m\u00e1s atractivo a la prenda. Los tirantes perforados por la espalda te ayudar\u00e1n a evacuar el sudor y a sentirte fresco y seco en todo momento. Las 2 bandas planas frontales distribuyen el peso de forma equilibrada para que puedas gozar de largas sesiones de ciclismo sin molestias. Los tirantes tienen un cierre magn\u00e9tico en la parte posterior. De este modo te podr\u00e1s poner y quitar el culotte f\u00e1cil y r\u00e1pidamente. Este sistema te permitir\u00e1 ir al ba\u00f1o c\u00f3modamente. Al final de las piernas tiene unas l\u00edneas de silicona hipoalerg\u00e9nica que mantienen la prenda bien sujeta a la pierna. En los laterales tiene unos puntos reflectantes que aumentar\u00e1n tu seguridad ya que reflejar\u00e1n la luz de los veh\u00edculos.\",\"breadcrumb\":{\"@id\":\"https:\\\/\\\/www.inverseteams.com\\\/es\\\/producto\\\/culotte-ciclista-alpha-mujer\\\/#breadcrumb\"},\"inLanguage\":\"es\",\"potentialAction\":[{\"@type\":\"ReadAction\",\"target\":[\"https:\\\/\\\/www.inverseteams.com\\\/es\\\/producto\\\/culotte-ciclista-alpha-mujer\\\/\"]}]},{\"@type\":\"ImageObject\",\"inLanguage\":\"es\",\"@id\":\"https:\\\/\\\/www.inverseteams.com\\\/es\\\/producto\\\/culotte-ciclista-alpha-mujer\\\/#primaryimage\",\"url\":\"https:\\\/\\\/www.inverseteams.com\\\/wp-content\\\/uploads\\\/CULOTTE-CICLISTA-MUJER-CON-CIERRE-MAGNETICO-ALPHA-1.jpg\",\"contentUrl\":\"https:\\\/\\\/www.inverseteams.com\\\/wp-content\\\/uploads\\\/CULOTTE-CICLISTA-MUJER-CON-CIERRE-MAGNETICO-ALPHA-1.jpg\",\"width\":3000,\"height\":3223,\"caption\":\"Culotte ciclismo corto mujer alpha megro\"},{\"@type\":\"BreadcrumbList\",\"@id\":\"https:\\\/\\\/www.inverseteams.com\\\/es\\\/producto\\\/culotte-ciclista-alpha-mujer\\\/#breadcrumb\",\"itemListElement\":[{\"@type\":\"ListItem\",\"position\":1,\"name\":\"Portada\",\"item\":\"https:\\\/\\\/www.inverseteams.com\\\/es\\\/\"},{\"@type\":\"ListItem\",\"position\":2,\"name\":\"Tienda\",\"item\":\"https:\\\/\\\/www.inverseteams.com\\\/es\\\/tienda\\\/\"},{\"@type\":\"ListItem\",\"position\":3,\"name\":\"Culotte ciclista ALPHA (MUJER)\"}]},{\"@type\":\"WebSite\",\"@id\":\"https:\\\/\\\/www.inverseteams.com\\\/es\\\/#website\",\"url\":\"https:\\\/\\\/www.inverseteams.com\\\/es\\\/\",\"name\":\"Inverseteams\",\"description\":\"Tu marca de ropa deportiva personalizada\",\"publisher\":{\"@id\":\"https:\\\/\\\/www.inverseteams.com\\\/es\\\/#organization\"},\"potentialAction\":[{\"@type\":\"SearchAction\",\"target\":{\"@type\":\"EntryPoint\",\"urlTemplate\":\"https:\\\/\\\/www.inverseteams.com\\\/es\\\/?s={search_term_string}\"},\"query-input\":{\"@type\":\"PropertyValueSpecification\",\"valueRequired\":true,\"valueName\":\"search_term_string\"}}],\"inLanguage\":\"es\"},{\"@type\":\"Organization\",\"@id\":\"https:\\\/\\\/www.inverseteams.com\\\/es\\\/#organization\",\"name\":\"Inverse Teams\",\"url\":\"https:\\\/\\\/www.inverseteams.com\\\/es\\\/\",\"logo\":{\"@type\":\"ImageObject\",\"inLanguage\":\"es\",\"@id\":\"https:\\\/\\\/www.inverseteams.com\\\/es\\\/#\\\/schema\\\/logo\\\/image\\\/\",\"url\":\"http:\\\/\\\/www.inverseteams.com\\\/wp-content\\\/uploads\\\/2021\\\/03\\\/logo-inverse-teams.png\",\"contentUrl\":\"http:\\\/\\\/www.inverseteams.com\\\/wp-content\\\/uploads\\\/2021\\\/03\\\/logo-inverse-teams.png\",\"width\":294,\"height\":99,\"caption\":\"Inverse Teams\"},\"image\":{\"@id\":\"https:\\\/\\\/www.inverseteams.com\\\/es\\\/#\\\/schema\\\/logo\\\/image\\\/\"},\"sameAs\":[\"https:\\\/\\\/www.facebook.com\\\/inverseteams\",\"http:\\\/\\\/instagram.com\\\/inverseteams\",\"https:\\\/\\\/www.linkedin.com\\\/company\\\/inverse-cirosport-s-l-?trk=job_view_topcard_company_name\",\"http:\\\/\\\/www.pinterest.com\\\/inverseteams\\\/\",\"http:\\\/\\\/www.youtube.com\\\/user\\\/inverseteams?feature=watch\"]}]}<\/script>\n<!-- \/ Yoast SEO plugin. -->","yoast_head_json":{"title":"Culotte ciclista ALPHA (MUJER)","description":"Culotte perfecto para la competici\u00f3n y las pruebas de larga distancia. Su elasticidad y ligereza te permitir\u00e1n una gran libertad de movimientos. Se caracteriza por su buena transpiraci\u00f3n. Es ideal para los d\u00edas calurosos. Los paneles del culotte ciclista est\u00e1n dise\u00f1ados para que se adapten perfectamente a las diferentes posiciones del pedaleo. No notar\u00e1s ninguna resistencia. Estos paneles est\u00e1n cosidos con unas costuras planas s\u00faper resistentes que adem\u00e1s aportan un dise\u00f1o m\u00e1s atractivo a la prenda. Los tirantes perforados por la espalda te ayudar\u00e1n a evacuar el sudor y a sentirte fresco y seco en todo momento. Las 2 bandas planas frontales distribuyen el peso de forma equilibrada para que puedas gozar de largas sesiones de ciclismo sin molestias. Los tirantes tienen un cierre magn\u00e9tico en la parte posterior. De este modo te podr\u00e1s poner y quitar el culotte f\u00e1cil y r\u00e1pidamente. Este sistema te permitir\u00e1 ir al ba\u00f1o c\u00f3modamente. Al final de las piernas tiene unas l\u00edneas de silicona hipoalerg\u00e9nica que mantienen la prenda bien sujeta a la pierna. En los laterales tiene unos puntos reflectantes que aumentar\u00e1n tu seguridad ya que reflejar\u00e1n la luz de los veh\u00edculos.","robots":{"index":"index","follow":"follow","max-snippet":"max-snippet:-1","max-image-preview":"max-image-preview:large","max-video-preview":"max-video-preview:-1"},"canonical":"https:\/\/www.inverseteams.com\/es\/producto\/culotte-ciclista-alpha-mujer\/","og_locale":"es_ES","og_type":"article","og_title":"Culotte ciclista ALPHA (MUJER)","og_description":"Culotte perfecto para la competici\u00f3n y las pruebas de larga distancia. Su elasticidad y ligereza te permitir\u00e1n una gran libertad de movimientos. Se caracteriza por su buena transpiraci\u00f3n. Es ideal para los d\u00edas calurosos. Los paneles del culotte ciclista est\u00e1n dise\u00f1ados para que se adapten perfectamente a las diferentes posiciones del pedaleo. No notar\u00e1s ninguna resistencia. Estos paneles est\u00e1n cosidos con unas costuras planas s\u00faper resistentes que adem\u00e1s aportan un dise\u00f1o m\u00e1s atractivo a la prenda. Los tirantes perforados por la espalda te ayudar\u00e1n a evacuar el sudor y a sentirte fresco y seco en todo momento. Las 2 bandas planas frontales distribuyen el peso de forma equilibrada para que puedas gozar de largas sesiones de ciclismo sin molestias. Los tirantes tienen un cierre magn\u00e9tico en la parte posterior. De este modo te podr\u00e1s poner y quitar el culotte f\u00e1cil y r\u00e1pidamente. Este sistema te permitir\u00e1 ir al ba\u00f1o c\u00f3modamente. Al final de las piernas tiene unas l\u00edneas de silicona hipoalerg\u00e9nica que mantienen la prenda bien sujeta a la pierna. En los laterales tiene unos puntos reflectantes que aumentar\u00e1n tu seguridad ya que reflejar\u00e1n la luz de los veh\u00edculos.","og_url":"https:\/\/www.inverseteams.com\/es\/producto\/culotte-ciclista-alpha-mujer\/","og_site_name":"Inverseteams","article_publisher":"https:\/\/www.facebook.com\/inverseteams","article_modified_time":"2024-05-20T15:49:50+00:00","og_image":[{"width":3000,"height":3223,"url":"https:\/\/www.inverseteams.com\/wp-content\/uploads\/CULOTTE-CICLISTA-MUJER-CON-CIERRE-MAGNETICO-ALPHA-1.jpg","type":"image\/jpeg"}],"twitter_card":"summary_large_image","twitter_misc":{"Tiempo de lectura":"1 minuto"},"schema":{"@context":"https:\/\/schema.org","@graph":[{"@type":"WebPage","@id":"https:\/\/www.inverseteams.com\/es\/producto\/culotte-ciclista-alpha-mujer\/","url":"https:\/\/www.inverseteams.com\/es\/producto\/culotte-ciclista-alpha-mujer\/","name":"Culotte ciclista ALPHA (MUJER)","isPartOf":{"@id":"https:\/\/www.inverseteams.com\/es\/#website"},"primaryImageOfPage":{"@id":"https:\/\/www.inverseteams.com\/es\/producto\/culotte-ciclista-alpha-mujer\/#primaryimage"},"image":{"@id":"https:\/\/www.inverseteams.com\/es\/producto\/culotte-ciclista-alpha-mujer\/#primaryimage"},"thumbnailUrl":"https:\/\/www.inverseteams.com\/wp-content\/uploads\/CULOTTE-CICLISTA-MUJER-CON-CIERRE-MAGNETICO-ALPHA-1.jpg","datePublished":"2022-09-26T13:05:01+00:00","dateModified":"2024-05-20T15:49:50+00:00","description":"Culotte perfecto para la competici\u00f3n y las pruebas de larga distancia. Su elasticidad y ligereza te permitir\u00e1n una gran libertad de movimientos. Se caracteriza por su buena transpiraci\u00f3n. Es ideal para los d\u00edas calurosos. Los paneles del culotte ciclista est\u00e1n dise\u00f1ados para que se adapten perfectamente a las diferentes posiciones del pedaleo. No notar\u00e1s ninguna resistencia. Estos paneles est\u00e1n cosidos con unas costuras planas s\u00faper resistentes que adem\u00e1s aportan un dise\u00f1o m\u00e1s atractivo a la prenda. Los tirantes perforados por la espalda te ayudar\u00e1n a evacuar el sudor y a sentirte fresco y seco en todo momento. Las 2 bandas planas frontales distribuyen el peso de forma equilibrada para que puedas gozar de largas sesiones de ciclismo sin molestias. Los tirantes tienen un cierre magn\u00e9tico en la parte posterior. De este modo te podr\u00e1s poner y quitar el culotte f\u00e1cil y r\u00e1pidamente. Este sistema te permitir\u00e1 ir al ba\u00f1o c\u00f3modamente. Al final de las piernas tiene unas l\u00edneas de silicona hipoalerg\u00e9nica que mantienen la prenda bien sujeta a la pierna. En los laterales tiene unos puntos reflectantes que aumentar\u00e1n tu seguridad ya que reflejar\u00e1n la luz de los veh\u00edculos.","breadcrumb":{"@id":"https:\/\/www.inverseteams.com\/es\/producto\/culotte-ciclista-alpha-mujer\/#breadcrumb"},"inLanguage":"es","potentialAction":[{"@type":"ReadAction","target":["https:\/\/www.inverseteams.com\/es\/producto\/culotte-ciclista-alpha-mujer\/"]}]},{"@type":"ImageObject","inLanguage":"es","@id":"https:\/\/www.inverseteams.com\/es\/producto\/culotte-ciclista-alpha-mujer\/#primaryimage","url":"https:\/\/www.inverseteams.com\/wp-content\/uploads\/CULOTTE-CICLISTA-MUJER-CON-CIERRE-MAGNETICO-ALPHA-1.jpg","contentUrl":"https:\/\/www.inverseteams.com\/wp-content\/uploads\/CULOTTE-CICLISTA-MUJER-CON-CIERRE-MAGNETICO-ALPHA-1.jpg","width":3000,"height":3223,"caption":"Culotte ciclismo corto mujer alpha megro"},{"@type":"BreadcrumbList","@id":"https:\/\/www.inverseteams.com\/es\/producto\/culotte-ciclista-alpha-mujer\/#breadcrumb","itemListElement":[{"@type":"ListItem","position":1,"name":"Portada","item":"https:\/\/www.inverseteams.com\/es\/"},{"@type":"ListItem","position":2,"name":"Tienda","item":"https:\/\/www.inverseteams.com\/es\/tienda\/"},{"@type":"ListItem","position":3,"name":"Culotte ciclista ALPHA (MUJER)"}]},{"@type":"WebSite","@id":"https:\/\/www.inverseteams.com\/es\/#website","url":"https:\/\/www.inverseteams.com\/es\/","name":"Inverseteams","description":"Tu marca de ropa deportiva personalizada","publisher":{"@id":"https:\/\/www.inverseteams.com\/es\/#organization"},"potentialAction":[{"@type":"SearchAction","target":{"@type":"EntryPoint","urlTemplate":"https:\/\/www.inverseteams.com\/es\/?s={search_term_string}"},"query-input":{"@type":"PropertyValueSpecification","valueRequired":true,"valueName":"search_term_string"}}],"inLanguage":"es"},{"@type":"Organization","@id":"https:\/\/www.inverseteams.com\/es\/#organization","name":"Inverse Teams","url":"https:\/\/www.inverseteams.com\/es\/","logo":{"@type":"ImageObject","inLanguage":"es","@id":"https:\/\/www.inverseteams.com\/es\/#\/schema\/logo\/image\/","url":"https:\/\/www.inverseteams.com\/wp-content\/uploads\/2021\/03\/logo-inverse-teams.png","contentUrl":"https:\/\/www.inverseteams.com\/wp-content\/uploads\/2021\/03\/logo-inverse-teams.png","width":294,"height":99,"caption":"Inverse Teams"},"image":{"@id":"https:\/\/www.inverseteams.com\/es\/#\/schema\/logo\/image\/"},"sameAs":["https:\/\/www.facebook.com\/inverseteams","http:\/\/instagram.com\/inverseteams","https:\/\/www.linkedin.com\/company\/inverse-cirosport-s-l-?trk=job_view_topcard_company_name","http:\/\/www.pinterest.com\/inverseteams\/","http:\/\/www.youtube.com\/user\/inverseteams?feature=watch"]}]}},"_links":{"self":[{"href":"https:\/\/www.inverseteams.com\/es\/wp-json\/wp\/v2\/product\/96142","targetHints":{"allow":["GET"]}}],"collection":[{"href":"https:\/\/www.inverseteams.com\/es\/wp-json\/wp\/v2\/product"}],"about":[{"href":"https:\/\/www.inverseteams.com\/es\/wp-json\/wp\/v2\/types\/product"}],"replies":[{"embeddable":true,"href":"https:\/\/www.inverseteams.com\/es\/wp-json\/wp\/v2\/comments?post=96142"}],"wp:featuredmedia":[{"embeddable":true,"href":"https:\/\/www.inverseteams.com\/es\/wp-json\/wp\/v2\/media\/122444"}],"wp:attachment":[{"href":"https:\/\/www.inverseteams.com\/es\/wp-json\/wp\/v2\/media?parent=96142"}],"wp:term":[{"taxonomy":"product_brand","embeddable":true,"href":"https:\/\/www.inverseteams.com\/es\/wp-json\/wp\/v2\/product_brand?post=96142"},{"taxonomy":"product_cat","embeddable":true,"href":"https:\/\/www.inverseteams.com\/es\/wp-json\/wp\/v2\/product_cat?post=96142"},{"taxonomy":"product_tag","embeddable":true,"href":"https:\/\/www.inverseteams.com\/es\/wp-json\/wp\/v2\/product_tag?post=96142"},{"taxonomy":"custom_category","embeddable":true,"href":"https:\/\/www.inverseteams.com\/es\/wp-json\/wp\/v2\/custom_category?post=96142"},{"taxonomy":"range","embeddable":true,"href":"https:\/\/www.inverseteams.com\/es\/wp-json\/wp\/v2\/range?post=96142"}],"curies":[{"name":"wp","href":"https:\/\/api.w.org\/{rel}","templated":true}]}}