{"id":96112,"date":"2022-09-26T13:02:26","date_gmt":"2022-09-26T13:02:26","guid":{"rendered":"https:\/\/www.inverseteams.com\/?post_type=product&#038;p=96112"},"modified":"2026-02-17T11:57:42","modified_gmt":"2026-02-17T10:57:42","slug":"maillot-ciclismo-entretiempo-edge-citic-unisex","status":"publish","type":"product","link":"https:\/\/www.inverseteams.com\/es\/producto\/maillot-ciclismo-entretiempo-edge-citic-unisex\/","title":{"rendered":"Maillot ciclismo entretiempo EDGE CITIC (UNISEX)"},"content":{"rendered":"<p>El maillot de ciclismo unisex EDGE, ha sido creado para utilizar en esas \u00e9pocas del a\u00f1o en las que el tiempo es variable y no hace suficiente fr\u00edo como para llevar chaqueta, pero tampoco calor como para usar un maillot de manga corta. Es la prenda perfecta de entretiempo que tambi\u00e9n puedes combinar con un chaleco para protegerte por completo del fr\u00edo y el viento.<br \/>\nPorque ir en bici en oto\u00f1o o en primavera no deber\u00eda ser complicado.<br \/>\nLos 2 tejidos de este maillot de ciclismo son ligeros y a su vez resistentes a la abrasi\u00f3n, lo que hace que sea una prenda perfecta tanto para ciclismo de monta\u00f1a como para ciclismo de carretera.<br \/>\nLas mangas y el cuello, as\u00ed como los bolsillos est\u00e1n confeccionados con tejido TAMA, que es un tipo de tejido abierto el\u00e1stico y muy suave. Sus fibras en forma de malla 3D facilitan la circulaci\u00f3n del aire y mejoran la transpirabilidad. El frontal y la espalda del maillot son de tejido IMBA muy suave que absorbe la humedad del cuerpo, manteni\u00e9ndolo seco y dejando una agradable sensaci\u00f3n de comodidad.<br \/>\nLos tres bolsillos de la zona lumbar son de tejido el\u00e1stico TAMA con el fin de ofrecerte mayor capacidad a la hora de guardar objetos y tiene un bolsillo extra impermeable con cremallera. Este maillot ciclista tiene en su zona lumbar un detalle reflectante para darte mayor visibilidad y seguridad en la carretera.<br \/>\nBanda interior de silicona antideslizante para ajustar el maillot al cuerpo y evitar que se desplace durante el pedaleo.<\/p>\n","protected":false},"excerpt":{"rendered":"<p>El maillot de ciclismo unisex EDGE, ha sido creado para utilizar en esas \u00e9pocas del a\u00f1o en las que el tiempo es variable y no hace suficiente fr\u00edo como para llevar chaqueta, pero tampoco calor como para usar un maillot de manga corta. Es la prenda perfecta de entretiempo que tambi\u00e9n puedes combinar con un chaleco para protegerte por completo del fr\u00edo y el viento.<br \/>\nPorque ir en bici en oto\u00f1o o en primavera no deber\u00eda ser complicado.<br \/>\nLos 2 tejidos de este maillot de ciclismo son ligeros y a su vez resistentes a la abrasi\u00f3n, lo que hace que sea una prenda perfecta tanto para ciclismo de monta\u00f1a como para ciclismo de carretera.<br \/>\nLas mangas y el cuello, as\u00ed como los bolsillos est\u00e1n confeccionados con tejido TAMA, que es un tipo de tejido abierto el\u00e1stico y muy suave. Sus fibras en forma de malla 3D facilitan la circulaci\u00f3n del aire y mejoran la transpirabilidad. El frontal y la espalda del maillot son de tejido IMBA muy suave que absorbe la humedad del cuerpo, manteni\u00e9ndolo seco y dejando una agradable sensaci\u00f3n de comodidad.<br \/>\nLos tres bolsillos de la zona lumbar son de tejido el\u00e1stico TAMA con el fin de ofrecerte mayor capacidad a la hora de guardar objetos y tiene un bolsillo extra impermeable con cremallera. Este maillot ciclista tiene en su zona lumbar un detalle reflectante para darte mayor visibilidad y seguridad en la carretera.<br \/>\nBanda interior de silicona antideslizante para ajustar el maillot al cuerpo y evitar que se desplace durante el pedaleo.<\/p>\n","protected":false},"featured_media":119217,"comment_status":"closed","ping_status":"closed","template":"","meta":{"_acf_changed":false},"product_brand":[],"product_cat":[1091,7174,132,9946],"product_tag":[],"custom_category":[],"range":[],"class_list":{"0":"post-96112","1":"product","2":"type-product","3":"status-publish","4":"has-post-thumbnail","6":"product_cat-maillot-ciclismo","7":"product_cat-b2b","8":"product_cat-ciclismo","9":"product_cat-gravel","10":"pa_climatologia-frio","11":"pa_deporte-gravel","12":"pa_deporte-ciclismo","13":"pa_genero-hombre","14":"pa_genero-mujer","15":"pa_patronaje-fit","16":"pa_talla-s","17":"pa_talla-m","18":"pa_talla-l","19":"pa_talla-xl","20":"pa_talla-xs","21":"pa_tipo-de-prenda-maillot-manga-larga","23":"first","24":"outofstock","25":"taxable","26":"shipping-taxable","27":"product-type-variable","28":"has-default-attributes"},"acf":[],"yoast_head":"<!-- This site is optimized with the Yoast SEO plugin v27.5 - https:\/\/yoast.com\/product\/yoast-seo-wordpress\/ -->\n<title>Maillot ciclismo entretiempo EDGE CITIC (UNISEX)<\/title>\n<meta name=\"description\" content=\"Comprar maillot ciclista entretiempo. Maillot midseason perfecto para la primavera y el oto\u00f1o. Portes gratuitos a partir de 50\u20ac\" \/>\n<meta name=\"robots\" content=\"index, follow, max-snippet:-1, max-image-preview:large, max-video-preview:-1\" \/>\n<link rel=\"canonical\" href=\"https:\/\/www.inverseteams.com\/es\/producto\/maillot-ciclismo-entretiempo-edge-citic-unisex\/\" \/>\n<meta property=\"og:locale\" content=\"es_ES\" \/>\n<meta property=\"og:type\" content=\"article\" \/>\n<meta property=\"og:title\" content=\"Maillot ciclismo entretiempo EDGE CITIC (UNISEX)\" \/>\n<meta property=\"og:description\" content=\"Comprar maillot ciclista entretiempo. Maillot midseason perfecto para la primavera y el oto\u00f1o. Portes gratuitos a partir de 50\u20ac\" \/>\n<meta property=\"og:url\" content=\"https:\/\/www.inverseteams.com\/es\/producto\/maillot-ciclismo-entretiempo-edge-citic-unisex\/\" \/>\n<meta property=\"og:site_name\" content=\"Inverseteams\" \/>\n<meta property=\"article:publisher\" content=\"https:\/\/www.facebook.com\/inverseteams\" \/>\n<meta property=\"article:modified_time\" content=\"2026-02-17T10:57:42+00:00\" \/>\n<meta property=\"og:image\" content=\"https:\/\/www.inverseteams.com\/wp-content\/uploads\/MAILLOT-CICLISMO-MIDSEASON-EDGE-NEGRO-1.jpg\" \/>\n\t<meta property=\"og:image:width\" content=\"3000\" \/>\n\t<meta property=\"og:image:height\" content=\"3223\" \/>\n\t<meta property=\"og:image:type\" content=\"image\/jpeg\" \/>\n<meta name=\"twitter:card\" content=\"summary_large_image\" \/>\n<meta name=\"twitter:label1\" content=\"Tiempo de lectura\" \/>\n\t<meta name=\"twitter:data1\" content=\"2 minuto\" \/>\n<script type=\"application\/ld+json\" class=\"yoast-schema-graph\">{\"@context\":\"https:\\\/\\\/schema.org\",\"@graph\":[{\"@type\":\"WebPage\",\"@id\":\"https:\\\/\\\/www.inverseteams.com\\\/es\\\/producto\\\/maillot-ciclismo-entretiempo-edge-citic-unisex\\\/\",\"url\":\"https:\\\/\\\/www.inverseteams.com\\\/es\\\/producto\\\/maillot-ciclismo-entretiempo-edge-citic-unisex\\\/\",\"name\":\"Maillot ciclismo entretiempo EDGE CITIC (UNISEX)\",\"isPartOf\":{\"@id\":\"https:\\\/\\\/www.inverseteams.com\\\/es\\\/#website\"},\"primaryImageOfPage\":{\"@id\":\"https:\\\/\\\/www.inverseteams.com\\\/es\\\/producto\\\/maillot-ciclismo-entretiempo-edge-citic-unisex\\\/#primaryimage\"},\"image\":{\"@id\":\"https:\\\/\\\/www.inverseteams.com\\\/es\\\/producto\\\/maillot-ciclismo-entretiempo-edge-citic-unisex\\\/#primaryimage\"},\"thumbnailUrl\":\"https:\\\/\\\/www.inverseteams.com\\\/wp-content\\\/uploads\\\/MAILLOT-CICLISMO-MIDSEASON-EDGE-NEGRO-1.jpg\",\"datePublished\":\"2022-09-26T13:02:26+00:00\",\"dateModified\":\"2026-02-17T10:57:42+00:00\",\"description\":\"Comprar maillot ciclista entretiempo. Maillot midseason perfecto para la primavera y el oto\u00f1o. Portes gratuitos a partir de 50\u20ac\",\"breadcrumb\":{\"@id\":\"https:\\\/\\\/www.inverseteams.com\\\/es\\\/producto\\\/maillot-ciclismo-entretiempo-edge-citic-unisex\\\/#breadcrumb\"},\"inLanguage\":\"es\",\"potentialAction\":[{\"@type\":\"ReadAction\",\"target\":[\"https:\\\/\\\/www.inverseteams.com\\\/es\\\/producto\\\/maillot-ciclismo-entretiempo-edge-citic-unisex\\\/\"]}]},{\"@type\":\"ImageObject\",\"inLanguage\":\"es\",\"@id\":\"https:\\\/\\\/www.inverseteams.com\\\/es\\\/producto\\\/maillot-ciclismo-entretiempo-edge-citic-unisex\\\/#primaryimage\",\"url\":\"https:\\\/\\\/www.inverseteams.com\\\/wp-content\\\/uploads\\\/MAILLOT-CICLISMO-MIDSEASON-EDGE-NEGRO-1.jpg\",\"contentUrl\":\"https:\\\/\\\/www.inverseteams.com\\\/wp-content\\\/uploads\\\/MAILLOT-CICLISMO-MIDSEASON-EDGE-NEGRO-1.jpg\",\"width\":3000,\"height\":3223,\"caption\":\"maillot ciclismo midseason edge negro\"},{\"@type\":\"BreadcrumbList\",\"@id\":\"https:\\\/\\\/www.inverseteams.com\\\/es\\\/producto\\\/maillot-ciclismo-entretiempo-edge-citic-unisex\\\/#breadcrumb\",\"itemListElement\":[{\"@type\":\"ListItem\",\"position\":1,\"name\":\"Portada\",\"item\":\"https:\\\/\\\/www.inverseteams.com\\\/es\\\/\"},{\"@type\":\"ListItem\",\"position\":2,\"name\":\"Tienda\",\"item\":\"https:\\\/\\\/www.inverseteams.com\\\/es\\\/tienda\\\/\"},{\"@type\":\"ListItem\",\"position\":3,\"name\":\"Maillot ciclismo entretiempo EDGE CITIC (UNISEX)\"}]},{\"@type\":\"WebSite\",\"@id\":\"https:\\\/\\\/www.inverseteams.com\\\/es\\\/#website\",\"url\":\"https:\\\/\\\/www.inverseteams.com\\\/es\\\/\",\"name\":\"Inverseteams\",\"description\":\"Tu marca de ropa deportiva personalizada\",\"publisher\":{\"@id\":\"https:\\\/\\\/www.inverseteams.com\\\/es\\\/#organization\"},\"potentialAction\":[{\"@type\":\"SearchAction\",\"target\":{\"@type\":\"EntryPoint\",\"urlTemplate\":\"https:\\\/\\\/www.inverseteams.com\\\/es\\\/?s={search_term_string}\"},\"query-input\":{\"@type\":\"PropertyValueSpecification\",\"valueRequired\":true,\"valueName\":\"search_term_string\"}}],\"inLanguage\":\"es\"},{\"@type\":\"Organization\",\"@id\":\"https:\\\/\\\/www.inverseteams.com\\\/es\\\/#organization\",\"name\":\"Inverse Teams\",\"url\":\"https:\\\/\\\/www.inverseteams.com\\\/es\\\/\",\"logo\":{\"@type\":\"ImageObject\",\"inLanguage\":\"es\",\"@id\":\"https:\\\/\\\/www.inverseteams.com\\\/es\\\/#\\\/schema\\\/logo\\\/image\\\/\",\"url\":\"https:\\\/\\\/www.inverseteams.com\\\/wp-content\\\/uploads\\\/2021\\\/03\\\/logo-inverse-teams.png\",\"contentUrl\":\"https:\\\/\\\/www.inverseteams.com\\\/wp-content\\\/uploads\\\/2021\\\/03\\\/logo-inverse-teams.png\",\"width\":294,\"height\":99,\"caption\":\"Inverse Teams\"},\"image\":{\"@id\":\"https:\\\/\\\/www.inverseteams.com\\\/es\\\/#\\\/schema\\\/logo\\\/image\\\/\"},\"sameAs\":[\"https:\\\/\\\/www.facebook.com\\\/inverseteams\",\"http:\\\/\\\/instagram.com\\\/inverseteams\",\"https:\\\/\\\/www.linkedin.com\\\/company\\\/inverse-cirosport-s-l-?trk=job_view_topcard_company_name\",\"http:\\\/\\\/www.pinterest.com\\\/inverseteams\\\/\",\"http:\\\/\\\/www.youtube.com\\\/user\\\/inverseteams?feature=watch\"]}]}<\/script>\n<!-- \/ Yoast SEO plugin. -->","yoast_head_json":{"title":"Maillot ciclismo entretiempo EDGE CITIC (UNISEX)","description":"Comprar maillot ciclista entretiempo. Maillot midseason perfecto para la primavera y el oto\u00f1o. Portes gratuitos a partir de 50\u20ac","robots":{"index":"index","follow":"follow","max-snippet":"max-snippet:-1","max-image-preview":"max-image-preview:large","max-video-preview":"max-video-preview:-1"},"canonical":"https:\/\/www.inverseteams.com\/es\/producto\/maillot-ciclismo-entretiempo-edge-citic-unisex\/","og_locale":"es_ES","og_type":"article","og_title":"Maillot ciclismo entretiempo EDGE CITIC (UNISEX)","og_description":"Comprar maillot ciclista entretiempo. Maillot midseason perfecto para la primavera y el oto\u00f1o. Portes gratuitos a partir de 50\u20ac","og_url":"https:\/\/www.inverseteams.com\/es\/producto\/maillot-ciclismo-entretiempo-edge-citic-unisex\/","og_site_name":"Inverseteams","article_publisher":"https:\/\/www.facebook.com\/inverseteams","article_modified_time":"2026-02-17T10:57:42+00:00","og_image":[{"width":3000,"height":3223,"url":"https:\/\/www.inverseteams.com\/wp-content\/uploads\/MAILLOT-CICLISMO-MIDSEASON-EDGE-NEGRO-1.jpg","type":"image\/jpeg"}],"twitter_card":"summary_large_image","twitter_misc":{"Tiempo de lectura":"2 minuto"},"schema":{"@context":"https:\/\/schema.org","@graph":[{"@type":"WebPage","@id":"https:\/\/www.inverseteams.com\/es\/producto\/maillot-ciclismo-entretiempo-edge-citic-unisex\/","url":"https:\/\/www.inverseteams.com\/es\/producto\/maillot-ciclismo-entretiempo-edge-citic-unisex\/","name":"Maillot ciclismo entretiempo EDGE CITIC (UNISEX)","isPartOf":{"@id":"https:\/\/www.inverseteams.com\/es\/#website"},"primaryImageOfPage":{"@id":"https:\/\/www.inverseteams.com\/es\/producto\/maillot-ciclismo-entretiempo-edge-citic-unisex\/#primaryimage"},"image":{"@id":"https:\/\/www.inverseteams.com\/es\/producto\/maillot-ciclismo-entretiempo-edge-citic-unisex\/#primaryimage"},"thumbnailUrl":"https:\/\/www.inverseteams.com\/wp-content\/uploads\/MAILLOT-CICLISMO-MIDSEASON-EDGE-NEGRO-1.jpg","datePublished":"2022-09-26T13:02:26+00:00","dateModified":"2026-02-17T10:57:42+00:00","description":"Comprar maillot ciclista entretiempo. Maillot midseason perfecto para la primavera y el oto\u00f1o. Portes gratuitos a partir de 50\u20ac","breadcrumb":{"@id":"https:\/\/www.inverseteams.com\/es\/producto\/maillot-ciclismo-entretiempo-edge-citic-unisex\/#breadcrumb"},"inLanguage":"es","potentialAction":[{"@type":"ReadAction","target":["https:\/\/www.inverseteams.com\/es\/producto\/maillot-ciclismo-entretiempo-edge-citic-unisex\/"]}]},{"@type":"ImageObject","inLanguage":"es","@id":"https:\/\/www.inverseteams.com\/es\/producto\/maillot-ciclismo-entretiempo-edge-citic-unisex\/#primaryimage","url":"https:\/\/www.inverseteams.com\/wp-content\/uploads\/MAILLOT-CICLISMO-MIDSEASON-EDGE-NEGRO-1.jpg","contentUrl":"https:\/\/www.inverseteams.com\/wp-content\/uploads\/MAILLOT-CICLISMO-MIDSEASON-EDGE-NEGRO-1.jpg","width":3000,"height":3223,"caption":"maillot ciclismo midseason edge negro"},{"@type":"BreadcrumbList","@id":"https:\/\/www.inverseteams.com\/es\/producto\/maillot-ciclismo-entretiempo-edge-citic-unisex\/#breadcrumb","itemListElement":[{"@type":"ListItem","position":1,"name":"Portada","item":"https:\/\/www.inverseteams.com\/es\/"},{"@type":"ListItem","position":2,"name":"Tienda","item":"https:\/\/www.inverseteams.com\/es\/tienda\/"},{"@type":"ListItem","position":3,"name":"Maillot ciclismo entretiempo EDGE CITIC (UNISEX)"}]},{"@type":"WebSite","@id":"https:\/\/www.inverseteams.com\/es\/#website","url":"https:\/\/www.inverseteams.com\/es\/","name":"Inverseteams","description":"Tu marca de ropa deportiva personalizada","publisher":{"@id":"https:\/\/www.inverseteams.com\/es\/#organization"},"potentialAction":[{"@type":"SearchAction","target":{"@type":"EntryPoint","urlTemplate":"https:\/\/www.inverseteams.com\/es\/?s={search_term_string}"},"query-input":{"@type":"PropertyValueSpecification","valueRequired":true,"valueName":"search_term_string"}}],"inLanguage":"es"},{"@type":"Organization","@id":"https:\/\/www.inverseteams.com\/es\/#organization","name":"Inverse Teams","url":"https:\/\/www.inverseteams.com\/es\/","logo":{"@type":"ImageObject","inLanguage":"es","@id":"https:\/\/www.inverseteams.com\/es\/#\/schema\/logo\/image\/","url":"https:\/\/www.inverseteams.com\/wp-content\/uploads\/2021\/03\/logo-inverse-teams.png","contentUrl":"https:\/\/www.inverseteams.com\/wp-content\/uploads\/2021\/03\/logo-inverse-teams.png","width":294,"height":99,"caption":"Inverse Teams"},"image":{"@id":"https:\/\/www.inverseteams.com\/es\/#\/schema\/logo\/image\/"},"sameAs":["https:\/\/www.facebook.com\/inverseteams","http:\/\/instagram.com\/inverseteams","https:\/\/www.linkedin.com\/company\/inverse-cirosport-s-l-?trk=job_view_topcard_company_name","http:\/\/www.pinterest.com\/inverseteams\/","http:\/\/www.youtube.com\/user\/inverseteams?feature=watch"]}]}},"_links":{"self":[{"href":"https:\/\/www.inverseteams.com\/es\/wp-json\/wp\/v2\/product\/96112","targetHints":{"allow":["GET"]}}],"collection":[{"href":"https:\/\/www.inverseteams.com\/es\/wp-json\/wp\/v2\/product"}],"about":[{"href":"https:\/\/www.inverseteams.com\/es\/wp-json\/wp\/v2\/types\/product"}],"replies":[{"embeddable":true,"href":"https:\/\/www.inverseteams.com\/es\/wp-json\/wp\/v2\/comments?post=96112"}],"wp:featuredmedia":[{"embeddable":true,"href":"https:\/\/www.inverseteams.com\/es\/wp-json\/wp\/v2\/media\/119217"}],"wp:attachment":[{"href":"https:\/\/www.inverseteams.com\/es\/wp-json\/wp\/v2\/media?parent=96112"}],"wp:term":[{"taxonomy":"product_brand","embeddable":true,"href":"https:\/\/www.inverseteams.com\/es\/wp-json\/wp\/v2\/product_brand?post=96112"},{"taxonomy":"product_cat","embeddable":true,"href":"https:\/\/www.inverseteams.com\/es\/wp-json\/wp\/v2\/product_cat?post=96112"},{"taxonomy":"product_tag","embeddable":true,"href":"https:\/\/www.inverseteams.com\/es\/wp-json\/wp\/v2\/product_tag?post=96112"},{"taxonomy":"custom_category","embeddable":true,"href":"https:\/\/www.inverseteams.com\/es\/wp-json\/wp\/v2\/custom_category?post=96112"},{"taxonomy":"range","embeddable":true,"href":"https:\/\/www.inverseteams.com\/es\/wp-json\/wp\/v2\/range?post=96112"}],"curies":[{"name":"wp","href":"https:\/\/api.w.org\/{rel}","templated":true}]}}