{"id":96027,"date":"2022-09-26T12:55:07","date_gmt":"2022-09-26T12:55:07","guid":{"rendered":"https:\/\/www.inverseteams.com\/?post_type=product&#038;p=96027"},"modified":"2026-03-02T14:05:33","modified_gmt":"2026-03-02T13:05:33","slug":"maillot-ciclismo-manga-corta-inti-intour-unisex","status":"publish","type":"product","link":"https:\/\/www.inverseteams.com\/es\/producto\/maillot-ciclismo-manga-corta-inti-intour-unisex\/","title":{"rendered":"Maillot ciclismo manga corta INTI INTOUR (UNISEX)"},"content":{"rendered":"<p>El maillot de ciclismo ultraligero INTI, es una edici\u00f3n especial unisex de corte SLIM FIT que ha sido dise\u00f1ado de forma que se adapte perfectamente a la complexi\u00f3n de tu cuerpo, sea cual sea. Todo ello gracias a sus tejidos suaves y el\u00e1sticos.<br \/>\nEl maillot combina 3 tejidos de gran calidad ubicados estrat\u00e9gicamente para que juntos aporten todas sus prestaciones durante la actividad. Los tejidos de este maillot de ciclismo son ligeros y a su vez resistentes, lo que hace que sea una prenda perfecta tanto para ciclismo de monta\u00f1a como para ciclismo de carretera. Su cuello es ergon\u00f3mico y sus costuras han sido sustituidas por agradables acabados termosellados.<br \/>\nEl frontal y la espalda del maillot est\u00e1n confeccionados con tejido PHANTOM, muy suave y agradable, evita cualquier tipo de molestia. Se adapta al cuerpo dando la sensaci\u00f3n de segunda piel. Las mangas con tejido abierto CYCLON son el\u00e1sticas, transpirables y acabadas con termosellado en lugar de costuras para una mayor comodidad y libertad de movimientos. Los paneles laterales han sido confeccionados con tejido TWIN que aumenta la aerodin\u00e1mica de la prenda y facilita la evacuaci\u00f3n del sudor manteniendo el cuerpo seco durante la actividad.<br \/>\nEn la zona lumbar incorpora 3 bolsillos abiertos. Tambi\u00e9n dispone de 1 bolsillo lateral con cremallera y su interior con tejido impermeable para que el sudor no da\u00f1e lo que guardes en \u00e9l. En la cintura tiene una banda con interior en silicona antideslizante para ajustar el maillot al cuerpo y evitar que se desplace durante el pedaleo. Acabados reflectantes en la zona lumbar para mayor visibilidad.<br \/>\nSu patr\u00f3n unisex hace de este maillot de ciclismo una prenda imprescindible para tus salidas en bici en los d\u00edas de m\u00e1s calor.<\/p>\n","protected":false},"excerpt":{"rendered":"<p>El maillot de ciclismo ultraligero INTI, es una edici\u00f3n especial unisex de corte SLIM FIT que ha sido dise\u00f1ado de forma que se adapte perfectamente a la complexi\u00f3n de tu cuerpo, sea cual sea. Todo ello gracias a sus tejidos suaves y el\u00e1sticos.<br \/>\nEl maillot combina 3 tejidos de gran calidad ubicados estrat\u00e9gicamente para que juntos aporten todas sus prestaciones durante la actividad. Los tejidos de este maillot de ciclismo son ligeros y a su vez resistentes, lo que hace que sea una prenda perfecta tanto para ciclismo de monta\u00f1a como para ciclismo de carretera. Su cuello es ergon\u00f3mico y sus costuras han sido sustituidas por agradables acabados termosellados.<br \/>\nEl frontal y la espalda del maillot est\u00e1n confeccionados con tejido PHANTOM, muy suave y agradable, evita cualquier tipo de molestia. Se adapta al cuerpo dando la sensaci\u00f3n de segunda piel. Las mangas con tejido abierto CYCLON son el\u00e1sticas, transpirables y acabadas con termosellado en lugar de costuras para una mayor comodidad y libertad de movimientos. Los paneles laterales han sido confeccionados con tejido TWIN que aumenta la aerodin\u00e1mica de la prenda y facilita la evacuaci\u00f3n del sudor manteniendo el cuerpo seco durante la actividad.<br \/>\nEn la zona lumbar incorpora 3 bolsillos abiertos. Tambi\u00e9n dispone de 1 bolsillo lateral con cremallera y su interior con tejido impermeable para que el sudor no da\u00f1e lo que guardes en \u00e9l. En la cintura tiene una banda con interior en silicona antideslizante para ajustar el maillot al cuerpo y evitar que se desplace durante el pedaleo. Acabados reflectantes en la zona lumbar para mayor visibilidad.<br \/>\nSu patr\u00f3n unisex hace de este maillot de ciclismo una prenda imprescindible para tus salidas en bici en los d\u00edas de m\u00e1s calor.<\/p>\n","protected":false},"featured_media":121231,"comment_status":"closed","ping_status":"closed","template":"","meta":{"_acf_changed":false},"product_brand":[],"product_cat":[1091,7174],"product_tag":[],"custom_category":[],"range":[],"class_list":{"0":"post-96027","1":"product","2":"type-product","3":"status-publish","4":"has-post-thumbnail","6":"product_cat-maillot-ciclismo","7":"product_cat-b2b","8":"pa_climatologia-calor","9":"pa_deporte-ciclismo","10":"pa_genero-hombre","11":"pa_genero-mujer","12":"pa_patronaje-fit","13":"pa_talla-s","14":"pa_talla-m","15":"pa_talla-l","16":"pa_talla-xl","17":"pa_talla-xxl","18":"pa_talla-xs","19":"pa_tipo-de-prenda-maillot-manga-corta","21":"first","22":"instock","23":"taxable","24":"shipping-taxable","25":"purchasable","26":"product-type-variable","27":"has-default-attributes"},"acf":[],"yoast_head":"<!-- This site is optimized with the Yoast SEO plugin v27.3 - https:\/\/yoast.com\/product\/yoast-seo-wordpress\/ -->\n<title>Maillot ciclismo manga corta INTI CITIC (UNISEX)<\/title>\n<meta name=\"description\" content=\"El maillot de ciclismo ultraligero INTI, es una edici\u00f3n especial unisex de corte SLIM FIT que ha sido dise\u00f1ado de forma que se adapte perfectamente a la complexi\u00f3n de tu cuerpo, sea cual sea. Todo ello gracias a sus tejidos suaves y el\u00e1sticos. El maillot combina 3 tejidos de gran calidad ubicados estrat\u00e9gicamente para que juntos aporten todas sus prestaciones durante la actividad. Los tejidos de este maillot de ciclismo son ligeros y a su vez resistentes, lo que hace que sea una prenda perfecta tanto para ciclismo de monta\u00f1a como para ciclismo de carretera. Su cuello es ergon\u00f3mico y sus costuras han sido sustituidas por agradables acabados termosellados. El frontal y la espalda del maillot est\u00e1n confeccionados con tejido PHANTOM, muy suave y agradable, evita cualquier tipo de molestia. Se adapta al cuerpo dando la sensaci\u00f3n de segunda piel. Las mangas con tejido abierto CYCLON son el\u00e1sticas, transpirables y acabadas con termosellado en lugar de costuras para una mayor comodidad y libertad de movimientos. Los paneles laterales han sido confeccionados con tejido TWIN que aumenta la aerodin\u00e1mica de la prenda y facilita la evacuaci\u00f3n del sudor manteniendo el cuerpo seco durante la actividad. En la zona lumbar incorpora 3 bolsillos abiertos. Tambi\u00e9n dispone de 1 bolsillo lateral con cremallera y su interior con tejido impermeable para que el sudor no da\u00f1e lo que guardes en \u00e9l. En la cintura tiene una banda con interior en silicona antideslizante para ajustar el maillot al cuerpo y evitar que se desplace durante el pedaleo. Acabados reflectantes en la zona lumbar para mayor visibilidad. Su patr\u00f3n unisex hace de este maillot de ciclismo una prenda imprescindible para tus salidas en bici en los d\u00edas de m\u00e1s calor.\" \/>\n<meta name=\"robots\" content=\"index, follow, max-snippet:-1, max-image-preview:large, max-video-preview:-1\" \/>\n<link rel=\"canonical\" href=\"https:\/\/www.inverseteams.com\/es\/producto\/maillot-ciclismo-manga-corta-inti-intour-unisex\/\" \/>\n<meta property=\"og:locale\" content=\"es_ES\" \/>\n<meta property=\"og:type\" content=\"article\" \/>\n<meta property=\"og:title\" content=\"Maillot ciclismo manga corta INTI CITIC (UNISEX)\" \/>\n<meta property=\"og:description\" content=\"El maillot de ciclismo ultraligero INTI, es una edici\u00f3n especial unisex de corte SLIM FIT que ha sido dise\u00f1ado de forma que se adapte perfectamente a la complexi\u00f3n de tu cuerpo, sea cual sea. Todo ello gracias a sus tejidos suaves y el\u00e1sticos. El maillot combina 3 tejidos de gran calidad ubicados estrat\u00e9gicamente para que juntos aporten todas sus prestaciones durante la actividad. Los tejidos de este maillot de ciclismo son ligeros y a su vez resistentes, lo que hace que sea una prenda perfecta tanto para ciclismo de monta\u00f1a como para ciclismo de carretera. Su cuello es ergon\u00f3mico y sus costuras han sido sustituidas por agradables acabados termosellados. El frontal y la espalda del maillot est\u00e1n confeccionados con tejido PHANTOM, muy suave y agradable, evita cualquier tipo de molestia. Se adapta al cuerpo dando la sensaci\u00f3n de segunda piel. Las mangas con tejido abierto CYCLON son el\u00e1sticas, transpirables y acabadas con termosellado en lugar de costuras para una mayor comodidad y libertad de movimientos. Los paneles laterales han sido confeccionados con tejido TWIN que aumenta la aerodin\u00e1mica de la prenda y facilita la evacuaci\u00f3n del sudor manteniendo el cuerpo seco durante la actividad. En la zona lumbar incorpora 3 bolsillos abiertos. Tambi\u00e9n dispone de 1 bolsillo lateral con cremallera y su interior con tejido impermeable para que el sudor no da\u00f1e lo que guardes en \u00e9l. En la cintura tiene una banda con interior en silicona antideslizante para ajustar el maillot al cuerpo y evitar que se desplace durante el pedaleo. Acabados reflectantes en la zona lumbar para mayor visibilidad. Su patr\u00f3n unisex hace de este maillot de ciclismo una prenda imprescindible para tus salidas en bici en los d\u00edas de m\u00e1s calor.\" \/>\n<meta property=\"og:url\" content=\"https:\/\/www.inverseteams.com\/es\/producto\/maillot-ciclismo-manga-corta-inti-intour-unisex\/\" \/>\n<meta property=\"og:site_name\" content=\"Inverseteams\" \/>\n<meta property=\"article:publisher\" content=\"https:\/\/www.facebook.com\/inverseteams\" \/>\n<meta property=\"article:modified_time\" content=\"2026-03-02T13:05:33+00:00\" \/>\n<meta property=\"og:image\" content=\"https:\/\/www.inverseteams.com\/wp-content\/uploads\/MAILLOT-CICLISTA-UNISEX-INTI-INTOUR-1.jpg\" \/>\n\t<meta property=\"og:image:width\" content=\"3000\" \/>\n\t<meta property=\"og:image:height\" content=\"3223\" \/>\n\t<meta property=\"og:image:type\" content=\"image\/jpeg\" \/>\n<meta name=\"twitter:card\" content=\"summary_large_image\" \/>\n<meta name=\"twitter:label1\" content=\"Tiempo de lectura\" \/>\n\t<meta name=\"twitter:data1\" content=\"2 minuto\" \/>\n<script type=\"application\/ld+json\" class=\"yoast-schema-graph\">{\"@context\":\"https:\\\/\\\/schema.org\",\"@graph\":[{\"@type\":\"WebPage\",\"@id\":\"https:\\\/\\\/www.inverseteams.com\\\/es\\\/producto\\\/maillot-ciclismo-manga-corta-inti-intour-unisex\\\/\",\"url\":\"https:\\\/\\\/www.inverseteams.com\\\/es\\\/producto\\\/maillot-ciclismo-manga-corta-inti-intour-unisex\\\/\",\"name\":\"Maillot ciclismo manga corta INTI CITIC (UNISEX)\",\"isPartOf\":{\"@id\":\"https:\\\/\\\/www.inverseteams.com\\\/es\\\/#website\"},\"primaryImageOfPage\":{\"@id\":\"https:\\\/\\\/www.inverseteams.com\\\/es\\\/producto\\\/maillot-ciclismo-manga-corta-inti-intour-unisex\\\/#primaryimage\"},\"image\":{\"@id\":\"https:\\\/\\\/www.inverseteams.com\\\/es\\\/producto\\\/maillot-ciclismo-manga-corta-inti-intour-unisex\\\/#primaryimage\"},\"thumbnailUrl\":\"https:\\\/\\\/www.inverseteams.com\\\/wp-content\\\/uploads\\\/MAILLOT-CICLISTA-UNISEX-INTI-INTOUR-1.jpg\",\"datePublished\":\"2022-09-26T12:55:07+00:00\",\"dateModified\":\"2026-03-02T13:05:33+00:00\",\"description\":\"El maillot de ciclismo ultraligero INTI, es una edici\u00f3n especial unisex de corte SLIM FIT que ha sido dise\u00f1ado de forma que se adapte perfectamente a la complexi\u00f3n de tu cuerpo, sea cual sea. Todo ello gracias a sus tejidos suaves y el\u00e1sticos. El maillot combina 3 tejidos de gran calidad ubicados estrat\u00e9gicamente para que juntos aporten todas sus prestaciones durante la actividad. Los tejidos de este maillot de ciclismo son ligeros y a su vez resistentes, lo que hace que sea una prenda perfecta tanto para ciclismo de monta\u00f1a como para ciclismo de carretera. Su cuello es ergon\u00f3mico y sus costuras han sido sustituidas por agradables acabados termosellados. El frontal y la espalda del maillot est\u00e1n confeccionados con tejido PHANTOM, muy suave y agradable, evita cualquier tipo de molestia. Se adapta al cuerpo dando la sensaci\u00f3n de segunda piel. Las mangas con tejido abierto CYCLON son el\u00e1sticas, transpirables y acabadas con termosellado en lugar de costuras para una mayor comodidad y libertad de movimientos. Los paneles laterales han sido confeccionados con tejido TWIN que aumenta la aerodin\u00e1mica de la prenda y facilita la evacuaci\u00f3n del sudor manteniendo el cuerpo seco durante la actividad. En la zona lumbar incorpora 3 bolsillos abiertos. Tambi\u00e9n dispone de 1 bolsillo lateral con cremallera y su interior con tejido impermeable para que el sudor no da\u00f1e lo que guardes en \u00e9l. En la cintura tiene una banda con interior en silicona antideslizante para ajustar el maillot al cuerpo y evitar que se desplace durante el pedaleo. Acabados reflectantes en la zona lumbar para mayor visibilidad. Su patr\u00f3n unisex hace de este maillot de ciclismo una prenda imprescindible para tus salidas en bici en los d\u00edas de m\u00e1s calor.\",\"breadcrumb\":{\"@id\":\"https:\\\/\\\/www.inverseteams.com\\\/es\\\/producto\\\/maillot-ciclismo-manga-corta-inti-intour-unisex\\\/#breadcrumb\"},\"inLanguage\":\"es\",\"potentialAction\":[{\"@type\":\"ReadAction\",\"target\":[\"https:\\\/\\\/www.inverseteams.com\\\/es\\\/producto\\\/maillot-ciclismo-manga-corta-inti-intour-unisex\\\/\"]}]},{\"@type\":\"ImageObject\",\"inLanguage\":\"es\",\"@id\":\"https:\\\/\\\/www.inverseteams.com\\\/es\\\/producto\\\/maillot-ciclismo-manga-corta-inti-intour-unisex\\\/#primaryimage\",\"url\":\"https:\\\/\\\/www.inverseteams.com\\\/wp-content\\\/uploads\\\/MAILLOT-CICLISTA-UNISEX-INTI-INTOUR-1.jpg\",\"contentUrl\":\"https:\\\/\\\/www.inverseteams.com\\\/wp-content\\\/uploads\\\/MAILLOT-CICLISTA-UNISEX-INTI-INTOUR-1.jpg\",\"width\":3000,\"height\":3223,\"caption\":\"Maillot ciclista manga corta naranja\"},{\"@type\":\"BreadcrumbList\",\"@id\":\"https:\\\/\\\/www.inverseteams.com\\\/es\\\/producto\\\/maillot-ciclismo-manga-corta-inti-intour-unisex\\\/#breadcrumb\",\"itemListElement\":[{\"@type\":\"ListItem\",\"position\":1,\"name\":\"Portada\",\"item\":\"https:\\\/\\\/www.inverseteams.com\\\/es\\\/\"},{\"@type\":\"ListItem\",\"position\":2,\"name\":\"Tienda\",\"item\":\"https:\\\/\\\/www.inverseteams.com\\\/es\\\/tienda\\\/\"},{\"@type\":\"ListItem\",\"position\":3,\"name\":\"Maillot ciclismo manga corta INTI INTOUR (UNISEX)\"}]},{\"@type\":\"WebSite\",\"@id\":\"https:\\\/\\\/www.inverseteams.com\\\/es\\\/#website\",\"url\":\"https:\\\/\\\/www.inverseteams.com\\\/es\\\/\",\"name\":\"Inverseteams\",\"description\":\"Tu marca de ropa deportiva personalizada\",\"publisher\":{\"@id\":\"https:\\\/\\\/www.inverseteams.com\\\/es\\\/#organization\"},\"potentialAction\":[{\"@type\":\"SearchAction\",\"target\":{\"@type\":\"EntryPoint\",\"urlTemplate\":\"https:\\\/\\\/www.inverseteams.com\\\/es\\\/?s={search_term_string}\"},\"query-input\":{\"@type\":\"PropertyValueSpecification\",\"valueRequired\":true,\"valueName\":\"search_term_string\"}}],\"inLanguage\":\"es\"},{\"@type\":\"Organization\",\"@id\":\"https:\\\/\\\/www.inverseteams.com\\\/es\\\/#organization\",\"name\":\"Inverse Teams\",\"url\":\"https:\\\/\\\/www.inverseteams.com\\\/es\\\/\",\"logo\":{\"@type\":\"ImageObject\",\"inLanguage\":\"es\",\"@id\":\"https:\\\/\\\/www.inverseteams.com\\\/es\\\/#\\\/schema\\\/logo\\\/image\\\/\",\"url\":\"http:\\\/\\\/www.inverseteams.com\\\/wp-content\\\/uploads\\\/2021\\\/03\\\/logo-inverse-teams.png\",\"contentUrl\":\"http:\\\/\\\/www.inverseteams.com\\\/wp-content\\\/uploads\\\/2021\\\/03\\\/logo-inverse-teams.png\",\"width\":294,\"height\":99,\"caption\":\"Inverse Teams\"},\"image\":{\"@id\":\"https:\\\/\\\/www.inverseteams.com\\\/es\\\/#\\\/schema\\\/logo\\\/image\\\/\"},\"sameAs\":[\"https:\\\/\\\/www.facebook.com\\\/inverseteams\",\"http:\\\/\\\/instagram.com\\\/inverseteams\",\"https:\\\/\\\/www.linkedin.com\\\/company\\\/inverse-cirosport-s-l-?trk=job_view_topcard_company_name\",\"http:\\\/\\\/www.pinterest.com\\\/inverseteams\\\/\",\"http:\\\/\\\/www.youtube.com\\\/user\\\/inverseteams?feature=watch\"]}]}<\/script>\n<!-- \/ Yoast SEO plugin. -->","yoast_head_json":{"title":"Maillot ciclismo manga corta INTI CITIC (UNISEX)","description":"El maillot de ciclismo ultraligero INTI, es una edici\u00f3n especial unisex de corte SLIM FIT que ha sido dise\u00f1ado de forma que se adapte perfectamente a la complexi\u00f3n de tu cuerpo, sea cual sea. Todo ello gracias a sus tejidos suaves y el\u00e1sticos. El maillot combina 3 tejidos de gran calidad ubicados estrat\u00e9gicamente para que juntos aporten todas sus prestaciones durante la actividad. Los tejidos de este maillot de ciclismo son ligeros y a su vez resistentes, lo que hace que sea una prenda perfecta tanto para ciclismo de monta\u00f1a como para ciclismo de carretera. Su cuello es ergon\u00f3mico y sus costuras han sido sustituidas por agradables acabados termosellados. El frontal y la espalda del maillot est\u00e1n confeccionados con tejido PHANTOM, muy suave y agradable, evita cualquier tipo de molestia. Se adapta al cuerpo dando la sensaci\u00f3n de segunda piel. Las mangas con tejido abierto CYCLON son el\u00e1sticas, transpirables y acabadas con termosellado en lugar de costuras para una mayor comodidad y libertad de movimientos. Los paneles laterales han sido confeccionados con tejido TWIN que aumenta la aerodin\u00e1mica de la prenda y facilita la evacuaci\u00f3n del sudor manteniendo el cuerpo seco durante la actividad. En la zona lumbar incorpora 3 bolsillos abiertos. Tambi\u00e9n dispone de 1 bolsillo lateral con cremallera y su interior con tejido impermeable para que el sudor no da\u00f1e lo que guardes en \u00e9l. En la cintura tiene una banda con interior en silicona antideslizante para ajustar el maillot al cuerpo y evitar que se desplace durante el pedaleo. Acabados reflectantes en la zona lumbar para mayor visibilidad. Su patr\u00f3n unisex hace de este maillot de ciclismo una prenda imprescindible para tus salidas en bici en los d\u00edas de m\u00e1s calor.","robots":{"index":"index","follow":"follow","max-snippet":"max-snippet:-1","max-image-preview":"max-image-preview:large","max-video-preview":"max-video-preview:-1"},"canonical":"https:\/\/www.inverseteams.com\/es\/producto\/maillot-ciclismo-manga-corta-inti-intour-unisex\/","og_locale":"es_ES","og_type":"article","og_title":"Maillot ciclismo manga corta INTI CITIC (UNISEX)","og_description":"El maillot de ciclismo ultraligero INTI, es una edici\u00f3n especial unisex de corte SLIM FIT que ha sido dise\u00f1ado de forma que se adapte perfectamente a la complexi\u00f3n de tu cuerpo, sea cual sea. Todo ello gracias a sus tejidos suaves y el\u00e1sticos. El maillot combina 3 tejidos de gran calidad ubicados estrat\u00e9gicamente para que juntos aporten todas sus prestaciones durante la actividad. Los tejidos de este maillot de ciclismo son ligeros y a su vez resistentes, lo que hace que sea una prenda perfecta tanto para ciclismo de monta\u00f1a como para ciclismo de carretera. Su cuello es ergon\u00f3mico y sus costuras han sido sustituidas por agradables acabados termosellados. El frontal y la espalda del maillot est\u00e1n confeccionados con tejido PHANTOM, muy suave y agradable, evita cualquier tipo de molestia. Se adapta al cuerpo dando la sensaci\u00f3n de segunda piel. Las mangas con tejido abierto CYCLON son el\u00e1sticas, transpirables y acabadas con termosellado en lugar de costuras para una mayor comodidad y libertad de movimientos. Los paneles laterales han sido confeccionados con tejido TWIN que aumenta la aerodin\u00e1mica de la prenda y facilita la evacuaci\u00f3n del sudor manteniendo el cuerpo seco durante la actividad. En la zona lumbar incorpora 3 bolsillos abiertos. Tambi\u00e9n dispone de 1 bolsillo lateral con cremallera y su interior con tejido impermeable para que el sudor no da\u00f1e lo que guardes en \u00e9l. En la cintura tiene una banda con interior en silicona antideslizante para ajustar el maillot al cuerpo y evitar que se desplace durante el pedaleo. Acabados reflectantes en la zona lumbar para mayor visibilidad. Su patr\u00f3n unisex hace de este maillot de ciclismo una prenda imprescindible para tus salidas en bici en los d\u00edas de m\u00e1s calor.","og_url":"https:\/\/www.inverseteams.com\/es\/producto\/maillot-ciclismo-manga-corta-inti-intour-unisex\/","og_site_name":"Inverseteams","article_publisher":"https:\/\/www.facebook.com\/inverseteams","article_modified_time":"2026-03-02T13:05:33+00:00","og_image":[{"width":3000,"height":3223,"url":"https:\/\/www.inverseteams.com\/wp-content\/uploads\/MAILLOT-CICLISTA-UNISEX-INTI-INTOUR-1.jpg","type":"image\/jpeg"}],"twitter_card":"summary_large_image","twitter_misc":{"Tiempo de lectura":"2 minuto"},"schema":{"@context":"https:\/\/schema.org","@graph":[{"@type":"WebPage","@id":"https:\/\/www.inverseteams.com\/es\/producto\/maillot-ciclismo-manga-corta-inti-intour-unisex\/","url":"https:\/\/www.inverseteams.com\/es\/producto\/maillot-ciclismo-manga-corta-inti-intour-unisex\/","name":"Maillot ciclismo manga corta INTI CITIC (UNISEX)","isPartOf":{"@id":"https:\/\/www.inverseteams.com\/es\/#website"},"primaryImageOfPage":{"@id":"https:\/\/www.inverseteams.com\/es\/producto\/maillot-ciclismo-manga-corta-inti-intour-unisex\/#primaryimage"},"image":{"@id":"https:\/\/www.inverseteams.com\/es\/producto\/maillot-ciclismo-manga-corta-inti-intour-unisex\/#primaryimage"},"thumbnailUrl":"https:\/\/www.inverseteams.com\/wp-content\/uploads\/MAILLOT-CICLISTA-UNISEX-INTI-INTOUR-1.jpg","datePublished":"2022-09-26T12:55:07+00:00","dateModified":"2026-03-02T13:05:33+00:00","description":"El maillot de ciclismo ultraligero INTI, es una edici\u00f3n especial unisex de corte SLIM FIT que ha sido dise\u00f1ado de forma que se adapte perfectamente a la complexi\u00f3n de tu cuerpo, sea cual sea. Todo ello gracias a sus tejidos suaves y el\u00e1sticos. El maillot combina 3 tejidos de gran calidad ubicados estrat\u00e9gicamente para que juntos aporten todas sus prestaciones durante la actividad. Los tejidos de este maillot de ciclismo son ligeros y a su vez resistentes, lo que hace que sea una prenda perfecta tanto para ciclismo de monta\u00f1a como para ciclismo de carretera. Su cuello es ergon\u00f3mico y sus costuras han sido sustituidas por agradables acabados termosellados. El frontal y la espalda del maillot est\u00e1n confeccionados con tejido PHANTOM, muy suave y agradable, evita cualquier tipo de molestia. Se adapta al cuerpo dando la sensaci\u00f3n de segunda piel. Las mangas con tejido abierto CYCLON son el\u00e1sticas, transpirables y acabadas con termosellado en lugar de costuras para una mayor comodidad y libertad de movimientos. Los paneles laterales han sido confeccionados con tejido TWIN que aumenta la aerodin\u00e1mica de la prenda y facilita la evacuaci\u00f3n del sudor manteniendo el cuerpo seco durante la actividad. En la zona lumbar incorpora 3 bolsillos abiertos. Tambi\u00e9n dispone de 1 bolsillo lateral con cremallera y su interior con tejido impermeable para que el sudor no da\u00f1e lo que guardes en \u00e9l. En la cintura tiene una banda con interior en silicona antideslizante para ajustar el maillot al cuerpo y evitar que se desplace durante el pedaleo. Acabados reflectantes en la zona lumbar para mayor visibilidad. Su patr\u00f3n unisex hace de este maillot de ciclismo una prenda imprescindible para tus salidas en bici en los d\u00edas de m\u00e1s calor.","breadcrumb":{"@id":"https:\/\/www.inverseteams.com\/es\/producto\/maillot-ciclismo-manga-corta-inti-intour-unisex\/#breadcrumb"},"inLanguage":"es","potentialAction":[{"@type":"ReadAction","target":["https:\/\/www.inverseteams.com\/es\/producto\/maillot-ciclismo-manga-corta-inti-intour-unisex\/"]}]},{"@type":"ImageObject","inLanguage":"es","@id":"https:\/\/www.inverseteams.com\/es\/producto\/maillot-ciclismo-manga-corta-inti-intour-unisex\/#primaryimage","url":"https:\/\/www.inverseteams.com\/wp-content\/uploads\/MAILLOT-CICLISTA-UNISEX-INTI-INTOUR-1.jpg","contentUrl":"https:\/\/www.inverseteams.com\/wp-content\/uploads\/MAILLOT-CICLISTA-UNISEX-INTI-INTOUR-1.jpg","width":3000,"height":3223,"caption":"Maillot ciclista manga corta naranja"},{"@type":"BreadcrumbList","@id":"https:\/\/www.inverseteams.com\/es\/producto\/maillot-ciclismo-manga-corta-inti-intour-unisex\/#breadcrumb","itemListElement":[{"@type":"ListItem","position":1,"name":"Portada","item":"https:\/\/www.inverseteams.com\/es\/"},{"@type":"ListItem","position":2,"name":"Tienda","item":"https:\/\/www.inverseteams.com\/es\/tienda\/"},{"@type":"ListItem","position":3,"name":"Maillot ciclismo manga corta INTI INTOUR (UNISEX)"}]},{"@type":"WebSite","@id":"https:\/\/www.inverseteams.com\/es\/#website","url":"https:\/\/www.inverseteams.com\/es\/","name":"Inverseteams","description":"Tu marca de ropa deportiva personalizada","publisher":{"@id":"https:\/\/www.inverseteams.com\/es\/#organization"},"potentialAction":[{"@type":"SearchAction","target":{"@type":"EntryPoint","urlTemplate":"https:\/\/www.inverseteams.com\/es\/?s={search_term_string}"},"query-input":{"@type":"PropertyValueSpecification","valueRequired":true,"valueName":"search_term_string"}}],"inLanguage":"es"},{"@type":"Organization","@id":"https:\/\/www.inverseteams.com\/es\/#organization","name":"Inverse Teams","url":"https:\/\/www.inverseteams.com\/es\/","logo":{"@type":"ImageObject","inLanguage":"es","@id":"https:\/\/www.inverseteams.com\/es\/#\/schema\/logo\/image\/","url":"https:\/\/www.inverseteams.com\/wp-content\/uploads\/2021\/03\/logo-inverse-teams.png","contentUrl":"https:\/\/www.inverseteams.com\/wp-content\/uploads\/2021\/03\/logo-inverse-teams.png","width":294,"height":99,"caption":"Inverse Teams"},"image":{"@id":"https:\/\/www.inverseteams.com\/es\/#\/schema\/logo\/image\/"},"sameAs":["https:\/\/www.facebook.com\/inverseteams","http:\/\/instagram.com\/inverseteams","https:\/\/www.linkedin.com\/company\/inverse-cirosport-s-l-?trk=job_view_topcard_company_name","http:\/\/www.pinterest.com\/inverseteams\/","http:\/\/www.youtube.com\/user\/inverseteams?feature=watch"]}]}},"_links":{"self":[{"href":"https:\/\/www.inverseteams.com\/es\/wp-json\/wp\/v2\/product\/96027","targetHints":{"allow":["GET"]}}],"collection":[{"href":"https:\/\/www.inverseteams.com\/es\/wp-json\/wp\/v2\/product"}],"about":[{"href":"https:\/\/www.inverseteams.com\/es\/wp-json\/wp\/v2\/types\/product"}],"replies":[{"embeddable":true,"href":"https:\/\/www.inverseteams.com\/es\/wp-json\/wp\/v2\/comments?post=96027"}],"wp:featuredmedia":[{"embeddable":true,"href":"https:\/\/www.inverseteams.com\/es\/wp-json\/wp\/v2\/media\/121231"}],"wp:attachment":[{"href":"https:\/\/www.inverseteams.com\/es\/wp-json\/wp\/v2\/media?parent=96027"}],"wp:term":[{"taxonomy":"product_brand","embeddable":true,"href":"https:\/\/www.inverseteams.com\/es\/wp-json\/wp\/v2\/product_brand?post=96027"},{"taxonomy":"product_cat","embeddable":true,"href":"https:\/\/www.inverseteams.com\/es\/wp-json\/wp\/v2\/product_cat?post=96027"},{"taxonomy":"product_tag","embeddable":true,"href":"https:\/\/www.inverseteams.com\/es\/wp-json\/wp\/v2\/product_tag?post=96027"},{"taxonomy":"custom_category","embeddable":true,"href":"https:\/\/www.inverseteams.com\/es\/wp-json\/wp\/v2\/custom_category?post=96027"},{"taxonomy":"range","embeddable":true,"href":"https:\/\/www.inverseteams.com\/es\/wp-json\/wp\/v2\/range?post=96027"}],"curies":[{"name":"wp","href":"https:\/\/api.w.org\/{rel}","templated":true}]}}