{"id":93764,"date":"2022-09-14T10:54:01","date_gmt":"2022-09-14T10:54:01","guid":{"rendered":"https:\/\/www.inverseteams.com\/product\/mono-triatlon-manga-larga-2-piezas-aeris\/"},"modified":"2024-06-19T07:46:08","modified_gmt":"2024-06-19T07:46:08","slug":"tritraje-manga-larga-2-piezas-aeris","status":"publish","type":"product","link":"https:\/\/www.inverseteams.com\/es\/producto\/tritraje-manga-larga-2-piezas-aeris\/","title":{"rendered":"Tritraje manga larga 2 piezas AERIS"},"content":{"rendered":"<p>La zona superior tiene una cremallera integral que permite abrir el mono por completo. De este modo podr\u00e1s regular la ventilaci\u00f3n y tendr\u00e1s las ventajas aerodin\u00e1micas de un mono y las ventajas de comodidad de un maillot y un culotte por separado.<br \/>\nEl tejido THINK del cuerpo es muy ligero, el\u00e1stico y transpirable. Permite evacuar el sudor r\u00e1pidamente para mantener la piel seca y evitar el sobrecalentamiento. Esto te permitir\u00e1 rendir al m\u00e1ximo durante m\u00e1s tiempo.<br \/>\nLas mangas cortadas a l\u00e1ser se ajustan perfectamente el brazo y evitan que entre el aire. La estructura de su tejido garantiza un buen flujo del viento para aumentar la aerodin\u00e1mica y optimizar todo tu esfuerzo. El ribete el\u00e1stico del cuello se adapta al cuerpo sin provocar rozaduras.<br \/>\nTodos los paneles han sido concebidos para adaptarse a todas las posiciones del triatl\u00f3n y para que no opongan ninguna resistencia. \u00c9stos est\u00e1n cosidos con unas costuras planas super resistentes.<br \/>\nEl tejido de las piernas se caracteriza por su buena compresi\u00f3n muscular. Consigue mantener bajo control el \u00e1cido l\u00e1ctico, retarda la fatiga muscular y ayuda a oxigenar la sangre. Al final de las piernas tiene una banda el\u00e1stica microperforada con un grip de silicona hipoalerg\u00e9nica en su interior. \u00c9sta evita que aumente la sudoraci\u00f3n y mantiene la prenda bien sujeta a la pierna. En el exterior tiene unas l\u00edneas reflectantes 360\u00ba que aumentar\u00e1n tu seguridad ya que reflejar\u00e1n la luz de los veh\u00edculos.<\/p>\n","protected":false},"excerpt":{"rendered":"<p>La zona superior tiene una cremallera integral que permite abrir el mono por completo. De este modo podr\u00e1s regular la ventilaci\u00f3n y tendr\u00e1s las ventajas aerodin\u00e1micas de un mono y las ventajas de comodidad de un maillot y un culotte por separado.<br \/>\nEl tejido THINK del cuerpo es muy ligero, el\u00e1stico y transpirable. Permite evacuar el sudor r\u00e1pidamente para mantener la piel seca y evitar el sobrecalentamiento. Esto te permitir\u00e1 rendir al m\u00e1ximo durante m\u00e1s tiempo.<br \/>\nLas mangas cortadas a l\u00e1ser se ajustan perfectamente el brazo y evitan que entre el aire. La estructura de su tejido garantiza un buen flujo del viento para aumentar la aerodin\u00e1mica y optimizar todo tu esfuerzo. El ribete el\u00e1stico del cuello se adapta al cuerpo sin provocar rozaduras.<br \/>\nTodos los paneles han sido concebidos para adaptarse a todas las posiciones del triatl\u00f3n y para que no opongan ninguna resistencia. \u00c9stos est\u00e1n cosidos con unas costuras planas super resistentes.<br \/>\nEl tejido de las piernas se caracteriza por su buena compresi\u00f3n muscular. Consigue mantener bajo control el \u00e1cido l\u00e1ctico, retarda la fatiga muscular y ayuda a oxigenar la sangre. Al final de las piernas tiene una banda el\u00e1stica microperforada con un grip de silicona hipoalerg\u00e9nica en su interior. \u00c9sta evita que aumente la sudoraci\u00f3n y mantiene la prenda bien sujeta a la pierna. En el exterior tiene unas l\u00edneas reflectantes 360\u00ba que aumentar\u00e1n tu seguridad ya que reflejar\u00e1n la luz de los veh\u00edculos.<\/p>\n","protected":false},"featured_media":141880,"comment_status":"closed","ping_status":"closed","template":"","meta":{"_acf_changed":false},"product_brand":[],"product_cat":[15],"product_tag":[],"custom_category":[8861,1395],"range":[1407],"class_list":{"0":"post-93764","1":"product","2":"type-product","3":"status-publish","4":"has-post-thumbnail","6":"product_cat-uncategorized","7":"pa_climatologia-temperatura-templada","8":"pa_deporte-triatlon","9":"pa_genero-hombre","10":"pa_genero-mujer","11":"pa_patronaje-fit","12":"pa_tipo-de-prenda-trimono","13":"custom_category-mono-triatlon","14":"custom_category-ropa-de-triatlon-personalizada","15":"range-aeris","17":"first","18":"instock","19":"product-type-custom"},"acf":[],"yoast_head":"<!-- This site is optimized with the Yoast SEO plugin v27.3 - https:\/\/yoast.com\/product\/yoast-seo-wordpress\/ -->\n<title>Tritraje manga larga 2 piezas AERIS<\/title>\n<meta name=\"description\" content=\"Tritraje larga distancia personalizado. Solicita presupuesto. Nuestro equipo te har\u00e1 un dise\u00f1o exclusivo para ti. \u00a1Entrega en 4 semanas!\" \/>\n<meta name=\"robots\" content=\"index, follow, max-snippet:-1, max-image-preview:large, max-video-preview:-1\" \/>\n<link rel=\"canonical\" href=\"https:\/\/www.inverseteams.com\/es\/producto\/tritraje-manga-larga-2-piezas-aeris\/\" \/>\n<meta property=\"og:locale\" content=\"es_ES\" \/>\n<meta property=\"og:type\" content=\"article\" \/>\n<meta property=\"og:title\" content=\"Tritraje manga larga 2 piezas AERIS\" \/>\n<meta property=\"og:description\" content=\"Tritraje larga distancia personalizado. Solicita presupuesto. Nuestro equipo te har\u00e1 un dise\u00f1o exclusivo para ti. \u00a1Entrega en 4 semanas!\" \/>\n<meta property=\"og:url\" content=\"https:\/\/www.inverseteams.com\/es\/producto\/tritraje-manga-larga-2-piezas-aeris\/\" \/>\n<meta property=\"og:site_name\" content=\"Inverseteams\" \/>\n<meta property=\"article:publisher\" content=\"https:\/\/www.facebook.com\/inverseteams\" \/>\n<meta property=\"article:modified_time\" content=\"2024-06-19T07:46:08+00:00\" \/>\n<meta property=\"og:image\" content=\"https:\/\/www.inverseteams.com\/wp-content\/uploads\/MONO-ML-AERIS-1.jpg\" \/>\n\t<meta property=\"og:image:width\" content=\"3222\" \/>\n\t<meta property=\"og:image:height\" content=\"3462\" \/>\n\t<meta property=\"og:image:type\" content=\"image\/jpeg\" \/>\n<meta name=\"twitter:card\" content=\"summary_large_image\" \/>\n<meta name=\"twitter:label1\" content=\"Tiempo de lectura\" \/>\n\t<meta name=\"twitter:data1\" content=\"2 minuto\" \/>\n<script type=\"application\/ld+json\" class=\"yoast-schema-graph\">{\"@context\":\"https:\\\/\\\/schema.org\",\"@graph\":[{\"@type\":\"WebPage\",\"@id\":\"https:\\\/\\\/www.inverseteams.com\\\/es\\\/producto\\\/tritraje-manga-larga-2-piezas-aeris\\\/\",\"url\":\"https:\\\/\\\/www.inverseteams.com\\\/es\\\/producto\\\/tritraje-manga-larga-2-piezas-aeris\\\/\",\"name\":\"Tritraje manga larga 2 piezas AERIS\",\"isPartOf\":{\"@id\":\"https:\\\/\\\/www.inverseteams.com\\\/es\\\/#website\"},\"primaryImageOfPage\":{\"@id\":\"https:\\\/\\\/www.inverseteams.com\\\/es\\\/producto\\\/tritraje-manga-larga-2-piezas-aeris\\\/#primaryimage\"},\"image\":{\"@id\":\"https:\\\/\\\/www.inverseteams.com\\\/es\\\/producto\\\/tritraje-manga-larga-2-piezas-aeris\\\/#primaryimage\"},\"thumbnailUrl\":\"https:\\\/\\\/www.inverseteams.com\\\/wp-content\\\/uploads\\\/MONO-ML-AERIS-1.jpg\",\"datePublished\":\"2022-09-14T10:54:01+00:00\",\"dateModified\":\"2024-06-19T07:46:08+00:00\",\"description\":\"Tritraje larga distancia personalizado. Solicita presupuesto. Nuestro equipo te har\u00e1 un dise\u00f1o exclusivo para ti. \u00a1Entrega en 4 semanas!\",\"breadcrumb\":{\"@id\":\"https:\\\/\\\/www.inverseteams.com\\\/es\\\/producto\\\/tritraje-manga-larga-2-piezas-aeris\\\/#breadcrumb\"},\"inLanguage\":\"es\",\"potentialAction\":[{\"@type\":\"ReadAction\",\"target\":[\"https:\\\/\\\/www.inverseteams.com\\\/es\\\/producto\\\/tritraje-manga-larga-2-piezas-aeris\\\/\"]}]},{\"@type\":\"ImageObject\",\"inLanguage\":\"es\",\"@id\":\"https:\\\/\\\/www.inverseteams.com\\\/es\\\/producto\\\/tritraje-manga-larga-2-piezas-aeris\\\/#primaryimage\",\"url\":\"https:\\\/\\\/www.inverseteams.com\\\/wp-content\\\/uploads\\\/MONO-ML-AERIS-1.jpg\",\"contentUrl\":\"https:\\\/\\\/www.inverseteams.com\\\/wp-content\\\/uploads\\\/MONO-ML-AERIS-1.jpg\",\"width\":3222,\"height\":3462,\"caption\":\"trimono larga distancia aeris personalizado\"},{\"@type\":\"BreadcrumbList\",\"@id\":\"https:\\\/\\\/www.inverseteams.com\\\/es\\\/producto\\\/tritraje-manga-larga-2-piezas-aeris\\\/#breadcrumb\",\"itemListElement\":[{\"@type\":\"ListItem\",\"position\":1,\"name\":\"Portada\",\"item\":\"https:\\\/\\\/www.inverseteams.com\\\/es\\\/\"},{\"@type\":\"ListItem\",\"position\":2,\"name\":\"Tienda\",\"item\":\"https:\\\/\\\/www.inverseteams.com\\\/es\\\/tienda\\\/\"},{\"@type\":\"ListItem\",\"position\":3,\"name\":\"Tritraje manga larga 2 piezas AERIS\"}]},{\"@type\":\"WebSite\",\"@id\":\"https:\\\/\\\/www.inverseteams.com\\\/es\\\/#website\",\"url\":\"https:\\\/\\\/www.inverseteams.com\\\/es\\\/\",\"name\":\"Inverseteams\",\"description\":\"Tu marca de ropa deportiva personalizada\",\"publisher\":{\"@id\":\"https:\\\/\\\/www.inverseteams.com\\\/es\\\/#organization\"},\"potentialAction\":[{\"@type\":\"SearchAction\",\"target\":{\"@type\":\"EntryPoint\",\"urlTemplate\":\"https:\\\/\\\/www.inverseteams.com\\\/es\\\/?s={search_term_string}\"},\"query-input\":{\"@type\":\"PropertyValueSpecification\",\"valueRequired\":true,\"valueName\":\"search_term_string\"}}],\"inLanguage\":\"es\"},{\"@type\":\"Organization\",\"@id\":\"https:\\\/\\\/www.inverseteams.com\\\/es\\\/#organization\",\"name\":\"Inverse Teams\",\"url\":\"https:\\\/\\\/www.inverseteams.com\\\/es\\\/\",\"logo\":{\"@type\":\"ImageObject\",\"inLanguage\":\"es\",\"@id\":\"https:\\\/\\\/www.inverseteams.com\\\/es\\\/#\\\/schema\\\/logo\\\/image\\\/\",\"url\":\"http:\\\/\\\/www.inverseteams.com\\\/wp-content\\\/uploads\\\/2021\\\/03\\\/logo-inverse-teams.png\",\"contentUrl\":\"http:\\\/\\\/www.inverseteams.com\\\/wp-content\\\/uploads\\\/2021\\\/03\\\/logo-inverse-teams.png\",\"width\":294,\"height\":99,\"caption\":\"Inverse Teams\"},\"image\":{\"@id\":\"https:\\\/\\\/www.inverseteams.com\\\/es\\\/#\\\/schema\\\/logo\\\/image\\\/\"},\"sameAs\":[\"https:\\\/\\\/www.facebook.com\\\/inverseteams\",\"http:\\\/\\\/instagram.com\\\/inverseteams\",\"https:\\\/\\\/www.linkedin.com\\\/company\\\/inverse-cirosport-s-l-?trk=job_view_topcard_company_name\",\"http:\\\/\\\/www.pinterest.com\\\/inverseteams\\\/\",\"http:\\\/\\\/www.youtube.com\\\/user\\\/inverseteams?feature=watch\"]}]}<\/script>\n<!-- \/ Yoast SEO plugin. -->","yoast_head_json":{"title":"Tritraje manga larga 2 piezas AERIS","description":"Tritraje larga distancia personalizado. Solicita presupuesto. Nuestro equipo te har\u00e1 un dise\u00f1o exclusivo para ti. \u00a1Entrega en 4 semanas!","robots":{"index":"index","follow":"follow","max-snippet":"max-snippet:-1","max-image-preview":"max-image-preview:large","max-video-preview":"max-video-preview:-1"},"canonical":"https:\/\/www.inverseteams.com\/es\/producto\/tritraje-manga-larga-2-piezas-aeris\/","og_locale":"es_ES","og_type":"article","og_title":"Tritraje manga larga 2 piezas AERIS","og_description":"Tritraje larga distancia personalizado. Solicita presupuesto. Nuestro equipo te har\u00e1 un dise\u00f1o exclusivo para ti. \u00a1Entrega en 4 semanas!","og_url":"https:\/\/www.inverseteams.com\/es\/producto\/tritraje-manga-larga-2-piezas-aeris\/","og_site_name":"Inverseteams","article_publisher":"https:\/\/www.facebook.com\/inverseteams","article_modified_time":"2024-06-19T07:46:08+00:00","og_image":[{"width":3222,"height":3462,"url":"https:\/\/www.inverseteams.com\/wp-content\/uploads\/MONO-ML-AERIS-1.jpg","type":"image\/jpeg"}],"twitter_card":"summary_large_image","twitter_misc":{"Tiempo de lectura":"2 minuto"},"schema":{"@context":"https:\/\/schema.org","@graph":[{"@type":"WebPage","@id":"https:\/\/www.inverseteams.com\/es\/producto\/tritraje-manga-larga-2-piezas-aeris\/","url":"https:\/\/www.inverseteams.com\/es\/producto\/tritraje-manga-larga-2-piezas-aeris\/","name":"Tritraje manga larga 2 piezas AERIS","isPartOf":{"@id":"https:\/\/www.inverseteams.com\/es\/#website"},"primaryImageOfPage":{"@id":"https:\/\/www.inverseteams.com\/es\/producto\/tritraje-manga-larga-2-piezas-aeris\/#primaryimage"},"image":{"@id":"https:\/\/www.inverseteams.com\/es\/producto\/tritraje-manga-larga-2-piezas-aeris\/#primaryimage"},"thumbnailUrl":"https:\/\/www.inverseteams.com\/wp-content\/uploads\/MONO-ML-AERIS-1.jpg","datePublished":"2022-09-14T10:54:01+00:00","dateModified":"2024-06-19T07:46:08+00:00","description":"Tritraje larga distancia personalizado. Solicita presupuesto. Nuestro equipo te har\u00e1 un dise\u00f1o exclusivo para ti. \u00a1Entrega en 4 semanas!","breadcrumb":{"@id":"https:\/\/www.inverseteams.com\/es\/producto\/tritraje-manga-larga-2-piezas-aeris\/#breadcrumb"},"inLanguage":"es","potentialAction":[{"@type":"ReadAction","target":["https:\/\/www.inverseteams.com\/es\/producto\/tritraje-manga-larga-2-piezas-aeris\/"]}]},{"@type":"ImageObject","inLanguage":"es","@id":"https:\/\/www.inverseteams.com\/es\/producto\/tritraje-manga-larga-2-piezas-aeris\/#primaryimage","url":"https:\/\/www.inverseteams.com\/wp-content\/uploads\/MONO-ML-AERIS-1.jpg","contentUrl":"https:\/\/www.inverseteams.com\/wp-content\/uploads\/MONO-ML-AERIS-1.jpg","width":3222,"height":3462,"caption":"trimono larga distancia aeris personalizado"},{"@type":"BreadcrumbList","@id":"https:\/\/www.inverseteams.com\/es\/producto\/tritraje-manga-larga-2-piezas-aeris\/#breadcrumb","itemListElement":[{"@type":"ListItem","position":1,"name":"Portada","item":"https:\/\/www.inverseteams.com\/es\/"},{"@type":"ListItem","position":2,"name":"Tienda","item":"https:\/\/www.inverseteams.com\/es\/tienda\/"},{"@type":"ListItem","position":3,"name":"Tritraje manga larga 2 piezas AERIS"}]},{"@type":"WebSite","@id":"https:\/\/www.inverseteams.com\/es\/#website","url":"https:\/\/www.inverseteams.com\/es\/","name":"Inverseteams","description":"Tu marca de ropa deportiva personalizada","publisher":{"@id":"https:\/\/www.inverseteams.com\/es\/#organization"},"potentialAction":[{"@type":"SearchAction","target":{"@type":"EntryPoint","urlTemplate":"https:\/\/www.inverseteams.com\/es\/?s={search_term_string}"},"query-input":{"@type":"PropertyValueSpecification","valueRequired":true,"valueName":"search_term_string"}}],"inLanguage":"es"},{"@type":"Organization","@id":"https:\/\/www.inverseteams.com\/es\/#organization","name":"Inverse Teams","url":"https:\/\/www.inverseteams.com\/es\/","logo":{"@type":"ImageObject","inLanguage":"es","@id":"https:\/\/www.inverseteams.com\/es\/#\/schema\/logo\/image\/","url":"https:\/\/www.inverseteams.com\/wp-content\/uploads\/2021\/03\/logo-inverse-teams.png","contentUrl":"https:\/\/www.inverseteams.com\/wp-content\/uploads\/2021\/03\/logo-inverse-teams.png","width":294,"height":99,"caption":"Inverse Teams"},"image":{"@id":"https:\/\/www.inverseteams.com\/es\/#\/schema\/logo\/image\/"},"sameAs":["https:\/\/www.facebook.com\/inverseteams","http:\/\/instagram.com\/inverseteams","https:\/\/www.linkedin.com\/company\/inverse-cirosport-s-l-?trk=job_view_topcard_company_name","http:\/\/www.pinterest.com\/inverseteams\/","http:\/\/www.youtube.com\/user\/inverseteams?feature=watch"]}]}},"_links":{"self":[{"href":"https:\/\/www.inverseteams.com\/es\/wp-json\/wp\/v2\/product\/93764","targetHints":{"allow":["GET"]}}],"collection":[{"href":"https:\/\/www.inverseteams.com\/es\/wp-json\/wp\/v2\/product"}],"about":[{"href":"https:\/\/www.inverseteams.com\/es\/wp-json\/wp\/v2\/types\/product"}],"replies":[{"embeddable":true,"href":"https:\/\/www.inverseteams.com\/es\/wp-json\/wp\/v2\/comments?post=93764"}],"wp:featuredmedia":[{"embeddable":true,"href":"https:\/\/www.inverseteams.com\/es\/wp-json\/wp\/v2\/media\/141880"}],"wp:attachment":[{"href":"https:\/\/www.inverseteams.com\/es\/wp-json\/wp\/v2\/media?parent=93764"}],"wp:term":[{"taxonomy":"product_brand","embeddable":true,"href":"https:\/\/www.inverseteams.com\/es\/wp-json\/wp\/v2\/product_brand?post=93764"},{"taxonomy":"product_cat","embeddable":true,"href":"https:\/\/www.inverseteams.com\/es\/wp-json\/wp\/v2\/product_cat?post=93764"},{"taxonomy":"product_tag","embeddable":true,"href":"https:\/\/www.inverseteams.com\/es\/wp-json\/wp\/v2\/product_tag?post=93764"},{"taxonomy":"custom_category","embeddable":true,"href":"https:\/\/www.inverseteams.com\/es\/wp-json\/wp\/v2\/custom_category?post=93764"},{"taxonomy":"range","embeddable":true,"href":"https:\/\/www.inverseteams.com\/es\/wp-json\/wp\/v2\/range?post=93764"}],"curies":[{"name":"wp","href":"https:\/\/api.w.org\/{rel}","templated":true}]}}