{"id":87022,"date":"2022-07-21T07:46:21","date_gmt":"2022-07-21T07:46:21","guid":{"rendered":"https:\/\/www.inverseteams.com\/product\/pantalon-termico-esqui-nordique\/"},"modified":"2022-07-21T07:46:32","modified_gmt":"2022-07-21T07:46:32","slug":"pantalon-termico-esqui-nordique","status":"publish","type":"product","link":"https:\/\/www.inverseteams.com\/es\/producto\/pantalon-termico-esqui-nordique\/","title":{"rendered":"Pantal\u00f3n t\u00e9rmico esqu\u00ed NORDIQUE"},"content":{"rendered":"<p>Los pantalones t\u00e9rmicos de esqu\u00ed est\u00e1n confeccionados con un tejido de membrana y son ideales para los entrenamientos o el calentamiento previo a la competici\u00f3n. Protegen del viento, el fr\u00edo y la humedad y mantienen el calor corporal. Tiene 2 bolsillos con cremallera para poder guardar cualquier objeto con total seguridad. En la cintura tiene un cord\u00f3n para poder regular el ajuste al cuerpo. Dispone de una cremallera en cada lateral para pod\u00e9rtelos poner y quitar f\u00e1cilmente.<\/p>\n","protected":false},"excerpt":{"rendered":"<p>Los pantalones t\u00e9rmicos de esqu\u00ed est\u00e1n confeccionados con un tejido de membrana y son ideales para los entrenamientos o el calentamiento previo a la competici\u00f3n. Protegen del viento, el fr\u00edo y la humedad y mantienen el calor corporal. Tiene 2 bolsillos con cremallera para poder guardar cualquier objeto con total seguridad. En la cintura tiene un cord\u00f3n para poder regular el ajuste al cuerpo. Dispone de una cremallera en cada lateral para pod\u00e9rtelos poner y quitar f\u00e1cilmente.<\/p>\n","protected":false},"featured_media":86004,"comment_status":"closed","ping_status":"open","template":"","meta":{"_acf_changed":false},"product_brand":[],"product_cat":[15],"product_tag":[],"custom_category":[1365,8723,8715],"range":[8707],"class_list":{"0":"post-87022","1":"product","2":"type-product","3":"status-publish","4":"has-post-thumbnail","6":"product_cat-uncategorized","7":"pa_climatologia-frio","8":"pa_deporte-esqui","9":"pa_genero-hombre","10":"pa_genero-mujer","11":"pa_genero-infantil","12":"pa_patronaje-regular","13":"pa_tipo-de-prenda-pantalon","14":"custom_category-deporte","15":"custom_category-pantalon-esqui-personalizado","16":"custom_category-ropa-de-esqui-personalizada","17":"range-nordique","19":"first","20":"instock","21":"product-type-custom"},"acf":[],"yoast_head":"<!-- This site is optimized with the Yoast SEO plugin v27.3 - https:\/\/yoast.com\/product\/yoast-seo-wordpress\/ -->\n<title>Pantal\u00f3n t\u00e9rmico esqu\u00ed NORDIQUE<\/title>\n<meta name=\"description\" content=\"Los pantalones t\u00e9rmicos de esqu\u00ed est\u00e1n confeccionados con un tejido de membrana y son ideales para los entrenamientos o el calentamiento previo a la competici\u00f3n. Protegen del viento, el fr\u00edo y la humedad y mantienen el calor corporal. Tiene 2 bolsillos con cremallera para poder guardar cualquier objeto con total seguridad. En la cintura tiene un cord\u00f3n para poder regular el ajuste al cuerpo. Dispone de una cremallera en cada lateral para pod\u00e9rtelos poner y quitar f\u00e1cilmente.\" \/>\n<meta name=\"robots\" content=\"index, follow, max-snippet:-1, max-image-preview:large, max-video-preview:-1\" \/>\n<link rel=\"canonical\" href=\"https:\/\/www.inverseteams.com\/es\/producto\/pantalon-termico-esqui-nordique\/\" \/>\n<meta property=\"og:locale\" content=\"es_ES\" \/>\n<meta property=\"og:type\" content=\"article\" \/>\n<meta property=\"og:title\" content=\"Pantal\u00f3n t\u00e9rmico esqu\u00ed NORDIQUE\" \/>\n<meta property=\"og:description\" content=\"Los pantalones t\u00e9rmicos de esqu\u00ed est\u00e1n confeccionados con un tejido de membrana y son ideales para los entrenamientos o el calentamiento previo a la competici\u00f3n. Protegen del viento, el fr\u00edo y la humedad y mantienen el calor corporal. Tiene 2 bolsillos con cremallera para poder guardar cualquier objeto con total seguridad. En la cintura tiene un cord\u00f3n para poder regular el ajuste al cuerpo. Dispone de una cremallera en cada lateral para pod\u00e9rtelos poner y quitar f\u00e1cilmente.\" \/>\n<meta property=\"og:url\" content=\"https:\/\/www.inverseteams.com\/es\/producto\/pantalon-termico-esqui-nordique\/\" \/>\n<meta property=\"og:site_name\" content=\"Inverseteams\" \/>\n<meta property=\"article:publisher\" content=\"https:\/\/www.facebook.com\/inverseteams\" \/>\n<meta property=\"article:modified_time\" content=\"2022-07-21T07:46:32+00:00\" \/>\n<meta property=\"og:image\" content=\"https:\/\/www.inverseteams.com\/wp-content\/uploads\/PANTALON-TERMICO-ESQUI-NORDIQUE-1.jpg\" \/>\n\t<meta property=\"og:image:width\" content=\"3222\" \/>\n\t<meta property=\"og:image:height\" content=\"3462\" \/>\n\t<meta property=\"og:image:type\" content=\"image\/jpeg\" \/>\n<meta name=\"twitter:card\" content=\"summary_large_image\" \/>\n<script type=\"application\/ld+json\" class=\"yoast-schema-graph\">{\"@context\":\"https:\\\/\\\/schema.org\",\"@graph\":[{\"@type\":\"WebPage\",\"@id\":\"https:\\\/\\\/www.inverseteams.com\\\/es\\\/producto\\\/pantalon-termico-esqui-nordique\\\/\",\"url\":\"https:\\\/\\\/www.inverseteams.com\\\/es\\\/producto\\\/pantalon-termico-esqui-nordique\\\/\",\"name\":\"Pantal\u00f3n t\u00e9rmico esqu\u00ed NORDIQUE\",\"isPartOf\":{\"@id\":\"https:\\\/\\\/www.inverseteams.com\\\/es\\\/#website\"},\"primaryImageOfPage\":{\"@id\":\"https:\\\/\\\/www.inverseteams.com\\\/es\\\/producto\\\/pantalon-termico-esqui-nordique\\\/#primaryimage\"},\"image\":{\"@id\":\"https:\\\/\\\/www.inverseteams.com\\\/es\\\/producto\\\/pantalon-termico-esqui-nordique\\\/#primaryimage\"},\"thumbnailUrl\":\"https:\\\/\\\/www.inverseteams.com\\\/wp-content\\\/uploads\\\/PANTALON-TERMICO-ESQUI-NORDIQUE-1.jpg\",\"datePublished\":\"2022-07-21T07:46:21+00:00\",\"dateModified\":\"2022-07-21T07:46:32+00:00\",\"description\":\"Los pantalones t\u00e9rmicos de esqu\u00ed est\u00e1n confeccionados con un tejido de membrana y son ideales para los entrenamientos o el calentamiento previo a la competici\u00f3n. Protegen del viento, el fr\u00edo y la humedad y mantienen el calor corporal. Tiene 2 bolsillos con cremallera para poder guardar cualquier objeto con total seguridad. En la cintura tiene un cord\u00f3n para poder regular el ajuste al cuerpo. Dispone de una cremallera en cada lateral para pod\u00e9rtelos poner y quitar f\u00e1cilmente.\",\"breadcrumb\":{\"@id\":\"https:\\\/\\\/www.inverseteams.com\\\/es\\\/producto\\\/pantalon-termico-esqui-nordique\\\/#breadcrumb\"},\"inLanguage\":\"es\",\"potentialAction\":[{\"@type\":\"ReadAction\",\"target\":[\"https:\\\/\\\/www.inverseteams.com\\\/es\\\/producto\\\/pantalon-termico-esqui-nordique\\\/\"]}]},{\"@type\":\"ImageObject\",\"inLanguage\":\"es\",\"@id\":\"https:\\\/\\\/www.inverseteams.com\\\/es\\\/producto\\\/pantalon-termico-esqui-nordique\\\/#primaryimage\",\"url\":\"https:\\\/\\\/www.inverseteams.com\\\/wp-content\\\/uploads\\\/PANTALON-TERMICO-ESQUI-NORDIQUE-1.jpg\",\"contentUrl\":\"https:\\\/\\\/www.inverseteams.com\\\/wp-content\\\/uploads\\\/PANTALON-TERMICO-ESQUI-NORDIQUE-1.jpg\",\"width\":3222,\"height\":3462,\"caption\":\"Pantal\u00f3n t\u00e9rmico esqu\u00ed de fondo\"},{\"@type\":\"BreadcrumbList\",\"@id\":\"https:\\\/\\\/www.inverseteams.com\\\/es\\\/producto\\\/pantalon-termico-esqui-nordique\\\/#breadcrumb\",\"itemListElement\":[{\"@type\":\"ListItem\",\"position\":1,\"name\":\"Portada\",\"item\":\"https:\\\/\\\/www.inverseteams.com\\\/es\\\/\"},{\"@type\":\"ListItem\",\"position\":2,\"name\":\"Tienda\",\"item\":\"https:\\\/\\\/www.inverseteams.com\\\/es\\\/tienda\\\/\"},{\"@type\":\"ListItem\",\"position\":3,\"name\":\"Pantal\u00f3n t\u00e9rmico esqu\u00ed NORDIQUE\"}]},{\"@type\":\"WebSite\",\"@id\":\"https:\\\/\\\/www.inverseteams.com\\\/es\\\/#website\",\"url\":\"https:\\\/\\\/www.inverseteams.com\\\/es\\\/\",\"name\":\"Inverseteams\",\"description\":\"Tu marca de ropa deportiva personalizada\",\"publisher\":{\"@id\":\"https:\\\/\\\/www.inverseteams.com\\\/es\\\/#organization\"},\"potentialAction\":[{\"@type\":\"SearchAction\",\"target\":{\"@type\":\"EntryPoint\",\"urlTemplate\":\"https:\\\/\\\/www.inverseteams.com\\\/es\\\/?s={search_term_string}\"},\"query-input\":{\"@type\":\"PropertyValueSpecification\",\"valueRequired\":true,\"valueName\":\"search_term_string\"}}],\"inLanguage\":\"es\"},{\"@type\":\"Organization\",\"@id\":\"https:\\\/\\\/www.inverseteams.com\\\/es\\\/#organization\",\"name\":\"Inverse Teams\",\"url\":\"https:\\\/\\\/www.inverseteams.com\\\/es\\\/\",\"logo\":{\"@type\":\"ImageObject\",\"inLanguage\":\"es\",\"@id\":\"https:\\\/\\\/www.inverseteams.com\\\/es\\\/#\\\/schema\\\/logo\\\/image\\\/\",\"url\":\"https:\\\/\\\/www.inverseteams.com\\\/wp-content\\\/uploads\\\/2021\\\/03\\\/logo-inverse-teams.png\",\"contentUrl\":\"https:\\\/\\\/www.inverseteams.com\\\/wp-content\\\/uploads\\\/2021\\\/03\\\/logo-inverse-teams.png\",\"width\":294,\"height\":99,\"caption\":\"Inverse Teams\"},\"image\":{\"@id\":\"https:\\\/\\\/www.inverseteams.com\\\/es\\\/#\\\/schema\\\/logo\\\/image\\\/\"},\"sameAs\":[\"https:\\\/\\\/www.facebook.com\\\/inverseteams\",\"http:\\\/\\\/instagram.com\\\/inverseteams\",\"https:\\\/\\\/www.linkedin.com\\\/company\\\/inverse-cirosport-s-l-?trk=job_view_topcard_company_name\",\"http:\\\/\\\/www.pinterest.com\\\/inverseteams\\\/\",\"http:\\\/\\\/www.youtube.com\\\/user\\\/inverseteams?feature=watch\"]}]}<\/script>\n<!-- \/ Yoast SEO plugin. -->","yoast_head_json":{"title":"Pantal\u00f3n t\u00e9rmico esqu\u00ed NORDIQUE","description":"Los pantalones t\u00e9rmicos de esqu\u00ed est\u00e1n confeccionados con un tejido de membrana y son ideales para los entrenamientos o el calentamiento previo a la competici\u00f3n. Protegen del viento, el fr\u00edo y la humedad y mantienen el calor corporal. Tiene 2 bolsillos con cremallera para poder guardar cualquier objeto con total seguridad. En la cintura tiene un cord\u00f3n para poder regular el ajuste al cuerpo. Dispone de una cremallera en cada lateral para pod\u00e9rtelos poner y quitar f\u00e1cilmente.","robots":{"index":"index","follow":"follow","max-snippet":"max-snippet:-1","max-image-preview":"max-image-preview:large","max-video-preview":"max-video-preview:-1"},"canonical":"https:\/\/www.inverseteams.com\/es\/producto\/pantalon-termico-esqui-nordique\/","og_locale":"es_ES","og_type":"article","og_title":"Pantal\u00f3n t\u00e9rmico esqu\u00ed NORDIQUE","og_description":"Los pantalones t\u00e9rmicos de esqu\u00ed est\u00e1n confeccionados con un tejido de membrana y son ideales para los entrenamientos o el calentamiento previo a la competici\u00f3n. Protegen del viento, el fr\u00edo y la humedad y mantienen el calor corporal. Tiene 2 bolsillos con cremallera para poder guardar cualquier objeto con total seguridad. En la cintura tiene un cord\u00f3n para poder regular el ajuste al cuerpo. Dispone de una cremallera en cada lateral para pod\u00e9rtelos poner y quitar f\u00e1cilmente.","og_url":"https:\/\/www.inverseteams.com\/es\/producto\/pantalon-termico-esqui-nordique\/","og_site_name":"Inverseteams","article_publisher":"https:\/\/www.facebook.com\/inverseteams","article_modified_time":"2022-07-21T07:46:32+00:00","og_image":[{"width":3222,"height":3462,"url":"https:\/\/www.inverseteams.com\/wp-content\/uploads\/PANTALON-TERMICO-ESQUI-NORDIQUE-1.jpg","type":"image\/jpeg"}],"twitter_card":"summary_large_image","schema":{"@context":"https:\/\/schema.org","@graph":[{"@type":"WebPage","@id":"https:\/\/www.inverseteams.com\/es\/producto\/pantalon-termico-esqui-nordique\/","url":"https:\/\/www.inverseteams.com\/es\/producto\/pantalon-termico-esqui-nordique\/","name":"Pantal\u00f3n t\u00e9rmico esqu\u00ed NORDIQUE","isPartOf":{"@id":"https:\/\/www.inverseteams.com\/es\/#website"},"primaryImageOfPage":{"@id":"https:\/\/www.inverseteams.com\/es\/producto\/pantalon-termico-esqui-nordique\/#primaryimage"},"image":{"@id":"https:\/\/www.inverseteams.com\/es\/producto\/pantalon-termico-esqui-nordique\/#primaryimage"},"thumbnailUrl":"https:\/\/www.inverseteams.com\/wp-content\/uploads\/PANTALON-TERMICO-ESQUI-NORDIQUE-1.jpg","datePublished":"2022-07-21T07:46:21+00:00","dateModified":"2022-07-21T07:46:32+00:00","description":"Los pantalones t\u00e9rmicos de esqu\u00ed est\u00e1n confeccionados con un tejido de membrana y son ideales para los entrenamientos o el calentamiento previo a la competici\u00f3n. Protegen del viento, el fr\u00edo y la humedad y mantienen el calor corporal. Tiene 2 bolsillos con cremallera para poder guardar cualquier objeto con total seguridad. En la cintura tiene un cord\u00f3n para poder regular el ajuste al cuerpo. Dispone de una cremallera en cada lateral para pod\u00e9rtelos poner y quitar f\u00e1cilmente.","breadcrumb":{"@id":"https:\/\/www.inverseteams.com\/es\/producto\/pantalon-termico-esqui-nordique\/#breadcrumb"},"inLanguage":"es","potentialAction":[{"@type":"ReadAction","target":["https:\/\/www.inverseteams.com\/es\/producto\/pantalon-termico-esqui-nordique\/"]}]},{"@type":"ImageObject","inLanguage":"es","@id":"https:\/\/www.inverseteams.com\/es\/producto\/pantalon-termico-esqui-nordique\/#primaryimage","url":"https:\/\/www.inverseteams.com\/wp-content\/uploads\/PANTALON-TERMICO-ESQUI-NORDIQUE-1.jpg","contentUrl":"https:\/\/www.inverseteams.com\/wp-content\/uploads\/PANTALON-TERMICO-ESQUI-NORDIQUE-1.jpg","width":3222,"height":3462,"caption":"Pantal\u00f3n t\u00e9rmico esqu\u00ed de fondo"},{"@type":"BreadcrumbList","@id":"https:\/\/www.inverseteams.com\/es\/producto\/pantalon-termico-esqui-nordique\/#breadcrumb","itemListElement":[{"@type":"ListItem","position":1,"name":"Portada","item":"https:\/\/www.inverseteams.com\/es\/"},{"@type":"ListItem","position":2,"name":"Tienda","item":"https:\/\/www.inverseteams.com\/es\/tienda\/"},{"@type":"ListItem","position":3,"name":"Pantal\u00f3n t\u00e9rmico esqu\u00ed NORDIQUE"}]},{"@type":"WebSite","@id":"https:\/\/www.inverseteams.com\/es\/#website","url":"https:\/\/www.inverseteams.com\/es\/","name":"Inverseteams","description":"Tu marca de ropa deportiva personalizada","publisher":{"@id":"https:\/\/www.inverseteams.com\/es\/#organization"},"potentialAction":[{"@type":"SearchAction","target":{"@type":"EntryPoint","urlTemplate":"https:\/\/www.inverseteams.com\/es\/?s={search_term_string}"},"query-input":{"@type":"PropertyValueSpecification","valueRequired":true,"valueName":"search_term_string"}}],"inLanguage":"es"},{"@type":"Organization","@id":"https:\/\/www.inverseteams.com\/es\/#organization","name":"Inverse Teams","url":"https:\/\/www.inverseteams.com\/es\/","logo":{"@type":"ImageObject","inLanguage":"es","@id":"https:\/\/www.inverseteams.com\/es\/#\/schema\/logo\/image\/","url":"https:\/\/www.inverseteams.com\/wp-content\/uploads\/2021\/03\/logo-inverse-teams.png","contentUrl":"https:\/\/www.inverseteams.com\/wp-content\/uploads\/2021\/03\/logo-inverse-teams.png","width":294,"height":99,"caption":"Inverse Teams"},"image":{"@id":"https:\/\/www.inverseteams.com\/es\/#\/schema\/logo\/image\/"},"sameAs":["https:\/\/www.facebook.com\/inverseteams","http:\/\/instagram.com\/inverseteams","https:\/\/www.linkedin.com\/company\/inverse-cirosport-s-l-?trk=job_view_topcard_company_name","http:\/\/www.pinterest.com\/inverseteams\/","http:\/\/www.youtube.com\/user\/inverseteams?feature=watch"]}]}},"_links":{"self":[{"href":"https:\/\/www.inverseteams.com\/es\/wp-json\/wp\/v2\/product\/87022","targetHints":{"allow":["GET"]}}],"collection":[{"href":"https:\/\/www.inverseteams.com\/es\/wp-json\/wp\/v2\/product"}],"about":[{"href":"https:\/\/www.inverseteams.com\/es\/wp-json\/wp\/v2\/types\/product"}],"replies":[{"embeddable":true,"href":"https:\/\/www.inverseteams.com\/es\/wp-json\/wp\/v2\/comments?post=87022"}],"wp:featuredmedia":[{"embeddable":true,"href":"https:\/\/www.inverseteams.com\/es\/wp-json\/wp\/v2\/media\/86004"}],"wp:attachment":[{"href":"https:\/\/www.inverseteams.com\/es\/wp-json\/wp\/v2\/media?parent=87022"}],"wp:term":[{"taxonomy":"product_brand","embeddable":true,"href":"https:\/\/www.inverseteams.com\/es\/wp-json\/wp\/v2\/product_brand?post=87022"},{"taxonomy":"product_cat","embeddable":true,"href":"https:\/\/www.inverseteams.com\/es\/wp-json\/wp\/v2\/product_cat?post=87022"},{"taxonomy":"product_tag","embeddable":true,"href":"https:\/\/www.inverseteams.com\/es\/wp-json\/wp\/v2\/product_tag?post=87022"},{"taxonomy":"custom_category","embeddable":true,"href":"https:\/\/www.inverseteams.com\/es\/wp-json\/wp\/v2\/custom_category?post=87022"},{"taxonomy":"range","embeddable":true,"href":"https:\/\/www.inverseteams.com\/es\/wp-json\/wp\/v2\/range?post=87022"}],"curies":[{"name":"wp","href":"https:\/\/api.w.org\/{rel}","templated":true}]}}