{"id":87020,"date":"2022-07-21T07:46:21","date_gmt":"2022-07-21T07:46:21","guid":{"rendered":"https:\/\/www.inverseteams.com\/product\/mono-lycra-esqui-nordique\/"},"modified":"2022-07-21T07:46:27","modified_gmt":"2022-07-21T07:46:27","slug":"mono-lycra-esqui-nordique","status":"publish","type":"product","link":"https:\/\/www.inverseteams.com\/es\/producto\/mono-lycra-esqui-nordique\/","title":{"rendered":"Mono lycra esqu\u00ed NORDIQUE"},"content":{"rendered":"<p>Mono de esqu\u00ed ligero y el\u00e1stico. Se adapta perfectamente al cuerpo y a todos los movimientos, garantizando una extraordinaria aerodin\u00e1mica y una gran comodidad. Tiene una cremallera frontal que permite ponerse y quitarse el mono f\u00e1cilmente. Es perfecto para el esqu\u00ed n\u00f3rdico y para el biatl\u00f3n. Opcionalmente se puede a\u00f1adir un bolsillo en la parte frontal y tambi\u00e9n una bragueta. Al final de las piernas y de las mangas tiene unos pespuntes especiales para que el esquiador las pueda cortar y ajustar perfectamente a su altura.<\/p>\n","protected":false},"excerpt":{"rendered":"<p>Mono de esqu\u00ed ligero y el\u00e1stico. Se adapta perfectamente al cuerpo y a todos los movimientos, garantizando una extraordinaria aerodin\u00e1mica y una gran comodidad. Tiene una cremallera frontal que permite ponerse y quitarse el mono f\u00e1cilmente. Es perfecto para el esqu\u00ed n\u00f3rdico y para el biatl\u00f3n. Opcionalmente se puede a\u00f1adir un bolsillo en la parte frontal y tambi\u00e9n una bragueta. Al final de las piernas y de las mangas tiene unos pespuntes especiales para que el esquiador las pueda cortar y ajustar perfectamente a su altura.<\/p>\n","protected":false},"featured_media":85988,"comment_status":"closed","ping_status":"open","template":"","meta":{"_acf_changed":false},"product_brand":[],"product_cat":[15],"product_tag":[],"custom_category":[8727,1365,8715],"range":[8707],"class_list":{"0":"post-87020","1":"product","2":"type-product","3":"status-publish","4":"has-post-thumbnail","6":"product_cat-uncategorized","7":"pa_climatologia-frio","8":"pa_deporte-esqui","9":"pa_genero-mujer","10":"pa_genero-hombre","11":"pa_patronaje-fit","12":"pa_tipo-de-prenda-mono","13":"custom_category-mono-esqui-personalizado","14":"custom_category-deporte","15":"custom_category-ropa-de-esqui-personalizada","16":"range-nordique","18":"first","19":"instock","20":"product-type-custom"},"acf":[],"yoast_head":"<!-- This site is optimized with the Yoast SEO plugin v27.3 - https:\/\/yoast.com\/product\/yoast-seo-wordpress\/ -->\n<title>Mono lycra esqu\u00ed NORDIQUE<\/title>\n<meta name=\"description\" content=\"Mono de esqu\u00ed ligero y el\u00e1stico. Se adapta perfectamente al cuerpo y a todos los movimientos, garantizando una extraordinaria aerodin\u00e1mica y una gran comodidad. Tiene una cremallera frontal que permite ponerse y quitarse el mono f\u00e1cilmente. Es perfecto para el esqu\u00ed n\u00f3rdico y para el biatl\u00f3n. Opcionalmente se puede a\u00f1adir un bolsillo en la parte frontal y tambi\u00e9n una bragueta. Al final de las piernas y de las mangas tiene unos pespuntes especiales para que el esquiador las pueda cortar y ajustar perfectamente a su altura.\" \/>\n<meta name=\"robots\" content=\"index, follow, max-snippet:-1, max-image-preview:large, max-video-preview:-1\" \/>\n<link rel=\"canonical\" href=\"https:\/\/www.inverseteams.com\/es\/producto\/mono-lycra-esqui-nordique\/\" \/>\n<meta property=\"og:locale\" content=\"es_ES\" \/>\n<meta property=\"og:type\" content=\"article\" \/>\n<meta property=\"og:title\" content=\"Mono lycra esqu\u00ed NORDIQUE\" \/>\n<meta property=\"og:description\" content=\"Mono de esqu\u00ed ligero y el\u00e1stico. Se adapta perfectamente al cuerpo y a todos los movimientos, garantizando una extraordinaria aerodin\u00e1mica y una gran comodidad. Tiene una cremallera frontal que permite ponerse y quitarse el mono f\u00e1cilmente. Es perfecto para el esqu\u00ed n\u00f3rdico y para el biatl\u00f3n. Opcionalmente se puede a\u00f1adir un bolsillo en la parte frontal y tambi\u00e9n una bragueta. Al final de las piernas y de las mangas tiene unos pespuntes especiales para que el esquiador las pueda cortar y ajustar perfectamente a su altura.\" \/>\n<meta property=\"og:url\" content=\"https:\/\/www.inverseteams.com\/es\/producto\/mono-lycra-esqui-nordique\/\" \/>\n<meta property=\"og:site_name\" content=\"Inverseteams\" \/>\n<meta property=\"article:publisher\" content=\"https:\/\/www.facebook.com\/inverseteams\" \/>\n<meta property=\"article:modified_time\" content=\"2022-07-21T07:46:27+00:00\" \/>\n<meta property=\"og:image\" content=\"https:\/\/www.inverseteams.com\/wp-content\/uploads\/MONO-LYCRA-ESQUI-NORDIQUE-1.jpg\" \/>\n\t<meta property=\"og:image:width\" content=\"3222\" \/>\n\t<meta property=\"og:image:height\" content=\"3462\" \/>\n\t<meta property=\"og:image:type\" content=\"image\/jpeg\" \/>\n<meta name=\"twitter:card\" content=\"summary_large_image\" \/>\n<script type=\"application\/ld+json\" class=\"yoast-schema-graph\">{\"@context\":\"https:\\\/\\\/schema.org\",\"@graph\":[{\"@type\":\"WebPage\",\"@id\":\"https:\\\/\\\/www.inverseteams.com\\\/es\\\/producto\\\/mono-lycra-esqui-nordique\\\/\",\"url\":\"https:\\\/\\\/www.inverseteams.com\\\/es\\\/producto\\\/mono-lycra-esqui-nordique\\\/\",\"name\":\"Mono lycra esqu\u00ed NORDIQUE\",\"isPartOf\":{\"@id\":\"https:\\\/\\\/www.inverseteams.com\\\/es\\\/#website\"},\"primaryImageOfPage\":{\"@id\":\"https:\\\/\\\/www.inverseteams.com\\\/es\\\/producto\\\/mono-lycra-esqui-nordique\\\/#primaryimage\"},\"image\":{\"@id\":\"https:\\\/\\\/www.inverseteams.com\\\/es\\\/producto\\\/mono-lycra-esqui-nordique\\\/#primaryimage\"},\"thumbnailUrl\":\"https:\\\/\\\/www.inverseteams.com\\\/wp-content\\\/uploads\\\/MONO-LYCRA-ESQUI-NORDIQUE-1.jpg\",\"datePublished\":\"2022-07-21T07:46:21+00:00\",\"dateModified\":\"2022-07-21T07:46:27+00:00\",\"description\":\"Mono de esqu\u00ed ligero y el\u00e1stico. Se adapta perfectamente al cuerpo y a todos los movimientos, garantizando una extraordinaria aerodin\u00e1mica y una gran comodidad. Tiene una cremallera frontal que permite ponerse y quitarse el mono f\u00e1cilmente. Es perfecto para el esqu\u00ed n\u00f3rdico y para el biatl\u00f3n. Opcionalmente se puede a\u00f1adir un bolsillo en la parte frontal y tambi\u00e9n una bragueta. Al final de las piernas y de las mangas tiene unos pespuntes especiales para que el esquiador las pueda cortar y ajustar perfectamente a su altura.\",\"breadcrumb\":{\"@id\":\"https:\\\/\\\/www.inverseteams.com\\\/es\\\/producto\\\/mono-lycra-esqui-nordique\\\/#breadcrumb\"},\"inLanguage\":\"es\",\"potentialAction\":[{\"@type\":\"ReadAction\",\"target\":[\"https:\\\/\\\/www.inverseteams.com\\\/es\\\/producto\\\/mono-lycra-esqui-nordique\\\/\"]}]},{\"@type\":\"ImageObject\",\"inLanguage\":\"es\",\"@id\":\"https:\\\/\\\/www.inverseteams.com\\\/es\\\/producto\\\/mono-lycra-esqui-nordique\\\/#primaryimage\",\"url\":\"https:\\\/\\\/www.inverseteams.com\\\/wp-content\\\/uploads\\\/MONO-LYCRA-ESQUI-NORDIQUE-1.jpg\",\"contentUrl\":\"https:\\\/\\\/www.inverseteams.com\\\/wp-content\\\/uploads\\\/MONO-LYCRA-ESQUI-NORDIQUE-1.jpg\",\"width\":3222,\"height\":3462,\"caption\":\"Mono lycra esqu\u00ed de fondo\"},{\"@type\":\"BreadcrumbList\",\"@id\":\"https:\\\/\\\/www.inverseteams.com\\\/es\\\/producto\\\/mono-lycra-esqui-nordique\\\/#breadcrumb\",\"itemListElement\":[{\"@type\":\"ListItem\",\"position\":1,\"name\":\"Portada\",\"item\":\"https:\\\/\\\/www.inverseteams.com\\\/es\\\/\"},{\"@type\":\"ListItem\",\"position\":2,\"name\":\"Tienda\",\"item\":\"https:\\\/\\\/www.inverseteams.com\\\/es\\\/tienda\\\/\"},{\"@type\":\"ListItem\",\"position\":3,\"name\":\"Mono lycra esqu\u00ed NORDIQUE\"}]},{\"@type\":\"WebSite\",\"@id\":\"https:\\\/\\\/www.inverseteams.com\\\/es\\\/#website\",\"url\":\"https:\\\/\\\/www.inverseteams.com\\\/es\\\/\",\"name\":\"Inverseteams\",\"description\":\"Tu marca de ropa deportiva personalizada\",\"publisher\":{\"@id\":\"https:\\\/\\\/www.inverseteams.com\\\/es\\\/#organization\"},\"potentialAction\":[{\"@type\":\"SearchAction\",\"target\":{\"@type\":\"EntryPoint\",\"urlTemplate\":\"https:\\\/\\\/www.inverseteams.com\\\/es\\\/?s={search_term_string}\"},\"query-input\":{\"@type\":\"PropertyValueSpecification\",\"valueRequired\":true,\"valueName\":\"search_term_string\"}}],\"inLanguage\":\"es\"},{\"@type\":\"Organization\",\"@id\":\"https:\\\/\\\/www.inverseteams.com\\\/es\\\/#organization\",\"name\":\"Inverse Teams\",\"url\":\"https:\\\/\\\/www.inverseteams.com\\\/es\\\/\",\"logo\":{\"@type\":\"ImageObject\",\"inLanguage\":\"es\",\"@id\":\"https:\\\/\\\/www.inverseteams.com\\\/es\\\/#\\\/schema\\\/logo\\\/image\\\/\",\"url\":\"http:\\\/\\\/www.inverseteams.com\\\/wp-content\\\/uploads\\\/2021\\\/03\\\/logo-inverse-teams.png\",\"contentUrl\":\"http:\\\/\\\/www.inverseteams.com\\\/wp-content\\\/uploads\\\/2021\\\/03\\\/logo-inverse-teams.png\",\"width\":294,\"height\":99,\"caption\":\"Inverse Teams\"},\"image\":{\"@id\":\"https:\\\/\\\/www.inverseteams.com\\\/es\\\/#\\\/schema\\\/logo\\\/image\\\/\"},\"sameAs\":[\"https:\\\/\\\/www.facebook.com\\\/inverseteams\",\"http:\\\/\\\/instagram.com\\\/inverseteams\",\"https:\\\/\\\/www.linkedin.com\\\/company\\\/inverse-cirosport-s-l-?trk=job_view_topcard_company_name\",\"http:\\\/\\\/www.pinterest.com\\\/inverseteams\\\/\",\"http:\\\/\\\/www.youtube.com\\\/user\\\/inverseteams?feature=watch\"]}]}<\/script>\n<!-- \/ Yoast SEO plugin. -->","yoast_head_json":{"title":"Mono lycra esqu\u00ed NORDIQUE","description":"Mono de esqu\u00ed ligero y el\u00e1stico. Se adapta perfectamente al cuerpo y a todos los movimientos, garantizando una extraordinaria aerodin\u00e1mica y una gran comodidad. Tiene una cremallera frontal que permite ponerse y quitarse el mono f\u00e1cilmente. Es perfecto para el esqu\u00ed n\u00f3rdico y para el biatl\u00f3n. Opcionalmente se puede a\u00f1adir un bolsillo en la parte frontal y tambi\u00e9n una bragueta. Al final de las piernas y de las mangas tiene unos pespuntes especiales para que el esquiador las pueda cortar y ajustar perfectamente a su altura.","robots":{"index":"index","follow":"follow","max-snippet":"max-snippet:-1","max-image-preview":"max-image-preview:large","max-video-preview":"max-video-preview:-1"},"canonical":"https:\/\/www.inverseteams.com\/es\/producto\/mono-lycra-esqui-nordique\/","og_locale":"es_ES","og_type":"article","og_title":"Mono lycra esqu\u00ed NORDIQUE","og_description":"Mono de esqu\u00ed ligero y el\u00e1stico. Se adapta perfectamente al cuerpo y a todos los movimientos, garantizando una extraordinaria aerodin\u00e1mica y una gran comodidad. Tiene una cremallera frontal que permite ponerse y quitarse el mono f\u00e1cilmente. Es perfecto para el esqu\u00ed n\u00f3rdico y para el biatl\u00f3n. Opcionalmente se puede a\u00f1adir un bolsillo en la parte frontal y tambi\u00e9n una bragueta. Al final de las piernas y de las mangas tiene unos pespuntes especiales para que el esquiador las pueda cortar y ajustar perfectamente a su altura.","og_url":"https:\/\/www.inverseteams.com\/es\/producto\/mono-lycra-esqui-nordique\/","og_site_name":"Inverseteams","article_publisher":"https:\/\/www.facebook.com\/inverseteams","article_modified_time":"2022-07-21T07:46:27+00:00","og_image":[{"width":3222,"height":3462,"url":"https:\/\/www.inverseteams.com\/wp-content\/uploads\/MONO-LYCRA-ESQUI-NORDIQUE-1.jpg","type":"image\/jpeg"}],"twitter_card":"summary_large_image","schema":{"@context":"https:\/\/schema.org","@graph":[{"@type":"WebPage","@id":"https:\/\/www.inverseteams.com\/es\/producto\/mono-lycra-esqui-nordique\/","url":"https:\/\/www.inverseteams.com\/es\/producto\/mono-lycra-esqui-nordique\/","name":"Mono lycra esqu\u00ed NORDIQUE","isPartOf":{"@id":"https:\/\/www.inverseteams.com\/es\/#website"},"primaryImageOfPage":{"@id":"https:\/\/www.inverseteams.com\/es\/producto\/mono-lycra-esqui-nordique\/#primaryimage"},"image":{"@id":"https:\/\/www.inverseteams.com\/es\/producto\/mono-lycra-esqui-nordique\/#primaryimage"},"thumbnailUrl":"https:\/\/www.inverseteams.com\/wp-content\/uploads\/MONO-LYCRA-ESQUI-NORDIQUE-1.jpg","datePublished":"2022-07-21T07:46:21+00:00","dateModified":"2022-07-21T07:46:27+00:00","description":"Mono de esqu\u00ed ligero y el\u00e1stico. Se adapta perfectamente al cuerpo y a todos los movimientos, garantizando una extraordinaria aerodin\u00e1mica y una gran comodidad. Tiene una cremallera frontal que permite ponerse y quitarse el mono f\u00e1cilmente. Es perfecto para el esqu\u00ed n\u00f3rdico y para el biatl\u00f3n. Opcionalmente se puede a\u00f1adir un bolsillo en la parte frontal y tambi\u00e9n una bragueta. Al final de las piernas y de las mangas tiene unos pespuntes especiales para que el esquiador las pueda cortar y ajustar perfectamente a su altura.","breadcrumb":{"@id":"https:\/\/www.inverseteams.com\/es\/producto\/mono-lycra-esqui-nordique\/#breadcrumb"},"inLanguage":"es","potentialAction":[{"@type":"ReadAction","target":["https:\/\/www.inverseteams.com\/es\/producto\/mono-lycra-esqui-nordique\/"]}]},{"@type":"ImageObject","inLanguage":"es","@id":"https:\/\/www.inverseteams.com\/es\/producto\/mono-lycra-esqui-nordique\/#primaryimage","url":"https:\/\/www.inverseteams.com\/wp-content\/uploads\/MONO-LYCRA-ESQUI-NORDIQUE-1.jpg","contentUrl":"https:\/\/www.inverseteams.com\/wp-content\/uploads\/MONO-LYCRA-ESQUI-NORDIQUE-1.jpg","width":3222,"height":3462,"caption":"Mono lycra esqu\u00ed de fondo"},{"@type":"BreadcrumbList","@id":"https:\/\/www.inverseteams.com\/es\/producto\/mono-lycra-esqui-nordique\/#breadcrumb","itemListElement":[{"@type":"ListItem","position":1,"name":"Portada","item":"https:\/\/www.inverseteams.com\/es\/"},{"@type":"ListItem","position":2,"name":"Tienda","item":"https:\/\/www.inverseteams.com\/es\/tienda\/"},{"@type":"ListItem","position":3,"name":"Mono lycra esqu\u00ed NORDIQUE"}]},{"@type":"WebSite","@id":"https:\/\/www.inverseteams.com\/es\/#website","url":"https:\/\/www.inverseteams.com\/es\/","name":"Inverseteams","description":"Tu marca de ropa deportiva personalizada","publisher":{"@id":"https:\/\/www.inverseteams.com\/es\/#organization"},"potentialAction":[{"@type":"SearchAction","target":{"@type":"EntryPoint","urlTemplate":"https:\/\/www.inverseteams.com\/es\/?s={search_term_string}"},"query-input":{"@type":"PropertyValueSpecification","valueRequired":true,"valueName":"search_term_string"}}],"inLanguage":"es"},{"@type":"Organization","@id":"https:\/\/www.inverseteams.com\/es\/#organization","name":"Inverse Teams","url":"https:\/\/www.inverseteams.com\/es\/","logo":{"@type":"ImageObject","inLanguage":"es","@id":"https:\/\/www.inverseteams.com\/es\/#\/schema\/logo\/image\/","url":"https:\/\/www.inverseteams.com\/wp-content\/uploads\/2021\/03\/logo-inverse-teams.png","contentUrl":"https:\/\/www.inverseteams.com\/wp-content\/uploads\/2021\/03\/logo-inverse-teams.png","width":294,"height":99,"caption":"Inverse Teams"},"image":{"@id":"https:\/\/www.inverseteams.com\/es\/#\/schema\/logo\/image\/"},"sameAs":["https:\/\/www.facebook.com\/inverseteams","http:\/\/instagram.com\/inverseteams","https:\/\/www.linkedin.com\/company\/inverse-cirosport-s-l-?trk=job_view_topcard_company_name","http:\/\/www.pinterest.com\/inverseteams\/","http:\/\/www.youtube.com\/user\/inverseteams?feature=watch"]}]}},"_links":{"self":[{"href":"https:\/\/www.inverseteams.com\/es\/wp-json\/wp\/v2\/product\/87020","targetHints":{"allow":["GET"]}}],"collection":[{"href":"https:\/\/www.inverseteams.com\/es\/wp-json\/wp\/v2\/product"}],"about":[{"href":"https:\/\/www.inverseteams.com\/es\/wp-json\/wp\/v2\/types\/product"}],"replies":[{"embeddable":true,"href":"https:\/\/www.inverseteams.com\/es\/wp-json\/wp\/v2\/comments?post=87020"}],"wp:featuredmedia":[{"embeddable":true,"href":"https:\/\/www.inverseteams.com\/es\/wp-json\/wp\/v2\/media\/85988"}],"wp:attachment":[{"href":"https:\/\/www.inverseteams.com\/es\/wp-json\/wp\/v2\/media?parent=87020"}],"wp:term":[{"taxonomy":"product_brand","embeddable":true,"href":"https:\/\/www.inverseteams.com\/es\/wp-json\/wp\/v2\/product_brand?post=87020"},{"taxonomy":"product_cat","embeddable":true,"href":"https:\/\/www.inverseteams.com\/es\/wp-json\/wp\/v2\/product_cat?post=87020"},{"taxonomy":"product_tag","embeddable":true,"href":"https:\/\/www.inverseteams.com\/es\/wp-json\/wp\/v2\/product_tag?post=87020"},{"taxonomy":"custom_category","embeddable":true,"href":"https:\/\/www.inverseteams.com\/es\/wp-json\/wp\/v2\/custom_category?post=87020"},{"taxonomy":"range","embeddable":true,"href":"https:\/\/www.inverseteams.com\/es\/wp-json\/wp\/v2\/range?post=87020"}],"curies":[{"name":"wp","href":"https:\/\/api.w.org\/{rel}","templated":true}]}}