{"id":79271,"date":"2022-06-13T13:00:23","date_gmt":"2022-06-13T13:00:23","guid":{"rendered":"https:\/\/www.inverseteams.com\/?post_type=product&#038;p=79271"},"modified":"2024-06-26T15:15:58","modified_gmt":"2024-06-26T15:15:58","slug":"chaqueta-ciclista-citic-mujer","status":"publish","type":"product","link":"https:\/\/www.inverseteams.com\/es\/producto\/chaqueta-ciclista-citic-mujer\/","title":{"rendered":"Chaqueta ciclismo CITIC (MUJER)"},"content":{"rendered":"<p>Chaqueta ciclista t\u00e9rmica e impermeable <strong>perfecta para los d\u00edas m\u00e1s fr\u00edos.<\/strong> El tejido de triple membrana que la compone mantiene el calor corporal y permite expulsar el sudor hacia el exterior para que la piel est\u00e1 siempre seca. Las axilas y los laterales est\u00e1n confeccionados con un tejido m\u00e1s el\u00e1stico para que la prenda se adapte perfectamente al cuerpo durante el pedaleo. Tiene una <strong>cremallera integral con sistema antipull<\/strong> que te permitir\u00e1 pon\u00e9rtela y quit\u00e1rtela f\u00e1cilmente y podr\u00e1s regular la ventilaci\u00f3n durante el ejercicio.<br \/>\nLas <strong>mangas rangl\u00e1n <\/strong>se adaptan a todas las posiciones y est\u00e1n confeccionadas con <strong>costuras planas<\/strong>. El <strong>pu\u00f1o cortado a l\u00e1ser<\/strong> se ajusta muy bien al brazo y evita la entrada de aire.<br \/>\nComo novedad, en un lateral tiene el <strong>bolsillo ECO-TECH<\/strong> de rejilla para que puedas guardar los residuos que generes. Adem\u00e1s, en la zona lumbar incorpora 3 bolsillos de gran capacidad donde podr\u00e1s guardar cualquier objeto sin miedo a perderlo. En la cintura tiene una banda el\u00e1stica con un <strong>grip de silicona antiderrapante<\/strong> en el interior para mantener el maillot bien arrapado al cuerpo. Tambi\u00e9n tiene varios detalles reflectantes para aumentar tu seguridad en la carretera. <strong>Disfruta del ciclismo sin preocupaciones.<\/strong><\/p>\n","protected":false},"excerpt":{"rendered":"<p>Chaqueta ciclista t\u00e9rmica e impermeable <strong>perfecta para los d\u00edas m\u00e1s fr\u00edos.<\/strong> El tejido de triple membrana que la compone mantiene el calor corporal y permite expulsar el sudor hacia el exterior para que la piel est\u00e1 siempre seca. Las axilas y los laterales est\u00e1n confeccionados con un tejido m\u00e1s el\u00e1stico para que la prenda se adapte perfectamente al cuerpo durante el pedaleo. Tiene una <strong>cremallera integral con sistema antipull<\/strong> que te permitir\u00e1 pon\u00e9rtela y quit\u00e1rtela f\u00e1cilmente y podr\u00e1s regular la ventilaci\u00f3n durante el ejercicio.<br \/>\nLas <strong>mangas rangl\u00e1n <\/strong>se adaptan a todas las posiciones y est\u00e1n confeccionadas con <strong>costuras planas<\/strong>. El <strong>pu\u00f1o cortado a l\u00e1ser<\/strong> se ajusta muy bien al brazo y evita la entrada de aire.<br \/>\nComo novedad, en un lateral tiene el <strong>bolsillo ECO-TECH<\/strong> de rejilla para que puedas guardar los residuos que generes. Adem\u00e1s, en la zona lumbar incorpora 3 bolsillos de gran capacidad donde podr\u00e1s guardar cualquier objeto sin miedo a perderlo. En la cintura tiene una banda el\u00e1stica con un <strong>grip de silicona antiderrapante<\/strong> en el interior para mantener el maillot bien arrapado al cuerpo. Tambi\u00e9n tiene varios detalles reflectantes para aumentar tu seguridad en la carretera. <strong>Disfruta del ciclismo sin preocupaciones.<\/strong><\/p>\n","protected":false},"featured_media":92241,"comment_status":"closed","ping_status":"closed","template":"","meta":{"_acf_changed":false},"product_brand":[],"product_cat":[1193,1085,7174],"product_tag":[],"custom_category":[],"range":[],"class_list":{"0":"post-79271","1":"product","2":"type-product","3":"status-publish","4":"has-post-thumbnail","6":"product_cat-ciclismo-outlet","7":"product_cat-outlet","8":"product_cat-b2b","9":"pa_climatologia-lluvia","10":"pa_climatologia-frio","11":"pa_climatologia-viento","12":"pa_deporte-ciclismo","13":"pa_genero-mujer","14":"pa_patronaje-fit","15":"pa_talla-s","16":"pa_talla-m","17":"pa_talla-l","18":"pa_talla-xl","19":"pa_talla-xs","20":"pa_tipo-de-prenda-chaqueta","22":"first","23":"outofstock","24":"sale","25":"taxable","26":"shipping-taxable","27":"purchasable","28":"product-type-variable","29":"has-default-attributes"},"acf":[],"yoast_head":"<!-- This site is optimized with the Yoast SEO plugin v27.2 - https:\/\/yoast.com\/product\/yoast-seo-wordpress\/ -->\n<title>Chaqueta ciclismo CITIC (MUJER)<\/title>\n<meta name=\"description\" content=\"Comprar chaqueta ciclismo mujer CITIC INVERSE. Env\u00edo gratuito por compras superiores a 50\u20ac. Entrega entre 24 y 72 horas.\" \/>\n<meta name=\"robots\" content=\"index, follow, max-snippet:-1, max-image-preview:large, max-video-preview:-1\" \/>\n<link rel=\"canonical\" href=\"https:\/\/www.inverseteams.com\/es\/producto\/chaqueta-ciclista-citic-mujer\/\" \/>\n<meta property=\"og:locale\" content=\"es_ES\" \/>\n<meta property=\"og:type\" content=\"article\" \/>\n<meta property=\"og:title\" content=\"Chaqueta ciclismo CITIC (MUJER)\" \/>\n<meta property=\"og:description\" content=\"Comprar chaqueta ciclismo mujer CITIC INVERSE. Env\u00edo gratuito por compras superiores a 50\u20ac. Entrega entre 24 y 72 horas.\" \/>\n<meta property=\"og:url\" content=\"https:\/\/www.inverseteams.com\/es\/producto\/chaqueta-ciclista-citic-mujer\/\" \/>\n<meta property=\"og:site_name\" content=\"Inverseteams\" \/>\n<meta property=\"article:publisher\" content=\"https:\/\/www.facebook.com\/inverseteams\" \/>\n<meta property=\"article:modified_time\" content=\"2024-06-26T15:15:58+00:00\" \/>\n<meta property=\"og:image\" content=\"https:\/\/www.inverseteams.com\/wp-content\/uploads\/CHAQUETA-CICLISTA-CITIC-23-MUJER-1.jpg\" \/>\n\t<meta property=\"og:image:width\" content=\"3000\" \/>\n\t<meta property=\"og:image:height\" content=\"3223\" \/>\n\t<meta property=\"og:image:type\" content=\"image\/jpeg\" \/>\n<meta name=\"twitter:card\" content=\"summary_large_image\" \/>\n<meta name=\"twitter:label1\" content=\"Tiempo de lectura\" \/>\n\t<meta name=\"twitter:data1\" content=\"1 minuto\" \/>\n<script type=\"application\/ld+json\" class=\"yoast-schema-graph\">{\"@context\":\"https:\/\/schema.org\",\"@graph\":[{\"@type\":\"WebPage\",\"@id\":\"https:\/\/www.inverseteams.com\/es\/producto\/chaqueta-ciclista-citic-mujer\/\",\"url\":\"https:\/\/www.inverseteams.com\/es\/producto\/chaqueta-ciclista-citic-mujer\/\",\"name\":\"Chaqueta ciclismo CITIC (MUJER)\",\"isPartOf\":{\"@id\":\"https:\/\/www.inverseteams.com\/es\/#website\"},\"primaryImageOfPage\":{\"@id\":\"https:\/\/www.inverseteams.com\/es\/producto\/chaqueta-ciclista-citic-mujer\/#primaryimage\"},\"image\":{\"@id\":\"https:\/\/www.inverseteams.com\/es\/producto\/chaqueta-ciclista-citic-mujer\/#primaryimage\"},\"thumbnailUrl\":\"https:\/\/www.inverseteams.com\/wp-content\/uploads\/CHAQUETA-CICLISTA-CITIC-23-MUJER-1.jpg\",\"datePublished\":\"2022-06-13T13:00:23+00:00\",\"dateModified\":\"2024-06-26T15:15:58+00:00\",\"description\":\"Comprar chaqueta ciclismo mujer CITIC INVERSE. Env\u00edo gratuito por compras superiores a 50\u20ac. Entrega entre 24 y 72 horas.\",\"breadcrumb\":{\"@id\":\"https:\/\/www.inverseteams.com\/es\/producto\/chaqueta-ciclista-citic-mujer\/#breadcrumb\"},\"inLanguage\":\"es\",\"potentialAction\":[{\"@type\":\"ReadAction\",\"target\":[\"https:\/\/www.inverseteams.com\/es\/producto\/chaqueta-ciclista-citic-mujer\/\"]}]},{\"@type\":\"ImageObject\",\"inLanguage\":\"es\",\"@id\":\"https:\/\/www.inverseteams.com\/es\/producto\/chaqueta-ciclista-citic-mujer\/#primaryimage\",\"url\":\"https:\/\/www.inverseteams.com\/wp-content\/uploads\/CHAQUETA-CICLISTA-CITIC-23-MUJER-1.jpg\",\"contentUrl\":\"https:\/\/www.inverseteams.com\/wp-content\/uploads\/CHAQUETA-CICLISTA-CITIC-23-MUJER-1.jpg\",\"width\":3000,\"height\":3223},{\"@type\":\"BreadcrumbList\",\"@id\":\"https:\/\/www.inverseteams.com\/es\/producto\/chaqueta-ciclista-citic-mujer\/#breadcrumb\",\"itemListElement\":[{\"@type\":\"ListItem\",\"position\":1,\"name\":\"Portada\",\"item\":\"https:\/\/www.inverseteams.com\/es\/\"},{\"@type\":\"ListItem\",\"position\":2,\"name\":\"Tienda\",\"item\":\"https:\/\/www.inverseteams.com\/es\/tienda\/\"},{\"@type\":\"ListItem\",\"position\":3,\"name\":\"Chaqueta ciclismo CITIC (MUJER)\"}]},{\"@type\":\"WebSite\",\"@id\":\"https:\/\/www.inverseteams.com\/es\/#website\",\"url\":\"https:\/\/www.inverseteams.com\/es\/\",\"name\":\"Inverseteams\",\"description\":\"Tu marca de ropa deportiva personalizada\",\"publisher\":{\"@id\":\"https:\/\/www.inverseteams.com\/es\/#organization\"},\"potentialAction\":[{\"@type\":\"SearchAction\",\"target\":{\"@type\":\"EntryPoint\",\"urlTemplate\":\"https:\/\/www.inverseteams.com\/es\/?s={search_term_string}\"},\"query-input\":{\"@type\":\"PropertyValueSpecification\",\"valueRequired\":true,\"valueName\":\"search_term_string\"}}],\"inLanguage\":\"es\"},{\"@type\":\"Organization\",\"@id\":\"https:\/\/www.inverseteams.com\/es\/#organization\",\"name\":\"Inverse Teams\",\"url\":\"https:\/\/www.inverseteams.com\/es\/\",\"logo\":{\"@type\":\"ImageObject\",\"inLanguage\":\"es\",\"@id\":\"https:\/\/www.inverseteams.com\/es\/#\/schema\/logo\/image\/\",\"url\":\"https:\/\/www.inverseteams.com\/wp-content\/uploads\/2021\/03\/logo-inverse-teams.png\",\"contentUrl\":\"https:\/\/www.inverseteams.com\/wp-content\/uploads\/2021\/03\/logo-inverse-teams.png\",\"width\":294,\"height\":99,\"caption\":\"Inverse Teams\"},\"image\":{\"@id\":\"https:\/\/www.inverseteams.com\/es\/#\/schema\/logo\/image\/\"},\"sameAs\":[\"https:\/\/www.facebook.com\/inverseteams\",\"http:\/\/instagram.com\/inverseteams\",\"https:\/\/www.linkedin.com\/company\/inverse-cirosport-s-l-?trk=job_view_topcard_company_name\",\"http:\/\/www.pinterest.com\/inverseteams\/\",\"http:\/\/www.youtube.com\/user\/inverseteams?feature=watch\"]}]}<\/script>\n<!-- \/ Yoast SEO plugin. -->","yoast_head_json":{"title":"Chaqueta ciclismo CITIC (MUJER)","description":"Comprar chaqueta ciclismo mujer CITIC INVERSE. Env\u00edo gratuito por compras superiores a 50\u20ac. Entrega entre 24 y 72 horas.","robots":{"index":"index","follow":"follow","max-snippet":"max-snippet:-1","max-image-preview":"max-image-preview:large","max-video-preview":"max-video-preview:-1"},"canonical":"https:\/\/www.inverseteams.com\/es\/producto\/chaqueta-ciclista-citic-mujer\/","og_locale":"es_ES","og_type":"article","og_title":"Chaqueta ciclismo CITIC (MUJER)","og_description":"Comprar chaqueta ciclismo mujer CITIC INVERSE. Env\u00edo gratuito por compras superiores a 50\u20ac. Entrega entre 24 y 72 horas.","og_url":"https:\/\/www.inverseteams.com\/es\/producto\/chaqueta-ciclista-citic-mujer\/","og_site_name":"Inverseteams","article_publisher":"https:\/\/www.facebook.com\/inverseteams","article_modified_time":"2024-06-26T15:15:58+00:00","og_image":[{"width":3000,"height":3223,"url":"https:\/\/www.inverseteams.com\/wp-content\/uploads\/CHAQUETA-CICLISTA-CITIC-23-MUJER-1.jpg","type":"image\/jpeg"}],"twitter_card":"summary_large_image","twitter_misc":{"Tiempo de lectura":"1 minuto"},"schema":{"@context":"https:\/\/schema.org","@graph":[{"@type":"WebPage","@id":"https:\/\/www.inverseteams.com\/es\/producto\/chaqueta-ciclista-citic-mujer\/","url":"https:\/\/www.inverseteams.com\/es\/producto\/chaqueta-ciclista-citic-mujer\/","name":"Chaqueta ciclismo CITIC (MUJER)","isPartOf":{"@id":"https:\/\/www.inverseteams.com\/es\/#website"},"primaryImageOfPage":{"@id":"https:\/\/www.inverseteams.com\/es\/producto\/chaqueta-ciclista-citic-mujer\/#primaryimage"},"image":{"@id":"https:\/\/www.inverseteams.com\/es\/producto\/chaqueta-ciclista-citic-mujer\/#primaryimage"},"thumbnailUrl":"https:\/\/www.inverseteams.com\/wp-content\/uploads\/CHAQUETA-CICLISTA-CITIC-23-MUJER-1.jpg","datePublished":"2022-06-13T13:00:23+00:00","dateModified":"2024-06-26T15:15:58+00:00","description":"Comprar chaqueta ciclismo mujer CITIC INVERSE. Env\u00edo gratuito por compras superiores a 50\u20ac. Entrega entre 24 y 72 horas.","breadcrumb":{"@id":"https:\/\/www.inverseteams.com\/es\/producto\/chaqueta-ciclista-citic-mujer\/#breadcrumb"},"inLanguage":"es","potentialAction":[{"@type":"ReadAction","target":["https:\/\/www.inverseteams.com\/es\/producto\/chaqueta-ciclista-citic-mujer\/"]}]},{"@type":"ImageObject","inLanguage":"es","@id":"https:\/\/www.inverseteams.com\/es\/producto\/chaqueta-ciclista-citic-mujer\/#primaryimage","url":"https:\/\/www.inverseteams.com\/wp-content\/uploads\/CHAQUETA-CICLISTA-CITIC-23-MUJER-1.jpg","contentUrl":"https:\/\/www.inverseteams.com\/wp-content\/uploads\/CHAQUETA-CICLISTA-CITIC-23-MUJER-1.jpg","width":3000,"height":3223},{"@type":"BreadcrumbList","@id":"https:\/\/www.inverseteams.com\/es\/producto\/chaqueta-ciclista-citic-mujer\/#breadcrumb","itemListElement":[{"@type":"ListItem","position":1,"name":"Portada","item":"https:\/\/www.inverseteams.com\/es\/"},{"@type":"ListItem","position":2,"name":"Tienda","item":"https:\/\/www.inverseteams.com\/es\/tienda\/"},{"@type":"ListItem","position":3,"name":"Chaqueta ciclismo CITIC (MUJER)"}]},{"@type":"WebSite","@id":"https:\/\/www.inverseteams.com\/es\/#website","url":"https:\/\/www.inverseteams.com\/es\/","name":"Inverseteams","description":"Tu marca de ropa deportiva personalizada","publisher":{"@id":"https:\/\/www.inverseteams.com\/es\/#organization"},"potentialAction":[{"@type":"SearchAction","target":{"@type":"EntryPoint","urlTemplate":"https:\/\/www.inverseteams.com\/es\/?s={search_term_string}"},"query-input":{"@type":"PropertyValueSpecification","valueRequired":true,"valueName":"search_term_string"}}],"inLanguage":"es"},{"@type":"Organization","@id":"https:\/\/www.inverseteams.com\/es\/#organization","name":"Inverse Teams","url":"https:\/\/www.inverseteams.com\/es\/","logo":{"@type":"ImageObject","inLanguage":"es","@id":"https:\/\/www.inverseteams.com\/es\/#\/schema\/logo\/image\/","url":"https:\/\/www.inverseteams.com\/wp-content\/uploads\/2021\/03\/logo-inverse-teams.png","contentUrl":"https:\/\/www.inverseteams.com\/wp-content\/uploads\/2021\/03\/logo-inverse-teams.png","width":294,"height":99,"caption":"Inverse Teams"},"image":{"@id":"https:\/\/www.inverseteams.com\/es\/#\/schema\/logo\/image\/"},"sameAs":["https:\/\/www.facebook.com\/inverseteams","http:\/\/instagram.com\/inverseteams","https:\/\/www.linkedin.com\/company\/inverse-cirosport-s-l-?trk=job_view_topcard_company_name","http:\/\/www.pinterest.com\/inverseteams\/","http:\/\/www.youtube.com\/user\/inverseteams?feature=watch"]}]}},"_links":{"self":[{"href":"https:\/\/www.inverseteams.com\/es\/wp-json\/wp\/v2\/product\/79271","targetHints":{"allow":["GET"]}}],"collection":[{"href":"https:\/\/www.inverseteams.com\/es\/wp-json\/wp\/v2\/product"}],"about":[{"href":"https:\/\/www.inverseteams.com\/es\/wp-json\/wp\/v2\/types\/product"}],"replies":[{"embeddable":true,"href":"https:\/\/www.inverseteams.com\/es\/wp-json\/wp\/v2\/comments?post=79271"}],"wp:featuredmedia":[{"embeddable":true,"href":"https:\/\/www.inverseteams.com\/es\/wp-json\/wp\/v2\/media\/92241"}],"wp:attachment":[{"href":"https:\/\/www.inverseteams.com\/es\/wp-json\/wp\/v2\/media?parent=79271"}],"wp:term":[{"taxonomy":"product_brand","embeddable":true,"href":"https:\/\/www.inverseteams.com\/es\/wp-json\/wp\/v2\/product_brand?post=79271"},{"taxonomy":"product_cat","embeddable":true,"href":"https:\/\/www.inverseteams.com\/es\/wp-json\/wp\/v2\/product_cat?post=79271"},{"taxonomy":"product_tag","embeddable":true,"href":"https:\/\/www.inverseteams.com\/es\/wp-json\/wp\/v2\/product_tag?post=79271"},{"taxonomy":"custom_category","embeddable":true,"href":"https:\/\/www.inverseteams.com\/es\/wp-json\/wp\/v2\/custom_category?post=79271"},{"taxonomy":"range","embeddable":true,"href":"https:\/\/www.inverseteams.com\/es\/wp-json\/wp\/v2\/range?post=79271"}],"curies":[{"name":"wp","href":"https:\/\/api.w.org\/{rel}","templated":true}]}}