{"id":79169,"date":"2022-06-13T12:53:13","date_gmt":"2022-06-13T12:53:13","guid":{"rendered":"https:\/\/www.inverseteams.com\/?post_type=product&#038;p=79169"},"modified":"2024-05-26T17:26:12","modified_gmt":"2024-05-26T17:26:12","slug":"maillot-ciclista-manga-larga-slim-citic-mujer","status":"publish","type":"product","link":"https:\/\/www.inverseteams.com\/es\/producto\/maillot-ciclista-manga-larga-slim-citic-mujer\/","title":{"rendered":"Maillot ciclismo manga larga SLIM CITIC (MUJER)"},"content":{"rendered":"<p>Maillot ciclismo t\u00e9cnico dise\u00f1ado para entrenar y competir bien protegido del fr\u00edo. El tejido YK-TECH <strong>mejora la conservaci\u00f3n del calor corporal y facilita la evacuaci\u00f3n del sudor<\/strong>. Tendr\u00e1s una sensaci\u00f3n de confort total y tu piel estar\u00e1 seca durante todas las horas de ejercicio. Su patronaje SLIM FIT permite que el maillot ciclista est\u00e9 bien arrapado al cuerpo para maximizar sus caracter\u00edsticas t\u00e9cnicas y mejorar la aerodin\u00e1mica. Tiene una cremallera integral con sistema antipull que te permitir\u00e1 pon\u00e9rtelo y quit\u00e1rtelo f\u00e1cilmente y podr\u00e1s regular la ventilaci\u00f3n durante el ejercicio.<\/p>\n<p>Las mangas montadas fabricadas con el tejido THERMAL SPIRIT est\u00e1n cosidas con <strong>costuras planas<\/strong> para evitar rozaduras. El <strong>pu\u00f1o cortado a l\u00e1ser<\/strong> se ajusta muy bien al brazo y evita la entrada de aire.<\/p>\n<p>En la cintura tiene una banda el\u00e1stica con un <strong>grip de silicona antiderrapante<\/strong> en el interior para mantener el maillot bien arrapado al cuerpo. En la zona lumbar incorpora 3 bolsillos con el nuevo <strong>sistema de Seguridad ISP<\/strong> \u2013 Inverse Safe Pocket \u2013 donde podr\u00e1s guardar cualquier objeto sin miedo a perderlo. Tambi\u00e9n tiene varios detalles reflectantes para aumentar tu seguridad en la carretera. <strong>Disfruta del ciclismo sin preocupaciones.<\/strong><\/p>\n","protected":false},"excerpt":{"rendered":"<p>Maillot ciclismo t\u00e9cnico dise\u00f1ado para entrenar y competir bien protegido del fr\u00edo. El tejido YK-TECH <strong>mejora la conservaci\u00f3n del calor corporal y facilita la evacuaci\u00f3n del sudor<\/strong>. Tendr\u00e1s una sensaci\u00f3n de confort total y tu piel estar\u00e1 seca durante todas las horas de ejercicio. Su patronaje SLIM FIT permite que el maillot ciclista est\u00e9 bien arrapado al cuerpo para maximizar sus caracter\u00edsticas t\u00e9cnicas y mejorar la aerodin\u00e1mica. Tiene una cremallera integral con sistema antipull que te permitir\u00e1 pon\u00e9rtelo y quit\u00e1rtelo f\u00e1cilmente y podr\u00e1s regular la ventilaci\u00f3n durante el ejercicio.<br \/>\nLas mangas montadas fabricadas con el tejido THERMAL SPIRIT est\u00e1n cosidas con <strong>costuras planas<\/strong> para evitar rozaduras. El <strong>pu\u00f1o cortado a l\u00e1ser<\/strong> se ajusta muy bien al brazo y evita la entrada de aire.<br \/>\nEn la cintura tiene una banda el\u00e1stica con un <strong>grip de silicona antiderrapante<\/strong> en el interior para mantener el maillot bien arrapado al cuerpo. En la zona lumbar incorpora 3 bolsillos con el nuevo <strong>sistema de Seguridad ISP<\/strong> \u2013 Inverse Safe Pocket \u2013 donde podr\u00e1s guardar cualquier objeto sin miedo a perderlo. Tambi\u00e9n tiene varios detalles reflectantes para aumentar tu seguridad en la carretera. <strong>Disfruta del ciclismo sin preocupaciones<\/strong>.<\/p>\n","protected":false},"featured_media":93076,"comment_status":"closed","ping_status":"closed","template":"","meta":{"_acf_changed":false},"product_brand":[],"product_cat":[1193,2829,1085,7174],"product_tag":[],"custom_category":[],"range":[],"class_list":{"0":"post-79169","1":"product","2":"type-product","3":"status-publish","4":"has-post-thumbnail","6":"product_cat-ciclismo-outlet","7":"product_cat-maillot-ciclista-ciclismo-outlet","8":"product_cat-outlet","9":"product_cat-b2b","10":"pa_climatologia-frio","11":"pa_deporte-ciclismo","12":"pa_genero-mujer","13":"pa_patronaje-fit","14":"pa_talla-s","15":"pa_talla-m","16":"pa_talla-l","17":"pa_talla-xl","18":"pa_talla-xs","19":"pa_tipo-de-prenda-maillot-manga-larga","21":"first","22":"outofstock","23":"sale","24":"taxable","25":"shipping-taxable","26":"purchasable","27":"product-type-variable","28":"has-default-attributes"},"acf":[],"yoast_head":"<!-- This site is optimized with the Yoast SEO plugin v27.3 - https:\/\/yoast.com\/product\/yoast-seo-wordpress\/ -->\n<title>Maillot ciclismo manga larga SLIM CITIC (MUJER)<\/title>\n<meta name=\"description\" content=\"Comprar maillot ciclismo invierno mujer lila CITIC INVERSE. Env\u00edo gratuito por compras superiores a 50\u20ac. Entrega entre 24 y 72 horas.\" \/>\n<meta name=\"robots\" content=\"index, follow, max-snippet:-1, max-image-preview:large, max-video-preview:-1\" \/>\n<link rel=\"canonical\" href=\"https:\/\/www.inverseteams.com\/es\/producto\/maillot-ciclista-manga-larga-slim-citic-mujer\/\" \/>\n<meta property=\"og:locale\" content=\"es_ES\" \/>\n<meta property=\"og:type\" content=\"article\" \/>\n<meta property=\"og:title\" content=\"Maillot ciclismo manga larga SLIM CITIC (MUJER)\" \/>\n<meta property=\"og:description\" content=\"Comprar maillot ciclismo invierno mujer lila CITIC INVERSE. Env\u00edo gratuito por compras superiores a 50\u20ac. Entrega entre 24 y 72 horas.\" \/>\n<meta property=\"og:url\" content=\"https:\/\/www.inverseteams.com\/es\/producto\/maillot-ciclista-manga-larga-slim-citic-mujer\/\" \/>\n<meta property=\"og:site_name\" content=\"Inverseteams\" \/>\n<meta property=\"article:publisher\" content=\"https:\/\/www.facebook.com\/inverseteams\" \/>\n<meta property=\"article:modified_time\" content=\"2024-05-26T17:26:12+00:00\" \/>\n<meta property=\"og:image\" content=\"https:\/\/www.inverseteams.com\/wp-content\/uploads\/MAILLOT-CICLISTA-CITIC-SLIM-23-MUJER-1.jpg\" \/>\n\t<meta property=\"og:image:width\" content=\"3000\" \/>\n\t<meta property=\"og:image:height\" content=\"3223\" \/>\n\t<meta property=\"og:image:type\" content=\"image\/jpeg\" \/>\n<meta name=\"twitter:card\" content=\"summary_large_image\" \/>\n<meta name=\"twitter:label1\" content=\"Tiempo de lectura\" \/>\n\t<meta name=\"twitter:data1\" content=\"1 minuto\" \/>\n<script type=\"application\/ld+json\" class=\"yoast-schema-graph\">{\"@context\":\"https:\\\/\\\/schema.org\",\"@graph\":[{\"@type\":\"WebPage\",\"@id\":\"https:\\\/\\\/www.inverseteams.com\\\/es\\\/producto\\\/maillot-ciclista-manga-larga-slim-citic-mujer\\\/\",\"url\":\"https:\\\/\\\/www.inverseteams.com\\\/es\\\/producto\\\/maillot-ciclista-manga-larga-slim-citic-mujer\\\/\",\"name\":\"Maillot ciclismo manga larga SLIM CITIC (MUJER)\",\"isPartOf\":{\"@id\":\"https:\\\/\\\/www.inverseteams.com\\\/es\\\/#website\"},\"primaryImageOfPage\":{\"@id\":\"https:\\\/\\\/www.inverseteams.com\\\/es\\\/producto\\\/maillot-ciclista-manga-larga-slim-citic-mujer\\\/#primaryimage\"},\"image\":{\"@id\":\"https:\\\/\\\/www.inverseteams.com\\\/es\\\/producto\\\/maillot-ciclista-manga-larga-slim-citic-mujer\\\/#primaryimage\"},\"thumbnailUrl\":\"https:\\\/\\\/www.inverseteams.com\\\/wp-content\\\/uploads\\\/MAILLOT-CICLISTA-CITIC-SLIM-23-MUJER-1.jpg\",\"datePublished\":\"2022-06-13T12:53:13+00:00\",\"dateModified\":\"2024-05-26T17:26:12+00:00\",\"description\":\"Comprar maillot ciclismo invierno mujer lila CITIC INVERSE. Env\u00edo gratuito por compras superiores a 50\u20ac. Entrega entre 24 y 72 horas.\",\"breadcrumb\":{\"@id\":\"https:\\\/\\\/www.inverseteams.com\\\/es\\\/producto\\\/maillot-ciclista-manga-larga-slim-citic-mujer\\\/#breadcrumb\"},\"inLanguage\":\"es\",\"potentialAction\":[{\"@type\":\"ReadAction\",\"target\":[\"https:\\\/\\\/www.inverseteams.com\\\/es\\\/producto\\\/maillot-ciclista-manga-larga-slim-citic-mujer\\\/\"]}]},{\"@type\":\"ImageObject\",\"inLanguage\":\"es\",\"@id\":\"https:\\\/\\\/www.inverseteams.com\\\/es\\\/producto\\\/maillot-ciclista-manga-larga-slim-citic-mujer\\\/#primaryimage\",\"url\":\"https:\\\/\\\/www.inverseteams.com\\\/wp-content\\\/uploads\\\/MAILLOT-CICLISTA-CITIC-SLIM-23-MUJER-1.jpg\",\"contentUrl\":\"https:\\\/\\\/www.inverseteams.com\\\/wp-content\\\/uploads\\\/MAILLOT-CICLISTA-CITIC-SLIM-23-MUJER-1.jpg\",\"width\":3000,\"height\":3223},{\"@type\":\"BreadcrumbList\",\"@id\":\"https:\\\/\\\/www.inverseteams.com\\\/es\\\/producto\\\/maillot-ciclista-manga-larga-slim-citic-mujer\\\/#breadcrumb\",\"itemListElement\":[{\"@type\":\"ListItem\",\"position\":1,\"name\":\"Portada\",\"item\":\"https:\\\/\\\/www.inverseteams.com\\\/es\\\/\"},{\"@type\":\"ListItem\",\"position\":2,\"name\":\"Tienda\",\"item\":\"https:\\\/\\\/www.inverseteams.com\\\/es\\\/tienda\\\/\"},{\"@type\":\"ListItem\",\"position\":3,\"name\":\"Maillot ciclismo manga larga SLIM CITIC (MUJER)\"}]},{\"@type\":\"WebSite\",\"@id\":\"https:\\\/\\\/www.inverseteams.com\\\/es\\\/#website\",\"url\":\"https:\\\/\\\/www.inverseteams.com\\\/es\\\/\",\"name\":\"Inverseteams\",\"description\":\"Tu marca de ropa deportiva personalizada\",\"publisher\":{\"@id\":\"https:\\\/\\\/www.inverseteams.com\\\/es\\\/#organization\"},\"potentialAction\":[{\"@type\":\"SearchAction\",\"target\":{\"@type\":\"EntryPoint\",\"urlTemplate\":\"https:\\\/\\\/www.inverseteams.com\\\/es\\\/?s={search_term_string}\"},\"query-input\":{\"@type\":\"PropertyValueSpecification\",\"valueRequired\":true,\"valueName\":\"search_term_string\"}}],\"inLanguage\":\"es\"},{\"@type\":\"Organization\",\"@id\":\"https:\\\/\\\/www.inverseteams.com\\\/es\\\/#organization\",\"name\":\"Inverse Teams\",\"url\":\"https:\\\/\\\/www.inverseteams.com\\\/es\\\/\",\"logo\":{\"@type\":\"ImageObject\",\"inLanguage\":\"es\",\"@id\":\"https:\\\/\\\/www.inverseteams.com\\\/es\\\/#\\\/schema\\\/logo\\\/image\\\/\",\"url\":\"http:\\\/\\\/www.inverseteams.com\\\/wp-content\\\/uploads\\\/2021\\\/03\\\/logo-inverse-teams.png\",\"contentUrl\":\"http:\\\/\\\/www.inverseteams.com\\\/wp-content\\\/uploads\\\/2021\\\/03\\\/logo-inverse-teams.png\",\"width\":294,\"height\":99,\"caption\":\"Inverse Teams\"},\"image\":{\"@id\":\"https:\\\/\\\/www.inverseteams.com\\\/es\\\/#\\\/schema\\\/logo\\\/image\\\/\"},\"sameAs\":[\"https:\\\/\\\/www.facebook.com\\\/inverseteams\",\"http:\\\/\\\/instagram.com\\\/inverseteams\",\"https:\\\/\\\/www.linkedin.com\\\/company\\\/inverse-cirosport-s-l-?trk=job_view_topcard_company_name\",\"http:\\\/\\\/www.pinterest.com\\\/inverseteams\\\/\",\"http:\\\/\\\/www.youtube.com\\\/user\\\/inverseteams?feature=watch\"]}]}<\/script>\n<!-- \/ Yoast SEO plugin. -->","yoast_head_json":{"title":"Maillot ciclismo manga larga SLIM CITIC (MUJER)","description":"Comprar maillot ciclismo invierno mujer lila CITIC INVERSE. Env\u00edo gratuito por compras superiores a 50\u20ac. Entrega entre 24 y 72 horas.","robots":{"index":"index","follow":"follow","max-snippet":"max-snippet:-1","max-image-preview":"max-image-preview:large","max-video-preview":"max-video-preview:-1"},"canonical":"https:\/\/www.inverseteams.com\/es\/producto\/maillot-ciclista-manga-larga-slim-citic-mujer\/","og_locale":"es_ES","og_type":"article","og_title":"Maillot ciclismo manga larga SLIM CITIC (MUJER)","og_description":"Comprar maillot ciclismo invierno mujer lila CITIC INVERSE. Env\u00edo gratuito por compras superiores a 50\u20ac. Entrega entre 24 y 72 horas.","og_url":"https:\/\/www.inverseteams.com\/es\/producto\/maillot-ciclista-manga-larga-slim-citic-mujer\/","og_site_name":"Inverseteams","article_publisher":"https:\/\/www.facebook.com\/inverseteams","article_modified_time":"2024-05-26T17:26:12+00:00","og_image":[{"width":3000,"height":3223,"url":"https:\/\/www.inverseteams.com\/wp-content\/uploads\/MAILLOT-CICLISTA-CITIC-SLIM-23-MUJER-1.jpg","type":"image\/jpeg"}],"twitter_card":"summary_large_image","twitter_misc":{"Tiempo de lectura":"1 minuto"},"schema":{"@context":"https:\/\/schema.org","@graph":[{"@type":"WebPage","@id":"https:\/\/www.inverseteams.com\/es\/producto\/maillot-ciclista-manga-larga-slim-citic-mujer\/","url":"https:\/\/www.inverseteams.com\/es\/producto\/maillot-ciclista-manga-larga-slim-citic-mujer\/","name":"Maillot ciclismo manga larga SLIM CITIC (MUJER)","isPartOf":{"@id":"https:\/\/www.inverseteams.com\/es\/#website"},"primaryImageOfPage":{"@id":"https:\/\/www.inverseteams.com\/es\/producto\/maillot-ciclista-manga-larga-slim-citic-mujer\/#primaryimage"},"image":{"@id":"https:\/\/www.inverseteams.com\/es\/producto\/maillot-ciclista-manga-larga-slim-citic-mujer\/#primaryimage"},"thumbnailUrl":"https:\/\/www.inverseteams.com\/wp-content\/uploads\/MAILLOT-CICLISTA-CITIC-SLIM-23-MUJER-1.jpg","datePublished":"2022-06-13T12:53:13+00:00","dateModified":"2024-05-26T17:26:12+00:00","description":"Comprar maillot ciclismo invierno mujer lila CITIC INVERSE. Env\u00edo gratuito por compras superiores a 50\u20ac. Entrega entre 24 y 72 horas.","breadcrumb":{"@id":"https:\/\/www.inverseteams.com\/es\/producto\/maillot-ciclista-manga-larga-slim-citic-mujer\/#breadcrumb"},"inLanguage":"es","potentialAction":[{"@type":"ReadAction","target":["https:\/\/www.inverseteams.com\/es\/producto\/maillot-ciclista-manga-larga-slim-citic-mujer\/"]}]},{"@type":"ImageObject","inLanguage":"es","@id":"https:\/\/www.inverseteams.com\/es\/producto\/maillot-ciclista-manga-larga-slim-citic-mujer\/#primaryimage","url":"https:\/\/www.inverseteams.com\/wp-content\/uploads\/MAILLOT-CICLISTA-CITIC-SLIM-23-MUJER-1.jpg","contentUrl":"https:\/\/www.inverseteams.com\/wp-content\/uploads\/MAILLOT-CICLISTA-CITIC-SLIM-23-MUJER-1.jpg","width":3000,"height":3223},{"@type":"BreadcrumbList","@id":"https:\/\/www.inverseteams.com\/es\/producto\/maillot-ciclista-manga-larga-slim-citic-mujer\/#breadcrumb","itemListElement":[{"@type":"ListItem","position":1,"name":"Portada","item":"https:\/\/www.inverseteams.com\/es\/"},{"@type":"ListItem","position":2,"name":"Tienda","item":"https:\/\/www.inverseteams.com\/es\/tienda\/"},{"@type":"ListItem","position":3,"name":"Maillot ciclismo manga larga SLIM CITIC (MUJER)"}]},{"@type":"WebSite","@id":"https:\/\/www.inverseteams.com\/es\/#website","url":"https:\/\/www.inverseteams.com\/es\/","name":"Inverseteams","description":"Tu marca de ropa deportiva personalizada","publisher":{"@id":"https:\/\/www.inverseteams.com\/es\/#organization"},"potentialAction":[{"@type":"SearchAction","target":{"@type":"EntryPoint","urlTemplate":"https:\/\/www.inverseteams.com\/es\/?s={search_term_string}"},"query-input":{"@type":"PropertyValueSpecification","valueRequired":true,"valueName":"search_term_string"}}],"inLanguage":"es"},{"@type":"Organization","@id":"https:\/\/www.inverseteams.com\/es\/#organization","name":"Inverse Teams","url":"https:\/\/www.inverseteams.com\/es\/","logo":{"@type":"ImageObject","inLanguage":"es","@id":"https:\/\/www.inverseteams.com\/es\/#\/schema\/logo\/image\/","url":"https:\/\/www.inverseteams.com\/wp-content\/uploads\/2021\/03\/logo-inverse-teams.png","contentUrl":"https:\/\/www.inverseteams.com\/wp-content\/uploads\/2021\/03\/logo-inverse-teams.png","width":294,"height":99,"caption":"Inverse Teams"},"image":{"@id":"https:\/\/www.inverseteams.com\/es\/#\/schema\/logo\/image\/"},"sameAs":["https:\/\/www.facebook.com\/inverseteams","http:\/\/instagram.com\/inverseteams","https:\/\/www.linkedin.com\/company\/inverse-cirosport-s-l-?trk=job_view_topcard_company_name","http:\/\/www.pinterest.com\/inverseteams\/","http:\/\/www.youtube.com\/user\/inverseteams?feature=watch"]}]}},"_links":{"self":[{"href":"https:\/\/www.inverseteams.com\/es\/wp-json\/wp\/v2\/product\/79169","targetHints":{"allow":["GET"]}}],"collection":[{"href":"https:\/\/www.inverseteams.com\/es\/wp-json\/wp\/v2\/product"}],"about":[{"href":"https:\/\/www.inverseteams.com\/es\/wp-json\/wp\/v2\/types\/product"}],"replies":[{"embeddable":true,"href":"https:\/\/www.inverseteams.com\/es\/wp-json\/wp\/v2\/comments?post=79169"}],"wp:featuredmedia":[{"embeddable":true,"href":"https:\/\/www.inverseteams.com\/es\/wp-json\/wp\/v2\/media\/93076"}],"wp:attachment":[{"href":"https:\/\/www.inverseteams.com\/es\/wp-json\/wp\/v2\/media?parent=79169"}],"wp:term":[{"taxonomy":"product_brand","embeddable":true,"href":"https:\/\/www.inverseteams.com\/es\/wp-json\/wp\/v2\/product_brand?post=79169"},{"taxonomy":"product_cat","embeddable":true,"href":"https:\/\/www.inverseteams.com\/es\/wp-json\/wp\/v2\/product_cat?post=79169"},{"taxonomy":"product_tag","embeddable":true,"href":"https:\/\/www.inverseteams.com\/es\/wp-json\/wp\/v2\/product_tag?post=79169"},{"taxonomy":"custom_category","embeddable":true,"href":"https:\/\/www.inverseteams.com\/es\/wp-json\/wp\/v2\/custom_category?post=79169"},{"taxonomy":"range","embeddable":true,"href":"https:\/\/www.inverseteams.com\/es\/wp-json\/wp\/v2\/range?post=79169"}],"curies":[{"name":"wp","href":"https:\/\/api.w.org\/{rel}","templated":true}]}}