{"id":79097,"date":"2022-06-13T12:48:13","date_gmt":"2022-06-13T12:48:13","guid":{"rendered":"https:\/\/www.inverseteams.com\/?post_type=product&#038;p=79097"},"modified":"2023-02-11T13:01:37","modified_gmt":"2023-02-11T13:01:37","slug":"chaleco-impermeable-latitude-hombre","status":"publish","type":"product","link":"https:\/\/www.inverseteams.com\/es\/producto\/chaleco-impermeable-latitude-hombre\/","title":{"rendered":"Chaleco impermeable LATITUDE (HOMBRE)"},"content":{"rendered":"<p>Chaleco ciclista <strong>ultraligero e impermeable<\/strong> ideal para los descensos y los d\u00edas de climatolog\u00eda variable. El tejido de membrana que compone la parte frontal y la parte superior de la espalda es impermeable y paraviento y muy agradable al tacto. <strong>Te sentir\u00e1s protegido y comfortable. <\/strong>Media espalda est\u00e1 confeccionada con un tejido de rejilla para aumentar la transpirabilidad. Al ser tan fino y ligero <strong>lo podr\u00e1s guardar f\u00e1cilmente<\/strong> en el bolsillo del maillot cuando no lo necesite. Tiene una cremallera integral con sistema antipull que te permitir\u00e1 regular la ventilaci\u00f3n durante el ejercicio.<br \/>\nLas sisas est\u00e1n acabadas con un ribete el\u00e1stico para que el chaleco se ajuste al cuerpo y<strong> evitar la entrada de aire y aumentar la aerodin\u00e1mica. <\/strong>En la zona lumbar tiene 2 aperturas para que puedas acceder r\u00e1pida y f\u00e1cilmente a los bolsillos del maillot ciclista.<br \/>\nEn la cintura tiene una banda el\u00e1stica con un <strong>grip de silicona antiderrapante<\/strong> en el interior para mantener el maillot bien arrapado al cuerpo. Tambi\u00e9n tiene un ribete refletante para aumentar tu seguridad en la carretera. <strong>Disfruta del ciclismo sin preocupaciones.<\/strong><\/p>\n","protected":false},"excerpt":{"rendered":"<p>Chaleco ciclista <strong>ultraligero e impermeable<\/strong> ideal para los descensos y los d\u00edas de climatolog\u00eda variable. El tejido de membrana que compone la parte frontal y la parte superior de la espalda es impermeable y paraviento y muy agradable al tacto. <strong>Te sentir\u00e1s protegido y comfortable. <\/strong>Media espalda est\u00e1 confeccionada con un tejido de rejilla para aumentar la transpirabilidad. Al ser tan fino y ligero <strong>lo podr\u00e1s guardar f\u00e1cilmente<\/strong> en el bolsillo del maillot cuando no lo necesite. Tiene una cremallera integral con sistema antipull que te permitir\u00e1 regular la ventilaci\u00f3n durante el ejercicio.<br \/>\nLas sisas est\u00e1n acabadas con un ribete el\u00e1stico para que el chaleco se ajuste al cuerpo y<strong> evitar la entrada de aire y aumentar la aerodin\u00e1mica. <\/strong>En la zona lumbar tiene 2 aperturas para que puedas acceder r\u00e1pida y f\u00e1cilmente a los bolsillos del maillot ciclista.<br \/>\nEn la cintura tiene una banda el\u00e1stica con un <strong>grip de silicona antiderrapante<\/strong> en el interior para mantener el maillot bien arrapado al cuerpo. Tambi\u00e9n tiene un ribete refletante para aumentar tu seguridad en la carretera. <strong>Disfruta del ciclismo sin preocupaciones.<\/strong><\/p>\n","protected":false},"featured_media":92534,"comment_status":"closed","ping_status":"closed","template":"","meta":{"_acf_changed":false},"product_brand":[],"product_cat":[1095,7174],"product_tag":[],"custom_category":[],"range":[],"class_list":{"0":"post-79097","1":"product","2":"type-product","3":"status-publish","4":"has-post-thumbnail","6":"product_cat-chaleco-ciclismo","7":"product_cat-b2b","8":"pa_climatologia-temperatura-templada","9":"pa_climatologia-viento","10":"pa_climatologia-lluvia","11":"pa_deporte-ciclismo","12":"pa_genero-hombre","13":"pa_patronaje-regular","14":"pa_talla-s","15":"pa_talla-m","16":"pa_talla-l","17":"pa_talla-xl","18":"pa_talla-xxl","19":"pa_tipo-de-prenda-chaleco","21":"first","22":"outofstock","23":"taxable","24":"shipping-taxable","25":"purchasable","26":"product-type-variable","27":"has-default-attributes"},"acf":[],"yoast_head":"<!-- This site is optimized with the Yoast SEO plugin v27.3 - https:\/\/yoast.com\/product\/yoast-seo-wordpress\/ -->\n<title>Chaleco impermeable LATITUDE (HOMBRE)<\/title>\n<meta name=\"description\" content=\"Comprar chaleco ciclismo impermeable azul LATITUDE INVERSE. Env\u00edo gratuito por compras superioes a 50\u20ac. Entrega entre 24 y 72 horas.\" \/>\n<meta name=\"robots\" content=\"index, follow, max-snippet:-1, max-image-preview:large, max-video-preview:-1\" \/>\n<link rel=\"canonical\" href=\"https:\/\/www.inverseteams.com\/es\/producto\/chaleco-impermeable-latitude-hombre\/\" \/>\n<meta property=\"og:locale\" content=\"es_ES\" \/>\n<meta property=\"og:type\" content=\"article\" \/>\n<meta property=\"og:title\" content=\"Chaleco impermeable LATITUDE (HOMBRE)\" \/>\n<meta property=\"og:description\" content=\"Comprar chaleco ciclismo impermeable azul LATITUDE INVERSE. Env\u00edo gratuito por compras superioes a 50\u20ac. Entrega entre 24 y 72 horas.\" \/>\n<meta property=\"og:url\" content=\"https:\/\/www.inverseteams.com\/es\/producto\/chaleco-impermeable-latitude-hombre\/\" \/>\n<meta property=\"og:site_name\" content=\"Inverseteams\" \/>\n<meta property=\"article:publisher\" content=\"https:\/\/www.facebook.com\/inverseteams\" \/>\n<meta property=\"article:modified_time\" content=\"2023-02-11T13:01:37+00:00\" \/>\n<meta property=\"og:image\" content=\"https:\/\/www.inverseteams.com\/wp-content\/uploads\/CHALECO-CICLISTA-LATITUDE-23-HOMBRE-1.jpg\" \/>\n\t<meta property=\"og:image:width\" content=\"3000\" \/>\n\t<meta property=\"og:image:height\" content=\"3223\" \/>\n\t<meta property=\"og:image:type\" content=\"image\/jpeg\" \/>\n<meta name=\"twitter:card\" content=\"summary_large_image\" \/>\n<meta name=\"twitter:label1\" content=\"Tiempo de lectura\" \/>\n\t<meta name=\"twitter:data1\" content=\"1 minuto\" \/>\n<script type=\"application\/ld+json\" class=\"yoast-schema-graph\">{\"@context\":\"https:\\\/\\\/schema.org\",\"@graph\":[{\"@type\":\"WebPage\",\"@id\":\"https:\\\/\\\/www.inverseteams.com\\\/es\\\/producto\\\/chaleco-impermeable-latitude-hombre\\\/\",\"url\":\"https:\\\/\\\/www.inverseteams.com\\\/es\\\/producto\\\/chaleco-impermeable-latitude-hombre\\\/\",\"name\":\"Chaleco impermeable LATITUDE (HOMBRE)\",\"isPartOf\":{\"@id\":\"https:\\\/\\\/www.inverseteams.com\\\/es\\\/#website\"},\"primaryImageOfPage\":{\"@id\":\"https:\\\/\\\/www.inverseteams.com\\\/es\\\/producto\\\/chaleco-impermeable-latitude-hombre\\\/#primaryimage\"},\"image\":{\"@id\":\"https:\\\/\\\/www.inverseteams.com\\\/es\\\/producto\\\/chaleco-impermeable-latitude-hombre\\\/#primaryimage\"},\"thumbnailUrl\":\"https:\\\/\\\/www.inverseteams.com\\\/wp-content\\\/uploads\\\/CHALECO-CICLISTA-LATITUDE-23-HOMBRE-1.jpg\",\"datePublished\":\"2022-06-13T12:48:13+00:00\",\"dateModified\":\"2023-02-11T13:01:37+00:00\",\"description\":\"Comprar chaleco ciclismo impermeable azul LATITUDE INVERSE. Env\u00edo gratuito por compras superioes a 50\u20ac. Entrega entre 24 y 72 horas.\",\"breadcrumb\":{\"@id\":\"https:\\\/\\\/www.inverseteams.com\\\/es\\\/producto\\\/chaleco-impermeable-latitude-hombre\\\/#breadcrumb\"},\"inLanguage\":\"es\",\"potentialAction\":[{\"@type\":\"ReadAction\",\"target\":[\"https:\\\/\\\/www.inverseteams.com\\\/es\\\/producto\\\/chaleco-impermeable-latitude-hombre\\\/\"]}]},{\"@type\":\"ImageObject\",\"inLanguage\":\"es\",\"@id\":\"https:\\\/\\\/www.inverseteams.com\\\/es\\\/producto\\\/chaleco-impermeable-latitude-hombre\\\/#primaryimage\",\"url\":\"https:\\\/\\\/www.inverseteams.com\\\/wp-content\\\/uploads\\\/CHALECO-CICLISTA-LATITUDE-23-HOMBRE-1.jpg\",\"contentUrl\":\"https:\\\/\\\/www.inverseteams.com\\\/wp-content\\\/uploads\\\/CHALECO-CICLISTA-LATITUDE-23-HOMBRE-1.jpg\",\"width\":3000,\"height\":3223},{\"@type\":\"BreadcrumbList\",\"@id\":\"https:\\\/\\\/www.inverseteams.com\\\/es\\\/producto\\\/chaleco-impermeable-latitude-hombre\\\/#breadcrumb\",\"itemListElement\":[{\"@type\":\"ListItem\",\"position\":1,\"name\":\"Portada\",\"item\":\"https:\\\/\\\/www.inverseteams.com\\\/es\\\/\"},{\"@type\":\"ListItem\",\"position\":2,\"name\":\"Tienda\",\"item\":\"https:\\\/\\\/www.inverseteams.com\\\/es\\\/tienda\\\/\"},{\"@type\":\"ListItem\",\"position\":3,\"name\":\"Chaleco impermeable LATITUDE (HOMBRE)\"}]},{\"@type\":\"WebSite\",\"@id\":\"https:\\\/\\\/www.inverseteams.com\\\/es\\\/#website\",\"url\":\"https:\\\/\\\/www.inverseteams.com\\\/es\\\/\",\"name\":\"Inverseteams\",\"description\":\"Tu marca de ropa deportiva personalizada\",\"publisher\":{\"@id\":\"https:\\\/\\\/www.inverseteams.com\\\/es\\\/#organization\"},\"potentialAction\":[{\"@type\":\"SearchAction\",\"target\":{\"@type\":\"EntryPoint\",\"urlTemplate\":\"https:\\\/\\\/www.inverseteams.com\\\/es\\\/?s={search_term_string}\"},\"query-input\":{\"@type\":\"PropertyValueSpecification\",\"valueRequired\":true,\"valueName\":\"search_term_string\"}}],\"inLanguage\":\"es\"},{\"@type\":\"Organization\",\"@id\":\"https:\\\/\\\/www.inverseteams.com\\\/es\\\/#organization\",\"name\":\"Inverse Teams\",\"url\":\"https:\\\/\\\/www.inverseteams.com\\\/es\\\/\",\"logo\":{\"@type\":\"ImageObject\",\"inLanguage\":\"es\",\"@id\":\"https:\\\/\\\/www.inverseteams.com\\\/es\\\/#\\\/schema\\\/logo\\\/image\\\/\",\"url\":\"http:\\\/\\\/www.inverseteams.com\\\/wp-content\\\/uploads\\\/2021\\\/03\\\/logo-inverse-teams.png\",\"contentUrl\":\"http:\\\/\\\/www.inverseteams.com\\\/wp-content\\\/uploads\\\/2021\\\/03\\\/logo-inverse-teams.png\",\"width\":294,\"height\":99,\"caption\":\"Inverse Teams\"},\"image\":{\"@id\":\"https:\\\/\\\/www.inverseteams.com\\\/es\\\/#\\\/schema\\\/logo\\\/image\\\/\"},\"sameAs\":[\"https:\\\/\\\/www.facebook.com\\\/inverseteams\",\"http:\\\/\\\/instagram.com\\\/inverseteams\",\"https:\\\/\\\/www.linkedin.com\\\/company\\\/inverse-cirosport-s-l-?trk=job_view_topcard_company_name\",\"http:\\\/\\\/www.pinterest.com\\\/inverseteams\\\/\",\"http:\\\/\\\/www.youtube.com\\\/user\\\/inverseteams?feature=watch\"]}]}<\/script>\n<!-- \/ Yoast SEO plugin. -->","yoast_head_json":{"title":"Chaleco impermeable LATITUDE (HOMBRE)","description":"Comprar chaleco ciclismo impermeable azul LATITUDE INVERSE. Env\u00edo gratuito por compras superioes a 50\u20ac. Entrega entre 24 y 72 horas.","robots":{"index":"index","follow":"follow","max-snippet":"max-snippet:-1","max-image-preview":"max-image-preview:large","max-video-preview":"max-video-preview:-1"},"canonical":"https:\/\/www.inverseteams.com\/es\/producto\/chaleco-impermeable-latitude-hombre\/","og_locale":"es_ES","og_type":"article","og_title":"Chaleco impermeable LATITUDE (HOMBRE)","og_description":"Comprar chaleco ciclismo impermeable azul LATITUDE INVERSE. Env\u00edo gratuito por compras superioes a 50\u20ac. Entrega entre 24 y 72 horas.","og_url":"https:\/\/www.inverseteams.com\/es\/producto\/chaleco-impermeable-latitude-hombre\/","og_site_name":"Inverseteams","article_publisher":"https:\/\/www.facebook.com\/inverseteams","article_modified_time":"2023-02-11T13:01:37+00:00","og_image":[{"width":3000,"height":3223,"url":"https:\/\/www.inverseteams.com\/wp-content\/uploads\/CHALECO-CICLISTA-LATITUDE-23-HOMBRE-1.jpg","type":"image\/jpeg"}],"twitter_card":"summary_large_image","twitter_misc":{"Tiempo de lectura":"1 minuto"},"schema":{"@context":"https:\/\/schema.org","@graph":[{"@type":"WebPage","@id":"https:\/\/www.inverseteams.com\/es\/producto\/chaleco-impermeable-latitude-hombre\/","url":"https:\/\/www.inverseteams.com\/es\/producto\/chaleco-impermeable-latitude-hombre\/","name":"Chaleco impermeable LATITUDE (HOMBRE)","isPartOf":{"@id":"https:\/\/www.inverseteams.com\/es\/#website"},"primaryImageOfPage":{"@id":"https:\/\/www.inverseteams.com\/es\/producto\/chaleco-impermeable-latitude-hombre\/#primaryimage"},"image":{"@id":"https:\/\/www.inverseteams.com\/es\/producto\/chaleco-impermeable-latitude-hombre\/#primaryimage"},"thumbnailUrl":"https:\/\/www.inverseteams.com\/wp-content\/uploads\/CHALECO-CICLISTA-LATITUDE-23-HOMBRE-1.jpg","datePublished":"2022-06-13T12:48:13+00:00","dateModified":"2023-02-11T13:01:37+00:00","description":"Comprar chaleco ciclismo impermeable azul LATITUDE INVERSE. Env\u00edo gratuito por compras superioes a 50\u20ac. Entrega entre 24 y 72 horas.","breadcrumb":{"@id":"https:\/\/www.inverseteams.com\/es\/producto\/chaleco-impermeable-latitude-hombre\/#breadcrumb"},"inLanguage":"es","potentialAction":[{"@type":"ReadAction","target":["https:\/\/www.inverseteams.com\/es\/producto\/chaleco-impermeable-latitude-hombre\/"]}]},{"@type":"ImageObject","inLanguage":"es","@id":"https:\/\/www.inverseteams.com\/es\/producto\/chaleco-impermeable-latitude-hombre\/#primaryimage","url":"https:\/\/www.inverseteams.com\/wp-content\/uploads\/CHALECO-CICLISTA-LATITUDE-23-HOMBRE-1.jpg","contentUrl":"https:\/\/www.inverseteams.com\/wp-content\/uploads\/CHALECO-CICLISTA-LATITUDE-23-HOMBRE-1.jpg","width":3000,"height":3223},{"@type":"BreadcrumbList","@id":"https:\/\/www.inverseteams.com\/es\/producto\/chaleco-impermeable-latitude-hombre\/#breadcrumb","itemListElement":[{"@type":"ListItem","position":1,"name":"Portada","item":"https:\/\/www.inverseteams.com\/es\/"},{"@type":"ListItem","position":2,"name":"Tienda","item":"https:\/\/www.inverseteams.com\/es\/tienda\/"},{"@type":"ListItem","position":3,"name":"Chaleco impermeable LATITUDE (HOMBRE)"}]},{"@type":"WebSite","@id":"https:\/\/www.inverseteams.com\/es\/#website","url":"https:\/\/www.inverseteams.com\/es\/","name":"Inverseteams","description":"Tu marca de ropa deportiva personalizada","publisher":{"@id":"https:\/\/www.inverseteams.com\/es\/#organization"},"potentialAction":[{"@type":"SearchAction","target":{"@type":"EntryPoint","urlTemplate":"https:\/\/www.inverseteams.com\/es\/?s={search_term_string}"},"query-input":{"@type":"PropertyValueSpecification","valueRequired":true,"valueName":"search_term_string"}}],"inLanguage":"es"},{"@type":"Organization","@id":"https:\/\/www.inverseteams.com\/es\/#organization","name":"Inverse Teams","url":"https:\/\/www.inverseteams.com\/es\/","logo":{"@type":"ImageObject","inLanguage":"es","@id":"https:\/\/www.inverseteams.com\/es\/#\/schema\/logo\/image\/","url":"https:\/\/www.inverseteams.com\/wp-content\/uploads\/2021\/03\/logo-inverse-teams.png","contentUrl":"https:\/\/www.inverseteams.com\/wp-content\/uploads\/2021\/03\/logo-inverse-teams.png","width":294,"height":99,"caption":"Inverse Teams"},"image":{"@id":"https:\/\/www.inverseteams.com\/es\/#\/schema\/logo\/image\/"},"sameAs":["https:\/\/www.facebook.com\/inverseteams","http:\/\/instagram.com\/inverseteams","https:\/\/www.linkedin.com\/company\/inverse-cirosport-s-l-?trk=job_view_topcard_company_name","http:\/\/www.pinterest.com\/inverseteams\/","http:\/\/www.youtube.com\/user\/inverseteams?feature=watch"]}]}},"_links":{"self":[{"href":"https:\/\/www.inverseteams.com\/es\/wp-json\/wp\/v2\/product\/79097","targetHints":{"allow":["GET"]}}],"collection":[{"href":"https:\/\/www.inverseteams.com\/es\/wp-json\/wp\/v2\/product"}],"about":[{"href":"https:\/\/www.inverseteams.com\/es\/wp-json\/wp\/v2\/types\/product"}],"replies":[{"embeddable":true,"href":"https:\/\/www.inverseteams.com\/es\/wp-json\/wp\/v2\/comments?post=79097"}],"wp:featuredmedia":[{"embeddable":true,"href":"https:\/\/www.inverseteams.com\/es\/wp-json\/wp\/v2\/media\/92534"}],"wp:attachment":[{"href":"https:\/\/www.inverseteams.com\/es\/wp-json\/wp\/v2\/media?parent=79097"}],"wp:term":[{"taxonomy":"product_brand","embeddable":true,"href":"https:\/\/www.inverseteams.com\/es\/wp-json\/wp\/v2\/product_brand?post=79097"},{"taxonomy":"product_cat","embeddable":true,"href":"https:\/\/www.inverseteams.com\/es\/wp-json\/wp\/v2\/product_cat?post=79097"},{"taxonomy":"product_tag","embeddable":true,"href":"https:\/\/www.inverseteams.com\/es\/wp-json\/wp\/v2\/product_tag?post=79097"},{"taxonomy":"custom_category","embeddable":true,"href":"https:\/\/www.inverseteams.com\/es\/wp-json\/wp\/v2\/custom_category?post=79097"},{"taxonomy":"range","embeddable":true,"href":"https:\/\/www.inverseteams.com\/es\/wp-json\/wp\/v2\/range?post=79097"}],"curies":[{"name":"wp","href":"https:\/\/api.w.org\/{rel}","templated":true}]}}