{"id":7104,"date":"2021-05-10T08:32:47","date_gmt":"2021-05-10T08:32:47","guid":{"rendered":"https:\/\/new.inverseteams.ddev.site\/product\/pantalon-chandal-training\/"},"modified":"2023-12-29T09:04:55","modified_gmt":"2023-12-29T09:04:55","slug":"pantalon-chandal-personalizado-training","status":"publish","type":"product","link":"https:\/\/www.inverseteams.com\/es\/producto\/pantalon-chandal-personalizado-training\/","title":{"rendered":"Pantal\u00f3n ch\u00e1ndal personalizado TRAINING"},"content":{"rendered":"<p>Pantal\u00f3n de ch\u00e1ndal confeccionado con el tejido HORIZON que aporta calor a la vez que transpira muy bien. En los laterales tiene 2 bolsillos con cremallera muy \u00fatiles para guardar cualquier objeto con total seguridad. Al final de la pierna tiene una banda el\u00e1stica para que el pantal\u00f3n TRAINING se ajuste perfectamente a tu pierna.<br \/>\nSe puede personalizar la parte frontal. El resto del pantal\u00f3n siempre es negro.<\/p>\n","protected":false},"excerpt":{"rendered":"<p>Pantal\u00f3n de ch\u00e1ndal confeccionado con el tejido HORIZON que aporta calor a la vez que transpira muy bien. En los laterales tiene 2 bolsillos con cremallera muy \u00fatiles para guardar cualquier objeto con total seguridad. Al final de la pierna tiene una banda el\u00e1stica para que el pantal\u00f3n TRAINING se ajuste perfectamente a tu pierna.<br \/>\nSe puede personalizar la parte frontal. El resto del pantal\u00f3n siempre es negro.<\/p>\n","protected":false},"featured_media":141036,"comment_status":"closed","ping_status":"closed","template":"","meta":{"_acf_changed":false},"product_brand":[],"product_cat":[15],"product_tag":[],"custom_category":[13294,1365,2705],"range":[1414],"class_list":{"0":"post-7104","1":"product","2":"type-product","3":"status-publish","4":"has-post-thumbnail","6":"product_cat-uncategorized","7":"pa_climatologia-viento","8":"pa_climatologia-frio","9":"pa_climatologia-temperatura-templada","10":"pa_deporte-casual","11":"pa_genero-hombre","12":"pa_genero-mujer","13":"pa_genero-infantil","14":"pa_patronaje-regular","15":"pa_tipo-de-prenda-chandal","16":"custom_category-chandal-personalizado","17":"custom_category-deporte","18":"custom_category-ropa-casual-personalizada","19":"range-training","21":"first","22":"instock","23":"product-type-custom"},"acf":[],"yoast_head":"<!-- This site is optimized with the Yoast SEO plugin v27.2 - https:\/\/yoast.com\/product\/yoast-seo-wordpress\/ -->\n<title>Pantal\u00f3n ch\u00e1ndal personalizado TRAINING<\/title>\n<meta name=\"description\" content=\"Pantal\u00f3n ch\u00e1ndal personalizado TRAINING. Personalizable la parte frontal, el resto siempre es negro \u00a1Con tu dise\u00f1o, entrega en tan solo 4 semanas!\" \/>\n<meta name=\"robots\" content=\"index, follow, max-snippet:-1, max-image-preview:large, max-video-preview:-1\" \/>\n<link rel=\"canonical\" href=\"https:\/\/www.inverseteams.com\/es\/producto\/pantalon-chandal-personalizado-training\/\" \/>\n<meta property=\"og:locale\" content=\"es_ES\" \/>\n<meta property=\"og:type\" content=\"article\" \/>\n<meta property=\"og:title\" content=\"Pantal\u00f3n ch\u00e1ndal personalizado TRAINING\" \/>\n<meta property=\"og:description\" content=\"Pantal\u00f3n ch\u00e1ndal personalizado TRAINING. Personalizable la parte frontal, el resto siempre es negro \u00a1Con tu dise\u00f1o, entrega en tan solo 4 semanas!\" \/>\n<meta property=\"og:url\" content=\"https:\/\/www.inverseteams.com\/es\/producto\/pantalon-chandal-personalizado-training\/\" \/>\n<meta property=\"og:site_name\" content=\"Inverseteams\" \/>\n<meta property=\"article:publisher\" content=\"https:\/\/www.facebook.com\/inverseteams\" \/>\n<meta property=\"article:modified_time\" content=\"2023-12-29T09:04:55+00:00\" \/>\n<meta property=\"og:image\" content=\"https:\/\/www.inverseteams.com\/wp-content\/uploads\/PANTALON-CHANDAL-TRAINING-1-4.jpg\" \/>\n\t<meta property=\"og:image:width\" content=\"3222\" \/>\n\t<meta property=\"og:image:height\" content=\"3462\" \/>\n\t<meta property=\"og:image:type\" content=\"image\/jpeg\" \/>\n<meta name=\"twitter:card\" content=\"summary_large_image\" \/>\n<meta name=\"twitter:label1\" content=\"Tiempo de lectura\" \/>\n\t<meta name=\"twitter:data1\" content=\"1 minuto\" \/>\n<script type=\"application\/ld+json\" class=\"yoast-schema-graph\">{\"@context\":\"https:\/\/schema.org\",\"@graph\":[{\"@type\":\"WebPage\",\"@id\":\"https:\/\/www.inverseteams.com\/es\/producto\/pantalon-chandal-personalizado-training\/\",\"url\":\"https:\/\/www.inverseteams.com\/es\/producto\/pantalon-chandal-personalizado-training\/\",\"name\":\"Pantal\u00f3n ch\u00e1ndal personalizado TRAINING\",\"isPartOf\":{\"@id\":\"https:\/\/www.inverseteams.com\/es\/#website\"},\"primaryImageOfPage\":{\"@id\":\"https:\/\/www.inverseteams.com\/es\/producto\/pantalon-chandal-personalizado-training\/#primaryimage\"},\"image\":{\"@id\":\"https:\/\/www.inverseteams.com\/es\/producto\/pantalon-chandal-personalizado-training\/#primaryimage\"},\"thumbnailUrl\":\"https:\/\/www.inverseteams.com\/wp-content\/uploads\/PANTALON-CHANDAL-TRAINING-1-4.jpg\",\"datePublished\":\"2021-05-10T08:32:47+00:00\",\"dateModified\":\"2023-12-29T09:04:55+00:00\",\"description\":\"Pantal\u00f3n ch\u00e1ndal personalizado TRAINING. Personalizable la parte frontal, el resto siempre es negro \u00a1Con tu dise\u00f1o, entrega en tan solo 4 semanas!\",\"breadcrumb\":{\"@id\":\"https:\/\/www.inverseteams.com\/es\/producto\/pantalon-chandal-personalizado-training\/#breadcrumb\"},\"inLanguage\":\"es\",\"potentialAction\":[{\"@type\":\"ReadAction\",\"target\":[\"https:\/\/www.inverseteams.com\/es\/producto\/pantalon-chandal-personalizado-training\/\"]}]},{\"@type\":\"ImageObject\",\"inLanguage\":\"es\",\"@id\":\"https:\/\/www.inverseteams.com\/es\/producto\/pantalon-chandal-personalizado-training\/#primaryimage\",\"url\":\"https:\/\/www.inverseteams.com\/wp-content\/uploads\/PANTALON-CHANDAL-TRAINING-1-4.jpg\",\"contentUrl\":\"https:\/\/www.inverseteams.com\/wp-content\/uploads\/PANTALON-CHANDAL-TRAINING-1-4.jpg\",\"width\":3222,\"height\":3462,\"caption\":\"PANTALON CHANDAL SUBLIMADO PERSONALIZADO\"},{\"@type\":\"BreadcrumbList\",\"@id\":\"https:\/\/www.inverseteams.com\/es\/producto\/pantalon-chandal-personalizado-training\/#breadcrumb\",\"itemListElement\":[{\"@type\":\"ListItem\",\"position\":1,\"name\":\"Portada\",\"item\":\"https:\/\/www.inverseteams.com\/es\/\"},{\"@type\":\"ListItem\",\"position\":2,\"name\":\"Tienda\",\"item\":\"https:\/\/www.inverseteams.com\/es\/tienda\/\"},{\"@type\":\"ListItem\",\"position\":3,\"name\":\"Pantal\u00f3n ch\u00e1ndal personalizado TRAINING\"}]},{\"@type\":\"WebSite\",\"@id\":\"https:\/\/www.inverseteams.com\/es\/#website\",\"url\":\"https:\/\/www.inverseteams.com\/es\/\",\"name\":\"Inverseteams\",\"description\":\"Tu marca de ropa deportiva personalizada\",\"publisher\":{\"@id\":\"https:\/\/www.inverseteams.com\/es\/#organization\"},\"potentialAction\":[{\"@type\":\"SearchAction\",\"target\":{\"@type\":\"EntryPoint\",\"urlTemplate\":\"https:\/\/www.inverseteams.com\/es\/?s={search_term_string}\"},\"query-input\":{\"@type\":\"PropertyValueSpecification\",\"valueRequired\":true,\"valueName\":\"search_term_string\"}}],\"inLanguage\":\"es\"},{\"@type\":\"Organization\",\"@id\":\"https:\/\/www.inverseteams.com\/es\/#organization\",\"name\":\"Inverse Teams\",\"url\":\"https:\/\/www.inverseteams.com\/es\/\",\"logo\":{\"@type\":\"ImageObject\",\"inLanguage\":\"es\",\"@id\":\"https:\/\/www.inverseteams.com\/es\/#\/schema\/logo\/image\/\",\"url\":\"https:\/\/www.inverseteams.com\/wp-content\/uploads\/2021\/03\/logo-inverse-teams.png\",\"contentUrl\":\"https:\/\/www.inverseteams.com\/wp-content\/uploads\/2021\/03\/logo-inverse-teams.png\",\"width\":294,\"height\":99,\"caption\":\"Inverse Teams\"},\"image\":{\"@id\":\"https:\/\/www.inverseteams.com\/es\/#\/schema\/logo\/image\/\"},\"sameAs\":[\"https:\/\/www.facebook.com\/inverseteams\",\"http:\/\/instagram.com\/inverseteams\",\"https:\/\/www.linkedin.com\/company\/inverse-cirosport-s-l-?trk=job_view_topcard_company_name\",\"http:\/\/www.pinterest.com\/inverseteams\/\",\"http:\/\/www.youtube.com\/user\/inverseteams?feature=watch\"]}]}<\/script>\n<!-- \/ Yoast SEO plugin. -->","yoast_head_json":{"title":"Pantal\u00f3n ch\u00e1ndal personalizado TRAINING","description":"Pantal\u00f3n ch\u00e1ndal personalizado TRAINING. Personalizable la parte frontal, el resto siempre es negro \u00a1Con tu dise\u00f1o, entrega en tan solo 4 semanas!","robots":{"index":"index","follow":"follow","max-snippet":"max-snippet:-1","max-image-preview":"max-image-preview:large","max-video-preview":"max-video-preview:-1"},"canonical":"https:\/\/www.inverseteams.com\/es\/producto\/pantalon-chandal-personalizado-training\/","og_locale":"es_ES","og_type":"article","og_title":"Pantal\u00f3n ch\u00e1ndal personalizado TRAINING","og_description":"Pantal\u00f3n ch\u00e1ndal personalizado TRAINING. Personalizable la parte frontal, el resto siempre es negro \u00a1Con tu dise\u00f1o, entrega en tan solo 4 semanas!","og_url":"https:\/\/www.inverseteams.com\/es\/producto\/pantalon-chandal-personalizado-training\/","og_site_name":"Inverseteams","article_publisher":"https:\/\/www.facebook.com\/inverseteams","article_modified_time":"2023-12-29T09:04:55+00:00","og_image":[{"width":3222,"height":3462,"url":"https:\/\/www.inverseteams.com\/wp-content\/uploads\/PANTALON-CHANDAL-TRAINING-1-4.jpg","type":"image\/jpeg"}],"twitter_card":"summary_large_image","twitter_misc":{"Tiempo de lectura":"1 minuto"},"schema":{"@context":"https:\/\/schema.org","@graph":[{"@type":"WebPage","@id":"https:\/\/www.inverseteams.com\/es\/producto\/pantalon-chandal-personalizado-training\/","url":"https:\/\/www.inverseteams.com\/es\/producto\/pantalon-chandal-personalizado-training\/","name":"Pantal\u00f3n ch\u00e1ndal personalizado TRAINING","isPartOf":{"@id":"https:\/\/www.inverseteams.com\/es\/#website"},"primaryImageOfPage":{"@id":"https:\/\/www.inverseteams.com\/es\/producto\/pantalon-chandal-personalizado-training\/#primaryimage"},"image":{"@id":"https:\/\/www.inverseteams.com\/es\/producto\/pantalon-chandal-personalizado-training\/#primaryimage"},"thumbnailUrl":"https:\/\/www.inverseteams.com\/wp-content\/uploads\/PANTALON-CHANDAL-TRAINING-1-4.jpg","datePublished":"2021-05-10T08:32:47+00:00","dateModified":"2023-12-29T09:04:55+00:00","description":"Pantal\u00f3n ch\u00e1ndal personalizado TRAINING. Personalizable la parte frontal, el resto siempre es negro \u00a1Con tu dise\u00f1o, entrega en tan solo 4 semanas!","breadcrumb":{"@id":"https:\/\/www.inverseteams.com\/es\/producto\/pantalon-chandal-personalizado-training\/#breadcrumb"},"inLanguage":"es","potentialAction":[{"@type":"ReadAction","target":["https:\/\/www.inverseteams.com\/es\/producto\/pantalon-chandal-personalizado-training\/"]}]},{"@type":"ImageObject","inLanguage":"es","@id":"https:\/\/www.inverseteams.com\/es\/producto\/pantalon-chandal-personalizado-training\/#primaryimage","url":"https:\/\/www.inverseteams.com\/wp-content\/uploads\/PANTALON-CHANDAL-TRAINING-1-4.jpg","contentUrl":"https:\/\/www.inverseteams.com\/wp-content\/uploads\/PANTALON-CHANDAL-TRAINING-1-4.jpg","width":3222,"height":3462,"caption":"PANTALON CHANDAL SUBLIMADO PERSONALIZADO"},{"@type":"BreadcrumbList","@id":"https:\/\/www.inverseteams.com\/es\/producto\/pantalon-chandal-personalizado-training\/#breadcrumb","itemListElement":[{"@type":"ListItem","position":1,"name":"Portada","item":"https:\/\/www.inverseteams.com\/es\/"},{"@type":"ListItem","position":2,"name":"Tienda","item":"https:\/\/www.inverseteams.com\/es\/tienda\/"},{"@type":"ListItem","position":3,"name":"Pantal\u00f3n ch\u00e1ndal personalizado TRAINING"}]},{"@type":"WebSite","@id":"https:\/\/www.inverseteams.com\/es\/#website","url":"https:\/\/www.inverseteams.com\/es\/","name":"Inverseteams","description":"Tu marca de ropa deportiva personalizada","publisher":{"@id":"https:\/\/www.inverseteams.com\/es\/#organization"},"potentialAction":[{"@type":"SearchAction","target":{"@type":"EntryPoint","urlTemplate":"https:\/\/www.inverseteams.com\/es\/?s={search_term_string}"},"query-input":{"@type":"PropertyValueSpecification","valueRequired":true,"valueName":"search_term_string"}}],"inLanguage":"es"},{"@type":"Organization","@id":"https:\/\/www.inverseteams.com\/es\/#organization","name":"Inverse Teams","url":"https:\/\/www.inverseteams.com\/es\/","logo":{"@type":"ImageObject","inLanguage":"es","@id":"https:\/\/www.inverseteams.com\/es\/#\/schema\/logo\/image\/","url":"https:\/\/www.inverseteams.com\/wp-content\/uploads\/2021\/03\/logo-inverse-teams.png","contentUrl":"https:\/\/www.inverseteams.com\/wp-content\/uploads\/2021\/03\/logo-inverse-teams.png","width":294,"height":99,"caption":"Inverse Teams"},"image":{"@id":"https:\/\/www.inverseteams.com\/es\/#\/schema\/logo\/image\/"},"sameAs":["https:\/\/www.facebook.com\/inverseteams","http:\/\/instagram.com\/inverseteams","https:\/\/www.linkedin.com\/company\/inverse-cirosport-s-l-?trk=job_view_topcard_company_name","http:\/\/www.pinterest.com\/inverseteams\/","http:\/\/www.youtube.com\/user\/inverseteams?feature=watch"]}]}},"_links":{"self":[{"href":"https:\/\/www.inverseteams.com\/es\/wp-json\/wp\/v2\/product\/7104","targetHints":{"allow":["GET"]}}],"collection":[{"href":"https:\/\/www.inverseteams.com\/es\/wp-json\/wp\/v2\/product"}],"about":[{"href":"https:\/\/www.inverseteams.com\/es\/wp-json\/wp\/v2\/types\/product"}],"replies":[{"embeddable":true,"href":"https:\/\/www.inverseteams.com\/es\/wp-json\/wp\/v2\/comments?post=7104"}],"wp:featuredmedia":[{"embeddable":true,"href":"https:\/\/www.inverseteams.com\/es\/wp-json\/wp\/v2\/media\/141036"}],"wp:attachment":[{"href":"https:\/\/www.inverseteams.com\/es\/wp-json\/wp\/v2\/media?parent=7104"}],"wp:term":[{"taxonomy":"product_brand","embeddable":true,"href":"https:\/\/www.inverseteams.com\/es\/wp-json\/wp\/v2\/product_brand?post=7104"},{"taxonomy":"product_cat","embeddable":true,"href":"https:\/\/www.inverseteams.com\/es\/wp-json\/wp\/v2\/product_cat?post=7104"},{"taxonomy":"product_tag","embeddable":true,"href":"https:\/\/www.inverseteams.com\/es\/wp-json\/wp\/v2\/product_tag?post=7104"},{"taxonomy":"custom_category","embeddable":true,"href":"https:\/\/www.inverseteams.com\/es\/wp-json\/wp\/v2\/custom_category?post=7104"},{"taxonomy":"range","embeddable":true,"href":"https:\/\/www.inverseteams.com\/es\/wp-json\/wp\/v2\/range?post=7104"}],"curies":[{"name":"wp","href":"https:\/\/api.w.org\/{rel}","templated":true}]}}