{"id":7073,"date":"2021-05-10T08:32:33","date_gmt":"2021-05-10T08:32:33","guid":{"rendered":"https:\/\/new.inverseteams.ddev.site\/product\/banador-natacion-jammer-atlantis\/"},"modified":"2023-05-05T11:23:44","modified_gmt":"2023-05-05T11:23:44","slug":"banador-natacion-jammer-personalizado-atlantis","status":"publish","type":"product","link":"https:\/\/www.inverseteams.com\/es\/producto\/banador-natacion-jammer-personalizado-atlantis\/","title":{"rendered":"Ba\u00f1ador nataci\u00f3n jammer personalizado ATLANTIS"},"content":{"rendered":"<p>Gracias a su buen ajuste y a la estructura del tejido este ba\u00f1ador ofrece un excelente deslizamiento por el agua. Destaca por ser super resistente al cloro y al salitre, y por su r\u00e1pido secado. Para regular el ajuste tiene un cord\u00f3n en la cintura. En su interior incorpora un forro muy fino de tacto agradable que evita rozaduras y posibles transparencias.<br \/>\nEs un ba\u00f1ador ideal para un uso diario e intenso.<\/p>\n","protected":false},"excerpt":{"rendered":"<p>Gracias a su buen ajuste y a la estructura del tejido este ba\u00f1ador ofrece un excelente deslizamiento por el agua. Destaca por ser super resistente al cloro y al salitre, y por su r\u00e1pido secado. Para regular el ajuste tiene un cord\u00f3n en la cintura. En su interior incorpora un forro muy fino de tacto agradable que evita rozaduras y posibles transparencias.<br \/>\nEs un ba\u00f1ador ideal para un uso diario e intenso.<\/p>\n","protected":false},"featured_media":129156,"comment_status":"closed","ping_status":"closed","template":"","meta":{"_acf_changed":false},"product_brand":[],"product_cat":[15],"product_tag":[],"custom_category":[2698,1365,2697],"range":[1408],"class_list":{"0":"post-7073","1":"product","2":"type-product","3":"status-publish","4":"has-post-thumbnail","6":"product_cat-uncategorized","7":"pa_climatologia-calor","8":"pa_deporte-natacion","9":"pa_genero-infantil","10":"pa_genero-hombre","11":"pa_patronaje-fit","12":"pa_tipo-de-prenda-banador","13":"custom_category-banador-natacion-personalizado","14":"custom_category-deporte","15":"custom_category-ropa-de-natacion-personalizada","16":"range-atlantis","18":"first","19":"instock","20":"product-type-custom"},"acf":[],"yoast_head":"<!-- This site is optimized with the Yoast SEO plugin v27.3 - https:\/\/yoast.com\/product\/yoast-seo-wordpress\/ -->\n<title>Ba\u00f1ador nataci\u00f3n jammer personalizado ATLANTIS<\/title>\n<meta name=\"description\" content=\"Ba\u00f1ador nataci\u00f3n jammer personalizado ATLANTIS. Su ajuste y la estructura del tejido facilitan el deslizamiento por el agua \u00a1Entrega en tan solo 4 semanas!\" \/>\n<meta name=\"robots\" content=\"index, follow, max-snippet:-1, max-image-preview:large, max-video-preview:-1\" \/>\n<link rel=\"canonical\" href=\"https:\/\/www.inverseteams.com\/es\/producto\/banador-natacion-jammer-personalizado-atlantis\/\" \/>\n<meta property=\"og:locale\" content=\"es_ES\" \/>\n<meta property=\"og:type\" content=\"article\" \/>\n<meta property=\"og:title\" content=\"Ba\u00f1ador nataci\u00f3n jammer personalizado ATLANTIS\" \/>\n<meta property=\"og:description\" content=\"Ba\u00f1ador nataci\u00f3n jammer personalizado ATLANTIS. Su ajuste y la estructura del tejido facilitan el deslizamiento por el agua \u00a1Entrega en tan solo 4 semanas!\" \/>\n<meta property=\"og:url\" content=\"https:\/\/www.inverseteams.com\/es\/producto\/banador-natacion-jammer-personalizado-atlantis\/\" \/>\n<meta property=\"og:site_name\" content=\"Inverseteams\" \/>\n<meta property=\"article:publisher\" content=\"https:\/\/www.facebook.com\/inverseteams\" \/>\n<meta property=\"article:modified_time\" content=\"2023-05-05T11:23:44+00:00\" \/>\n<meta property=\"og:image\" content=\"https:\/\/www.inverseteams.com\/wp-content\/uploads\/JAMMER-NATACION-PERSONALIZADO-ATLANTIS-1.jpg\" \/>\n\t<meta property=\"og:image:width\" content=\"3222\" \/>\n\t<meta property=\"og:image:height\" content=\"3462\" \/>\n\t<meta property=\"og:image:type\" content=\"image\/jpeg\" \/>\n<meta name=\"twitter:card\" content=\"summary_large_image\" \/>\n<script type=\"application\/ld+json\" class=\"yoast-schema-graph\">{\"@context\":\"https:\\\/\\\/schema.org\",\"@graph\":[{\"@type\":\"WebPage\",\"@id\":\"https:\\\/\\\/www.inverseteams.com\\\/es\\\/producto\\\/banador-natacion-jammer-personalizado-atlantis\\\/\",\"url\":\"https:\\\/\\\/www.inverseteams.com\\\/es\\\/producto\\\/banador-natacion-jammer-personalizado-atlantis\\\/\",\"name\":\"Ba\u00f1ador nataci\u00f3n jammer personalizado ATLANTIS\",\"isPartOf\":{\"@id\":\"https:\\\/\\\/www.inverseteams.com\\\/es\\\/#website\"},\"primaryImageOfPage\":{\"@id\":\"https:\\\/\\\/www.inverseteams.com\\\/es\\\/producto\\\/banador-natacion-jammer-personalizado-atlantis\\\/#primaryimage\"},\"image\":{\"@id\":\"https:\\\/\\\/www.inverseteams.com\\\/es\\\/producto\\\/banador-natacion-jammer-personalizado-atlantis\\\/#primaryimage\"},\"thumbnailUrl\":\"https:\\\/\\\/www.inverseteams.com\\\/wp-content\\\/uploads\\\/JAMMER-NATACION-PERSONALIZADO-ATLANTIS-1.jpg\",\"datePublished\":\"2021-05-10T08:32:33+00:00\",\"dateModified\":\"2023-05-05T11:23:44+00:00\",\"description\":\"Ba\u00f1ador nataci\u00f3n jammer personalizado ATLANTIS. Su ajuste y la estructura del tejido facilitan el deslizamiento por el agua \u00a1Entrega en tan solo 4 semanas!\",\"breadcrumb\":{\"@id\":\"https:\\\/\\\/www.inverseteams.com\\\/es\\\/producto\\\/banador-natacion-jammer-personalizado-atlantis\\\/#breadcrumb\"},\"inLanguage\":\"es\",\"potentialAction\":[{\"@type\":\"ReadAction\",\"target\":[\"https:\\\/\\\/www.inverseteams.com\\\/es\\\/producto\\\/banador-natacion-jammer-personalizado-atlantis\\\/\"]}]},{\"@type\":\"ImageObject\",\"inLanguage\":\"es\",\"@id\":\"https:\\\/\\\/www.inverseteams.com\\\/es\\\/producto\\\/banador-natacion-jammer-personalizado-atlantis\\\/#primaryimage\",\"url\":\"https:\\\/\\\/www.inverseteams.com\\\/wp-content\\\/uploads\\\/JAMMER-NATACION-PERSONALIZADO-ATLANTIS-1.jpg\",\"contentUrl\":\"https:\\\/\\\/www.inverseteams.com\\\/wp-content\\\/uploads\\\/JAMMER-NATACION-PERSONALIZADO-ATLANTIS-1.jpg\",\"width\":3222,\"height\":3462,\"caption\":\"ba\u00f1ador nataci\u00f3n jammer personalizado inverse\"},{\"@type\":\"BreadcrumbList\",\"@id\":\"https:\\\/\\\/www.inverseteams.com\\\/es\\\/producto\\\/banador-natacion-jammer-personalizado-atlantis\\\/#breadcrumb\",\"itemListElement\":[{\"@type\":\"ListItem\",\"position\":1,\"name\":\"Portada\",\"item\":\"https:\\\/\\\/www.inverseteams.com\\\/es\\\/\"},{\"@type\":\"ListItem\",\"position\":2,\"name\":\"Tienda\",\"item\":\"https:\\\/\\\/www.inverseteams.com\\\/es\\\/tienda\\\/\"},{\"@type\":\"ListItem\",\"position\":3,\"name\":\"Ba\u00f1ador nataci\u00f3n jammer personalizado ATLANTIS\"}]},{\"@type\":\"WebSite\",\"@id\":\"https:\\\/\\\/www.inverseteams.com\\\/es\\\/#website\",\"url\":\"https:\\\/\\\/www.inverseteams.com\\\/es\\\/\",\"name\":\"Inverseteams\",\"description\":\"Tu marca de ropa deportiva personalizada\",\"publisher\":{\"@id\":\"https:\\\/\\\/www.inverseteams.com\\\/es\\\/#organization\"},\"potentialAction\":[{\"@type\":\"SearchAction\",\"target\":{\"@type\":\"EntryPoint\",\"urlTemplate\":\"https:\\\/\\\/www.inverseteams.com\\\/es\\\/?s={search_term_string}\"},\"query-input\":{\"@type\":\"PropertyValueSpecification\",\"valueRequired\":true,\"valueName\":\"search_term_string\"}}],\"inLanguage\":\"es\"},{\"@type\":\"Organization\",\"@id\":\"https:\\\/\\\/www.inverseteams.com\\\/es\\\/#organization\",\"name\":\"Inverse Teams\",\"url\":\"https:\\\/\\\/www.inverseteams.com\\\/es\\\/\",\"logo\":{\"@type\":\"ImageObject\",\"inLanguage\":\"es\",\"@id\":\"https:\\\/\\\/www.inverseteams.com\\\/es\\\/#\\\/schema\\\/logo\\\/image\\\/\",\"url\":\"http:\\\/\\\/www.inverseteams.com\\\/wp-content\\\/uploads\\\/2021\\\/03\\\/logo-inverse-teams.png\",\"contentUrl\":\"http:\\\/\\\/www.inverseteams.com\\\/wp-content\\\/uploads\\\/2021\\\/03\\\/logo-inverse-teams.png\",\"width\":294,\"height\":99,\"caption\":\"Inverse Teams\"},\"image\":{\"@id\":\"https:\\\/\\\/www.inverseteams.com\\\/es\\\/#\\\/schema\\\/logo\\\/image\\\/\"},\"sameAs\":[\"https:\\\/\\\/www.facebook.com\\\/inverseteams\",\"http:\\\/\\\/instagram.com\\\/inverseteams\",\"https:\\\/\\\/www.linkedin.com\\\/company\\\/inverse-cirosport-s-l-?trk=job_view_topcard_company_name\",\"http:\\\/\\\/www.pinterest.com\\\/inverseteams\\\/\",\"http:\\\/\\\/www.youtube.com\\\/user\\\/inverseteams?feature=watch\"]}]}<\/script>\n<!-- \/ Yoast SEO plugin. -->","yoast_head_json":{"title":"Ba\u00f1ador nataci\u00f3n jammer personalizado ATLANTIS","description":"Ba\u00f1ador nataci\u00f3n jammer personalizado ATLANTIS. Su ajuste y la estructura del tejido facilitan el deslizamiento por el agua \u00a1Entrega en tan solo 4 semanas!","robots":{"index":"index","follow":"follow","max-snippet":"max-snippet:-1","max-image-preview":"max-image-preview:large","max-video-preview":"max-video-preview:-1"},"canonical":"https:\/\/www.inverseteams.com\/es\/producto\/banador-natacion-jammer-personalizado-atlantis\/","og_locale":"es_ES","og_type":"article","og_title":"Ba\u00f1ador nataci\u00f3n jammer personalizado ATLANTIS","og_description":"Ba\u00f1ador nataci\u00f3n jammer personalizado ATLANTIS. Su ajuste y la estructura del tejido facilitan el deslizamiento por el agua \u00a1Entrega en tan solo 4 semanas!","og_url":"https:\/\/www.inverseteams.com\/es\/producto\/banador-natacion-jammer-personalizado-atlantis\/","og_site_name":"Inverseteams","article_publisher":"https:\/\/www.facebook.com\/inverseteams","article_modified_time":"2023-05-05T11:23:44+00:00","og_image":[{"width":3222,"height":3462,"url":"https:\/\/www.inverseteams.com\/wp-content\/uploads\/JAMMER-NATACION-PERSONALIZADO-ATLANTIS-1.jpg","type":"image\/jpeg"}],"twitter_card":"summary_large_image","schema":{"@context":"https:\/\/schema.org","@graph":[{"@type":"WebPage","@id":"https:\/\/www.inverseteams.com\/es\/producto\/banador-natacion-jammer-personalizado-atlantis\/","url":"https:\/\/www.inverseteams.com\/es\/producto\/banador-natacion-jammer-personalizado-atlantis\/","name":"Ba\u00f1ador nataci\u00f3n jammer personalizado ATLANTIS","isPartOf":{"@id":"https:\/\/www.inverseteams.com\/es\/#website"},"primaryImageOfPage":{"@id":"https:\/\/www.inverseteams.com\/es\/producto\/banador-natacion-jammer-personalizado-atlantis\/#primaryimage"},"image":{"@id":"https:\/\/www.inverseteams.com\/es\/producto\/banador-natacion-jammer-personalizado-atlantis\/#primaryimage"},"thumbnailUrl":"https:\/\/www.inverseteams.com\/wp-content\/uploads\/JAMMER-NATACION-PERSONALIZADO-ATLANTIS-1.jpg","datePublished":"2021-05-10T08:32:33+00:00","dateModified":"2023-05-05T11:23:44+00:00","description":"Ba\u00f1ador nataci\u00f3n jammer personalizado ATLANTIS. Su ajuste y la estructura del tejido facilitan el deslizamiento por el agua \u00a1Entrega en tan solo 4 semanas!","breadcrumb":{"@id":"https:\/\/www.inverseteams.com\/es\/producto\/banador-natacion-jammer-personalizado-atlantis\/#breadcrumb"},"inLanguage":"es","potentialAction":[{"@type":"ReadAction","target":["https:\/\/www.inverseteams.com\/es\/producto\/banador-natacion-jammer-personalizado-atlantis\/"]}]},{"@type":"ImageObject","inLanguage":"es","@id":"https:\/\/www.inverseteams.com\/es\/producto\/banador-natacion-jammer-personalizado-atlantis\/#primaryimage","url":"https:\/\/www.inverseteams.com\/wp-content\/uploads\/JAMMER-NATACION-PERSONALIZADO-ATLANTIS-1.jpg","contentUrl":"https:\/\/www.inverseteams.com\/wp-content\/uploads\/JAMMER-NATACION-PERSONALIZADO-ATLANTIS-1.jpg","width":3222,"height":3462,"caption":"ba\u00f1ador nataci\u00f3n jammer personalizado inverse"},{"@type":"BreadcrumbList","@id":"https:\/\/www.inverseteams.com\/es\/producto\/banador-natacion-jammer-personalizado-atlantis\/#breadcrumb","itemListElement":[{"@type":"ListItem","position":1,"name":"Portada","item":"https:\/\/www.inverseteams.com\/es\/"},{"@type":"ListItem","position":2,"name":"Tienda","item":"https:\/\/www.inverseteams.com\/es\/tienda\/"},{"@type":"ListItem","position":3,"name":"Ba\u00f1ador nataci\u00f3n jammer personalizado ATLANTIS"}]},{"@type":"WebSite","@id":"https:\/\/www.inverseteams.com\/es\/#website","url":"https:\/\/www.inverseteams.com\/es\/","name":"Inverseteams","description":"Tu marca de ropa deportiva personalizada","publisher":{"@id":"https:\/\/www.inverseteams.com\/es\/#organization"},"potentialAction":[{"@type":"SearchAction","target":{"@type":"EntryPoint","urlTemplate":"https:\/\/www.inverseteams.com\/es\/?s={search_term_string}"},"query-input":{"@type":"PropertyValueSpecification","valueRequired":true,"valueName":"search_term_string"}}],"inLanguage":"es"},{"@type":"Organization","@id":"https:\/\/www.inverseteams.com\/es\/#organization","name":"Inverse Teams","url":"https:\/\/www.inverseteams.com\/es\/","logo":{"@type":"ImageObject","inLanguage":"es","@id":"https:\/\/www.inverseteams.com\/es\/#\/schema\/logo\/image\/","url":"https:\/\/www.inverseteams.com\/wp-content\/uploads\/2021\/03\/logo-inverse-teams.png","contentUrl":"https:\/\/www.inverseteams.com\/wp-content\/uploads\/2021\/03\/logo-inverse-teams.png","width":294,"height":99,"caption":"Inverse Teams"},"image":{"@id":"https:\/\/www.inverseteams.com\/es\/#\/schema\/logo\/image\/"},"sameAs":["https:\/\/www.facebook.com\/inverseteams","http:\/\/instagram.com\/inverseteams","https:\/\/www.linkedin.com\/company\/inverse-cirosport-s-l-?trk=job_view_topcard_company_name","http:\/\/www.pinterest.com\/inverseteams\/","http:\/\/www.youtube.com\/user\/inverseteams?feature=watch"]}]}},"_links":{"self":[{"href":"https:\/\/www.inverseteams.com\/es\/wp-json\/wp\/v2\/product\/7073","targetHints":{"allow":["GET"]}}],"collection":[{"href":"https:\/\/www.inverseteams.com\/es\/wp-json\/wp\/v2\/product"}],"about":[{"href":"https:\/\/www.inverseteams.com\/es\/wp-json\/wp\/v2\/types\/product"}],"replies":[{"embeddable":true,"href":"https:\/\/www.inverseteams.com\/es\/wp-json\/wp\/v2\/comments?post=7073"}],"wp:featuredmedia":[{"embeddable":true,"href":"https:\/\/www.inverseteams.com\/es\/wp-json\/wp\/v2\/media\/129156"}],"wp:attachment":[{"href":"https:\/\/www.inverseteams.com\/es\/wp-json\/wp\/v2\/media?parent=7073"}],"wp:term":[{"taxonomy":"product_brand","embeddable":true,"href":"https:\/\/www.inverseteams.com\/es\/wp-json\/wp\/v2\/product_brand?post=7073"},{"taxonomy":"product_cat","embeddable":true,"href":"https:\/\/www.inverseteams.com\/es\/wp-json\/wp\/v2\/product_cat?post=7073"},{"taxonomy":"product_tag","embeddable":true,"href":"https:\/\/www.inverseteams.com\/es\/wp-json\/wp\/v2\/product_tag?post=7073"},{"taxonomy":"custom_category","embeddable":true,"href":"https:\/\/www.inverseteams.com\/es\/wp-json\/wp\/v2\/custom_category?post=7073"},{"taxonomy":"range","embeddable":true,"href":"https:\/\/www.inverseteams.com\/es\/wp-json\/wp\/v2\/range?post=7073"}],"curies":[{"name":"wp","href":"https:\/\/api.w.org\/{rel}","templated":true}]}}