{"id":6955,"date":"2021-05-10T08:32:12","date_gmt":"2021-05-10T08:32:12","guid":{"rendered":"https:\/\/new.inverseteams.ddev.site\/product\/malla-larga-crosstraining-hard\/"},"modified":"2023-10-02T12:50:01","modified_gmt":"2023-10-02T12:50:01","slug":"malla-larga-crosstraining-personalizada-hard","status":"publish","type":"product","link":"https:\/\/www.inverseteams.com\/es\/producto\/malla-larga-crosstraining-personalizada-hard\/","title":{"rendered":"Malla larga crosstraining personalizada HARD"},"content":{"rendered":"<p>Con la nueva malla de crosstraining conseguir\u00e1s alcanzar tu m\u00e1ximo rendimiento. La elasticidad del tejido permitir\u00e1 que se adapte perfectamente a tus piernas. Adem\u00e1s tienen un tacto muy agradable para que te sientas confortable durante largas sesiones de ejercicio.<br \/>\nLas costuras planas que incorpora son muy resistentes y evitan cualquier roce o irritaci\u00f3n de la piel. La goma el\u00e1stica de la cintura se ajusta muy bien al cuerpo y mantiene la malla firme sin molestar.<br \/>\nAl final de las piernas tiene una banda el\u00e1stica microperforada con un grip de silicona hipoalerg\u00e9nica en su interior. \u00c9sta evita que aumente la sudoraci\u00f3n y mantiene la prenda bien sujeta a la pierna. En el exterior tiene unas l\u00edneas reflectantes 360\u00ba que aumentar\u00e1n tu seguridad ya que reflejar\u00e1n la luz de los veh\u00edculos.<\/p>\n","protected":false},"excerpt":{"rendered":"<p>Con la nueva malla larga de crosstraining conseguir\u00e1s alcanzar tu m\u00e1ximo rendimiento. La elasticidad del tejido permitir\u00e1 que se adapte perfectamente a tus piernas. Adem\u00e1s tienen un tacto muy agradable para que te sientas confortable durante largas sesiones de ejercicio.<br \/>\nLas costuras planas que incorpora son muy resistentes y evitan cualquier roce o irritaci\u00f3n de la piel. La goma el\u00e1stica de la cintura se ajusta muy bien al cuerpo y mantiene la malla firme sin molestar.<br \/>\nAl final de las piernas tiene una banda el\u00e1stica microperforada con un grip de silicona hipoalerg\u00e9nica en su interior. \u00c9sta evita que aumente la sudoraci\u00f3n y mantiene la prenda bien sujeta a la pierna. En el exterior tiene unas l\u00edneas reflectantes 360\u00ba que aumentar\u00e1n tu seguridad ya que reflejar\u00e1n la luz de los veh\u00edculos.<\/p>\n","protected":false},"featured_media":141116,"comment_status":"closed","ping_status":"closed","template":"","meta":{"_acf_changed":false},"product_brand":[],"product_cat":[15],"product_tag":[],"custom_category":[2678,1365,2672],"range":[1412],"class_list":{"0":"post-6955","1":"product","2":"type-product","3":"status-publish","4":"has-post-thumbnail","6":"product_cat-uncategorized","7":"pa_climatologia-temperatura-templada","8":"pa_deporte-crosstraining","9":"pa_genero-hombre","10":"pa_genero-mujer","11":"pa_genero-infantil","12":"pa_patronaje-fit","13":"pa_tipo-de-prenda-malla-larga","14":"custom_category-pantalon-crossfit-personalizado","15":"custom_category-deporte","16":"custom_category-ropa-de-crosstraining-personalizada","17":"range-hard","19":"first","20":"instock","21":"product-type-custom"},"acf":[],"yoast_head":"<!-- This site is optimized with the Yoast SEO plugin v27.5 - https:\/\/yoast.com\/product\/yoast-seo-wordpress\/ -->\n<title>Malla larga crosstraining personalizada HARD<\/title>\n<meta name=\"description\" content=\"Malla larga crosstraining personalizada. Tejido el\u00e1stico adaptable al cuerpo y costuras planas para evitar roces \u00a1Entrega en 4 semanas, dise\u00f1o incluido!\" \/>\n<meta name=\"robots\" content=\"index, follow, max-snippet:-1, max-image-preview:large, max-video-preview:-1\" \/>\n<link rel=\"canonical\" href=\"https:\/\/www.inverseteams.com\/es\/producto\/malla-larga-crosstraining-personalizada-hard\/\" \/>\n<meta property=\"og:locale\" content=\"es_ES\" \/>\n<meta property=\"og:type\" content=\"article\" \/>\n<meta property=\"og:title\" content=\"Malla larga crosstraining personalizada HARD\" \/>\n<meta property=\"og:description\" content=\"Malla larga crosstraining personalizada. Tejido el\u00e1stico adaptable al cuerpo y costuras planas para evitar roces \u00a1Entrega en 4 semanas, dise\u00f1o incluido!\" \/>\n<meta property=\"og:url\" content=\"https:\/\/www.inverseteams.com\/es\/producto\/malla-larga-crosstraining-personalizada-hard\/\" \/>\n<meta property=\"og:site_name\" content=\"Inverseteams\" \/>\n<meta property=\"article:publisher\" content=\"https:\/\/www.facebook.com\/inverseteams\" \/>\n<meta property=\"article:modified_time\" content=\"2023-10-02T12:50:01+00:00\" \/>\n<meta property=\"og:image\" content=\"https:\/\/www.inverseteams.com\/wp-content\/uploads\/MALLA-LARGA-HARD-1.jpg\" \/>\n\t<meta property=\"og:image:width\" content=\"3222\" \/>\n\t<meta property=\"og:image:height\" content=\"3462\" \/>\n\t<meta property=\"og:image:type\" content=\"image\/jpeg\" \/>\n<meta name=\"twitter:card\" content=\"summary_large_image\" \/>\n<meta name=\"twitter:label1\" content=\"Tiempo de lectura\" \/>\n\t<meta name=\"twitter:data1\" content=\"1 minuto\" \/>\n<script type=\"application\/ld+json\" class=\"yoast-schema-graph\">{\"@context\":\"https:\\\/\\\/schema.org\",\"@graph\":[{\"@type\":\"WebPage\",\"@id\":\"https:\\\/\\\/www.inverseteams.com\\\/es\\\/producto\\\/malla-larga-crosstraining-personalizada-hard\\\/\",\"url\":\"https:\\\/\\\/www.inverseteams.com\\\/es\\\/producto\\\/malla-larga-crosstraining-personalizada-hard\\\/\",\"name\":\"Malla larga crosstraining personalizada HARD\",\"isPartOf\":{\"@id\":\"https:\\\/\\\/www.inverseteams.com\\\/es\\\/#website\"},\"primaryImageOfPage\":{\"@id\":\"https:\\\/\\\/www.inverseteams.com\\\/es\\\/producto\\\/malla-larga-crosstraining-personalizada-hard\\\/#primaryimage\"},\"image\":{\"@id\":\"https:\\\/\\\/www.inverseteams.com\\\/es\\\/producto\\\/malla-larga-crosstraining-personalizada-hard\\\/#primaryimage\"},\"thumbnailUrl\":\"https:\\\/\\\/www.inverseteams.com\\\/wp-content\\\/uploads\\\/MALLA-LARGA-HARD-1.jpg\",\"datePublished\":\"2021-05-10T08:32:12+00:00\",\"dateModified\":\"2023-10-02T12:50:01+00:00\",\"description\":\"Malla larga crosstraining personalizada. Tejido el\u00e1stico adaptable al cuerpo y costuras planas para evitar roces \u00a1Entrega en 4 semanas, dise\u00f1o incluido!\",\"breadcrumb\":{\"@id\":\"https:\\\/\\\/www.inverseteams.com\\\/es\\\/producto\\\/malla-larga-crosstraining-personalizada-hard\\\/#breadcrumb\"},\"inLanguage\":\"es\",\"potentialAction\":[{\"@type\":\"ReadAction\",\"target\":[\"https:\\\/\\\/www.inverseteams.com\\\/es\\\/producto\\\/malla-larga-crosstraining-personalizada-hard\\\/\"]}]},{\"@type\":\"ImageObject\",\"inLanguage\":\"es\",\"@id\":\"https:\\\/\\\/www.inverseteams.com\\\/es\\\/producto\\\/malla-larga-crosstraining-personalizada-hard\\\/#primaryimage\",\"url\":\"https:\\\/\\\/www.inverseteams.com\\\/wp-content\\\/uploads\\\/MALLA-LARGA-HARD-1.jpg\",\"contentUrl\":\"https:\\\/\\\/www.inverseteams.com\\\/wp-content\\\/uploads\\\/MALLA-LARGA-HARD-1.jpg\",\"width\":3222,\"height\":3462,\"caption\":\"malla larga crosstraining personalizada\"},{\"@type\":\"BreadcrumbList\",\"@id\":\"https:\\\/\\\/www.inverseteams.com\\\/es\\\/producto\\\/malla-larga-crosstraining-personalizada-hard\\\/#breadcrumb\",\"itemListElement\":[{\"@type\":\"ListItem\",\"position\":1,\"name\":\"Portada\",\"item\":\"https:\\\/\\\/www.inverseteams.com\\\/es\\\/\"},{\"@type\":\"ListItem\",\"position\":2,\"name\":\"Tienda\",\"item\":\"https:\\\/\\\/www.inverseteams.com\\\/es\\\/tienda\\\/\"},{\"@type\":\"ListItem\",\"position\":3,\"name\":\"Malla larga crosstraining personalizada HARD\"}]},{\"@type\":\"WebSite\",\"@id\":\"https:\\\/\\\/www.inverseteams.com\\\/es\\\/#website\",\"url\":\"https:\\\/\\\/www.inverseteams.com\\\/es\\\/\",\"name\":\"Inverseteams\",\"description\":\"Tu marca de ropa deportiva personalizada\",\"publisher\":{\"@id\":\"https:\\\/\\\/www.inverseteams.com\\\/es\\\/#organization\"},\"potentialAction\":[{\"@type\":\"SearchAction\",\"target\":{\"@type\":\"EntryPoint\",\"urlTemplate\":\"https:\\\/\\\/www.inverseteams.com\\\/es\\\/?s={search_term_string}\"},\"query-input\":{\"@type\":\"PropertyValueSpecification\",\"valueRequired\":true,\"valueName\":\"search_term_string\"}}],\"inLanguage\":\"es\"},{\"@type\":\"Organization\",\"@id\":\"https:\\\/\\\/www.inverseteams.com\\\/es\\\/#organization\",\"name\":\"Inverse Teams\",\"url\":\"https:\\\/\\\/www.inverseteams.com\\\/es\\\/\",\"logo\":{\"@type\":\"ImageObject\",\"inLanguage\":\"es\",\"@id\":\"https:\\\/\\\/www.inverseteams.com\\\/es\\\/#\\\/schema\\\/logo\\\/image\\\/\",\"url\":\"https:\\\/\\\/www.inverseteams.com\\\/wp-content\\\/uploads\\\/2021\\\/03\\\/logo-inverse-teams.png\",\"contentUrl\":\"https:\\\/\\\/www.inverseteams.com\\\/wp-content\\\/uploads\\\/2021\\\/03\\\/logo-inverse-teams.png\",\"width\":294,\"height\":99,\"caption\":\"Inverse Teams\"},\"image\":{\"@id\":\"https:\\\/\\\/www.inverseteams.com\\\/es\\\/#\\\/schema\\\/logo\\\/image\\\/\"},\"sameAs\":[\"https:\\\/\\\/www.facebook.com\\\/inverseteams\",\"http:\\\/\\\/instagram.com\\\/inverseteams\",\"https:\\\/\\\/www.linkedin.com\\\/company\\\/inverse-cirosport-s-l-?trk=job_view_topcard_company_name\",\"http:\\\/\\\/www.pinterest.com\\\/inverseteams\\\/\",\"http:\\\/\\\/www.youtube.com\\\/user\\\/inverseteams?feature=watch\"]}]}<\/script>\n<!-- \/ Yoast SEO plugin. -->","yoast_head_json":{"title":"Malla larga crosstraining personalizada HARD","description":"Malla larga crosstraining personalizada. Tejido el\u00e1stico adaptable al cuerpo y costuras planas para evitar roces \u00a1Entrega en 4 semanas, dise\u00f1o incluido!","robots":{"index":"index","follow":"follow","max-snippet":"max-snippet:-1","max-image-preview":"max-image-preview:large","max-video-preview":"max-video-preview:-1"},"canonical":"https:\/\/www.inverseteams.com\/es\/producto\/malla-larga-crosstraining-personalizada-hard\/","og_locale":"es_ES","og_type":"article","og_title":"Malla larga crosstraining personalizada HARD","og_description":"Malla larga crosstraining personalizada. Tejido el\u00e1stico adaptable al cuerpo y costuras planas para evitar roces \u00a1Entrega en 4 semanas, dise\u00f1o incluido!","og_url":"https:\/\/www.inverseteams.com\/es\/producto\/malla-larga-crosstraining-personalizada-hard\/","og_site_name":"Inverseteams","article_publisher":"https:\/\/www.facebook.com\/inverseteams","article_modified_time":"2023-10-02T12:50:01+00:00","og_image":[{"width":3222,"height":3462,"url":"https:\/\/www.inverseteams.com\/wp-content\/uploads\/MALLA-LARGA-HARD-1.jpg","type":"image\/jpeg"}],"twitter_card":"summary_large_image","twitter_misc":{"Tiempo de lectura":"1 minuto"},"schema":{"@context":"https:\/\/schema.org","@graph":[{"@type":"WebPage","@id":"https:\/\/www.inverseteams.com\/es\/producto\/malla-larga-crosstraining-personalizada-hard\/","url":"https:\/\/www.inverseteams.com\/es\/producto\/malla-larga-crosstraining-personalizada-hard\/","name":"Malla larga crosstraining personalizada HARD","isPartOf":{"@id":"https:\/\/www.inverseteams.com\/es\/#website"},"primaryImageOfPage":{"@id":"https:\/\/www.inverseteams.com\/es\/producto\/malla-larga-crosstraining-personalizada-hard\/#primaryimage"},"image":{"@id":"https:\/\/www.inverseteams.com\/es\/producto\/malla-larga-crosstraining-personalizada-hard\/#primaryimage"},"thumbnailUrl":"https:\/\/www.inverseteams.com\/wp-content\/uploads\/MALLA-LARGA-HARD-1.jpg","datePublished":"2021-05-10T08:32:12+00:00","dateModified":"2023-10-02T12:50:01+00:00","description":"Malla larga crosstraining personalizada. Tejido el\u00e1stico adaptable al cuerpo y costuras planas para evitar roces \u00a1Entrega en 4 semanas, dise\u00f1o incluido!","breadcrumb":{"@id":"https:\/\/www.inverseteams.com\/es\/producto\/malla-larga-crosstraining-personalizada-hard\/#breadcrumb"},"inLanguage":"es","potentialAction":[{"@type":"ReadAction","target":["https:\/\/www.inverseteams.com\/es\/producto\/malla-larga-crosstraining-personalizada-hard\/"]}]},{"@type":"ImageObject","inLanguage":"es","@id":"https:\/\/www.inverseteams.com\/es\/producto\/malla-larga-crosstraining-personalizada-hard\/#primaryimage","url":"https:\/\/www.inverseteams.com\/wp-content\/uploads\/MALLA-LARGA-HARD-1.jpg","contentUrl":"https:\/\/www.inverseteams.com\/wp-content\/uploads\/MALLA-LARGA-HARD-1.jpg","width":3222,"height":3462,"caption":"malla larga crosstraining personalizada"},{"@type":"BreadcrumbList","@id":"https:\/\/www.inverseteams.com\/es\/producto\/malla-larga-crosstraining-personalizada-hard\/#breadcrumb","itemListElement":[{"@type":"ListItem","position":1,"name":"Portada","item":"https:\/\/www.inverseteams.com\/es\/"},{"@type":"ListItem","position":2,"name":"Tienda","item":"https:\/\/www.inverseteams.com\/es\/tienda\/"},{"@type":"ListItem","position":3,"name":"Malla larga crosstraining personalizada HARD"}]},{"@type":"WebSite","@id":"https:\/\/www.inverseteams.com\/es\/#website","url":"https:\/\/www.inverseteams.com\/es\/","name":"Inverseteams","description":"Tu marca de ropa deportiva personalizada","publisher":{"@id":"https:\/\/www.inverseteams.com\/es\/#organization"},"potentialAction":[{"@type":"SearchAction","target":{"@type":"EntryPoint","urlTemplate":"https:\/\/www.inverseteams.com\/es\/?s={search_term_string}"},"query-input":{"@type":"PropertyValueSpecification","valueRequired":true,"valueName":"search_term_string"}}],"inLanguage":"es"},{"@type":"Organization","@id":"https:\/\/www.inverseteams.com\/es\/#organization","name":"Inverse Teams","url":"https:\/\/www.inverseteams.com\/es\/","logo":{"@type":"ImageObject","inLanguage":"es","@id":"https:\/\/www.inverseteams.com\/es\/#\/schema\/logo\/image\/","url":"https:\/\/www.inverseteams.com\/wp-content\/uploads\/2021\/03\/logo-inverse-teams.png","contentUrl":"https:\/\/www.inverseteams.com\/wp-content\/uploads\/2021\/03\/logo-inverse-teams.png","width":294,"height":99,"caption":"Inverse Teams"},"image":{"@id":"https:\/\/www.inverseteams.com\/es\/#\/schema\/logo\/image\/"},"sameAs":["https:\/\/www.facebook.com\/inverseteams","http:\/\/instagram.com\/inverseteams","https:\/\/www.linkedin.com\/company\/inverse-cirosport-s-l-?trk=job_view_topcard_company_name","http:\/\/www.pinterest.com\/inverseteams\/","http:\/\/www.youtube.com\/user\/inverseteams?feature=watch"]}]}},"_links":{"self":[{"href":"https:\/\/www.inverseteams.com\/es\/wp-json\/wp\/v2\/product\/6955","targetHints":{"allow":["GET"]}}],"collection":[{"href":"https:\/\/www.inverseteams.com\/es\/wp-json\/wp\/v2\/product"}],"about":[{"href":"https:\/\/www.inverseteams.com\/es\/wp-json\/wp\/v2\/types\/product"}],"replies":[{"embeddable":true,"href":"https:\/\/www.inverseteams.com\/es\/wp-json\/wp\/v2\/comments?post=6955"}],"wp:featuredmedia":[{"embeddable":true,"href":"https:\/\/www.inverseteams.com\/es\/wp-json\/wp\/v2\/media\/141116"}],"wp:attachment":[{"href":"https:\/\/www.inverseteams.com\/es\/wp-json\/wp\/v2\/media?parent=6955"}],"wp:term":[{"taxonomy":"product_brand","embeddable":true,"href":"https:\/\/www.inverseteams.com\/es\/wp-json\/wp\/v2\/product_brand?post=6955"},{"taxonomy":"product_cat","embeddable":true,"href":"https:\/\/www.inverseteams.com\/es\/wp-json\/wp\/v2\/product_cat?post=6955"},{"taxonomy":"product_tag","embeddable":true,"href":"https:\/\/www.inverseteams.com\/es\/wp-json\/wp\/v2\/product_tag?post=6955"},{"taxonomy":"custom_category","embeddable":true,"href":"https:\/\/www.inverseteams.com\/es\/wp-json\/wp\/v2\/custom_category?post=6955"},{"taxonomy":"range","embeddable":true,"href":"https:\/\/www.inverseteams.com\/es\/wp-json\/wp\/v2\/range?post=6955"}],"curies":[{"name":"wp","href":"https:\/\/api.w.org\/{rel}","templated":true}]}}