{"id":6910,"date":"2021-05-10T08:32:05","date_gmt":"2021-05-10T08:32:05","guid":{"rendered":"https:\/\/new.inverseteams.ddev.site\/product\/camiseta-manga-corta-crosstraining-hard\/"},"modified":"2023-10-02T12:42:08","modified_gmt":"2023-10-02T12:42:08","slug":"camiseta-crosstraining-personalizada-hard","status":"publish","type":"product","link":"https:\/\/www.inverseteams.com\/es\/producto\/camiseta-crosstraining-personalizada-hard\/","title":{"rendered":"Camiseta crosstraining personalizada HARD"},"content":{"rendered":"<p>Camiseta t\u00e9cnica muy ligera ideal para la competici\u00f3n. Destaca por su gran resistencia y capacidad de transp\u00ecraci\u00f3n. Las mangas de lycra se adaptan perfectamente al brazo y te har\u00e1n sentir muy confortable. La zona de los hombros \u00e9s de tejido COOLTECH, resistente al pilling, para que resista el roce de una mochila u otros objetos que cargues.<br \/>\nEl patr\u00f3n entallado y la elasticidad de sus tejidos mantendr\u00e1n la camiseta siempre ce\u00f1ida al cuerpo. De este modo evitar\u00e1s engancharte con los obst\u00e1culos de la prueba.<br \/>\nSu tejido tiene una alta capacidad de secado y mantendr\u00e1 tu cuerpo seco. Tiene una cremallera corta en el pecho para que puedas regular la ventilaci\u00f3n durante la carrera. En ambos laterales encontrar\u00e1s un bolsillo de rejilla para poder guardar geles y barritas nutritivas c\u00f3modamente. Las propiedades anti-bacterianas y el tacto suave hacen que esta camiseta sea una prenda ideal para largas sesiones de ejercicio. Disfruta del deporte al aire libre por mucho calor que haga.<\/p>\n","protected":false},"excerpt":{"rendered":"<p>Camiseta t\u00e9cnica muy ligera ideal para la competici\u00f3n. Destaca por su gran resistencia y capacidad de transp\u00ecraci\u00f3n. Las mangas de lycra se adaptan perfectamente al brazo y te har\u00e1n sentir muy confortable. La zona de los hombros \u00e9s de tejido COOLTECH, resistente al pilling, para que resista el roce de una mochila u otros objetos que cargues.<br \/>\nEl patr\u00f3n entallado y la elasticidad de sus tejidos mantendr\u00e1n la camiseta siempre ce\u00f1ida al cuerpo. De este modo evitar\u00e1s engancharte con los obst\u00e1culos de la prueba.<br \/>\nSu tejido tiene una alta capacidad de secado y mantendr\u00e1 tu cuerpo seco. Tiene una cremallera corta en el pecho para que puedas regular la ventilaci\u00f3n durante la carrera. En ambos laterales encontrar\u00e1s un bolsillo de rejilla para poder guardar geles y barritas nutritivas c\u00f3modamente. Las propiedades anti-bacterianas y el tacto suave hacen que esta camiseta sea una prenda ideal para largas sesiones de ejercicio. Disfruta del deporte al aire libre por mucho calor que haga.<\/p>\n","protected":false},"featured_media":141092,"comment_status":"closed","ping_status":"closed","template":"","meta":{"_acf_changed":false},"product_brand":[],"product_cat":[15],"product_tag":[],"custom_category":[2673,1365,2672],"range":[1412],"class_list":{"0":"post-6910","1":"product","2":"type-product","3":"status-publish","4":"has-post-thumbnail","6":"product_cat-uncategorized","7":"pa_climatologia-calor","8":"pa_deporte-crosstraining","9":"pa_genero-hombre","10":"pa_genero-mujer","11":"pa_patronaje-fit","12":"pa_tipo-de-prenda-camiseta","13":"custom_category-camiseta-crossfit-personalizada","14":"custom_category-deporte","15":"custom_category-ropa-de-crosstraining-personalizada","16":"range-hard","18":"first","19":"instock","20":"product-type-custom"},"acf":[],"yoast_head":"<!-- This site is optimized with the Yoast SEO plugin v27.2 - https:\/\/yoast.com\/product\/yoast-seo-wordpress\/ -->\n<title>Camiseta crosstraining personalizada HARD<\/title>\n<meta name=\"description\" content=\"Camiseta crosstraining personalizada HARD. Resistente, el\u00e1stica y transpirable. Ce\u00f1ida para evitar engancharte con los obst\u00e1culos \u00a1Entrega en 4 semanas!\" \/>\n<meta name=\"robots\" content=\"index, follow, max-snippet:-1, max-image-preview:large, max-video-preview:-1\" \/>\n<link rel=\"canonical\" href=\"https:\/\/www.inverseteams.com\/es\/producto\/camiseta-crosstraining-personalizada-hard\/\" \/>\n<meta property=\"og:locale\" content=\"es_ES\" \/>\n<meta property=\"og:type\" content=\"article\" \/>\n<meta property=\"og:title\" content=\"Camiseta crosstraining personalizada HARD\" \/>\n<meta property=\"og:description\" content=\"Camiseta crosstraining personalizada HARD. Resistente, el\u00e1stica y transpirable. Ce\u00f1ida para evitar engancharte con los obst\u00e1culos \u00a1Entrega en 4 semanas!\" \/>\n<meta property=\"og:url\" content=\"https:\/\/www.inverseteams.com\/es\/producto\/camiseta-crosstraining-personalizada-hard\/\" \/>\n<meta property=\"og:site_name\" content=\"Inverseteams\" \/>\n<meta property=\"article:publisher\" content=\"https:\/\/www.facebook.com\/inverseteams\" \/>\n<meta property=\"article:modified_time\" content=\"2023-10-02T12:42:08+00:00\" \/>\n<meta property=\"og:image\" content=\"https:\/\/www.inverseteams.com\/wp-content\/uploads\/CAMISETA-MC-HARD-1.jpg\" \/>\n\t<meta property=\"og:image:width\" content=\"3222\" \/>\n\t<meta property=\"og:image:height\" content=\"3462\" \/>\n\t<meta property=\"og:image:type\" content=\"image\/jpeg\" \/>\n<meta name=\"twitter:card\" content=\"summary_large_image\" \/>\n<meta name=\"twitter:label1\" content=\"Tiempo de lectura\" \/>\n\t<meta name=\"twitter:data1\" content=\"1 minuto\" \/>\n<script type=\"application\/ld+json\" class=\"yoast-schema-graph\">{\"@context\":\"https:\/\/schema.org\",\"@graph\":[{\"@type\":\"WebPage\",\"@id\":\"https:\/\/www.inverseteams.com\/es\/producto\/camiseta-crosstraining-personalizada-hard\/\",\"url\":\"https:\/\/www.inverseteams.com\/es\/producto\/camiseta-crosstraining-personalizada-hard\/\",\"name\":\"Camiseta crosstraining personalizada HARD\",\"isPartOf\":{\"@id\":\"https:\/\/www.inverseteams.com\/es\/#website\"},\"primaryImageOfPage\":{\"@id\":\"https:\/\/www.inverseteams.com\/es\/producto\/camiseta-crosstraining-personalizada-hard\/#primaryimage\"},\"image\":{\"@id\":\"https:\/\/www.inverseteams.com\/es\/producto\/camiseta-crosstraining-personalizada-hard\/#primaryimage\"},\"thumbnailUrl\":\"https:\/\/www.inverseteams.com\/wp-content\/uploads\/CAMISETA-MC-HARD-1.jpg\",\"datePublished\":\"2021-05-10T08:32:05+00:00\",\"dateModified\":\"2023-10-02T12:42:08+00:00\",\"description\":\"Camiseta crosstraining personalizada HARD. Resistente, el\u00e1stica y transpirable. Ce\u00f1ida para evitar engancharte con los obst\u00e1culos \u00a1Entrega en 4 semanas!\",\"breadcrumb\":{\"@id\":\"https:\/\/www.inverseteams.com\/es\/producto\/camiseta-crosstraining-personalizada-hard\/#breadcrumb\"},\"inLanguage\":\"es\",\"potentialAction\":[{\"@type\":\"ReadAction\",\"target\":[\"https:\/\/www.inverseteams.com\/es\/producto\/camiseta-crosstraining-personalizada-hard\/\"]}]},{\"@type\":\"ImageObject\",\"inLanguage\":\"es\",\"@id\":\"https:\/\/www.inverseteams.com\/es\/producto\/camiseta-crosstraining-personalizada-hard\/#primaryimage\",\"url\":\"https:\/\/www.inverseteams.com\/wp-content\/uploads\/CAMISETA-MC-HARD-1.jpg\",\"contentUrl\":\"https:\/\/www.inverseteams.com\/wp-content\/uploads\/CAMISETA-MC-HARD-1.jpg\",\"width\":3222,\"height\":3462,\"caption\":\"camiseta crosstraining ocr spartan personalizada\"},{\"@type\":\"BreadcrumbList\",\"@id\":\"https:\/\/www.inverseteams.com\/es\/producto\/camiseta-crosstraining-personalizada-hard\/#breadcrumb\",\"itemListElement\":[{\"@type\":\"ListItem\",\"position\":1,\"name\":\"Portada\",\"item\":\"https:\/\/www.inverseteams.com\/es\/\"},{\"@type\":\"ListItem\",\"position\":2,\"name\":\"Tienda\",\"item\":\"https:\/\/www.inverseteams.com\/es\/tienda\/\"},{\"@type\":\"ListItem\",\"position\":3,\"name\":\"Camiseta crosstraining personalizada HARD\"}]},{\"@type\":\"WebSite\",\"@id\":\"https:\/\/www.inverseteams.com\/es\/#website\",\"url\":\"https:\/\/www.inverseteams.com\/es\/\",\"name\":\"Inverseteams\",\"description\":\"Tu marca de ropa deportiva personalizada\",\"publisher\":{\"@id\":\"https:\/\/www.inverseteams.com\/es\/#organization\"},\"potentialAction\":[{\"@type\":\"SearchAction\",\"target\":{\"@type\":\"EntryPoint\",\"urlTemplate\":\"https:\/\/www.inverseteams.com\/es\/?s={search_term_string}\"},\"query-input\":{\"@type\":\"PropertyValueSpecification\",\"valueRequired\":true,\"valueName\":\"search_term_string\"}}],\"inLanguage\":\"es\"},{\"@type\":\"Organization\",\"@id\":\"https:\/\/www.inverseteams.com\/es\/#organization\",\"name\":\"Inverse Teams\",\"url\":\"https:\/\/www.inverseteams.com\/es\/\",\"logo\":{\"@type\":\"ImageObject\",\"inLanguage\":\"es\",\"@id\":\"https:\/\/www.inverseteams.com\/es\/#\/schema\/logo\/image\/\",\"url\":\"https:\/\/www.inverseteams.com\/wp-content\/uploads\/2021\/03\/logo-inverse-teams.png\",\"contentUrl\":\"https:\/\/www.inverseteams.com\/wp-content\/uploads\/2021\/03\/logo-inverse-teams.png\",\"width\":294,\"height\":99,\"caption\":\"Inverse Teams\"},\"image\":{\"@id\":\"https:\/\/www.inverseteams.com\/es\/#\/schema\/logo\/image\/\"},\"sameAs\":[\"https:\/\/www.facebook.com\/inverseteams\",\"http:\/\/instagram.com\/inverseteams\",\"https:\/\/www.linkedin.com\/company\/inverse-cirosport-s-l-?trk=job_view_topcard_company_name\",\"http:\/\/www.pinterest.com\/inverseteams\/\",\"http:\/\/www.youtube.com\/user\/inverseteams?feature=watch\"]}]}<\/script>\n<!-- \/ Yoast SEO plugin. -->","yoast_head_json":{"title":"Camiseta crosstraining personalizada HARD","description":"Camiseta crosstraining personalizada HARD. Resistente, el\u00e1stica y transpirable. Ce\u00f1ida para evitar engancharte con los obst\u00e1culos \u00a1Entrega en 4 semanas!","robots":{"index":"index","follow":"follow","max-snippet":"max-snippet:-1","max-image-preview":"max-image-preview:large","max-video-preview":"max-video-preview:-1"},"canonical":"https:\/\/www.inverseteams.com\/es\/producto\/camiseta-crosstraining-personalizada-hard\/","og_locale":"es_ES","og_type":"article","og_title":"Camiseta crosstraining personalizada HARD","og_description":"Camiseta crosstraining personalizada HARD. Resistente, el\u00e1stica y transpirable. Ce\u00f1ida para evitar engancharte con los obst\u00e1culos \u00a1Entrega en 4 semanas!","og_url":"https:\/\/www.inverseteams.com\/es\/producto\/camiseta-crosstraining-personalizada-hard\/","og_site_name":"Inverseteams","article_publisher":"https:\/\/www.facebook.com\/inverseteams","article_modified_time":"2023-10-02T12:42:08+00:00","og_image":[{"width":3222,"height":3462,"url":"https:\/\/www.inverseteams.com\/wp-content\/uploads\/CAMISETA-MC-HARD-1.jpg","type":"image\/jpeg"}],"twitter_card":"summary_large_image","twitter_misc":{"Tiempo de lectura":"1 minuto"},"schema":{"@context":"https:\/\/schema.org","@graph":[{"@type":"WebPage","@id":"https:\/\/www.inverseteams.com\/es\/producto\/camiseta-crosstraining-personalizada-hard\/","url":"https:\/\/www.inverseteams.com\/es\/producto\/camiseta-crosstraining-personalizada-hard\/","name":"Camiseta crosstraining personalizada HARD","isPartOf":{"@id":"https:\/\/www.inverseteams.com\/es\/#website"},"primaryImageOfPage":{"@id":"https:\/\/www.inverseteams.com\/es\/producto\/camiseta-crosstraining-personalizada-hard\/#primaryimage"},"image":{"@id":"https:\/\/www.inverseteams.com\/es\/producto\/camiseta-crosstraining-personalizada-hard\/#primaryimage"},"thumbnailUrl":"https:\/\/www.inverseteams.com\/wp-content\/uploads\/CAMISETA-MC-HARD-1.jpg","datePublished":"2021-05-10T08:32:05+00:00","dateModified":"2023-10-02T12:42:08+00:00","description":"Camiseta crosstraining personalizada HARD. Resistente, el\u00e1stica y transpirable. Ce\u00f1ida para evitar engancharte con los obst\u00e1culos \u00a1Entrega en 4 semanas!","breadcrumb":{"@id":"https:\/\/www.inverseteams.com\/es\/producto\/camiseta-crosstraining-personalizada-hard\/#breadcrumb"},"inLanguage":"es","potentialAction":[{"@type":"ReadAction","target":["https:\/\/www.inverseteams.com\/es\/producto\/camiseta-crosstraining-personalizada-hard\/"]}]},{"@type":"ImageObject","inLanguage":"es","@id":"https:\/\/www.inverseteams.com\/es\/producto\/camiseta-crosstraining-personalizada-hard\/#primaryimage","url":"https:\/\/www.inverseteams.com\/wp-content\/uploads\/CAMISETA-MC-HARD-1.jpg","contentUrl":"https:\/\/www.inverseteams.com\/wp-content\/uploads\/CAMISETA-MC-HARD-1.jpg","width":3222,"height":3462,"caption":"camiseta crosstraining ocr spartan personalizada"},{"@type":"BreadcrumbList","@id":"https:\/\/www.inverseteams.com\/es\/producto\/camiseta-crosstraining-personalizada-hard\/#breadcrumb","itemListElement":[{"@type":"ListItem","position":1,"name":"Portada","item":"https:\/\/www.inverseteams.com\/es\/"},{"@type":"ListItem","position":2,"name":"Tienda","item":"https:\/\/www.inverseteams.com\/es\/tienda\/"},{"@type":"ListItem","position":3,"name":"Camiseta crosstraining personalizada HARD"}]},{"@type":"WebSite","@id":"https:\/\/www.inverseteams.com\/es\/#website","url":"https:\/\/www.inverseteams.com\/es\/","name":"Inverseteams","description":"Tu marca de ropa deportiva personalizada","publisher":{"@id":"https:\/\/www.inverseteams.com\/es\/#organization"},"potentialAction":[{"@type":"SearchAction","target":{"@type":"EntryPoint","urlTemplate":"https:\/\/www.inverseteams.com\/es\/?s={search_term_string}"},"query-input":{"@type":"PropertyValueSpecification","valueRequired":true,"valueName":"search_term_string"}}],"inLanguage":"es"},{"@type":"Organization","@id":"https:\/\/www.inverseteams.com\/es\/#organization","name":"Inverse Teams","url":"https:\/\/www.inverseteams.com\/es\/","logo":{"@type":"ImageObject","inLanguage":"es","@id":"https:\/\/www.inverseteams.com\/es\/#\/schema\/logo\/image\/","url":"https:\/\/www.inverseteams.com\/wp-content\/uploads\/2021\/03\/logo-inverse-teams.png","contentUrl":"https:\/\/www.inverseteams.com\/wp-content\/uploads\/2021\/03\/logo-inverse-teams.png","width":294,"height":99,"caption":"Inverse Teams"},"image":{"@id":"https:\/\/www.inverseteams.com\/es\/#\/schema\/logo\/image\/"},"sameAs":["https:\/\/www.facebook.com\/inverseteams","http:\/\/instagram.com\/inverseteams","https:\/\/www.linkedin.com\/company\/inverse-cirosport-s-l-?trk=job_view_topcard_company_name","http:\/\/www.pinterest.com\/inverseteams\/","http:\/\/www.youtube.com\/user\/inverseteams?feature=watch"]}]}},"_links":{"self":[{"href":"https:\/\/www.inverseteams.com\/es\/wp-json\/wp\/v2\/product\/6910","targetHints":{"allow":["GET"]}}],"collection":[{"href":"https:\/\/www.inverseteams.com\/es\/wp-json\/wp\/v2\/product"}],"about":[{"href":"https:\/\/www.inverseteams.com\/es\/wp-json\/wp\/v2\/types\/product"}],"replies":[{"embeddable":true,"href":"https:\/\/www.inverseteams.com\/es\/wp-json\/wp\/v2\/comments?post=6910"}],"wp:featuredmedia":[{"embeddable":true,"href":"https:\/\/www.inverseteams.com\/es\/wp-json\/wp\/v2\/media\/141092"}],"wp:attachment":[{"href":"https:\/\/www.inverseteams.com\/es\/wp-json\/wp\/v2\/media?parent=6910"}],"wp:term":[{"taxonomy":"product_brand","embeddable":true,"href":"https:\/\/www.inverseteams.com\/es\/wp-json\/wp\/v2\/product_brand?post=6910"},{"taxonomy":"product_cat","embeddable":true,"href":"https:\/\/www.inverseteams.com\/es\/wp-json\/wp\/v2\/product_cat?post=6910"},{"taxonomy":"product_tag","embeddable":true,"href":"https:\/\/www.inverseteams.com\/es\/wp-json\/wp\/v2\/product_tag?post=6910"},{"taxonomy":"custom_category","embeddable":true,"href":"https:\/\/www.inverseteams.com\/es\/wp-json\/wp\/v2\/custom_category?post=6910"},{"taxonomy":"range","embeddable":true,"href":"https:\/\/www.inverseteams.com\/es\/wp-json\/wp\/v2\/range?post=6910"}],"curies":[{"name":"wp","href":"https:\/\/api.w.org\/{rel}","templated":true}]}}