{"id":6738,"date":"2021-05-10T08:31:36","date_gmt":"2021-05-10T08:31:36","guid":{"rendered":"https:\/\/new.inverseteams.ddev.site\/product\/camiseta-trail-sin-mangas-ultra\/"},"modified":"2023-10-05T07:50:00","modified_gmt":"2023-10-05T07:50:00","slug":"camiseta-trail-sin-mangas-personalizada-ultra","status":"publish","type":"product","link":"https:\/\/www.inverseteams.com\/es\/producto\/camiseta-trail-sin-mangas-personalizada-ultra\/","title":{"rendered":"Camiseta trail sin mangas personalizada ULTRA"},"content":{"rendered":"<p>Destaca por su gran resistencia y capacidad de transp\u00ecraci\u00f3n. Su tejido tiene una alta capacidad de secado y mantendr\u00e1 tu cuerpo seco.<br \/>\nTiene una cremallera corta en el pecho para que puedas regular la ventilaci\u00f3n durante la carrera. En ambos laterales encontrar\u00e1s un bolsillo de rejilla para poder guardar geles y barritas nutritivas c\u00f3modamente.<br \/>\nLas propiedades anti-bacterianas y el tacto suave hacen que esta camiseta sea una prenda ideal para largas sesiones de ejercicio. Disfruta del deporte al aire libre por mucho calor que haga. Camiseta t\u00e9cnica muy ligera ideal para la competici\u00f3n y los entrenamientos durante d\u00edas muy calurosos.<\/p>\n","protected":false},"excerpt":{"rendered":"<p>Destaca por su gran resistencia y capacidad de transp\u00ecraci\u00f3n. Su tejido tiene una alta capacidad de secado y mantendr\u00e1 tu cuerpo seco.<br \/>\nTiene una cremallera corta en el pecho para que puedas regular la ventilaci\u00f3n durante la carrera. En ambos laterales encontrar\u00e1s un bolsillo de rejilla para poder guardar geles y barritas nutritivas c\u00f3modamente.<br \/>\nLas propiedades anti-bacterianas y el tacto suave hacen que esta camiseta sea una prenda ideal para largas sesiones de ejercicio. Disfruta del deporte al aire libre por mucho calor que haga. Camiseta t\u00e9cnica muy ligera ideal para la competici\u00f3n y los entrenamientos durante d\u00edas muy calurosos.<\/p>\n","protected":false},"featured_media":141687,"comment_status":"closed","ping_status":"closed","template":"","meta":{"_acf_changed":false},"product_brand":[],"product_cat":[15],"product_tag":[],"custom_category":[2626,1365,1396],"range":[1405],"class_list":{"0":"post-6738","1":"product","2":"type-product","3":"status-publish","4":"has-post-thumbnail","6":"product_cat-uncategorized","7":"pa_climatologia-calor","8":"pa_deporte-trail","9":"pa_genero-hombre","10":"pa_genero-mujer","11":"pa_genero-infantil","12":"pa_patronaje-regular","13":"pa_tipo-de-prenda-camiseta","14":"custom_category-camiseta-trail-running-personalizada","15":"custom_category-deporte","16":"custom_category-ropa-de-trail-running-personalizada","17":"range-ultra","19":"first","20":"instock","21":"product-type-custom"},"acf":[],"yoast_head":"<!-- This site is optimized with the Yoast SEO plugin v27.5 - https:\/\/yoast.com\/product\/yoast-seo-wordpress\/ -->\n<title>Camiseta trail sin mangas personalizada ULTRA<\/title>\n<meta name=\"description\" content=\"Camiseta trail sin mangas personalizada ULTRA. Muy ligera, destaca por su resistencia y transpirabilidad \u00a1Con tu dise\u00f1o, entrega en tan solo 4 semanas!\" \/>\n<meta name=\"robots\" content=\"index, follow, max-snippet:-1, max-image-preview:large, max-video-preview:-1\" \/>\n<link rel=\"canonical\" href=\"https:\/\/www.inverseteams.com\/es\/producto\/camiseta-trail-sin-mangas-personalizada-ultra\/\" \/>\n<meta property=\"og:locale\" content=\"es_ES\" \/>\n<meta property=\"og:type\" content=\"article\" \/>\n<meta property=\"og:title\" content=\"Camiseta trail sin mangas personalizada ULTRA\" \/>\n<meta property=\"og:description\" content=\"Camiseta trail sin mangas personalizada ULTRA. Muy ligera, destaca por su resistencia y transpirabilidad \u00a1Con tu dise\u00f1o, entrega en tan solo 4 semanas!\" \/>\n<meta property=\"og:url\" content=\"https:\/\/www.inverseteams.com\/es\/producto\/camiseta-trail-sin-mangas-personalizada-ultra\/\" \/>\n<meta property=\"og:site_name\" content=\"Inverseteams\" \/>\n<meta property=\"article:publisher\" content=\"https:\/\/www.facebook.com\/inverseteams\" \/>\n<meta property=\"article:modified_time\" content=\"2023-10-05T07:50:00+00:00\" \/>\n<meta property=\"og:image\" content=\"https:\/\/www.inverseteams.com\/wp-content\/uploads\/CAMISETA-SM-ULTRA-1-1.jpg\" \/>\n\t<meta property=\"og:image:width\" content=\"3222\" \/>\n\t<meta property=\"og:image:height\" content=\"3462\" \/>\n\t<meta property=\"og:image:type\" content=\"image\/jpeg\" \/>\n<meta name=\"twitter:card\" content=\"summary_large_image\" \/>\n<meta name=\"twitter:label1\" content=\"Tiempo de lectura\" \/>\n\t<meta name=\"twitter:data1\" content=\"1 minuto\" \/>\n<script type=\"application\/ld+json\" class=\"yoast-schema-graph\">{\"@context\":\"https:\\\/\\\/schema.org\",\"@graph\":[{\"@type\":\"WebPage\",\"@id\":\"https:\\\/\\\/www.inverseteams.com\\\/es\\\/producto\\\/camiseta-trail-sin-mangas-personalizada-ultra\\\/\",\"url\":\"https:\\\/\\\/www.inverseteams.com\\\/es\\\/producto\\\/camiseta-trail-sin-mangas-personalizada-ultra\\\/\",\"name\":\"Camiseta trail sin mangas personalizada ULTRA\",\"isPartOf\":{\"@id\":\"https:\\\/\\\/www.inverseteams.com\\\/es\\\/#website\"},\"primaryImageOfPage\":{\"@id\":\"https:\\\/\\\/www.inverseteams.com\\\/es\\\/producto\\\/camiseta-trail-sin-mangas-personalizada-ultra\\\/#primaryimage\"},\"image\":{\"@id\":\"https:\\\/\\\/www.inverseteams.com\\\/es\\\/producto\\\/camiseta-trail-sin-mangas-personalizada-ultra\\\/#primaryimage\"},\"thumbnailUrl\":\"https:\\\/\\\/www.inverseteams.com\\\/wp-content\\\/uploads\\\/CAMISETA-SM-ULTRA-1-1.jpg\",\"datePublished\":\"2021-05-10T08:31:36+00:00\",\"dateModified\":\"2023-10-05T07:50:00+00:00\",\"description\":\"Camiseta trail sin mangas personalizada ULTRA. Muy ligera, destaca por su resistencia y transpirabilidad \u00a1Con tu dise\u00f1o, entrega en tan solo 4 semanas!\",\"breadcrumb\":{\"@id\":\"https:\\\/\\\/www.inverseteams.com\\\/es\\\/producto\\\/camiseta-trail-sin-mangas-personalizada-ultra\\\/#breadcrumb\"},\"inLanguage\":\"es\",\"potentialAction\":[{\"@type\":\"ReadAction\",\"target\":[\"https:\\\/\\\/www.inverseteams.com\\\/es\\\/producto\\\/camiseta-trail-sin-mangas-personalizada-ultra\\\/\"]}]},{\"@type\":\"ImageObject\",\"inLanguage\":\"es\",\"@id\":\"https:\\\/\\\/www.inverseteams.com\\\/es\\\/producto\\\/camiseta-trail-sin-mangas-personalizada-ultra\\\/#primaryimage\",\"url\":\"https:\\\/\\\/www.inverseteams.com\\\/wp-content\\\/uploads\\\/CAMISETA-SM-ULTRA-1-1.jpg\",\"contentUrl\":\"https:\\\/\\\/www.inverseteams.com\\\/wp-content\\\/uploads\\\/CAMISETA-SM-ULTRA-1-1.jpg\",\"width\":3222,\"height\":3462,\"caption\":\"camiseta sin mangas trail running personalizada\"},{\"@type\":\"BreadcrumbList\",\"@id\":\"https:\\\/\\\/www.inverseteams.com\\\/es\\\/producto\\\/camiseta-trail-sin-mangas-personalizada-ultra\\\/#breadcrumb\",\"itemListElement\":[{\"@type\":\"ListItem\",\"position\":1,\"name\":\"Portada\",\"item\":\"https:\\\/\\\/www.inverseteams.com\\\/es\\\/\"},{\"@type\":\"ListItem\",\"position\":2,\"name\":\"Tienda\",\"item\":\"https:\\\/\\\/www.inverseteams.com\\\/es\\\/tienda\\\/\"},{\"@type\":\"ListItem\",\"position\":3,\"name\":\"Camiseta trail sin mangas personalizada ULTRA\"}]},{\"@type\":\"WebSite\",\"@id\":\"https:\\\/\\\/www.inverseteams.com\\\/es\\\/#website\",\"url\":\"https:\\\/\\\/www.inverseteams.com\\\/es\\\/\",\"name\":\"Inverseteams\",\"description\":\"Tu marca de ropa deportiva personalizada\",\"publisher\":{\"@id\":\"https:\\\/\\\/www.inverseteams.com\\\/es\\\/#organization\"},\"potentialAction\":[{\"@type\":\"SearchAction\",\"target\":{\"@type\":\"EntryPoint\",\"urlTemplate\":\"https:\\\/\\\/www.inverseteams.com\\\/es\\\/?s={search_term_string}\"},\"query-input\":{\"@type\":\"PropertyValueSpecification\",\"valueRequired\":true,\"valueName\":\"search_term_string\"}}],\"inLanguage\":\"es\"},{\"@type\":\"Organization\",\"@id\":\"https:\\\/\\\/www.inverseteams.com\\\/es\\\/#organization\",\"name\":\"Inverse Teams\",\"url\":\"https:\\\/\\\/www.inverseteams.com\\\/es\\\/\",\"logo\":{\"@type\":\"ImageObject\",\"inLanguage\":\"es\",\"@id\":\"https:\\\/\\\/www.inverseteams.com\\\/es\\\/#\\\/schema\\\/logo\\\/image\\\/\",\"url\":\"https:\\\/\\\/www.inverseteams.com\\\/wp-content\\\/uploads\\\/2021\\\/03\\\/logo-inverse-teams.png\",\"contentUrl\":\"https:\\\/\\\/www.inverseteams.com\\\/wp-content\\\/uploads\\\/2021\\\/03\\\/logo-inverse-teams.png\",\"width\":294,\"height\":99,\"caption\":\"Inverse Teams\"},\"image\":{\"@id\":\"https:\\\/\\\/www.inverseteams.com\\\/es\\\/#\\\/schema\\\/logo\\\/image\\\/\"},\"sameAs\":[\"https:\\\/\\\/www.facebook.com\\\/inverseteams\",\"http:\\\/\\\/instagram.com\\\/inverseteams\",\"https:\\\/\\\/www.linkedin.com\\\/company\\\/inverse-cirosport-s-l-?trk=job_view_topcard_company_name\",\"http:\\\/\\\/www.pinterest.com\\\/inverseteams\\\/\",\"http:\\\/\\\/www.youtube.com\\\/user\\\/inverseteams?feature=watch\"]}]}<\/script>\n<!-- \/ Yoast SEO plugin. -->","yoast_head_json":{"title":"Camiseta trail sin mangas personalizada ULTRA","description":"Camiseta trail sin mangas personalizada ULTRA. Muy ligera, destaca por su resistencia y transpirabilidad \u00a1Con tu dise\u00f1o, entrega en tan solo 4 semanas!","robots":{"index":"index","follow":"follow","max-snippet":"max-snippet:-1","max-image-preview":"max-image-preview:large","max-video-preview":"max-video-preview:-1"},"canonical":"https:\/\/www.inverseteams.com\/es\/producto\/camiseta-trail-sin-mangas-personalizada-ultra\/","og_locale":"es_ES","og_type":"article","og_title":"Camiseta trail sin mangas personalizada ULTRA","og_description":"Camiseta trail sin mangas personalizada ULTRA. Muy ligera, destaca por su resistencia y transpirabilidad \u00a1Con tu dise\u00f1o, entrega en tan solo 4 semanas!","og_url":"https:\/\/www.inverseteams.com\/es\/producto\/camiseta-trail-sin-mangas-personalizada-ultra\/","og_site_name":"Inverseteams","article_publisher":"https:\/\/www.facebook.com\/inverseteams","article_modified_time":"2023-10-05T07:50:00+00:00","og_image":[{"width":3222,"height":3462,"url":"https:\/\/www.inverseteams.com\/wp-content\/uploads\/CAMISETA-SM-ULTRA-1-1.jpg","type":"image\/jpeg"}],"twitter_card":"summary_large_image","twitter_misc":{"Tiempo de lectura":"1 minuto"},"schema":{"@context":"https:\/\/schema.org","@graph":[{"@type":"WebPage","@id":"https:\/\/www.inverseteams.com\/es\/producto\/camiseta-trail-sin-mangas-personalizada-ultra\/","url":"https:\/\/www.inverseteams.com\/es\/producto\/camiseta-trail-sin-mangas-personalizada-ultra\/","name":"Camiseta trail sin mangas personalizada ULTRA","isPartOf":{"@id":"https:\/\/www.inverseteams.com\/es\/#website"},"primaryImageOfPage":{"@id":"https:\/\/www.inverseteams.com\/es\/producto\/camiseta-trail-sin-mangas-personalizada-ultra\/#primaryimage"},"image":{"@id":"https:\/\/www.inverseteams.com\/es\/producto\/camiseta-trail-sin-mangas-personalizada-ultra\/#primaryimage"},"thumbnailUrl":"https:\/\/www.inverseteams.com\/wp-content\/uploads\/CAMISETA-SM-ULTRA-1-1.jpg","datePublished":"2021-05-10T08:31:36+00:00","dateModified":"2023-10-05T07:50:00+00:00","description":"Camiseta trail sin mangas personalizada ULTRA. Muy ligera, destaca por su resistencia y transpirabilidad \u00a1Con tu dise\u00f1o, entrega en tan solo 4 semanas!","breadcrumb":{"@id":"https:\/\/www.inverseteams.com\/es\/producto\/camiseta-trail-sin-mangas-personalizada-ultra\/#breadcrumb"},"inLanguage":"es","potentialAction":[{"@type":"ReadAction","target":["https:\/\/www.inverseteams.com\/es\/producto\/camiseta-trail-sin-mangas-personalizada-ultra\/"]}]},{"@type":"ImageObject","inLanguage":"es","@id":"https:\/\/www.inverseteams.com\/es\/producto\/camiseta-trail-sin-mangas-personalizada-ultra\/#primaryimage","url":"https:\/\/www.inverseteams.com\/wp-content\/uploads\/CAMISETA-SM-ULTRA-1-1.jpg","contentUrl":"https:\/\/www.inverseteams.com\/wp-content\/uploads\/CAMISETA-SM-ULTRA-1-1.jpg","width":3222,"height":3462,"caption":"camiseta sin mangas trail running personalizada"},{"@type":"BreadcrumbList","@id":"https:\/\/www.inverseteams.com\/es\/producto\/camiseta-trail-sin-mangas-personalizada-ultra\/#breadcrumb","itemListElement":[{"@type":"ListItem","position":1,"name":"Portada","item":"https:\/\/www.inverseteams.com\/es\/"},{"@type":"ListItem","position":2,"name":"Tienda","item":"https:\/\/www.inverseteams.com\/es\/tienda\/"},{"@type":"ListItem","position":3,"name":"Camiseta trail sin mangas personalizada ULTRA"}]},{"@type":"WebSite","@id":"https:\/\/www.inverseteams.com\/es\/#website","url":"https:\/\/www.inverseteams.com\/es\/","name":"Inverseteams","description":"Tu marca de ropa deportiva personalizada","publisher":{"@id":"https:\/\/www.inverseteams.com\/es\/#organization"},"potentialAction":[{"@type":"SearchAction","target":{"@type":"EntryPoint","urlTemplate":"https:\/\/www.inverseteams.com\/es\/?s={search_term_string}"},"query-input":{"@type":"PropertyValueSpecification","valueRequired":true,"valueName":"search_term_string"}}],"inLanguage":"es"},{"@type":"Organization","@id":"https:\/\/www.inverseteams.com\/es\/#organization","name":"Inverse Teams","url":"https:\/\/www.inverseteams.com\/es\/","logo":{"@type":"ImageObject","inLanguage":"es","@id":"https:\/\/www.inverseteams.com\/es\/#\/schema\/logo\/image\/","url":"https:\/\/www.inverseteams.com\/wp-content\/uploads\/2021\/03\/logo-inverse-teams.png","contentUrl":"https:\/\/www.inverseteams.com\/wp-content\/uploads\/2021\/03\/logo-inverse-teams.png","width":294,"height":99,"caption":"Inverse Teams"},"image":{"@id":"https:\/\/www.inverseteams.com\/es\/#\/schema\/logo\/image\/"},"sameAs":["https:\/\/www.facebook.com\/inverseteams","http:\/\/instagram.com\/inverseteams","https:\/\/www.linkedin.com\/company\/inverse-cirosport-s-l-?trk=job_view_topcard_company_name","http:\/\/www.pinterest.com\/inverseteams\/","http:\/\/www.youtube.com\/user\/inverseteams?feature=watch"]}]}},"_links":{"self":[{"href":"https:\/\/www.inverseteams.com\/es\/wp-json\/wp\/v2\/product\/6738","targetHints":{"allow":["GET"]}}],"collection":[{"href":"https:\/\/www.inverseteams.com\/es\/wp-json\/wp\/v2\/product"}],"about":[{"href":"https:\/\/www.inverseteams.com\/es\/wp-json\/wp\/v2\/types\/product"}],"replies":[{"embeddable":true,"href":"https:\/\/www.inverseteams.com\/es\/wp-json\/wp\/v2\/comments?post=6738"}],"wp:featuredmedia":[{"embeddable":true,"href":"https:\/\/www.inverseteams.com\/es\/wp-json\/wp\/v2\/media\/141687"}],"wp:attachment":[{"href":"https:\/\/www.inverseteams.com\/es\/wp-json\/wp\/v2\/media?parent=6738"}],"wp:term":[{"taxonomy":"product_brand","embeddable":true,"href":"https:\/\/www.inverseteams.com\/es\/wp-json\/wp\/v2\/product_brand?post=6738"},{"taxonomy":"product_cat","embeddable":true,"href":"https:\/\/www.inverseteams.com\/es\/wp-json\/wp\/v2\/product_cat?post=6738"},{"taxonomy":"product_tag","embeddable":true,"href":"https:\/\/www.inverseteams.com\/es\/wp-json\/wp\/v2\/product_tag?post=6738"},{"taxonomy":"custom_category","embeddable":true,"href":"https:\/\/www.inverseteams.com\/es\/wp-json\/wp\/v2\/custom_category?post=6738"},{"taxonomy":"range","embeddable":true,"href":"https:\/\/www.inverseteams.com\/es\/wp-json\/wp\/v2\/range?post=6738"}],"curies":[{"name":"wp","href":"https:\/\/api.w.org\/{rel}","templated":true}]}}