{"id":6711,"date":"2021-05-10T08:31:36","date_gmt":"2021-05-10T08:31:36","guid":{"rendered":"https:\/\/new.inverseteams.ddev.site\/product\/malla-larga-isotermica-kom\/"},"modified":"2025-12-04T08:56:55","modified_gmt":"2025-12-04T07:56:55","slug":"malla-larga-isotermica-personalizada-kom","status":"publish","type":"product","link":"https:\/\/www.inverseteams.com\/es\/producto\/malla-larga-isotermica-personalizada-kom\/","title":{"rendered":"Malla larga isot\u00e9rmica personalizada KOM"},"content":{"rendered":"<p>Con la nueva malla de running conseguir\u00e1s alcanzar tu m\u00e1ximo rendimiento. La elasticidad del tejido permitir\u00e1 que se adapte perfectamente a tus piernas. Adem\u00e1s tienen un tacto muy agradable para que te sientas confortable durante largas sesiones de ejercicio. Su tejido t\u00e9rmico te permitir\u00e1 mantener el calor corporal y poder correr sin problemas aunque las temperaturas sean bajas.<br \/>\nEn la zona lumbar encontrar\u00e1s un bolsillo con cremallera genial para guardar alg\u00fan objeto de valor durante el entreno. En ambos laterales tiene un bolsillo de rejilla para que puedas llevar barritas nutritivas.<br \/>\nLas costuras planas que incorpora son muy resistentes y evitan cualquier roce o irritaci\u00f3n de la piel. La goma el\u00e1stica de la cintura se ajusta muy bien al cuerpo y mantiene la malla firme sin molestar. Al final de las piernas tiene una banda el\u00e1stica microperforada con un grip de silicona hipoalerg\u00e9nica en su interior. \u00c9sta evita que aumente la sudoraci\u00f3n y mantiene la prenda bien sujeta a la pierna. En el exterior tiene unas l\u00edneas reflectantes 360\u00ba que aumentar\u00e1n tu seguridad ya que reflejar\u00e1n la luz de los veh\u00edculos.<\/p>\n","protected":false},"excerpt":{"rendered":"<p>Con la nueva malla de running conseguir\u00e1s alcanzar tu m\u00e1ximo rendimiento. La elasticidad del tejido permitir\u00e1 que se adapte perfectamente a tus piernas. Adem\u00e1s tienen un tacto muy agradable para que te sientas confortable durante largas sesiones de ejercicio. Su tejido t\u00e9rmico te permitir\u00e1 mantener el calor corporal y poder correr sin problemas aunque las temperaturas sean bajas.<br \/>\nEn la zona lumbar encontrar\u00e1s un bolsillo con cremallera genial para guardar alg\u00fan objeto de valor durante el entreno. En ambos laterales tiene un bolsillo de rejilla para que puedas llevar barritas nutritivas.<br \/>\nLas costuras planas que incorpora son muy resistentes y evitan cualquier roce o irritaci\u00f3n de la piel. La goma el\u00e1stica de la cintura se ajusta muy bien al cuerpo y mantiene la malla firme sin molestar. Al final de las piernas tiene una banda el\u00e1stica microperforada con un grip de silicona hipoalerg\u00e9nica en su interior. \u00c9sta evita que aumente la sudoraci\u00f3n y mantiene la prenda bien sujeta a la pierna. En el exterior tiene unas l\u00edneas reflectantes 360\u00ba que aumentar\u00e1n tu seguridad ya que reflejar\u00e1n la luz de los veh\u00edculos.<\/p>\n","protected":false},"featured_media":141637,"comment_status":"closed","ping_status":"closed","template":"","meta":{"_acf_changed":false},"product_brand":[],"product_cat":[15],"product_tag":[],"custom_category":[1365,1390,2616],"range":[1406],"class_list":{"0":"post-6711","1":"product","2":"type-product","3":"status-publish","4":"has-post-thumbnail","6":"product_cat-uncategorized","7":"pa_climatologia-frio","8":"pa_climatologia-viento","9":"pa_deporte-running","10":"pa_genero-hombre","11":"pa_genero-mujer","12":"pa_genero-infantil","13":"pa_patronaje-fit","14":"pa_tipo-de-prenda-malla-larga","15":"custom_category-deporte","16":"custom_category-ropa-de-running-personalizada","17":"custom_category-pantalones-running-personalizados","18":"range-kom","20":"first","21":"instock","22":"product-type-custom"},"acf":[],"yoast_head":"<!-- This site is optimized with the Yoast SEO plugin v27.5 - https:\/\/yoast.com\/product\/yoast-seo-wordpress\/ -->\n<title>Malla larga isot\u00e9rmica personalizada KOM<\/title>\n<meta name=\"description\" content=\"Malla larga isot\u00e9rmica personalizada KOM. Con tejido t\u00e9rmico para mantener el calor corporal y correr con temperaturas bajas \u00a1Entrega en tan solo 4 semanas!\" \/>\n<meta name=\"robots\" content=\"index, follow, max-snippet:-1, max-image-preview:large, max-video-preview:-1\" \/>\n<link rel=\"canonical\" href=\"https:\/\/www.inverseteams.com\/es\/producto\/malla-larga-isotermica-personalizada-kom\/\" \/>\n<meta property=\"og:locale\" content=\"es_ES\" \/>\n<meta property=\"og:type\" content=\"article\" \/>\n<meta property=\"og:title\" content=\"Malla larga isot\u00e9rmica personalizada KOM\" \/>\n<meta property=\"og:description\" content=\"Malla larga isot\u00e9rmica personalizada KOM. Con tejido t\u00e9rmico para mantener el calor corporal y correr con temperaturas bajas \u00a1Entrega en tan solo 4 semanas!\" \/>\n<meta property=\"og:url\" content=\"https:\/\/www.inverseteams.com\/es\/producto\/malla-larga-isotermica-personalizada-kom\/\" \/>\n<meta property=\"og:site_name\" content=\"Inverseteams\" \/>\n<meta property=\"article:publisher\" content=\"https:\/\/www.facebook.com\/inverseteams\" \/>\n<meta property=\"article:modified_time\" content=\"2025-12-04T07:56:55+00:00\" \/>\n<meta property=\"og:image\" content=\"https:\/\/www.inverseteams.com\/wp-content\/uploads\/MALLA-LARGA-ISOTERMICA-KOM-1.jpg\" \/>\n\t<meta property=\"og:image:width\" content=\"3222\" \/>\n\t<meta property=\"og:image:height\" content=\"3462\" \/>\n\t<meta property=\"og:image:type\" content=\"image\/jpeg\" \/>\n<meta name=\"twitter:card\" content=\"summary_large_image\" \/>\n<meta name=\"twitter:label1\" content=\"Tiempo de lectura\" \/>\n\t<meta name=\"twitter:data1\" content=\"2 minuto\" \/>\n<script type=\"application\/ld+json\" class=\"yoast-schema-graph\">{\"@context\":\"https:\\\/\\\/schema.org\",\"@graph\":[{\"@type\":\"WebPage\",\"@id\":\"https:\\\/\\\/www.inverseteams.com\\\/es\\\/producto\\\/malla-larga-isotermica-personalizada-kom\\\/\",\"url\":\"https:\\\/\\\/www.inverseteams.com\\\/es\\\/producto\\\/malla-larga-isotermica-personalizada-kom\\\/\",\"name\":\"Malla larga isot\u00e9rmica personalizada KOM\",\"isPartOf\":{\"@id\":\"https:\\\/\\\/www.inverseteams.com\\\/es\\\/#website\"},\"primaryImageOfPage\":{\"@id\":\"https:\\\/\\\/www.inverseteams.com\\\/es\\\/producto\\\/malla-larga-isotermica-personalizada-kom\\\/#primaryimage\"},\"image\":{\"@id\":\"https:\\\/\\\/www.inverseteams.com\\\/es\\\/producto\\\/malla-larga-isotermica-personalizada-kom\\\/#primaryimage\"},\"thumbnailUrl\":\"https:\\\/\\\/www.inverseteams.com\\\/wp-content\\\/uploads\\\/MALLA-LARGA-ISOTERMICA-KOM-1.jpg\",\"datePublished\":\"2021-05-10T08:31:36+00:00\",\"dateModified\":\"2025-12-04T07:56:55+00:00\",\"description\":\"Malla larga isot\u00e9rmica personalizada KOM. Con tejido t\u00e9rmico para mantener el calor corporal y correr con temperaturas bajas \u00a1Entrega en tan solo 4 semanas!\",\"breadcrumb\":{\"@id\":\"https:\\\/\\\/www.inverseteams.com\\\/es\\\/producto\\\/malla-larga-isotermica-personalizada-kom\\\/#breadcrumb\"},\"inLanguage\":\"es\",\"potentialAction\":[{\"@type\":\"ReadAction\",\"target\":[\"https:\\\/\\\/www.inverseteams.com\\\/es\\\/producto\\\/malla-larga-isotermica-personalizada-kom\\\/\"]}]},{\"@type\":\"ImageObject\",\"inLanguage\":\"es\",\"@id\":\"https:\\\/\\\/www.inverseteams.com\\\/es\\\/producto\\\/malla-larga-isotermica-personalizada-kom\\\/#primaryimage\",\"url\":\"https:\\\/\\\/www.inverseteams.com\\\/wp-content\\\/uploads\\\/MALLA-LARGA-ISOTERMICA-KOM-1.jpg\",\"contentUrl\":\"https:\\\/\\\/www.inverseteams.com\\\/wp-content\\\/uploads\\\/MALLA-LARGA-ISOTERMICA-KOM-1.jpg\",\"width\":3222,\"height\":3462,\"caption\":\"malla larga running isotermica personalizada\"},{\"@type\":\"BreadcrumbList\",\"@id\":\"https:\\\/\\\/www.inverseteams.com\\\/es\\\/producto\\\/malla-larga-isotermica-personalizada-kom\\\/#breadcrumb\",\"itemListElement\":[{\"@type\":\"ListItem\",\"position\":1,\"name\":\"Portada\",\"item\":\"https:\\\/\\\/www.inverseteams.com\\\/es\\\/\"},{\"@type\":\"ListItem\",\"position\":2,\"name\":\"Tienda\",\"item\":\"https:\\\/\\\/www.inverseteams.com\\\/es\\\/tienda\\\/\"},{\"@type\":\"ListItem\",\"position\":3,\"name\":\"Malla larga isot\u00e9rmica personalizada KOM\"}]},{\"@type\":\"WebSite\",\"@id\":\"https:\\\/\\\/www.inverseteams.com\\\/es\\\/#website\",\"url\":\"https:\\\/\\\/www.inverseteams.com\\\/es\\\/\",\"name\":\"Inverseteams\",\"description\":\"Tu marca de ropa deportiva personalizada\",\"publisher\":{\"@id\":\"https:\\\/\\\/www.inverseteams.com\\\/es\\\/#organization\"},\"potentialAction\":[{\"@type\":\"SearchAction\",\"target\":{\"@type\":\"EntryPoint\",\"urlTemplate\":\"https:\\\/\\\/www.inverseteams.com\\\/es\\\/?s={search_term_string}\"},\"query-input\":{\"@type\":\"PropertyValueSpecification\",\"valueRequired\":true,\"valueName\":\"search_term_string\"}}],\"inLanguage\":\"es\"},{\"@type\":\"Organization\",\"@id\":\"https:\\\/\\\/www.inverseteams.com\\\/es\\\/#organization\",\"name\":\"Inverse Teams\",\"url\":\"https:\\\/\\\/www.inverseteams.com\\\/es\\\/\",\"logo\":{\"@type\":\"ImageObject\",\"inLanguage\":\"es\",\"@id\":\"https:\\\/\\\/www.inverseteams.com\\\/es\\\/#\\\/schema\\\/logo\\\/image\\\/\",\"url\":\"https:\\\/\\\/www.inverseteams.com\\\/wp-content\\\/uploads\\\/2021\\\/03\\\/logo-inverse-teams.png\",\"contentUrl\":\"https:\\\/\\\/www.inverseteams.com\\\/wp-content\\\/uploads\\\/2021\\\/03\\\/logo-inverse-teams.png\",\"width\":294,\"height\":99,\"caption\":\"Inverse Teams\"},\"image\":{\"@id\":\"https:\\\/\\\/www.inverseteams.com\\\/es\\\/#\\\/schema\\\/logo\\\/image\\\/\"},\"sameAs\":[\"https:\\\/\\\/www.facebook.com\\\/inverseteams\",\"http:\\\/\\\/instagram.com\\\/inverseteams\",\"https:\\\/\\\/www.linkedin.com\\\/company\\\/inverse-cirosport-s-l-?trk=job_view_topcard_company_name\",\"http:\\\/\\\/www.pinterest.com\\\/inverseteams\\\/\",\"http:\\\/\\\/www.youtube.com\\\/user\\\/inverseteams?feature=watch\"]}]}<\/script>\n<!-- \/ Yoast SEO plugin. -->","yoast_head_json":{"title":"Malla larga isot\u00e9rmica personalizada KOM","description":"Malla larga isot\u00e9rmica personalizada KOM. Con tejido t\u00e9rmico para mantener el calor corporal y correr con temperaturas bajas \u00a1Entrega en tan solo 4 semanas!","robots":{"index":"index","follow":"follow","max-snippet":"max-snippet:-1","max-image-preview":"max-image-preview:large","max-video-preview":"max-video-preview:-1"},"canonical":"https:\/\/www.inverseteams.com\/es\/producto\/malla-larga-isotermica-personalizada-kom\/","og_locale":"es_ES","og_type":"article","og_title":"Malla larga isot\u00e9rmica personalizada KOM","og_description":"Malla larga isot\u00e9rmica personalizada KOM. Con tejido t\u00e9rmico para mantener el calor corporal y correr con temperaturas bajas \u00a1Entrega en tan solo 4 semanas!","og_url":"https:\/\/www.inverseteams.com\/es\/producto\/malla-larga-isotermica-personalizada-kom\/","og_site_name":"Inverseteams","article_publisher":"https:\/\/www.facebook.com\/inverseteams","article_modified_time":"2025-12-04T07:56:55+00:00","og_image":[{"width":3222,"height":3462,"url":"https:\/\/www.inverseteams.com\/wp-content\/uploads\/MALLA-LARGA-ISOTERMICA-KOM-1.jpg","type":"image\/jpeg"}],"twitter_card":"summary_large_image","twitter_misc":{"Tiempo de lectura":"2 minuto"},"schema":{"@context":"https:\/\/schema.org","@graph":[{"@type":"WebPage","@id":"https:\/\/www.inverseteams.com\/es\/producto\/malla-larga-isotermica-personalizada-kom\/","url":"https:\/\/www.inverseteams.com\/es\/producto\/malla-larga-isotermica-personalizada-kom\/","name":"Malla larga isot\u00e9rmica personalizada KOM","isPartOf":{"@id":"https:\/\/www.inverseteams.com\/es\/#website"},"primaryImageOfPage":{"@id":"https:\/\/www.inverseteams.com\/es\/producto\/malla-larga-isotermica-personalizada-kom\/#primaryimage"},"image":{"@id":"https:\/\/www.inverseteams.com\/es\/producto\/malla-larga-isotermica-personalizada-kom\/#primaryimage"},"thumbnailUrl":"https:\/\/www.inverseteams.com\/wp-content\/uploads\/MALLA-LARGA-ISOTERMICA-KOM-1.jpg","datePublished":"2021-05-10T08:31:36+00:00","dateModified":"2025-12-04T07:56:55+00:00","description":"Malla larga isot\u00e9rmica personalizada KOM. Con tejido t\u00e9rmico para mantener el calor corporal y correr con temperaturas bajas \u00a1Entrega en tan solo 4 semanas!","breadcrumb":{"@id":"https:\/\/www.inverseteams.com\/es\/producto\/malla-larga-isotermica-personalizada-kom\/#breadcrumb"},"inLanguage":"es","potentialAction":[{"@type":"ReadAction","target":["https:\/\/www.inverseteams.com\/es\/producto\/malla-larga-isotermica-personalizada-kom\/"]}]},{"@type":"ImageObject","inLanguage":"es","@id":"https:\/\/www.inverseteams.com\/es\/producto\/malla-larga-isotermica-personalizada-kom\/#primaryimage","url":"https:\/\/www.inverseteams.com\/wp-content\/uploads\/MALLA-LARGA-ISOTERMICA-KOM-1.jpg","contentUrl":"https:\/\/www.inverseteams.com\/wp-content\/uploads\/MALLA-LARGA-ISOTERMICA-KOM-1.jpg","width":3222,"height":3462,"caption":"malla larga running isotermica personalizada"},{"@type":"BreadcrumbList","@id":"https:\/\/www.inverseteams.com\/es\/producto\/malla-larga-isotermica-personalizada-kom\/#breadcrumb","itemListElement":[{"@type":"ListItem","position":1,"name":"Portada","item":"https:\/\/www.inverseteams.com\/es\/"},{"@type":"ListItem","position":2,"name":"Tienda","item":"https:\/\/www.inverseteams.com\/es\/tienda\/"},{"@type":"ListItem","position":3,"name":"Malla larga isot\u00e9rmica personalizada KOM"}]},{"@type":"WebSite","@id":"https:\/\/www.inverseteams.com\/es\/#website","url":"https:\/\/www.inverseteams.com\/es\/","name":"Inverseteams","description":"Tu marca de ropa deportiva personalizada","publisher":{"@id":"https:\/\/www.inverseteams.com\/es\/#organization"},"potentialAction":[{"@type":"SearchAction","target":{"@type":"EntryPoint","urlTemplate":"https:\/\/www.inverseteams.com\/es\/?s={search_term_string}"},"query-input":{"@type":"PropertyValueSpecification","valueRequired":true,"valueName":"search_term_string"}}],"inLanguage":"es"},{"@type":"Organization","@id":"https:\/\/www.inverseteams.com\/es\/#organization","name":"Inverse Teams","url":"https:\/\/www.inverseteams.com\/es\/","logo":{"@type":"ImageObject","inLanguage":"es","@id":"https:\/\/www.inverseteams.com\/es\/#\/schema\/logo\/image\/","url":"https:\/\/www.inverseteams.com\/wp-content\/uploads\/2021\/03\/logo-inverse-teams.png","contentUrl":"https:\/\/www.inverseteams.com\/wp-content\/uploads\/2021\/03\/logo-inverse-teams.png","width":294,"height":99,"caption":"Inverse Teams"},"image":{"@id":"https:\/\/www.inverseteams.com\/es\/#\/schema\/logo\/image\/"},"sameAs":["https:\/\/www.facebook.com\/inverseteams","http:\/\/instagram.com\/inverseteams","https:\/\/www.linkedin.com\/company\/inverse-cirosport-s-l-?trk=job_view_topcard_company_name","http:\/\/www.pinterest.com\/inverseteams\/","http:\/\/www.youtube.com\/user\/inverseteams?feature=watch"]}]}},"_links":{"self":[{"href":"https:\/\/www.inverseteams.com\/es\/wp-json\/wp\/v2\/product\/6711","targetHints":{"allow":["GET"]}}],"collection":[{"href":"https:\/\/www.inverseteams.com\/es\/wp-json\/wp\/v2\/product"}],"about":[{"href":"https:\/\/www.inverseteams.com\/es\/wp-json\/wp\/v2\/types\/product"}],"replies":[{"embeddable":true,"href":"https:\/\/www.inverseteams.com\/es\/wp-json\/wp\/v2\/comments?post=6711"}],"wp:featuredmedia":[{"embeddable":true,"href":"https:\/\/www.inverseteams.com\/es\/wp-json\/wp\/v2\/media\/141637"}],"wp:attachment":[{"href":"https:\/\/www.inverseteams.com\/es\/wp-json\/wp\/v2\/media?parent=6711"}],"wp:term":[{"taxonomy":"product_brand","embeddable":true,"href":"https:\/\/www.inverseteams.com\/es\/wp-json\/wp\/v2\/product_brand?post=6711"},{"taxonomy":"product_cat","embeddable":true,"href":"https:\/\/www.inverseteams.com\/es\/wp-json\/wp\/v2\/product_cat?post=6711"},{"taxonomy":"product_tag","embeddable":true,"href":"https:\/\/www.inverseteams.com\/es\/wp-json\/wp\/v2\/product_tag?post=6711"},{"taxonomy":"custom_category","embeddable":true,"href":"https:\/\/www.inverseteams.com\/es\/wp-json\/wp\/v2\/custom_category?post=6711"},{"taxonomy":"range","embeddable":true,"href":"https:\/\/www.inverseteams.com\/es\/wp-json\/wp\/v2\/range?post=6711"}],"curies":[{"name":"wp","href":"https:\/\/api.w.org\/{rel}","templated":true}]}}