{"id":6648,"date":"2021-05-10T08:31:22","date_gmt":"2021-05-10T08:31:22","guid":{"rendered":"https:\/\/new.inverseteams.ddev.site\/product\/cortavientos-running-pulse\/"},"modified":"2023-10-04T09:41:26","modified_gmt":"2023-10-04T09:41:26","slug":"cortavientos-running-personalizado-pulse","status":"publish","type":"product","link":"https:\/\/www.inverseteams.com\/es\/producto\/cortavientos-running-personalizado-pulse\/","title":{"rendered":"Cortavientos running personalizado PULSE"},"content":{"rendered":"<p>Su tejido super ligero permite que puedas guardar f\u00e1cilmente el cortavientos mientras no lo necesites. La chaqueta se adapta muy bien al cuerpo sin ir ajustada para que puedas correr con libertad sin notar ninguna oposici\u00f3n de la prenda. Al final de la manga hay un ribete el\u00e1stico para engancharlo al dedo gordo de la mano. De este modo las mangas nunca se subir\u00e1n durane el ejercicio y siempre te sentir\u00e1s abrigado.<br \/>\nEs ideal para los d\u00edas ventosos y para protegerte de la humedad o la lluvia fina.<\/p>\n","protected":false},"excerpt":{"rendered":"<p>Su tejido super ligero permite que puedas guardar f\u00e1cilmente el cortavientos mientras no lo necesites. La chaqueta se adapta muy bien al cuerpo sin ir ajustada para que puedas correr con libertad sin notar ninguna oposici\u00f3n de la prenda. Al final de la manga hay un ribete el\u00e1stico para engancharlo al dedo gordo de la mano. De este modo las mangas nunca se subir\u00e1n durane el ejercicio y siempre te sentir\u00e1s abrigado.<br \/>\nEs ideal para los d\u00edas ventosos y para protegerte de la humedad o la lluvia fina.<\/p>\n","protected":false},"featured_media":141586,"comment_status":"closed","ping_status":"closed","template":"","meta":{"_acf_changed":false},"product_brand":[],"product_cat":[15],"product_tag":[],"custom_category":[1365,2609,1390],"range":[1404],"class_list":{"0":"post-6648","1":"product","2":"type-product","3":"status-publish","4":"has-post-thumbnail","6":"product_cat-uncategorized","7":"pa_climatologia-temperatura-templada","8":"pa_climatologia-viento","9":"pa_deporte-running","10":"pa_genero-infantil","11":"pa_genero-hombre","12":"pa_genero-mujer","13":"pa_patronaje-regular","14":"pa_tipo-de-prenda-cortavientos","15":"custom_category-deporte","16":"custom_category-cortavientos-running-personalizado","17":"custom_category-ropa-de-running-personalizada","18":"range-pulse","20":"first","21":"instock","22":"product-type-custom"},"acf":[],"yoast_head":"<!-- This site is optimized with the Yoast SEO plugin v27.3 - https:\/\/yoast.com\/product\/yoast-seo-wordpress\/ -->\n<title>Cortavientos running personalizado PULSE<\/title>\n<meta name=\"description\" content=\"Cortavientos running personalizado. Tejido super ligero para guardarlo f\u00e1cilmente cuando no lo necesites \u00a1Entrega en 4 semanas, personalizaci\u00f3n incluida!\" \/>\n<meta name=\"robots\" content=\"index, follow, max-snippet:-1, max-image-preview:large, max-video-preview:-1\" \/>\n<link rel=\"canonical\" href=\"https:\/\/www.inverseteams.com\/es\/producto\/cortavientos-running-personalizado-pulse\/\" \/>\n<meta property=\"og:locale\" content=\"es_ES\" \/>\n<meta property=\"og:type\" content=\"article\" \/>\n<meta property=\"og:title\" content=\"Cortavientos running personalizado PULSE\" \/>\n<meta property=\"og:description\" content=\"Cortavientos running personalizado. Tejido super ligero para guardarlo f\u00e1cilmente cuando no lo necesites \u00a1Entrega en 4 semanas, personalizaci\u00f3n incluida!\" \/>\n<meta property=\"og:url\" content=\"https:\/\/www.inverseteams.com\/es\/producto\/cortavientos-running-personalizado-pulse\/\" \/>\n<meta property=\"og:site_name\" content=\"Inverseteams\" \/>\n<meta property=\"article:publisher\" content=\"https:\/\/www.facebook.com\/inverseteams\" \/>\n<meta property=\"article:modified_time\" content=\"2023-10-04T09:41:26+00:00\" \/>\n<meta property=\"og:image\" content=\"https:\/\/www.inverseteams.com\/wp-content\/uploads\/CORTAVIENTOS-PULSE-1-3.jpg\" \/>\n\t<meta property=\"og:image:width\" content=\"3222\" \/>\n\t<meta property=\"og:image:height\" content=\"3462\" \/>\n\t<meta property=\"og:image:type\" content=\"image\/jpeg\" \/>\n<meta name=\"twitter:card\" content=\"summary_large_image\" \/>\n<meta name=\"twitter:label1\" content=\"Tiempo de lectura\" \/>\n\t<meta name=\"twitter:data1\" content=\"1 minuto\" \/>\n<script type=\"application\/ld+json\" class=\"yoast-schema-graph\">{\"@context\":\"https:\\\/\\\/schema.org\",\"@graph\":[{\"@type\":\"WebPage\",\"@id\":\"https:\\\/\\\/www.inverseteams.com\\\/es\\\/producto\\\/cortavientos-running-personalizado-pulse\\\/\",\"url\":\"https:\\\/\\\/www.inverseteams.com\\\/es\\\/producto\\\/cortavientos-running-personalizado-pulse\\\/\",\"name\":\"Cortavientos running personalizado PULSE\",\"isPartOf\":{\"@id\":\"https:\\\/\\\/www.inverseteams.com\\\/es\\\/#website\"},\"primaryImageOfPage\":{\"@id\":\"https:\\\/\\\/www.inverseteams.com\\\/es\\\/producto\\\/cortavientos-running-personalizado-pulse\\\/#primaryimage\"},\"image\":{\"@id\":\"https:\\\/\\\/www.inverseteams.com\\\/es\\\/producto\\\/cortavientos-running-personalizado-pulse\\\/#primaryimage\"},\"thumbnailUrl\":\"https:\\\/\\\/www.inverseteams.com\\\/wp-content\\\/uploads\\\/CORTAVIENTOS-PULSE-1-3.jpg\",\"datePublished\":\"2021-05-10T08:31:22+00:00\",\"dateModified\":\"2023-10-04T09:41:26+00:00\",\"description\":\"Cortavientos running personalizado. Tejido super ligero para guardarlo f\u00e1cilmente cuando no lo necesites \u00a1Entrega en 4 semanas, personalizaci\u00f3n incluida!\",\"breadcrumb\":{\"@id\":\"https:\\\/\\\/www.inverseteams.com\\\/es\\\/producto\\\/cortavientos-running-personalizado-pulse\\\/#breadcrumb\"},\"inLanguage\":\"es\",\"potentialAction\":[{\"@type\":\"ReadAction\",\"target\":[\"https:\\\/\\\/www.inverseteams.com\\\/es\\\/producto\\\/cortavientos-running-personalizado-pulse\\\/\"]}]},{\"@type\":\"ImageObject\",\"inLanguage\":\"es\",\"@id\":\"https:\\\/\\\/www.inverseteams.com\\\/es\\\/producto\\\/cortavientos-running-personalizado-pulse\\\/#primaryimage\",\"url\":\"https:\\\/\\\/www.inverseteams.com\\\/wp-content\\\/uploads\\\/CORTAVIENTOS-PULSE-1-3.jpg\",\"contentUrl\":\"https:\\\/\\\/www.inverseteams.com\\\/wp-content\\\/uploads\\\/CORTAVIENTOS-PULSE-1-3.jpg\",\"width\":3222,\"height\":3462,\"caption\":\"cortavientos running personalizable\"},{\"@type\":\"BreadcrumbList\",\"@id\":\"https:\\\/\\\/www.inverseteams.com\\\/es\\\/producto\\\/cortavientos-running-personalizado-pulse\\\/#breadcrumb\",\"itemListElement\":[{\"@type\":\"ListItem\",\"position\":1,\"name\":\"Portada\",\"item\":\"https:\\\/\\\/www.inverseteams.com\\\/es\\\/\"},{\"@type\":\"ListItem\",\"position\":2,\"name\":\"Tienda\",\"item\":\"https:\\\/\\\/www.inverseteams.com\\\/es\\\/tienda\\\/\"},{\"@type\":\"ListItem\",\"position\":3,\"name\":\"Cortavientos running personalizado PULSE\"}]},{\"@type\":\"WebSite\",\"@id\":\"https:\\\/\\\/www.inverseteams.com\\\/es\\\/#website\",\"url\":\"https:\\\/\\\/www.inverseteams.com\\\/es\\\/\",\"name\":\"Inverseteams\",\"description\":\"Tu marca de ropa deportiva personalizada\",\"publisher\":{\"@id\":\"https:\\\/\\\/www.inverseteams.com\\\/es\\\/#organization\"},\"potentialAction\":[{\"@type\":\"SearchAction\",\"target\":{\"@type\":\"EntryPoint\",\"urlTemplate\":\"https:\\\/\\\/www.inverseteams.com\\\/es\\\/?s={search_term_string}\"},\"query-input\":{\"@type\":\"PropertyValueSpecification\",\"valueRequired\":true,\"valueName\":\"search_term_string\"}}],\"inLanguage\":\"es\"},{\"@type\":\"Organization\",\"@id\":\"https:\\\/\\\/www.inverseteams.com\\\/es\\\/#organization\",\"name\":\"Inverse Teams\",\"url\":\"https:\\\/\\\/www.inverseteams.com\\\/es\\\/\",\"logo\":{\"@type\":\"ImageObject\",\"inLanguage\":\"es\",\"@id\":\"https:\\\/\\\/www.inverseteams.com\\\/es\\\/#\\\/schema\\\/logo\\\/image\\\/\",\"url\":\"https:\\\/\\\/www.inverseteams.com\\\/wp-content\\\/uploads\\\/2021\\\/03\\\/logo-inverse-teams.png\",\"contentUrl\":\"https:\\\/\\\/www.inverseteams.com\\\/wp-content\\\/uploads\\\/2021\\\/03\\\/logo-inverse-teams.png\",\"width\":294,\"height\":99,\"caption\":\"Inverse Teams\"},\"image\":{\"@id\":\"https:\\\/\\\/www.inverseteams.com\\\/es\\\/#\\\/schema\\\/logo\\\/image\\\/\"},\"sameAs\":[\"https:\\\/\\\/www.facebook.com\\\/inverseteams\",\"http:\\\/\\\/instagram.com\\\/inverseteams\",\"https:\\\/\\\/www.linkedin.com\\\/company\\\/inverse-cirosport-s-l-?trk=job_view_topcard_company_name\",\"http:\\\/\\\/www.pinterest.com\\\/inverseteams\\\/\",\"http:\\\/\\\/www.youtube.com\\\/user\\\/inverseteams?feature=watch\"]}]}<\/script>\n<!-- \/ Yoast SEO plugin. -->","yoast_head_json":{"title":"Cortavientos running personalizado PULSE","description":"Cortavientos running personalizado. Tejido super ligero para guardarlo f\u00e1cilmente cuando no lo necesites \u00a1Entrega en 4 semanas, personalizaci\u00f3n incluida!","robots":{"index":"index","follow":"follow","max-snippet":"max-snippet:-1","max-image-preview":"max-image-preview:large","max-video-preview":"max-video-preview:-1"},"canonical":"https:\/\/www.inverseteams.com\/es\/producto\/cortavientos-running-personalizado-pulse\/","og_locale":"es_ES","og_type":"article","og_title":"Cortavientos running personalizado PULSE","og_description":"Cortavientos running personalizado. Tejido super ligero para guardarlo f\u00e1cilmente cuando no lo necesites \u00a1Entrega en 4 semanas, personalizaci\u00f3n incluida!","og_url":"https:\/\/www.inverseteams.com\/es\/producto\/cortavientos-running-personalizado-pulse\/","og_site_name":"Inverseteams","article_publisher":"https:\/\/www.facebook.com\/inverseteams","article_modified_time":"2023-10-04T09:41:26+00:00","og_image":[{"width":3222,"height":3462,"url":"https:\/\/www.inverseteams.com\/wp-content\/uploads\/CORTAVIENTOS-PULSE-1-3.jpg","type":"image\/jpeg"}],"twitter_card":"summary_large_image","twitter_misc":{"Tiempo de lectura":"1 minuto"},"schema":{"@context":"https:\/\/schema.org","@graph":[{"@type":"WebPage","@id":"https:\/\/www.inverseteams.com\/es\/producto\/cortavientos-running-personalizado-pulse\/","url":"https:\/\/www.inverseteams.com\/es\/producto\/cortavientos-running-personalizado-pulse\/","name":"Cortavientos running personalizado PULSE","isPartOf":{"@id":"https:\/\/www.inverseteams.com\/es\/#website"},"primaryImageOfPage":{"@id":"https:\/\/www.inverseteams.com\/es\/producto\/cortavientos-running-personalizado-pulse\/#primaryimage"},"image":{"@id":"https:\/\/www.inverseteams.com\/es\/producto\/cortavientos-running-personalizado-pulse\/#primaryimage"},"thumbnailUrl":"https:\/\/www.inverseteams.com\/wp-content\/uploads\/CORTAVIENTOS-PULSE-1-3.jpg","datePublished":"2021-05-10T08:31:22+00:00","dateModified":"2023-10-04T09:41:26+00:00","description":"Cortavientos running personalizado. Tejido super ligero para guardarlo f\u00e1cilmente cuando no lo necesites \u00a1Entrega en 4 semanas, personalizaci\u00f3n incluida!","breadcrumb":{"@id":"https:\/\/www.inverseteams.com\/es\/producto\/cortavientos-running-personalizado-pulse\/#breadcrumb"},"inLanguage":"es","potentialAction":[{"@type":"ReadAction","target":["https:\/\/www.inverseteams.com\/es\/producto\/cortavientos-running-personalizado-pulse\/"]}]},{"@type":"ImageObject","inLanguage":"es","@id":"https:\/\/www.inverseteams.com\/es\/producto\/cortavientos-running-personalizado-pulse\/#primaryimage","url":"https:\/\/www.inverseteams.com\/wp-content\/uploads\/CORTAVIENTOS-PULSE-1-3.jpg","contentUrl":"https:\/\/www.inverseteams.com\/wp-content\/uploads\/CORTAVIENTOS-PULSE-1-3.jpg","width":3222,"height":3462,"caption":"cortavientos running personalizable"},{"@type":"BreadcrumbList","@id":"https:\/\/www.inverseteams.com\/es\/producto\/cortavientos-running-personalizado-pulse\/#breadcrumb","itemListElement":[{"@type":"ListItem","position":1,"name":"Portada","item":"https:\/\/www.inverseteams.com\/es\/"},{"@type":"ListItem","position":2,"name":"Tienda","item":"https:\/\/www.inverseteams.com\/es\/tienda\/"},{"@type":"ListItem","position":3,"name":"Cortavientos running personalizado PULSE"}]},{"@type":"WebSite","@id":"https:\/\/www.inverseteams.com\/es\/#website","url":"https:\/\/www.inverseteams.com\/es\/","name":"Inverseteams","description":"Tu marca de ropa deportiva personalizada","publisher":{"@id":"https:\/\/www.inverseteams.com\/es\/#organization"},"potentialAction":[{"@type":"SearchAction","target":{"@type":"EntryPoint","urlTemplate":"https:\/\/www.inverseteams.com\/es\/?s={search_term_string}"},"query-input":{"@type":"PropertyValueSpecification","valueRequired":true,"valueName":"search_term_string"}}],"inLanguage":"es"},{"@type":"Organization","@id":"https:\/\/www.inverseteams.com\/es\/#organization","name":"Inverse Teams","url":"https:\/\/www.inverseteams.com\/es\/","logo":{"@type":"ImageObject","inLanguage":"es","@id":"https:\/\/www.inverseteams.com\/es\/#\/schema\/logo\/image\/","url":"https:\/\/www.inverseteams.com\/wp-content\/uploads\/2021\/03\/logo-inverse-teams.png","contentUrl":"https:\/\/www.inverseteams.com\/wp-content\/uploads\/2021\/03\/logo-inverse-teams.png","width":294,"height":99,"caption":"Inverse Teams"},"image":{"@id":"https:\/\/www.inverseteams.com\/es\/#\/schema\/logo\/image\/"},"sameAs":["https:\/\/www.facebook.com\/inverseteams","http:\/\/instagram.com\/inverseteams","https:\/\/www.linkedin.com\/company\/inverse-cirosport-s-l-?trk=job_view_topcard_company_name","http:\/\/www.pinterest.com\/inverseteams\/","http:\/\/www.youtube.com\/user\/inverseteams?feature=watch"]}]}},"_links":{"self":[{"href":"https:\/\/www.inverseteams.com\/es\/wp-json\/wp\/v2\/product\/6648","targetHints":{"allow":["GET"]}}],"collection":[{"href":"https:\/\/www.inverseteams.com\/es\/wp-json\/wp\/v2\/product"}],"about":[{"href":"https:\/\/www.inverseteams.com\/es\/wp-json\/wp\/v2\/types\/product"}],"replies":[{"embeddable":true,"href":"https:\/\/www.inverseteams.com\/es\/wp-json\/wp\/v2\/comments?post=6648"}],"wp:featuredmedia":[{"embeddable":true,"href":"https:\/\/www.inverseteams.com\/es\/wp-json\/wp\/v2\/media\/141586"}],"wp:attachment":[{"href":"https:\/\/www.inverseteams.com\/es\/wp-json\/wp\/v2\/media?parent=6648"}],"wp:term":[{"taxonomy":"product_brand","embeddable":true,"href":"https:\/\/www.inverseteams.com\/es\/wp-json\/wp\/v2\/product_brand?post=6648"},{"taxonomy":"product_cat","embeddable":true,"href":"https:\/\/www.inverseteams.com\/es\/wp-json\/wp\/v2\/product_cat?post=6648"},{"taxonomy":"product_tag","embeddable":true,"href":"https:\/\/www.inverseteams.com\/es\/wp-json\/wp\/v2\/product_tag?post=6648"},{"taxonomy":"custom_category","embeddable":true,"href":"https:\/\/www.inverseteams.com\/es\/wp-json\/wp\/v2\/custom_category?post=6648"},{"taxonomy":"range","embeddable":true,"href":"https:\/\/www.inverseteams.com\/es\/wp-json\/wp\/v2\/range?post=6648"}],"curies":[{"name":"wp","href":"https:\/\/api.w.org\/{rel}","templated":true}]}}