{"id":6567,"date":"2021-05-10T08:31:14","date_gmt":"2021-05-10T08:31:14","guid":{"rendered":"https:\/\/new.inverseteams.ddev.site\/product\/short-triatlon-aqua\/"},"modified":"2023-10-05T10:56:45","modified_gmt":"2023-10-05T10:56:45","slug":"short-triatlon-personalizado-aqua","status":"publish","type":"product","link":"https:\/\/www.inverseteams.com\/es\/producto\/short-triatlon-personalizado-aqua\/","title":{"rendered":"Short triatl\u00f3n personalizado AQUA"},"content":{"rendered":"<p>Su acabado de Tefl\u00f3n repele el agua y te ayuda a deslizartedurante la nataci\u00f3n con m\u00e1s facilidad y a secarte r\u00e1pidamente durante la transici\u00f3n. Esta propiedad es ideal para las pruebas en las que no se usa neopreno.<br \/>\nLa elasticidad y ligereza de su tejido te permitir\u00e1 una total libertad de movimientos y no sentir\u00e1s ninguna molestia durante las diferentes etapas del triatl\u00f3n. En la cintura tiene una goma el\u00e1stica para mantener la prenda bien firme al cuerpo sin molestias. Al final de las piernas tiene una banda el\u00e1stica microperforada con un grip de silicona hipoalerg\u00e9nica en su interior. \u00c9sta evita que aumente la sudoraci\u00f3n y mantiene la prenda bien sujeta a la pierna. Todos los paneles que conforman el mono de triatl\u00f3n han sido dise\u00f1ados para adaptarse a todas las posiciones y optimizar tu rendimiento. Las costuras planas que los unen son super resistentes y adem\u00e1s aportan un dise\u00f1o muy atractivo a la prenda.<\/p>\n","protected":false},"excerpt":{"rendered":"<p>Su acabado de Tefl\u00f3n repele el agua y te ayuda a deslizartedurante la nataci\u00f3n con m\u00e1s facilidad y a secarte r\u00e1pidamente durante la transici\u00f3n. Esta propiedad es ideal para las pruebas en las que no se usa neopreno.<br \/>\nLa elasticidad y ligereza de su tejido te permitir\u00e1 una total libertad de movimientos y no sentir\u00e1s ninguna molestia durante las diferentes etapas del triatl\u00f3n. En la cintura tiene una goma el\u00e1stica para mantener la prenda bien firme al cuerpo sin molestias. Al final de las piernas tiene una banda el\u00e1stica microperforada con un grip de silicona hipoalerg\u00e9nica en su interior. \u00c9sta evita que aumente la sudoraci\u00f3n y mantiene la prenda bien sujeta a la pierna. Todos los paneles que conforman el mono de triatl\u00f3n han sido dise\u00f1ados para adaptarse a todas las posiciones y optimizar tu rendimiento. Las costuras planas que los unen son super resistentes y adem\u00e1s aportan un dise\u00f1o muy atractivo a la prenda.<\/p>\n","protected":false},"featured_media":141847,"comment_status":"closed","ping_status":"closed","template":"","meta":{"_acf_changed":false},"product_brand":[],"product_cat":[15],"product_tag":[],"custom_category":[1365,2595,1395],"range":[1403],"class_list":{"0":"post-6567","1":"product","2":"type-product","3":"status-publish","4":"has-post-thumbnail","6":"product_cat-uncategorized","7":"pa_climatologia-calor","8":"pa_deporte-triatlon","9":"pa_genero-hombre","10":"pa_patronaje-fit","11":"pa_tipo-de-prenda-trishort","12":"custom_category-deporte","13":"custom_category-short-triatlon-personalizado","14":"custom_category-ropa-de-triatlon-personalizada","15":"range-aqua","17":"first","18":"instock","19":"product-type-custom"},"acf":[],"yoast_head":"<!-- This site is optimized with the Yoast SEO plugin v27.5 - https:\/\/yoast.com\/product\/yoast-seo-wordpress\/ -->\n<title>Short triatl\u00f3n personalizado AQUA<\/title>\n<meta name=\"description\" content=\"Short triatl\u00f3n personalizado AQUA. Acabado Tefl\u00f3n repele el agua en nataci\u00f3n y seca r\u00e1pidamente durante la transici\u00f3n \u00a1Entrega en solo 4 semanas!\" \/>\n<meta name=\"robots\" content=\"index, follow, max-snippet:-1, max-image-preview:large, max-video-preview:-1\" \/>\n<link rel=\"canonical\" href=\"https:\/\/www.inverseteams.com\/es\/producto\/short-triatlon-personalizado-aqua\/\" \/>\n<meta property=\"og:locale\" content=\"es_ES\" \/>\n<meta property=\"og:type\" content=\"article\" \/>\n<meta property=\"og:title\" content=\"Short triatl\u00f3n personalizado AQUA\" \/>\n<meta property=\"og:description\" content=\"Short triatl\u00f3n personalizado AQUA. Acabado Tefl\u00f3n repele el agua en nataci\u00f3n y seca r\u00e1pidamente durante la transici\u00f3n \u00a1Entrega en solo 4 semanas!\" \/>\n<meta property=\"og:url\" content=\"https:\/\/www.inverseteams.com\/es\/producto\/short-triatlon-personalizado-aqua\/\" \/>\n<meta property=\"og:site_name\" content=\"Inverseteams\" \/>\n<meta property=\"article:publisher\" content=\"https:\/\/www.facebook.com\/inverseteams\" \/>\n<meta property=\"article:modified_time\" content=\"2023-10-05T10:56:45+00:00\" \/>\n<meta property=\"og:image\" content=\"https:\/\/www.inverseteams.com\/wp-content\/uploads\/TRISHORT-AQUA-1-1.jpg\" \/>\n\t<meta property=\"og:image:width\" content=\"3222\" \/>\n\t<meta property=\"og:image:height\" content=\"3462\" \/>\n\t<meta property=\"og:image:type\" content=\"image\/jpeg\" \/>\n<meta name=\"twitter:card\" content=\"summary_large_image\" \/>\n<meta name=\"twitter:label1\" content=\"Tiempo de lectura\" \/>\n\t<meta name=\"twitter:data1\" content=\"1 minuto\" \/>\n<script type=\"application\/ld+json\" class=\"yoast-schema-graph\">{\"@context\":\"https:\\\/\\\/schema.org\",\"@graph\":[{\"@type\":\"WebPage\",\"@id\":\"https:\\\/\\\/www.inverseteams.com\\\/es\\\/producto\\\/short-triatlon-personalizado-aqua\\\/\",\"url\":\"https:\\\/\\\/www.inverseteams.com\\\/es\\\/producto\\\/short-triatlon-personalizado-aqua\\\/\",\"name\":\"Short triatl\u00f3n personalizado AQUA\",\"isPartOf\":{\"@id\":\"https:\\\/\\\/www.inverseteams.com\\\/es\\\/#website\"},\"primaryImageOfPage\":{\"@id\":\"https:\\\/\\\/www.inverseteams.com\\\/es\\\/producto\\\/short-triatlon-personalizado-aqua\\\/#primaryimage\"},\"image\":{\"@id\":\"https:\\\/\\\/www.inverseteams.com\\\/es\\\/producto\\\/short-triatlon-personalizado-aqua\\\/#primaryimage\"},\"thumbnailUrl\":\"https:\\\/\\\/www.inverseteams.com\\\/wp-content\\\/uploads\\\/TRISHORT-AQUA-1-1.jpg\",\"datePublished\":\"2021-05-10T08:31:14+00:00\",\"dateModified\":\"2023-10-05T10:56:45+00:00\",\"description\":\"Short triatl\u00f3n personalizado AQUA. Acabado Tefl\u00f3n repele el agua en nataci\u00f3n y seca r\u00e1pidamente durante la transici\u00f3n \u00a1Entrega en solo 4 semanas!\",\"breadcrumb\":{\"@id\":\"https:\\\/\\\/www.inverseteams.com\\\/es\\\/producto\\\/short-triatlon-personalizado-aqua\\\/#breadcrumb\"},\"inLanguage\":\"es\",\"potentialAction\":[{\"@type\":\"ReadAction\",\"target\":[\"https:\\\/\\\/www.inverseteams.com\\\/es\\\/producto\\\/short-triatlon-personalizado-aqua\\\/\"]}]},{\"@type\":\"ImageObject\",\"inLanguage\":\"es\",\"@id\":\"https:\\\/\\\/www.inverseteams.com\\\/es\\\/producto\\\/short-triatlon-personalizado-aqua\\\/#primaryimage\",\"url\":\"https:\\\/\\\/www.inverseteams.com\\\/wp-content\\\/uploads\\\/TRISHORT-AQUA-1-1.jpg\",\"contentUrl\":\"https:\\\/\\\/www.inverseteams.com\\\/wp-content\\\/uploads\\\/TRISHORT-AQUA-1-1.jpg\",\"width\":3222,\"height\":3462,\"caption\":\"short triatlon aqua personalizado\"},{\"@type\":\"BreadcrumbList\",\"@id\":\"https:\\\/\\\/www.inverseteams.com\\\/es\\\/producto\\\/short-triatlon-personalizado-aqua\\\/#breadcrumb\",\"itemListElement\":[{\"@type\":\"ListItem\",\"position\":1,\"name\":\"Portada\",\"item\":\"https:\\\/\\\/www.inverseteams.com\\\/es\\\/\"},{\"@type\":\"ListItem\",\"position\":2,\"name\":\"Tienda\",\"item\":\"https:\\\/\\\/www.inverseteams.com\\\/es\\\/tienda\\\/\"},{\"@type\":\"ListItem\",\"position\":3,\"name\":\"Short triatl\u00f3n personalizado AQUA\"}]},{\"@type\":\"WebSite\",\"@id\":\"https:\\\/\\\/www.inverseteams.com\\\/es\\\/#website\",\"url\":\"https:\\\/\\\/www.inverseteams.com\\\/es\\\/\",\"name\":\"Inverseteams\",\"description\":\"Tu marca de ropa deportiva personalizada\",\"publisher\":{\"@id\":\"https:\\\/\\\/www.inverseteams.com\\\/es\\\/#organization\"},\"potentialAction\":[{\"@type\":\"SearchAction\",\"target\":{\"@type\":\"EntryPoint\",\"urlTemplate\":\"https:\\\/\\\/www.inverseteams.com\\\/es\\\/?s={search_term_string}\"},\"query-input\":{\"@type\":\"PropertyValueSpecification\",\"valueRequired\":true,\"valueName\":\"search_term_string\"}}],\"inLanguage\":\"es\"},{\"@type\":\"Organization\",\"@id\":\"https:\\\/\\\/www.inverseteams.com\\\/es\\\/#organization\",\"name\":\"Inverse Teams\",\"url\":\"https:\\\/\\\/www.inverseteams.com\\\/es\\\/\",\"logo\":{\"@type\":\"ImageObject\",\"inLanguage\":\"es\",\"@id\":\"https:\\\/\\\/www.inverseteams.com\\\/es\\\/#\\\/schema\\\/logo\\\/image\\\/\",\"url\":\"https:\\\/\\\/www.inverseteams.com\\\/wp-content\\\/uploads\\\/2021\\\/03\\\/logo-inverse-teams.png\",\"contentUrl\":\"https:\\\/\\\/www.inverseteams.com\\\/wp-content\\\/uploads\\\/2021\\\/03\\\/logo-inverse-teams.png\",\"width\":294,\"height\":99,\"caption\":\"Inverse Teams\"},\"image\":{\"@id\":\"https:\\\/\\\/www.inverseteams.com\\\/es\\\/#\\\/schema\\\/logo\\\/image\\\/\"},\"sameAs\":[\"https:\\\/\\\/www.facebook.com\\\/inverseteams\",\"http:\\\/\\\/instagram.com\\\/inverseteams\",\"https:\\\/\\\/www.linkedin.com\\\/company\\\/inverse-cirosport-s-l-?trk=job_view_topcard_company_name\",\"http:\\\/\\\/www.pinterest.com\\\/inverseteams\\\/\",\"http:\\\/\\\/www.youtube.com\\\/user\\\/inverseteams?feature=watch\"]}]}<\/script>\n<!-- \/ Yoast SEO plugin. -->","yoast_head_json":{"title":"Short triatl\u00f3n personalizado AQUA","description":"Short triatl\u00f3n personalizado AQUA. Acabado Tefl\u00f3n repele el agua en nataci\u00f3n y seca r\u00e1pidamente durante la transici\u00f3n \u00a1Entrega en solo 4 semanas!","robots":{"index":"index","follow":"follow","max-snippet":"max-snippet:-1","max-image-preview":"max-image-preview:large","max-video-preview":"max-video-preview:-1"},"canonical":"https:\/\/www.inverseteams.com\/es\/producto\/short-triatlon-personalizado-aqua\/","og_locale":"es_ES","og_type":"article","og_title":"Short triatl\u00f3n personalizado AQUA","og_description":"Short triatl\u00f3n personalizado AQUA. Acabado Tefl\u00f3n repele el agua en nataci\u00f3n y seca r\u00e1pidamente durante la transici\u00f3n \u00a1Entrega en solo 4 semanas!","og_url":"https:\/\/www.inverseteams.com\/es\/producto\/short-triatlon-personalizado-aqua\/","og_site_name":"Inverseteams","article_publisher":"https:\/\/www.facebook.com\/inverseteams","article_modified_time":"2023-10-05T10:56:45+00:00","og_image":[{"width":3222,"height":3462,"url":"https:\/\/www.inverseteams.com\/wp-content\/uploads\/TRISHORT-AQUA-1-1.jpg","type":"image\/jpeg"}],"twitter_card":"summary_large_image","twitter_misc":{"Tiempo de lectura":"1 minuto"},"schema":{"@context":"https:\/\/schema.org","@graph":[{"@type":"WebPage","@id":"https:\/\/www.inverseteams.com\/es\/producto\/short-triatlon-personalizado-aqua\/","url":"https:\/\/www.inverseteams.com\/es\/producto\/short-triatlon-personalizado-aqua\/","name":"Short triatl\u00f3n personalizado AQUA","isPartOf":{"@id":"https:\/\/www.inverseteams.com\/es\/#website"},"primaryImageOfPage":{"@id":"https:\/\/www.inverseteams.com\/es\/producto\/short-triatlon-personalizado-aqua\/#primaryimage"},"image":{"@id":"https:\/\/www.inverseteams.com\/es\/producto\/short-triatlon-personalizado-aqua\/#primaryimage"},"thumbnailUrl":"https:\/\/www.inverseteams.com\/wp-content\/uploads\/TRISHORT-AQUA-1-1.jpg","datePublished":"2021-05-10T08:31:14+00:00","dateModified":"2023-10-05T10:56:45+00:00","description":"Short triatl\u00f3n personalizado AQUA. Acabado Tefl\u00f3n repele el agua en nataci\u00f3n y seca r\u00e1pidamente durante la transici\u00f3n \u00a1Entrega en solo 4 semanas!","breadcrumb":{"@id":"https:\/\/www.inverseteams.com\/es\/producto\/short-triatlon-personalizado-aqua\/#breadcrumb"},"inLanguage":"es","potentialAction":[{"@type":"ReadAction","target":["https:\/\/www.inverseteams.com\/es\/producto\/short-triatlon-personalizado-aqua\/"]}]},{"@type":"ImageObject","inLanguage":"es","@id":"https:\/\/www.inverseteams.com\/es\/producto\/short-triatlon-personalizado-aqua\/#primaryimage","url":"https:\/\/www.inverseteams.com\/wp-content\/uploads\/TRISHORT-AQUA-1-1.jpg","contentUrl":"https:\/\/www.inverseteams.com\/wp-content\/uploads\/TRISHORT-AQUA-1-1.jpg","width":3222,"height":3462,"caption":"short triatlon aqua personalizado"},{"@type":"BreadcrumbList","@id":"https:\/\/www.inverseteams.com\/es\/producto\/short-triatlon-personalizado-aqua\/#breadcrumb","itemListElement":[{"@type":"ListItem","position":1,"name":"Portada","item":"https:\/\/www.inverseteams.com\/es\/"},{"@type":"ListItem","position":2,"name":"Tienda","item":"https:\/\/www.inverseteams.com\/es\/tienda\/"},{"@type":"ListItem","position":3,"name":"Short triatl\u00f3n personalizado AQUA"}]},{"@type":"WebSite","@id":"https:\/\/www.inverseteams.com\/es\/#website","url":"https:\/\/www.inverseteams.com\/es\/","name":"Inverseteams","description":"Tu marca de ropa deportiva personalizada","publisher":{"@id":"https:\/\/www.inverseteams.com\/es\/#organization"},"potentialAction":[{"@type":"SearchAction","target":{"@type":"EntryPoint","urlTemplate":"https:\/\/www.inverseteams.com\/es\/?s={search_term_string}"},"query-input":{"@type":"PropertyValueSpecification","valueRequired":true,"valueName":"search_term_string"}}],"inLanguage":"es"},{"@type":"Organization","@id":"https:\/\/www.inverseteams.com\/es\/#organization","name":"Inverse Teams","url":"https:\/\/www.inverseteams.com\/es\/","logo":{"@type":"ImageObject","inLanguage":"es","@id":"https:\/\/www.inverseteams.com\/es\/#\/schema\/logo\/image\/","url":"https:\/\/www.inverseteams.com\/wp-content\/uploads\/2021\/03\/logo-inverse-teams.png","contentUrl":"https:\/\/www.inverseteams.com\/wp-content\/uploads\/2021\/03\/logo-inverse-teams.png","width":294,"height":99,"caption":"Inverse Teams"},"image":{"@id":"https:\/\/www.inverseteams.com\/es\/#\/schema\/logo\/image\/"},"sameAs":["https:\/\/www.facebook.com\/inverseteams","http:\/\/instagram.com\/inverseteams","https:\/\/www.linkedin.com\/company\/inverse-cirosport-s-l-?trk=job_view_topcard_company_name","http:\/\/www.pinterest.com\/inverseteams\/","http:\/\/www.youtube.com\/user\/inverseteams?feature=watch"]}]}},"_links":{"self":[{"href":"https:\/\/www.inverseteams.com\/es\/wp-json\/wp\/v2\/product\/6567","targetHints":{"allow":["GET"]}}],"collection":[{"href":"https:\/\/www.inverseteams.com\/es\/wp-json\/wp\/v2\/product"}],"about":[{"href":"https:\/\/www.inverseteams.com\/es\/wp-json\/wp\/v2\/types\/product"}],"replies":[{"embeddable":true,"href":"https:\/\/www.inverseteams.com\/es\/wp-json\/wp\/v2\/comments?post=6567"}],"wp:featuredmedia":[{"embeddable":true,"href":"https:\/\/www.inverseteams.com\/es\/wp-json\/wp\/v2\/media\/141847"}],"wp:attachment":[{"href":"https:\/\/www.inverseteams.com\/es\/wp-json\/wp\/v2\/media?parent=6567"}],"wp:term":[{"taxonomy":"product_brand","embeddable":true,"href":"https:\/\/www.inverseteams.com\/es\/wp-json\/wp\/v2\/product_brand?post=6567"},{"taxonomy":"product_cat","embeddable":true,"href":"https:\/\/www.inverseteams.com\/es\/wp-json\/wp\/v2\/product_cat?post=6567"},{"taxonomy":"product_tag","embeddable":true,"href":"https:\/\/www.inverseteams.com\/es\/wp-json\/wp\/v2\/product_tag?post=6567"},{"taxonomy":"custom_category","embeddable":true,"href":"https:\/\/www.inverseteams.com\/es\/wp-json\/wp\/v2\/custom_category?post=6567"},{"taxonomy":"range","embeddable":true,"href":"https:\/\/www.inverseteams.com\/es\/wp-json\/wp\/v2\/range?post=6567"}],"curies":[{"name":"wp","href":"https:\/\/api.w.org\/{rel}","templated":true}]}}