{"id":6452,"date":"2021-10-05T09:46:42","date_gmt":"2021-10-05T09:46:42","guid":{"rendered":"https:\/\/new.inverseteams.ddev.site\/product\/mono-ciclista-manga-larga-kronos\/"},"modified":"2024-12-10T15:01:49","modified_gmt":"2024-12-10T15:01:49","slug":"mono-ciclismo-manga-larga-personalizado-kronos","status":"publish","type":"product","link":"https:\/\/www.inverseteams.com\/es\/producto\/mono-ciclismo-manga-larga-personalizado-kronos\/","title":{"rendered":"Mono ciclismo manga larga personalizado KRONOS"},"content":{"rendered":"<p>El tejido THINK del cuerpo es muy ligero, el\u00e1stico y transpirable. Permite evacuar el sudor r\u00e1pidamente para mantener la piel seca y evitar el sobrecalentamiento. Esto te permitir\u00e1 rendir al m\u00e1ximo durante m\u00e1s tiempo.<br \/>\nLa estructura del tejido de las mangas cortadas a l\u00e1ser garantiza un buen flujo del viento para aumentar la aerodin\u00e1mica y optimizar todo tu esfuerzo. El ribete el\u00e1stico del cuello se adapta al cuerpo sin provocar rozaduras.<br \/>\nTodos los paneles han sido concebidos para adaptarse a la posici\u00f3n sobre la bici y para que no opongan ninguna resistencia. \u00c9stos est\u00e1n cosidos con unas costuras planas super resistentes.<br \/>\nEl tejido de las piernas se caracteriza por su buena compresi\u00f3n muscular. Consigue mantener bajo control el \u00e1cido l\u00e1ctico, retarda la fatiga muscular y ayuda a oxigenar la sangre. Al final de las piernas tiene una banda el\u00e1stica microperforada con un grip de silicona hipoalerg\u00e9nica en su interior. \u00c9sta evita que aumente la sudoraci\u00f3n y mantiene la prenda bien sujeta a la pierna. En el exterior tiene unas l\u00edneas reflectantes 360\u00ba que aumentar\u00e1n tu seguridad ya que reflejar\u00e1n la luz de los veh\u00edculos.<\/p>\n","protected":false},"excerpt":{"rendered":"<p>El tejido THINK del cuerpo es muy ligero, el\u00e1stico y transpirable. Permite evacuar el sudor r\u00e1pidamente para mantener la piel seca y evitar el sobrecalentamiento. Esto te permitir\u00e1 rendir al m\u00e1ximo durante m\u00e1s tiempo.<br \/>\nLa estructura del tejido de las mangas cortadas a l\u00e1ser garantiza un buen flujo del viento para aumentar la aerodin\u00e1mica y optimizar todo tu esfuerzo. El ribete el\u00e1stico del cuello se adapta al cuerpo sin provocar rozaduras.<br \/>\nTodos los paneles han sido concebidos para adaptarse a la posici\u00f3n sobre la bici y para que no opongan ninguna resistencia. \u00c9stos est\u00e1n cosidos con unas costuras planas super resistentes.<br \/>\nEl tejido de las piernas se caracteriza por su buena compresi\u00f3n muscular. Consigue mantener bajo control el \u00e1cido l\u00e1ctico, retarda la fatiga muscular y ayuda a oxigenar la sangre. Al final de las piernas tiene una banda el\u00e1stica microperforada con un grip de silicona hipoalerg\u00e9nica en su interior. \u00c9sta evita que aumente la sudoraci\u00f3n y mantiene la prenda bien sujeta a la pierna. En el exterior tiene unas l\u00edneas reflectantes 360\u00ba que aumentar\u00e1n tu seguridad ya que reflejar\u00e1n la luz de los veh\u00edculos.<\/p>\n","protected":false},"featured_media":223958,"comment_status":"closed","ping_status":"closed","template":"","meta":{"_acf_changed":false},"product_brand":[],"product_cat":[15],"product_tag":[],"custom_category":[1381,1365,1393],"range":[1401],"class_list":{"0":"post-6452","1":"product","2":"type-product","3":"status-publish","4":"has-post-thumbnail","6":"product_cat-uncategorized","7":"pa_climatologia-calor","8":"pa_climatologia-temperatura-templada","9":"pa_deporte-ciclismo","10":"pa_genero-hombre","11":"pa_genero-mujer","12":"pa_patronaje-fit","13":"pa_tipo-de-prenda-mono","14":"custom_category-ropa-de-ciclismo-personalizada","15":"custom_category-deporte","16":"custom_category-mono-ciclismo-personalizado","17":"range-kronos","19":"first","20":"instock","21":"product-type-custom"},"acf":[],"yoast_head":"<!-- This site is optimized with the Yoast SEO plugin v27.3 - https:\/\/yoast.com\/product\/yoast-seo-wordpress\/ -->\n<title>Mono ciclismo manga larga personalizado KRONOS<\/title>\n<meta name=\"description\" content=\"Mono ciclismo manga larga personalizado. Tejido muy ligero, el\u00e1stico y transpirable. M\u00e1ximo rendimiento durante m\u00e1s tiempo \u00a1Entrega en tan solo 4 semanas!\" \/>\n<meta name=\"robots\" content=\"index, follow, max-snippet:-1, max-image-preview:large, max-video-preview:-1\" \/>\n<link rel=\"canonical\" href=\"https:\/\/www.inverseteams.com\/es\/producto\/mono-ciclismo-manga-larga-personalizado-kronos\/\" \/>\n<meta property=\"og:locale\" content=\"es_ES\" \/>\n<meta property=\"og:type\" content=\"article\" \/>\n<meta property=\"og:title\" content=\"Mono ciclismo manga larga personalizado KRONOS\" \/>\n<meta property=\"og:description\" content=\"Mono ciclismo manga larga personalizado. Tejido muy ligero, el\u00e1stico y transpirable. M\u00e1ximo rendimiento durante m\u00e1s tiempo \u00a1Entrega en tan solo 4 semanas!\" \/>\n<meta property=\"og:url\" content=\"https:\/\/www.inverseteams.com\/es\/producto\/mono-ciclismo-manga-larga-personalizado-kronos\/\" \/>\n<meta property=\"og:site_name\" content=\"Inverseteams\" \/>\n<meta property=\"article:publisher\" content=\"https:\/\/www.facebook.com\/inverseteams\" \/>\n<meta property=\"article:modified_time\" content=\"2024-12-10T15:01:49+00:00\" \/>\n<meta property=\"og:image\" content=\"https:\/\/www.inverseteams.com\/wp-content\/uploads\/BUZO-ML-CONTRARRELOJ-PERSONALIZADO-KRONOS-1.jpg\" \/>\n\t<meta property=\"og:image:width\" content=\"1500\" \/>\n\t<meta property=\"og:image:height\" content=\"1612\" \/>\n\t<meta property=\"og:image:type\" content=\"image\/jpeg\" \/>\n<meta name=\"twitter:card\" content=\"summary_large_image\" \/>\n<meta name=\"twitter:label1\" content=\"Tiempo de lectura\" \/>\n\t<meta name=\"twitter:data1\" content=\"2 minuto\" \/>\n<script type=\"application\/ld+json\" class=\"yoast-schema-graph\">{\"@context\":\"https:\\\/\\\/schema.org\",\"@graph\":[{\"@type\":\"WebPage\",\"@id\":\"https:\\\/\\\/www.inverseteams.com\\\/es\\\/producto\\\/mono-ciclismo-manga-larga-personalizado-kronos\\\/\",\"url\":\"https:\\\/\\\/www.inverseteams.com\\\/es\\\/producto\\\/mono-ciclismo-manga-larga-personalizado-kronos\\\/\",\"name\":\"Mono ciclismo manga larga personalizado KRONOS\",\"isPartOf\":{\"@id\":\"https:\\\/\\\/www.inverseteams.com\\\/es\\\/#website\"},\"primaryImageOfPage\":{\"@id\":\"https:\\\/\\\/www.inverseteams.com\\\/es\\\/producto\\\/mono-ciclismo-manga-larga-personalizado-kronos\\\/#primaryimage\"},\"image\":{\"@id\":\"https:\\\/\\\/www.inverseteams.com\\\/es\\\/producto\\\/mono-ciclismo-manga-larga-personalizado-kronos\\\/#primaryimage\"},\"thumbnailUrl\":\"https:\\\/\\\/www.inverseteams.com\\\/wp-content\\\/uploads\\\/BUZO-ML-CONTRARRELOJ-PERSONALIZADO-KRONOS-1.jpg\",\"datePublished\":\"2021-10-05T09:46:42+00:00\",\"dateModified\":\"2024-12-10T15:01:49+00:00\",\"description\":\"Mono ciclismo manga larga personalizado. Tejido muy ligero, el\u00e1stico y transpirable. M\u00e1ximo rendimiento durante m\u00e1s tiempo \u00a1Entrega en tan solo 4 semanas!\",\"breadcrumb\":{\"@id\":\"https:\\\/\\\/www.inverseteams.com\\\/es\\\/producto\\\/mono-ciclismo-manga-larga-personalizado-kronos\\\/#breadcrumb\"},\"inLanguage\":\"es\",\"potentialAction\":[{\"@type\":\"ReadAction\",\"target\":[\"https:\\\/\\\/www.inverseteams.com\\\/es\\\/producto\\\/mono-ciclismo-manga-larga-personalizado-kronos\\\/\"]}]},{\"@type\":\"ImageObject\",\"inLanguage\":\"es\",\"@id\":\"https:\\\/\\\/www.inverseteams.com\\\/es\\\/producto\\\/mono-ciclismo-manga-larga-personalizado-kronos\\\/#primaryimage\",\"url\":\"https:\\\/\\\/www.inverseteams.com\\\/wp-content\\\/uploads\\\/BUZO-ML-CONTRARRELOJ-PERSONALIZADO-KRONOS-1.jpg\",\"contentUrl\":\"https:\\\/\\\/www.inverseteams.com\\\/wp-content\\\/uploads\\\/BUZO-ML-CONTRARRELOJ-PERSONALIZADO-KRONOS-1.jpg\",\"width\":1500,\"height\":1612,\"caption\":\"buzo ciclismo crono manga larga\"},{\"@type\":\"BreadcrumbList\",\"@id\":\"https:\\\/\\\/www.inverseteams.com\\\/es\\\/producto\\\/mono-ciclismo-manga-larga-personalizado-kronos\\\/#breadcrumb\",\"itemListElement\":[{\"@type\":\"ListItem\",\"position\":1,\"name\":\"Portada\",\"item\":\"https:\\\/\\\/www.inverseteams.com\\\/es\\\/\"},{\"@type\":\"ListItem\",\"position\":2,\"name\":\"Tienda\",\"item\":\"https:\\\/\\\/www.inverseteams.com\\\/es\\\/tienda\\\/\"},{\"@type\":\"ListItem\",\"position\":3,\"name\":\"Mono ciclismo manga larga personalizado KRONOS\"}]},{\"@type\":\"WebSite\",\"@id\":\"https:\\\/\\\/www.inverseteams.com\\\/es\\\/#website\",\"url\":\"https:\\\/\\\/www.inverseteams.com\\\/es\\\/\",\"name\":\"Inverseteams\",\"description\":\"Tu marca de ropa deportiva personalizada\",\"publisher\":{\"@id\":\"https:\\\/\\\/www.inverseteams.com\\\/es\\\/#organization\"},\"potentialAction\":[{\"@type\":\"SearchAction\",\"target\":{\"@type\":\"EntryPoint\",\"urlTemplate\":\"https:\\\/\\\/www.inverseteams.com\\\/es\\\/?s={search_term_string}\"},\"query-input\":{\"@type\":\"PropertyValueSpecification\",\"valueRequired\":true,\"valueName\":\"search_term_string\"}}],\"inLanguage\":\"es\"},{\"@type\":\"Organization\",\"@id\":\"https:\\\/\\\/www.inverseteams.com\\\/es\\\/#organization\",\"name\":\"Inverse Teams\",\"url\":\"https:\\\/\\\/www.inverseteams.com\\\/es\\\/\",\"logo\":{\"@type\":\"ImageObject\",\"inLanguage\":\"es\",\"@id\":\"https:\\\/\\\/www.inverseteams.com\\\/es\\\/#\\\/schema\\\/logo\\\/image\\\/\",\"url\":\"http:\\\/\\\/www.inverseteams.com\\\/wp-content\\\/uploads\\\/2021\\\/03\\\/logo-inverse-teams.png\",\"contentUrl\":\"http:\\\/\\\/www.inverseteams.com\\\/wp-content\\\/uploads\\\/2021\\\/03\\\/logo-inverse-teams.png\",\"width\":294,\"height\":99,\"caption\":\"Inverse Teams\"},\"image\":{\"@id\":\"https:\\\/\\\/www.inverseteams.com\\\/es\\\/#\\\/schema\\\/logo\\\/image\\\/\"},\"sameAs\":[\"https:\\\/\\\/www.facebook.com\\\/inverseteams\",\"http:\\\/\\\/instagram.com\\\/inverseteams\",\"https:\\\/\\\/www.linkedin.com\\\/company\\\/inverse-cirosport-s-l-?trk=job_view_topcard_company_name\",\"http:\\\/\\\/www.pinterest.com\\\/inverseteams\\\/\",\"http:\\\/\\\/www.youtube.com\\\/user\\\/inverseteams?feature=watch\"]}]}<\/script>\n<!-- \/ Yoast SEO plugin. -->","yoast_head_json":{"title":"Mono ciclismo manga larga personalizado KRONOS","description":"Mono ciclismo manga larga personalizado. Tejido muy ligero, el\u00e1stico y transpirable. M\u00e1ximo rendimiento durante m\u00e1s tiempo \u00a1Entrega en tan solo 4 semanas!","robots":{"index":"index","follow":"follow","max-snippet":"max-snippet:-1","max-image-preview":"max-image-preview:large","max-video-preview":"max-video-preview:-1"},"canonical":"https:\/\/www.inverseteams.com\/es\/producto\/mono-ciclismo-manga-larga-personalizado-kronos\/","og_locale":"es_ES","og_type":"article","og_title":"Mono ciclismo manga larga personalizado KRONOS","og_description":"Mono ciclismo manga larga personalizado. Tejido muy ligero, el\u00e1stico y transpirable. M\u00e1ximo rendimiento durante m\u00e1s tiempo \u00a1Entrega en tan solo 4 semanas!","og_url":"https:\/\/www.inverseteams.com\/es\/producto\/mono-ciclismo-manga-larga-personalizado-kronos\/","og_site_name":"Inverseteams","article_publisher":"https:\/\/www.facebook.com\/inverseteams","article_modified_time":"2024-12-10T15:01:49+00:00","og_image":[{"width":1500,"height":1612,"url":"https:\/\/www.inverseteams.com\/wp-content\/uploads\/BUZO-ML-CONTRARRELOJ-PERSONALIZADO-KRONOS-1.jpg","type":"image\/jpeg"}],"twitter_card":"summary_large_image","twitter_misc":{"Tiempo de lectura":"2 minuto"},"schema":{"@context":"https:\/\/schema.org","@graph":[{"@type":"WebPage","@id":"https:\/\/www.inverseteams.com\/es\/producto\/mono-ciclismo-manga-larga-personalizado-kronos\/","url":"https:\/\/www.inverseteams.com\/es\/producto\/mono-ciclismo-manga-larga-personalizado-kronos\/","name":"Mono ciclismo manga larga personalizado KRONOS","isPartOf":{"@id":"https:\/\/www.inverseteams.com\/es\/#website"},"primaryImageOfPage":{"@id":"https:\/\/www.inverseteams.com\/es\/producto\/mono-ciclismo-manga-larga-personalizado-kronos\/#primaryimage"},"image":{"@id":"https:\/\/www.inverseteams.com\/es\/producto\/mono-ciclismo-manga-larga-personalizado-kronos\/#primaryimage"},"thumbnailUrl":"https:\/\/www.inverseteams.com\/wp-content\/uploads\/BUZO-ML-CONTRARRELOJ-PERSONALIZADO-KRONOS-1.jpg","datePublished":"2021-10-05T09:46:42+00:00","dateModified":"2024-12-10T15:01:49+00:00","description":"Mono ciclismo manga larga personalizado. Tejido muy ligero, el\u00e1stico y transpirable. M\u00e1ximo rendimiento durante m\u00e1s tiempo \u00a1Entrega en tan solo 4 semanas!","breadcrumb":{"@id":"https:\/\/www.inverseteams.com\/es\/producto\/mono-ciclismo-manga-larga-personalizado-kronos\/#breadcrumb"},"inLanguage":"es","potentialAction":[{"@type":"ReadAction","target":["https:\/\/www.inverseteams.com\/es\/producto\/mono-ciclismo-manga-larga-personalizado-kronos\/"]}]},{"@type":"ImageObject","inLanguage":"es","@id":"https:\/\/www.inverseteams.com\/es\/producto\/mono-ciclismo-manga-larga-personalizado-kronos\/#primaryimage","url":"https:\/\/www.inverseteams.com\/wp-content\/uploads\/BUZO-ML-CONTRARRELOJ-PERSONALIZADO-KRONOS-1.jpg","contentUrl":"https:\/\/www.inverseteams.com\/wp-content\/uploads\/BUZO-ML-CONTRARRELOJ-PERSONALIZADO-KRONOS-1.jpg","width":1500,"height":1612,"caption":"buzo ciclismo crono manga larga"},{"@type":"BreadcrumbList","@id":"https:\/\/www.inverseteams.com\/es\/producto\/mono-ciclismo-manga-larga-personalizado-kronos\/#breadcrumb","itemListElement":[{"@type":"ListItem","position":1,"name":"Portada","item":"https:\/\/www.inverseteams.com\/es\/"},{"@type":"ListItem","position":2,"name":"Tienda","item":"https:\/\/www.inverseteams.com\/es\/tienda\/"},{"@type":"ListItem","position":3,"name":"Mono ciclismo manga larga personalizado KRONOS"}]},{"@type":"WebSite","@id":"https:\/\/www.inverseteams.com\/es\/#website","url":"https:\/\/www.inverseteams.com\/es\/","name":"Inverseteams","description":"Tu marca de ropa deportiva personalizada","publisher":{"@id":"https:\/\/www.inverseteams.com\/es\/#organization"},"potentialAction":[{"@type":"SearchAction","target":{"@type":"EntryPoint","urlTemplate":"https:\/\/www.inverseteams.com\/es\/?s={search_term_string}"},"query-input":{"@type":"PropertyValueSpecification","valueRequired":true,"valueName":"search_term_string"}}],"inLanguage":"es"},{"@type":"Organization","@id":"https:\/\/www.inverseteams.com\/es\/#organization","name":"Inverse Teams","url":"https:\/\/www.inverseteams.com\/es\/","logo":{"@type":"ImageObject","inLanguage":"es","@id":"https:\/\/www.inverseteams.com\/es\/#\/schema\/logo\/image\/","url":"https:\/\/www.inverseteams.com\/wp-content\/uploads\/2021\/03\/logo-inverse-teams.png","contentUrl":"https:\/\/www.inverseteams.com\/wp-content\/uploads\/2021\/03\/logo-inverse-teams.png","width":294,"height":99,"caption":"Inverse Teams"},"image":{"@id":"https:\/\/www.inverseteams.com\/es\/#\/schema\/logo\/image\/"},"sameAs":["https:\/\/www.facebook.com\/inverseteams","http:\/\/instagram.com\/inverseteams","https:\/\/www.linkedin.com\/company\/inverse-cirosport-s-l-?trk=job_view_topcard_company_name","http:\/\/www.pinterest.com\/inverseteams\/","http:\/\/www.youtube.com\/user\/inverseteams?feature=watch"]}]}},"_links":{"self":[{"href":"https:\/\/www.inverseteams.com\/es\/wp-json\/wp\/v2\/product\/6452","targetHints":{"allow":["GET"]}}],"collection":[{"href":"https:\/\/www.inverseteams.com\/es\/wp-json\/wp\/v2\/product"}],"about":[{"href":"https:\/\/www.inverseteams.com\/es\/wp-json\/wp\/v2\/types\/product"}],"replies":[{"embeddable":true,"href":"https:\/\/www.inverseteams.com\/es\/wp-json\/wp\/v2\/comments?post=6452"}],"wp:featuredmedia":[{"embeddable":true,"href":"https:\/\/www.inverseteams.com\/es\/wp-json\/wp\/v2\/media\/223958"}],"wp:attachment":[{"href":"https:\/\/www.inverseteams.com\/es\/wp-json\/wp\/v2\/media?parent=6452"}],"wp:term":[{"taxonomy":"product_brand","embeddable":true,"href":"https:\/\/www.inverseteams.com\/es\/wp-json\/wp\/v2\/product_brand?post=6452"},{"taxonomy":"product_cat","embeddable":true,"href":"https:\/\/www.inverseteams.com\/es\/wp-json\/wp\/v2\/product_cat?post=6452"},{"taxonomy":"product_tag","embeddable":true,"href":"https:\/\/www.inverseteams.com\/es\/wp-json\/wp\/v2\/product_tag?post=6452"},{"taxonomy":"custom_category","embeddable":true,"href":"https:\/\/www.inverseteams.com\/es\/wp-json\/wp\/v2\/custom_category?post=6452"},{"taxonomy":"range","embeddable":true,"href":"https:\/\/www.inverseteams.com\/es\/wp-json\/wp\/v2\/range?post=6452"}],"curies":[{"name":"wp","href":"https:\/\/api.w.org\/{rel}","templated":true}]}}