{"id":6450,"date":"2021-10-05T09:46:42","date_gmt":"2021-10-05T09:46:42","guid":{"rendered":"https:\/\/new.inverseteams.ddev.site\/product\/culotte-ciclista-con-tirantes-air\/"},"modified":"2026-02-24T16:33:26","modified_gmt":"2026-02-24T15:33:26","slug":"culotte-ciclismo-personalizado-supra","status":"publish","type":"product","link":"https:\/\/www.inverseteams.com\/es\/producto\/culotte-ciclismo-personalizado-supra\/","title":{"rendered":"Culotte ciclismo personalizado SUPRA"},"content":{"rendered":"<p>Culotte perfecto para la competici\u00f3n. Su elasticidad y ligereza te permitir\u00e1n una gran libertad de movimientos. Se caracteriza por su buena compresi\u00f3n muscular. Este culotte consigue mantener bajo control el \u00e1cido l\u00e1ctico, retarda la fatiga muscular y ayuda a oxigenar la sangre.<br \/>\nLos paneles del Culotte ciclismo personalizado est\u00e1n dise\u00f1ados para que se adapten perfectamente a las diferentes posiciones del pedaleo. No notar\u00e1s ninguna resistencia. Estos paneles est\u00e1n cosidos con unas costuras planas s\u00faper resistentes que adem\u00e1s aportan un dise\u00f1o m\u00e1s atractivo a la prenda. Los tirantes planos microperforados te ayudar\u00e1n a evacuar el sudor y a sentirte fresco y seco en todo momento. \u00c9stos distribuyen el peso de forma equilibrada para que puedas gozar de largas sesiones de ciclismo sin molestias.<br \/>\nAl final de las piernas cortadas a l\u00e1ser tiene un grip de silicona hipoalerg\u00e9nica en su interior. \u00c9ste mantiene la prenda bien sujeta a la pierna.<\/p>\n","protected":false},"excerpt":{"rendered":"<p>Culotte perfecto para la competici\u00f3n. Su elasticidad y ligereza te permitir\u00e1n una gran libertad de movimientos. Se caracteriza por su buena compresi\u00f3n muscular. Este culotte consigue mantener bajo control el \u00e1cido l\u00e1ctico, retarda la fatiga muscular y ayuda a oxigenar la sangre.<br \/>\nLos paneles del Culotte ciclismo personalizado est\u00e1n dise\u00f1ados para que se adapten perfectamente a las diferentes posiciones del pedaleo. No notar\u00e1s ninguna resistencia. Estos paneles est\u00e1n cosidos con unas costuras planas s\u00faper resistentes que adem\u00e1s aportan un dise\u00f1o m\u00e1s atractivo a la prenda. Los tirantes planos microperforados te ayudar\u00e1n a evacuar el sudor y a sentirte fresco y seco en todo momento. \u00c9stos distribuyen el peso de forma equilibrada para que puedas gozar de largas sesiones de ciclismo sin molestias.<br \/>\nAl final de las piernas cortadas a l\u00e1ser tiene un grip de silicona hipoalerg\u00e9nica en su interior. \u00c9ste mantiene la prenda bien sujeta a la pierna.<\/p>\n","protected":false},"featured_media":277656,"comment_status":"closed","ping_status":"closed","template":"","meta":{"_acf_changed":false},"product_brand":[],"product_cat":[15],"product_tag":[],"custom_category":[1381,1365,1392],"range":[1400],"class_list":{"0":"post-6450","1":"product","2":"type-product","3":"status-publish","4":"has-post-thumbnail","6":"product_cat-uncategorized","7":"pa_climatologia-temperatura-templada","8":"pa_climatologia-calor","9":"pa_deporte-ciclismo","10":"pa_genero-hombre","11":"pa_genero-mujer","12":"pa_patronaje-fit","13":"pa_tipo-de-prenda-culotte-corto","14":"custom_category-ropa-de-ciclismo-personalizada","15":"custom_category-deporte","16":"custom_category-culotte-ciclismo-personalizado","17":"range-supra","19":"first","20":"instock","21":"product-type-custom"},"acf":[],"yoast_head":"<!-- This site is optimized with the Yoast SEO plugin v27.3 - https:\/\/yoast.com\/product\/yoast-seo-wordpress\/ -->\n<title>Culotte ciclismo personalizado AIR<\/title>\n<meta name=\"description\" content=\"Culotte perfecto para la alta competici\u00f3n. El\u00e1stico y ligero permiten una gran libertad de movimientos \u00a1Con dise\u00f1o personalizado y entrega en solo 4 semanas!\" \/>\n<meta name=\"robots\" content=\"index, follow, max-snippet:-1, max-image-preview:large, max-video-preview:-1\" \/>\n<link rel=\"canonical\" href=\"https:\/\/www.inverseteams.com\/es\/producto\/culotte-ciclismo-personalizado-supra\/\" \/>\n<meta property=\"og:locale\" content=\"es_ES\" \/>\n<meta property=\"og:type\" content=\"article\" \/>\n<meta property=\"og:title\" content=\"Culotte ciclismo personalizado AIR\" \/>\n<meta property=\"og:description\" content=\"Culotte perfecto para la alta competici\u00f3n. El\u00e1stico y ligero permiten una gran libertad de movimientos \u00a1Con dise\u00f1o personalizado y entrega en solo 4 semanas!\" \/>\n<meta property=\"og:url\" content=\"https:\/\/www.inverseteams.com\/es\/producto\/culotte-ciclismo-personalizado-supra\/\" \/>\n<meta property=\"og:site_name\" content=\"Inverseteams\" \/>\n<meta property=\"article:publisher\" content=\"https:\/\/www.facebook.com\/inverseteams\" \/>\n<meta property=\"article:modified_time\" content=\"2026-02-24T15:33:26+00:00\" \/>\n<meta property=\"og:image\" content=\"https:\/\/www.inverseteams.com\/wp-content\/uploads\/CULOTTE-CT-SUPRA-INVERSE-1.png\" \/>\n\t<meta property=\"og:image:width\" content=\"1500\" \/>\n\t<meta property=\"og:image:height\" content=\"1612\" \/>\n\t<meta property=\"og:image:type\" content=\"image\/png\" \/>\n<meta name=\"twitter:card\" content=\"summary_large_image\" \/>\n<meta name=\"twitter:label1\" content=\"Tiempo de lectura\" \/>\n\t<meta name=\"twitter:data1\" content=\"1 minuto\" \/>\n<script type=\"application\/ld+json\" class=\"yoast-schema-graph\">{\"@context\":\"https:\\\/\\\/schema.org\",\"@graph\":[{\"@type\":\"WebPage\",\"@id\":\"https:\\\/\\\/www.inverseteams.com\\\/es\\\/producto\\\/culotte-ciclismo-personalizado-supra\\\/\",\"url\":\"https:\\\/\\\/www.inverseteams.com\\\/es\\\/producto\\\/culotte-ciclismo-personalizado-supra\\\/\",\"name\":\"Culotte ciclismo personalizado AIR\",\"isPartOf\":{\"@id\":\"https:\\\/\\\/www.inverseteams.com\\\/es\\\/#website\"},\"primaryImageOfPage\":{\"@id\":\"https:\\\/\\\/www.inverseteams.com\\\/es\\\/producto\\\/culotte-ciclismo-personalizado-supra\\\/#primaryimage\"},\"image\":{\"@id\":\"https:\\\/\\\/www.inverseteams.com\\\/es\\\/producto\\\/culotte-ciclismo-personalizado-supra\\\/#primaryimage\"},\"thumbnailUrl\":\"https:\\\/\\\/www.inverseteams.com\\\/wp-content\\\/uploads\\\/CULOTTE-CT-SUPRA-INVERSE-1.png\",\"datePublished\":\"2021-10-05T09:46:42+00:00\",\"dateModified\":\"2026-02-24T15:33:26+00:00\",\"description\":\"Culotte perfecto para la alta competici\u00f3n. El\u00e1stico y ligero permiten una gran libertad de movimientos \u00a1Con dise\u00f1o personalizado y entrega en solo 4 semanas!\",\"breadcrumb\":{\"@id\":\"https:\\\/\\\/www.inverseteams.com\\\/es\\\/producto\\\/culotte-ciclismo-personalizado-supra\\\/#breadcrumb\"},\"inLanguage\":\"es\",\"potentialAction\":[{\"@type\":\"ReadAction\",\"target\":[\"https:\\\/\\\/www.inverseteams.com\\\/es\\\/producto\\\/culotte-ciclismo-personalizado-supra\\\/\"]}]},{\"@type\":\"ImageObject\",\"inLanguage\":\"es\",\"@id\":\"https:\\\/\\\/www.inverseteams.com\\\/es\\\/producto\\\/culotte-ciclismo-personalizado-supra\\\/#primaryimage\",\"url\":\"https:\\\/\\\/www.inverseteams.com\\\/wp-content\\\/uploads\\\/CULOTTE-CT-SUPRA-INVERSE-1.png\",\"contentUrl\":\"https:\\\/\\\/www.inverseteams.com\\\/wp-content\\\/uploads\\\/CULOTTE-CT-SUPRA-INVERSE-1.png\",\"width\":1500,\"height\":1612},{\"@type\":\"BreadcrumbList\",\"@id\":\"https:\\\/\\\/www.inverseteams.com\\\/es\\\/producto\\\/culotte-ciclismo-personalizado-supra\\\/#breadcrumb\",\"itemListElement\":[{\"@type\":\"ListItem\",\"position\":1,\"name\":\"Portada\",\"item\":\"https:\\\/\\\/www.inverseteams.com\\\/es\\\/\"},{\"@type\":\"ListItem\",\"position\":2,\"name\":\"Tienda\",\"item\":\"https:\\\/\\\/www.inverseteams.com\\\/es\\\/tienda\\\/\"},{\"@type\":\"ListItem\",\"position\":3,\"name\":\"Culotte ciclismo personalizado SUPRA\"}]},{\"@type\":\"WebSite\",\"@id\":\"https:\\\/\\\/www.inverseteams.com\\\/es\\\/#website\",\"url\":\"https:\\\/\\\/www.inverseteams.com\\\/es\\\/\",\"name\":\"Inverseteams\",\"description\":\"Tu marca de ropa deportiva personalizada\",\"publisher\":{\"@id\":\"https:\\\/\\\/www.inverseteams.com\\\/es\\\/#organization\"},\"potentialAction\":[{\"@type\":\"SearchAction\",\"target\":{\"@type\":\"EntryPoint\",\"urlTemplate\":\"https:\\\/\\\/www.inverseteams.com\\\/es\\\/?s={search_term_string}\"},\"query-input\":{\"@type\":\"PropertyValueSpecification\",\"valueRequired\":true,\"valueName\":\"search_term_string\"}}],\"inLanguage\":\"es\"},{\"@type\":\"Organization\",\"@id\":\"https:\\\/\\\/www.inverseteams.com\\\/es\\\/#organization\",\"name\":\"Inverse Teams\",\"url\":\"https:\\\/\\\/www.inverseteams.com\\\/es\\\/\",\"logo\":{\"@type\":\"ImageObject\",\"inLanguage\":\"es\",\"@id\":\"https:\\\/\\\/www.inverseteams.com\\\/es\\\/#\\\/schema\\\/logo\\\/image\\\/\",\"url\":\"http:\\\/\\\/www.inverseteams.com\\\/wp-content\\\/uploads\\\/2021\\\/03\\\/logo-inverse-teams.png\",\"contentUrl\":\"http:\\\/\\\/www.inverseteams.com\\\/wp-content\\\/uploads\\\/2021\\\/03\\\/logo-inverse-teams.png\",\"width\":294,\"height\":99,\"caption\":\"Inverse Teams\"},\"image\":{\"@id\":\"https:\\\/\\\/www.inverseteams.com\\\/es\\\/#\\\/schema\\\/logo\\\/image\\\/\"},\"sameAs\":[\"https:\\\/\\\/www.facebook.com\\\/inverseteams\",\"http:\\\/\\\/instagram.com\\\/inverseteams\",\"https:\\\/\\\/www.linkedin.com\\\/company\\\/inverse-cirosport-s-l-?trk=job_view_topcard_company_name\",\"http:\\\/\\\/www.pinterest.com\\\/inverseteams\\\/\",\"http:\\\/\\\/www.youtube.com\\\/user\\\/inverseteams?feature=watch\"]}]}<\/script>\n<!-- \/ Yoast SEO plugin. -->","yoast_head_json":{"title":"Culotte ciclismo personalizado AIR","description":"Culotte perfecto para la alta competici\u00f3n. El\u00e1stico y ligero permiten una gran libertad de movimientos \u00a1Con dise\u00f1o personalizado y entrega en solo 4 semanas!","robots":{"index":"index","follow":"follow","max-snippet":"max-snippet:-1","max-image-preview":"max-image-preview:large","max-video-preview":"max-video-preview:-1"},"canonical":"https:\/\/www.inverseteams.com\/es\/producto\/culotte-ciclismo-personalizado-supra\/","og_locale":"es_ES","og_type":"article","og_title":"Culotte ciclismo personalizado AIR","og_description":"Culotte perfecto para la alta competici\u00f3n. El\u00e1stico y ligero permiten una gran libertad de movimientos \u00a1Con dise\u00f1o personalizado y entrega en solo 4 semanas!","og_url":"https:\/\/www.inverseteams.com\/es\/producto\/culotte-ciclismo-personalizado-supra\/","og_site_name":"Inverseteams","article_publisher":"https:\/\/www.facebook.com\/inverseteams","article_modified_time":"2026-02-24T15:33:26+00:00","og_image":[{"width":1500,"height":1612,"url":"https:\/\/www.inverseteams.com\/wp-content\/uploads\/CULOTTE-CT-SUPRA-INVERSE-1.png","type":"image\/png"}],"twitter_card":"summary_large_image","twitter_misc":{"Tiempo de lectura":"1 minuto"},"schema":{"@context":"https:\/\/schema.org","@graph":[{"@type":"WebPage","@id":"https:\/\/www.inverseteams.com\/es\/producto\/culotte-ciclismo-personalizado-supra\/","url":"https:\/\/www.inverseteams.com\/es\/producto\/culotte-ciclismo-personalizado-supra\/","name":"Culotte ciclismo personalizado AIR","isPartOf":{"@id":"https:\/\/www.inverseteams.com\/es\/#website"},"primaryImageOfPage":{"@id":"https:\/\/www.inverseteams.com\/es\/producto\/culotte-ciclismo-personalizado-supra\/#primaryimage"},"image":{"@id":"https:\/\/www.inverseteams.com\/es\/producto\/culotte-ciclismo-personalizado-supra\/#primaryimage"},"thumbnailUrl":"https:\/\/www.inverseteams.com\/wp-content\/uploads\/CULOTTE-CT-SUPRA-INVERSE-1.png","datePublished":"2021-10-05T09:46:42+00:00","dateModified":"2026-02-24T15:33:26+00:00","description":"Culotte perfecto para la alta competici\u00f3n. El\u00e1stico y ligero permiten una gran libertad de movimientos \u00a1Con dise\u00f1o personalizado y entrega en solo 4 semanas!","breadcrumb":{"@id":"https:\/\/www.inverseteams.com\/es\/producto\/culotte-ciclismo-personalizado-supra\/#breadcrumb"},"inLanguage":"es","potentialAction":[{"@type":"ReadAction","target":["https:\/\/www.inverseteams.com\/es\/producto\/culotte-ciclismo-personalizado-supra\/"]}]},{"@type":"ImageObject","inLanguage":"es","@id":"https:\/\/www.inverseteams.com\/es\/producto\/culotte-ciclismo-personalizado-supra\/#primaryimage","url":"https:\/\/www.inverseteams.com\/wp-content\/uploads\/CULOTTE-CT-SUPRA-INVERSE-1.png","contentUrl":"https:\/\/www.inverseteams.com\/wp-content\/uploads\/CULOTTE-CT-SUPRA-INVERSE-1.png","width":1500,"height":1612},{"@type":"BreadcrumbList","@id":"https:\/\/www.inverseteams.com\/es\/producto\/culotte-ciclismo-personalizado-supra\/#breadcrumb","itemListElement":[{"@type":"ListItem","position":1,"name":"Portada","item":"https:\/\/www.inverseteams.com\/es\/"},{"@type":"ListItem","position":2,"name":"Tienda","item":"https:\/\/www.inverseteams.com\/es\/tienda\/"},{"@type":"ListItem","position":3,"name":"Culotte ciclismo personalizado SUPRA"}]},{"@type":"WebSite","@id":"https:\/\/www.inverseteams.com\/es\/#website","url":"https:\/\/www.inverseteams.com\/es\/","name":"Inverseteams","description":"Tu marca de ropa deportiva personalizada","publisher":{"@id":"https:\/\/www.inverseteams.com\/es\/#organization"},"potentialAction":[{"@type":"SearchAction","target":{"@type":"EntryPoint","urlTemplate":"https:\/\/www.inverseteams.com\/es\/?s={search_term_string}"},"query-input":{"@type":"PropertyValueSpecification","valueRequired":true,"valueName":"search_term_string"}}],"inLanguage":"es"},{"@type":"Organization","@id":"https:\/\/www.inverseteams.com\/es\/#organization","name":"Inverse Teams","url":"https:\/\/www.inverseteams.com\/es\/","logo":{"@type":"ImageObject","inLanguage":"es","@id":"https:\/\/www.inverseteams.com\/es\/#\/schema\/logo\/image\/","url":"https:\/\/www.inverseteams.com\/wp-content\/uploads\/2021\/03\/logo-inverse-teams.png","contentUrl":"https:\/\/www.inverseteams.com\/wp-content\/uploads\/2021\/03\/logo-inverse-teams.png","width":294,"height":99,"caption":"Inverse Teams"},"image":{"@id":"https:\/\/www.inverseteams.com\/es\/#\/schema\/logo\/image\/"},"sameAs":["https:\/\/www.facebook.com\/inverseteams","http:\/\/instagram.com\/inverseteams","https:\/\/www.linkedin.com\/company\/inverse-cirosport-s-l-?trk=job_view_topcard_company_name","http:\/\/www.pinterest.com\/inverseteams\/","http:\/\/www.youtube.com\/user\/inverseteams?feature=watch"]}]}},"_links":{"self":[{"href":"https:\/\/www.inverseteams.com\/es\/wp-json\/wp\/v2\/product\/6450","targetHints":{"allow":["GET"]}}],"collection":[{"href":"https:\/\/www.inverseteams.com\/es\/wp-json\/wp\/v2\/product"}],"about":[{"href":"https:\/\/www.inverseteams.com\/es\/wp-json\/wp\/v2\/types\/product"}],"replies":[{"embeddable":true,"href":"https:\/\/www.inverseteams.com\/es\/wp-json\/wp\/v2\/comments?post=6450"}],"wp:featuredmedia":[{"embeddable":true,"href":"https:\/\/www.inverseteams.com\/es\/wp-json\/wp\/v2\/media\/277656"}],"wp:attachment":[{"href":"https:\/\/www.inverseteams.com\/es\/wp-json\/wp\/v2\/media?parent=6450"}],"wp:term":[{"taxonomy":"product_brand","embeddable":true,"href":"https:\/\/www.inverseteams.com\/es\/wp-json\/wp\/v2\/product_brand?post=6450"},{"taxonomy":"product_cat","embeddable":true,"href":"https:\/\/www.inverseteams.com\/es\/wp-json\/wp\/v2\/product_cat?post=6450"},{"taxonomy":"product_tag","embeddable":true,"href":"https:\/\/www.inverseteams.com\/es\/wp-json\/wp\/v2\/product_tag?post=6450"},{"taxonomy":"custom_category","embeddable":true,"href":"https:\/\/www.inverseteams.com\/es\/wp-json\/wp\/v2\/custom_category?post=6450"},{"taxonomy":"range","embeddable":true,"href":"https:\/\/www.inverseteams.com\/es\/wp-json\/wp\/v2\/range?post=6450"}],"curies":[{"name":"wp","href":"https:\/\/api.w.org\/{rel}","templated":true}]}}