{"id":6421,"date":"2021-10-12T09:01:29","date_gmt":"2021-10-12T09:01:29","guid":{"rendered":"https:\/\/new.inverseteams.ddev.site\/product\/culotte-pirata-ciclista-sin-tirantes-tempus\/"},"modified":"2024-12-13T10:50:56","modified_gmt":"2024-12-13T10:50:56","slug":"culotte-pirata-ciclismo-sin-tirantes-personalizado-tempus","status":"publish","type":"product","link":"https:\/\/www.inverseteams.com\/es\/producto\/culotte-pirata-ciclismo-sin-tirantes-personalizado-tempus\/","title":{"rendered":"Culotte pirata ciclismo sin tirantes personalizado TEMPUS"},"content":{"rendered":"<p>Su elasticidad y ligereza te permitir\u00e1n una gran libertad de movimientos. Se caracteriza por su buena compresi\u00f3n muscular. Este culotte consigue mantener bajo control el \u00e1cido l\u00e1ctico, retarda la fatiga muscular y ayuda a oxigenar la sangre. Los paneles del Culotte ciclismo personalizado est\u00e1n dise\u00f1ados para que se adapten perfectamente a las diferentes posiciones del pedaleo. No notar\u00e1s ninguna resistencia.<br \/>\nSu tejido est\u00e1 concebido para mantener el calor corporal y a la vez expulsar el sudor r\u00e1pidamente hacia el exterior. Tendr\u00e1s la piel seca y evitar\u00e1s un sobrecalentamiento para poder rendir al m\u00e1ximo.<br \/>\nEn la cintura tiene una goma el\u00e1stica para sujetar bien la prenda sin molestias, as\u00ed podr\u00e1s disfrutar del ciclismo durante horas. Al final de las piernas tiene una banda el\u00e1stica microperforada con un grip de silicona hipoalerg\u00e9nica en su interior. \u00c9sta evita que aumente la sudoraci\u00f3n y mantiene la prenda bien sujeta a la pierna. En el exterior tiene unas l\u00edneas reflectantes 360\u00ba que aumentar\u00e1n tu seguridad ya que reflejar\u00e1n la luz de los veh\u00edculos.<\/p>\n","protected":false},"excerpt":{"rendered":"<p>Su elasticidad y ligereza te permitir\u00e1n una gran libertad de movimientos. Se caracteriza por su buena compresi\u00f3n muscular. Este culotte consigue mantener bajo control el \u00e1cido l\u00e1ctico, retarda la fatiga muscular y ayuda a oxigenar la sangre. Los paneles del Culotte ciclismo personalizado est\u00e1n dise\u00f1ados para que se adapten perfectamente a las diferentes posiciones del pedaleo. No notar\u00e1s ninguna resistencia.<br \/>\nSu tejido est\u00e1 concebido para mantener el calor corporal y a la vez expulsar el sudor r\u00e1pidamente hacia el exterior. Tendr\u00e1s la piel seca y evitar\u00e1s un sobrecalentamiento para poder rendir al m\u00e1ximo.<br \/>\nEn la cintura tiene una goma el\u00e1stica para sujetar bien la prenda sin molestias, as\u00ed podr\u00e1s disfrutar del ciclismo durante horas. Al final de las piernas tiene una banda el\u00e1stica microperforada con un grip de silicona hipoalerg\u00e9nica en su interior. \u00c9sta evita que aumente la sudoraci\u00f3n y mantiene la prenda bien sujeta a la pierna. En el exterior tiene unas l\u00edneas reflectantes 360\u00ba que aumentar\u00e1n tu seguridad ya que reflejar\u00e1n la luz de los veh\u00edculos.<\/p>\n","protected":false},"featured_media":223851,"comment_status":"closed","ping_status":"closed","template":"","meta":{"_acf_changed":false},"product_brand":[],"product_cat":[15],"product_tag":[],"custom_category":[1381,1365,1392],"range":[1398],"class_list":{"0":"post-6421","1":"product","2":"type-product","3":"status-publish","4":"has-post-thumbnail","6":"product_cat-uncategorized","7":"pa_climatologia-frio","8":"pa_climatologia-temperatura-templada","9":"pa_deporte-ciclismo","10":"pa_genero-infantil","11":"pa_genero-hombre","12":"pa_genero-mujer","13":"pa_patronaje-fit","14":"pa_tipo-de-prenda-culotte-pirata","15":"custom_category-ropa-de-ciclismo-personalizada","16":"custom_category-deporte","17":"custom_category-culotte-ciclismo-personalizado","18":"range-tempus","20":"first","21":"instock","22":"product-type-custom"},"acf":[],"yoast_head":"<!-- This site is optimized with the Yoast SEO plugin v27.5 - https:\/\/yoast.com\/product\/yoast-seo-wordpress\/ -->\n<title>Culotte pirata ciclismo sin tirantes personalizado TEMPUS<\/title>\n<meta name=\"description\" content=\"Culotte pirata ciclismo sin tirantes TEMPUS. El\u00e1stico y ligero, destaca por su buena compresi\u00f3n muscular \u00a1Con personalizaci\u00f3n, entrega en 4 semanas!\" \/>\n<meta name=\"robots\" content=\"index, follow, max-snippet:-1, max-image-preview:large, max-video-preview:-1\" \/>\n<link rel=\"canonical\" href=\"https:\/\/www.inverseteams.com\/es\/producto\/culotte-pirata-ciclismo-sin-tirantes-personalizado-tempus\/\" \/>\n<meta property=\"og:locale\" content=\"es_ES\" \/>\n<meta property=\"og:type\" content=\"article\" \/>\n<meta property=\"og:title\" content=\"Culotte pirata ciclismo sin tirantes personalizado TEMPUS\" \/>\n<meta property=\"og:description\" content=\"Culotte pirata ciclismo sin tirantes TEMPUS. El\u00e1stico y ligero, destaca por su buena compresi\u00f3n muscular \u00a1Con personalizaci\u00f3n, entrega en 4 semanas!\" \/>\n<meta property=\"og:url\" content=\"https:\/\/www.inverseteams.com\/es\/producto\/culotte-pirata-ciclismo-sin-tirantes-personalizado-tempus\/\" \/>\n<meta property=\"og:site_name\" content=\"Inverseteams\" \/>\n<meta property=\"article:publisher\" content=\"https:\/\/www.facebook.com\/inverseteams\" \/>\n<meta property=\"article:modified_time\" content=\"2024-12-13T10:50:56+00:00\" \/>\n<meta property=\"og:image\" content=\"https:\/\/www.inverseteams.com\/wp-content\/uploads\/PIRATA-ST-CICLISMO-PERSONALIZADO-TEMPUS-1.jpg\" \/>\n\t<meta property=\"og:image:width\" content=\"1500\" \/>\n\t<meta property=\"og:image:height\" content=\"1612\" \/>\n\t<meta property=\"og:image:type\" content=\"image\/jpeg\" \/>\n<meta name=\"twitter:card\" content=\"summary_large_image\" \/>\n<meta name=\"twitter:label1\" content=\"Tiempo de lectura\" \/>\n\t<meta name=\"twitter:data1\" content=\"1 minuto\" \/>\n<script type=\"application\/ld+json\" class=\"yoast-schema-graph\">{\"@context\":\"https:\\\/\\\/schema.org\",\"@graph\":[{\"@type\":\"WebPage\",\"@id\":\"https:\\\/\\\/www.inverseteams.com\\\/es\\\/producto\\\/culotte-pirata-ciclismo-sin-tirantes-personalizado-tempus\\\/\",\"url\":\"https:\\\/\\\/www.inverseteams.com\\\/es\\\/producto\\\/culotte-pirata-ciclismo-sin-tirantes-personalizado-tempus\\\/\",\"name\":\"Culotte pirata ciclismo sin tirantes personalizado TEMPUS\",\"isPartOf\":{\"@id\":\"https:\\\/\\\/www.inverseteams.com\\\/es\\\/#website\"},\"primaryImageOfPage\":{\"@id\":\"https:\\\/\\\/www.inverseteams.com\\\/es\\\/producto\\\/culotte-pirata-ciclismo-sin-tirantes-personalizado-tempus\\\/#primaryimage\"},\"image\":{\"@id\":\"https:\\\/\\\/www.inverseteams.com\\\/es\\\/producto\\\/culotte-pirata-ciclismo-sin-tirantes-personalizado-tempus\\\/#primaryimage\"},\"thumbnailUrl\":\"https:\\\/\\\/www.inverseteams.com\\\/wp-content\\\/uploads\\\/PIRATA-ST-CICLISMO-PERSONALIZADO-TEMPUS-1.jpg\",\"datePublished\":\"2021-10-12T09:01:29+00:00\",\"dateModified\":\"2024-12-13T10:50:56+00:00\",\"description\":\"Culotte pirata ciclismo sin tirantes TEMPUS. El\u00e1stico y ligero, destaca por su buena compresi\u00f3n muscular \u00a1Con personalizaci\u00f3n, entrega en 4 semanas!\",\"breadcrumb\":{\"@id\":\"https:\\\/\\\/www.inverseteams.com\\\/es\\\/producto\\\/culotte-pirata-ciclismo-sin-tirantes-personalizado-tempus\\\/#breadcrumb\"},\"inLanguage\":\"es\",\"potentialAction\":[{\"@type\":\"ReadAction\",\"target\":[\"https:\\\/\\\/www.inverseteams.com\\\/es\\\/producto\\\/culotte-pirata-ciclismo-sin-tirantes-personalizado-tempus\\\/\"]}]},{\"@type\":\"ImageObject\",\"inLanguage\":\"es\",\"@id\":\"https:\\\/\\\/www.inverseteams.com\\\/es\\\/producto\\\/culotte-pirata-ciclismo-sin-tirantes-personalizado-tempus\\\/#primaryimage\",\"url\":\"https:\\\/\\\/www.inverseteams.com\\\/wp-content\\\/uploads\\\/PIRATA-ST-CICLISMO-PERSONALIZADO-TEMPUS-1.jpg\",\"contentUrl\":\"https:\\\/\\\/www.inverseteams.com\\\/wp-content\\\/uploads\\\/PIRATA-ST-CICLISMO-PERSONALIZADO-TEMPUS-1.jpg\",\"width\":1500,\"height\":1612,\"caption\":\"culotte pirata ciclismo inverse\"},{\"@type\":\"BreadcrumbList\",\"@id\":\"https:\\\/\\\/www.inverseteams.com\\\/es\\\/producto\\\/culotte-pirata-ciclismo-sin-tirantes-personalizado-tempus\\\/#breadcrumb\",\"itemListElement\":[{\"@type\":\"ListItem\",\"position\":1,\"name\":\"Portada\",\"item\":\"https:\\\/\\\/www.inverseteams.com\\\/es\\\/\"},{\"@type\":\"ListItem\",\"position\":2,\"name\":\"Tienda\",\"item\":\"https:\\\/\\\/www.inverseteams.com\\\/es\\\/tienda\\\/\"},{\"@type\":\"ListItem\",\"position\":3,\"name\":\"Culotte pirata ciclismo sin tirantes personalizado TEMPUS\"}]},{\"@type\":\"WebSite\",\"@id\":\"https:\\\/\\\/www.inverseteams.com\\\/es\\\/#website\",\"url\":\"https:\\\/\\\/www.inverseteams.com\\\/es\\\/\",\"name\":\"Inverseteams\",\"description\":\"Tu marca de ropa deportiva personalizada\",\"publisher\":{\"@id\":\"https:\\\/\\\/www.inverseteams.com\\\/es\\\/#organization\"},\"potentialAction\":[{\"@type\":\"SearchAction\",\"target\":{\"@type\":\"EntryPoint\",\"urlTemplate\":\"https:\\\/\\\/www.inverseteams.com\\\/es\\\/?s={search_term_string}\"},\"query-input\":{\"@type\":\"PropertyValueSpecification\",\"valueRequired\":true,\"valueName\":\"search_term_string\"}}],\"inLanguage\":\"es\"},{\"@type\":\"Organization\",\"@id\":\"https:\\\/\\\/www.inverseteams.com\\\/es\\\/#organization\",\"name\":\"Inverse Teams\",\"url\":\"https:\\\/\\\/www.inverseteams.com\\\/es\\\/\",\"logo\":{\"@type\":\"ImageObject\",\"inLanguage\":\"es\",\"@id\":\"https:\\\/\\\/www.inverseteams.com\\\/es\\\/#\\\/schema\\\/logo\\\/image\\\/\",\"url\":\"https:\\\/\\\/www.inverseteams.com\\\/wp-content\\\/uploads\\\/2021\\\/03\\\/logo-inverse-teams.png\",\"contentUrl\":\"https:\\\/\\\/www.inverseteams.com\\\/wp-content\\\/uploads\\\/2021\\\/03\\\/logo-inverse-teams.png\",\"width\":294,\"height\":99,\"caption\":\"Inverse Teams\"},\"image\":{\"@id\":\"https:\\\/\\\/www.inverseteams.com\\\/es\\\/#\\\/schema\\\/logo\\\/image\\\/\"},\"sameAs\":[\"https:\\\/\\\/www.facebook.com\\\/inverseteams\",\"http:\\\/\\\/instagram.com\\\/inverseteams\",\"https:\\\/\\\/www.linkedin.com\\\/company\\\/inverse-cirosport-s-l-?trk=job_view_topcard_company_name\",\"http:\\\/\\\/www.pinterest.com\\\/inverseteams\\\/\",\"http:\\\/\\\/www.youtube.com\\\/user\\\/inverseteams?feature=watch\"]}]}<\/script>\n<!-- \/ Yoast SEO plugin. -->","yoast_head_json":{"title":"Culotte pirata ciclismo sin tirantes personalizado TEMPUS","description":"Culotte pirata ciclismo sin tirantes TEMPUS. El\u00e1stico y ligero, destaca por su buena compresi\u00f3n muscular \u00a1Con personalizaci\u00f3n, entrega en 4 semanas!","robots":{"index":"index","follow":"follow","max-snippet":"max-snippet:-1","max-image-preview":"max-image-preview:large","max-video-preview":"max-video-preview:-1"},"canonical":"https:\/\/www.inverseteams.com\/es\/producto\/culotte-pirata-ciclismo-sin-tirantes-personalizado-tempus\/","og_locale":"es_ES","og_type":"article","og_title":"Culotte pirata ciclismo sin tirantes personalizado TEMPUS","og_description":"Culotte pirata ciclismo sin tirantes TEMPUS. El\u00e1stico y ligero, destaca por su buena compresi\u00f3n muscular \u00a1Con personalizaci\u00f3n, entrega en 4 semanas!","og_url":"https:\/\/www.inverseteams.com\/es\/producto\/culotte-pirata-ciclismo-sin-tirantes-personalizado-tempus\/","og_site_name":"Inverseteams","article_publisher":"https:\/\/www.facebook.com\/inverseteams","article_modified_time":"2024-12-13T10:50:56+00:00","og_image":[{"width":1500,"height":1612,"url":"https:\/\/www.inverseteams.com\/wp-content\/uploads\/PIRATA-ST-CICLISMO-PERSONALIZADO-TEMPUS-1.jpg","type":"image\/jpeg"}],"twitter_card":"summary_large_image","twitter_misc":{"Tiempo de lectura":"1 minuto"},"schema":{"@context":"https:\/\/schema.org","@graph":[{"@type":"WebPage","@id":"https:\/\/www.inverseteams.com\/es\/producto\/culotte-pirata-ciclismo-sin-tirantes-personalizado-tempus\/","url":"https:\/\/www.inverseteams.com\/es\/producto\/culotte-pirata-ciclismo-sin-tirantes-personalizado-tempus\/","name":"Culotte pirata ciclismo sin tirantes personalizado TEMPUS","isPartOf":{"@id":"https:\/\/www.inverseteams.com\/es\/#website"},"primaryImageOfPage":{"@id":"https:\/\/www.inverseteams.com\/es\/producto\/culotte-pirata-ciclismo-sin-tirantes-personalizado-tempus\/#primaryimage"},"image":{"@id":"https:\/\/www.inverseteams.com\/es\/producto\/culotte-pirata-ciclismo-sin-tirantes-personalizado-tempus\/#primaryimage"},"thumbnailUrl":"https:\/\/www.inverseteams.com\/wp-content\/uploads\/PIRATA-ST-CICLISMO-PERSONALIZADO-TEMPUS-1.jpg","datePublished":"2021-10-12T09:01:29+00:00","dateModified":"2024-12-13T10:50:56+00:00","description":"Culotte pirata ciclismo sin tirantes TEMPUS. El\u00e1stico y ligero, destaca por su buena compresi\u00f3n muscular \u00a1Con personalizaci\u00f3n, entrega en 4 semanas!","breadcrumb":{"@id":"https:\/\/www.inverseteams.com\/es\/producto\/culotte-pirata-ciclismo-sin-tirantes-personalizado-tempus\/#breadcrumb"},"inLanguage":"es","potentialAction":[{"@type":"ReadAction","target":["https:\/\/www.inverseteams.com\/es\/producto\/culotte-pirata-ciclismo-sin-tirantes-personalizado-tempus\/"]}]},{"@type":"ImageObject","inLanguage":"es","@id":"https:\/\/www.inverseteams.com\/es\/producto\/culotte-pirata-ciclismo-sin-tirantes-personalizado-tempus\/#primaryimage","url":"https:\/\/www.inverseteams.com\/wp-content\/uploads\/PIRATA-ST-CICLISMO-PERSONALIZADO-TEMPUS-1.jpg","contentUrl":"https:\/\/www.inverseteams.com\/wp-content\/uploads\/PIRATA-ST-CICLISMO-PERSONALIZADO-TEMPUS-1.jpg","width":1500,"height":1612,"caption":"culotte pirata ciclismo inverse"},{"@type":"BreadcrumbList","@id":"https:\/\/www.inverseteams.com\/es\/producto\/culotte-pirata-ciclismo-sin-tirantes-personalizado-tempus\/#breadcrumb","itemListElement":[{"@type":"ListItem","position":1,"name":"Portada","item":"https:\/\/www.inverseteams.com\/es\/"},{"@type":"ListItem","position":2,"name":"Tienda","item":"https:\/\/www.inverseteams.com\/es\/tienda\/"},{"@type":"ListItem","position":3,"name":"Culotte pirata ciclismo sin tirantes personalizado TEMPUS"}]},{"@type":"WebSite","@id":"https:\/\/www.inverseteams.com\/es\/#website","url":"https:\/\/www.inverseteams.com\/es\/","name":"Inverseteams","description":"Tu marca de ropa deportiva personalizada","publisher":{"@id":"https:\/\/www.inverseteams.com\/es\/#organization"},"potentialAction":[{"@type":"SearchAction","target":{"@type":"EntryPoint","urlTemplate":"https:\/\/www.inverseteams.com\/es\/?s={search_term_string}"},"query-input":{"@type":"PropertyValueSpecification","valueRequired":true,"valueName":"search_term_string"}}],"inLanguage":"es"},{"@type":"Organization","@id":"https:\/\/www.inverseteams.com\/es\/#organization","name":"Inverse Teams","url":"https:\/\/www.inverseteams.com\/es\/","logo":{"@type":"ImageObject","inLanguage":"es","@id":"https:\/\/www.inverseteams.com\/es\/#\/schema\/logo\/image\/","url":"https:\/\/www.inverseteams.com\/wp-content\/uploads\/2021\/03\/logo-inverse-teams.png","contentUrl":"https:\/\/www.inverseteams.com\/wp-content\/uploads\/2021\/03\/logo-inverse-teams.png","width":294,"height":99,"caption":"Inverse Teams"},"image":{"@id":"https:\/\/www.inverseteams.com\/es\/#\/schema\/logo\/image\/"},"sameAs":["https:\/\/www.facebook.com\/inverseteams","http:\/\/instagram.com\/inverseteams","https:\/\/www.linkedin.com\/company\/inverse-cirosport-s-l-?trk=job_view_topcard_company_name","http:\/\/www.pinterest.com\/inverseteams\/","http:\/\/www.youtube.com\/user\/inverseteams?feature=watch"]}]}},"_links":{"self":[{"href":"https:\/\/www.inverseteams.com\/es\/wp-json\/wp\/v2\/product\/6421","targetHints":{"allow":["GET"]}}],"collection":[{"href":"https:\/\/www.inverseteams.com\/es\/wp-json\/wp\/v2\/product"}],"about":[{"href":"https:\/\/www.inverseteams.com\/es\/wp-json\/wp\/v2\/types\/product"}],"replies":[{"embeddable":true,"href":"https:\/\/www.inverseteams.com\/es\/wp-json\/wp\/v2\/comments?post=6421"}],"wp:featuredmedia":[{"embeddable":true,"href":"https:\/\/www.inverseteams.com\/es\/wp-json\/wp\/v2\/media\/223851"}],"wp:attachment":[{"href":"https:\/\/www.inverseteams.com\/es\/wp-json\/wp\/v2\/media?parent=6421"}],"wp:term":[{"taxonomy":"product_brand","embeddable":true,"href":"https:\/\/www.inverseteams.com\/es\/wp-json\/wp\/v2\/product_brand?post=6421"},{"taxonomy":"product_cat","embeddable":true,"href":"https:\/\/www.inverseteams.com\/es\/wp-json\/wp\/v2\/product_cat?post=6421"},{"taxonomy":"product_tag","embeddable":true,"href":"https:\/\/www.inverseteams.com\/es\/wp-json\/wp\/v2\/product_tag?post=6421"},{"taxonomy":"custom_category","embeddable":true,"href":"https:\/\/www.inverseteams.com\/es\/wp-json\/wp\/v2\/custom_category?post=6421"},{"taxonomy":"range","embeddable":true,"href":"https:\/\/www.inverseteams.com\/es\/wp-json\/wp\/v2\/range?post=6421"}],"curies":[{"name":"wp","href":"https:\/\/api.w.org\/{rel}","templated":true}]}}