{"id":6383,"date":"2021-05-10T08:30:31","date_gmt":"2021-05-10T08:30:31","guid":{"rendered":"https:\/\/new.inverseteams.ddev.site\/product\/chaleco-ciclista-espalda-abierta-tempus\/"},"modified":"2024-12-13T08:57:22","modified_gmt":"2024-12-13T08:57:22","slug":"chaleco-ciclismo-personalizado-tempus","status":"publish","type":"product","link":"https:\/\/www.inverseteams.com\/es\/producto\/chaleco-ciclismo-personalizado-tempus\/","title":{"rendered":"Chaleco ciclismo personalizado TEMPUS"},"content":{"rendered":"<p>\u00c9ste chaleco ultra ligero para ciclismo lo podr\u00e1s guardar f\u00e1cilmente en el bolsillo del maillot cuando no lo necesites. La parte frontal est\u00e1 confeccionada con un tejido impermeable de triple membrana. La capa exterior actua como barrera para evitar que el agua penetre. La capa interna ayuda a evacuar el sudor y a mantener la piel seca. La espalda es de rejilla para evitar un sobrecalentamiento. De este modo podr\u00e0s rendir al m\u00e1ximo.<br \/>\nTiene 2 aperturas en la zona lumbar para acceder f\u00e1cilmente a los bolsillos del maillot. La cintura y las sisas est\u00e1n acabadas con un ribete el\u00e1stico que mantendr\u00e1n el chaleco bien arrapado al cuerpo y evitaran que entre el aire. En la cintura tiene otro ribete el\u00e1stico que ajustar\u00e1 el maillot a tu cuerpo. \u00c9ste incorpora unas l\u00edneas reflectantes 360\u00ba que aumentar\u00e1n tu seguridad ya que reflejar\u00e1n la luz de los veh\u00edculos.<\/p>\n","protected":false},"excerpt":{"rendered":"<p>\u00c9ste chaleco ultra ligero lo podr\u00e1s guardar f\u00e1cilmente en el bolsillo del maillot cuando no lo necesites. La parte frontal est\u00e1 confeccionada con un tejido impermeable de triple membrana. La capa exterior actua como barrera para evitar que el agua penetre. La capa interna ayuda a evacuar el sudor y a mantener la piel seca. La espalda es de rejilla para evitar un sobrecalentamiento. De este modo podr\u00e0s rendir al m\u00e1ximo.<br \/>\nTiene 2 aperturas en la zona lumbar para acceder f\u00e1cilmente a los bolsillos del maillot. La cintura y las sisas est\u00e1n acabadas con un ribete el\u00e1stico que mantendr\u00e1n el chaleco bien arrapado al cuerpo y evitaran que entre el aire. En la cintura tiene otro ribete el\u00e1stico que ajustar\u00e1 el maillot a tu cuerpo. \u00c9ste incorpora unas l\u00edneas reflectantes 360\u00ba que aumentar\u00e1n tu seguridad ya que reflejar\u00e1n la luz de los veh\u00edculos.<\/p>\n","protected":false},"featured_media":223791,"comment_status":"closed","ping_status":"closed","template":"","meta":{"_acf_changed":false},"product_brand":[],"product_cat":[15],"product_tag":[],"custom_category":[1381,1365,2558],"range":[1398],"class_list":{"0":"post-6383","1":"product","2":"type-product","3":"status-publish","4":"has-post-thumbnail","6":"product_cat-uncategorized","7":"pa_climatologia-temperatura-templada","8":"pa_climatologia-viento","9":"pa_deporte-ciclismo","10":"pa_genero-hombre","11":"pa_genero-mujer","12":"pa_genero-infantil","13":"pa_patronaje-regular","14":"pa_patronaje-fit","15":"pa_tipo-de-prenda-chaleco","16":"custom_category-ropa-de-ciclismo-personalizada","17":"custom_category-deporte","18":"custom_category-chaleco-ciclismo-personalizado","19":"range-tempus","21":"first","22":"instock","23":"product-type-custom"},"acf":[],"yoast_head":"<!-- This site is optimized with the Yoast SEO plugin v27.3 - https:\/\/yoast.com\/product\/yoast-seo-wordpress\/ -->\n<title>Chaleco ciclismo personalizado TEMPUS<\/title>\n<meta name=\"description\" content=\"Chaleco ciclismo personalizado ultra ligero. Tejido cortavientos delantero y espalda de rejilla con 2 aperturas en la zona lumbar \u00a1Entrega en solo 4 semanas!\" \/>\n<meta name=\"robots\" content=\"index, follow, max-snippet:-1, max-image-preview:large, max-video-preview:-1\" \/>\n<link rel=\"canonical\" href=\"https:\/\/www.inverseteams.com\/es\/producto\/chaleco-ciclismo-personalizado-tempus\/\" \/>\n<meta property=\"og:locale\" content=\"es_ES\" \/>\n<meta property=\"og:type\" content=\"article\" \/>\n<meta property=\"og:title\" content=\"Chaleco ciclismo personalizado TEMPUS\" \/>\n<meta property=\"og:description\" content=\"Chaleco ciclismo personalizado ultra ligero. Tejido cortavientos delantero y espalda de rejilla con 2 aperturas en la zona lumbar \u00a1Entrega en solo 4 semanas!\" \/>\n<meta property=\"og:url\" content=\"https:\/\/www.inverseteams.com\/es\/producto\/chaleco-ciclismo-personalizado-tempus\/\" \/>\n<meta property=\"og:site_name\" content=\"Inverseteams\" \/>\n<meta property=\"article:publisher\" content=\"https:\/\/www.facebook.com\/inverseteams\" \/>\n<meta property=\"article:modified_time\" content=\"2024-12-13T08:57:22+00:00\" \/>\n<meta property=\"og:image\" content=\"https:\/\/www.inverseteams.com\/wp-content\/uploads\/CHALECO-CICLISMO-IMPERMEABLE-PERSONALIZADO-TEMPUS-1.jpg\" \/>\n\t<meta property=\"og:image:width\" content=\"1500\" \/>\n\t<meta property=\"og:image:height\" content=\"1612\" \/>\n\t<meta property=\"og:image:type\" content=\"image\/jpeg\" \/>\n<meta name=\"twitter:card\" content=\"summary_large_image\" \/>\n<meta name=\"twitter:label1\" content=\"Tiempo de lectura\" \/>\n\t<meta name=\"twitter:data1\" content=\"1 minuto\" \/>\n<script type=\"application\/ld+json\" class=\"yoast-schema-graph\">{\"@context\":\"https:\\\/\\\/schema.org\",\"@graph\":[{\"@type\":\"WebPage\",\"@id\":\"https:\\\/\\\/www.inverseteams.com\\\/es\\\/producto\\\/chaleco-ciclismo-personalizado-tempus\\\/\",\"url\":\"https:\\\/\\\/www.inverseteams.com\\\/es\\\/producto\\\/chaleco-ciclismo-personalizado-tempus\\\/\",\"name\":\"Chaleco ciclismo personalizado TEMPUS\",\"isPartOf\":{\"@id\":\"https:\\\/\\\/www.inverseteams.com\\\/es\\\/#website\"},\"primaryImageOfPage\":{\"@id\":\"https:\\\/\\\/www.inverseteams.com\\\/es\\\/producto\\\/chaleco-ciclismo-personalizado-tempus\\\/#primaryimage\"},\"image\":{\"@id\":\"https:\\\/\\\/www.inverseteams.com\\\/es\\\/producto\\\/chaleco-ciclismo-personalizado-tempus\\\/#primaryimage\"},\"thumbnailUrl\":\"https:\\\/\\\/www.inverseteams.com\\\/wp-content\\\/uploads\\\/CHALECO-CICLISMO-IMPERMEABLE-PERSONALIZADO-TEMPUS-1.jpg\",\"datePublished\":\"2021-05-10T08:30:31+00:00\",\"dateModified\":\"2024-12-13T08:57:22+00:00\",\"description\":\"Chaleco ciclismo personalizado ultra ligero. Tejido cortavientos delantero y espalda de rejilla con 2 aperturas en la zona lumbar \u00a1Entrega en solo 4 semanas!\",\"breadcrumb\":{\"@id\":\"https:\\\/\\\/www.inverseteams.com\\\/es\\\/producto\\\/chaleco-ciclismo-personalizado-tempus\\\/#breadcrumb\"},\"inLanguage\":\"es\",\"potentialAction\":[{\"@type\":\"ReadAction\",\"target\":[\"https:\\\/\\\/www.inverseteams.com\\\/es\\\/producto\\\/chaleco-ciclismo-personalizado-tempus\\\/\"]}]},{\"@type\":\"ImageObject\",\"inLanguage\":\"es\",\"@id\":\"https:\\\/\\\/www.inverseteams.com\\\/es\\\/producto\\\/chaleco-ciclismo-personalizado-tempus\\\/#primaryimage\",\"url\":\"https:\\\/\\\/www.inverseteams.com\\\/wp-content\\\/uploads\\\/CHALECO-CICLISMO-IMPERMEABLE-PERSONALIZADO-TEMPUS-1.jpg\",\"contentUrl\":\"https:\\\/\\\/www.inverseteams.com\\\/wp-content\\\/uploads\\\/CHALECO-CICLISMO-IMPERMEABLE-PERSONALIZADO-TEMPUS-1.jpg\",\"width\":1500,\"height\":1612,\"caption\":\"veste imperm\u00e9able v\u00e9lo personnalis\u00e9\"},{\"@type\":\"BreadcrumbList\",\"@id\":\"https:\\\/\\\/www.inverseteams.com\\\/es\\\/producto\\\/chaleco-ciclismo-personalizado-tempus\\\/#breadcrumb\",\"itemListElement\":[{\"@type\":\"ListItem\",\"position\":1,\"name\":\"Portada\",\"item\":\"https:\\\/\\\/www.inverseteams.com\\\/es\\\/\"},{\"@type\":\"ListItem\",\"position\":2,\"name\":\"Tienda\",\"item\":\"https:\\\/\\\/www.inverseteams.com\\\/es\\\/tienda\\\/\"},{\"@type\":\"ListItem\",\"position\":3,\"name\":\"Chaleco ciclismo personalizado TEMPUS\"}]},{\"@type\":\"WebSite\",\"@id\":\"https:\\\/\\\/www.inverseteams.com\\\/es\\\/#website\",\"url\":\"https:\\\/\\\/www.inverseteams.com\\\/es\\\/\",\"name\":\"Inverseteams\",\"description\":\"Tu marca de ropa deportiva personalizada\",\"publisher\":{\"@id\":\"https:\\\/\\\/www.inverseteams.com\\\/es\\\/#organization\"},\"potentialAction\":[{\"@type\":\"SearchAction\",\"target\":{\"@type\":\"EntryPoint\",\"urlTemplate\":\"https:\\\/\\\/www.inverseteams.com\\\/es\\\/?s={search_term_string}\"},\"query-input\":{\"@type\":\"PropertyValueSpecification\",\"valueRequired\":true,\"valueName\":\"search_term_string\"}}],\"inLanguage\":\"es\"},{\"@type\":\"Organization\",\"@id\":\"https:\\\/\\\/www.inverseteams.com\\\/es\\\/#organization\",\"name\":\"Inverse Teams\",\"url\":\"https:\\\/\\\/www.inverseteams.com\\\/es\\\/\",\"logo\":{\"@type\":\"ImageObject\",\"inLanguage\":\"es\",\"@id\":\"https:\\\/\\\/www.inverseteams.com\\\/es\\\/#\\\/schema\\\/logo\\\/image\\\/\",\"url\":\"http:\\\/\\\/www.inverseteams.com\\\/wp-content\\\/uploads\\\/2021\\\/03\\\/logo-inverse-teams.png\",\"contentUrl\":\"http:\\\/\\\/www.inverseteams.com\\\/wp-content\\\/uploads\\\/2021\\\/03\\\/logo-inverse-teams.png\",\"width\":294,\"height\":99,\"caption\":\"Inverse Teams\"},\"image\":{\"@id\":\"https:\\\/\\\/www.inverseteams.com\\\/es\\\/#\\\/schema\\\/logo\\\/image\\\/\"},\"sameAs\":[\"https:\\\/\\\/www.facebook.com\\\/inverseteams\",\"http:\\\/\\\/instagram.com\\\/inverseteams\",\"https:\\\/\\\/www.linkedin.com\\\/company\\\/inverse-cirosport-s-l-?trk=job_view_topcard_company_name\",\"http:\\\/\\\/www.pinterest.com\\\/inverseteams\\\/\",\"http:\\\/\\\/www.youtube.com\\\/user\\\/inverseteams?feature=watch\"]}]}<\/script>\n<!-- \/ Yoast SEO plugin. -->","yoast_head_json":{"title":"Chaleco ciclismo personalizado TEMPUS","description":"Chaleco ciclismo personalizado ultra ligero. Tejido cortavientos delantero y espalda de rejilla con 2 aperturas en la zona lumbar \u00a1Entrega en solo 4 semanas!","robots":{"index":"index","follow":"follow","max-snippet":"max-snippet:-1","max-image-preview":"max-image-preview:large","max-video-preview":"max-video-preview:-1"},"canonical":"https:\/\/www.inverseteams.com\/es\/producto\/chaleco-ciclismo-personalizado-tempus\/","og_locale":"es_ES","og_type":"article","og_title":"Chaleco ciclismo personalizado TEMPUS","og_description":"Chaleco ciclismo personalizado ultra ligero. Tejido cortavientos delantero y espalda de rejilla con 2 aperturas en la zona lumbar \u00a1Entrega en solo 4 semanas!","og_url":"https:\/\/www.inverseteams.com\/es\/producto\/chaleco-ciclismo-personalizado-tempus\/","og_site_name":"Inverseteams","article_publisher":"https:\/\/www.facebook.com\/inverseteams","article_modified_time":"2024-12-13T08:57:22+00:00","og_image":[{"width":1500,"height":1612,"url":"https:\/\/www.inverseteams.com\/wp-content\/uploads\/CHALECO-CICLISMO-IMPERMEABLE-PERSONALIZADO-TEMPUS-1.jpg","type":"image\/jpeg"}],"twitter_card":"summary_large_image","twitter_misc":{"Tiempo de lectura":"1 minuto"},"schema":{"@context":"https:\/\/schema.org","@graph":[{"@type":"WebPage","@id":"https:\/\/www.inverseteams.com\/es\/producto\/chaleco-ciclismo-personalizado-tempus\/","url":"https:\/\/www.inverseteams.com\/es\/producto\/chaleco-ciclismo-personalizado-tempus\/","name":"Chaleco ciclismo personalizado TEMPUS","isPartOf":{"@id":"https:\/\/www.inverseteams.com\/es\/#website"},"primaryImageOfPage":{"@id":"https:\/\/www.inverseteams.com\/es\/producto\/chaleco-ciclismo-personalizado-tempus\/#primaryimage"},"image":{"@id":"https:\/\/www.inverseteams.com\/es\/producto\/chaleco-ciclismo-personalizado-tempus\/#primaryimage"},"thumbnailUrl":"https:\/\/www.inverseteams.com\/wp-content\/uploads\/CHALECO-CICLISMO-IMPERMEABLE-PERSONALIZADO-TEMPUS-1.jpg","datePublished":"2021-05-10T08:30:31+00:00","dateModified":"2024-12-13T08:57:22+00:00","description":"Chaleco ciclismo personalizado ultra ligero. Tejido cortavientos delantero y espalda de rejilla con 2 aperturas en la zona lumbar \u00a1Entrega en solo 4 semanas!","breadcrumb":{"@id":"https:\/\/www.inverseteams.com\/es\/producto\/chaleco-ciclismo-personalizado-tempus\/#breadcrumb"},"inLanguage":"es","potentialAction":[{"@type":"ReadAction","target":["https:\/\/www.inverseteams.com\/es\/producto\/chaleco-ciclismo-personalizado-tempus\/"]}]},{"@type":"ImageObject","inLanguage":"es","@id":"https:\/\/www.inverseteams.com\/es\/producto\/chaleco-ciclismo-personalizado-tempus\/#primaryimage","url":"https:\/\/www.inverseteams.com\/wp-content\/uploads\/CHALECO-CICLISMO-IMPERMEABLE-PERSONALIZADO-TEMPUS-1.jpg","contentUrl":"https:\/\/www.inverseteams.com\/wp-content\/uploads\/CHALECO-CICLISMO-IMPERMEABLE-PERSONALIZADO-TEMPUS-1.jpg","width":1500,"height":1612,"caption":"veste imperm\u00e9able v\u00e9lo personnalis\u00e9"},{"@type":"BreadcrumbList","@id":"https:\/\/www.inverseteams.com\/es\/producto\/chaleco-ciclismo-personalizado-tempus\/#breadcrumb","itemListElement":[{"@type":"ListItem","position":1,"name":"Portada","item":"https:\/\/www.inverseteams.com\/es\/"},{"@type":"ListItem","position":2,"name":"Tienda","item":"https:\/\/www.inverseteams.com\/es\/tienda\/"},{"@type":"ListItem","position":3,"name":"Chaleco ciclismo personalizado TEMPUS"}]},{"@type":"WebSite","@id":"https:\/\/www.inverseteams.com\/es\/#website","url":"https:\/\/www.inverseteams.com\/es\/","name":"Inverseteams","description":"Tu marca de ropa deportiva personalizada","publisher":{"@id":"https:\/\/www.inverseteams.com\/es\/#organization"},"potentialAction":[{"@type":"SearchAction","target":{"@type":"EntryPoint","urlTemplate":"https:\/\/www.inverseteams.com\/es\/?s={search_term_string}"},"query-input":{"@type":"PropertyValueSpecification","valueRequired":true,"valueName":"search_term_string"}}],"inLanguage":"es"},{"@type":"Organization","@id":"https:\/\/www.inverseteams.com\/es\/#organization","name":"Inverse Teams","url":"https:\/\/www.inverseteams.com\/es\/","logo":{"@type":"ImageObject","inLanguage":"es","@id":"https:\/\/www.inverseteams.com\/es\/#\/schema\/logo\/image\/","url":"https:\/\/www.inverseteams.com\/wp-content\/uploads\/2021\/03\/logo-inverse-teams.png","contentUrl":"https:\/\/www.inverseteams.com\/wp-content\/uploads\/2021\/03\/logo-inverse-teams.png","width":294,"height":99,"caption":"Inverse Teams"},"image":{"@id":"https:\/\/www.inverseteams.com\/es\/#\/schema\/logo\/image\/"},"sameAs":["https:\/\/www.facebook.com\/inverseteams","http:\/\/instagram.com\/inverseteams","https:\/\/www.linkedin.com\/company\/inverse-cirosport-s-l-?trk=job_view_topcard_company_name","http:\/\/www.pinterest.com\/inverseteams\/","http:\/\/www.youtube.com\/user\/inverseteams?feature=watch"]}]}},"_links":{"self":[{"href":"https:\/\/www.inverseteams.com\/es\/wp-json\/wp\/v2\/product\/6383","targetHints":{"allow":["GET"]}}],"collection":[{"href":"https:\/\/www.inverseteams.com\/es\/wp-json\/wp\/v2\/product"}],"about":[{"href":"https:\/\/www.inverseteams.com\/es\/wp-json\/wp\/v2\/types\/product"}],"replies":[{"embeddable":true,"href":"https:\/\/www.inverseteams.com\/es\/wp-json\/wp\/v2\/comments?post=6383"}],"wp:featuredmedia":[{"embeddable":true,"href":"https:\/\/www.inverseteams.com\/es\/wp-json\/wp\/v2\/media\/223791"}],"wp:attachment":[{"href":"https:\/\/www.inverseteams.com\/es\/wp-json\/wp\/v2\/media?parent=6383"}],"wp:term":[{"taxonomy":"product_brand","embeddable":true,"href":"https:\/\/www.inverseteams.com\/es\/wp-json\/wp\/v2\/product_brand?post=6383"},{"taxonomy":"product_cat","embeddable":true,"href":"https:\/\/www.inverseteams.com\/es\/wp-json\/wp\/v2\/product_cat?post=6383"},{"taxonomy":"product_tag","embeddable":true,"href":"https:\/\/www.inverseteams.com\/es\/wp-json\/wp\/v2\/product_tag?post=6383"},{"taxonomy":"custom_category","embeddable":true,"href":"https:\/\/www.inverseteams.com\/es\/wp-json\/wp\/v2\/custom_category?post=6383"},{"taxonomy":"range","embeddable":true,"href":"https:\/\/www.inverseteams.com\/es\/wp-json\/wp\/v2\/range?post=6383"}],"curies":[{"name":"wp","href":"https:\/\/api.w.org\/{rel}","templated":true}]}}