{"id":6330,"date":"2021-05-10T08:30:11","date_gmt":"2021-05-10T08:30:11","guid":{"rendered":"https:\/\/new.inverseteams.ddev.site\/product\/chaqueta-ciclista-kairos\/"},"modified":"2024-12-11T16:28:22","modified_gmt":"2024-12-11T16:28:22","slug":"chaqueta-ciclismo-personalizada-kairos","status":"publish","type":"product","link":"https:\/\/www.inverseteams.com\/es\/producto\/chaqueta-ciclismo-personalizada-kairos\/","title":{"rendered":"Chaqueta ciclismo personalizada KAIROS"},"content":{"rendered":"<p>La chaqueta es muy importante para practicar ciclismo cuando hace fr\u00edo y bajo condiciones clim\u00e1ticas adversa. Este modelo est\u00e1 confeccionado con 3 tejidos diferente.<br \/>\nEl tejido AEROTECH est\u00e1 compuesto de 3 membranas. La capa exterior act\u00faa como barrera para evitar que el agua penetre. La capa interna ayuda a evacuar el sudor y a mantener el calor corporal. Tendr\u00e1s la piel seca y evitar\u00e1s un sobrecalentamiento para poder rendir al m\u00e1ximo. La estructura del tejido de la espalda es transpirable y tambi\u00e9n ayuda a expulsar el exceso de calor.<br \/>\nLos laterales fabricados con SPIRIT-T\u00c9RMICO son el\u00e1sticos y se adaptan a cualquier posici\u00f3n sobre la bici sin oponer resistencia.<br \/>\nEl cuello anat\u00f3mico se ajusta muy bien al cuerpo sin causarte molestias y evita la entrada de aire. La chaqueta de ciclismo KAIROS combina diferentes tecnolog\u00edas para que siempre se mantenga en la posici\u00f3n ideal. Al final de las mangas tiene un pu\u00f1o de doble capa cortado a laser que se ajusta muy bien al brazo y evita que entre aire. \u00c9stas est\u00e1n cosidas con unas costuras planas super resistentes. En la cintura tiene un ribete que se adaptar\u00e1 a tu cuerpo. \u00c9ste incorpora unas l\u00edneas reflectantes 360\u00ba que aumentar\u00e1n tu seguridad ya que reflejar\u00e1n la luz de los veh\u00edculos.<br \/>\nEn la zona lumbar incorpora 3 bolsillos con el nuevo sistema de Seguridad ISP \u2013 Inverse Safe Pocket \u2013 donde podr\u00e1s guardar cualquier objeto sin miedo a perderlo. Disfruta del ciclismo sin preocupaciones.<\/p>\n","protected":false},"excerpt":{"rendered":"<p>La chaqueta es muy importante para practicar ciclismo cuando hace fr\u00edo y bajo condiciones clim\u00e1ticas adversa. Este modelo est\u00e1 confeccionado con 3 tejidos diferente.<br \/>\nEl tejido AEROTECH est\u00e1 compuesto de 3 membranas. La capa exterior act\u00faa como barrera para evitar que el agua penetre. La capa interna ayuda a evacuar el sudor y a mantener el calor corporal. Tendr\u00e1s la piel seca y evitar\u00e1s un sobrecalentamiento para poder rendir al m\u00e1ximo. La estructura del tejido de la espalda es transpirable y tambi\u00e9n ayuda a expulsar el exceso de calor.<br \/>\nLos laterales fabricados con SPIRIT-T\u00c9RMICO son el\u00e1sticos y se adaptan a cualquier posici\u00f3n sobre la bici sin oponer resistencia.<br \/>\nEl cuello anat\u00f3mico se ajusta muy bien al cuerpo sin causarte molestias y evita la entrada de aire. La chaqueta de ciclismo KAIROS combina diferentes tecnolog\u00edas para que siempre se mantenga en la posici\u00f3n ideal. Al final de las mangas tiene un pu\u00f1o de doble capa cortado a laser que se ajusta muy bien al brazo y evita que entre aire. \u00c9stas est\u00e1n cosidas con unas costuras planas super resistentes. En la cintura tiene un ribete que se adaptar\u00e1 a tu cuerpo. \u00c9ste incorpora unas l\u00edneas reflectantes 360\u00ba que aumentar\u00e1n tu seguridad ya que reflejar\u00e1n la luz de los veh\u00edculos.<br \/>\nEn la zona lumbar incorpora 3 bolsillos con el nuevo sistema de Seguridad ISP \u2013 Inverse Safe Pocket \u2013 donde podr\u00e1s guardar cualquier objeto sin miedo a perderlo. Disfruta del ciclismo sin preocupaciones.<\/p>\n","protected":false},"featured_media":223679,"comment_status":"closed","ping_status":"closed","template":"","meta":{"_acf_changed":false},"product_brand":[],"product_cat":[15],"product_tag":[],"custom_category":[1381,1365,2563],"range":[1399],"class_list":{"0":"post-6330","1":"product","2":"type-product","3":"status-publish","4":"has-post-thumbnail","6":"product_cat-uncategorized","7":"pa_climatologia-frio","8":"pa_climatologia-viento","9":"pa_climatologia-lluvia","10":"pa_deporte-ciclismo","11":"pa_genero-hombre","12":"pa_genero-mujer","13":"pa_genero-infantil","14":"pa_patronaje-regular","15":"pa_patronaje-fit","16":"pa_tipo-de-prenda-chaqueta","17":"custom_category-ropa-de-ciclismo-personalizada","18":"custom_category-deporte","19":"custom_category-chaqueta-ciclismo-personalizada","20":"range-kairos","22":"first","23":"instock","24":"product-type-custom"},"acf":[],"yoast_head":"<!-- This site is optimized with the Yoast SEO plugin v27.3 - https:\/\/yoast.com\/product\/yoast-seo-wordpress\/ -->\n<title>Chaqueta ciclismo personalizada KAIROS | INVERSE<\/title>\n<meta name=\"description\" content=\"Chaqueta ciclismo personalizada. Combinaci\u00f3n de 3 tejidos t\u00e9cnicos \u00a1Entrega en 4 semanas, personalizaci\u00f3n incluida!\" \/>\n<meta name=\"robots\" content=\"index, follow, max-snippet:-1, max-image-preview:large, max-video-preview:-1\" \/>\n<link rel=\"canonical\" href=\"https:\/\/www.inverseteams.com\/es\/producto\/chaqueta-ciclismo-personalizada-kairos\/\" \/>\n<meta property=\"og:locale\" content=\"es_ES\" \/>\n<meta property=\"og:type\" content=\"article\" \/>\n<meta property=\"og:title\" content=\"Chaqueta ciclismo personalizada KAIROS\" \/>\n<meta property=\"og:description\" content=\"Chaqueta ciclismo personalizada KAIROS. Combinaci\u00f3n de 3 tejidos para fr\u00edo y condiciones clim\u00e1ticas adversas \u00a1Entrega en 4 semanas, personalizaci\u00f3n incluida!\" \/>\n<meta property=\"og:url\" content=\"https:\/\/www.inverseteams.com\/es\/producto\/chaqueta-ciclismo-personalizada-kairos\/\" \/>\n<meta property=\"og:site_name\" content=\"Inverseteams\" \/>\n<meta property=\"article:publisher\" content=\"https:\/\/www.facebook.com\/inverseteams\" \/>\n<meta property=\"article:modified_time\" content=\"2024-12-11T16:28:22+00:00\" \/>\n<meta property=\"og:image\" content=\"https:\/\/www.inverseteams.com\/wp-content\/uploads\/CHAQUETA-CICLISMO-PERSONALIZADA-KAIROS-1.jpg\" \/>\n\t<meta property=\"og:image:width\" content=\"1500\" \/>\n\t<meta property=\"og:image:height\" content=\"1612\" \/>\n\t<meta property=\"og:image:type\" content=\"image\/jpeg\" \/>\n<meta name=\"twitter:card\" content=\"summary_large_image\" \/>\n<meta name=\"twitter:label1\" content=\"Tiempo de lectura\" \/>\n\t<meta name=\"twitter:data1\" content=\"2 minuto\" \/>\n<script type=\"application\/ld+json\" class=\"yoast-schema-graph\">{\"@context\":\"https:\\\/\\\/schema.org\",\"@graph\":[{\"@type\":\"WebPage\",\"@id\":\"https:\\\/\\\/www.inverseteams.com\\\/es\\\/producto\\\/chaqueta-ciclismo-personalizada-kairos\\\/\",\"url\":\"https:\\\/\\\/www.inverseteams.com\\\/es\\\/producto\\\/chaqueta-ciclismo-personalizada-kairos\\\/\",\"name\":\"Chaqueta ciclismo personalizada KAIROS | INVERSE\",\"isPartOf\":{\"@id\":\"https:\\\/\\\/www.inverseteams.com\\\/es\\\/#website\"},\"primaryImageOfPage\":{\"@id\":\"https:\\\/\\\/www.inverseteams.com\\\/es\\\/producto\\\/chaqueta-ciclismo-personalizada-kairos\\\/#primaryimage\"},\"image\":{\"@id\":\"https:\\\/\\\/www.inverseteams.com\\\/es\\\/producto\\\/chaqueta-ciclismo-personalizada-kairos\\\/#primaryimage\"},\"thumbnailUrl\":\"https:\\\/\\\/www.inverseteams.com\\\/wp-content\\\/uploads\\\/CHAQUETA-CICLISMO-PERSONALIZADA-KAIROS-1.jpg\",\"datePublished\":\"2021-05-10T08:30:11+00:00\",\"dateModified\":\"2024-12-11T16:28:22+00:00\",\"description\":\"Chaqueta ciclismo personalizada. Combinaci\u00f3n de 3 tejidos t\u00e9cnicos \u00a1Entrega en 4 semanas, personalizaci\u00f3n incluida!\",\"breadcrumb\":{\"@id\":\"https:\\\/\\\/www.inverseteams.com\\\/es\\\/producto\\\/chaqueta-ciclismo-personalizada-kairos\\\/#breadcrumb\"},\"inLanguage\":\"es\",\"potentialAction\":[{\"@type\":\"ReadAction\",\"target\":[\"https:\\\/\\\/www.inverseteams.com\\\/es\\\/producto\\\/chaqueta-ciclismo-personalizada-kairos\\\/\"]}]},{\"@type\":\"ImageObject\",\"inLanguage\":\"es\",\"@id\":\"https:\\\/\\\/www.inverseteams.com\\\/es\\\/producto\\\/chaqueta-ciclismo-personalizada-kairos\\\/#primaryimage\",\"url\":\"https:\\\/\\\/www.inverseteams.com\\\/wp-content\\\/uploads\\\/CHAQUETA-CICLISMO-PERSONALIZADA-KAIROS-1.jpg\",\"contentUrl\":\"https:\\\/\\\/www.inverseteams.com\\\/wp-content\\\/uploads\\\/CHAQUETA-CICLISMO-PERSONALIZADA-KAIROS-1.jpg\",\"width\":1500,\"height\":1612,\"caption\":\"chaqueta ciclista personalizada\"},{\"@type\":\"BreadcrumbList\",\"@id\":\"https:\\\/\\\/www.inverseteams.com\\\/es\\\/producto\\\/chaqueta-ciclismo-personalizada-kairos\\\/#breadcrumb\",\"itemListElement\":[{\"@type\":\"ListItem\",\"position\":1,\"name\":\"Portada\",\"item\":\"https:\\\/\\\/www.inverseteams.com\\\/es\\\/\"},{\"@type\":\"ListItem\",\"position\":2,\"name\":\"Tienda\",\"item\":\"https:\\\/\\\/www.inverseteams.com\\\/es\\\/tienda\\\/\"},{\"@type\":\"ListItem\",\"position\":3,\"name\":\"Chaqueta ciclismo personalizada KAIROS\"}]},{\"@type\":\"WebSite\",\"@id\":\"https:\\\/\\\/www.inverseteams.com\\\/es\\\/#website\",\"url\":\"https:\\\/\\\/www.inverseteams.com\\\/es\\\/\",\"name\":\"Inverseteams\",\"description\":\"Tu marca de ropa deportiva personalizada\",\"publisher\":{\"@id\":\"https:\\\/\\\/www.inverseteams.com\\\/es\\\/#organization\"},\"potentialAction\":[{\"@type\":\"SearchAction\",\"target\":{\"@type\":\"EntryPoint\",\"urlTemplate\":\"https:\\\/\\\/www.inverseteams.com\\\/es\\\/?s={search_term_string}\"},\"query-input\":{\"@type\":\"PropertyValueSpecification\",\"valueRequired\":true,\"valueName\":\"search_term_string\"}}],\"inLanguage\":\"es\"},{\"@type\":\"Organization\",\"@id\":\"https:\\\/\\\/www.inverseteams.com\\\/es\\\/#organization\",\"name\":\"Inverse Teams\",\"url\":\"https:\\\/\\\/www.inverseteams.com\\\/es\\\/\",\"logo\":{\"@type\":\"ImageObject\",\"inLanguage\":\"es\",\"@id\":\"https:\\\/\\\/www.inverseteams.com\\\/es\\\/#\\\/schema\\\/logo\\\/image\\\/\",\"url\":\"http:\\\/\\\/www.inverseteams.com\\\/wp-content\\\/uploads\\\/2021\\\/03\\\/logo-inverse-teams.png\",\"contentUrl\":\"http:\\\/\\\/www.inverseteams.com\\\/wp-content\\\/uploads\\\/2021\\\/03\\\/logo-inverse-teams.png\",\"width\":294,\"height\":99,\"caption\":\"Inverse Teams\"},\"image\":{\"@id\":\"https:\\\/\\\/www.inverseteams.com\\\/es\\\/#\\\/schema\\\/logo\\\/image\\\/\"},\"sameAs\":[\"https:\\\/\\\/www.facebook.com\\\/inverseteams\",\"http:\\\/\\\/instagram.com\\\/inverseteams\",\"https:\\\/\\\/www.linkedin.com\\\/company\\\/inverse-cirosport-s-l-?trk=job_view_topcard_company_name\",\"http:\\\/\\\/www.pinterest.com\\\/inverseteams\\\/\",\"http:\\\/\\\/www.youtube.com\\\/user\\\/inverseteams?feature=watch\"]}]}<\/script>\n<!-- \/ Yoast SEO plugin. -->","yoast_head_json":{"title":"Chaqueta ciclismo personalizada KAIROS | INVERSE","description":"Chaqueta ciclismo personalizada. Combinaci\u00f3n de 3 tejidos t\u00e9cnicos \u00a1Entrega en 4 semanas, personalizaci\u00f3n incluida!","robots":{"index":"index","follow":"follow","max-snippet":"max-snippet:-1","max-image-preview":"max-image-preview:large","max-video-preview":"max-video-preview:-1"},"canonical":"https:\/\/www.inverseteams.com\/es\/producto\/chaqueta-ciclismo-personalizada-kairos\/","og_locale":"es_ES","og_type":"article","og_title":"Chaqueta ciclismo personalizada KAIROS","og_description":"Chaqueta ciclismo personalizada KAIROS. Combinaci\u00f3n de 3 tejidos para fr\u00edo y condiciones clim\u00e1ticas adversas \u00a1Entrega en 4 semanas, personalizaci\u00f3n incluida!","og_url":"https:\/\/www.inverseteams.com\/es\/producto\/chaqueta-ciclismo-personalizada-kairos\/","og_site_name":"Inverseteams","article_publisher":"https:\/\/www.facebook.com\/inverseteams","article_modified_time":"2024-12-11T16:28:22+00:00","og_image":[{"width":1500,"height":1612,"url":"https:\/\/www.inverseteams.com\/wp-content\/uploads\/CHAQUETA-CICLISMO-PERSONALIZADA-KAIROS-1.jpg","type":"image\/jpeg"}],"twitter_card":"summary_large_image","twitter_misc":{"Tiempo de lectura":"2 minuto"},"schema":{"@context":"https:\/\/schema.org","@graph":[{"@type":"WebPage","@id":"https:\/\/www.inverseteams.com\/es\/producto\/chaqueta-ciclismo-personalizada-kairos\/","url":"https:\/\/www.inverseteams.com\/es\/producto\/chaqueta-ciclismo-personalizada-kairos\/","name":"Chaqueta ciclismo personalizada KAIROS | INVERSE","isPartOf":{"@id":"https:\/\/www.inverseteams.com\/es\/#website"},"primaryImageOfPage":{"@id":"https:\/\/www.inverseteams.com\/es\/producto\/chaqueta-ciclismo-personalizada-kairos\/#primaryimage"},"image":{"@id":"https:\/\/www.inverseteams.com\/es\/producto\/chaqueta-ciclismo-personalizada-kairos\/#primaryimage"},"thumbnailUrl":"https:\/\/www.inverseteams.com\/wp-content\/uploads\/CHAQUETA-CICLISMO-PERSONALIZADA-KAIROS-1.jpg","datePublished":"2021-05-10T08:30:11+00:00","dateModified":"2024-12-11T16:28:22+00:00","description":"Chaqueta ciclismo personalizada. Combinaci\u00f3n de 3 tejidos t\u00e9cnicos \u00a1Entrega en 4 semanas, personalizaci\u00f3n incluida!","breadcrumb":{"@id":"https:\/\/www.inverseteams.com\/es\/producto\/chaqueta-ciclismo-personalizada-kairos\/#breadcrumb"},"inLanguage":"es","potentialAction":[{"@type":"ReadAction","target":["https:\/\/www.inverseteams.com\/es\/producto\/chaqueta-ciclismo-personalizada-kairos\/"]}]},{"@type":"ImageObject","inLanguage":"es","@id":"https:\/\/www.inverseteams.com\/es\/producto\/chaqueta-ciclismo-personalizada-kairos\/#primaryimage","url":"https:\/\/www.inverseteams.com\/wp-content\/uploads\/CHAQUETA-CICLISMO-PERSONALIZADA-KAIROS-1.jpg","contentUrl":"https:\/\/www.inverseteams.com\/wp-content\/uploads\/CHAQUETA-CICLISMO-PERSONALIZADA-KAIROS-1.jpg","width":1500,"height":1612,"caption":"chaqueta ciclista personalizada"},{"@type":"BreadcrumbList","@id":"https:\/\/www.inverseteams.com\/es\/producto\/chaqueta-ciclismo-personalizada-kairos\/#breadcrumb","itemListElement":[{"@type":"ListItem","position":1,"name":"Portada","item":"https:\/\/www.inverseteams.com\/es\/"},{"@type":"ListItem","position":2,"name":"Tienda","item":"https:\/\/www.inverseteams.com\/es\/tienda\/"},{"@type":"ListItem","position":3,"name":"Chaqueta ciclismo personalizada KAIROS"}]},{"@type":"WebSite","@id":"https:\/\/www.inverseteams.com\/es\/#website","url":"https:\/\/www.inverseteams.com\/es\/","name":"Inverseteams","description":"Tu marca de ropa deportiva personalizada","publisher":{"@id":"https:\/\/www.inverseteams.com\/es\/#organization"},"potentialAction":[{"@type":"SearchAction","target":{"@type":"EntryPoint","urlTemplate":"https:\/\/www.inverseteams.com\/es\/?s={search_term_string}"},"query-input":{"@type":"PropertyValueSpecification","valueRequired":true,"valueName":"search_term_string"}}],"inLanguage":"es"},{"@type":"Organization","@id":"https:\/\/www.inverseteams.com\/es\/#organization","name":"Inverse Teams","url":"https:\/\/www.inverseteams.com\/es\/","logo":{"@type":"ImageObject","inLanguage":"es","@id":"https:\/\/www.inverseteams.com\/es\/#\/schema\/logo\/image\/","url":"https:\/\/www.inverseteams.com\/wp-content\/uploads\/2021\/03\/logo-inverse-teams.png","contentUrl":"https:\/\/www.inverseteams.com\/wp-content\/uploads\/2021\/03\/logo-inverse-teams.png","width":294,"height":99,"caption":"Inverse Teams"},"image":{"@id":"https:\/\/www.inverseteams.com\/es\/#\/schema\/logo\/image\/"},"sameAs":["https:\/\/www.facebook.com\/inverseteams","http:\/\/instagram.com\/inverseteams","https:\/\/www.linkedin.com\/company\/inverse-cirosport-s-l-?trk=job_view_topcard_company_name","http:\/\/www.pinterest.com\/inverseteams\/","http:\/\/www.youtube.com\/user\/inverseteams?feature=watch"]}]}},"_links":{"self":[{"href":"https:\/\/www.inverseteams.com\/es\/wp-json\/wp\/v2\/product\/6330","targetHints":{"allow":["GET"]}}],"collection":[{"href":"https:\/\/www.inverseteams.com\/es\/wp-json\/wp\/v2\/product"}],"about":[{"href":"https:\/\/www.inverseteams.com\/es\/wp-json\/wp\/v2\/types\/product"}],"replies":[{"embeddable":true,"href":"https:\/\/www.inverseteams.com\/es\/wp-json\/wp\/v2\/comments?post=6330"}],"wp:featuredmedia":[{"embeddable":true,"href":"https:\/\/www.inverseteams.com\/es\/wp-json\/wp\/v2\/media\/223679"}],"wp:attachment":[{"href":"https:\/\/www.inverseteams.com\/es\/wp-json\/wp\/v2\/media?parent=6330"}],"wp:term":[{"taxonomy":"product_brand","embeddable":true,"href":"https:\/\/www.inverseteams.com\/es\/wp-json\/wp\/v2\/product_brand?post=6330"},{"taxonomy":"product_cat","embeddable":true,"href":"https:\/\/www.inverseteams.com\/es\/wp-json\/wp\/v2\/product_cat?post=6330"},{"taxonomy":"product_tag","embeddable":true,"href":"https:\/\/www.inverseteams.com\/es\/wp-json\/wp\/v2\/product_tag?post=6330"},{"taxonomy":"custom_category","embeddable":true,"href":"https:\/\/www.inverseteams.com\/es\/wp-json\/wp\/v2\/custom_category?post=6330"},{"taxonomy":"range","embeddable":true,"href":"https:\/\/www.inverseteams.com\/es\/wp-json\/wp\/v2\/range?post=6330"}],"curies":[{"name":"wp","href":"https:\/\/api.w.org\/{rel}","templated":true}]}}