{"id":6302,"date":"2021-05-10T08:30:11","date_gmt":"2021-05-10T08:30:11","guid":{"rendered":"https:\/\/new.inverseteams.ddev.site\/product\/maillot-ciclista-manga-corta-kairos\/"},"modified":"2024-12-11T15:47:06","modified_gmt":"2024-12-11T15:47:06","slug":"maillot-ciclismo-personalizado-kairos-8","status":"publish","type":"product","link":"https:\/\/www.inverseteams.com\/es\/producto\/maillot-ciclismo-personalizado-kairos-8\/","title":{"rendered":"Maillot ciclista personalizado KAIROS"},"content":{"rendered":"<p>Maillot t\u00e9cnico ligero que se adapta perfectamente al cuerpo y te permite disfrutar del ciclismo durante los d\u00edas soleados regulando la temperatura corporal gracias al tratamiento Dual Confort System de su tejido. \u00c9ste evitar\u00e1 un sobrecalentamiento de la piel y te permitir\u00e1 rendir al m\u00e1ximo.<br \/>\nA la vez combina diferentes tecnolog\u00edas para que siempre se mantenga en la posici\u00f3n ideal. Al final de las mangas tiene una banda el\u00e1stica microperforada con un grip de silicona hipoalerg\u00e9nica para que siempre se mantengan bien arrapadas al brazo. En la cintura tiene un ribete que ajustar\u00e1 el maillot a tu cuerpo. \u00c9ste incorpora unas l\u00edneas reflectantes 360\u00ba que aumentar\u00e1n tu seguridad ya que reflejar\u00e1n la luz de los veh\u00edculos.<br \/>\nEn la zona lumbar incorpora 3 bolsillos con el nuevo sistema de Seguridad ISP \u2013 Inverse Safe Pocket \u2013 donde podr\u00e1s guardar cualquier objeto sin miedo a perderlo. Disfruta del ciclismo sin preocupaciones.<br \/>\nLa forma anat\u00f3mica del cuello permite que \u00e9ste se adapte a la posici\u00f3n ciclista sin molestar y evitando que entre el aire. Adem\u00e1s, la estructura de sus tejidos garantizan un buen flujo del viento para aumentar la aerodin\u00e1mica y optimizar todo tu esfuerzo.<\/p>\n","protected":false},"excerpt":{"rendered":"<p>Maillot t\u00e9cnico ligero que se adapta perfectamente al cuerpo y te permite disfrutar del ciclismo durante los d\u00edas soleados regulando la temperatura corporal gracias al tratamiento Dual Confort System de su tejido. \u00c9ste evitar\u00e1 un sobrecalentamiento de la piel y te permitir\u00e1 rendir al m\u00e1ximo.<br \/>\nA la vez combina diferentes tecnolog\u00edas para que siempre se mantenga en la posici\u00f3n ideal. Al final de las mangas tiene una banda el\u00e1stica microperforada con un grip de silicona hipoalerg\u00e9nica para que siempre se mantengan bien arrapadas al brazo. En la cintura tiene un ribete que ajustar\u00e1 el maillot a tu cuerpo. \u00c9ste incorpora unas l\u00edneas reflectantes 360\u00ba que aumentar\u00e1n tu seguridad ya que reflejar\u00e1n la luz de los veh\u00edculos.<br \/>\nEn la zona lumbar incorpora 3 bolsillos con el nuevo sistema de Seguridad ISP \u2013 Inverse Safe Pocket \u2013 donde podr\u00e1s guardar cualquier objeto sin miedo a perderlo. Disfruta del ciclismo sin preocupaciones.<br \/>\nLa forma anat\u00f3mica del cuello permite que \u00e9ste se adapte a la posici\u00f3n ciclista sin molestar y evitando que entre el aire. Adem\u00e1s, la estructura de sus tejidos garantizan un buen flujo del viento para aumentar la aerodin\u00e1mica y optimizar todo tu esfuerzo.<\/p>\n","protected":false},"featured_media":223629,"comment_status":"closed","ping_status":"closed","template":"","meta":{"_acf_changed":false},"product_brand":[],"product_cat":[15],"product_tag":[],"custom_category":[1381,1386,1365],"range":[1399],"class_list":{"0":"post-6302","1":"product","2":"type-product","3":"status-publish","4":"has-post-thumbnail","6":"product_cat-uncategorized","7":"pa_climatologia-calor","8":"pa_deporte-ciclismo","9":"pa_genero-hombre","10":"pa_genero-mujer","11":"pa_genero-infantil","12":"pa_patronaje-regular","13":"pa_patronaje-fit","14":"pa_tipo-de-prenda-maillot-manga-corta","15":"custom_category-ropa-de-ciclismo-personalizada","16":"custom_category-maillot-ciclista-personalizado","17":"custom_category-deporte","18":"range-kairos","20":"first","21":"instock","22":"product-type-custom"},"acf":[],"yoast_head":"<!-- This site is optimized with the Yoast SEO plugin v27.2 - https:\/\/yoast.com\/product\/yoast-seo-wordpress\/ -->\n<title>Maillot ciclista manga corta personalizado | INVERSE<\/title>\n<meta name=\"description\" content=\"Maillot ciclista personalizado manga corta. Ligero, vers\u00e1til y funcional. Ideal para disfrutar del ciclismo. \u00a1Entrega en 4 semanas!\" \/>\n<meta name=\"robots\" content=\"index, follow, max-snippet:-1, max-image-preview:large, max-video-preview:-1\" \/>\n<link rel=\"canonical\" href=\"https:\/\/www.inverseteams.com\/es\/producto\/maillot-ciclismo-personalizado-kairos-8\/\" \/>\n<meta property=\"og:locale\" content=\"es_ES\" \/>\n<meta property=\"og:type\" content=\"article\" \/>\n<meta property=\"og:title\" content=\"Maillot ciclista personalizado KAIROS\" \/>\n<meta property=\"og:description\" content=\"Maillot ciclista personalizado manga corta KAIROS. Ligero, vers\u00e1til y funcional. Ideal para entrenos y para disfrutar del ciclismo. \u00a1Entrega en 4 semanas!\" \/>\n<meta property=\"og:url\" content=\"https:\/\/www.inverseteams.com\/es\/producto\/maillot-ciclismo-personalizado-kairos-8\/\" \/>\n<meta property=\"og:site_name\" content=\"Inverseteams\" \/>\n<meta property=\"article:publisher\" content=\"https:\/\/www.facebook.com\/inverseteams\" \/>\n<meta property=\"article:modified_time\" content=\"2024-12-11T15:47:06+00:00\" \/>\n<meta property=\"og:image\" content=\"https:\/\/www.inverseteams.com\/wp-content\/uploads\/MAILLOT-MANGA-CORTA-CICLISMO-PERSONALIZADO-KAIROS-1.jpg\" \/>\n\t<meta property=\"og:image:width\" content=\"1500\" \/>\n\t<meta property=\"og:image:height\" content=\"1612\" \/>\n\t<meta property=\"og:image:type\" content=\"image\/jpeg\" \/>\n<meta name=\"twitter:card\" content=\"summary_large_image\" \/>\n<meta name=\"twitter:label1\" content=\"Tiempo de lectura\" \/>\n\t<meta name=\"twitter:data1\" content=\"2 minuto\" \/>\n<script type=\"application\/ld+json\" class=\"yoast-schema-graph\">{\"@context\":\"https:\/\/schema.org\",\"@graph\":[{\"@type\":\"WebPage\",\"@id\":\"https:\/\/www.inverseteams.com\/es\/producto\/maillot-ciclismo-personalizado-kairos-8\/\",\"url\":\"https:\/\/www.inverseteams.com\/es\/producto\/maillot-ciclismo-personalizado-kairos-8\/\",\"name\":\"Maillot ciclista manga corta personalizado | INVERSE\",\"isPartOf\":{\"@id\":\"https:\/\/www.inverseteams.com\/es\/#website\"},\"primaryImageOfPage\":{\"@id\":\"https:\/\/www.inverseteams.com\/es\/producto\/maillot-ciclismo-personalizado-kairos-8\/#primaryimage\"},\"image\":{\"@id\":\"https:\/\/www.inverseteams.com\/es\/producto\/maillot-ciclismo-personalizado-kairos-8\/#primaryimage\"},\"thumbnailUrl\":\"https:\/\/www.inverseteams.com\/wp-content\/uploads\/MAILLOT-MANGA-CORTA-CICLISMO-PERSONALIZADO-KAIROS-1.jpg\",\"datePublished\":\"2021-05-10T08:30:11+00:00\",\"dateModified\":\"2024-12-11T15:47:06+00:00\",\"description\":\"Maillot ciclista personalizado manga corta. Ligero, vers\u00e1til y funcional. Ideal para disfrutar del ciclismo. \u00a1Entrega en 4 semanas!\",\"breadcrumb\":{\"@id\":\"https:\/\/www.inverseteams.com\/es\/producto\/maillot-ciclismo-personalizado-kairos-8\/#breadcrumb\"},\"inLanguage\":\"es\",\"potentialAction\":[{\"@type\":\"ReadAction\",\"target\":[\"https:\/\/www.inverseteams.com\/es\/producto\/maillot-ciclismo-personalizado-kairos-8\/\"]}]},{\"@type\":\"ImageObject\",\"inLanguage\":\"es\",\"@id\":\"https:\/\/www.inverseteams.com\/es\/producto\/maillot-ciclismo-personalizado-kairos-8\/#primaryimage\",\"url\":\"https:\/\/www.inverseteams.com\/wp-content\/uploads\/MAILLOT-MANGA-CORTA-CICLISMO-PERSONALIZADO-KAIROS-1.jpg\",\"contentUrl\":\"https:\/\/www.inverseteams.com\/wp-content\/uploads\/MAILLOT-MANGA-CORTA-CICLISMO-PERSONALIZADO-KAIROS-1.jpg\",\"width\":1500,\"height\":1612,\"caption\":\"maillot ciclismo carretera personalizable\"},{\"@type\":\"BreadcrumbList\",\"@id\":\"https:\/\/www.inverseteams.com\/es\/producto\/maillot-ciclismo-personalizado-kairos-8\/#breadcrumb\",\"itemListElement\":[{\"@type\":\"ListItem\",\"position\":1,\"name\":\"Portada\",\"item\":\"https:\/\/www.inverseteams.com\/es\/\"},{\"@type\":\"ListItem\",\"position\":2,\"name\":\"Tienda\",\"item\":\"https:\/\/www.inverseteams.com\/es\/tienda\/\"},{\"@type\":\"ListItem\",\"position\":3,\"name\":\"Maillot ciclista personalizado KAIROS\"}]},{\"@type\":\"WebSite\",\"@id\":\"https:\/\/www.inverseteams.com\/es\/#website\",\"url\":\"https:\/\/www.inverseteams.com\/es\/\",\"name\":\"Inverseteams\",\"description\":\"Tu marca de ropa deportiva personalizada\",\"publisher\":{\"@id\":\"https:\/\/www.inverseteams.com\/es\/#organization\"},\"potentialAction\":[{\"@type\":\"SearchAction\",\"target\":{\"@type\":\"EntryPoint\",\"urlTemplate\":\"https:\/\/www.inverseteams.com\/es\/?s={search_term_string}\"},\"query-input\":{\"@type\":\"PropertyValueSpecification\",\"valueRequired\":true,\"valueName\":\"search_term_string\"}}],\"inLanguage\":\"es\"},{\"@type\":\"Organization\",\"@id\":\"https:\/\/www.inverseteams.com\/es\/#organization\",\"name\":\"Inverse Teams\",\"url\":\"https:\/\/www.inverseteams.com\/es\/\",\"logo\":{\"@type\":\"ImageObject\",\"inLanguage\":\"es\",\"@id\":\"https:\/\/www.inverseteams.com\/es\/#\/schema\/logo\/image\/\",\"url\":\"https:\/\/www.inverseteams.com\/wp-content\/uploads\/2021\/03\/logo-inverse-teams.png\",\"contentUrl\":\"https:\/\/www.inverseteams.com\/wp-content\/uploads\/2021\/03\/logo-inverse-teams.png\",\"width\":294,\"height\":99,\"caption\":\"Inverse Teams\"},\"image\":{\"@id\":\"https:\/\/www.inverseteams.com\/es\/#\/schema\/logo\/image\/\"},\"sameAs\":[\"https:\/\/www.facebook.com\/inverseteams\",\"http:\/\/instagram.com\/inverseteams\",\"https:\/\/www.linkedin.com\/company\/inverse-cirosport-s-l-?trk=job_view_topcard_company_name\",\"http:\/\/www.pinterest.com\/inverseteams\/\",\"http:\/\/www.youtube.com\/user\/inverseteams?feature=watch\"]}]}<\/script>\n<!-- \/ Yoast SEO plugin. -->","yoast_head_json":{"title":"Maillot ciclista manga corta personalizado | INVERSE","description":"Maillot ciclista personalizado manga corta. Ligero, vers\u00e1til y funcional. Ideal para disfrutar del ciclismo. \u00a1Entrega en 4 semanas!","robots":{"index":"index","follow":"follow","max-snippet":"max-snippet:-1","max-image-preview":"max-image-preview:large","max-video-preview":"max-video-preview:-1"},"canonical":"https:\/\/www.inverseteams.com\/es\/producto\/maillot-ciclismo-personalizado-kairos-8\/","og_locale":"es_ES","og_type":"article","og_title":"Maillot ciclista personalizado KAIROS","og_description":"Maillot ciclista personalizado manga corta KAIROS. Ligero, vers\u00e1til y funcional. Ideal para entrenos y para disfrutar del ciclismo. \u00a1Entrega en 4 semanas!","og_url":"https:\/\/www.inverseteams.com\/es\/producto\/maillot-ciclismo-personalizado-kairos-8\/","og_site_name":"Inverseteams","article_publisher":"https:\/\/www.facebook.com\/inverseteams","article_modified_time":"2024-12-11T15:47:06+00:00","og_image":[{"width":1500,"height":1612,"url":"https:\/\/www.inverseteams.com\/wp-content\/uploads\/MAILLOT-MANGA-CORTA-CICLISMO-PERSONALIZADO-KAIROS-1.jpg","type":"image\/jpeg"}],"twitter_card":"summary_large_image","twitter_misc":{"Tiempo de lectura":"2 minuto"},"schema":{"@context":"https:\/\/schema.org","@graph":[{"@type":"WebPage","@id":"https:\/\/www.inverseteams.com\/es\/producto\/maillot-ciclismo-personalizado-kairos-8\/","url":"https:\/\/www.inverseteams.com\/es\/producto\/maillot-ciclismo-personalizado-kairos-8\/","name":"Maillot ciclista manga corta personalizado | INVERSE","isPartOf":{"@id":"https:\/\/www.inverseteams.com\/es\/#website"},"primaryImageOfPage":{"@id":"https:\/\/www.inverseteams.com\/es\/producto\/maillot-ciclismo-personalizado-kairos-8\/#primaryimage"},"image":{"@id":"https:\/\/www.inverseteams.com\/es\/producto\/maillot-ciclismo-personalizado-kairos-8\/#primaryimage"},"thumbnailUrl":"https:\/\/www.inverseteams.com\/wp-content\/uploads\/MAILLOT-MANGA-CORTA-CICLISMO-PERSONALIZADO-KAIROS-1.jpg","datePublished":"2021-05-10T08:30:11+00:00","dateModified":"2024-12-11T15:47:06+00:00","description":"Maillot ciclista personalizado manga corta. Ligero, vers\u00e1til y funcional. Ideal para disfrutar del ciclismo. \u00a1Entrega en 4 semanas!","breadcrumb":{"@id":"https:\/\/www.inverseteams.com\/es\/producto\/maillot-ciclismo-personalizado-kairos-8\/#breadcrumb"},"inLanguage":"es","potentialAction":[{"@type":"ReadAction","target":["https:\/\/www.inverseteams.com\/es\/producto\/maillot-ciclismo-personalizado-kairos-8\/"]}]},{"@type":"ImageObject","inLanguage":"es","@id":"https:\/\/www.inverseteams.com\/es\/producto\/maillot-ciclismo-personalizado-kairos-8\/#primaryimage","url":"https:\/\/www.inverseteams.com\/wp-content\/uploads\/MAILLOT-MANGA-CORTA-CICLISMO-PERSONALIZADO-KAIROS-1.jpg","contentUrl":"https:\/\/www.inverseteams.com\/wp-content\/uploads\/MAILLOT-MANGA-CORTA-CICLISMO-PERSONALIZADO-KAIROS-1.jpg","width":1500,"height":1612,"caption":"maillot ciclismo carretera personalizable"},{"@type":"BreadcrumbList","@id":"https:\/\/www.inverseteams.com\/es\/producto\/maillot-ciclismo-personalizado-kairos-8\/#breadcrumb","itemListElement":[{"@type":"ListItem","position":1,"name":"Portada","item":"https:\/\/www.inverseteams.com\/es\/"},{"@type":"ListItem","position":2,"name":"Tienda","item":"https:\/\/www.inverseteams.com\/es\/tienda\/"},{"@type":"ListItem","position":3,"name":"Maillot ciclista personalizado KAIROS"}]},{"@type":"WebSite","@id":"https:\/\/www.inverseteams.com\/es\/#website","url":"https:\/\/www.inverseteams.com\/es\/","name":"Inverseteams","description":"Tu marca de ropa deportiva personalizada","publisher":{"@id":"https:\/\/www.inverseteams.com\/es\/#organization"},"potentialAction":[{"@type":"SearchAction","target":{"@type":"EntryPoint","urlTemplate":"https:\/\/www.inverseteams.com\/es\/?s={search_term_string}"},"query-input":{"@type":"PropertyValueSpecification","valueRequired":true,"valueName":"search_term_string"}}],"inLanguage":"es"},{"@type":"Organization","@id":"https:\/\/www.inverseteams.com\/es\/#organization","name":"Inverse Teams","url":"https:\/\/www.inverseteams.com\/es\/","logo":{"@type":"ImageObject","inLanguage":"es","@id":"https:\/\/www.inverseteams.com\/es\/#\/schema\/logo\/image\/","url":"https:\/\/www.inverseteams.com\/wp-content\/uploads\/2021\/03\/logo-inverse-teams.png","contentUrl":"https:\/\/www.inverseteams.com\/wp-content\/uploads\/2021\/03\/logo-inverse-teams.png","width":294,"height":99,"caption":"Inverse Teams"},"image":{"@id":"https:\/\/www.inverseteams.com\/es\/#\/schema\/logo\/image\/"},"sameAs":["https:\/\/www.facebook.com\/inverseteams","http:\/\/instagram.com\/inverseteams","https:\/\/www.linkedin.com\/company\/inverse-cirosport-s-l-?trk=job_view_topcard_company_name","http:\/\/www.pinterest.com\/inverseteams\/","http:\/\/www.youtube.com\/user\/inverseteams?feature=watch"]}]}},"_links":{"self":[{"href":"https:\/\/www.inverseteams.com\/es\/wp-json\/wp\/v2\/product\/6302","targetHints":{"allow":["GET"]}}],"collection":[{"href":"https:\/\/www.inverseteams.com\/es\/wp-json\/wp\/v2\/product"}],"about":[{"href":"https:\/\/www.inverseteams.com\/es\/wp-json\/wp\/v2\/types\/product"}],"replies":[{"embeddable":true,"href":"https:\/\/www.inverseteams.com\/es\/wp-json\/wp\/v2\/comments?post=6302"}],"wp:featuredmedia":[{"embeddable":true,"href":"https:\/\/www.inverseteams.com\/es\/wp-json\/wp\/v2\/media\/223629"}],"wp:attachment":[{"href":"https:\/\/www.inverseteams.com\/es\/wp-json\/wp\/v2\/media?parent=6302"}],"wp:term":[{"taxonomy":"product_brand","embeddable":true,"href":"https:\/\/www.inverseteams.com\/es\/wp-json\/wp\/v2\/product_brand?post=6302"},{"taxonomy":"product_cat","embeddable":true,"href":"https:\/\/www.inverseteams.com\/es\/wp-json\/wp\/v2\/product_cat?post=6302"},{"taxonomy":"product_tag","embeddable":true,"href":"https:\/\/www.inverseteams.com\/es\/wp-json\/wp\/v2\/product_tag?post=6302"},{"taxonomy":"custom_category","embeddable":true,"href":"https:\/\/www.inverseteams.com\/es\/wp-json\/wp\/v2\/custom_category?post=6302"},{"taxonomy":"range","embeddable":true,"href":"https:\/\/www.inverseteams.com\/es\/wp-json\/wp\/v2\/range?post=6302"}],"curies":[{"name":"wp","href":"https:\/\/api.w.org\/{rel}","templated":true}]}}