{"id":35009,"date":"2021-10-14T09:30:02","date_gmt":"2021-10-14T09:30:02","guid":{"rendered":"https:\/\/www.inverseteams.com\/?post_type=product&#038;p=35009"},"modified":"2025-05-22T00:01:32","modified_gmt":"2025-05-22T00:01:32","slug":"camiseta-running-de-tirantes-inrun-10-hombre","status":"publish","type":"product","link":"https:\/\/www.inverseteams.com\/es\/producto\/camiseta-running-de-tirantes-inrun-10-hombre\/","title":{"rendered":"Camiseta running de tirantes INRUN 10 (HOMBRE)"},"content":{"rendered":"<p>Dise\u00f1o y tecnolog\u00eda se combinan perfectamente en esta camiseta t\u00e9cnica de running. Su patronaje, ligereza y suavidad te har\u00e1n sentir muy confortable durante el entreno o la competici\u00f3n. Es una camiseta ideal para los d\u00edas calurosos.<br \/>\nEl acabado Dual Confort System del tejido regula la temperatura corporal y evita el sobrecalentamiento de la piel. Adem\u00e1s, la estructura de sus filamentos permite expulsar r\u00e1pidamente el sudor hacia el exterior para mantener tu piel seca.<br \/>\nLa nueva camiseta de running te ayudar\u00e1 a optimizar tus esfuerzos y a disfrutar del deporte al aire libre.<\/p>\n","protected":false},"excerpt":{"rendered":"<p>Dise\u00f1o y tecnolog\u00eda se combinan perfectamente en esta camiseta t\u00e9cnica de running. Su patronaje, ligereza y suavidad te har\u00e1n sentir muy confortable durante el entreno o la competici\u00f3n. Es una camiseta ideal para los d\u00edas calurosos.<br \/>\nEl acabado Dual Confort System del tejido regula la temperatura corporal y evita el sobrecalentamiento de la piel. Adem\u00e1s, la estructura de sus filamentos permite expulsar r\u00e1pidamente el sudor hacia el exterior para mantener tu piel seca.<br \/>\nLa nueva camiseta de running te ayudar\u00e1 a optimizar tus esfuerzos y a disfrutar del deporte al aire libre.<\/p>\n","protected":false},"featured_media":34756,"comment_status":"closed","ping_status":"closed","template":"","meta":{"_acf_changed":false},"product_brand":[],"product_cat":[2788,1077,134],"product_tag":[],"custom_category":[],"range":[],"class_list":{"0":"post-35009","1":"product","2":"type-product","3":"status-publish","4":"has-post-thumbnail","6":"product_cat-camiseta-running-2","7":"product_cat-hombre","8":"product_cat-running","9":"pa_climatologia-calor","10":"pa_deporte-running","11":"pa_genero-hombre","12":"pa_patronaje-regular","13":"pa_talla-s","14":"pa_talla-m","15":"pa_talla-l","16":"pa_tipo-de-prenda-camiseta-running","18":"first","19":"outofstock","20":"taxable","21":"shipping-taxable","22":"product-type-variable","23":"has-default-attributes"},"acf":[],"yoast_head":"<!-- This site is optimized with the Yoast SEO plugin v27.2 - https:\/\/yoast.com\/product\/yoast-seo-wordpress\/ -->\n<title>Camiseta running de tirantes INRUN 10 (HOMBRE)<\/title>\n<meta name=\"description\" content=\"Dise\u00f1o y tecnolog\u00eda se combinan perfectamente en esta camiseta t\u00e9cnica de running. Su patronaje, ligereza y suavidad te har\u00e1n sentir muy confortable durante el entreno o la competici\u00f3n. Es una camiseta ideal para los d\u00edas calurosos. El acabado Dual Confort System del tejido regula la temperatura corporal y evita el sobrecalentamiento de la piel. Adem\u00e1s, la estructura de sus filamentos permite expulsar r\u00e1pidamente el sudor hacia el exterior para mantener tu piel seca. La nueva camiseta de running te ayudar\u00e1 a optimizar tus esfuerzos y a disfrutar del deporte al aire libre.\" \/>\n<meta name=\"robots\" content=\"index, follow, max-snippet:-1, max-image-preview:large, max-video-preview:-1\" \/>\n<link rel=\"canonical\" href=\"https:\/\/www.inverseteams.com\/es\/producto\/camiseta-running-de-tirantes-inrun-10-hombre\/\" \/>\n<meta property=\"og:locale\" content=\"es_ES\" \/>\n<meta property=\"og:type\" content=\"article\" \/>\n<meta property=\"og:title\" content=\"Camiseta running de tirantes INRUN 10 (HOMBRE)\" \/>\n<meta property=\"og:description\" content=\"Dise\u00f1o y tecnolog\u00eda se combinan perfectamente en esta camiseta t\u00e9cnica de running. Su patronaje, ligereza y suavidad te har\u00e1n sentir muy confortable durante el entreno o la competici\u00f3n. Es una camiseta ideal para los d\u00edas calurosos. El acabado Dual Confort System del tejido regula la temperatura corporal y evita el sobrecalentamiento de la piel. Adem\u00e1s, la estructura de sus filamentos permite expulsar r\u00e1pidamente el sudor hacia el exterior para mantener tu piel seca. La nueva camiseta de running te ayudar\u00e1 a optimizar tus esfuerzos y a disfrutar del deporte al aire libre.\" \/>\n<meta property=\"og:url\" content=\"https:\/\/www.inverseteams.com\/es\/producto\/camiseta-running-de-tirantes-inrun-10-hombre\/\" \/>\n<meta property=\"og:site_name\" content=\"Inverseteams\" \/>\n<meta property=\"article:publisher\" content=\"https:\/\/www.facebook.com\/inverseteams\" \/>\n<meta property=\"article:modified_time\" content=\"2025-05-22T00:01:32+00:00\" \/>\n<meta property=\"og:image\" content=\"https:\/\/www.inverseteams.com\/wp-content\/uploads\/CAMISETA-CT-RUNNING-INRUN-10-HOMBRE-1.jpg\" \/>\n\t<meta property=\"og:image:width\" content=\"3222\" \/>\n\t<meta property=\"og:image:height\" content=\"3462\" \/>\n\t<meta property=\"og:image:type\" content=\"image\/jpeg\" \/>\n<meta name=\"twitter:card\" content=\"summary_large_image\" \/>\n<meta name=\"twitter:label1\" content=\"Tiempo de lectura\" \/>\n\t<meta name=\"twitter:data1\" content=\"1 minuto\" \/>\n<script type=\"application\/ld+json\" class=\"yoast-schema-graph\">{\"@context\":\"https:\/\/schema.org\",\"@graph\":[{\"@type\":\"WebPage\",\"@id\":\"https:\/\/www.inverseteams.com\/es\/producto\/camiseta-running-de-tirantes-inrun-10-hombre\/\",\"url\":\"https:\/\/www.inverseteams.com\/es\/producto\/camiseta-running-de-tirantes-inrun-10-hombre\/\",\"name\":\"Camiseta running de tirantes INRUN 10 (HOMBRE)\",\"isPartOf\":{\"@id\":\"https:\/\/www.inverseteams.com\/es\/#website\"},\"primaryImageOfPage\":{\"@id\":\"https:\/\/www.inverseteams.com\/es\/producto\/camiseta-running-de-tirantes-inrun-10-hombre\/#primaryimage\"},\"image\":{\"@id\":\"https:\/\/www.inverseteams.com\/es\/producto\/camiseta-running-de-tirantes-inrun-10-hombre\/#primaryimage\"},\"thumbnailUrl\":\"https:\/\/www.inverseteams.com\/wp-content\/uploads\/CAMISETA-CT-RUNNING-INRUN-10-HOMBRE-1.jpg\",\"datePublished\":\"2021-10-14T09:30:02+00:00\",\"dateModified\":\"2025-05-22T00:01:32+00:00\",\"description\":\"Dise\u00f1o y tecnolog\u00eda se combinan perfectamente en esta camiseta t\u00e9cnica de running. Su patronaje, ligereza y suavidad te har\u00e1n sentir muy confortable durante el entreno o la competici\u00f3n. Es una camiseta ideal para los d\u00edas calurosos. El acabado Dual Confort System del tejido regula la temperatura corporal y evita el sobrecalentamiento de la piel. Adem\u00e1s, la estructura de sus filamentos permite expulsar r\u00e1pidamente el sudor hacia el exterior para mantener tu piel seca. La nueva camiseta de running te ayudar\u00e1 a optimizar tus esfuerzos y a disfrutar del deporte al aire libre.\",\"breadcrumb\":{\"@id\":\"https:\/\/www.inverseteams.com\/es\/producto\/camiseta-running-de-tirantes-inrun-10-hombre\/#breadcrumb\"},\"inLanguage\":\"es\",\"potentialAction\":[{\"@type\":\"ReadAction\",\"target\":[\"https:\/\/www.inverseteams.com\/es\/producto\/camiseta-running-de-tirantes-inrun-10-hombre\/\"]}]},{\"@type\":\"ImageObject\",\"inLanguage\":\"es\",\"@id\":\"https:\/\/www.inverseteams.com\/es\/producto\/camiseta-running-de-tirantes-inrun-10-hombre\/#primaryimage\",\"url\":\"https:\/\/www.inverseteams.com\/wp-content\/uploads\/CAMISETA-CT-RUNNING-INRUN-10-HOMBRE-1.jpg\",\"contentUrl\":\"https:\/\/www.inverseteams.com\/wp-content\/uploads\/CAMISETA-CT-RUNNING-INRUN-10-HOMBRE-1.jpg\",\"width\":3222,\"height\":3462,\"caption\":\"Camiseta running tirantes INRUN 10 HOMBRE\"},{\"@type\":\"BreadcrumbList\",\"@id\":\"https:\/\/www.inverseteams.com\/es\/producto\/camiseta-running-de-tirantes-inrun-10-hombre\/#breadcrumb\",\"itemListElement\":[{\"@type\":\"ListItem\",\"position\":1,\"name\":\"Portada\",\"item\":\"https:\/\/www.inverseteams.com\/es\/\"},{\"@type\":\"ListItem\",\"position\":2,\"name\":\"Tienda\",\"item\":\"https:\/\/www.inverseteams.com\/es\/tienda\/\"},{\"@type\":\"ListItem\",\"position\":3,\"name\":\"Camiseta running de tirantes INRUN 10 (HOMBRE)\"}]},{\"@type\":\"WebSite\",\"@id\":\"https:\/\/www.inverseteams.com\/es\/#website\",\"url\":\"https:\/\/www.inverseteams.com\/es\/\",\"name\":\"Inverseteams\",\"description\":\"Tu marca de ropa deportiva personalizada\",\"publisher\":{\"@id\":\"https:\/\/www.inverseteams.com\/es\/#organization\"},\"potentialAction\":[{\"@type\":\"SearchAction\",\"target\":{\"@type\":\"EntryPoint\",\"urlTemplate\":\"https:\/\/www.inverseteams.com\/es\/?s={search_term_string}\"},\"query-input\":{\"@type\":\"PropertyValueSpecification\",\"valueRequired\":true,\"valueName\":\"search_term_string\"}}],\"inLanguage\":\"es\"},{\"@type\":\"Organization\",\"@id\":\"https:\/\/www.inverseteams.com\/es\/#organization\",\"name\":\"Inverse Teams\",\"url\":\"https:\/\/www.inverseteams.com\/es\/\",\"logo\":{\"@type\":\"ImageObject\",\"inLanguage\":\"es\",\"@id\":\"https:\/\/www.inverseteams.com\/es\/#\/schema\/logo\/image\/\",\"url\":\"https:\/\/www.inverseteams.com\/wp-content\/uploads\/2021\/03\/logo-inverse-teams.png\",\"contentUrl\":\"https:\/\/www.inverseteams.com\/wp-content\/uploads\/2021\/03\/logo-inverse-teams.png\",\"width\":294,\"height\":99,\"caption\":\"Inverse Teams\"},\"image\":{\"@id\":\"https:\/\/www.inverseteams.com\/es\/#\/schema\/logo\/image\/\"},\"sameAs\":[\"https:\/\/www.facebook.com\/inverseteams\",\"http:\/\/instagram.com\/inverseteams\",\"https:\/\/www.linkedin.com\/company\/inverse-cirosport-s-l-?trk=job_view_topcard_company_name\",\"http:\/\/www.pinterest.com\/inverseteams\/\",\"http:\/\/www.youtube.com\/user\/inverseteams?feature=watch\"]}]}<\/script>\n<!-- \/ Yoast SEO plugin. -->","yoast_head_json":{"title":"Camiseta running de tirantes INRUN 10 (HOMBRE)","description":"Dise\u00f1o y tecnolog\u00eda se combinan perfectamente en esta camiseta t\u00e9cnica de running. Su patronaje, ligereza y suavidad te har\u00e1n sentir muy confortable durante el entreno o la competici\u00f3n. Es una camiseta ideal para los d\u00edas calurosos. El acabado Dual Confort System del tejido regula la temperatura corporal y evita el sobrecalentamiento de la piel. Adem\u00e1s, la estructura de sus filamentos permite expulsar r\u00e1pidamente el sudor hacia el exterior para mantener tu piel seca. La nueva camiseta de running te ayudar\u00e1 a optimizar tus esfuerzos y a disfrutar del deporte al aire libre.","robots":{"index":"index","follow":"follow","max-snippet":"max-snippet:-1","max-image-preview":"max-image-preview:large","max-video-preview":"max-video-preview:-1"},"canonical":"https:\/\/www.inverseteams.com\/es\/producto\/camiseta-running-de-tirantes-inrun-10-hombre\/","og_locale":"es_ES","og_type":"article","og_title":"Camiseta running de tirantes INRUN 10 (HOMBRE)","og_description":"Dise\u00f1o y tecnolog\u00eda se combinan perfectamente en esta camiseta t\u00e9cnica de running. Su patronaje, ligereza y suavidad te har\u00e1n sentir muy confortable durante el entreno o la competici\u00f3n. Es una camiseta ideal para los d\u00edas calurosos. El acabado Dual Confort System del tejido regula la temperatura corporal y evita el sobrecalentamiento de la piel. Adem\u00e1s, la estructura de sus filamentos permite expulsar r\u00e1pidamente el sudor hacia el exterior para mantener tu piel seca. La nueva camiseta de running te ayudar\u00e1 a optimizar tus esfuerzos y a disfrutar del deporte al aire libre.","og_url":"https:\/\/www.inverseteams.com\/es\/producto\/camiseta-running-de-tirantes-inrun-10-hombre\/","og_site_name":"Inverseteams","article_publisher":"https:\/\/www.facebook.com\/inverseteams","article_modified_time":"2025-05-22T00:01:32+00:00","og_image":[{"width":3222,"height":3462,"url":"https:\/\/www.inverseteams.com\/wp-content\/uploads\/CAMISETA-CT-RUNNING-INRUN-10-HOMBRE-1.jpg","type":"image\/jpeg"}],"twitter_card":"summary_large_image","twitter_misc":{"Tiempo de lectura":"1 minuto"},"schema":{"@context":"https:\/\/schema.org","@graph":[{"@type":"WebPage","@id":"https:\/\/www.inverseteams.com\/es\/producto\/camiseta-running-de-tirantes-inrun-10-hombre\/","url":"https:\/\/www.inverseteams.com\/es\/producto\/camiseta-running-de-tirantes-inrun-10-hombre\/","name":"Camiseta running de tirantes INRUN 10 (HOMBRE)","isPartOf":{"@id":"https:\/\/www.inverseteams.com\/es\/#website"},"primaryImageOfPage":{"@id":"https:\/\/www.inverseteams.com\/es\/producto\/camiseta-running-de-tirantes-inrun-10-hombre\/#primaryimage"},"image":{"@id":"https:\/\/www.inverseteams.com\/es\/producto\/camiseta-running-de-tirantes-inrun-10-hombre\/#primaryimage"},"thumbnailUrl":"https:\/\/www.inverseteams.com\/wp-content\/uploads\/CAMISETA-CT-RUNNING-INRUN-10-HOMBRE-1.jpg","datePublished":"2021-10-14T09:30:02+00:00","dateModified":"2025-05-22T00:01:32+00:00","description":"Dise\u00f1o y tecnolog\u00eda se combinan perfectamente en esta camiseta t\u00e9cnica de running. Su patronaje, ligereza y suavidad te har\u00e1n sentir muy confortable durante el entreno o la competici\u00f3n. Es una camiseta ideal para los d\u00edas calurosos. El acabado Dual Confort System del tejido regula la temperatura corporal y evita el sobrecalentamiento de la piel. Adem\u00e1s, la estructura de sus filamentos permite expulsar r\u00e1pidamente el sudor hacia el exterior para mantener tu piel seca. La nueva camiseta de running te ayudar\u00e1 a optimizar tus esfuerzos y a disfrutar del deporte al aire libre.","breadcrumb":{"@id":"https:\/\/www.inverseteams.com\/es\/producto\/camiseta-running-de-tirantes-inrun-10-hombre\/#breadcrumb"},"inLanguage":"es","potentialAction":[{"@type":"ReadAction","target":["https:\/\/www.inverseteams.com\/es\/producto\/camiseta-running-de-tirantes-inrun-10-hombre\/"]}]},{"@type":"ImageObject","inLanguage":"es","@id":"https:\/\/www.inverseteams.com\/es\/producto\/camiseta-running-de-tirantes-inrun-10-hombre\/#primaryimage","url":"https:\/\/www.inverseteams.com\/wp-content\/uploads\/CAMISETA-CT-RUNNING-INRUN-10-HOMBRE-1.jpg","contentUrl":"https:\/\/www.inverseteams.com\/wp-content\/uploads\/CAMISETA-CT-RUNNING-INRUN-10-HOMBRE-1.jpg","width":3222,"height":3462,"caption":"Camiseta running tirantes INRUN 10 HOMBRE"},{"@type":"BreadcrumbList","@id":"https:\/\/www.inverseteams.com\/es\/producto\/camiseta-running-de-tirantes-inrun-10-hombre\/#breadcrumb","itemListElement":[{"@type":"ListItem","position":1,"name":"Portada","item":"https:\/\/www.inverseteams.com\/es\/"},{"@type":"ListItem","position":2,"name":"Tienda","item":"https:\/\/www.inverseteams.com\/es\/tienda\/"},{"@type":"ListItem","position":3,"name":"Camiseta running de tirantes INRUN 10 (HOMBRE)"}]},{"@type":"WebSite","@id":"https:\/\/www.inverseteams.com\/es\/#website","url":"https:\/\/www.inverseteams.com\/es\/","name":"Inverseteams","description":"Tu marca de ropa deportiva personalizada","publisher":{"@id":"https:\/\/www.inverseteams.com\/es\/#organization"},"potentialAction":[{"@type":"SearchAction","target":{"@type":"EntryPoint","urlTemplate":"https:\/\/www.inverseteams.com\/es\/?s={search_term_string}"},"query-input":{"@type":"PropertyValueSpecification","valueRequired":true,"valueName":"search_term_string"}}],"inLanguage":"es"},{"@type":"Organization","@id":"https:\/\/www.inverseteams.com\/es\/#organization","name":"Inverse Teams","url":"https:\/\/www.inverseteams.com\/es\/","logo":{"@type":"ImageObject","inLanguage":"es","@id":"https:\/\/www.inverseteams.com\/es\/#\/schema\/logo\/image\/","url":"https:\/\/www.inverseteams.com\/wp-content\/uploads\/2021\/03\/logo-inverse-teams.png","contentUrl":"https:\/\/www.inverseteams.com\/wp-content\/uploads\/2021\/03\/logo-inverse-teams.png","width":294,"height":99,"caption":"Inverse Teams"},"image":{"@id":"https:\/\/www.inverseteams.com\/es\/#\/schema\/logo\/image\/"},"sameAs":["https:\/\/www.facebook.com\/inverseteams","http:\/\/instagram.com\/inverseteams","https:\/\/www.linkedin.com\/company\/inverse-cirosport-s-l-?trk=job_view_topcard_company_name","http:\/\/www.pinterest.com\/inverseteams\/","http:\/\/www.youtube.com\/user\/inverseteams?feature=watch"]}]}},"_links":{"self":[{"href":"https:\/\/www.inverseteams.com\/es\/wp-json\/wp\/v2\/product\/35009","targetHints":{"allow":["GET"]}}],"collection":[{"href":"https:\/\/www.inverseteams.com\/es\/wp-json\/wp\/v2\/product"}],"about":[{"href":"https:\/\/www.inverseteams.com\/es\/wp-json\/wp\/v2\/types\/product"}],"replies":[{"embeddable":true,"href":"https:\/\/www.inverseteams.com\/es\/wp-json\/wp\/v2\/comments?post=35009"}],"wp:featuredmedia":[{"embeddable":true,"href":"https:\/\/www.inverseteams.com\/es\/wp-json\/wp\/v2\/media\/34756"}],"wp:attachment":[{"href":"https:\/\/www.inverseteams.com\/es\/wp-json\/wp\/v2\/media?parent=35009"}],"wp:term":[{"taxonomy":"product_brand","embeddable":true,"href":"https:\/\/www.inverseteams.com\/es\/wp-json\/wp\/v2\/product_brand?post=35009"},{"taxonomy":"product_cat","embeddable":true,"href":"https:\/\/www.inverseteams.com\/es\/wp-json\/wp\/v2\/product_cat?post=35009"},{"taxonomy":"product_tag","embeddable":true,"href":"https:\/\/www.inverseteams.com\/es\/wp-json\/wp\/v2\/product_tag?post=35009"},{"taxonomy":"custom_category","embeddable":true,"href":"https:\/\/www.inverseteams.com\/es\/wp-json\/wp\/v2\/custom_category?post=35009"},{"taxonomy":"range","embeddable":true,"href":"https:\/\/www.inverseteams.com\/es\/wp-json\/wp\/v2\/range?post=35009"}],"curies":[{"name":"wp","href":"https:\/\/api.w.org\/{rel}","templated":true}]}}