{"id":34097,"date":"2021-10-08T08:36:39","date_gmt":"2021-10-08T08:36:39","guid":{"rendered":"https:\/\/www.inverseteams.com\/?post_type=product&#038;p=34097"},"modified":"2024-01-09T16:52:44","modified_gmt":"2024-01-09T16:52:44","slug":"pantalon-ciclista-air-22-hombre","status":"publish","type":"product","link":"https:\/\/www.inverseteams.com\/es\/producto\/pantalon-ciclista-air-22-hombre\/","title":{"rendered":"Pantal\u00f3n ciclismo hombre AIR"},"content":{"rendered":"<p>Extraordinario pantal\u00f3n ciclismo hombre largo de \u00faltima generaci\u00f3n ideal para combatir el fr\u00edo y poder disfrutar del ciclismo durante horas. Combina los tejidos SUPERROUBAIX y SPIRIT T\u00c9RMICO que mantienen el calor y ofrecen la compresi\u00f3n muscular necesaria para retardar la fatiga. Su elasticidad te permitir\u00e1 una gran libertad de movimientos. Los paneles del pantal\u00f3n ciclista est\u00e1n dise\u00f1ados para que se adapten perfectamente a las diferentes posiciones del pedaleo. No notar\u00e1s ninguna resistencia.<br \/>\nLos tirantes microperforados permiten evacuar r\u00e1pidamente el sudor. \u00c9stos est\u00e1n formados por un panel central y dos laterales que distribuyen adecuadamente el peso para evitar lesiones y as\u00ed podr\u00e1s disfrutar del ciclismo durante horas.<br \/>\nAl final de las piernas tiene una banda el\u00e1stica con un grip de silicona hipoalerg\u00e9nica en su interior. \u00c9sta mantiene la prenda bien sujeta a la pierna. En la zona posterior tiene unas l\u00edneas reflectantes que aumentar\u00e1n tu seguridad ya que reflejar\u00e1n la luz de los veh\u00edculos.<br \/>\nEquipado con la badana IN19 compuesta por 3 densidades que se adaptar\u00e1 a tu anatom\u00eda y estilo de pedaleo.<\/p>\n","protected":false},"excerpt":{"rendered":"<p>Extraordinario pantal\u00f3n ciclismo hombre largo de \u00faltima generaci\u00f3n ideal para combatir el fr\u00edo y poder disfrutar del ciclismo durante horas. Combina los tejidos SUPERROUBAIX y SPIRIT T\u00c9RMICO que mantienen el calor y ofrecen la compresi\u00f3n muscular necesaria para retardar la fatiga. Su elasticidad te permitir\u00e1 una gran libertad de movimientos. Los paneles del pantal\u00f3n ciclista est\u00e1n dise\u00f1ados para que se adapten perfectamente a las diferentes posiciones del pedaleo. No notar\u00e1s ninguna resistencia.<br \/>\nLos tirantes microperforados permiten evacuar r\u00e1pidamente el sudor. \u00c9stos est\u00e1n formados por un panel central y dos laterales que distribuyen adecuadamente el peso para evitar lesiones y as\u00ed podr\u00e1s disfrutar del ciclismo durante horas.<br \/>\nAl final de las piernas tiene una banda el\u00e1stica con un grip de silicona hipoalerg\u00e9nica en su interior. \u00c9sta mantiene la prenda bien sujeta a la pierna. En la zona posterior tiene unas l\u00edneas reflectantes que aumentar\u00e1n tu seguridad ya que reflejar\u00e1n la luz de los veh\u00edculos.<br \/>\nEquipado con la badana IN19 compuesta por 3 densidades que se adaptar\u00e1 a tu anatom\u00eda y estilo de pedaleo.<\/p>\n","protected":false},"featured_media":34089,"comment_status":"closed","ping_status":"closed","template":"","meta":{"_acf_changed":false},"product_brand":[],"product_cat":[132,1077,2775,7174],"product_tag":[],"custom_category":[],"range":[],"class_list":{"0":"post-34097","1":"product","2":"type-product","3":"status-publish","4":"has-post-thumbnail","6":"product_cat-ciclismo","7":"product_cat-hombre","8":"product_cat-pantalon-ciclismo","9":"product_cat-b2b","10":"pa_climatologia-frio","11":"pa_deporte-ciclismo","12":"pa_genero-hombre","13":"pa_patronaje-fit","14":"pa_talla-l","15":"pa_talla-xl","16":"pa_talla-xxl","17":"pa_talla-s","18":"pa_talla-m","19":"pa_tipo-de-prenda-culotte-largo","21":"first","22":"outofstock","23":"taxable","24":"shipping-taxable","25":"purchasable","26":"product-type-variable","27":"has-default-attributes"},"acf":[],"yoast_head":"<!-- This site is optimized with the Yoast SEO plugin v27.3 - https:\/\/yoast.com\/product\/yoast-seo-wordpress\/ -->\n<title>Pantal\u00f3n ciclismo hombre AIR 22<\/title>\n<meta name=\"description\" content=\"Extraordinario pantal\u00f3n ciclismo largo AIR 22 de \u00faltima generaci\u00f3n ideal para combatir el fr\u00edo y poder disfrutar del ciclismo durante horas.\" \/>\n<meta name=\"robots\" content=\"index, follow, max-snippet:-1, max-image-preview:large, max-video-preview:-1\" \/>\n<link rel=\"canonical\" href=\"https:\/\/www.inverseteams.com\/es\/producto\/pantalon-ciclista-air-22-hombre\/\" \/>\n<meta property=\"og:locale\" content=\"es_ES\" \/>\n<meta property=\"og:type\" content=\"article\" \/>\n<meta property=\"og:title\" content=\"Pantal\u00f3n ciclismo hombre AIR 22\" \/>\n<meta property=\"og:description\" content=\"Extraordinario pantal\u00f3n ciclismo largo AIR 22 de \u00faltima generaci\u00f3n ideal para combatir el fr\u00edo y poder disfrutar del ciclismo durante horas.\" \/>\n<meta property=\"og:url\" content=\"https:\/\/www.inverseteams.com\/es\/producto\/pantalon-ciclista-air-22-hombre\/\" \/>\n<meta property=\"og:site_name\" content=\"Inverseteams\" \/>\n<meta property=\"article:publisher\" content=\"https:\/\/www.facebook.com\/inverseteams\" \/>\n<meta property=\"article:modified_time\" content=\"2024-01-09T16:52:44+00:00\" \/>\n<meta property=\"og:image\" content=\"https:\/\/www.inverseteams.com\/wp-content\/uploads\/PANTALON-CICLISTA-CT-AIR-22-1.jpg\" \/>\n\t<meta property=\"og:image:width\" content=\"3222\" \/>\n\t<meta property=\"og:image:height\" content=\"3462\" \/>\n\t<meta property=\"og:image:type\" content=\"image\/jpeg\" \/>\n<meta name=\"twitter:card\" content=\"summary_large_image\" \/>\n<meta name=\"twitter:label1\" content=\"Tiempo de lectura\" \/>\n\t<meta name=\"twitter:data1\" content=\"1 minuto\" \/>\n<script type=\"application\/ld+json\" class=\"yoast-schema-graph\">{\"@context\":\"https:\\\/\\\/schema.org\",\"@graph\":[{\"@type\":\"WebPage\",\"@id\":\"https:\\\/\\\/www.inverseteams.com\\\/es\\\/producto\\\/pantalon-ciclista-air-22-hombre\\\/\",\"url\":\"https:\\\/\\\/www.inverseteams.com\\\/es\\\/producto\\\/pantalon-ciclista-air-22-hombre\\\/\",\"name\":\"Pantal\u00f3n ciclismo hombre AIR 22\",\"isPartOf\":{\"@id\":\"https:\\\/\\\/www.inverseteams.com\\\/es\\\/#website\"},\"primaryImageOfPage\":{\"@id\":\"https:\\\/\\\/www.inverseteams.com\\\/es\\\/producto\\\/pantalon-ciclista-air-22-hombre\\\/#primaryimage\"},\"image\":{\"@id\":\"https:\\\/\\\/www.inverseteams.com\\\/es\\\/producto\\\/pantalon-ciclista-air-22-hombre\\\/#primaryimage\"},\"thumbnailUrl\":\"https:\\\/\\\/www.inverseteams.com\\\/wp-content\\\/uploads\\\/PANTALON-CICLISTA-CT-AIR-22-1.jpg\",\"datePublished\":\"2021-10-08T08:36:39+00:00\",\"dateModified\":\"2024-01-09T16:52:44+00:00\",\"description\":\"Extraordinario pantal\u00f3n ciclismo largo AIR 22 de \u00faltima generaci\u00f3n ideal para combatir el fr\u00edo y poder disfrutar del ciclismo durante horas.\",\"breadcrumb\":{\"@id\":\"https:\\\/\\\/www.inverseteams.com\\\/es\\\/producto\\\/pantalon-ciclista-air-22-hombre\\\/#breadcrumb\"},\"inLanguage\":\"es\",\"potentialAction\":[{\"@type\":\"ReadAction\",\"target\":[\"https:\\\/\\\/www.inverseteams.com\\\/es\\\/producto\\\/pantalon-ciclista-air-22-hombre\\\/\"]}]},{\"@type\":\"ImageObject\",\"inLanguage\":\"es\",\"@id\":\"https:\\\/\\\/www.inverseteams.com\\\/es\\\/producto\\\/pantalon-ciclista-air-22-hombre\\\/#primaryimage\",\"url\":\"https:\\\/\\\/www.inverseteams.com\\\/wp-content\\\/uploads\\\/PANTALON-CICLISTA-CT-AIR-22-1.jpg\",\"contentUrl\":\"https:\\\/\\\/www.inverseteams.com\\\/wp-content\\\/uploads\\\/PANTALON-CICLISTA-CT-AIR-22-1.jpg\",\"width\":3222,\"height\":3462,\"caption\":\"Pantal\u00f3n ciclista AIR\"},{\"@type\":\"BreadcrumbList\",\"@id\":\"https:\\\/\\\/www.inverseteams.com\\\/es\\\/producto\\\/pantalon-ciclista-air-22-hombre\\\/#breadcrumb\",\"itemListElement\":[{\"@type\":\"ListItem\",\"position\":1,\"name\":\"Portada\",\"item\":\"https:\\\/\\\/www.inverseteams.com\\\/es\\\/\"},{\"@type\":\"ListItem\",\"position\":2,\"name\":\"Tienda\",\"item\":\"https:\\\/\\\/www.inverseteams.com\\\/es\\\/tienda\\\/\"},{\"@type\":\"ListItem\",\"position\":3,\"name\":\"Pantal\u00f3n ciclismo hombre AIR\"}]},{\"@type\":\"WebSite\",\"@id\":\"https:\\\/\\\/www.inverseteams.com\\\/es\\\/#website\",\"url\":\"https:\\\/\\\/www.inverseteams.com\\\/es\\\/\",\"name\":\"Inverseteams\",\"description\":\"Tu marca de ropa deportiva personalizada\",\"publisher\":{\"@id\":\"https:\\\/\\\/www.inverseteams.com\\\/es\\\/#organization\"},\"potentialAction\":[{\"@type\":\"SearchAction\",\"target\":{\"@type\":\"EntryPoint\",\"urlTemplate\":\"https:\\\/\\\/www.inverseteams.com\\\/es\\\/?s={search_term_string}\"},\"query-input\":{\"@type\":\"PropertyValueSpecification\",\"valueRequired\":true,\"valueName\":\"search_term_string\"}}],\"inLanguage\":\"es\"},{\"@type\":\"Organization\",\"@id\":\"https:\\\/\\\/www.inverseteams.com\\\/es\\\/#organization\",\"name\":\"Inverse Teams\",\"url\":\"https:\\\/\\\/www.inverseteams.com\\\/es\\\/\",\"logo\":{\"@type\":\"ImageObject\",\"inLanguage\":\"es\",\"@id\":\"https:\\\/\\\/www.inverseteams.com\\\/es\\\/#\\\/schema\\\/logo\\\/image\\\/\",\"url\":\"http:\\\/\\\/www.inverseteams.com\\\/wp-content\\\/uploads\\\/2021\\\/03\\\/logo-inverse-teams.png\",\"contentUrl\":\"http:\\\/\\\/www.inverseteams.com\\\/wp-content\\\/uploads\\\/2021\\\/03\\\/logo-inverse-teams.png\",\"width\":294,\"height\":99,\"caption\":\"Inverse Teams\"},\"image\":{\"@id\":\"https:\\\/\\\/www.inverseteams.com\\\/es\\\/#\\\/schema\\\/logo\\\/image\\\/\"},\"sameAs\":[\"https:\\\/\\\/www.facebook.com\\\/inverseteams\",\"http:\\\/\\\/instagram.com\\\/inverseteams\",\"https:\\\/\\\/www.linkedin.com\\\/company\\\/inverse-cirosport-s-l-?trk=job_view_topcard_company_name\",\"http:\\\/\\\/www.pinterest.com\\\/inverseteams\\\/\",\"http:\\\/\\\/www.youtube.com\\\/user\\\/inverseteams?feature=watch\"]}]}<\/script>\n<!-- \/ Yoast SEO plugin. -->","yoast_head_json":{"title":"Pantal\u00f3n ciclismo hombre AIR 22","description":"Extraordinario pantal\u00f3n ciclismo largo AIR 22 de \u00faltima generaci\u00f3n ideal para combatir el fr\u00edo y poder disfrutar del ciclismo durante horas.","robots":{"index":"index","follow":"follow","max-snippet":"max-snippet:-1","max-image-preview":"max-image-preview:large","max-video-preview":"max-video-preview:-1"},"canonical":"https:\/\/www.inverseteams.com\/es\/producto\/pantalon-ciclista-air-22-hombre\/","og_locale":"es_ES","og_type":"article","og_title":"Pantal\u00f3n ciclismo hombre AIR 22","og_description":"Extraordinario pantal\u00f3n ciclismo largo AIR 22 de \u00faltima generaci\u00f3n ideal para combatir el fr\u00edo y poder disfrutar del ciclismo durante horas.","og_url":"https:\/\/www.inverseteams.com\/es\/producto\/pantalon-ciclista-air-22-hombre\/","og_site_name":"Inverseteams","article_publisher":"https:\/\/www.facebook.com\/inverseteams","article_modified_time":"2024-01-09T16:52:44+00:00","og_image":[{"width":3222,"height":3462,"url":"https:\/\/www.inverseteams.com\/wp-content\/uploads\/PANTALON-CICLISTA-CT-AIR-22-1.jpg","type":"image\/jpeg"}],"twitter_card":"summary_large_image","twitter_misc":{"Tiempo de lectura":"1 minuto"},"schema":{"@context":"https:\/\/schema.org","@graph":[{"@type":"WebPage","@id":"https:\/\/www.inverseteams.com\/es\/producto\/pantalon-ciclista-air-22-hombre\/","url":"https:\/\/www.inverseteams.com\/es\/producto\/pantalon-ciclista-air-22-hombre\/","name":"Pantal\u00f3n ciclismo hombre AIR 22","isPartOf":{"@id":"https:\/\/www.inverseteams.com\/es\/#website"},"primaryImageOfPage":{"@id":"https:\/\/www.inverseteams.com\/es\/producto\/pantalon-ciclista-air-22-hombre\/#primaryimage"},"image":{"@id":"https:\/\/www.inverseteams.com\/es\/producto\/pantalon-ciclista-air-22-hombre\/#primaryimage"},"thumbnailUrl":"https:\/\/www.inverseteams.com\/wp-content\/uploads\/PANTALON-CICLISTA-CT-AIR-22-1.jpg","datePublished":"2021-10-08T08:36:39+00:00","dateModified":"2024-01-09T16:52:44+00:00","description":"Extraordinario pantal\u00f3n ciclismo largo AIR 22 de \u00faltima generaci\u00f3n ideal para combatir el fr\u00edo y poder disfrutar del ciclismo durante horas.","breadcrumb":{"@id":"https:\/\/www.inverseteams.com\/es\/producto\/pantalon-ciclista-air-22-hombre\/#breadcrumb"},"inLanguage":"es","potentialAction":[{"@type":"ReadAction","target":["https:\/\/www.inverseteams.com\/es\/producto\/pantalon-ciclista-air-22-hombre\/"]}]},{"@type":"ImageObject","inLanguage":"es","@id":"https:\/\/www.inverseteams.com\/es\/producto\/pantalon-ciclista-air-22-hombre\/#primaryimage","url":"https:\/\/www.inverseteams.com\/wp-content\/uploads\/PANTALON-CICLISTA-CT-AIR-22-1.jpg","contentUrl":"https:\/\/www.inverseteams.com\/wp-content\/uploads\/PANTALON-CICLISTA-CT-AIR-22-1.jpg","width":3222,"height":3462,"caption":"Pantal\u00f3n ciclista AIR"},{"@type":"BreadcrumbList","@id":"https:\/\/www.inverseteams.com\/es\/producto\/pantalon-ciclista-air-22-hombre\/#breadcrumb","itemListElement":[{"@type":"ListItem","position":1,"name":"Portada","item":"https:\/\/www.inverseteams.com\/es\/"},{"@type":"ListItem","position":2,"name":"Tienda","item":"https:\/\/www.inverseteams.com\/es\/tienda\/"},{"@type":"ListItem","position":3,"name":"Pantal\u00f3n ciclismo hombre AIR"}]},{"@type":"WebSite","@id":"https:\/\/www.inverseteams.com\/es\/#website","url":"https:\/\/www.inverseteams.com\/es\/","name":"Inverseteams","description":"Tu marca de ropa deportiva personalizada","publisher":{"@id":"https:\/\/www.inverseteams.com\/es\/#organization"},"potentialAction":[{"@type":"SearchAction","target":{"@type":"EntryPoint","urlTemplate":"https:\/\/www.inverseteams.com\/es\/?s={search_term_string}"},"query-input":{"@type":"PropertyValueSpecification","valueRequired":true,"valueName":"search_term_string"}}],"inLanguage":"es"},{"@type":"Organization","@id":"https:\/\/www.inverseteams.com\/es\/#organization","name":"Inverse Teams","url":"https:\/\/www.inverseteams.com\/es\/","logo":{"@type":"ImageObject","inLanguage":"es","@id":"https:\/\/www.inverseteams.com\/es\/#\/schema\/logo\/image\/","url":"https:\/\/www.inverseteams.com\/wp-content\/uploads\/2021\/03\/logo-inverse-teams.png","contentUrl":"https:\/\/www.inverseteams.com\/wp-content\/uploads\/2021\/03\/logo-inverse-teams.png","width":294,"height":99,"caption":"Inverse Teams"},"image":{"@id":"https:\/\/www.inverseteams.com\/es\/#\/schema\/logo\/image\/"},"sameAs":["https:\/\/www.facebook.com\/inverseteams","http:\/\/instagram.com\/inverseteams","https:\/\/www.linkedin.com\/company\/inverse-cirosport-s-l-?trk=job_view_topcard_company_name","http:\/\/www.pinterest.com\/inverseteams\/","http:\/\/www.youtube.com\/user\/inverseteams?feature=watch"]}]}},"_links":{"self":[{"href":"https:\/\/www.inverseteams.com\/es\/wp-json\/wp\/v2\/product\/34097","targetHints":{"allow":["GET"]}}],"collection":[{"href":"https:\/\/www.inverseteams.com\/es\/wp-json\/wp\/v2\/product"}],"about":[{"href":"https:\/\/www.inverseteams.com\/es\/wp-json\/wp\/v2\/types\/product"}],"replies":[{"embeddable":true,"href":"https:\/\/www.inverseteams.com\/es\/wp-json\/wp\/v2\/comments?post=34097"}],"wp:featuredmedia":[{"embeddable":true,"href":"https:\/\/www.inverseteams.com\/es\/wp-json\/wp\/v2\/media\/34089"}],"wp:attachment":[{"href":"https:\/\/www.inverseteams.com\/es\/wp-json\/wp\/v2\/media?parent=34097"}],"wp:term":[{"taxonomy":"product_brand","embeddable":true,"href":"https:\/\/www.inverseteams.com\/es\/wp-json\/wp\/v2\/product_brand?post=34097"},{"taxonomy":"product_cat","embeddable":true,"href":"https:\/\/www.inverseteams.com\/es\/wp-json\/wp\/v2\/product_cat?post=34097"},{"taxonomy":"product_tag","embeddable":true,"href":"https:\/\/www.inverseteams.com\/es\/wp-json\/wp\/v2\/product_tag?post=34097"},{"taxonomy":"custom_category","embeddable":true,"href":"https:\/\/www.inverseteams.com\/es\/wp-json\/wp\/v2\/custom_category?post=34097"},{"taxonomy":"range","embeddable":true,"href":"https:\/\/www.inverseteams.com\/es\/wp-json\/wp\/v2\/range?post=34097"}],"curies":[{"name":"wp","href":"https:\/\/api.w.org\/{rel}","templated":true}]}}