{"id":282700,"date":"2026-05-08T12:33:23","date_gmt":"2026-05-08T11:33:23","guid":{"rendered":"https:\/\/www.inverseteams.com\/?post_type=product&#038;p=282700"},"modified":"2026-05-13T10:11:27","modified_gmt":"2026-05-13T09:11:27","slug":"tritraje-fed-catalana-triatlon","status":"publish","type":"product","link":"https:\/\/www.inverseteams.com\/es\/producto\/tritraje-fed-catalana-triatlon\/","title":{"rendered":"Tritraje FED CATALANA TRIATL\u00d3N"},"content":{"rendered":"<p><strong>Fabricado bajo pedido especialmente para ti. No se admiten cambios ni devoluciones. Entrega estimada en 7 d\u00edas.<\/strong><\/p>\n<p>Su acabado de Tefl\u00f3n repele el agua y te ayuda a deslizarte durante la nataci\u00f3n con m\u00e1s facilidad y a secarte r\u00e1pidamente durante la transici\u00f3n. Esta propiedad es ideal para las pruebas en las que no se usa neopreno.<br \/>\nTrimono perfecto para las pruebas m\u00e1s exigentes. La elasticidad y ligereza de su tejido te permitir\u00e1 una total libertad de movimientos y no sentir\u00e1s ninguna molestia durante las diferentes etapas del triatl\u00f3n.<br \/>\nEl cuello y las sisas est\u00e1n finalizadas con el ribete Evolution. Es fino y suave y no provoca ning\u00fan tipo de rozadura. Adem\u00e1s, es el\u00e1stico y se adapta perfectamente al cuerpo para evitar lo m\u00e1ximo posible la entrada de agua durante la nataci\u00f3n o de aire durante el ciclismo.<br \/>\nLa cremallera el\u00e1stica se adapta a todas las posiciones sin incomodarte. En la zona lumbar hay un bolsillo el\u00e1stico de rejilla que expulsa r\u00e1pidamente el agua y es muy \u00fatil para guardar las barritas nutritivas. Al final de las piernas tiene una banda el\u00e1stica microperforada con un grip de silicona hipoalerg\u00e9nica en su interior. \u00c9sta evita que aumente la sudoraci\u00f3n y mantiene la prenda bien sujeta a la pierna.<br \/>\nTodos los paneles que conforman el mono de triatl\u00f3n han sido dise\u00f1ados para adaptarse a todas las posiciones y optimizar tu rendimiento. Las costuras planas que los unen son super resistentes y adem\u00e1s aportan un dise\u00f1o muy atractivo a la prenda.<\/p>\n","protected":false},"excerpt":{"rendered":"<p><strong>Fabricado bajo pedido especialmente para ti. No se admiten cambios ni devoluciones. Entrega estimada en 7 d\u00edas.<\/strong><\/p>\n<p>Su acabado de Tefl\u00f3n repele el agua y te ayuda a deslizarte durante la nataci\u00f3n con m\u00e1s facilidad y a secarte r\u00e1pidamente durante la transici\u00f3n. Esta propiedad es ideal para las pruebas en las que no se usa neopreno.<br \/>\nTrimono perfecto para las pruebas m\u00e1s exigentes. La elasticidad y ligereza de su tejido te permitir\u00e1 una total libertad de movimientos y no sentir\u00e1s ninguna molestia durante las diferentes etapas del triatl\u00f3n.<br \/>\nEl cuello y las sisas est\u00e1n finalizadas con el ribete Evolution. Es fino y suave y no provoca ning\u00fan tipo de rozadura. Adem\u00e1s, es el\u00e1stico y se adapta perfectamente al cuerpo para evitar lo m\u00e1ximo posible la entrada de agua durante la nataci\u00f3n o de aire durante el ciclismo.<br \/>\nLa cremallera el\u00e1stica se adapta a todas las posiciones sin incomodarte. En la zona lumbar hay un bolsillo el\u00e1stico de rejilla que expulsa r\u00e1pidamente el agua y es muy \u00fatil para guardar las barritas nutritivas. Al final de las piernas tiene una banda el\u00e1stica microperforada con un grip de silicona hipoalerg\u00e9nica en su interior. \u00c9sta evita que aumente la sudoraci\u00f3n y mantiene la prenda bien sujeta a la pierna.<br \/>\nTodos los paneles que conforman el mono de triatl\u00f3n han sido dise\u00f1ados para adaptarse a todas las posiciones y optimizar tu rendimiento. Las costuras planas que los unen son super resistentes y adem\u00e1s aportan un dise\u00f1o muy atractivo a la prenda.<\/p>\n","protected":false},"featured_media":281702,"comment_status":"closed","ping_status":"closed","template":"","meta":{"_acf_changed":false},"product_brand":[],"product_cat":[24426],"product_tag":[],"custom_category":[],"range":[],"class_list":{"0":"post-282700","1":"product","2":"type-product","3":"status-publish","4":"has-post-thumbnail","6":"product_cat-federacion-catalana-de-triatlon","7":"pa_climatologia-calor","8":"pa_deporte-triatlon","9":"pa_genero-hombre","10":"pa_patronaje-fit","11":"pa_talla-s","12":"pa_talla-m","13":"pa_talla-l","14":"pa_talla-xl","15":"pa_talla-xxl","16":"pa_talla-xs","17":"pa_talla-3xl","18":"pa_talla-4xl","19":"pa_tipo-de-prenda-trimono","21":"first","22":"instock","23":"taxable","24":"shipping-taxable","25":"purchasable","26":"product-type-variable"},"acf":[],"yoast_head":"<!-- This site is optimized with the Yoast SEO plugin v27.5 - https:\/\/yoast.com\/product\/yoast-seo-wordpress\/ -->\n<title>Tritraje FED CATALANA TRIATL\u00d3N<\/title>\n<meta name=\"description\" content=\"Tritraje FED CATALANA TRIATL\u00d3N\" \/>\n<meta name=\"robots\" content=\"index, follow, max-snippet:-1, max-image-preview:large, max-video-preview:-1\" \/>\n<link rel=\"canonical\" href=\"https:\/\/www.inverseteams.com\/es\/producto\/tritraje-fed-catalana-triatlon\/\" \/>\n<meta property=\"og:locale\" content=\"es_ES\" \/>\n<meta property=\"og:type\" content=\"article\" \/>\n<meta property=\"og:title\" content=\"Mono triatl\u00f3n personalizado AQUA\" \/>\n<meta property=\"og:description\" content=\"Mono triatl\u00f3n personalizado AQUA. Acabado en Tefl\u00f3n repele el agua en la nataci\u00f3n y seca r\u00e1pidamente durante la transici\u00f3n \u00a1Entrega en tan solo 4 semanas!\" \/>\n<meta property=\"og:url\" content=\"https:\/\/www.inverseteams.com\/es\/producto\/tritraje-fed-catalana-triatlon\/\" \/>\n<meta property=\"og:site_name\" content=\"Inverseteams\" \/>\n<meta property=\"article:publisher\" content=\"https:\/\/www.facebook.com\/inverseteams\" \/>\n<meta property=\"article:modified_time\" content=\"2026-05-13T09:11:27+00:00\" \/>\n<meta property=\"og:image\" content=\"https:\/\/www.inverseteams.com\/wp-content\/uploads\/INVERSE-FEDERACION-CATALANA-MONO-TRIATLON-HOMBRE-001.jpg\" \/>\n\t<meta property=\"og:image:width\" content=\"1500\" \/>\n\t<meta property=\"og:image:height\" content=\"1612\" \/>\n\t<meta property=\"og:image:type\" content=\"image\/jpeg\" \/>\n<meta name=\"twitter:card\" content=\"summary_large_image\" \/>\n<meta name=\"twitter:label1\" content=\"Tiempo de lectura\" \/>\n\t<meta name=\"twitter:data1\" content=\"2 minuto\" \/>\n<script type=\"application\/ld+json\" class=\"yoast-schema-graph\">{\"@context\":\"https:\\\/\\\/schema.org\",\"@graph\":[{\"@type\":\"WebPage\",\"@id\":\"https:\\\/\\\/www.inverseteams.com\\\/es\\\/producto\\\/tritraje-fed-catalana-triatlon\\\/\",\"url\":\"https:\\\/\\\/www.inverseteams.com\\\/es\\\/producto\\\/tritraje-fed-catalana-triatlon\\\/\",\"name\":\"Tritraje FED CATALANA TRIATL\u00d3N\",\"isPartOf\":{\"@id\":\"https:\\\/\\\/www.inverseteams.com\\\/es\\\/#website\"},\"primaryImageOfPage\":{\"@id\":\"https:\\\/\\\/www.inverseteams.com\\\/es\\\/producto\\\/tritraje-fed-catalana-triatlon\\\/#primaryimage\"},\"image\":{\"@id\":\"https:\\\/\\\/www.inverseteams.com\\\/es\\\/producto\\\/tritraje-fed-catalana-triatlon\\\/#primaryimage\"},\"thumbnailUrl\":\"https:\\\/\\\/www.inverseteams.com\\\/wp-content\\\/uploads\\\/INVERSE-FEDERACION-CATALANA-MONO-TRIATLON-HOMBRE-001.jpg\",\"datePublished\":\"2026-05-08T11:33:23+00:00\",\"dateModified\":\"2026-05-13T09:11:27+00:00\",\"description\":\"Tritraje FED CATALANA TRIATL\u00d3N\",\"breadcrumb\":{\"@id\":\"https:\\\/\\\/www.inverseteams.com\\\/es\\\/producto\\\/tritraje-fed-catalana-triatlon\\\/#breadcrumb\"},\"inLanguage\":\"es\",\"potentialAction\":[{\"@type\":\"ReadAction\",\"target\":[\"https:\\\/\\\/www.inverseteams.com\\\/es\\\/producto\\\/tritraje-fed-catalana-triatlon\\\/\"]}]},{\"@type\":\"ImageObject\",\"inLanguage\":\"es\",\"@id\":\"https:\\\/\\\/www.inverseteams.com\\\/es\\\/producto\\\/tritraje-fed-catalana-triatlon\\\/#primaryimage\",\"url\":\"https:\\\/\\\/www.inverseteams.com\\\/wp-content\\\/uploads\\\/INVERSE-FEDERACION-CATALANA-MONO-TRIATLON-HOMBRE-001.jpg\",\"contentUrl\":\"https:\\\/\\\/www.inverseteams.com\\\/wp-content\\\/uploads\\\/INVERSE-FEDERACION-CATALANA-MONO-TRIATLON-HOMBRE-001.jpg\",\"width\":1500,\"height\":1612},{\"@type\":\"BreadcrumbList\",\"@id\":\"https:\\\/\\\/www.inverseteams.com\\\/es\\\/producto\\\/tritraje-fed-catalana-triatlon\\\/#breadcrumb\",\"itemListElement\":[{\"@type\":\"ListItem\",\"position\":1,\"name\":\"Portada\",\"item\":\"https:\\\/\\\/www.inverseteams.com\\\/es\\\/\"},{\"@type\":\"ListItem\",\"position\":2,\"name\":\"Tienda\",\"item\":\"https:\\\/\\\/www.inverseteams.com\\\/es\\\/tienda\\\/\"},{\"@type\":\"ListItem\",\"position\":3,\"name\":\"Tritraje FED CATALANA TRIATL\u00d3N\"}]},{\"@type\":\"WebSite\",\"@id\":\"https:\\\/\\\/www.inverseteams.com\\\/es\\\/#website\",\"url\":\"https:\\\/\\\/www.inverseteams.com\\\/es\\\/\",\"name\":\"Inverseteams\",\"description\":\"Tu marca de ropa deportiva personalizada\",\"publisher\":{\"@id\":\"https:\\\/\\\/www.inverseteams.com\\\/es\\\/#organization\"},\"potentialAction\":[{\"@type\":\"SearchAction\",\"target\":{\"@type\":\"EntryPoint\",\"urlTemplate\":\"https:\\\/\\\/www.inverseteams.com\\\/es\\\/?s={search_term_string}\"},\"query-input\":{\"@type\":\"PropertyValueSpecification\",\"valueRequired\":true,\"valueName\":\"search_term_string\"}}],\"inLanguage\":\"es\"},{\"@type\":\"Organization\",\"@id\":\"https:\\\/\\\/www.inverseteams.com\\\/es\\\/#organization\",\"name\":\"Inverse Teams\",\"url\":\"https:\\\/\\\/www.inverseteams.com\\\/es\\\/\",\"logo\":{\"@type\":\"ImageObject\",\"inLanguage\":\"es\",\"@id\":\"https:\\\/\\\/www.inverseteams.com\\\/es\\\/#\\\/schema\\\/logo\\\/image\\\/\",\"url\":\"https:\\\/\\\/www.inverseteams.com\\\/wp-content\\\/uploads\\\/2021\\\/03\\\/logo-inverse-teams.png\",\"contentUrl\":\"https:\\\/\\\/www.inverseteams.com\\\/wp-content\\\/uploads\\\/2021\\\/03\\\/logo-inverse-teams.png\",\"width\":294,\"height\":99,\"caption\":\"Inverse Teams\"},\"image\":{\"@id\":\"https:\\\/\\\/www.inverseteams.com\\\/es\\\/#\\\/schema\\\/logo\\\/image\\\/\"},\"sameAs\":[\"https:\\\/\\\/www.facebook.com\\\/inverseteams\",\"http:\\\/\\\/instagram.com\\\/inverseteams\",\"https:\\\/\\\/www.linkedin.com\\\/company\\\/inverse-cirosport-s-l-?trk=job_view_topcard_company_name\",\"http:\\\/\\\/www.pinterest.com\\\/inverseteams\\\/\",\"http:\\\/\\\/www.youtube.com\\\/user\\\/inverseteams?feature=watch\"]}]}<\/script>\n<!-- \/ Yoast SEO plugin. -->","yoast_head_json":{"title":"Tritraje FED CATALANA TRIATL\u00d3N","description":"Tritraje FED CATALANA TRIATL\u00d3N","robots":{"index":"index","follow":"follow","max-snippet":"max-snippet:-1","max-image-preview":"max-image-preview:large","max-video-preview":"max-video-preview:-1"},"canonical":"https:\/\/www.inverseteams.com\/es\/producto\/tritraje-fed-catalana-triatlon\/","og_locale":"es_ES","og_type":"article","og_title":"Mono triatl\u00f3n personalizado AQUA","og_description":"Mono triatl\u00f3n personalizado AQUA. Acabado en Tefl\u00f3n repele el agua en la nataci\u00f3n y seca r\u00e1pidamente durante la transici\u00f3n \u00a1Entrega en tan solo 4 semanas!","og_url":"https:\/\/www.inverseteams.com\/es\/producto\/tritraje-fed-catalana-triatlon\/","og_site_name":"Inverseteams","article_publisher":"https:\/\/www.facebook.com\/inverseteams","article_modified_time":"2026-05-13T09:11:27+00:00","og_image":[{"width":1500,"height":1612,"url":"https:\/\/www.inverseteams.com\/wp-content\/uploads\/INVERSE-FEDERACION-CATALANA-MONO-TRIATLON-HOMBRE-001.jpg","type":"image\/jpeg"}],"twitter_card":"summary_large_image","twitter_misc":{"Tiempo de lectura":"2 minuto"},"schema":{"@context":"https:\/\/schema.org","@graph":[{"@type":"WebPage","@id":"https:\/\/www.inverseteams.com\/es\/producto\/tritraje-fed-catalana-triatlon\/","url":"https:\/\/www.inverseteams.com\/es\/producto\/tritraje-fed-catalana-triatlon\/","name":"Tritraje FED CATALANA TRIATL\u00d3N","isPartOf":{"@id":"https:\/\/www.inverseteams.com\/es\/#website"},"primaryImageOfPage":{"@id":"https:\/\/www.inverseteams.com\/es\/producto\/tritraje-fed-catalana-triatlon\/#primaryimage"},"image":{"@id":"https:\/\/www.inverseteams.com\/es\/producto\/tritraje-fed-catalana-triatlon\/#primaryimage"},"thumbnailUrl":"https:\/\/www.inverseteams.com\/wp-content\/uploads\/INVERSE-FEDERACION-CATALANA-MONO-TRIATLON-HOMBRE-001.jpg","datePublished":"2026-05-08T11:33:23+00:00","dateModified":"2026-05-13T09:11:27+00:00","description":"Tritraje FED CATALANA TRIATL\u00d3N","breadcrumb":{"@id":"https:\/\/www.inverseteams.com\/es\/producto\/tritraje-fed-catalana-triatlon\/#breadcrumb"},"inLanguage":"es","potentialAction":[{"@type":"ReadAction","target":["https:\/\/www.inverseteams.com\/es\/producto\/tritraje-fed-catalana-triatlon\/"]}]},{"@type":"ImageObject","inLanguage":"es","@id":"https:\/\/www.inverseteams.com\/es\/producto\/tritraje-fed-catalana-triatlon\/#primaryimage","url":"https:\/\/www.inverseteams.com\/wp-content\/uploads\/INVERSE-FEDERACION-CATALANA-MONO-TRIATLON-HOMBRE-001.jpg","contentUrl":"https:\/\/www.inverseteams.com\/wp-content\/uploads\/INVERSE-FEDERACION-CATALANA-MONO-TRIATLON-HOMBRE-001.jpg","width":1500,"height":1612},{"@type":"BreadcrumbList","@id":"https:\/\/www.inverseteams.com\/es\/producto\/tritraje-fed-catalana-triatlon\/#breadcrumb","itemListElement":[{"@type":"ListItem","position":1,"name":"Portada","item":"https:\/\/www.inverseteams.com\/es\/"},{"@type":"ListItem","position":2,"name":"Tienda","item":"https:\/\/www.inverseteams.com\/es\/tienda\/"},{"@type":"ListItem","position":3,"name":"Tritraje FED CATALANA TRIATL\u00d3N"}]},{"@type":"WebSite","@id":"https:\/\/www.inverseteams.com\/es\/#website","url":"https:\/\/www.inverseteams.com\/es\/","name":"Inverseteams","description":"Tu marca de ropa deportiva personalizada","publisher":{"@id":"https:\/\/www.inverseteams.com\/es\/#organization"},"potentialAction":[{"@type":"SearchAction","target":{"@type":"EntryPoint","urlTemplate":"https:\/\/www.inverseteams.com\/es\/?s={search_term_string}"},"query-input":{"@type":"PropertyValueSpecification","valueRequired":true,"valueName":"search_term_string"}}],"inLanguage":"es"},{"@type":"Organization","@id":"https:\/\/www.inverseteams.com\/es\/#organization","name":"Inverse Teams","url":"https:\/\/www.inverseteams.com\/es\/","logo":{"@type":"ImageObject","inLanguage":"es","@id":"https:\/\/www.inverseteams.com\/es\/#\/schema\/logo\/image\/","url":"https:\/\/www.inverseteams.com\/wp-content\/uploads\/2021\/03\/logo-inverse-teams.png","contentUrl":"https:\/\/www.inverseteams.com\/wp-content\/uploads\/2021\/03\/logo-inverse-teams.png","width":294,"height":99,"caption":"Inverse Teams"},"image":{"@id":"https:\/\/www.inverseteams.com\/es\/#\/schema\/logo\/image\/"},"sameAs":["https:\/\/www.facebook.com\/inverseteams","http:\/\/instagram.com\/inverseteams","https:\/\/www.linkedin.com\/company\/inverse-cirosport-s-l-?trk=job_view_topcard_company_name","http:\/\/www.pinterest.com\/inverseteams\/","http:\/\/www.youtube.com\/user\/inverseteams?feature=watch"]}]}},"_links":{"self":[{"href":"https:\/\/www.inverseteams.com\/es\/wp-json\/wp\/v2\/product\/282700","targetHints":{"allow":["GET"]}}],"collection":[{"href":"https:\/\/www.inverseteams.com\/es\/wp-json\/wp\/v2\/product"}],"about":[{"href":"https:\/\/www.inverseteams.com\/es\/wp-json\/wp\/v2\/types\/product"}],"replies":[{"embeddable":true,"href":"https:\/\/www.inverseteams.com\/es\/wp-json\/wp\/v2\/comments?post=282700"}],"wp:featuredmedia":[{"embeddable":true,"href":"https:\/\/www.inverseteams.com\/es\/wp-json\/wp\/v2\/media\/281702"}],"wp:attachment":[{"href":"https:\/\/www.inverseteams.com\/es\/wp-json\/wp\/v2\/media?parent=282700"}],"wp:term":[{"taxonomy":"product_brand","embeddable":true,"href":"https:\/\/www.inverseteams.com\/es\/wp-json\/wp\/v2\/product_brand?post=282700"},{"taxonomy":"product_cat","embeddable":true,"href":"https:\/\/www.inverseteams.com\/es\/wp-json\/wp\/v2\/product_cat?post=282700"},{"taxonomy":"product_tag","embeddable":true,"href":"https:\/\/www.inverseteams.com\/es\/wp-json\/wp\/v2\/product_tag?post=282700"},{"taxonomy":"custom_category","embeddable":true,"href":"https:\/\/www.inverseteams.com\/es\/wp-json\/wp\/v2\/custom_category?post=282700"},{"taxonomy":"range","embeddable":true,"href":"https:\/\/www.inverseteams.com\/es\/wp-json\/wp\/v2\/range?post=282700"}],"curies":[{"name":"wp","href":"https:\/\/api.w.org\/{rel}","templated":true}]}}