{"id":278596,"date":"2026-03-03T18:07:18","date_gmt":"2026-03-03T17:07:18","guid":{"rendered":"https:\/\/www.inverseteams.com\/?post_type=product&#038;p=278596"},"modified":"2026-03-24T13:39:13","modified_gmt":"2026-03-24T12:39:13","slug":"maillot-outter-logan","status":"publish","type":"product","link":"https:\/\/www.inverseteams.com\/es\/producto\/maillot-outter-logan\/","title":{"rendered":"Maillot OUTTER LOGAN"},"content":{"rendered":"<p>El nuevo maillot-camiseta de ciclismo OUTTER est\u00e1 dise\u00f1ado para quienes entienden la bicicleta como una forma de <strong>descubrir, desconectar y vivir el camino con libertad<\/strong>. Perfecto para salidas tranquilas, excursiones, rutas de bikepacking o simplemente para rodar sin presi\u00f3n, combina funcionalidad t\u00e9cnica con un estilo moderno y desenfadado.<br \/>\n<strong>Su corte moderno relaxed fit ofrece una sensaci\u00f3n c\u00f3moda y natural sobre la bici<\/strong>, permitiendo total libertad de movimientos. El patronaje incorpora dos cortes laterales que mejoran la movilidad y aportan fluidez a cada pedalada, adapt\u00e1ndose a diferentes posturas y ritmos.<br \/>\nEst\u00e1 confeccionado con dos <strong>tejidos t\u00e9cnicos antiabrasi\u00f3n y antipeeling<\/strong>, pensados para resistir el uso prolongado y el contacto con mochilas o bolsas de bikepacking, manteniendo su aspecto y rendimiento salida tras salida. Adem\u00e1s, el tejido m\u00e1s abierto en la zona de las axilas incrementa la transpirabilidad, favoreciendo la ventilaci\u00f3n y convirti\u00e9ndolo en una prenda especialmente fresca para los d\u00edas c\u00e1lidos.<br \/>\nEn la parte lumbar incorpora <strong>dos bolsillos traseros de gran capacidad<\/strong>, ideales para llevar lo esencial en rutas largas. Uno de ellos cuenta con cremallera para ofrecer mayor seguridad a objetos personales. En la parte frontal, una peque\u00f1a cremallera imantada con sistema antipull facilita la regulaci\u00f3n de la ventilaci\u00f3n y ayuda a expulsar el sudor cuando la intensidad aumenta, evitando aperturas involuntarias.<br \/>\n<strong>Frescura, comodidad y versatilidad<\/strong> en una prenda pensada para disfrutar del ciclismo sin l\u00edmites ni prisas. Un maillot-camiseta que te acompa\u00f1a donde la carretera termina y comienza la aventura.<\/p>\n","protected":false},"excerpt":{"rendered":"<p>El nuevo maillot-camiseta de ciclismo OUTTER est\u00e1 dise\u00f1ado para quienes entienden la bicicleta como una forma de <strong>descubrir, desconectar y vivir el camino con libertad<\/strong>. Perfecto para salidas tranquilas, excursiones, rutas de bikepacking o simplemente para rodar sin presi\u00f3n, combina funcionalidad t\u00e9cnica con un estilo moderno y desenfadado.<br \/>\n<strong>Su corte moderno relaxed fit ofrece una sensaci\u00f3n c\u00f3moda y natural sobre la bici<\/strong>, permitiendo total libertad de movimientos. El patronaje incorpora dos cortes laterales que mejoran la movilidad y aportan fluidez a cada pedalada, adapt\u00e1ndose a diferentes posturas y ritmos.<br \/>\nEst\u00e1 confeccionado con dos <strong>tejidos t\u00e9cnicos antiabrasi\u00f3n y antipeeling<\/strong>, pensados para resistir el uso prolongado y el contacto con mochilas o bolsas de bikepacking, manteniendo su aspecto y rendimiento salida tras salida. Adem\u00e1s, el tejido m\u00e1s abierto en la zona de las axilas incrementa la transpirabilidad, favoreciendo la ventilaci\u00f3n y convirti\u00e9ndolo en una prenda especialmente fresca para los d\u00edas c\u00e1lidos.<br \/>\nEn la parte lumbar incorpora <strong>dos bolsillos traseros de gran capacidad<\/strong>, ideales para llevar lo esencial en rutas largas. Uno de ellos cuenta con cremallera para ofrecer mayor seguridad a objetos personales. En la parte frontal, una peque\u00f1a cremallera imantada con sistema antipull facilita la regulaci\u00f3n de la ventilaci\u00f3n y ayuda a expulsar el sudor cuando la intensidad aumenta, evitando aperturas involuntarias.<br \/>\n<strong>Frescura, comodidad y versatilidad<\/strong> en una prenda pensada para disfrutar del ciclismo sin l\u00edmites ni prisas. Un maillot-camiseta que te acompa\u00f1a donde la carretera termina y comienza la aventura.<\/p>\n","protected":false},"featured_media":278626,"comment_status":"closed","ping_status":"closed","template":"","meta":{"_acf_changed":false},"product_brand":[],"product_cat":[132,1091,7174],"product_tag":[],"custom_category":[],"range":[],"class_list":{"0":"post-278596","1":"product","2":"type-product","3":"status-publish","4":"has-post-thumbnail","6":"product_cat-ciclismo","7":"product_cat-maillot-ciclismo","8":"product_cat-b2b","9":"pa_climatologia-calor","10":"pa_deporte-ciclismo","11":"pa_genero-hombre","12":"pa_patronaje-casual","13":"pa_talla-s","14":"pa_talla-m","15":"pa_talla-l","16":"pa_talla-xl","17":"pa_talla-xxl","18":"pa_tipo-de-prenda-maillot-manga-corta","20":"first","21":"instock","22":"taxable","23":"shipping-taxable","24":"purchasable","25":"product-type-variable","26":"has-default-attributes"},"acf":[],"yoast_head":"<!-- This site is optimized with the Yoast SEO plugin v27.3 - https:\/\/yoast.com\/product\/yoast-seo-wordpress\/ -->\n<title>Maillot OUTTER LOGAN | Inverseteams<\/title>\n<meta name=\"description\" content=\"El nuevo maillot-camiseta de ciclismo OUTTER est\u00e1 dise\u00f1ado para quienes entienden la bicicleta como una forma de descubrir, desconectar y vivir el camino con libertad.\" \/>\n<meta name=\"robots\" content=\"index, follow, max-snippet:-1, max-image-preview:large, max-video-preview:-1\" \/>\n<link rel=\"canonical\" href=\"https:\/\/www.inverseteams.com\/es\/producto\/maillot-outter-logan\/\" \/>\n<meta property=\"og:locale\" content=\"es_ES\" \/>\n<meta property=\"og:type\" content=\"article\" \/>\n<meta property=\"og:title\" content=\"Maillot OUTTER LOGAN | Inverseteams\" \/>\n<meta property=\"og:description\" content=\"El nuevo maillot-camiseta de ciclismo OUTTER est\u00e1 dise\u00f1ado para quienes entienden la bicicleta como una forma de descubrir, desconectar y vivir el camino con libertad.\" \/>\n<meta property=\"og:url\" content=\"https:\/\/www.inverseteams.com\/es\/producto\/maillot-outter-logan\/\" \/>\n<meta property=\"og:site_name\" content=\"Inverseteams\" \/>\n<meta property=\"article:publisher\" content=\"https:\/\/www.facebook.com\/inverseteams\" \/>\n<meta property=\"article:modified_time\" content=\"2026-03-24T12:39:13+00:00\" \/>\n<meta property=\"og:image\" content=\"https:\/\/www.inverseteams.com\/wp-content\/uploads\/INVERSE-CICLISMO-HOMBRE-MAILLOT-OUTTER-LOGAN-TAUPE-001.jpg\" \/>\n\t<meta property=\"og:image:width\" content=\"1500\" \/>\n\t<meta property=\"og:image:height\" content=\"1612\" \/>\n\t<meta property=\"og:image:type\" content=\"image\/jpeg\" \/>\n<meta name=\"twitter:card\" content=\"summary_large_image\" \/>\n<meta name=\"twitter:label1\" content=\"Tiempo de lectura\" \/>\n\t<meta name=\"twitter:data1\" content=\"2 minuto\" \/>\n<script type=\"application\/ld+json\" class=\"yoast-schema-graph\">{\"@context\":\"https:\\\/\\\/schema.org\",\"@graph\":[{\"@type\":\"WebPage\",\"@id\":\"https:\\\/\\\/www.inverseteams.com\\\/es\\\/producto\\\/maillot-outter-logan\\\/\",\"url\":\"https:\\\/\\\/www.inverseteams.com\\\/es\\\/producto\\\/maillot-outter-logan\\\/\",\"name\":\"Maillot OUTTER LOGAN | Inverseteams\",\"isPartOf\":{\"@id\":\"https:\\\/\\\/www.inverseteams.com\\\/es\\\/#website\"},\"primaryImageOfPage\":{\"@id\":\"https:\\\/\\\/www.inverseteams.com\\\/es\\\/producto\\\/maillot-outter-logan\\\/#primaryimage\"},\"image\":{\"@id\":\"https:\\\/\\\/www.inverseteams.com\\\/es\\\/producto\\\/maillot-outter-logan\\\/#primaryimage\"},\"thumbnailUrl\":\"https:\\\/\\\/www.inverseteams.com\\\/wp-content\\\/uploads\\\/INVERSE-CICLISMO-HOMBRE-MAILLOT-OUTTER-LOGAN-TAUPE-001.jpg\",\"datePublished\":\"2026-03-03T17:07:18+00:00\",\"dateModified\":\"2026-03-24T12:39:13+00:00\",\"description\":\"El nuevo maillot-camiseta de ciclismo OUTTER est\u00e1 dise\u00f1ado para quienes entienden la bicicleta como una forma de descubrir, desconectar y vivir el camino con libertad.\",\"breadcrumb\":{\"@id\":\"https:\\\/\\\/www.inverseteams.com\\\/es\\\/producto\\\/maillot-outter-logan\\\/#breadcrumb\"},\"inLanguage\":\"es\",\"potentialAction\":[{\"@type\":\"ReadAction\",\"target\":[\"https:\\\/\\\/www.inverseteams.com\\\/es\\\/producto\\\/maillot-outter-logan\\\/\"]}]},{\"@type\":\"ImageObject\",\"inLanguage\":\"es\",\"@id\":\"https:\\\/\\\/www.inverseteams.com\\\/es\\\/producto\\\/maillot-outter-logan\\\/#primaryimage\",\"url\":\"https:\\\/\\\/www.inverseteams.com\\\/wp-content\\\/uploads\\\/INVERSE-CICLISMO-HOMBRE-MAILLOT-OUTTER-LOGAN-TAUPE-001.jpg\",\"contentUrl\":\"https:\\\/\\\/www.inverseteams.com\\\/wp-content\\\/uploads\\\/INVERSE-CICLISMO-HOMBRE-MAILLOT-OUTTER-LOGAN-TAUPE-001.jpg\",\"width\":1500,\"height\":1612,\"caption\":\"maillot holgado ciclismo\"},{\"@type\":\"BreadcrumbList\",\"@id\":\"https:\\\/\\\/www.inverseteams.com\\\/es\\\/producto\\\/maillot-outter-logan\\\/#breadcrumb\",\"itemListElement\":[{\"@type\":\"ListItem\",\"position\":1,\"name\":\"Portada\",\"item\":\"https:\\\/\\\/www.inverseteams.com\\\/es\\\/\"},{\"@type\":\"ListItem\",\"position\":2,\"name\":\"Tienda\",\"item\":\"https:\\\/\\\/www.inverseteams.com\\\/es\\\/tienda\\\/\"},{\"@type\":\"ListItem\",\"position\":3,\"name\":\"Maillot OUTTER LOGAN\"}]},{\"@type\":\"WebSite\",\"@id\":\"https:\\\/\\\/www.inverseteams.com\\\/es\\\/#website\",\"url\":\"https:\\\/\\\/www.inverseteams.com\\\/es\\\/\",\"name\":\"Inverseteams\",\"description\":\"Tu marca de ropa deportiva personalizada\",\"publisher\":{\"@id\":\"https:\\\/\\\/www.inverseteams.com\\\/es\\\/#organization\"},\"potentialAction\":[{\"@type\":\"SearchAction\",\"target\":{\"@type\":\"EntryPoint\",\"urlTemplate\":\"https:\\\/\\\/www.inverseteams.com\\\/es\\\/?s={search_term_string}\"},\"query-input\":{\"@type\":\"PropertyValueSpecification\",\"valueRequired\":true,\"valueName\":\"search_term_string\"}}],\"inLanguage\":\"es\"},{\"@type\":\"Organization\",\"@id\":\"https:\\\/\\\/www.inverseteams.com\\\/es\\\/#organization\",\"name\":\"Inverse Teams\",\"url\":\"https:\\\/\\\/www.inverseteams.com\\\/es\\\/\",\"logo\":{\"@type\":\"ImageObject\",\"inLanguage\":\"es\",\"@id\":\"https:\\\/\\\/www.inverseteams.com\\\/es\\\/#\\\/schema\\\/logo\\\/image\\\/\",\"url\":\"http:\\\/\\\/www.inverseteams.com\\\/wp-content\\\/uploads\\\/2021\\\/03\\\/logo-inverse-teams.png\",\"contentUrl\":\"http:\\\/\\\/www.inverseteams.com\\\/wp-content\\\/uploads\\\/2021\\\/03\\\/logo-inverse-teams.png\",\"width\":294,\"height\":99,\"caption\":\"Inverse Teams\"},\"image\":{\"@id\":\"https:\\\/\\\/www.inverseteams.com\\\/es\\\/#\\\/schema\\\/logo\\\/image\\\/\"},\"sameAs\":[\"https:\\\/\\\/www.facebook.com\\\/inverseteams\",\"http:\\\/\\\/instagram.com\\\/inverseteams\",\"https:\\\/\\\/www.linkedin.com\\\/company\\\/inverse-cirosport-s-l-?trk=job_view_topcard_company_name\",\"http:\\\/\\\/www.pinterest.com\\\/inverseteams\\\/\",\"http:\\\/\\\/www.youtube.com\\\/user\\\/inverseteams?feature=watch\"]}]}<\/script>\n<!-- \/ Yoast SEO plugin. -->","yoast_head_json":{"title":"Maillot OUTTER LOGAN | Inverseteams","description":"El nuevo maillot-camiseta de ciclismo OUTTER est\u00e1 dise\u00f1ado para quienes entienden la bicicleta como una forma de descubrir, desconectar y vivir el camino con libertad.","robots":{"index":"index","follow":"follow","max-snippet":"max-snippet:-1","max-image-preview":"max-image-preview:large","max-video-preview":"max-video-preview:-1"},"canonical":"https:\/\/www.inverseteams.com\/es\/producto\/maillot-outter-logan\/","og_locale":"es_ES","og_type":"article","og_title":"Maillot OUTTER LOGAN | Inverseteams","og_description":"El nuevo maillot-camiseta de ciclismo OUTTER est\u00e1 dise\u00f1ado para quienes entienden la bicicleta como una forma de descubrir, desconectar y vivir el camino con libertad.","og_url":"https:\/\/www.inverseteams.com\/es\/producto\/maillot-outter-logan\/","og_site_name":"Inverseteams","article_publisher":"https:\/\/www.facebook.com\/inverseteams","article_modified_time":"2026-03-24T12:39:13+00:00","og_image":[{"width":1500,"height":1612,"url":"https:\/\/www.inverseteams.com\/wp-content\/uploads\/INVERSE-CICLISMO-HOMBRE-MAILLOT-OUTTER-LOGAN-TAUPE-001.jpg","type":"image\/jpeg"}],"twitter_card":"summary_large_image","twitter_misc":{"Tiempo de lectura":"2 minuto"},"schema":{"@context":"https:\/\/schema.org","@graph":[{"@type":"WebPage","@id":"https:\/\/www.inverseteams.com\/es\/producto\/maillot-outter-logan\/","url":"https:\/\/www.inverseteams.com\/es\/producto\/maillot-outter-logan\/","name":"Maillot OUTTER LOGAN | Inverseteams","isPartOf":{"@id":"https:\/\/www.inverseteams.com\/es\/#website"},"primaryImageOfPage":{"@id":"https:\/\/www.inverseteams.com\/es\/producto\/maillot-outter-logan\/#primaryimage"},"image":{"@id":"https:\/\/www.inverseteams.com\/es\/producto\/maillot-outter-logan\/#primaryimage"},"thumbnailUrl":"https:\/\/www.inverseteams.com\/wp-content\/uploads\/INVERSE-CICLISMO-HOMBRE-MAILLOT-OUTTER-LOGAN-TAUPE-001.jpg","datePublished":"2026-03-03T17:07:18+00:00","dateModified":"2026-03-24T12:39:13+00:00","description":"El nuevo maillot-camiseta de ciclismo OUTTER est\u00e1 dise\u00f1ado para quienes entienden la bicicleta como una forma de descubrir, desconectar y vivir el camino con libertad.","breadcrumb":{"@id":"https:\/\/www.inverseteams.com\/es\/producto\/maillot-outter-logan\/#breadcrumb"},"inLanguage":"es","potentialAction":[{"@type":"ReadAction","target":["https:\/\/www.inverseteams.com\/es\/producto\/maillot-outter-logan\/"]}]},{"@type":"ImageObject","inLanguage":"es","@id":"https:\/\/www.inverseteams.com\/es\/producto\/maillot-outter-logan\/#primaryimage","url":"https:\/\/www.inverseteams.com\/wp-content\/uploads\/INVERSE-CICLISMO-HOMBRE-MAILLOT-OUTTER-LOGAN-TAUPE-001.jpg","contentUrl":"https:\/\/www.inverseteams.com\/wp-content\/uploads\/INVERSE-CICLISMO-HOMBRE-MAILLOT-OUTTER-LOGAN-TAUPE-001.jpg","width":1500,"height":1612,"caption":"maillot holgado ciclismo"},{"@type":"BreadcrumbList","@id":"https:\/\/www.inverseteams.com\/es\/producto\/maillot-outter-logan\/#breadcrumb","itemListElement":[{"@type":"ListItem","position":1,"name":"Portada","item":"https:\/\/www.inverseteams.com\/es\/"},{"@type":"ListItem","position":2,"name":"Tienda","item":"https:\/\/www.inverseteams.com\/es\/tienda\/"},{"@type":"ListItem","position":3,"name":"Maillot OUTTER LOGAN"}]},{"@type":"WebSite","@id":"https:\/\/www.inverseteams.com\/es\/#website","url":"https:\/\/www.inverseteams.com\/es\/","name":"Inverseteams","description":"Tu marca de ropa deportiva personalizada","publisher":{"@id":"https:\/\/www.inverseteams.com\/es\/#organization"},"potentialAction":[{"@type":"SearchAction","target":{"@type":"EntryPoint","urlTemplate":"https:\/\/www.inverseteams.com\/es\/?s={search_term_string}"},"query-input":{"@type":"PropertyValueSpecification","valueRequired":true,"valueName":"search_term_string"}}],"inLanguage":"es"},{"@type":"Organization","@id":"https:\/\/www.inverseteams.com\/es\/#organization","name":"Inverse Teams","url":"https:\/\/www.inverseteams.com\/es\/","logo":{"@type":"ImageObject","inLanguage":"es","@id":"https:\/\/www.inverseteams.com\/es\/#\/schema\/logo\/image\/","url":"https:\/\/www.inverseteams.com\/wp-content\/uploads\/2021\/03\/logo-inverse-teams.png","contentUrl":"https:\/\/www.inverseteams.com\/wp-content\/uploads\/2021\/03\/logo-inverse-teams.png","width":294,"height":99,"caption":"Inverse Teams"},"image":{"@id":"https:\/\/www.inverseteams.com\/es\/#\/schema\/logo\/image\/"},"sameAs":["https:\/\/www.facebook.com\/inverseteams","http:\/\/instagram.com\/inverseteams","https:\/\/www.linkedin.com\/company\/inverse-cirosport-s-l-?trk=job_view_topcard_company_name","http:\/\/www.pinterest.com\/inverseteams\/","http:\/\/www.youtube.com\/user\/inverseteams?feature=watch"]}]}},"_links":{"self":[{"href":"https:\/\/www.inverseteams.com\/es\/wp-json\/wp\/v2\/product\/278596","targetHints":{"allow":["GET"]}}],"collection":[{"href":"https:\/\/www.inverseteams.com\/es\/wp-json\/wp\/v2\/product"}],"about":[{"href":"https:\/\/www.inverseteams.com\/es\/wp-json\/wp\/v2\/types\/product"}],"replies":[{"embeddable":true,"href":"https:\/\/www.inverseteams.com\/es\/wp-json\/wp\/v2\/comments?post=278596"}],"wp:featuredmedia":[{"embeddable":true,"href":"https:\/\/www.inverseteams.com\/es\/wp-json\/wp\/v2\/media\/278626"}],"wp:attachment":[{"href":"https:\/\/www.inverseteams.com\/es\/wp-json\/wp\/v2\/media?parent=278596"}],"wp:term":[{"taxonomy":"product_brand","embeddable":true,"href":"https:\/\/www.inverseteams.com\/es\/wp-json\/wp\/v2\/product_brand?post=278596"},{"taxonomy":"product_cat","embeddable":true,"href":"https:\/\/www.inverseteams.com\/es\/wp-json\/wp\/v2\/product_cat?post=278596"},{"taxonomy":"product_tag","embeddable":true,"href":"https:\/\/www.inverseteams.com\/es\/wp-json\/wp\/v2\/product_tag?post=278596"},{"taxonomy":"custom_category","embeddable":true,"href":"https:\/\/www.inverseteams.com\/es\/wp-json\/wp\/v2\/custom_category?post=278596"},{"taxonomy":"range","embeddable":true,"href":"https:\/\/www.inverseteams.com\/es\/wp-json\/wp\/v2\/range?post=278596"}],"curies":[{"name":"wp","href":"https:\/\/api.w.org\/{rel}","templated":true}]}}