{"id":278181,"date":"2026-03-03T10:25:15","date_gmt":"2026-03-03T09:25:15","guid":{"rendered":"https:\/\/www.inverseteams.com\/?post_type=product&#038;p=278181"},"modified":"2026-03-24T13:38:41","modified_gmt":"2026-03-24T12:38:41","slug":"maillot-ciclismo-manga-corta-essenz-mali-persia","status":"publish","type":"product","link":"https:\/\/www.inverseteams.com\/es\/producto\/maillot-ciclismo-manga-corta-essenz-mali-persia\/","title":{"rendered":"Maillot ciclismo manga corta ESSENZ MALI PERSIA"},"content":{"rendered":"<p>El maillot <strong>ESSENZ<\/strong> nace para acompa\u00f1arte en tus salidas m\u00e1s c\u00e1lidas, cuando el asfalto desprende calor y cada kil\u00f3metro exige <strong>frescura, ligereza y libertad total de movimiento<\/strong>. Su dise\u00f1o slim fit (muy ajustado) se adapta al cuerpo como una segunda piel, realzando la silueta y optimizando la aerodin\u00e1mica sin renunciar a la comodidad.<br \/>\nConfeccionado con un \u00fanico tejido ultra suave y agradable al contacto con la piel, ofrece una sensaci\u00f3n ligera y envolvente desde el primer momento. Su alta capacidad de expulsi\u00f3n del sudor mantiene la piel seca durante m\u00e1s tiempo, ayud\u00e1ndote a mantener el confort incluso en las jornadas m\u00e1s intensas del verano. La cintura incorpora <strong>banda el\u00e1stica con grip interior<\/strong> para garantizar un ajuste firme y estable, mientras que la parte trasera del cuello, con dise\u00f1o anat\u00f3mico y forma cruzada, se adapta a tu posici\u00f3n sobre la bici y evita rozaduras en rutas largas.<br \/>\nEn la zona lumbar encontrar\u00e1s <strong>tres bolsillos traseros con sistema ISP<\/strong> (Inverse Safe Pocket), pensados para ofrecer mayor seguridad y practicidad en marcha. Adem\u00e1s, integra elementos reflectantes estrat\u00e9gicamente situados que mejoran la visibilidad en carretera y aumentan tu seguridad en condiciones de poca luz. La <strong>cremallera imantada con sistema antipull<\/strong> facilita el ajuste incluso en movimiento y evita aperturas involuntarias, aportando un plus de funcionalidad y calidad.<\/p>\n","protected":false},"excerpt":{"rendered":"<p>El maillot <strong>ESSENZ<\/strong> nace para acompa\u00f1arte en tus salidas m\u00e1s c\u00e1lidas, cuando el asfalto desprende calor y cada kil\u00f3metro exige <strong>frescura, ligereza y libertad total de movimiento<\/strong>. Su dise\u00f1o slim fit (muy ajustado) se adapta al cuerpo como una segunda piel, realzando la silueta y optimizando la aerodin\u00e1mica sin renunciar a la comodidad.<br \/>\nConfeccionado con un \u00fanico tejido ultra suave y agradable al contacto con la piel, ofrece una sensaci\u00f3n ligera y envolvente desde el primer momento. Su alta capacidad de expulsi\u00f3n del sudor mantiene la piel seca durante m\u00e1s tiempo, ayud\u00e1ndote a mantener el confort incluso en las jornadas m\u00e1s intensas del verano. La cintura incorpora <strong>banda el\u00e1stica con grip interior<\/strong> para garantizar un ajuste firme y estable, mientras que la parte trasera del cuello, con dise\u00f1o anat\u00f3mico y forma cruzada, se adapta a tu posici\u00f3n sobre la bici y evita rozaduras en rutas largas.<br \/>\nEn la zona lumbar encontrar\u00e1s <strong>tres bolsillos traseros con sistema ISP<\/strong> (Inverse Safe Pocket), pensados para ofrecer mayor seguridad y practicidad en marcha. Adem\u00e1s, integra elementos reflectantes estrat\u00e9gicamente situados que mejoran la visibilidad en carretera y aumentan tu seguridad en condiciones de poca luz. La <strong>cremallera imantada con sistema antipull<\/strong> facilita el ajuste incluso en movimiento y evita aperturas involuntarias, aportando un plus de funcionalidad y calidad.<\/p>\n","protected":false},"featured_media":278081,"comment_status":"closed","ping_status":"closed","template":"","meta":{"_acf_changed":false},"product_brand":[],"product_cat":[132,1091,7174],"product_tag":[],"custom_category":[],"range":[],"class_list":{"0":"post-278181","1":"product","2":"type-product","3":"status-publish","4":"has-post-thumbnail","6":"product_cat-ciclismo","7":"product_cat-maillot-ciclismo","8":"product_cat-b2b","9":"pa_climatologia-calor","10":"pa_deporte-gravel","11":"pa_deporte-ciclismo","12":"pa_genero-hombre","13":"pa_patronaje-fit","14":"pa_talla-s","15":"pa_talla-m","16":"pa_talla-l","17":"pa_talla-xl","18":"pa_talla-xxl","19":"pa_tipo-de-prenda-maillot-manga-corta","21":"first","22":"instock","23":"taxable","24":"shipping-taxable","25":"purchasable","26":"product-type-variable","27":"has-default-attributes"},"acf":[],"yoast_head":"<!-- This site is optimized with the Yoast SEO plugin v27.3 - https:\/\/yoast.com\/product\/yoast-seo-wordpress\/ -->\n<title>Maillot ciclismo manga corta ESSENZ MALI PERSIA | Inverseteams<\/title>\n<meta name=\"description\" content=\"Confeccionado con un \u00fanico tejido ultra suave y agradable al contacto con la piel, ofrece una sensaci\u00f3n ligera y envolvente desde el primer momento.\" \/>\n<meta name=\"robots\" content=\"index, follow, max-snippet:-1, max-image-preview:large, max-video-preview:-1\" \/>\n<link rel=\"canonical\" href=\"https:\/\/www.inverseteams.com\/es\/producto\/maillot-ciclismo-manga-corta-essenz-mali-persia\/\" \/>\n<meta property=\"og:locale\" content=\"es_ES\" \/>\n<meta property=\"og:type\" content=\"article\" \/>\n<meta property=\"og:title\" content=\"Maillot ciclismo manga corta ESSENZ MALI PERSIA | Inverseteams\" \/>\n<meta property=\"og:description\" content=\"Confeccionado con un \u00fanico tejido ultra suave y agradable al contacto con la piel, ofrece una sensaci\u00f3n ligera y envolvente desde el primer momento.\" \/>\n<meta property=\"og:url\" content=\"https:\/\/www.inverseteams.com\/es\/producto\/maillot-ciclismo-manga-corta-essenz-mali-persia\/\" \/>\n<meta property=\"og:site_name\" content=\"Inverseteams\" \/>\n<meta property=\"article:publisher\" content=\"https:\/\/www.facebook.com\/inverseteams\" \/>\n<meta property=\"article:modified_time\" content=\"2026-03-24T12:38:41+00:00\" \/>\n<meta property=\"og:image\" content=\"https:\/\/www.inverseteams.com\/wp-content\/uploads\/INVERSE-CICLISMO-HOMBRE-MAILLOT-ESSENZ-MALI-PERSIA-001.jpg\" \/>\n\t<meta property=\"og:image:width\" content=\"1500\" \/>\n\t<meta property=\"og:image:height\" content=\"1612\" \/>\n\t<meta property=\"og:image:type\" content=\"image\/jpeg\" \/>\n<meta name=\"twitter:card\" content=\"summary_large_image\" \/>\n<meta name=\"twitter:label1\" content=\"Tiempo de lectura\" \/>\n\t<meta name=\"twitter:data1\" content=\"2 minuto\" \/>\n<script type=\"application\/ld+json\" class=\"yoast-schema-graph\">{\"@context\":\"https:\\\/\\\/schema.org\",\"@graph\":[{\"@type\":\"WebPage\",\"@id\":\"https:\\\/\\\/www.inverseteams.com\\\/es\\\/producto\\\/maillot-ciclismo-manga-corta-essenz-mali-persia\\\/\",\"url\":\"https:\\\/\\\/www.inverseteams.com\\\/es\\\/producto\\\/maillot-ciclismo-manga-corta-essenz-mali-persia\\\/\",\"name\":\"Maillot ciclismo manga corta ESSENZ MALI PERSIA | Inverseteams\",\"isPartOf\":{\"@id\":\"https:\\\/\\\/www.inverseteams.com\\\/es\\\/#website\"},\"primaryImageOfPage\":{\"@id\":\"https:\\\/\\\/www.inverseteams.com\\\/es\\\/producto\\\/maillot-ciclismo-manga-corta-essenz-mali-persia\\\/#primaryimage\"},\"image\":{\"@id\":\"https:\\\/\\\/www.inverseteams.com\\\/es\\\/producto\\\/maillot-ciclismo-manga-corta-essenz-mali-persia\\\/#primaryimage\"},\"thumbnailUrl\":\"https:\\\/\\\/www.inverseteams.com\\\/wp-content\\\/uploads\\\/INVERSE-CICLISMO-HOMBRE-MAILLOT-ESSENZ-MALI-PERSIA-001.jpg\",\"datePublished\":\"2026-03-03T09:25:15+00:00\",\"dateModified\":\"2026-03-24T12:38:41+00:00\",\"description\":\"Confeccionado con un \u00fanico tejido ultra suave y agradable al contacto con la piel, ofrece una sensaci\u00f3n ligera y envolvente desde el primer momento.\",\"breadcrumb\":{\"@id\":\"https:\\\/\\\/www.inverseteams.com\\\/es\\\/producto\\\/maillot-ciclismo-manga-corta-essenz-mali-persia\\\/#breadcrumb\"},\"inLanguage\":\"es\",\"potentialAction\":[{\"@type\":\"ReadAction\",\"target\":[\"https:\\\/\\\/www.inverseteams.com\\\/es\\\/producto\\\/maillot-ciclismo-manga-corta-essenz-mali-persia\\\/\"]}]},{\"@type\":\"ImageObject\",\"inLanguage\":\"es\",\"@id\":\"https:\\\/\\\/www.inverseteams.com\\\/es\\\/producto\\\/maillot-ciclismo-manga-corta-essenz-mali-persia\\\/#primaryimage\",\"url\":\"https:\\\/\\\/www.inverseteams.com\\\/wp-content\\\/uploads\\\/INVERSE-CICLISMO-HOMBRE-MAILLOT-ESSENZ-MALI-PERSIA-001.jpg\",\"contentUrl\":\"https:\\\/\\\/www.inverseteams.com\\\/wp-content\\\/uploads\\\/INVERSE-CICLISMO-HOMBRE-MAILLOT-ESSENZ-MALI-PERSIA-001.jpg\",\"width\":1500,\"height\":1612,\"caption\":\"MAILLOT CICLISMO AZUL INVERSE\"},{\"@type\":\"BreadcrumbList\",\"@id\":\"https:\\\/\\\/www.inverseteams.com\\\/es\\\/producto\\\/maillot-ciclismo-manga-corta-essenz-mali-persia\\\/#breadcrumb\",\"itemListElement\":[{\"@type\":\"ListItem\",\"position\":1,\"name\":\"Portada\",\"item\":\"https:\\\/\\\/www.inverseteams.com\\\/es\\\/\"},{\"@type\":\"ListItem\",\"position\":2,\"name\":\"Tienda\",\"item\":\"https:\\\/\\\/www.inverseteams.com\\\/es\\\/tienda\\\/\"},{\"@type\":\"ListItem\",\"position\":3,\"name\":\"Maillot ciclismo manga corta ESSENZ MALI PERSIA\"}]},{\"@type\":\"WebSite\",\"@id\":\"https:\\\/\\\/www.inverseteams.com\\\/es\\\/#website\",\"url\":\"https:\\\/\\\/www.inverseteams.com\\\/es\\\/\",\"name\":\"Inverseteams\",\"description\":\"Tu marca de ropa deportiva personalizada\",\"publisher\":{\"@id\":\"https:\\\/\\\/www.inverseteams.com\\\/es\\\/#organization\"},\"potentialAction\":[{\"@type\":\"SearchAction\",\"target\":{\"@type\":\"EntryPoint\",\"urlTemplate\":\"https:\\\/\\\/www.inverseteams.com\\\/es\\\/?s={search_term_string}\"},\"query-input\":{\"@type\":\"PropertyValueSpecification\",\"valueRequired\":true,\"valueName\":\"search_term_string\"}}],\"inLanguage\":\"es\"},{\"@type\":\"Organization\",\"@id\":\"https:\\\/\\\/www.inverseteams.com\\\/es\\\/#organization\",\"name\":\"Inverse Teams\",\"url\":\"https:\\\/\\\/www.inverseteams.com\\\/es\\\/\",\"logo\":{\"@type\":\"ImageObject\",\"inLanguage\":\"es\",\"@id\":\"https:\\\/\\\/www.inverseteams.com\\\/es\\\/#\\\/schema\\\/logo\\\/image\\\/\",\"url\":\"http:\\\/\\\/www.inverseteams.com\\\/wp-content\\\/uploads\\\/2021\\\/03\\\/logo-inverse-teams.png\",\"contentUrl\":\"http:\\\/\\\/www.inverseteams.com\\\/wp-content\\\/uploads\\\/2021\\\/03\\\/logo-inverse-teams.png\",\"width\":294,\"height\":99,\"caption\":\"Inverse Teams\"},\"image\":{\"@id\":\"https:\\\/\\\/www.inverseteams.com\\\/es\\\/#\\\/schema\\\/logo\\\/image\\\/\"},\"sameAs\":[\"https:\\\/\\\/www.facebook.com\\\/inverseteams\",\"http:\\\/\\\/instagram.com\\\/inverseteams\",\"https:\\\/\\\/www.linkedin.com\\\/company\\\/inverse-cirosport-s-l-?trk=job_view_topcard_company_name\",\"http:\\\/\\\/www.pinterest.com\\\/inverseteams\\\/\",\"http:\\\/\\\/www.youtube.com\\\/user\\\/inverseteams?feature=watch\"]}]}<\/script>\n<!-- \/ Yoast SEO plugin. -->","yoast_head_json":{"title":"Maillot ciclismo manga corta ESSENZ MALI PERSIA | Inverseteams","description":"Confeccionado con un \u00fanico tejido ultra suave y agradable al contacto con la piel, ofrece una sensaci\u00f3n ligera y envolvente desde el primer momento.","robots":{"index":"index","follow":"follow","max-snippet":"max-snippet:-1","max-image-preview":"max-image-preview:large","max-video-preview":"max-video-preview:-1"},"canonical":"https:\/\/www.inverseteams.com\/es\/producto\/maillot-ciclismo-manga-corta-essenz-mali-persia\/","og_locale":"es_ES","og_type":"article","og_title":"Maillot ciclismo manga corta ESSENZ MALI PERSIA | Inverseteams","og_description":"Confeccionado con un \u00fanico tejido ultra suave y agradable al contacto con la piel, ofrece una sensaci\u00f3n ligera y envolvente desde el primer momento.","og_url":"https:\/\/www.inverseteams.com\/es\/producto\/maillot-ciclismo-manga-corta-essenz-mali-persia\/","og_site_name":"Inverseteams","article_publisher":"https:\/\/www.facebook.com\/inverseteams","article_modified_time":"2026-03-24T12:38:41+00:00","og_image":[{"width":1500,"height":1612,"url":"https:\/\/www.inverseteams.com\/wp-content\/uploads\/INVERSE-CICLISMO-HOMBRE-MAILLOT-ESSENZ-MALI-PERSIA-001.jpg","type":"image\/jpeg"}],"twitter_card":"summary_large_image","twitter_misc":{"Tiempo de lectura":"2 minuto"},"schema":{"@context":"https:\/\/schema.org","@graph":[{"@type":"WebPage","@id":"https:\/\/www.inverseteams.com\/es\/producto\/maillot-ciclismo-manga-corta-essenz-mali-persia\/","url":"https:\/\/www.inverseteams.com\/es\/producto\/maillot-ciclismo-manga-corta-essenz-mali-persia\/","name":"Maillot ciclismo manga corta ESSENZ MALI PERSIA | Inverseteams","isPartOf":{"@id":"https:\/\/www.inverseteams.com\/es\/#website"},"primaryImageOfPage":{"@id":"https:\/\/www.inverseteams.com\/es\/producto\/maillot-ciclismo-manga-corta-essenz-mali-persia\/#primaryimage"},"image":{"@id":"https:\/\/www.inverseteams.com\/es\/producto\/maillot-ciclismo-manga-corta-essenz-mali-persia\/#primaryimage"},"thumbnailUrl":"https:\/\/www.inverseteams.com\/wp-content\/uploads\/INVERSE-CICLISMO-HOMBRE-MAILLOT-ESSENZ-MALI-PERSIA-001.jpg","datePublished":"2026-03-03T09:25:15+00:00","dateModified":"2026-03-24T12:38:41+00:00","description":"Confeccionado con un \u00fanico tejido ultra suave y agradable al contacto con la piel, ofrece una sensaci\u00f3n ligera y envolvente desde el primer momento.","breadcrumb":{"@id":"https:\/\/www.inverseteams.com\/es\/producto\/maillot-ciclismo-manga-corta-essenz-mali-persia\/#breadcrumb"},"inLanguage":"es","potentialAction":[{"@type":"ReadAction","target":["https:\/\/www.inverseteams.com\/es\/producto\/maillot-ciclismo-manga-corta-essenz-mali-persia\/"]}]},{"@type":"ImageObject","inLanguage":"es","@id":"https:\/\/www.inverseteams.com\/es\/producto\/maillot-ciclismo-manga-corta-essenz-mali-persia\/#primaryimage","url":"https:\/\/www.inverseteams.com\/wp-content\/uploads\/INVERSE-CICLISMO-HOMBRE-MAILLOT-ESSENZ-MALI-PERSIA-001.jpg","contentUrl":"https:\/\/www.inverseteams.com\/wp-content\/uploads\/INVERSE-CICLISMO-HOMBRE-MAILLOT-ESSENZ-MALI-PERSIA-001.jpg","width":1500,"height":1612,"caption":"MAILLOT CICLISMO AZUL INVERSE"},{"@type":"BreadcrumbList","@id":"https:\/\/www.inverseteams.com\/es\/producto\/maillot-ciclismo-manga-corta-essenz-mali-persia\/#breadcrumb","itemListElement":[{"@type":"ListItem","position":1,"name":"Portada","item":"https:\/\/www.inverseteams.com\/es\/"},{"@type":"ListItem","position":2,"name":"Tienda","item":"https:\/\/www.inverseteams.com\/es\/tienda\/"},{"@type":"ListItem","position":3,"name":"Maillot ciclismo manga corta ESSENZ MALI PERSIA"}]},{"@type":"WebSite","@id":"https:\/\/www.inverseteams.com\/es\/#website","url":"https:\/\/www.inverseteams.com\/es\/","name":"Inverseteams","description":"Tu marca de ropa deportiva personalizada","publisher":{"@id":"https:\/\/www.inverseteams.com\/es\/#organization"},"potentialAction":[{"@type":"SearchAction","target":{"@type":"EntryPoint","urlTemplate":"https:\/\/www.inverseteams.com\/es\/?s={search_term_string}"},"query-input":{"@type":"PropertyValueSpecification","valueRequired":true,"valueName":"search_term_string"}}],"inLanguage":"es"},{"@type":"Organization","@id":"https:\/\/www.inverseteams.com\/es\/#organization","name":"Inverse Teams","url":"https:\/\/www.inverseteams.com\/es\/","logo":{"@type":"ImageObject","inLanguage":"es","@id":"https:\/\/www.inverseteams.com\/es\/#\/schema\/logo\/image\/","url":"https:\/\/www.inverseteams.com\/wp-content\/uploads\/2021\/03\/logo-inverse-teams.png","contentUrl":"https:\/\/www.inverseteams.com\/wp-content\/uploads\/2021\/03\/logo-inverse-teams.png","width":294,"height":99,"caption":"Inverse Teams"},"image":{"@id":"https:\/\/www.inverseteams.com\/es\/#\/schema\/logo\/image\/"},"sameAs":["https:\/\/www.facebook.com\/inverseteams","http:\/\/instagram.com\/inverseteams","https:\/\/www.linkedin.com\/company\/inverse-cirosport-s-l-?trk=job_view_topcard_company_name","http:\/\/www.pinterest.com\/inverseteams\/","http:\/\/www.youtube.com\/user\/inverseteams?feature=watch"]}]}},"_links":{"self":[{"href":"https:\/\/www.inverseteams.com\/es\/wp-json\/wp\/v2\/product\/278181","targetHints":{"allow":["GET"]}}],"collection":[{"href":"https:\/\/www.inverseteams.com\/es\/wp-json\/wp\/v2\/product"}],"about":[{"href":"https:\/\/www.inverseteams.com\/es\/wp-json\/wp\/v2\/types\/product"}],"replies":[{"embeddable":true,"href":"https:\/\/www.inverseteams.com\/es\/wp-json\/wp\/v2\/comments?post=278181"}],"wp:featuredmedia":[{"embeddable":true,"href":"https:\/\/www.inverseteams.com\/es\/wp-json\/wp\/v2\/media\/278081"}],"wp:attachment":[{"href":"https:\/\/www.inverseteams.com\/es\/wp-json\/wp\/v2\/media?parent=278181"}],"wp:term":[{"taxonomy":"product_brand","embeddable":true,"href":"https:\/\/www.inverseteams.com\/es\/wp-json\/wp\/v2\/product_brand?post=278181"},{"taxonomy":"product_cat","embeddable":true,"href":"https:\/\/www.inverseteams.com\/es\/wp-json\/wp\/v2\/product_cat?post=278181"},{"taxonomy":"product_tag","embeddable":true,"href":"https:\/\/www.inverseteams.com\/es\/wp-json\/wp\/v2\/product_tag?post=278181"},{"taxonomy":"custom_category","embeddable":true,"href":"https:\/\/www.inverseteams.com\/es\/wp-json\/wp\/v2\/custom_category?post=278181"},{"taxonomy":"range","embeddable":true,"href":"https:\/\/www.inverseteams.com\/es\/wp-json\/wp\/v2\/range?post=278181"}],"curies":[{"name":"wp","href":"https:\/\/api.w.org\/{rel}","templated":true}]}}