{"id":275252,"date":"2025-11-12T13:27:24","date_gmt":"2025-11-12T13:27:24","guid":{"rendered":"https:\/\/www.inverseteams.com\/product\/camiseta-pro-sb21-s\/"},"modified":"2025-11-13T09:24:11","modified_gmt":"2025-11-13T09:24:11","slug":"camiseta-pro-sb21-s","status":"publish","type":"product","link":"https:\/\/www.inverseteams.com\/es\/producto\/camiseta-pro-sb21-s\/","title":{"rendered":"Camiseta PRO SB21-S"},"content":{"rendered":"<p>Tecnolog\u00eda DUALFLOW. Fabricada con dos tejidos dise\u00f1ados para regular la temperatura corporal de forma inteligente. Los tejidos est\u00e1n tratados con el acabado COOLCOMFORT, que asegura una f\u00e1cil expulsi\u00f3n del sudor hacia el exterior, manteniendo la piel seca y fresca y garantizando una gran comodidad durante todo el partido. El cuello y las axilas est\u00e1n rematados con un ribete que aporta una mayor elegancia y calidad.<br \/>\nEl patronaje de esta camiseta de b\u00e1squet est\u00e1 especialmente dise\u00f1ado para ofrecer una excelente libertad de movimiento y un ajuste ergon\u00f3mico que optimiza el rendimiento. Adem\u00e1s, el interior del cuello tiene un tapacosturas muy suave que evita cualquier tipo de rozadura o molestia durante el ejercicio f\u00edsico.<br \/>\n100% personalizada con la t\u00e9cnica de la sublimaci\u00f3n. Esto garantiza una resistencia y duraci\u00f3n de los colores inigualable. Las tintas utilizadas para la sublimaci\u00f3n son ecol\u00f3gicas, cumplen con la norma OEKO-TEX\u00ae ECO PASSPORT que certifica que son respetuosas con el medio ambiente e inocuas para la salud.<\/p>\n","protected":false},"excerpt":{"rendered":"<p>Tecnolog\u00eda DUALFLOW. Fabricada con dos tejidos dise\u00f1ados para regular la temperatura corporal de forma inteligente. Los tejidos est\u00e1n tratados con el acabado COOLCOMFORT, que asegura una f\u00e1cil expulsi\u00f3n del sudor hacia el exterior, manteniendo la piel seca y fresca y garantizando una gran comodidad durante todo el partido. El cuello y las axilas est\u00e1n rematados con un ribete que aporta una mayor elegancia y calidad.<br \/>\nEl patronaje de esta camiseta de b\u00e1squet est\u00e1 especialmente dise\u00f1ado para ofrecer una excelente libertad de movimiento y un ajuste ergon\u00f3mico que optimiza el rendimiento. Adem\u00e1s, el interior del cuello tiene un tapacosturas muy suave que evita cualquier tipo de rozadura o molestia durante el ejercicio f\u00edsico.<br \/>\n100% personalizada con la t\u00e9cnica de la sublimaci\u00f3n. Esto garantiza una resistencia y duraci\u00f3n de los colores inigualable. Las tintas utilizadas para la sublimaci\u00f3n son ecol\u00f3gicas, cumplen con la norma OEKO-TEX\u00ae ECO PASSPORT que certifica que son respetuosas con el medio ambiente e inocuas para la salud.<\/p>\n","protected":false},"featured_media":275231,"comment_status":"closed","ping_status":"closed","template":"","meta":{"_acf_changed":false},"product_brand":[],"product_cat":[15],"product_tag":[],"custom_category":[15129,20143],"range":[15132],"class_list":{"0":"post-275252","1":"product","2":"type-product","3":"status-publish","4":"has-post-thumbnail","6":"product_cat-uncategorized","7":"pa_climatologia-calor","8":"pa_climatologia-temperatura-templada","9":"pa_deporte-baloncesto","10":"pa_genero-hombre","11":"pa_genero-mujer","12":"pa_genero-infantil","13":"pa_patronaje-regular","14":"pa_tipo-de-prenda-camiseta","15":"custom_category-deporte-de-equipo","16":"custom_category-basquet","17":"range-competicion","19":"first","20":"instock","21":"product-type-custom"},"acf":[],"yoast_head":"<!-- This site is optimized with the Yoast SEO plugin v27.5 - https:\/\/yoast.com\/product\/yoast-seo-wordpress\/ -->\n<title>Camiseta PRO SB21-S | Inverseteams<\/title>\n<meta name=\"description\" content=\"Tecnolog\u00eda DUALFLOW. Fabricada con dos tejidos dise\u00f1ados para regular la temperatura corporal de forma inteligente. Los tejidos est\u00e1n tratados con el acabado COOLCOMFORT, que asegura una f\u00e1cil expulsi\u00f3n del sudor hacia el exterior, manteniendo la piel seca y fresca y garantizando una gran comodidad durante todo el partido. El cuello y las axilas est\u00e1n rematados con un ribete que aporta una mayor elegancia y calidad. El patronaje de esta camiseta de b\u00e1squet est\u00e1 especialmente dise\u00f1ado para ofrecer una excelente libertad de movimiento y un ajuste ergon\u00f3mico que optimiza el rendimiento. Adem\u00e1s, el interior del cuello tiene un tapacosturas muy suave que evita cualquier tipo de rozadura o molestia durante el ejercicio f\u00edsico. 100% personalizada con la t\u00e9cnica de la sublimaci\u00f3n. Esto garantiza una resistencia y duraci\u00f3n de los colores inigualable. Las tintas utilizadas para la sublimaci\u00f3n son ecol\u00f3gicas, cumplen con la norma OEKO-TEX\u00ae ECO PASSPORT que certifica que son respetuosas con el medio ambiente e inocuas para la salud.\" \/>\n<meta name=\"robots\" content=\"index, follow, max-snippet:-1, max-image-preview:large, max-video-preview:-1\" \/>\n<link rel=\"canonical\" href=\"https:\/\/www.inverseteams.com\/es\/producto\/camiseta-pro-sb21-s\/\" \/>\n<meta property=\"og:locale\" content=\"es_ES\" \/>\n<meta property=\"og:type\" content=\"article\" \/>\n<meta property=\"og:title\" content=\"Camiseta PRO SB21-S | Inverseteams\" \/>\n<meta property=\"og:description\" content=\"Tecnolog\u00eda DUALFLOW. Fabricada con dos tejidos dise\u00f1ados para regular la temperatura corporal de forma inteligente. Los tejidos est\u00e1n tratados con el acabado COOLCOMFORT, que asegura una f\u00e1cil expulsi\u00f3n del sudor hacia el exterior, manteniendo la piel seca y fresca y garantizando una gran comodidad durante todo el partido. El cuello y las axilas est\u00e1n rematados con un ribete que aporta una mayor elegancia y calidad. El patronaje de esta camiseta de b\u00e1squet est\u00e1 especialmente dise\u00f1ado para ofrecer una excelente libertad de movimiento y un ajuste ergon\u00f3mico que optimiza el rendimiento. Adem\u00e1s, el interior del cuello tiene un tapacosturas muy suave que evita cualquier tipo de rozadura o molestia durante el ejercicio f\u00edsico. 100% personalizada con la t\u00e9cnica de la sublimaci\u00f3n. Esto garantiza una resistencia y duraci\u00f3n de los colores inigualable. Las tintas utilizadas para la sublimaci\u00f3n son ecol\u00f3gicas, cumplen con la norma OEKO-TEX\u00ae ECO PASSPORT que certifica que son respetuosas con el medio ambiente e inocuas para la salud.\" \/>\n<meta property=\"og:url\" content=\"https:\/\/www.inverseteams.com\/es\/producto\/camiseta-pro-sb21-s\/\" \/>\n<meta property=\"og:site_name\" content=\"Inverseteams\" \/>\n<meta property=\"article:publisher\" content=\"https:\/\/www.facebook.com\/inverseteams\" \/>\n<meta property=\"article:modified_time\" content=\"2025-11-13T09:24:11+00:00\" \/>\n<meta property=\"og:image\" content=\"https:\/\/www.inverseteams.com\/wp-content\/uploads\/INVERSE-BASKET-PRO-SB21-S-1.jpg\" \/>\n\t<meta property=\"og:image:width\" content=\"1500\" \/>\n\t<meta property=\"og:image:height\" content=\"1612\" \/>\n\t<meta property=\"og:image:type\" content=\"image\/jpeg\" \/>\n<meta name=\"twitter:card\" content=\"summary_large_image\" \/>\n<meta name=\"twitter:label1\" content=\"Tiempo de lectura\" \/>\n\t<meta name=\"twitter:data1\" content=\"1 minuto\" \/>\n<script type=\"application\/ld+json\" class=\"yoast-schema-graph\">{\"@context\":\"https:\\\/\\\/schema.org\",\"@graph\":[{\"@type\":\"WebPage\",\"@id\":\"https:\\\/\\\/www.inverseteams.com\\\/es\\\/producto\\\/camiseta-pro-sb21-s\\\/\",\"url\":\"https:\\\/\\\/www.inverseteams.com\\\/es\\\/producto\\\/camiseta-pro-sb21-s\\\/\",\"name\":\"Camiseta PRO SB21-S | Inverseteams\",\"isPartOf\":{\"@id\":\"https:\\\/\\\/www.inverseteams.com\\\/es\\\/#website\"},\"primaryImageOfPage\":{\"@id\":\"https:\\\/\\\/www.inverseteams.com\\\/es\\\/producto\\\/camiseta-pro-sb21-s\\\/#primaryimage\"},\"image\":{\"@id\":\"https:\\\/\\\/www.inverseteams.com\\\/es\\\/producto\\\/camiseta-pro-sb21-s\\\/#primaryimage\"},\"thumbnailUrl\":\"https:\\\/\\\/www.inverseteams.com\\\/wp-content\\\/uploads\\\/INVERSE-BASKET-PRO-SB21-S-1.jpg\",\"datePublished\":\"2025-11-12T13:27:24+00:00\",\"dateModified\":\"2025-11-13T09:24:11+00:00\",\"description\":\"Tecnolog\u00eda DUALFLOW. Fabricada con dos tejidos dise\u00f1ados para regular la temperatura corporal de forma inteligente. Los tejidos est\u00e1n tratados con el acabado COOLCOMFORT, que asegura una f\u00e1cil expulsi\u00f3n del sudor hacia el exterior, manteniendo la piel seca y fresca y garantizando una gran comodidad durante todo el partido. El cuello y las axilas est\u00e1n rematados con un ribete que aporta una mayor elegancia y calidad. El patronaje de esta camiseta de b\u00e1squet est\u00e1 especialmente dise\u00f1ado para ofrecer una excelente libertad de movimiento y un ajuste ergon\u00f3mico que optimiza el rendimiento. Adem\u00e1s, el interior del cuello tiene un tapacosturas muy suave que evita cualquier tipo de rozadura o molestia durante el ejercicio f\u00edsico. 100% personalizada con la t\u00e9cnica de la sublimaci\u00f3n. Esto garantiza una resistencia y duraci\u00f3n de los colores inigualable. Las tintas utilizadas para la sublimaci\u00f3n son ecol\u00f3gicas, cumplen con la norma OEKO-TEX\u00ae ECO PASSPORT que certifica que son respetuosas con el medio ambiente e inocuas para la salud.\",\"breadcrumb\":{\"@id\":\"https:\\\/\\\/www.inverseteams.com\\\/es\\\/producto\\\/camiseta-pro-sb21-s\\\/#breadcrumb\"},\"inLanguage\":\"es\",\"potentialAction\":[{\"@type\":\"ReadAction\",\"target\":[\"https:\\\/\\\/www.inverseteams.com\\\/es\\\/producto\\\/camiseta-pro-sb21-s\\\/\"]}]},{\"@type\":\"ImageObject\",\"inLanguage\":\"es\",\"@id\":\"https:\\\/\\\/www.inverseteams.com\\\/es\\\/producto\\\/camiseta-pro-sb21-s\\\/#primaryimage\",\"url\":\"https:\\\/\\\/www.inverseteams.com\\\/wp-content\\\/uploads\\\/INVERSE-BASKET-PRO-SB21-S-1.jpg\",\"contentUrl\":\"https:\\\/\\\/www.inverseteams.com\\\/wp-content\\\/uploads\\\/INVERSE-BASKET-PRO-SB21-S-1.jpg\",\"width\":1500,\"height\":1612},{\"@type\":\"BreadcrumbList\",\"@id\":\"https:\\\/\\\/www.inverseteams.com\\\/es\\\/producto\\\/camiseta-pro-sb21-s\\\/#breadcrumb\",\"itemListElement\":[{\"@type\":\"ListItem\",\"position\":1,\"name\":\"Portada\",\"item\":\"https:\\\/\\\/www.inverseteams.com\\\/es\\\/\"},{\"@type\":\"ListItem\",\"position\":2,\"name\":\"Tienda\",\"item\":\"https:\\\/\\\/www.inverseteams.com\\\/es\\\/tienda\\\/\"},{\"@type\":\"ListItem\",\"position\":3,\"name\":\"Camiseta PRO SB21-S\"}]},{\"@type\":\"WebSite\",\"@id\":\"https:\\\/\\\/www.inverseteams.com\\\/es\\\/#website\",\"url\":\"https:\\\/\\\/www.inverseteams.com\\\/es\\\/\",\"name\":\"Inverseteams\",\"description\":\"Tu marca de ropa deportiva personalizada\",\"publisher\":{\"@id\":\"https:\\\/\\\/www.inverseteams.com\\\/es\\\/#organization\"},\"potentialAction\":[{\"@type\":\"SearchAction\",\"target\":{\"@type\":\"EntryPoint\",\"urlTemplate\":\"https:\\\/\\\/www.inverseteams.com\\\/es\\\/?s={search_term_string}\"},\"query-input\":{\"@type\":\"PropertyValueSpecification\",\"valueRequired\":true,\"valueName\":\"search_term_string\"}}],\"inLanguage\":\"es\"},{\"@type\":\"Organization\",\"@id\":\"https:\\\/\\\/www.inverseteams.com\\\/es\\\/#organization\",\"name\":\"Inverse Teams\",\"url\":\"https:\\\/\\\/www.inverseteams.com\\\/es\\\/\",\"logo\":{\"@type\":\"ImageObject\",\"inLanguage\":\"es\",\"@id\":\"https:\\\/\\\/www.inverseteams.com\\\/es\\\/#\\\/schema\\\/logo\\\/image\\\/\",\"url\":\"https:\\\/\\\/www.inverseteams.com\\\/wp-content\\\/uploads\\\/2021\\\/03\\\/logo-inverse-teams.png\",\"contentUrl\":\"https:\\\/\\\/www.inverseteams.com\\\/wp-content\\\/uploads\\\/2021\\\/03\\\/logo-inverse-teams.png\",\"width\":294,\"height\":99,\"caption\":\"Inverse Teams\"},\"image\":{\"@id\":\"https:\\\/\\\/www.inverseteams.com\\\/es\\\/#\\\/schema\\\/logo\\\/image\\\/\"},\"sameAs\":[\"https:\\\/\\\/www.facebook.com\\\/inverseteams\",\"http:\\\/\\\/instagram.com\\\/inverseteams\",\"https:\\\/\\\/www.linkedin.com\\\/company\\\/inverse-cirosport-s-l-?trk=job_view_topcard_company_name\",\"http:\\\/\\\/www.pinterest.com\\\/inverseteams\\\/\",\"http:\\\/\\\/www.youtube.com\\\/user\\\/inverseteams?feature=watch\"]}]}<\/script>\n<!-- \/ Yoast SEO plugin. -->","yoast_head_json":{"title":"Camiseta PRO SB21-S | Inverseteams","description":"Tecnolog\u00eda DUALFLOW. Fabricada con dos tejidos dise\u00f1ados para regular la temperatura corporal de forma inteligente. Los tejidos est\u00e1n tratados con el acabado COOLCOMFORT, que asegura una f\u00e1cil expulsi\u00f3n del sudor hacia el exterior, manteniendo la piel seca y fresca y garantizando una gran comodidad durante todo el partido. El cuello y las axilas est\u00e1n rematados con un ribete que aporta una mayor elegancia y calidad. El patronaje de esta camiseta de b\u00e1squet est\u00e1 especialmente dise\u00f1ado para ofrecer una excelente libertad de movimiento y un ajuste ergon\u00f3mico que optimiza el rendimiento. Adem\u00e1s, el interior del cuello tiene un tapacosturas muy suave que evita cualquier tipo de rozadura o molestia durante el ejercicio f\u00edsico. 100% personalizada con la t\u00e9cnica de la sublimaci\u00f3n. Esto garantiza una resistencia y duraci\u00f3n de los colores inigualable. Las tintas utilizadas para la sublimaci\u00f3n son ecol\u00f3gicas, cumplen con la norma OEKO-TEX\u00ae ECO PASSPORT que certifica que son respetuosas con el medio ambiente e inocuas para la salud.","robots":{"index":"index","follow":"follow","max-snippet":"max-snippet:-1","max-image-preview":"max-image-preview:large","max-video-preview":"max-video-preview:-1"},"canonical":"https:\/\/www.inverseteams.com\/es\/producto\/camiseta-pro-sb21-s\/","og_locale":"es_ES","og_type":"article","og_title":"Camiseta PRO SB21-S | Inverseteams","og_description":"Tecnolog\u00eda DUALFLOW. Fabricada con dos tejidos dise\u00f1ados para regular la temperatura corporal de forma inteligente. Los tejidos est\u00e1n tratados con el acabado COOLCOMFORT, que asegura una f\u00e1cil expulsi\u00f3n del sudor hacia el exterior, manteniendo la piel seca y fresca y garantizando una gran comodidad durante todo el partido. El cuello y las axilas est\u00e1n rematados con un ribete que aporta una mayor elegancia y calidad. El patronaje de esta camiseta de b\u00e1squet est\u00e1 especialmente dise\u00f1ado para ofrecer una excelente libertad de movimiento y un ajuste ergon\u00f3mico que optimiza el rendimiento. Adem\u00e1s, el interior del cuello tiene un tapacosturas muy suave que evita cualquier tipo de rozadura o molestia durante el ejercicio f\u00edsico. 100% personalizada con la t\u00e9cnica de la sublimaci\u00f3n. Esto garantiza una resistencia y duraci\u00f3n de los colores inigualable. Las tintas utilizadas para la sublimaci\u00f3n son ecol\u00f3gicas, cumplen con la norma OEKO-TEX\u00ae ECO PASSPORT que certifica que son respetuosas con el medio ambiente e inocuas para la salud.","og_url":"https:\/\/www.inverseteams.com\/es\/producto\/camiseta-pro-sb21-s\/","og_site_name":"Inverseteams","article_publisher":"https:\/\/www.facebook.com\/inverseteams","article_modified_time":"2025-11-13T09:24:11+00:00","og_image":[{"width":1500,"height":1612,"url":"https:\/\/www.inverseteams.com\/wp-content\/uploads\/INVERSE-BASKET-PRO-SB21-S-1.jpg","type":"image\/jpeg"}],"twitter_card":"summary_large_image","twitter_misc":{"Tiempo de lectura":"1 minuto"},"schema":{"@context":"https:\/\/schema.org","@graph":[{"@type":"WebPage","@id":"https:\/\/www.inverseteams.com\/es\/producto\/camiseta-pro-sb21-s\/","url":"https:\/\/www.inverseteams.com\/es\/producto\/camiseta-pro-sb21-s\/","name":"Camiseta PRO SB21-S | Inverseteams","isPartOf":{"@id":"https:\/\/www.inverseteams.com\/es\/#website"},"primaryImageOfPage":{"@id":"https:\/\/www.inverseteams.com\/es\/producto\/camiseta-pro-sb21-s\/#primaryimage"},"image":{"@id":"https:\/\/www.inverseteams.com\/es\/producto\/camiseta-pro-sb21-s\/#primaryimage"},"thumbnailUrl":"https:\/\/www.inverseteams.com\/wp-content\/uploads\/INVERSE-BASKET-PRO-SB21-S-1.jpg","datePublished":"2025-11-12T13:27:24+00:00","dateModified":"2025-11-13T09:24:11+00:00","description":"Tecnolog\u00eda DUALFLOW. Fabricada con dos tejidos dise\u00f1ados para regular la temperatura corporal de forma inteligente. Los tejidos est\u00e1n tratados con el acabado COOLCOMFORT, que asegura una f\u00e1cil expulsi\u00f3n del sudor hacia el exterior, manteniendo la piel seca y fresca y garantizando una gran comodidad durante todo el partido. El cuello y las axilas est\u00e1n rematados con un ribete que aporta una mayor elegancia y calidad. El patronaje de esta camiseta de b\u00e1squet est\u00e1 especialmente dise\u00f1ado para ofrecer una excelente libertad de movimiento y un ajuste ergon\u00f3mico que optimiza el rendimiento. Adem\u00e1s, el interior del cuello tiene un tapacosturas muy suave que evita cualquier tipo de rozadura o molestia durante el ejercicio f\u00edsico. 100% personalizada con la t\u00e9cnica de la sublimaci\u00f3n. Esto garantiza una resistencia y duraci\u00f3n de los colores inigualable. Las tintas utilizadas para la sublimaci\u00f3n son ecol\u00f3gicas, cumplen con la norma OEKO-TEX\u00ae ECO PASSPORT que certifica que son respetuosas con el medio ambiente e inocuas para la salud.","breadcrumb":{"@id":"https:\/\/www.inverseteams.com\/es\/producto\/camiseta-pro-sb21-s\/#breadcrumb"},"inLanguage":"es","potentialAction":[{"@type":"ReadAction","target":["https:\/\/www.inverseteams.com\/es\/producto\/camiseta-pro-sb21-s\/"]}]},{"@type":"ImageObject","inLanguage":"es","@id":"https:\/\/www.inverseteams.com\/es\/producto\/camiseta-pro-sb21-s\/#primaryimage","url":"https:\/\/www.inverseteams.com\/wp-content\/uploads\/INVERSE-BASKET-PRO-SB21-S-1.jpg","contentUrl":"https:\/\/www.inverseteams.com\/wp-content\/uploads\/INVERSE-BASKET-PRO-SB21-S-1.jpg","width":1500,"height":1612},{"@type":"BreadcrumbList","@id":"https:\/\/www.inverseteams.com\/es\/producto\/camiseta-pro-sb21-s\/#breadcrumb","itemListElement":[{"@type":"ListItem","position":1,"name":"Portada","item":"https:\/\/www.inverseteams.com\/es\/"},{"@type":"ListItem","position":2,"name":"Tienda","item":"https:\/\/www.inverseteams.com\/es\/tienda\/"},{"@type":"ListItem","position":3,"name":"Camiseta PRO SB21-S"}]},{"@type":"WebSite","@id":"https:\/\/www.inverseteams.com\/es\/#website","url":"https:\/\/www.inverseteams.com\/es\/","name":"Inverseteams","description":"Tu marca de ropa deportiva personalizada","publisher":{"@id":"https:\/\/www.inverseteams.com\/es\/#organization"},"potentialAction":[{"@type":"SearchAction","target":{"@type":"EntryPoint","urlTemplate":"https:\/\/www.inverseteams.com\/es\/?s={search_term_string}"},"query-input":{"@type":"PropertyValueSpecification","valueRequired":true,"valueName":"search_term_string"}}],"inLanguage":"es"},{"@type":"Organization","@id":"https:\/\/www.inverseteams.com\/es\/#organization","name":"Inverse Teams","url":"https:\/\/www.inverseteams.com\/es\/","logo":{"@type":"ImageObject","inLanguage":"es","@id":"https:\/\/www.inverseteams.com\/es\/#\/schema\/logo\/image\/","url":"https:\/\/www.inverseteams.com\/wp-content\/uploads\/2021\/03\/logo-inverse-teams.png","contentUrl":"https:\/\/www.inverseteams.com\/wp-content\/uploads\/2021\/03\/logo-inverse-teams.png","width":294,"height":99,"caption":"Inverse Teams"},"image":{"@id":"https:\/\/www.inverseteams.com\/es\/#\/schema\/logo\/image\/"},"sameAs":["https:\/\/www.facebook.com\/inverseteams","http:\/\/instagram.com\/inverseteams","https:\/\/www.linkedin.com\/company\/inverse-cirosport-s-l-?trk=job_view_topcard_company_name","http:\/\/www.pinterest.com\/inverseteams\/","http:\/\/www.youtube.com\/user\/inverseteams?feature=watch"]}]}},"_links":{"self":[{"href":"https:\/\/www.inverseteams.com\/es\/wp-json\/wp\/v2\/product\/275252","targetHints":{"allow":["GET"]}}],"collection":[{"href":"https:\/\/www.inverseteams.com\/es\/wp-json\/wp\/v2\/product"}],"about":[{"href":"https:\/\/www.inverseteams.com\/es\/wp-json\/wp\/v2\/types\/product"}],"replies":[{"embeddable":true,"href":"https:\/\/www.inverseteams.com\/es\/wp-json\/wp\/v2\/comments?post=275252"}],"wp:featuredmedia":[{"embeddable":true,"href":"https:\/\/www.inverseteams.com\/es\/wp-json\/wp\/v2\/media\/275231"}],"wp:attachment":[{"href":"https:\/\/www.inverseteams.com\/es\/wp-json\/wp\/v2\/media?parent=275252"}],"wp:term":[{"taxonomy":"product_brand","embeddable":true,"href":"https:\/\/www.inverseteams.com\/es\/wp-json\/wp\/v2\/product_brand?post=275252"},{"taxonomy":"product_cat","embeddable":true,"href":"https:\/\/www.inverseteams.com\/es\/wp-json\/wp\/v2\/product_cat?post=275252"},{"taxonomy":"product_tag","embeddable":true,"href":"https:\/\/www.inverseteams.com\/es\/wp-json\/wp\/v2\/product_tag?post=275252"},{"taxonomy":"custom_category","embeddable":true,"href":"https:\/\/www.inverseteams.com\/es\/wp-json\/wp\/v2\/custom_category?post=275252"},{"taxonomy":"range","embeddable":true,"href":"https:\/\/www.inverseteams.com\/es\/wp-json\/wp\/v2\/range?post=275252"}],"curies":[{"name":"wp","href":"https:\/\/api.w.org\/{rel}","templated":true}]}}