{"id":269341,"date":"2025-10-03T15:38:10","date_gmt":"2025-10-03T15:38:10","guid":{"rendered":"https:\/\/www.inverseteams.com\/?post_type=product&#038;p=269341"},"modified":"2026-02-20T11:55:42","modified_gmt":"2026-02-20T10:55:42","slug":"culotte-largo-pure-kendra-black-mujer","status":"publish","type":"product","link":"https:\/\/www.inverseteams.com\/es\/producto\/culotte-largo-pure-kendra-black-mujer\/","title":{"rendered":"Culotte largo PURE KENDRA BLACK (MUJER)"},"content":{"rendered":"<p>La evoluci\u00f3n del culotte de gama alta para mujeres destaca por su novedoso tirante integral que facilita la acci\u00f3n de bajarse el culotte sin necesidad de quitarse el maillot. Este nuevo sistema desarrollado por Inverse se llama FLEXYGO y ha sido testado por n\u00famerosas ciclistas. Se adapta perfectamente a la posici\u00f3n de la ciclista, sujeta el pantal\u00f3n ciclista sin incomodar y permite ir al ba\u00f1o r\u00e1pida y comodamente.<br \/>\nEs un culotte ideal para combatir el fr\u00edo y poder disfrutar del ciclismo durante el invierno. El tejido SUPERROUBAIX que lo compone retiene el calor corporal y mantiene la compresi\u00f3n muscular necesaria para retardar la fatiga. Su elasticidad te permitir\u00e1 una gran libertad de movimientos. Los paneles del pantal\u00f3n ciclista est\u00e1n dise\u00f1ados para que se adapten perfectamente a las diferentes posiciones del pedaleo. No notar\u00e1s ninguna molestia.<br \/>\nAl final de las piernas tiene una banda el\u00e1stica con un grip de silicona hipoalerg\u00e9nica en su interior. \u00c9sta mantiene la prenda bien sujeta a la pierna. En la zona posterior tiene un detalle reflectante que aumentar\u00e1 tu seguridad ya que reflejar\u00e1 la luz de los veh\u00edculos.<br \/>\nEquipado con la badana MUSTANG de elastic interface compuesta de 3 densidades que se adaptar\u00e1 a tu anatom\u00eda y estilo de pedaleo.<\/p>\n","protected":false},"excerpt":{"rendered":"<p>La evoluci\u00f3n del culotte de gama alta para mujeres destaca por su novedoso tirante integral que facilita la acci\u00f3n de bajarse el culotte sin necesidad de quitarse el maillot. Este nuevo sistema desarrollado por Inverse se llama FLEXYGO y ha sido testado por n\u00famerosas ciclistas. Se adapta perfectamente a la posici\u00f3n de la ciclista, sujeta el pantal\u00f3n ciclista sin incomodar y permite ir al ba\u00f1o r\u00e1pida y comodamente.<br \/>\nEs un culotte ideal para combatir el fr\u00edo y poder disfrutar del ciclismo durante el invierno. El tejido SUPERROUBAIX que lo compone retiene el calor corporal y mantiene la compresi\u00f3n muscular necesaria para retardar la fatiga. Su elasticidad te permitir\u00e1 una gran libertad de movimientos. Los paneles del pantal\u00f3n ciclista est\u00e1n dise\u00f1ados para que se adapten perfectamente a las diferentes posiciones del pedaleo. No notar\u00e1s ninguna molestia.<br \/>\nAl final de las piernas tiene una banda el\u00e1stica con un grip de silicona hipoalerg\u00e9nica en su interior. \u00c9sta mantiene la prenda bien sujeta a la pierna. En la zona posterior tiene un detalle reflectante que aumentar\u00e1 tu seguridad ya que reflejar\u00e1 la luz de los veh\u00edculos.<br \/>\nEquipado con la badana MUSTANG de elastic interface compuesta de 3 densidades que se adaptar\u00e1 a tu anatom\u00eda y estilo de pedaleo.<\/p>\n","protected":false},"featured_media":269805,"comment_status":"closed","ping_status":"closed","template":"","meta":{"_acf_changed":false},"product_brand":[],"product_cat":[132,2769,2775,7174],"product_tag":[],"custom_category":[],"range":[],"class_list":{"0":"post-269341","1":"product","2":"type-product","3":"status-publish","4":"has-post-thumbnail","6":"product_cat-ciclismo","7":"product_cat-culotte-ciclismo","8":"product_cat-pantalon-ciclismo","9":"product_cat-b2b","10":"pa_climatologia-frio","11":"pa_deporte-ciclismo","12":"pa_genero-mujer","13":"pa_patronaje-fit","14":"pa_talla-s","15":"pa_talla-m","16":"pa_talla-l","17":"pa_talla-xl","18":"pa_talla-xs","19":"pa_tipo-de-prenda-culotte-largo","21":"first","22":"instock","23":"taxable","24":"shipping-taxable","25":"purchasable","26":"product-type-variable","27":"has-default-attributes"},"acf":[],"yoast_head":"<!-- This site is optimized with the Yoast SEO plugin v27.3 - https:\/\/yoast.com\/product\/yoast-seo-wordpress\/ -->\n<title>Culotte largo PURE KENDRA BLACK (MUJER) | Inverseteams<\/title>\n<meta name=\"description\" content=\"La evoluci\u00f3n del culotte de gama alta para mujeres destaca por su novedoso tirante integral que facilita la acci\u00f3n de bajarse el culotte sin necesidad de quitarse el maillot. Este nuevo sistema desarrollado por Inverse se llama FLEXYGO y ha sido testado por n\u00famerosas ciclistas. Se adapta perfectamente a la posici\u00f3n de la ciclista, sujeta el pantal\u00f3n ciclista sin incomodar y permite ir al ba\u00f1o r\u00e1pida y comodamente. Es un culotte ideal para combatir el fr\u00edo y poder disfrutar del ciclismo durante el invierno. El tejido SUPERROUBAIX que lo compone retiene el calor corporal y mantiene la compresi\u00f3n muscular necesaria para retardar la fatiga. Su elasticidad te permitir\u00e1 una gran libertad de movimientos. Los paneles del pantal\u00f3n ciclista est\u00e1n dise\u00f1ados para que se adapten perfectamente a las diferentes posiciones del pedaleo. No notar\u00e1s ninguna molestia. Al final de las piernas tiene una banda el\u00e1stica con un grip de silicona hipoalerg\u00e9nica en su interior. \u00c9sta mantiene la prenda bien sujeta a la pierna. En la zona posterior tiene un detalle reflectante que aumentar\u00e1 tu seguridad ya que reflejar\u00e1 la luz de los veh\u00edculos. Equipado con la badana MUSTANG de elastic interface compuesta de 3 densidades que se adaptar\u00e1 a tu anatom\u00eda y estilo de pedaleo.\" \/>\n<meta name=\"robots\" content=\"index, follow, max-snippet:-1, max-image-preview:large, max-video-preview:-1\" \/>\n<link rel=\"canonical\" href=\"https:\/\/www.inverseteams.com\/es\/producto\/culotte-largo-pure-kendra-black-mujer\/\" \/>\n<meta property=\"og:locale\" content=\"es_ES\" \/>\n<meta property=\"og:type\" content=\"article\" \/>\n<meta property=\"og:title\" content=\"Culotte largo PURE KENDRA BLACK (MUJER) | Inverseteams\" \/>\n<meta property=\"og:description\" content=\"La evoluci\u00f3n del culotte de gama alta para mujeres destaca por su novedoso tirante integral que facilita la acci\u00f3n de bajarse el culotte sin necesidad de quitarse el maillot. Este nuevo sistema desarrollado por Inverse se llama FLEXYGO y ha sido testado por n\u00famerosas ciclistas. Se adapta perfectamente a la posici\u00f3n de la ciclista, sujeta el pantal\u00f3n ciclista sin incomodar y permite ir al ba\u00f1o r\u00e1pida y comodamente. Es un culotte ideal para combatir el fr\u00edo y poder disfrutar del ciclismo durante el invierno. El tejido SUPERROUBAIX que lo compone retiene el calor corporal y mantiene la compresi\u00f3n muscular necesaria para retardar la fatiga. Su elasticidad te permitir\u00e1 una gran libertad de movimientos. Los paneles del pantal\u00f3n ciclista est\u00e1n dise\u00f1ados para que se adapten perfectamente a las diferentes posiciones del pedaleo. No notar\u00e1s ninguna molestia. Al final de las piernas tiene una banda el\u00e1stica con un grip de silicona hipoalerg\u00e9nica en su interior. \u00c9sta mantiene la prenda bien sujeta a la pierna. En la zona posterior tiene un detalle reflectante que aumentar\u00e1 tu seguridad ya que reflejar\u00e1 la luz de los veh\u00edculos. Equipado con la badana MUSTANG de elastic interface compuesta de 3 densidades que se adaptar\u00e1 a tu anatom\u00eda y estilo de pedaleo.\" \/>\n<meta property=\"og:url\" content=\"https:\/\/www.inverseteams.com\/es\/producto\/culotte-largo-pure-kendra-black-mujer\/\" \/>\n<meta property=\"og:site_name\" content=\"Inverseteams\" \/>\n<meta property=\"article:publisher\" content=\"https:\/\/www.facebook.com\/inverseteams\" \/>\n<meta property=\"article:modified_time\" content=\"2026-02-20T10:55:42+00:00\" \/>\n<meta property=\"og:image\" content=\"https:\/\/www.inverseteams.com\/wp-content\/uploads\/INVERSE-CULOTTE-MUJER-PURE-KENDRA-BLACK-001.jpg\" \/>\n\t<meta property=\"og:image:width\" content=\"1500\" \/>\n\t<meta property=\"og:image:height\" content=\"1612\" \/>\n\t<meta property=\"og:image:type\" content=\"image\/jpeg\" \/>\n<meta name=\"twitter:card\" content=\"summary_large_image\" \/>\n<meta name=\"twitter:label1\" content=\"Tiempo de lectura\" \/>\n\t<meta name=\"twitter:data1\" content=\"2 minuto\" \/>\n<script type=\"application\/ld+json\" class=\"yoast-schema-graph\">{\"@context\":\"https:\\\/\\\/schema.org\",\"@graph\":[{\"@type\":\"WebPage\",\"@id\":\"https:\\\/\\\/www.inverseteams.com\\\/es\\\/producto\\\/culotte-largo-pure-kendra-black-mujer\\\/\",\"url\":\"https:\\\/\\\/www.inverseteams.com\\\/es\\\/producto\\\/culotte-largo-pure-kendra-black-mujer\\\/\",\"name\":\"Culotte largo PURE KENDRA BLACK (MUJER) | Inverseteams\",\"isPartOf\":{\"@id\":\"https:\\\/\\\/www.inverseteams.com\\\/es\\\/#website\"},\"primaryImageOfPage\":{\"@id\":\"https:\\\/\\\/www.inverseteams.com\\\/es\\\/producto\\\/culotte-largo-pure-kendra-black-mujer\\\/#primaryimage\"},\"image\":{\"@id\":\"https:\\\/\\\/www.inverseteams.com\\\/es\\\/producto\\\/culotte-largo-pure-kendra-black-mujer\\\/#primaryimage\"},\"thumbnailUrl\":\"https:\\\/\\\/www.inverseteams.com\\\/wp-content\\\/uploads\\\/INVERSE-CULOTTE-MUJER-PURE-KENDRA-BLACK-001.jpg\",\"datePublished\":\"2025-10-03T15:38:10+00:00\",\"dateModified\":\"2026-02-20T10:55:42+00:00\",\"description\":\"La evoluci\u00f3n del culotte de gama alta para mujeres destaca por su novedoso tirante integral que facilita la acci\u00f3n de bajarse el culotte sin necesidad de quitarse el maillot. Este nuevo sistema desarrollado por Inverse se llama FLEXYGO y ha sido testado por n\u00famerosas ciclistas. Se adapta perfectamente a la posici\u00f3n de la ciclista, sujeta el pantal\u00f3n ciclista sin incomodar y permite ir al ba\u00f1o r\u00e1pida y comodamente. Es un culotte ideal para combatir el fr\u00edo y poder disfrutar del ciclismo durante el invierno. El tejido SUPERROUBAIX que lo compone retiene el calor corporal y mantiene la compresi\u00f3n muscular necesaria para retardar la fatiga. Su elasticidad te permitir\u00e1 una gran libertad de movimientos. Los paneles del pantal\u00f3n ciclista est\u00e1n dise\u00f1ados para que se adapten perfectamente a las diferentes posiciones del pedaleo. No notar\u00e1s ninguna molestia. Al final de las piernas tiene una banda el\u00e1stica con un grip de silicona hipoalerg\u00e9nica en su interior. \u00c9sta mantiene la prenda bien sujeta a la pierna. En la zona posterior tiene un detalle reflectante que aumentar\u00e1 tu seguridad ya que reflejar\u00e1 la luz de los veh\u00edculos. Equipado con la badana MUSTANG de elastic interface compuesta de 3 densidades que se adaptar\u00e1 a tu anatom\u00eda y estilo de pedaleo.\",\"breadcrumb\":{\"@id\":\"https:\\\/\\\/www.inverseteams.com\\\/es\\\/producto\\\/culotte-largo-pure-kendra-black-mujer\\\/#breadcrumb\"},\"inLanguage\":\"es\",\"potentialAction\":[{\"@type\":\"ReadAction\",\"target\":[\"https:\\\/\\\/www.inverseteams.com\\\/es\\\/producto\\\/culotte-largo-pure-kendra-black-mujer\\\/\"]}]},{\"@type\":\"ImageObject\",\"inLanguage\":\"es\",\"@id\":\"https:\\\/\\\/www.inverseteams.com\\\/es\\\/producto\\\/culotte-largo-pure-kendra-black-mujer\\\/#primaryimage\",\"url\":\"https:\\\/\\\/www.inverseteams.com\\\/wp-content\\\/uploads\\\/INVERSE-CULOTTE-MUJER-PURE-KENDRA-BLACK-001.jpg\",\"contentUrl\":\"https:\\\/\\\/www.inverseteams.com\\\/wp-content\\\/uploads\\\/INVERSE-CULOTTE-MUJER-PURE-KENDRA-BLACK-001.jpg\",\"width\":1500,\"height\":1612,\"caption\":\"culotte largo mujer inverse\"},{\"@type\":\"BreadcrumbList\",\"@id\":\"https:\\\/\\\/www.inverseteams.com\\\/es\\\/producto\\\/culotte-largo-pure-kendra-black-mujer\\\/#breadcrumb\",\"itemListElement\":[{\"@type\":\"ListItem\",\"position\":1,\"name\":\"Portada\",\"item\":\"https:\\\/\\\/www.inverseteams.com\\\/es\\\/\"},{\"@type\":\"ListItem\",\"position\":2,\"name\":\"Tienda\",\"item\":\"https:\\\/\\\/www.inverseteams.com\\\/es\\\/tienda\\\/\"},{\"@type\":\"ListItem\",\"position\":3,\"name\":\"Culotte largo PURE KENDRA BLACK (MUJER)\"}]},{\"@type\":\"WebSite\",\"@id\":\"https:\\\/\\\/www.inverseteams.com\\\/es\\\/#website\",\"url\":\"https:\\\/\\\/www.inverseteams.com\\\/es\\\/\",\"name\":\"Inverseteams\",\"description\":\"Tu marca de ropa deportiva personalizada\",\"publisher\":{\"@id\":\"https:\\\/\\\/www.inverseteams.com\\\/es\\\/#organization\"},\"potentialAction\":[{\"@type\":\"SearchAction\",\"target\":{\"@type\":\"EntryPoint\",\"urlTemplate\":\"https:\\\/\\\/www.inverseteams.com\\\/es\\\/?s={search_term_string}\"},\"query-input\":{\"@type\":\"PropertyValueSpecification\",\"valueRequired\":true,\"valueName\":\"search_term_string\"}}],\"inLanguage\":\"es\"},{\"@type\":\"Organization\",\"@id\":\"https:\\\/\\\/www.inverseteams.com\\\/es\\\/#organization\",\"name\":\"Inverse Teams\",\"url\":\"https:\\\/\\\/www.inverseteams.com\\\/es\\\/\",\"logo\":{\"@type\":\"ImageObject\",\"inLanguage\":\"es\",\"@id\":\"https:\\\/\\\/www.inverseteams.com\\\/es\\\/#\\\/schema\\\/logo\\\/image\\\/\",\"url\":\"http:\\\/\\\/www.inverseteams.com\\\/wp-content\\\/uploads\\\/2021\\\/03\\\/logo-inverse-teams.png\",\"contentUrl\":\"http:\\\/\\\/www.inverseteams.com\\\/wp-content\\\/uploads\\\/2021\\\/03\\\/logo-inverse-teams.png\",\"width\":294,\"height\":99,\"caption\":\"Inverse Teams\"},\"image\":{\"@id\":\"https:\\\/\\\/www.inverseteams.com\\\/es\\\/#\\\/schema\\\/logo\\\/image\\\/\"},\"sameAs\":[\"https:\\\/\\\/www.facebook.com\\\/inverseteams\",\"http:\\\/\\\/instagram.com\\\/inverseteams\",\"https:\\\/\\\/www.linkedin.com\\\/company\\\/inverse-cirosport-s-l-?trk=job_view_topcard_company_name\",\"http:\\\/\\\/www.pinterest.com\\\/inverseteams\\\/\",\"http:\\\/\\\/www.youtube.com\\\/user\\\/inverseteams?feature=watch\"]}]}<\/script>\n<!-- \/ Yoast SEO plugin. -->","yoast_head_json":{"title":"Culotte largo PURE KENDRA BLACK (MUJER) | Inverseteams","description":"La evoluci\u00f3n del culotte de gama alta para mujeres destaca por su novedoso tirante integral que facilita la acci\u00f3n de bajarse el culotte sin necesidad de quitarse el maillot. Este nuevo sistema desarrollado por Inverse se llama FLEXYGO y ha sido testado por n\u00famerosas ciclistas. Se adapta perfectamente a la posici\u00f3n de la ciclista, sujeta el pantal\u00f3n ciclista sin incomodar y permite ir al ba\u00f1o r\u00e1pida y comodamente. Es un culotte ideal para combatir el fr\u00edo y poder disfrutar del ciclismo durante el invierno. El tejido SUPERROUBAIX que lo compone retiene el calor corporal y mantiene la compresi\u00f3n muscular necesaria para retardar la fatiga. Su elasticidad te permitir\u00e1 una gran libertad de movimientos. Los paneles del pantal\u00f3n ciclista est\u00e1n dise\u00f1ados para que se adapten perfectamente a las diferentes posiciones del pedaleo. No notar\u00e1s ninguna molestia. Al final de las piernas tiene una banda el\u00e1stica con un grip de silicona hipoalerg\u00e9nica en su interior. \u00c9sta mantiene la prenda bien sujeta a la pierna. En la zona posterior tiene un detalle reflectante que aumentar\u00e1 tu seguridad ya que reflejar\u00e1 la luz de los veh\u00edculos. Equipado con la badana MUSTANG de elastic interface compuesta de 3 densidades que se adaptar\u00e1 a tu anatom\u00eda y estilo de pedaleo.","robots":{"index":"index","follow":"follow","max-snippet":"max-snippet:-1","max-image-preview":"max-image-preview:large","max-video-preview":"max-video-preview:-1"},"canonical":"https:\/\/www.inverseteams.com\/es\/producto\/culotte-largo-pure-kendra-black-mujer\/","og_locale":"es_ES","og_type":"article","og_title":"Culotte largo PURE KENDRA BLACK (MUJER) | Inverseteams","og_description":"La evoluci\u00f3n del culotte de gama alta para mujeres destaca por su novedoso tirante integral que facilita la acci\u00f3n de bajarse el culotte sin necesidad de quitarse el maillot. Este nuevo sistema desarrollado por Inverse se llama FLEXYGO y ha sido testado por n\u00famerosas ciclistas. Se adapta perfectamente a la posici\u00f3n de la ciclista, sujeta el pantal\u00f3n ciclista sin incomodar y permite ir al ba\u00f1o r\u00e1pida y comodamente. Es un culotte ideal para combatir el fr\u00edo y poder disfrutar del ciclismo durante el invierno. El tejido SUPERROUBAIX que lo compone retiene el calor corporal y mantiene la compresi\u00f3n muscular necesaria para retardar la fatiga. Su elasticidad te permitir\u00e1 una gran libertad de movimientos. Los paneles del pantal\u00f3n ciclista est\u00e1n dise\u00f1ados para que se adapten perfectamente a las diferentes posiciones del pedaleo. No notar\u00e1s ninguna molestia. Al final de las piernas tiene una banda el\u00e1stica con un grip de silicona hipoalerg\u00e9nica en su interior. \u00c9sta mantiene la prenda bien sujeta a la pierna. En la zona posterior tiene un detalle reflectante que aumentar\u00e1 tu seguridad ya que reflejar\u00e1 la luz de los veh\u00edculos. Equipado con la badana MUSTANG de elastic interface compuesta de 3 densidades que se adaptar\u00e1 a tu anatom\u00eda y estilo de pedaleo.","og_url":"https:\/\/www.inverseteams.com\/es\/producto\/culotte-largo-pure-kendra-black-mujer\/","og_site_name":"Inverseteams","article_publisher":"https:\/\/www.facebook.com\/inverseteams","article_modified_time":"2026-02-20T10:55:42+00:00","og_image":[{"width":1500,"height":1612,"url":"https:\/\/www.inverseteams.com\/wp-content\/uploads\/INVERSE-CULOTTE-MUJER-PURE-KENDRA-BLACK-001.jpg","type":"image\/jpeg"}],"twitter_card":"summary_large_image","twitter_misc":{"Tiempo de lectura":"2 minuto"},"schema":{"@context":"https:\/\/schema.org","@graph":[{"@type":"WebPage","@id":"https:\/\/www.inverseteams.com\/es\/producto\/culotte-largo-pure-kendra-black-mujer\/","url":"https:\/\/www.inverseteams.com\/es\/producto\/culotte-largo-pure-kendra-black-mujer\/","name":"Culotte largo PURE KENDRA BLACK (MUJER) | Inverseteams","isPartOf":{"@id":"https:\/\/www.inverseteams.com\/es\/#website"},"primaryImageOfPage":{"@id":"https:\/\/www.inverseteams.com\/es\/producto\/culotte-largo-pure-kendra-black-mujer\/#primaryimage"},"image":{"@id":"https:\/\/www.inverseteams.com\/es\/producto\/culotte-largo-pure-kendra-black-mujer\/#primaryimage"},"thumbnailUrl":"https:\/\/www.inverseteams.com\/wp-content\/uploads\/INVERSE-CULOTTE-MUJER-PURE-KENDRA-BLACK-001.jpg","datePublished":"2025-10-03T15:38:10+00:00","dateModified":"2026-02-20T10:55:42+00:00","description":"La evoluci\u00f3n del culotte de gama alta para mujeres destaca por su novedoso tirante integral que facilita la acci\u00f3n de bajarse el culotte sin necesidad de quitarse el maillot. Este nuevo sistema desarrollado por Inverse se llama FLEXYGO y ha sido testado por n\u00famerosas ciclistas. Se adapta perfectamente a la posici\u00f3n de la ciclista, sujeta el pantal\u00f3n ciclista sin incomodar y permite ir al ba\u00f1o r\u00e1pida y comodamente. Es un culotte ideal para combatir el fr\u00edo y poder disfrutar del ciclismo durante el invierno. El tejido SUPERROUBAIX que lo compone retiene el calor corporal y mantiene la compresi\u00f3n muscular necesaria para retardar la fatiga. Su elasticidad te permitir\u00e1 una gran libertad de movimientos. Los paneles del pantal\u00f3n ciclista est\u00e1n dise\u00f1ados para que se adapten perfectamente a las diferentes posiciones del pedaleo. No notar\u00e1s ninguna molestia. Al final de las piernas tiene una banda el\u00e1stica con un grip de silicona hipoalerg\u00e9nica en su interior. \u00c9sta mantiene la prenda bien sujeta a la pierna. En la zona posterior tiene un detalle reflectante que aumentar\u00e1 tu seguridad ya que reflejar\u00e1 la luz de los veh\u00edculos. Equipado con la badana MUSTANG de elastic interface compuesta de 3 densidades que se adaptar\u00e1 a tu anatom\u00eda y estilo de pedaleo.","breadcrumb":{"@id":"https:\/\/www.inverseteams.com\/es\/producto\/culotte-largo-pure-kendra-black-mujer\/#breadcrumb"},"inLanguage":"es","potentialAction":[{"@type":"ReadAction","target":["https:\/\/www.inverseteams.com\/es\/producto\/culotte-largo-pure-kendra-black-mujer\/"]}]},{"@type":"ImageObject","inLanguage":"es","@id":"https:\/\/www.inverseteams.com\/es\/producto\/culotte-largo-pure-kendra-black-mujer\/#primaryimage","url":"https:\/\/www.inverseteams.com\/wp-content\/uploads\/INVERSE-CULOTTE-MUJER-PURE-KENDRA-BLACK-001.jpg","contentUrl":"https:\/\/www.inverseteams.com\/wp-content\/uploads\/INVERSE-CULOTTE-MUJER-PURE-KENDRA-BLACK-001.jpg","width":1500,"height":1612,"caption":"culotte largo mujer inverse"},{"@type":"BreadcrumbList","@id":"https:\/\/www.inverseteams.com\/es\/producto\/culotte-largo-pure-kendra-black-mujer\/#breadcrumb","itemListElement":[{"@type":"ListItem","position":1,"name":"Portada","item":"https:\/\/www.inverseteams.com\/es\/"},{"@type":"ListItem","position":2,"name":"Tienda","item":"https:\/\/www.inverseteams.com\/es\/tienda\/"},{"@type":"ListItem","position":3,"name":"Culotte largo PURE KENDRA BLACK (MUJER)"}]},{"@type":"WebSite","@id":"https:\/\/www.inverseteams.com\/es\/#website","url":"https:\/\/www.inverseteams.com\/es\/","name":"Inverseteams","description":"Tu marca de ropa deportiva personalizada","publisher":{"@id":"https:\/\/www.inverseteams.com\/es\/#organization"},"potentialAction":[{"@type":"SearchAction","target":{"@type":"EntryPoint","urlTemplate":"https:\/\/www.inverseteams.com\/es\/?s={search_term_string}"},"query-input":{"@type":"PropertyValueSpecification","valueRequired":true,"valueName":"search_term_string"}}],"inLanguage":"es"},{"@type":"Organization","@id":"https:\/\/www.inverseteams.com\/es\/#organization","name":"Inverse Teams","url":"https:\/\/www.inverseteams.com\/es\/","logo":{"@type":"ImageObject","inLanguage":"es","@id":"https:\/\/www.inverseteams.com\/es\/#\/schema\/logo\/image\/","url":"https:\/\/www.inverseteams.com\/wp-content\/uploads\/2021\/03\/logo-inverse-teams.png","contentUrl":"https:\/\/www.inverseteams.com\/wp-content\/uploads\/2021\/03\/logo-inverse-teams.png","width":294,"height":99,"caption":"Inverse Teams"},"image":{"@id":"https:\/\/www.inverseteams.com\/es\/#\/schema\/logo\/image\/"},"sameAs":["https:\/\/www.facebook.com\/inverseteams","http:\/\/instagram.com\/inverseteams","https:\/\/www.linkedin.com\/company\/inverse-cirosport-s-l-?trk=job_view_topcard_company_name","http:\/\/www.pinterest.com\/inverseteams\/","http:\/\/www.youtube.com\/user\/inverseteams?feature=watch"]}]}},"_links":{"self":[{"href":"https:\/\/www.inverseteams.com\/es\/wp-json\/wp\/v2\/product\/269341","targetHints":{"allow":["GET"]}}],"collection":[{"href":"https:\/\/www.inverseteams.com\/es\/wp-json\/wp\/v2\/product"}],"about":[{"href":"https:\/\/www.inverseteams.com\/es\/wp-json\/wp\/v2\/types\/product"}],"replies":[{"embeddable":true,"href":"https:\/\/www.inverseteams.com\/es\/wp-json\/wp\/v2\/comments?post=269341"}],"wp:featuredmedia":[{"embeddable":true,"href":"https:\/\/www.inverseteams.com\/es\/wp-json\/wp\/v2\/media\/269805"}],"wp:attachment":[{"href":"https:\/\/www.inverseteams.com\/es\/wp-json\/wp\/v2\/media?parent=269341"}],"wp:term":[{"taxonomy":"product_brand","embeddable":true,"href":"https:\/\/www.inverseteams.com\/es\/wp-json\/wp\/v2\/product_brand?post=269341"},{"taxonomy":"product_cat","embeddable":true,"href":"https:\/\/www.inverseteams.com\/es\/wp-json\/wp\/v2\/product_cat?post=269341"},{"taxonomy":"product_tag","embeddable":true,"href":"https:\/\/www.inverseteams.com\/es\/wp-json\/wp\/v2\/product_tag?post=269341"},{"taxonomy":"custom_category","embeddable":true,"href":"https:\/\/www.inverseteams.com\/es\/wp-json\/wp\/v2\/custom_category?post=269341"},{"taxonomy":"range","embeddable":true,"href":"https:\/\/www.inverseteams.com\/es\/wp-json\/wp\/v2\/range?post=269341"}],"curies":[{"name":"wp","href":"https:\/\/api.w.org\/{rel}","templated":true}]}}