{"id":269323,"date":"2025-10-03T15:33:02","date_gmt":"2025-10-03T15:33:02","guid":{"rendered":"https:\/\/www.inverseteams.com\/?post_type=product&#038;p=269323"},"modified":"2026-02-20T11:55:42","modified_gmt":"2026-02-20T10:55:42","slug":"culotte-largo-pure-neko-black-hombre","status":"publish","type":"product","link":"https:\/\/www.inverseteams.com\/es\/producto\/culotte-largo-pure-neko-black-hombre\/","title":{"rendered":"Culotte largo PURE NEKO BLACK (HOMBRE)"},"content":{"rendered":"<p>Extraordinario pantal\u00f3n de ciclismo de alta gama ideal para combatir el fr\u00edo y poder disfrutar del ciclismo durante el invierno. El tejido SUPERROUBAIX que lo compone retiene el calor corporal y mantiene la compresi\u00f3n muscular necesaria para retardar la fatiga. Su elasticidad te permitir\u00e1 una gran libertad de movimientos. Como novedad, se ha reducido el n\u00famero de costuras para ofrecer una mayor comodidad.<br \/>\nLos tirantes de espuma con refuerzo posterior distribuyen adecuadamente el peso para evitar lesiones y as\u00ed podr\u00e1s disfrutar del ciclismo durante horas.<br \/>\nAl final de las piernas tiene una banda el\u00e1stica con un grip de silicona hipoalerg\u00e9nica en su interior. \u00c9sta mantiene la prenda bien sujeta a la pierna. En la zona posterior tiene un detalle reflectante que aumentar\u00e1 tu seguridad ya que reflejar\u00e1 la luz de los veh\u00edculos.<br \/>\nEquipado con la badana MUSTANG de elastic interface compuesta de 3 densidades que se adaptar\u00e1 a tu anatom\u00eda y estilo de pedaleo.<\/p>\n","protected":false},"excerpt":{"rendered":"<p>Extraordinario pantal\u00f3n de ciclismo de alta gama ideal para combatir el fr\u00edo y poder disfrutar del ciclismo durante el invierno. El tejido SUPERROUBAIX que lo compone retiene el calor corporal y mantiene la compresi\u00f3n muscular necesaria para retardar la fatiga. Su elasticidad te permitir\u00e1 una gran libertad de movimientos. Como novedad, se ha reducido el n\u00famero de costuras para ofrecer una mayor comodidad.<br \/>\nLos tirantes de espuma con refuerzo posterior distribuyen adecuadamente el peso para evitar lesiones y as\u00ed podr\u00e1s disfrutar del ciclismo durante horas.<br \/>\nAl final de las piernas tiene una banda el\u00e1stica con un grip de silicona hipoalerg\u00e9nica en su interior. \u00c9sta mantiene la prenda bien sujeta a la pierna. En la zona posterior tiene un detalle reflectante que aumentar\u00e1 tu seguridad ya que reflejar\u00e1 la luz de los veh\u00edculos.<br \/>\nEquipado con la badana MUSTANG de elastic interface compuesta de 3 densidades que se adaptar\u00e1 a tu anatom\u00eda y estilo de pedaleo.<\/p>\n","protected":false},"featured_media":270626,"comment_status":"closed","ping_status":"closed","template":"","meta":{"_acf_changed":false},"product_brand":[],"product_cat":[132,2769,2775,7174],"product_tag":[],"custom_category":[],"range":[],"class_list":{"0":"post-269323","1":"product","2":"type-product","3":"status-publish","4":"has-post-thumbnail","6":"product_cat-ciclismo","7":"product_cat-culotte-ciclismo","8":"product_cat-pantalon-ciclismo","9":"product_cat-b2b","10":"pa_climatologia-frio","11":"pa_deporte-ciclismo","12":"pa_genero-hombre","13":"pa_patronaje-fit","14":"pa_talla-s","15":"pa_talla-m","16":"pa_talla-l","17":"pa_talla-xl","18":"pa_talla-xxl","19":"pa_tipo-de-prenda-culotte-largo","21":"first","22":"instock","23":"taxable","24":"shipping-taxable","25":"purchasable","26":"product-type-variable","27":"has-default-attributes"},"acf":[],"yoast_head":"<!-- This site is optimized with the Yoast SEO plugin v27.3 - https:\/\/yoast.com\/product\/yoast-seo-wordpress\/ -->\n<title>Culotte largo PURE NEKO BLACK (HOMBRE) | Inverseteams<\/title>\n<meta name=\"description\" content=\"Extraordinario pantal\u00f3n de ciclismo de alta gama ideal para combatir el fr\u00edo y poder disfrutar del ciclismo durante el invierno. El tejido SUPERROUBAIX que lo compone retiene el calor corporal y mantiene la compresi\u00f3n muscular necesaria para retardar la fatiga. Su elasticidad te permitir\u00e1 una gran libertad de movimientos. Como novedad, se ha reducido el n\u00famero de costuras para ofrecer una mayor comodidad. Los tirantes de espuma con refuerzo posterior distribuyen adecuadamente el peso para evitar lesiones y as\u00ed podr\u00e1s disfrutar del ciclismo durante horas. Al final de las piernas tiene una banda el\u00e1stica con un grip de silicona hipoalerg\u00e9nica en su interior. \u00c9sta mantiene la prenda bien sujeta a la pierna. En la zona posterior tiene un detalle reflectante que aumentar\u00e1 tu seguridad ya que reflejar\u00e1 la luz de los veh\u00edculos. Equipado con la badana MUSTANG de elastic interface compuesta de 3 densidades que se adaptar\u00e1 a tu anatom\u00eda y estilo de pedaleo.\" \/>\n<meta name=\"robots\" content=\"index, follow, max-snippet:-1, max-image-preview:large, max-video-preview:-1\" \/>\n<link rel=\"canonical\" href=\"https:\/\/www.inverseteams.com\/es\/producto\/culotte-largo-pure-neko-black-hombre\/\" \/>\n<meta property=\"og:locale\" content=\"es_ES\" \/>\n<meta property=\"og:type\" content=\"article\" \/>\n<meta property=\"og:title\" content=\"Culotte largo PURE NEKO BLACK (HOMBRE) | Inverseteams\" \/>\n<meta property=\"og:description\" content=\"Extraordinario pantal\u00f3n de ciclismo de alta gama ideal para combatir el fr\u00edo y poder disfrutar del ciclismo durante el invierno. El tejido SUPERROUBAIX que lo compone retiene el calor corporal y mantiene la compresi\u00f3n muscular necesaria para retardar la fatiga. Su elasticidad te permitir\u00e1 una gran libertad de movimientos. Como novedad, se ha reducido el n\u00famero de costuras para ofrecer una mayor comodidad. Los tirantes de espuma con refuerzo posterior distribuyen adecuadamente el peso para evitar lesiones y as\u00ed podr\u00e1s disfrutar del ciclismo durante horas. Al final de las piernas tiene una banda el\u00e1stica con un grip de silicona hipoalerg\u00e9nica en su interior. \u00c9sta mantiene la prenda bien sujeta a la pierna. En la zona posterior tiene un detalle reflectante que aumentar\u00e1 tu seguridad ya que reflejar\u00e1 la luz de los veh\u00edculos. Equipado con la badana MUSTANG de elastic interface compuesta de 3 densidades que se adaptar\u00e1 a tu anatom\u00eda y estilo de pedaleo.\" \/>\n<meta property=\"og:url\" content=\"https:\/\/www.inverseteams.com\/es\/producto\/culotte-largo-pure-neko-black-hombre\/\" \/>\n<meta property=\"og:site_name\" content=\"Inverseteams\" \/>\n<meta property=\"article:publisher\" content=\"https:\/\/www.facebook.com\/inverseteams\" \/>\n<meta property=\"article:modified_time\" content=\"2026-02-20T10:55:42+00:00\" \/>\n<meta property=\"og:image\" content=\"https:\/\/www.inverseteams.com\/wp-content\/uploads\/INVERSE-CULOTTE-PURE-NEKO-BLACK-001.jpg\" \/>\n\t<meta property=\"og:image:width\" content=\"1500\" \/>\n\t<meta property=\"og:image:height\" content=\"1612\" \/>\n\t<meta property=\"og:image:type\" content=\"image\/jpeg\" \/>\n<meta name=\"twitter:card\" content=\"summary_large_image\" \/>\n<meta name=\"twitter:label1\" content=\"Tiempo de lectura\" \/>\n\t<meta name=\"twitter:data1\" content=\"1 minuto\" \/>\n<script type=\"application\/ld+json\" class=\"yoast-schema-graph\">{\"@context\":\"https:\\\/\\\/schema.org\",\"@graph\":[{\"@type\":\"WebPage\",\"@id\":\"https:\\\/\\\/www.inverseteams.com\\\/es\\\/producto\\\/culotte-largo-pure-neko-black-hombre\\\/\",\"url\":\"https:\\\/\\\/www.inverseteams.com\\\/es\\\/producto\\\/culotte-largo-pure-neko-black-hombre\\\/\",\"name\":\"Culotte largo PURE NEKO BLACK (HOMBRE) | Inverseteams\",\"isPartOf\":{\"@id\":\"https:\\\/\\\/www.inverseteams.com\\\/es\\\/#website\"},\"primaryImageOfPage\":{\"@id\":\"https:\\\/\\\/www.inverseteams.com\\\/es\\\/producto\\\/culotte-largo-pure-neko-black-hombre\\\/#primaryimage\"},\"image\":{\"@id\":\"https:\\\/\\\/www.inverseteams.com\\\/es\\\/producto\\\/culotte-largo-pure-neko-black-hombre\\\/#primaryimage\"},\"thumbnailUrl\":\"https:\\\/\\\/www.inverseteams.com\\\/wp-content\\\/uploads\\\/INVERSE-CULOTTE-PURE-NEKO-BLACK-001.jpg\",\"datePublished\":\"2025-10-03T15:33:02+00:00\",\"dateModified\":\"2026-02-20T10:55:42+00:00\",\"description\":\"Extraordinario pantal\u00f3n de ciclismo de alta gama ideal para combatir el fr\u00edo y poder disfrutar del ciclismo durante el invierno. El tejido SUPERROUBAIX que lo compone retiene el calor corporal y mantiene la compresi\u00f3n muscular necesaria para retardar la fatiga. Su elasticidad te permitir\u00e1 una gran libertad de movimientos. Como novedad, se ha reducido el n\u00famero de costuras para ofrecer una mayor comodidad. Los tirantes de espuma con refuerzo posterior distribuyen adecuadamente el peso para evitar lesiones y as\u00ed podr\u00e1s disfrutar del ciclismo durante horas. Al final de las piernas tiene una banda el\u00e1stica con un grip de silicona hipoalerg\u00e9nica en su interior. \u00c9sta mantiene la prenda bien sujeta a la pierna. En la zona posterior tiene un detalle reflectante que aumentar\u00e1 tu seguridad ya que reflejar\u00e1 la luz de los veh\u00edculos. Equipado con la badana MUSTANG de elastic interface compuesta de 3 densidades que se adaptar\u00e1 a tu anatom\u00eda y estilo de pedaleo.\",\"breadcrumb\":{\"@id\":\"https:\\\/\\\/www.inverseteams.com\\\/es\\\/producto\\\/culotte-largo-pure-neko-black-hombre\\\/#breadcrumb\"},\"inLanguage\":\"es\",\"potentialAction\":[{\"@type\":\"ReadAction\",\"target\":[\"https:\\\/\\\/www.inverseteams.com\\\/es\\\/producto\\\/culotte-largo-pure-neko-black-hombre\\\/\"]}]},{\"@type\":\"ImageObject\",\"inLanguage\":\"es\",\"@id\":\"https:\\\/\\\/www.inverseteams.com\\\/es\\\/producto\\\/culotte-largo-pure-neko-black-hombre\\\/#primaryimage\",\"url\":\"https:\\\/\\\/www.inverseteams.com\\\/wp-content\\\/uploads\\\/INVERSE-CULOTTE-PURE-NEKO-BLACK-001.jpg\",\"contentUrl\":\"https:\\\/\\\/www.inverseteams.com\\\/wp-content\\\/uploads\\\/INVERSE-CULOTTE-PURE-NEKO-BLACK-001.jpg\",\"width\":1500,\"height\":1612,\"caption\":\"Culotte largo ciclismo negro inverse\"},{\"@type\":\"BreadcrumbList\",\"@id\":\"https:\\\/\\\/www.inverseteams.com\\\/es\\\/producto\\\/culotte-largo-pure-neko-black-hombre\\\/#breadcrumb\",\"itemListElement\":[{\"@type\":\"ListItem\",\"position\":1,\"name\":\"Portada\",\"item\":\"https:\\\/\\\/www.inverseteams.com\\\/es\\\/\"},{\"@type\":\"ListItem\",\"position\":2,\"name\":\"Tienda\",\"item\":\"https:\\\/\\\/www.inverseteams.com\\\/es\\\/tienda\\\/\"},{\"@type\":\"ListItem\",\"position\":3,\"name\":\"Culotte largo PURE NEKO BLACK (HOMBRE)\"}]},{\"@type\":\"WebSite\",\"@id\":\"https:\\\/\\\/www.inverseteams.com\\\/es\\\/#website\",\"url\":\"https:\\\/\\\/www.inverseteams.com\\\/es\\\/\",\"name\":\"Inverseteams\",\"description\":\"Tu marca de ropa deportiva personalizada\",\"publisher\":{\"@id\":\"https:\\\/\\\/www.inverseteams.com\\\/es\\\/#organization\"},\"potentialAction\":[{\"@type\":\"SearchAction\",\"target\":{\"@type\":\"EntryPoint\",\"urlTemplate\":\"https:\\\/\\\/www.inverseteams.com\\\/es\\\/?s={search_term_string}\"},\"query-input\":{\"@type\":\"PropertyValueSpecification\",\"valueRequired\":true,\"valueName\":\"search_term_string\"}}],\"inLanguage\":\"es\"},{\"@type\":\"Organization\",\"@id\":\"https:\\\/\\\/www.inverseteams.com\\\/es\\\/#organization\",\"name\":\"Inverse Teams\",\"url\":\"https:\\\/\\\/www.inverseteams.com\\\/es\\\/\",\"logo\":{\"@type\":\"ImageObject\",\"inLanguage\":\"es\",\"@id\":\"https:\\\/\\\/www.inverseteams.com\\\/es\\\/#\\\/schema\\\/logo\\\/image\\\/\",\"url\":\"http:\\\/\\\/www.inverseteams.com\\\/wp-content\\\/uploads\\\/2021\\\/03\\\/logo-inverse-teams.png\",\"contentUrl\":\"http:\\\/\\\/www.inverseteams.com\\\/wp-content\\\/uploads\\\/2021\\\/03\\\/logo-inverse-teams.png\",\"width\":294,\"height\":99,\"caption\":\"Inverse Teams\"},\"image\":{\"@id\":\"https:\\\/\\\/www.inverseteams.com\\\/es\\\/#\\\/schema\\\/logo\\\/image\\\/\"},\"sameAs\":[\"https:\\\/\\\/www.facebook.com\\\/inverseteams\",\"http:\\\/\\\/instagram.com\\\/inverseteams\",\"https:\\\/\\\/www.linkedin.com\\\/company\\\/inverse-cirosport-s-l-?trk=job_view_topcard_company_name\",\"http:\\\/\\\/www.pinterest.com\\\/inverseteams\\\/\",\"http:\\\/\\\/www.youtube.com\\\/user\\\/inverseteams?feature=watch\"]}]}<\/script>\n<!-- \/ Yoast SEO plugin. -->","yoast_head_json":{"title":"Culotte largo PURE NEKO BLACK (HOMBRE) | Inverseteams","description":"Extraordinario pantal\u00f3n de ciclismo de alta gama ideal para combatir el fr\u00edo y poder disfrutar del ciclismo durante el invierno. El tejido SUPERROUBAIX que lo compone retiene el calor corporal y mantiene la compresi\u00f3n muscular necesaria para retardar la fatiga. Su elasticidad te permitir\u00e1 una gran libertad de movimientos. Como novedad, se ha reducido el n\u00famero de costuras para ofrecer una mayor comodidad. Los tirantes de espuma con refuerzo posterior distribuyen adecuadamente el peso para evitar lesiones y as\u00ed podr\u00e1s disfrutar del ciclismo durante horas. Al final de las piernas tiene una banda el\u00e1stica con un grip de silicona hipoalerg\u00e9nica en su interior. \u00c9sta mantiene la prenda bien sujeta a la pierna. En la zona posterior tiene un detalle reflectante que aumentar\u00e1 tu seguridad ya que reflejar\u00e1 la luz de los veh\u00edculos. Equipado con la badana MUSTANG de elastic interface compuesta de 3 densidades que se adaptar\u00e1 a tu anatom\u00eda y estilo de pedaleo.","robots":{"index":"index","follow":"follow","max-snippet":"max-snippet:-1","max-image-preview":"max-image-preview:large","max-video-preview":"max-video-preview:-1"},"canonical":"https:\/\/www.inverseteams.com\/es\/producto\/culotte-largo-pure-neko-black-hombre\/","og_locale":"es_ES","og_type":"article","og_title":"Culotte largo PURE NEKO BLACK (HOMBRE) | Inverseteams","og_description":"Extraordinario pantal\u00f3n de ciclismo de alta gama ideal para combatir el fr\u00edo y poder disfrutar del ciclismo durante el invierno. El tejido SUPERROUBAIX que lo compone retiene el calor corporal y mantiene la compresi\u00f3n muscular necesaria para retardar la fatiga. Su elasticidad te permitir\u00e1 una gran libertad de movimientos. Como novedad, se ha reducido el n\u00famero de costuras para ofrecer una mayor comodidad. Los tirantes de espuma con refuerzo posterior distribuyen adecuadamente el peso para evitar lesiones y as\u00ed podr\u00e1s disfrutar del ciclismo durante horas. Al final de las piernas tiene una banda el\u00e1stica con un grip de silicona hipoalerg\u00e9nica en su interior. \u00c9sta mantiene la prenda bien sujeta a la pierna. En la zona posterior tiene un detalle reflectante que aumentar\u00e1 tu seguridad ya que reflejar\u00e1 la luz de los veh\u00edculos. Equipado con la badana MUSTANG de elastic interface compuesta de 3 densidades que se adaptar\u00e1 a tu anatom\u00eda y estilo de pedaleo.","og_url":"https:\/\/www.inverseteams.com\/es\/producto\/culotte-largo-pure-neko-black-hombre\/","og_site_name":"Inverseteams","article_publisher":"https:\/\/www.facebook.com\/inverseteams","article_modified_time":"2026-02-20T10:55:42+00:00","og_image":[{"width":1500,"height":1612,"url":"https:\/\/www.inverseteams.com\/wp-content\/uploads\/INVERSE-CULOTTE-PURE-NEKO-BLACK-001.jpg","type":"image\/jpeg"}],"twitter_card":"summary_large_image","twitter_misc":{"Tiempo de lectura":"1 minuto"},"schema":{"@context":"https:\/\/schema.org","@graph":[{"@type":"WebPage","@id":"https:\/\/www.inverseteams.com\/es\/producto\/culotte-largo-pure-neko-black-hombre\/","url":"https:\/\/www.inverseteams.com\/es\/producto\/culotte-largo-pure-neko-black-hombre\/","name":"Culotte largo PURE NEKO BLACK (HOMBRE) | Inverseteams","isPartOf":{"@id":"https:\/\/www.inverseteams.com\/es\/#website"},"primaryImageOfPage":{"@id":"https:\/\/www.inverseteams.com\/es\/producto\/culotte-largo-pure-neko-black-hombre\/#primaryimage"},"image":{"@id":"https:\/\/www.inverseteams.com\/es\/producto\/culotte-largo-pure-neko-black-hombre\/#primaryimage"},"thumbnailUrl":"https:\/\/www.inverseteams.com\/wp-content\/uploads\/INVERSE-CULOTTE-PURE-NEKO-BLACK-001.jpg","datePublished":"2025-10-03T15:33:02+00:00","dateModified":"2026-02-20T10:55:42+00:00","description":"Extraordinario pantal\u00f3n de ciclismo de alta gama ideal para combatir el fr\u00edo y poder disfrutar del ciclismo durante el invierno. El tejido SUPERROUBAIX que lo compone retiene el calor corporal y mantiene la compresi\u00f3n muscular necesaria para retardar la fatiga. Su elasticidad te permitir\u00e1 una gran libertad de movimientos. Como novedad, se ha reducido el n\u00famero de costuras para ofrecer una mayor comodidad. Los tirantes de espuma con refuerzo posterior distribuyen adecuadamente el peso para evitar lesiones y as\u00ed podr\u00e1s disfrutar del ciclismo durante horas. Al final de las piernas tiene una banda el\u00e1stica con un grip de silicona hipoalerg\u00e9nica en su interior. \u00c9sta mantiene la prenda bien sujeta a la pierna. En la zona posterior tiene un detalle reflectante que aumentar\u00e1 tu seguridad ya que reflejar\u00e1 la luz de los veh\u00edculos. Equipado con la badana MUSTANG de elastic interface compuesta de 3 densidades que se adaptar\u00e1 a tu anatom\u00eda y estilo de pedaleo.","breadcrumb":{"@id":"https:\/\/www.inverseteams.com\/es\/producto\/culotte-largo-pure-neko-black-hombre\/#breadcrumb"},"inLanguage":"es","potentialAction":[{"@type":"ReadAction","target":["https:\/\/www.inverseteams.com\/es\/producto\/culotte-largo-pure-neko-black-hombre\/"]}]},{"@type":"ImageObject","inLanguage":"es","@id":"https:\/\/www.inverseteams.com\/es\/producto\/culotte-largo-pure-neko-black-hombre\/#primaryimage","url":"https:\/\/www.inverseteams.com\/wp-content\/uploads\/INVERSE-CULOTTE-PURE-NEKO-BLACK-001.jpg","contentUrl":"https:\/\/www.inverseteams.com\/wp-content\/uploads\/INVERSE-CULOTTE-PURE-NEKO-BLACK-001.jpg","width":1500,"height":1612,"caption":"Culotte largo ciclismo negro inverse"},{"@type":"BreadcrumbList","@id":"https:\/\/www.inverseteams.com\/es\/producto\/culotte-largo-pure-neko-black-hombre\/#breadcrumb","itemListElement":[{"@type":"ListItem","position":1,"name":"Portada","item":"https:\/\/www.inverseteams.com\/es\/"},{"@type":"ListItem","position":2,"name":"Tienda","item":"https:\/\/www.inverseteams.com\/es\/tienda\/"},{"@type":"ListItem","position":3,"name":"Culotte largo PURE NEKO BLACK (HOMBRE)"}]},{"@type":"WebSite","@id":"https:\/\/www.inverseteams.com\/es\/#website","url":"https:\/\/www.inverseteams.com\/es\/","name":"Inverseteams","description":"Tu marca de ropa deportiva personalizada","publisher":{"@id":"https:\/\/www.inverseteams.com\/es\/#organization"},"potentialAction":[{"@type":"SearchAction","target":{"@type":"EntryPoint","urlTemplate":"https:\/\/www.inverseteams.com\/es\/?s={search_term_string}"},"query-input":{"@type":"PropertyValueSpecification","valueRequired":true,"valueName":"search_term_string"}}],"inLanguage":"es"},{"@type":"Organization","@id":"https:\/\/www.inverseteams.com\/es\/#organization","name":"Inverse Teams","url":"https:\/\/www.inverseteams.com\/es\/","logo":{"@type":"ImageObject","inLanguage":"es","@id":"https:\/\/www.inverseteams.com\/es\/#\/schema\/logo\/image\/","url":"https:\/\/www.inverseteams.com\/wp-content\/uploads\/2021\/03\/logo-inverse-teams.png","contentUrl":"https:\/\/www.inverseteams.com\/wp-content\/uploads\/2021\/03\/logo-inverse-teams.png","width":294,"height":99,"caption":"Inverse Teams"},"image":{"@id":"https:\/\/www.inverseteams.com\/es\/#\/schema\/logo\/image\/"},"sameAs":["https:\/\/www.facebook.com\/inverseteams","http:\/\/instagram.com\/inverseteams","https:\/\/www.linkedin.com\/company\/inverse-cirosport-s-l-?trk=job_view_topcard_company_name","http:\/\/www.pinterest.com\/inverseteams\/","http:\/\/www.youtube.com\/user\/inverseteams?feature=watch"]}]}},"_links":{"self":[{"href":"https:\/\/www.inverseteams.com\/es\/wp-json\/wp\/v2\/product\/269323","targetHints":{"allow":["GET"]}}],"collection":[{"href":"https:\/\/www.inverseteams.com\/es\/wp-json\/wp\/v2\/product"}],"about":[{"href":"https:\/\/www.inverseteams.com\/es\/wp-json\/wp\/v2\/types\/product"}],"replies":[{"embeddable":true,"href":"https:\/\/www.inverseteams.com\/es\/wp-json\/wp\/v2\/comments?post=269323"}],"wp:featuredmedia":[{"embeddable":true,"href":"https:\/\/www.inverseteams.com\/es\/wp-json\/wp\/v2\/media\/270626"}],"wp:attachment":[{"href":"https:\/\/www.inverseteams.com\/es\/wp-json\/wp\/v2\/media?parent=269323"}],"wp:term":[{"taxonomy":"product_brand","embeddable":true,"href":"https:\/\/www.inverseteams.com\/es\/wp-json\/wp\/v2\/product_brand?post=269323"},{"taxonomy":"product_cat","embeddable":true,"href":"https:\/\/www.inverseteams.com\/es\/wp-json\/wp\/v2\/product_cat?post=269323"},{"taxonomy":"product_tag","embeddable":true,"href":"https:\/\/www.inverseteams.com\/es\/wp-json\/wp\/v2\/product_tag?post=269323"},{"taxonomy":"custom_category","embeddable":true,"href":"https:\/\/www.inverseteams.com\/es\/wp-json\/wp\/v2\/custom_category?post=269323"},{"taxonomy":"range","embeddable":true,"href":"https:\/\/www.inverseteams.com\/es\/wp-json\/wp\/v2\/range?post=269323"}],"curies":[{"name":"wp","href":"https:\/\/api.w.org\/{rel}","templated":true}]}}