{"id":269287,"date":"2025-10-03T15:23:16","date_gmt":"2025-10-03T15:23:16","guid":{"rendered":"https:\/\/www.inverseteams.com\/?post_type=product&#038;p=269287"},"modified":"2026-02-20T11:55:40","modified_gmt":"2026-02-20T10:55:40","slug":"chaqueta-membrana-pure-helios-brownies-hombre","status":"publish","type":"product","link":"https:\/\/www.inverseteams.com\/es\/producto\/chaqueta-membrana-pure-helios-brownies-hombre\/","title":{"rendered":"Chaqueta membrana PURE HELIOS BROWNIES (HOMBRE)"},"content":{"rendered":"<p>Chaqueta t\u00e9rmica para hombre con un dise\u00f1o innovador que mejora la aerodin\u00e1mica sobre la bicicleta ante climatolog\u00eda adversa.<br \/>\nConfeccionada con tejido HydroLayer-X con estructura trilaminada con membrana intermedia que protege contra el viento y la lluvia. El tejido de las axilas es transpirable, mientras que los laterales y bajo manga est\u00e1n fabricados con un tejido impermeable y de gran elasticidad.<br \/>\nLas novedades de esta temporada incluyen una nueva forma de pu\u00f1o cortado a l\u00e1ser para un ajuste perfecto, una innovadora cremallera integral imantada de doble carro e impermeable (SBS), una tira textil en la parte trasera que sirve como colgador, y una apertura en la espalda para mejorar la transpiraci\u00f3n y la ergonom\u00eda corporal.<br \/>\nEn la parte superior dispone de un bolsillo doble IN-POCKET con gamuza incorporada y tejido de rejilla.<br \/>\nAdem\u00e1s, dispone de 3 amplios bolsillos en la zona lumbar y un bolsillo lateral de rejilla.<\/p>\n","protected":false},"excerpt":{"rendered":"<p>Chaqueta t\u00e9rmica para hombre con un dise\u00f1o innovador que mejora la aerodin\u00e1mica sobre la bicicleta ante climatolog\u00eda adversa.<br \/>\nConfeccionada con tejido HydroLayer-X con estructura trilaminada con membrana intermedia que protege contra el viento y la lluvia. El tejido de las axilas es transpirable, mientras que los laterales y bajo manga est\u00e1n fabricados con un tejido impermeable y de gran elasticidad.<br \/>\nLas novedades de esta temporada incluyen una nueva forma de pu\u00f1o cortado a l\u00e1ser para un ajuste perfecto, una innovadora cremallera integral imantada de doble carro e impermeable (SBS), una tira textil en la parte trasera que sirve como colgador, y una apertura en la espalda para mejorar la transpiraci\u00f3n y la ergonom\u00eda corporal.<br \/>\nEn la parte superior dispone de un bolsillo doble IN-POCKET con gamuza incorporada y tejido de rejilla.<br \/>\nAdem\u00e1s, dispone de 3 amplios bolsillos en la zona lumbar y un bolsillo lateral de rejilla.<\/p>\n","protected":false},"featured_media":270059,"comment_status":"closed","ping_status":"closed","template":"","meta":{"_acf_changed":false},"product_brand":[],"product_cat":[132,2761,7174],"product_tag":[],"custom_category":[],"range":[],"class_list":{"0":"post-269287","1":"product","2":"type-product","3":"status-publish","4":"has-post-thumbnail","6":"product_cat-ciclismo","7":"product_cat-chaqueta-ciclismo","8":"product_cat-b2b","9":"pa_climatologia-frio","10":"pa_climatologia-viento","11":"pa_climatologia-lluvia","12":"pa_deporte-ciclismo","13":"pa_genero-hombre","14":"pa_patronaje-fit","15":"pa_talla-s","16":"pa_talla-m","17":"pa_talla-l","18":"pa_talla-xl","19":"pa_talla-xxl","20":"pa_tipo-de-prenda-chaqueta","22":"first","23":"instock","24":"taxable","25":"shipping-taxable","26":"purchasable","27":"product-type-variable","28":"has-default-attributes"},"acf":[],"yoast_head":"<!-- This site is optimized with the Yoast SEO plugin v27.3 - https:\/\/yoast.com\/product\/yoast-seo-wordpress\/ -->\n<title>Chaqueta membrana PURE HELIOS BROWNIES (HOMBRE) | Inverseteams<\/title>\n<meta name=\"description\" content=\"Chaqueta t\u00e9rmica para hombre con un dise\u00f1o innovador que mejora la aerodin\u00e1mica sobre la bicicleta ante climatolog\u00eda adversa. Confeccionada con tejido HydroLayer-X con estructura trilaminada con membrana intermedia que protege contra el viento y la lluvia. El tejido de las axilas es transpirable, mientras que los laterales y bajo manga est\u00e1n fabricados con un tejido impermeable y de gran elasticidad. Las novedades de esta temporada incluyen una nueva forma de pu\u00f1o cortado a l\u00e1ser para un ajuste perfecto, una innovadora cremallera integral imantada de doble carro e impermeable (SBS), una tira textil en la parte trasera que sirve como colgador, y una apertura en la espalda para mejorar la transpiraci\u00f3n y la ergonom\u00eda corporal. En la parte superior dispone de un bolsillo doble IN-POCKET con gamuza incorporada y tejido de rejilla. Adem\u00e1s, dispone de 3 amplios bolsillos en la zona lumbar y un bolsillo lateral de rejilla.\" \/>\n<meta name=\"robots\" content=\"index, follow, max-snippet:-1, max-image-preview:large, max-video-preview:-1\" \/>\n<link rel=\"canonical\" href=\"https:\/\/www.inverseteams.com\/es\/producto\/chaqueta-membrana-pure-helios-brownies-hombre\/\" \/>\n<meta property=\"og:locale\" content=\"es_ES\" \/>\n<meta property=\"og:type\" content=\"article\" \/>\n<meta property=\"og:title\" content=\"Chaqueta membrana PURE HELIOS BROWNIES (HOMBRE) | Inverseteams\" \/>\n<meta property=\"og:description\" content=\"Chaqueta t\u00e9rmica para hombre con un dise\u00f1o innovador que mejora la aerodin\u00e1mica sobre la bicicleta ante climatolog\u00eda adversa. Confeccionada con tejido HydroLayer-X con estructura trilaminada con membrana intermedia que protege contra el viento y la lluvia. El tejido de las axilas es transpirable, mientras que los laterales y bajo manga est\u00e1n fabricados con un tejido impermeable y de gran elasticidad. Las novedades de esta temporada incluyen una nueva forma de pu\u00f1o cortado a l\u00e1ser para un ajuste perfecto, una innovadora cremallera integral imantada de doble carro e impermeable (SBS), una tira textil en la parte trasera que sirve como colgador, y una apertura en la espalda para mejorar la transpiraci\u00f3n y la ergonom\u00eda corporal. En la parte superior dispone de un bolsillo doble IN-POCKET con gamuza incorporada y tejido de rejilla. Adem\u00e1s, dispone de 3 amplios bolsillos en la zona lumbar y un bolsillo lateral de rejilla.\" \/>\n<meta property=\"og:url\" content=\"https:\/\/www.inverseteams.com\/es\/producto\/chaqueta-membrana-pure-helios-brownies-hombre\/\" \/>\n<meta property=\"og:site_name\" content=\"Inverseteams\" \/>\n<meta property=\"article:publisher\" content=\"https:\/\/www.facebook.com\/inverseteams\" \/>\n<meta property=\"article:modified_time\" content=\"2026-02-20T10:55:40+00:00\" \/>\n<meta property=\"og:image\" content=\"https:\/\/www.inverseteams.com\/wp-content\/uploads\/INVERSE-CHAQUETA-PURE-HELIOS-BROWNIES-001.jpg\" \/>\n\t<meta property=\"og:image:width\" content=\"1500\" \/>\n\t<meta property=\"og:image:height\" content=\"1612\" \/>\n\t<meta property=\"og:image:type\" content=\"image\/jpeg\" \/>\n<meta name=\"twitter:card\" content=\"summary_large_image\" \/>\n<meta name=\"twitter:label1\" content=\"Tiempo de lectura\" \/>\n\t<meta name=\"twitter:data1\" content=\"1 minuto\" \/>\n<script type=\"application\/ld+json\" class=\"yoast-schema-graph\">{\"@context\":\"https:\\\/\\\/schema.org\",\"@graph\":[{\"@type\":\"WebPage\",\"@id\":\"https:\\\/\\\/www.inverseteams.com\\\/es\\\/producto\\\/chaqueta-membrana-pure-helios-brownies-hombre\\\/\",\"url\":\"https:\\\/\\\/www.inverseteams.com\\\/es\\\/producto\\\/chaqueta-membrana-pure-helios-brownies-hombre\\\/\",\"name\":\"Chaqueta membrana PURE HELIOS BROWNIES (HOMBRE) | Inverseteams\",\"isPartOf\":{\"@id\":\"https:\\\/\\\/www.inverseteams.com\\\/es\\\/#website\"},\"primaryImageOfPage\":{\"@id\":\"https:\\\/\\\/www.inverseteams.com\\\/es\\\/producto\\\/chaqueta-membrana-pure-helios-brownies-hombre\\\/#primaryimage\"},\"image\":{\"@id\":\"https:\\\/\\\/www.inverseteams.com\\\/es\\\/producto\\\/chaqueta-membrana-pure-helios-brownies-hombre\\\/#primaryimage\"},\"thumbnailUrl\":\"https:\\\/\\\/www.inverseteams.com\\\/wp-content\\\/uploads\\\/INVERSE-CHAQUETA-PURE-HELIOS-BROWNIES-001.jpg\",\"datePublished\":\"2025-10-03T15:23:16+00:00\",\"dateModified\":\"2026-02-20T10:55:40+00:00\",\"description\":\"Chaqueta t\u00e9rmica para hombre con un dise\u00f1o innovador que mejora la aerodin\u00e1mica sobre la bicicleta ante climatolog\u00eda adversa. Confeccionada con tejido HydroLayer-X con estructura trilaminada con membrana intermedia que protege contra el viento y la lluvia. El tejido de las axilas es transpirable, mientras que los laterales y bajo manga est\u00e1n fabricados con un tejido impermeable y de gran elasticidad. Las novedades de esta temporada incluyen una nueva forma de pu\u00f1o cortado a l\u00e1ser para un ajuste perfecto, una innovadora cremallera integral imantada de doble carro e impermeable (SBS), una tira textil en la parte trasera que sirve como colgador, y una apertura en la espalda para mejorar la transpiraci\u00f3n y la ergonom\u00eda corporal. En la parte superior dispone de un bolsillo doble IN-POCKET con gamuza incorporada y tejido de rejilla. Adem\u00e1s, dispone de 3 amplios bolsillos en la zona lumbar y un bolsillo lateral de rejilla.\",\"breadcrumb\":{\"@id\":\"https:\\\/\\\/www.inverseteams.com\\\/es\\\/producto\\\/chaqueta-membrana-pure-helios-brownies-hombre\\\/#breadcrumb\"},\"inLanguage\":\"es\",\"potentialAction\":[{\"@type\":\"ReadAction\",\"target\":[\"https:\\\/\\\/www.inverseteams.com\\\/es\\\/producto\\\/chaqueta-membrana-pure-helios-brownies-hombre\\\/\"]}]},{\"@type\":\"ImageObject\",\"inLanguage\":\"es\",\"@id\":\"https:\\\/\\\/www.inverseteams.com\\\/es\\\/producto\\\/chaqueta-membrana-pure-helios-brownies-hombre\\\/#primaryimage\",\"url\":\"https:\\\/\\\/www.inverseteams.com\\\/wp-content\\\/uploads\\\/INVERSE-CHAQUETA-PURE-HELIOS-BROWNIES-001.jpg\",\"contentUrl\":\"https:\\\/\\\/www.inverseteams.com\\\/wp-content\\\/uploads\\\/INVERSE-CHAQUETA-PURE-HELIOS-BROWNIES-001.jpg\",\"width\":1500,\"height\":1612,\"caption\":\"chaqueta ciclismo inverse marron\"},{\"@type\":\"BreadcrumbList\",\"@id\":\"https:\\\/\\\/www.inverseteams.com\\\/es\\\/producto\\\/chaqueta-membrana-pure-helios-brownies-hombre\\\/#breadcrumb\",\"itemListElement\":[{\"@type\":\"ListItem\",\"position\":1,\"name\":\"Portada\",\"item\":\"https:\\\/\\\/www.inverseteams.com\\\/es\\\/\"},{\"@type\":\"ListItem\",\"position\":2,\"name\":\"Tienda\",\"item\":\"https:\\\/\\\/www.inverseteams.com\\\/es\\\/tienda\\\/\"},{\"@type\":\"ListItem\",\"position\":3,\"name\":\"Chaqueta membrana PURE HELIOS BROWNIES (HOMBRE)\"}]},{\"@type\":\"WebSite\",\"@id\":\"https:\\\/\\\/www.inverseteams.com\\\/es\\\/#website\",\"url\":\"https:\\\/\\\/www.inverseteams.com\\\/es\\\/\",\"name\":\"Inverseteams\",\"description\":\"Tu marca de ropa deportiva personalizada\",\"publisher\":{\"@id\":\"https:\\\/\\\/www.inverseteams.com\\\/es\\\/#organization\"},\"potentialAction\":[{\"@type\":\"SearchAction\",\"target\":{\"@type\":\"EntryPoint\",\"urlTemplate\":\"https:\\\/\\\/www.inverseteams.com\\\/es\\\/?s={search_term_string}\"},\"query-input\":{\"@type\":\"PropertyValueSpecification\",\"valueRequired\":true,\"valueName\":\"search_term_string\"}}],\"inLanguage\":\"es\"},{\"@type\":\"Organization\",\"@id\":\"https:\\\/\\\/www.inverseteams.com\\\/es\\\/#organization\",\"name\":\"Inverse Teams\",\"url\":\"https:\\\/\\\/www.inverseteams.com\\\/es\\\/\",\"logo\":{\"@type\":\"ImageObject\",\"inLanguage\":\"es\",\"@id\":\"https:\\\/\\\/www.inverseteams.com\\\/es\\\/#\\\/schema\\\/logo\\\/image\\\/\",\"url\":\"http:\\\/\\\/www.inverseteams.com\\\/wp-content\\\/uploads\\\/2021\\\/03\\\/logo-inverse-teams.png\",\"contentUrl\":\"http:\\\/\\\/www.inverseteams.com\\\/wp-content\\\/uploads\\\/2021\\\/03\\\/logo-inverse-teams.png\",\"width\":294,\"height\":99,\"caption\":\"Inverse Teams\"},\"image\":{\"@id\":\"https:\\\/\\\/www.inverseteams.com\\\/es\\\/#\\\/schema\\\/logo\\\/image\\\/\"},\"sameAs\":[\"https:\\\/\\\/www.facebook.com\\\/inverseteams\",\"http:\\\/\\\/instagram.com\\\/inverseteams\",\"https:\\\/\\\/www.linkedin.com\\\/company\\\/inverse-cirosport-s-l-?trk=job_view_topcard_company_name\",\"http:\\\/\\\/www.pinterest.com\\\/inverseteams\\\/\",\"http:\\\/\\\/www.youtube.com\\\/user\\\/inverseteams?feature=watch\"]}]}<\/script>\n<!-- \/ Yoast SEO plugin. -->","yoast_head_json":{"title":"Chaqueta membrana PURE HELIOS BROWNIES (HOMBRE) | Inverseteams","description":"Chaqueta t\u00e9rmica para hombre con un dise\u00f1o innovador que mejora la aerodin\u00e1mica sobre la bicicleta ante climatolog\u00eda adversa. Confeccionada con tejido HydroLayer-X con estructura trilaminada con membrana intermedia que protege contra el viento y la lluvia. El tejido de las axilas es transpirable, mientras que los laterales y bajo manga est\u00e1n fabricados con un tejido impermeable y de gran elasticidad. Las novedades de esta temporada incluyen una nueva forma de pu\u00f1o cortado a l\u00e1ser para un ajuste perfecto, una innovadora cremallera integral imantada de doble carro e impermeable (SBS), una tira textil en la parte trasera que sirve como colgador, y una apertura en la espalda para mejorar la transpiraci\u00f3n y la ergonom\u00eda corporal. En la parte superior dispone de un bolsillo doble IN-POCKET con gamuza incorporada y tejido de rejilla. Adem\u00e1s, dispone de 3 amplios bolsillos en la zona lumbar y un bolsillo lateral de rejilla.","robots":{"index":"index","follow":"follow","max-snippet":"max-snippet:-1","max-image-preview":"max-image-preview:large","max-video-preview":"max-video-preview:-1"},"canonical":"https:\/\/www.inverseteams.com\/es\/producto\/chaqueta-membrana-pure-helios-brownies-hombre\/","og_locale":"es_ES","og_type":"article","og_title":"Chaqueta membrana PURE HELIOS BROWNIES (HOMBRE) | Inverseteams","og_description":"Chaqueta t\u00e9rmica para hombre con un dise\u00f1o innovador que mejora la aerodin\u00e1mica sobre la bicicleta ante climatolog\u00eda adversa. Confeccionada con tejido HydroLayer-X con estructura trilaminada con membrana intermedia que protege contra el viento y la lluvia. El tejido de las axilas es transpirable, mientras que los laterales y bajo manga est\u00e1n fabricados con un tejido impermeable y de gran elasticidad. Las novedades de esta temporada incluyen una nueva forma de pu\u00f1o cortado a l\u00e1ser para un ajuste perfecto, una innovadora cremallera integral imantada de doble carro e impermeable (SBS), una tira textil en la parte trasera que sirve como colgador, y una apertura en la espalda para mejorar la transpiraci\u00f3n y la ergonom\u00eda corporal. En la parte superior dispone de un bolsillo doble IN-POCKET con gamuza incorporada y tejido de rejilla. Adem\u00e1s, dispone de 3 amplios bolsillos en la zona lumbar y un bolsillo lateral de rejilla.","og_url":"https:\/\/www.inverseteams.com\/es\/producto\/chaqueta-membrana-pure-helios-brownies-hombre\/","og_site_name":"Inverseteams","article_publisher":"https:\/\/www.facebook.com\/inverseteams","article_modified_time":"2026-02-20T10:55:40+00:00","og_image":[{"width":1500,"height":1612,"url":"https:\/\/www.inverseteams.com\/wp-content\/uploads\/INVERSE-CHAQUETA-PURE-HELIOS-BROWNIES-001.jpg","type":"image\/jpeg"}],"twitter_card":"summary_large_image","twitter_misc":{"Tiempo de lectura":"1 minuto"},"schema":{"@context":"https:\/\/schema.org","@graph":[{"@type":"WebPage","@id":"https:\/\/www.inverseteams.com\/es\/producto\/chaqueta-membrana-pure-helios-brownies-hombre\/","url":"https:\/\/www.inverseteams.com\/es\/producto\/chaqueta-membrana-pure-helios-brownies-hombre\/","name":"Chaqueta membrana PURE HELIOS BROWNIES (HOMBRE) | Inverseteams","isPartOf":{"@id":"https:\/\/www.inverseteams.com\/es\/#website"},"primaryImageOfPage":{"@id":"https:\/\/www.inverseteams.com\/es\/producto\/chaqueta-membrana-pure-helios-brownies-hombre\/#primaryimage"},"image":{"@id":"https:\/\/www.inverseteams.com\/es\/producto\/chaqueta-membrana-pure-helios-brownies-hombre\/#primaryimage"},"thumbnailUrl":"https:\/\/www.inverseteams.com\/wp-content\/uploads\/INVERSE-CHAQUETA-PURE-HELIOS-BROWNIES-001.jpg","datePublished":"2025-10-03T15:23:16+00:00","dateModified":"2026-02-20T10:55:40+00:00","description":"Chaqueta t\u00e9rmica para hombre con un dise\u00f1o innovador que mejora la aerodin\u00e1mica sobre la bicicleta ante climatolog\u00eda adversa. Confeccionada con tejido HydroLayer-X con estructura trilaminada con membrana intermedia que protege contra el viento y la lluvia. El tejido de las axilas es transpirable, mientras que los laterales y bajo manga est\u00e1n fabricados con un tejido impermeable y de gran elasticidad. Las novedades de esta temporada incluyen una nueva forma de pu\u00f1o cortado a l\u00e1ser para un ajuste perfecto, una innovadora cremallera integral imantada de doble carro e impermeable (SBS), una tira textil en la parte trasera que sirve como colgador, y una apertura en la espalda para mejorar la transpiraci\u00f3n y la ergonom\u00eda corporal. En la parte superior dispone de un bolsillo doble IN-POCKET con gamuza incorporada y tejido de rejilla. Adem\u00e1s, dispone de 3 amplios bolsillos en la zona lumbar y un bolsillo lateral de rejilla.","breadcrumb":{"@id":"https:\/\/www.inverseteams.com\/es\/producto\/chaqueta-membrana-pure-helios-brownies-hombre\/#breadcrumb"},"inLanguage":"es","potentialAction":[{"@type":"ReadAction","target":["https:\/\/www.inverseteams.com\/es\/producto\/chaqueta-membrana-pure-helios-brownies-hombre\/"]}]},{"@type":"ImageObject","inLanguage":"es","@id":"https:\/\/www.inverseteams.com\/es\/producto\/chaqueta-membrana-pure-helios-brownies-hombre\/#primaryimage","url":"https:\/\/www.inverseteams.com\/wp-content\/uploads\/INVERSE-CHAQUETA-PURE-HELIOS-BROWNIES-001.jpg","contentUrl":"https:\/\/www.inverseteams.com\/wp-content\/uploads\/INVERSE-CHAQUETA-PURE-HELIOS-BROWNIES-001.jpg","width":1500,"height":1612,"caption":"chaqueta ciclismo inverse marron"},{"@type":"BreadcrumbList","@id":"https:\/\/www.inverseteams.com\/es\/producto\/chaqueta-membrana-pure-helios-brownies-hombre\/#breadcrumb","itemListElement":[{"@type":"ListItem","position":1,"name":"Portada","item":"https:\/\/www.inverseteams.com\/es\/"},{"@type":"ListItem","position":2,"name":"Tienda","item":"https:\/\/www.inverseteams.com\/es\/tienda\/"},{"@type":"ListItem","position":3,"name":"Chaqueta membrana PURE HELIOS BROWNIES (HOMBRE)"}]},{"@type":"WebSite","@id":"https:\/\/www.inverseteams.com\/es\/#website","url":"https:\/\/www.inverseteams.com\/es\/","name":"Inverseteams","description":"Tu marca de ropa deportiva personalizada","publisher":{"@id":"https:\/\/www.inverseteams.com\/es\/#organization"},"potentialAction":[{"@type":"SearchAction","target":{"@type":"EntryPoint","urlTemplate":"https:\/\/www.inverseteams.com\/es\/?s={search_term_string}"},"query-input":{"@type":"PropertyValueSpecification","valueRequired":true,"valueName":"search_term_string"}}],"inLanguage":"es"},{"@type":"Organization","@id":"https:\/\/www.inverseteams.com\/es\/#organization","name":"Inverse Teams","url":"https:\/\/www.inverseteams.com\/es\/","logo":{"@type":"ImageObject","inLanguage":"es","@id":"https:\/\/www.inverseteams.com\/es\/#\/schema\/logo\/image\/","url":"https:\/\/www.inverseteams.com\/wp-content\/uploads\/2021\/03\/logo-inverse-teams.png","contentUrl":"https:\/\/www.inverseteams.com\/wp-content\/uploads\/2021\/03\/logo-inverse-teams.png","width":294,"height":99,"caption":"Inverse Teams"},"image":{"@id":"https:\/\/www.inverseteams.com\/es\/#\/schema\/logo\/image\/"},"sameAs":["https:\/\/www.facebook.com\/inverseteams","http:\/\/instagram.com\/inverseteams","https:\/\/www.linkedin.com\/company\/inverse-cirosport-s-l-?trk=job_view_topcard_company_name","http:\/\/www.pinterest.com\/inverseteams\/","http:\/\/www.youtube.com\/user\/inverseteams?feature=watch"]}]}},"_links":{"self":[{"href":"https:\/\/www.inverseteams.com\/es\/wp-json\/wp\/v2\/product\/269287","targetHints":{"allow":["GET"]}}],"collection":[{"href":"https:\/\/www.inverseteams.com\/es\/wp-json\/wp\/v2\/product"}],"about":[{"href":"https:\/\/www.inverseteams.com\/es\/wp-json\/wp\/v2\/types\/product"}],"replies":[{"embeddable":true,"href":"https:\/\/www.inverseteams.com\/es\/wp-json\/wp\/v2\/comments?post=269287"}],"wp:featuredmedia":[{"embeddable":true,"href":"https:\/\/www.inverseteams.com\/es\/wp-json\/wp\/v2\/media\/270059"}],"wp:attachment":[{"href":"https:\/\/www.inverseteams.com\/es\/wp-json\/wp\/v2\/media?parent=269287"}],"wp:term":[{"taxonomy":"product_brand","embeddable":true,"href":"https:\/\/www.inverseteams.com\/es\/wp-json\/wp\/v2\/product_brand?post=269287"},{"taxonomy":"product_cat","embeddable":true,"href":"https:\/\/www.inverseteams.com\/es\/wp-json\/wp\/v2\/product_cat?post=269287"},{"taxonomy":"product_tag","embeddable":true,"href":"https:\/\/www.inverseteams.com\/es\/wp-json\/wp\/v2\/product_tag?post=269287"},{"taxonomy":"custom_category","embeddable":true,"href":"https:\/\/www.inverseteams.com\/es\/wp-json\/wp\/v2\/custom_category?post=269287"},{"taxonomy":"range","embeddable":true,"href":"https:\/\/www.inverseteams.com\/es\/wp-json\/wp\/v2\/range?post=269287"}],"curies":[{"name":"wp","href":"https:\/\/api.w.org\/{rel}","templated":true}]}}