{"id":269245,"date":"2025-10-03T15:11:40","date_gmt":"2025-10-03T15:11:40","guid":{"rendered":"https:\/\/www.inverseteams.com\/?post_type=product&#038;p=269245"},"modified":"2026-02-20T11:55:39","modified_gmt":"2026-02-20T10:55:39","slug":"maillot-manga-larga-pure-level-berry-hombre","status":"publish","type":"product","link":"https:\/\/www.inverseteams.com\/es\/producto\/maillot-manga-larga-pure-level-berry-hombre\/","title":{"rendered":"Maillot manga larga PURE LEVEL BERRY (HOMBRE)"},"content":{"rendered":"<p>Maillot ciclismo premium para hombre muy ajustado al cuerpo para mejorar la aerodin\u00e1mica sobre la bicicleta. Con una construcci\u00f3n innovadora que ofrece adaptabilidad y compresi\u00f3n. Ofrece un dise\u00f1o ergon\u00f3mico que aporta mayor confort.<br \/>\nEl cuerpo delantero, mangas y espalda est\u00e1n confeccionados con tejido t\u00e9rmico SUPERROUBAIX mientras que los laterales incorporan tejido CYCLON, que favorecen la transpirabilidad. Los pu\u00f1os de goma espuma ofrecen una sujeci\u00f3n suave. El cuello cuenta con una pieza interior tipo SCUBA para un ajuste m\u00e1s adaptable. Como novedad, dispone de una tira textil de silicona que act\u00faa como colgador.<br \/>\nEn la parte trasera, incluye 3 bolsillos y uno adicional de malla con f\u00e1cil acceso. Tambi\u00e9n incorpora bolsillos extra en los laterales. La cintura tiene un acabado con ribete el\u00e1stico con silicona.<\/p>\n","protected":false},"excerpt":{"rendered":"<p>Maillot ciclismo premium para hombre muy ajustado al cuerpo para mejorar la aerodin\u00e1mica sobre la bicicleta. Con una construcci\u00f3n innovadora que ofrece adaptabilidad y compresi\u00f3n. Ofrece un dise\u00f1o ergon\u00f3mico que aporta mayor confort.<br \/>\nEl cuerpo delantero, mangas y espalda est\u00e1n confeccionados con tejido t\u00e9rmico SUPERROUBAIX mientras que los laterales incorporan tejido CYCLON, que favorecen la transpirabilidad. Los pu\u00f1os de goma espuma ofrecen una sujeci\u00f3n suave. El cuello cuenta con una pieza interior tipo SCUBA para un ajuste m\u00e1s adaptable. Como novedad, dispone de una tira textil de silicona que act\u00faa como colgador.<br \/>\nEn la parte trasera, incluye 3 bolsillos y uno adicional de malla con f\u00e1cil acceso. Tambi\u00e9n incorpora bolsillos extra en los laterales. La cintura tiene un acabado con ribete el\u00e1stico con silicona.<\/p>\n","protected":false},"featured_media":270184,"comment_status":"closed","ping_status":"closed","template":"","meta":{"_acf_changed":false},"product_brand":[],"product_cat":[132,1091,7174],"product_tag":[],"custom_category":[],"range":[],"class_list":{"0":"post-269245","1":"product","2":"type-product","3":"status-publish","4":"has-post-thumbnail","6":"product_cat-ciclismo","7":"product_cat-maillot-ciclismo","8":"product_cat-b2b","9":"pa_climatologia-frio","10":"pa_deporte-ciclismo","11":"pa_genero-hombre","12":"pa_patronaje-fit","13":"pa_talla-s","14":"pa_talla-m","15":"pa_talla-l","16":"pa_talla-xl","17":"pa_talla-xxl","18":"pa_tipo-de-prenda-maillot-manga-larga","20":"first","21":"instock","22":"taxable","23":"shipping-taxable","24":"purchasable","25":"product-type-variable","26":"has-default-attributes"},"acf":[],"yoast_head":"<!-- This site is optimized with the Yoast SEO plugin v27.3 - https:\/\/yoast.com\/product\/yoast-seo-wordpress\/ -->\n<title>Maillot manga larga PURE LEVEL BERRY (HOMBRE) | Inverseteams<\/title>\n<meta name=\"description\" content=\"Maillot ciclismo premium para hombre muy ajustado al cuerpo para mejorar la aerodin\u00e1mica sobre la bicicleta. Con una construcci\u00f3n innovadora que ofrece adaptabilidad y compresi\u00f3n. Ofrece un dise\u00f1o ergon\u00f3mico que aporta mayor confort. El cuerpo delantero, mangas y espalda est\u00e1n confeccionados con tejido t\u00e9rmico SUPERROUBAIX mientras que los laterales incorporan tejido CYCLON, que favorecen la transpirabilidad. Los pu\u00f1os de goma espuma ofrecen una sujeci\u00f3n suave. El cuello cuenta con una pieza interior tipo SCUBA para un ajuste m\u00e1s adaptable. Como novedad, dispone de una tira textil de silicona que act\u00faa como colgador. En la parte trasera, incluye 3 bolsillos y uno adicional de malla con f\u00e1cil acceso. Tambi\u00e9n incorpora bolsillos extra en los laterales. La cintura tiene un acabado con ribete el\u00e1stico con silicona.\" \/>\n<meta name=\"robots\" content=\"index, follow, max-snippet:-1, max-image-preview:large, max-video-preview:-1\" \/>\n<link rel=\"canonical\" href=\"https:\/\/www.inverseteams.com\/es\/producto\/maillot-manga-larga-pure-level-berry-hombre\/\" \/>\n<meta property=\"og:locale\" content=\"es_ES\" \/>\n<meta property=\"og:type\" content=\"article\" \/>\n<meta property=\"og:title\" content=\"Maillot manga larga PURE LEVEL BERRY (HOMBRE) | Inverseteams\" \/>\n<meta property=\"og:description\" content=\"Maillot ciclismo premium para hombre muy ajustado al cuerpo para mejorar la aerodin\u00e1mica sobre la bicicleta. Con una construcci\u00f3n innovadora que ofrece adaptabilidad y compresi\u00f3n. Ofrece un dise\u00f1o ergon\u00f3mico que aporta mayor confort. El cuerpo delantero, mangas y espalda est\u00e1n confeccionados con tejido t\u00e9rmico SUPERROUBAIX mientras que los laterales incorporan tejido CYCLON, que favorecen la transpirabilidad. Los pu\u00f1os de goma espuma ofrecen una sujeci\u00f3n suave. El cuello cuenta con una pieza interior tipo SCUBA para un ajuste m\u00e1s adaptable. Como novedad, dispone de una tira textil de silicona que act\u00faa como colgador. En la parte trasera, incluye 3 bolsillos y uno adicional de malla con f\u00e1cil acceso. Tambi\u00e9n incorpora bolsillos extra en los laterales. La cintura tiene un acabado con ribete el\u00e1stico con silicona.\" \/>\n<meta property=\"og:url\" content=\"https:\/\/www.inverseteams.com\/es\/producto\/maillot-manga-larga-pure-level-berry-hombre\/\" \/>\n<meta property=\"og:site_name\" content=\"Inverseteams\" \/>\n<meta property=\"article:publisher\" content=\"https:\/\/www.facebook.com\/inverseteams\" \/>\n<meta property=\"article:modified_time\" content=\"2026-02-20T10:55:39+00:00\" \/>\n<meta property=\"og:image\" content=\"https:\/\/www.inverseteams.com\/wp-content\/uploads\/INVERSE-MAILLOT-PURE-LEVEL-BERRY-001.jpg\" \/>\n\t<meta property=\"og:image:width\" content=\"1500\" \/>\n\t<meta property=\"og:image:height\" content=\"1612\" \/>\n\t<meta property=\"og:image:type\" content=\"image\/jpeg\" \/>\n<meta name=\"twitter:card\" content=\"summary_large_image\" \/>\n<meta name=\"twitter:label1\" content=\"Tiempo de lectura\" \/>\n\t<meta name=\"twitter:data1\" content=\"1 minuto\" \/>\n<script type=\"application\/ld+json\" class=\"yoast-schema-graph\">{\"@context\":\"https:\\\/\\\/schema.org\",\"@graph\":[{\"@type\":\"WebPage\",\"@id\":\"https:\\\/\\\/www.inverseteams.com\\\/es\\\/producto\\\/maillot-manga-larga-pure-level-berry-hombre\\\/\",\"url\":\"https:\\\/\\\/www.inverseteams.com\\\/es\\\/producto\\\/maillot-manga-larga-pure-level-berry-hombre\\\/\",\"name\":\"Maillot manga larga PURE LEVEL BERRY (HOMBRE) | Inverseteams\",\"isPartOf\":{\"@id\":\"https:\\\/\\\/www.inverseteams.com\\\/es\\\/#website\"},\"primaryImageOfPage\":{\"@id\":\"https:\\\/\\\/www.inverseteams.com\\\/es\\\/producto\\\/maillot-manga-larga-pure-level-berry-hombre\\\/#primaryimage\"},\"image\":{\"@id\":\"https:\\\/\\\/www.inverseteams.com\\\/es\\\/producto\\\/maillot-manga-larga-pure-level-berry-hombre\\\/#primaryimage\"},\"thumbnailUrl\":\"https:\\\/\\\/www.inverseteams.com\\\/wp-content\\\/uploads\\\/INVERSE-MAILLOT-PURE-LEVEL-BERRY-001.jpg\",\"datePublished\":\"2025-10-03T15:11:40+00:00\",\"dateModified\":\"2026-02-20T10:55:39+00:00\",\"description\":\"Maillot ciclismo premium para hombre muy ajustado al cuerpo para mejorar la aerodin\u00e1mica sobre la bicicleta. Con una construcci\u00f3n innovadora que ofrece adaptabilidad y compresi\u00f3n. Ofrece un dise\u00f1o ergon\u00f3mico que aporta mayor confort. El cuerpo delantero, mangas y espalda est\u00e1n confeccionados con tejido t\u00e9rmico SUPERROUBAIX mientras que los laterales incorporan tejido CYCLON, que favorecen la transpirabilidad. Los pu\u00f1os de goma espuma ofrecen una sujeci\u00f3n suave. El cuello cuenta con una pieza interior tipo SCUBA para un ajuste m\u00e1s adaptable. Como novedad, dispone de una tira textil de silicona que act\u00faa como colgador. En la parte trasera, incluye 3 bolsillos y uno adicional de malla con f\u00e1cil acceso. Tambi\u00e9n incorpora bolsillos extra en los laterales. La cintura tiene un acabado con ribete el\u00e1stico con silicona.\",\"breadcrumb\":{\"@id\":\"https:\\\/\\\/www.inverseteams.com\\\/es\\\/producto\\\/maillot-manga-larga-pure-level-berry-hombre\\\/#breadcrumb\"},\"inLanguage\":\"es\",\"potentialAction\":[{\"@type\":\"ReadAction\",\"target\":[\"https:\\\/\\\/www.inverseteams.com\\\/es\\\/producto\\\/maillot-manga-larga-pure-level-berry-hombre\\\/\"]}]},{\"@type\":\"ImageObject\",\"inLanguage\":\"es\",\"@id\":\"https:\\\/\\\/www.inverseteams.com\\\/es\\\/producto\\\/maillot-manga-larga-pure-level-berry-hombre\\\/#primaryimage\",\"url\":\"https:\\\/\\\/www.inverseteams.com\\\/wp-content\\\/uploads\\\/INVERSE-MAILLOT-PURE-LEVEL-BERRY-001.jpg\",\"contentUrl\":\"https:\\\/\\\/www.inverseteams.com\\\/wp-content\\\/uploads\\\/INVERSE-MAILLOT-PURE-LEVEL-BERRY-001.jpg\",\"width\":1500,\"height\":1612,\"caption\":\"maillot ciclismo manga larga morado inverse\"},{\"@type\":\"BreadcrumbList\",\"@id\":\"https:\\\/\\\/www.inverseteams.com\\\/es\\\/producto\\\/maillot-manga-larga-pure-level-berry-hombre\\\/#breadcrumb\",\"itemListElement\":[{\"@type\":\"ListItem\",\"position\":1,\"name\":\"Portada\",\"item\":\"https:\\\/\\\/www.inverseteams.com\\\/es\\\/\"},{\"@type\":\"ListItem\",\"position\":2,\"name\":\"Tienda\",\"item\":\"https:\\\/\\\/www.inverseteams.com\\\/es\\\/tienda\\\/\"},{\"@type\":\"ListItem\",\"position\":3,\"name\":\"Maillot manga larga PURE LEVEL BERRY (HOMBRE)\"}]},{\"@type\":\"WebSite\",\"@id\":\"https:\\\/\\\/www.inverseteams.com\\\/es\\\/#website\",\"url\":\"https:\\\/\\\/www.inverseteams.com\\\/es\\\/\",\"name\":\"Inverseteams\",\"description\":\"Tu marca de ropa deportiva personalizada\",\"publisher\":{\"@id\":\"https:\\\/\\\/www.inverseteams.com\\\/es\\\/#organization\"},\"potentialAction\":[{\"@type\":\"SearchAction\",\"target\":{\"@type\":\"EntryPoint\",\"urlTemplate\":\"https:\\\/\\\/www.inverseteams.com\\\/es\\\/?s={search_term_string}\"},\"query-input\":{\"@type\":\"PropertyValueSpecification\",\"valueRequired\":true,\"valueName\":\"search_term_string\"}}],\"inLanguage\":\"es\"},{\"@type\":\"Organization\",\"@id\":\"https:\\\/\\\/www.inverseteams.com\\\/es\\\/#organization\",\"name\":\"Inverse Teams\",\"url\":\"https:\\\/\\\/www.inverseteams.com\\\/es\\\/\",\"logo\":{\"@type\":\"ImageObject\",\"inLanguage\":\"es\",\"@id\":\"https:\\\/\\\/www.inverseteams.com\\\/es\\\/#\\\/schema\\\/logo\\\/image\\\/\",\"url\":\"http:\\\/\\\/www.inverseteams.com\\\/wp-content\\\/uploads\\\/2021\\\/03\\\/logo-inverse-teams.png\",\"contentUrl\":\"http:\\\/\\\/www.inverseteams.com\\\/wp-content\\\/uploads\\\/2021\\\/03\\\/logo-inverse-teams.png\",\"width\":294,\"height\":99,\"caption\":\"Inverse Teams\"},\"image\":{\"@id\":\"https:\\\/\\\/www.inverseteams.com\\\/es\\\/#\\\/schema\\\/logo\\\/image\\\/\"},\"sameAs\":[\"https:\\\/\\\/www.facebook.com\\\/inverseteams\",\"http:\\\/\\\/instagram.com\\\/inverseteams\",\"https:\\\/\\\/www.linkedin.com\\\/company\\\/inverse-cirosport-s-l-?trk=job_view_topcard_company_name\",\"http:\\\/\\\/www.pinterest.com\\\/inverseteams\\\/\",\"http:\\\/\\\/www.youtube.com\\\/user\\\/inverseteams?feature=watch\"]}]}<\/script>\n<!-- \/ Yoast SEO plugin. -->","yoast_head_json":{"title":"Maillot manga larga PURE LEVEL BERRY (HOMBRE) | Inverseteams","description":"Maillot ciclismo premium para hombre muy ajustado al cuerpo para mejorar la aerodin\u00e1mica sobre la bicicleta. Con una construcci\u00f3n innovadora que ofrece adaptabilidad y compresi\u00f3n. Ofrece un dise\u00f1o ergon\u00f3mico que aporta mayor confort. El cuerpo delantero, mangas y espalda est\u00e1n confeccionados con tejido t\u00e9rmico SUPERROUBAIX mientras que los laterales incorporan tejido CYCLON, que favorecen la transpirabilidad. Los pu\u00f1os de goma espuma ofrecen una sujeci\u00f3n suave. El cuello cuenta con una pieza interior tipo SCUBA para un ajuste m\u00e1s adaptable. Como novedad, dispone de una tira textil de silicona que act\u00faa como colgador. En la parte trasera, incluye 3 bolsillos y uno adicional de malla con f\u00e1cil acceso. Tambi\u00e9n incorpora bolsillos extra en los laterales. La cintura tiene un acabado con ribete el\u00e1stico con silicona.","robots":{"index":"index","follow":"follow","max-snippet":"max-snippet:-1","max-image-preview":"max-image-preview:large","max-video-preview":"max-video-preview:-1"},"canonical":"https:\/\/www.inverseteams.com\/es\/producto\/maillot-manga-larga-pure-level-berry-hombre\/","og_locale":"es_ES","og_type":"article","og_title":"Maillot manga larga PURE LEVEL BERRY (HOMBRE) | Inverseteams","og_description":"Maillot ciclismo premium para hombre muy ajustado al cuerpo para mejorar la aerodin\u00e1mica sobre la bicicleta. Con una construcci\u00f3n innovadora que ofrece adaptabilidad y compresi\u00f3n. Ofrece un dise\u00f1o ergon\u00f3mico que aporta mayor confort. El cuerpo delantero, mangas y espalda est\u00e1n confeccionados con tejido t\u00e9rmico SUPERROUBAIX mientras que los laterales incorporan tejido CYCLON, que favorecen la transpirabilidad. Los pu\u00f1os de goma espuma ofrecen una sujeci\u00f3n suave. El cuello cuenta con una pieza interior tipo SCUBA para un ajuste m\u00e1s adaptable. Como novedad, dispone de una tira textil de silicona que act\u00faa como colgador. En la parte trasera, incluye 3 bolsillos y uno adicional de malla con f\u00e1cil acceso. Tambi\u00e9n incorpora bolsillos extra en los laterales. La cintura tiene un acabado con ribete el\u00e1stico con silicona.","og_url":"https:\/\/www.inverseteams.com\/es\/producto\/maillot-manga-larga-pure-level-berry-hombre\/","og_site_name":"Inverseteams","article_publisher":"https:\/\/www.facebook.com\/inverseteams","article_modified_time":"2026-02-20T10:55:39+00:00","og_image":[{"width":1500,"height":1612,"url":"https:\/\/www.inverseteams.com\/wp-content\/uploads\/INVERSE-MAILLOT-PURE-LEVEL-BERRY-001.jpg","type":"image\/jpeg"}],"twitter_card":"summary_large_image","twitter_misc":{"Tiempo de lectura":"1 minuto"},"schema":{"@context":"https:\/\/schema.org","@graph":[{"@type":"WebPage","@id":"https:\/\/www.inverseteams.com\/es\/producto\/maillot-manga-larga-pure-level-berry-hombre\/","url":"https:\/\/www.inverseteams.com\/es\/producto\/maillot-manga-larga-pure-level-berry-hombre\/","name":"Maillot manga larga PURE LEVEL BERRY (HOMBRE) | Inverseteams","isPartOf":{"@id":"https:\/\/www.inverseteams.com\/es\/#website"},"primaryImageOfPage":{"@id":"https:\/\/www.inverseteams.com\/es\/producto\/maillot-manga-larga-pure-level-berry-hombre\/#primaryimage"},"image":{"@id":"https:\/\/www.inverseteams.com\/es\/producto\/maillot-manga-larga-pure-level-berry-hombre\/#primaryimage"},"thumbnailUrl":"https:\/\/www.inverseteams.com\/wp-content\/uploads\/INVERSE-MAILLOT-PURE-LEVEL-BERRY-001.jpg","datePublished":"2025-10-03T15:11:40+00:00","dateModified":"2026-02-20T10:55:39+00:00","description":"Maillot ciclismo premium para hombre muy ajustado al cuerpo para mejorar la aerodin\u00e1mica sobre la bicicleta. Con una construcci\u00f3n innovadora que ofrece adaptabilidad y compresi\u00f3n. Ofrece un dise\u00f1o ergon\u00f3mico que aporta mayor confort. El cuerpo delantero, mangas y espalda est\u00e1n confeccionados con tejido t\u00e9rmico SUPERROUBAIX mientras que los laterales incorporan tejido CYCLON, que favorecen la transpirabilidad. Los pu\u00f1os de goma espuma ofrecen una sujeci\u00f3n suave. El cuello cuenta con una pieza interior tipo SCUBA para un ajuste m\u00e1s adaptable. Como novedad, dispone de una tira textil de silicona que act\u00faa como colgador. En la parte trasera, incluye 3 bolsillos y uno adicional de malla con f\u00e1cil acceso. Tambi\u00e9n incorpora bolsillos extra en los laterales. La cintura tiene un acabado con ribete el\u00e1stico con silicona.","breadcrumb":{"@id":"https:\/\/www.inverseteams.com\/es\/producto\/maillot-manga-larga-pure-level-berry-hombre\/#breadcrumb"},"inLanguage":"es","potentialAction":[{"@type":"ReadAction","target":["https:\/\/www.inverseteams.com\/es\/producto\/maillot-manga-larga-pure-level-berry-hombre\/"]}]},{"@type":"ImageObject","inLanguage":"es","@id":"https:\/\/www.inverseteams.com\/es\/producto\/maillot-manga-larga-pure-level-berry-hombre\/#primaryimage","url":"https:\/\/www.inverseteams.com\/wp-content\/uploads\/INVERSE-MAILLOT-PURE-LEVEL-BERRY-001.jpg","contentUrl":"https:\/\/www.inverseteams.com\/wp-content\/uploads\/INVERSE-MAILLOT-PURE-LEVEL-BERRY-001.jpg","width":1500,"height":1612,"caption":"maillot ciclismo manga larga morado inverse"},{"@type":"BreadcrumbList","@id":"https:\/\/www.inverseteams.com\/es\/producto\/maillot-manga-larga-pure-level-berry-hombre\/#breadcrumb","itemListElement":[{"@type":"ListItem","position":1,"name":"Portada","item":"https:\/\/www.inverseteams.com\/es\/"},{"@type":"ListItem","position":2,"name":"Tienda","item":"https:\/\/www.inverseteams.com\/es\/tienda\/"},{"@type":"ListItem","position":3,"name":"Maillot manga larga PURE LEVEL BERRY (HOMBRE)"}]},{"@type":"WebSite","@id":"https:\/\/www.inverseteams.com\/es\/#website","url":"https:\/\/www.inverseteams.com\/es\/","name":"Inverseteams","description":"Tu marca de ropa deportiva personalizada","publisher":{"@id":"https:\/\/www.inverseteams.com\/es\/#organization"},"potentialAction":[{"@type":"SearchAction","target":{"@type":"EntryPoint","urlTemplate":"https:\/\/www.inverseteams.com\/es\/?s={search_term_string}"},"query-input":{"@type":"PropertyValueSpecification","valueRequired":true,"valueName":"search_term_string"}}],"inLanguage":"es"},{"@type":"Organization","@id":"https:\/\/www.inverseteams.com\/es\/#organization","name":"Inverse Teams","url":"https:\/\/www.inverseteams.com\/es\/","logo":{"@type":"ImageObject","inLanguage":"es","@id":"https:\/\/www.inverseteams.com\/es\/#\/schema\/logo\/image\/","url":"https:\/\/www.inverseteams.com\/wp-content\/uploads\/2021\/03\/logo-inverse-teams.png","contentUrl":"https:\/\/www.inverseteams.com\/wp-content\/uploads\/2021\/03\/logo-inverse-teams.png","width":294,"height":99,"caption":"Inverse Teams"},"image":{"@id":"https:\/\/www.inverseteams.com\/es\/#\/schema\/logo\/image\/"},"sameAs":["https:\/\/www.facebook.com\/inverseteams","http:\/\/instagram.com\/inverseteams","https:\/\/www.linkedin.com\/company\/inverse-cirosport-s-l-?trk=job_view_topcard_company_name","http:\/\/www.pinterest.com\/inverseteams\/","http:\/\/www.youtube.com\/user\/inverseteams?feature=watch"]}]}},"_links":{"self":[{"href":"https:\/\/www.inverseteams.com\/es\/wp-json\/wp\/v2\/product\/269245","targetHints":{"allow":["GET"]}}],"collection":[{"href":"https:\/\/www.inverseteams.com\/es\/wp-json\/wp\/v2\/product"}],"about":[{"href":"https:\/\/www.inverseteams.com\/es\/wp-json\/wp\/v2\/types\/product"}],"replies":[{"embeddable":true,"href":"https:\/\/www.inverseteams.com\/es\/wp-json\/wp\/v2\/comments?post=269245"}],"wp:featuredmedia":[{"embeddable":true,"href":"https:\/\/www.inverseteams.com\/es\/wp-json\/wp\/v2\/media\/270184"}],"wp:attachment":[{"href":"https:\/\/www.inverseteams.com\/es\/wp-json\/wp\/v2\/media?parent=269245"}],"wp:term":[{"taxonomy":"product_brand","embeddable":true,"href":"https:\/\/www.inverseteams.com\/es\/wp-json\/wp\/v2\/product_brand?post=269245"},{"taxonomy":"product_cat","embeddable":true,"href":"https:\/\/www.inverseteams.com\/es\/wp-json\/wp\/v2\/product_cat?post=269245"},{"taxonomy":"product_tag","embeddable":true,"href":"https:\/\/www.inverseteams.com\/es\/wp-json\/wp\/v2\/product_tag?post=269245"},{"taxonomy":"custom_category","embeddable":true,"href":"https:\/\/www.inverseteams.com\/es\/wp-json\/wp\/v2\/custom_category?post=269245"},{"taxonomy":"range","embeddable":true,"href":"https:\/\/www.inverseteams.com\/es\/wp-json\/wp\/v2\/range?post=269245"}],"curies":[{"name":"wp","href":"https:\/\/api.w.org\/{rel}","templated":true}]}}